{"id":91497,"date":"2023-02-25T16:20:31","date_gmt":"2023-02-25T15:20:31","guid":{"rendered":"https:\/\/swissraft.xyanzkdne.eu\/product\/funyak-kanu-auf-la-reuss-bremgarten-mellingen-ab-chf-79-00\/"},"modified":"2026-04-12T04:43:58","modified_gmt":"2026-04-12T02:43:58","slug":"schulereise-kanu-funyak-reuss-bremgarten-mellingen","status":"publish","type":"product","link":"https:\/\/www.swissraft.ch\/de\/produkt\/schulereise-kanu-funyak-reuss-bremgarten-mellingen\/","title":{"rendered":"Kanu oder Funyak &#8211; Reuss &#8211; Bremgarten-Mellingen &#8211; Ab CHF 79.00"},"content":{"rendered":"\t\t<div data-elementor-type=\"wp-post\" data-elementor-id=\"91497\" class=\"elementor elementor-91497 elementor-31277\">\n\t\t\t\t\t\t\t\t\t<section class=\"elementor-section elementor-top-section elementor-element elementor-element-3303a7e3 elementor-section-boxed elementor-section-height-default elementor-section-height-default\" data-id=\"3303a7e3\" data-element_type=\"section\">\n\t\t\t\t\t\t<div class=\"elementor-container elementor-column-gap-default\">\n\t\t\t\t\t<div class=\"elementor-column elementor-col-100 elementor-top-column elementor-element elementor-element-16d72dbf\" data-id=\"16d72dbf\" data-element_type=\"column\">\n\t\t\t<div class=\"elementor-widget-wrap elementor-element-populated\">\n\t\t\t\t\t\t\t\t<div class=\"elementor-element elementor-element-d743c03 elementor-widget elementor-widget-text-editor\" data-id=\"d743c03\" data-element_type=\"widget\" data-widget_type=\"text-editor.default\">\n\t\t\t\t<div class=\"elementor-widget-container\">\n\t\t\t\t\t\t\t<h2>W\u00c4HLEN SIE UNTEN IHRE AKTIVIT\u00c4T AUS, UM GESCHENKGUTSCHEINE \/ TICKETS ZU VERSCHENKEN ODER ZU BUCHEN<\/h2><table border=\"0\" width=\"580\" cellspacing=\"10\" cellpadding=\"10\"><tbody><tr><td width=\"50%\"><strong>KANU ODER FUNYAK &#8211; REUSS + aperitif (1-12 Pers.)<\/strong><\/td><td><strong><span class=\"productPrice\">CHF 1\u2019360.00 Pauschal<\/span><\/strong><\/td><\/tr><tr><td>Zus\u00e4tzliche Informationen<\/td><td><span class=\"patt\">&#8211; <span class=\"plbl\">Jugendpreis <\/span>: <strong>CHF 79.00<\/strong>\/Pers. bis 17 j\u00e4hrig<br \/>&#8211; Mindestalter : 7 j\u00e4hrig<br \/>&#8211; Schulpreis : <span class=\"patt\" style=\"font-family: inherit; font-size: inherit;\"><span class=\"plbl\"><a href=\"https:\/\/www.swissraft.ch\/de\/kontakt\/\">kontaktieren Sie uns<\/a><\/span><\/span><\/span><\/td><\/tr><tr><td>Strecke<\/td><td><strong>Bremgarten-Mellingen<\/strong><\/td><\/tr><tr><td>Starzeit<\/td><td>10h00<\/td><\/tr><tr><td>Kanu oder Funyak<\/td><td>ca. 2 Std.<\/td><\/tr><tr><td>Gesamtdauer<\/td><td>ca. 3,5 Std.<\/td><\/tr><tr><td>Treffpunkt<\/td><td><span style=\"color: #ff6600;\"><a href=\"https:\/\/www.google.com\/maps\/place\/47%C2%B020'58.8%22N+8%C2%B020'24.2%22E\/@47.3499284,8.3355817,765m\/data=!3m1!1e3!4m4!3m3!8m2!3d47.3496667!4d8.3400556?entry=ttu\" target=\"_blank\" rel=\"noopener\">Bremgarten<\/a><\/span><\/td><\/tr><tr><td>Schwierigkeitsgrad<\/td><td>1<\/td><\/tr><tr><td><a href=\"https:\/\/swissraft.outdoorbooking.ch\/fo\/products\/1969?base_id=91&amp;category_id=9&amp;order_type=gift_voucher&amp;lang=de\" target=\"_blank\" rel=\"noopener\"><button class=\"elementor-button\" type=\"button\">GUTSCHEIN \/ TICKET KAUFEN<\/button><\/a><\/td><td><a href=\"https:\/\/swissraft.outdoorbooking.ch\/fo\/products\/1969?base_id=91&amp;category_id=9&amp;order_type=event&amp;lang=de\" target=\"_blank\" rel=\"noopener\">RESERVIEREN SIE EIN DATUM\u00a0<\/a> <strong>CHF 1&#8217;360.00 (1-12 Pers.)<\/strong><\/td><\/tr><tr><td><a href=\"https:\/\/swissraft.outdoorbooking.ch\/fo\/products\/1970?base_id=91&amp;category_id=9&amp;order_type=gift_voucher&amp;lang=de\" target=\"_blank\" rel=\"noopener\"><button class=\"elementor-button\" type=\"button\">GUTSCHEIN \/ TICKET KAUFEN<\/button><\/a><\/td><td><a href=\"https:\/\/swissraft.outdoorbooking.ch\/fo\/products\/1970?base_id=91&amp;category_id=9&amp;order_type=event&amp;lang=de\" target=\"_blank\" rel=\"noopener\">RESERVIEREN SIE EIN DATUM <\/a>\u00a0<strong>CHF 114.00<\/strong>\/Pers.<strong> (13-20<\/strong> <strong>Pers<\/strong><strong>.)<\/strong><\/td><\/tr><tr><td><a href=\"https:\/\/swissraft.outdoorbooking.ch\/fo\/products\/1971?base_id=91&amp;category_id=9&amp;order_type=gift_voucher&amp;lang=de\" target=\"_blank\" rel=\"noopener\"><button class=\"elementor-button\" type=\"button\">GUTSCHEIN \/ TICKET KAUFEN<\/button><\/a><\/td><td><a href=\"https:\/\/swissraft.outdoorbooking.ch\/fo\/products\/1971?base_id=91&amp;category_id=9&amp;order_type=event&amp;lang=de\" target=\"_blank\" rel=\"noopener\">RESERVIEREN SIE EIN DATUM <\/a>\u00a0<strong>CHF 104.00<\/strong>\/Pers.<strong> (21-30<\/strong> <strong>Pers<\/strong><strong>.)<\/strong><\/td><\/tr><tr><td><a href=\"https:\/\/swissraft.outdoorbooking.ch\/fo\/products\/1115?base_id=91&amp;category_id=9&amp;order_type=gift_voucher&amp;lang=de\" target=\"_blank\" rel=\"noopener\"><button class=\"elementor-button\" type=\"button\">GUTSCHEIN \/ TICKET KAUFEN<\/button><\/a><\/td><td><a href=\"https:\/\/swissraft.outdoorbooking.ch\/fo\/products\/1115?base_id=91&amp;category_id=9&amp;order_type=event&amp;lang=de\" target=\"_blank\" rel=\"noopener\">RESERVIEREN SIE EIN DATUM <\/a>\u00a0<strong>CHF 94.00<\/strong>\/Pers.<strong> (31 <\/strong><strong>Pers<\/strong><strong>. und mehr)<\/strong><\/td><\/tr><\/tbody><\/table>\t\t\t\t\t\t<\/div>\n\t\t\t\t<\/div>\n\t\t\t\t\t<\/div>\n\t\t<\/div>\n\t\t\t\t\t\t\t<\/div>\n\t\t<\/section>\n\t\t\t\t\t\t\t<\/div>\n\t\t","protected":false},"excerpt":{"rendered":"<div align=\"justify\">\n<h2 align=\"justify\">Kanu oder Funyak auf der Reuss zwischen Bremgarten und Mellingen ist eine angenehme Abfahrt.<\/h2>\n<h3>Funyak, auch Ducky an der Reuss genannt, eine sch\u00f6ne Strecke entlang des Flusses<\/h3>\n<\/div>\n<div align=\"justify\">\n<p>Kanufahren, auch Funyak oder Ducky genannt, ist eine spannende Aktivit\u00e4t, die f\u00fcr alle zug\u00e4nglich ist. Au\u00dferdem k\u00f6nnen Sie die Fl\u00fcsse auf spielerische und sichere Weise entdecken. Diese Disziplin bietet eine gro\u00dfe Vielfalt an Routen, die f\u00fcr alle Niveaus und Altersgruppen geeignet sind. So finden Sie immer eine Route, die Ihren Erwartungen entspricht, egal ob Sie Anf\u00e4nger oder Fortgeschrittener sind. Wenn Sie Funyak in einer Gruppe praktizieren, st\u00e4rken Sie die Beziehungen zwischen den Teilnehmern und genie\u00dfen einen Tag im Freien. Dar\u00fcber hinaus ist es eine ideale Aktivit\u00e4t f\u00fcr Familien, Freunde oder Arbeitskollegen.<\/p>\n<h3>Wir bieten verschiedene Kanu, Funyak und Ducky-Routen in der Schweiz an.<\/h3>\n<p id=\"textarea\" style=\"display: none;\">\nEbenfalls auf der Reuss bieten wir die folgenden Strecken an: Mellingen &#8211; Gebenstorf f\u00fcr einen halben Tag und Bremgarten &#8211; Gebenstorf, f\u00fcr einen ganzen Tag. F\u00fcr diejenigen, die die Rhone erkunden m\u00f6chten, ist der Abschnitt zwischen Chippis und St. L\u00e9onard eine gute Wahl. L\u00e9onard ist besonders empfehlenswert. Dieser Teil des Flusses ist ruhig und sicher, geeignet f\u00fcr die J\u00fcngsten und diejenigen, die eine ruhige Fahrt bevorzugen. Aber auch ein ereignisreicherer Abschnitt zwischen Sousten und Siders der Klasse 2-3+. Swissraft bietet auch 3 Kanu-Funyak-Touren in Graub\u00fcnden auf dem Vorderrhein ab Ilanz in der Surselva an. Ob mit Freunden, Familie oder Kollegen, diese Strecken bieten ein unvergessliches Erlebnis in einer au\u00dfergew\u00f6hnlichen nat\u00fcrlichen Umgebung. Au\u00dferdem gibt es am Unterlauf des Rheins nach dem Rheinfall ab Neuhausen zwei Halbtagsstrecken Schaffhausen-Rheinau oder eine Tagesstrecke Schaffhausen-R\u00fcdlingen, die f\u00fcr alle geeignet sind. Swissraft bietet auch im Tessin eine Funyak-Abfahrt zwischen Cresciano und Gorduno auf dem Ticino an. Ob Sie nun ein Familienabenteuer, einen Ausflug mit Freunden oder eine teambildende Aktivit\u00e4t suchen, Kanu, Funyak oder Ducky bieten vielf\u00e4ltige Erlebnisse, die f\u00fcr jeden zug\u00e4nglich sind. Genie\u00dfen Sie die Sch\u00f6nheit der Schweizer Fl\u00fcsse und erleben Sie unvergessliche Momente auf dem Wasser.\n<\/p>\n<p><a id=\"seeMore\" onclick=\"toggleSeeMore()\" href=\"javascript:void(0);\">Lesen Sie mehr<\/a><\/p>\n","protected":false},"featured_media":90421,"comment_status":"open","ping_status":"closed","template":"","meta":{"inline_featured_image":false,"_mi_skip_tracking":false},"product_cat":[268,338],"product_tag":[],"class_list":["post-91497","product","type-product","status-publish","has-post-thumbnail","hentry","product_cat-kanu-funyak-oder-ducky-in-der-schweiz","product_cat-kanu-funyak-reuss"],"yoast_head":"<!-- This site is optimized with the Yoast SEO plugin v23.6 - https:\/\/yoast.com\/wordpress\/plugins\/seo\/ -->\n<title>Kanu Funyak Bremgarten-Mellingen, eine Strecke f\u00fcr Gruppen<\/title>\n<meta name=\"description\" content=\"Kanu Funyak Bremgarten-Mellingen, eine Strecke f\u00fcr Gruppen. Die Reuss flie\u00dft in n\u00f6rdlicher Richtung durch den Kanton Aargau und m\u00fcndet in die Aare.\" \/>\n<meta name=\"robots\" content=\"index, follow, max-snippet:-1, max-image-preview:large, max-video-preview:-1\" \/>\n<link rel=\"canonical\" href=\"https:\/\/www.swissraft.ch\/de\/produkt\/schulereise-kanu-funyak-reuss-bremgarten-mellingen\/\" \/>\n<meta property=\"og:locale\" content=\"de_DE\" \/>\n<meta property=\"og:type\" content=\"article\" \/>\n<meta property=\"og:title\" content=\"Kanu Funyak Bremgarten-Mellingen, eine Strecke f\u00fcr Gruppen\" \/>\n<meta property=\"og:description\" content=\"Kanu Funyak Bremgarten-Mellingen, eine Strecke f\u00fcr Gruppen. Die Reuss flie\u00dft in n\u00f6rdlicher Richtung durch den Kanton Aargau und m\u00fcndet in die Aare.\" \/>\n<meta property=\"og:url\" content=\"https:\/\/www.swissraft.ch\/de\/produkt\/schulereise-kanu-funyak-reuss-bremgarten-mellingen\/\" \/>\n<meta property=\"og:site_name\" content=\"Swissraft\" \/>\n<meta property=\"article:modified_time\" content=\"2026-04-12T02:43:58+00:00\" \/>\n<meta property=\"og:image\" content=\"https:\/\/www.swissraft.ch\/wp-content\/uploads\/2023\/02\/1-1-Easy-Rafting-Bremgarten-Mellingen-776x776-1.png\" \/>\n\t<meta property=\"og:image:width\" content=\"776\" \/>\n\t<meta property=\"og:image:height\" content=\"776\" \/>\n\t<meta property=\"og:image:type\" content=\"image\/png\" \/>\n<meta name=\"twitter:card\" content=\"summary_large_image\" \/>\n<meta name=\"twitter:label1\" content=\"Gesch\u00e4tzte Lesezeit\" \/>\n\t<meta name=\"twitter:data1\" content=\"1\u00a0Minute\" \/>\n<script type=\"application\/ld+json\" class=\"yoast-schema-graph\">{\"@context\":\"https:\/\/schema.org\",\"@graph\":[{\"@type\":\"WebPage\",\"@id\":\"https:\/\/www.swissraft.ch\/de\/produkt\/schulereise-kanu-funyak-reuss-bremgarten-mellingen\/\",\"url\":\"https:\/\/www.swissraft.ch\/de\/produkt\/schulereise-kanu-funyak-reuss-bremgarten-mellingen\/\",\"name\":\"Kanu Funyak Bremgarten-Mellingen, eine Strecke f\u00fcr Gruppen\",\"isPartOf\":{\"@id\":\"https:\/\/www.swissraft.ch\/de\/#website\"},\"primaryImageOfPage\":{\"@id\":\"https:\/\/www.swissraft.ch\/de\/produkt\/schulereise-kanu-funyak-reuss-bremgarten-mellingen\/#primaryimage\"},\"image\":{\"@id\":\"https:\/\/www.swissraft.ch\/de\/produkt\/schulereise-kanu-funyak-reuss-bremgarten-mellingen\/#primaryimage\"},\"thumbnailUrl\":\"https:\/\/www.swissraft.ch\/wp-content\/uploads\/2023\/02\/1-1-Easy-Rafting-Bremgarten-Mellingen-776x776-1.png\",\"datePublished\":\"2023-02-25T15:20:31+00:00\",\"dateModified\":\"2026-04-12T02:43:58+00:00\",\"description\":\"Kanu Funyak Bremgarten-Mellingen, eine Strecke f\u00fcr Gruppen. Die Reuss flie\u00dft in n\u00f6rdlicher Richtung durch den Kanton Aargau und m\u00fcndet in die Aare.\",\"breadcrumb\":{\"@id\":\"https:\/\/www.swissraft.ch\/de\/produkt\/schulereise-kanu-funyak-reuss-bremgarten-mellingen\/#breadcrumb\"},\"inLanguage\":\"de\",\"potentialAction\":[{\"@type\":\"ReadAction\",\"target\":[\"https:\/\/www.swissraft.ch\/de\/produkt\/schulereise-kanu-funyak-reuss-bremgarten-mellingen\/\"]}]},{\"@type\":\"ImageObject\",\"inLanguage\":\"de\",\"@id\":\"https:\/\/www.swissraft.ch\/de\/produkt\/schulereise-kanu-funyak-reuss-bremgarten-mellingen\/#primaryimage\",\"url\":\"https:\/\/www.swissraft.ch\/wp-content\/uploads\/2023\/02\/1-1-Easy-Rafting-Bremgarten-Mellingen-776x776-1.png\",\"contentUrl\":\"https:\/\/www.swissraft.ch\/wp-content\/uploads\/2023\/02\/1-1-Easy-Rafting-Bremgarten-Mellingen-776x776-1.png\",\"width\":776,\"height\":776,\"caption\":\"Kanu Funyak auf der Reuss zwischen Bremgarten und Mellingen\"},{\"@type\":\"BreadcrumbList\",\"@id\":\"https:\/\/www.swissraft.ch\/de\/produkt\/schulereise-kanu-funyak-reuss-bremgarten-mellingen\/#breadcrumb\",\"itemListElement\":[{\"@type\":\"ListItem\",\"position\":1,\"name\":\"Accueil\",\"item\":\"https:\/\/www.swissraft.ch\/de\/\"},{\"@type\":\"ListItem\",\"position\":2,\"name\":\"Shop\",\"item\":\"https:\/\/www.swissraft.ch\/de\/shop\/\"},{\"@type\":\"ListItem\",\"position\":3,\"name\":\"Kanu oder Funyak &#8211; Reuss &#8211; Bremgarten-Mellingen &#8211; Ab CHF 79.00\"}]},{\"@type\":\"WebSite\",\"@id\":\"https:\/\/www.swissraft.ch\/de\/#website\",\"url\":\"https:\/\/www.swissraft.ch\/de\/\",\"name\":\"Swissraft\",\"description\":\"To enjoy nature as it is\",\"publisher\":{\"@id\":\"https:\/\/www.swissraft.ch\/de\/#organization\"},\"potentialAction\":[{\"@type\":\"SearchAction\",\"target\":{\"@type\":\"EntryPoint\",\"urlTemplate\":\"https:\/\/www.swissraft.ch\/de\/?s={search_term_string}\"},\"query-input\":{\"@type\":\"PropertyValueSpecification\",\"valueRequired\":true,\"valueName\":\"search_term_string\"}}],\"inLanguage\":\"de\"},{\"@type\":\"Organization\",\"@id\":\"https:\/\/www.swissraft.ch\/de\/#organization\",\"name\":\"Swissraft\",\"url\":\"https:\/\/www.swissraft.ch\/de\/\",\"logo\":{\"@type\":\"ImageObject\",\"inLanguage\":\"de\",\"@id\":\"https:\/\/www.swissraft.ch\/de\/#\/schema\/logo\/image\/\",\"url\":\"https:\/\/www.swissraft.ch\/wp-content\/uploads\/2025\/09\/Capture.jpg\",\"contentUrl\":\"https:\/\/www.swissraft.ch\/wp-content\/uploads\/2025\/09\/Capture.jpg\",\"width\":293,\"height\":108,\"caption\":\"Swissraft\"},\"image\":{\"@id\":\"https:\/\/www.swissraft.ch\/de\/#\/schema\/logo\/image\/\"}}]}<\/script>\n<!-- \/ Yoast SEO plugin. -->","yoast_head_json":{"title":"Kanu Funyak Bremgarten-Mellingen, eine Strecke f\u00fcr Gruppen","description":"Kanu Funyak Bremgarten-Mellingen, eine Strecke f\u00fcr Gruppen. Die Reuss flie\u00dft in n\u00f6rdlicher Richtung durch den Kanton Aargau und m\u00fcndet in die Aare.","robots":{"index":"index","follow":"follow","max-snippet":"max-snippet:-1","max-image-preview":"max-image-preview:large","max-video-preview":"max-video-preview:-1"},"canonical":"https:\/\/www.swissraft.ch\/de\/produkt\/schulereise-kanu-funyak-reuss-bremgarten-mellingen\/","og_locale":"de_DE","og_type":"article","og_title":"Kanu Funyak Bremgarten-Mellingen, eine Strecke f\u00fcr Gruppen","og_description":"Kanu Funyak Bremgarten-Mellingen, eine Strecke f\u00fcr Gruppen. Die Reuss flie\u00dft in n\u00f6rdlicher Richtung durch den Kanton Aargau und m\u00fcndet in die Aare.","og_url":"https:\/\/www.swissraft.ch\/de\/produkt\/schulereise-kanu-funyak-reuss-bremgarten-mellingen\/","og_site_name":"Swissraft","article_modified_time":"2026-04-12T02:43:58+00:00","og_image":[{"width":776,"height":776,"url":"https:\/\/www.swissraft.ch\/wp-content\/uploads\/2023\/02\/1-1-Easy-Rafting-Bremgarten-Mellingen-776x776-1.png","type":"image\/png"}],"twitter_card":"summary_large_image","twitter_misc":{"Gesch\u00e4tzte Lesezeit":"1\u00a0Minute"},"schema":{"@context":"https:\/\/schema.org","@graph":[{"@type":"WebPage","@id":"https:\/\/www.swissraft.ch\/de\/produkt\/schulereise-kanu-funyak-reuss-bremgarten-mellingen\/","url":"https:\/\/www.swissraft.ch\/de\/produkt\/schulereise-kanu-funyak-reuss-bremgarten-mellingen\/","name":"Kanu Funyak Bremgarten-Mellingen, eine Strecke f\u00fcr Gruppen","isPartOf":{"@id":"https:\/\/www.swissraft.ch\/de\/#website"},"primaryImageOfPage":{"@id":"https:\/\/www.swissraft.ch\/de\/produkt\/schulereise-kanu-funyak-reuss-bremgarten-mellingen\/#primaryimage"},"image":{"@id":"https:\/\/www.swissraft.ch\/de\/produkt\/schulereise-kanu-funyak-reuss-bremgarten-mellingen\/#primaryimage"},"thumbnailUrl":"https:\/\/www.swissraft.ch\/wp-content\/uploads\/2023\/02\/1-1-Easy-Rafting-Bremgarten-Mellingen-776x776-1.png","datePublished":"2023-02-25T15:20:31+00:00","dateModified":"2026-04-12T02:43:58+00:00","description":"Kanu Funyak Bremgarten-Mellingen, eine Strecke f\u00fcr Gruppen. Die Reuss flie\u00dft in n\u00f6rdlicher Richtung durch den Kanton Aargau und m\u00fcndet in die Aare.","breadcrumb":{"@id":"https:\/\/www.swissraft.ch\/de\/produkt\/schulereise-kanu-funyak-reuss-bremgarten-mellingen\/#breadcrumb"},"inLanguage":"de","potentialAction":[{"@type":"ReadAction","target":["https:\/\/www.swissraft.ch\/de\/produkt\/schulereise-kanu-funyak-reuss-bremgarten-mellingen\/"]}]},{"@type":"ImageObject","inLanguage":"de","@id":"https:\/\/www.swissraft.ch\/de\/produkt\/schulereise-kanu-funyak-reuss-bremgarten-mellingen\/#primaryimage","url":"https:\/\/www.swissraft.ch\/wp-content\/uploads\/2023\/02\/1-1-Easy-Rafting-Bremgarten-Mellingen-776x776-1.png","contentUrl":"https:\/\/www.swissraft.ch\/wp-content\/uploads\/2023\/02\/1-1-Easy-Rafting-Bremgarten-Mellingen-776x776-1.png","width":776,"height":776,"caption":"Kanu Funyak auf der Reuss zwischen Bremgarten und Mellingen"},{"@type":"BreadcrumbList","@id":"https:\/\/www.swissraft.ch\/de\/produkt\/schulereise-kanu-funyak-reuss-bremgarten-mellingen\/#breadcrumb","itemListElement":[{"@type":"ListItem","position":1,"name":"Accueil","item":"https:\/\/www.swissraft.ch\/de\/"},{"@type":"ListItem","position":2,"name":"Shop","item":"https:\/\/www.swissraft.ch\/de\/shop\/"},{"@type":"ListItem","position":3,"name":"Kanu oder Funyak &#8211; Reuss &#8211; Bremgarten-Mellingen &#8211; Ab CHF 79.00"}]},{"@type":"WebSite","@id":"https:\/\/www.swissraft.ch\/de\/#website","url":"https:\/\/www.swissraft.ch\/de\/","name":"Swissraft","description":"To enjoy nature as it is","publisher":{"@id":"https:\/\/www.swissraft.ch\/de\/#organization"},"potentialAction":[{"@type":"SearchAction","target":{"@type":"EntryPoint","urlTemplate":"https:\/\/www.swissraft.ch\/de\/?s={search_term_string}"},"query-input":{"@type":"PropertyValueSpecification","valueRequired":true,"valueName":"search_term_string"}}],"inLanguage":"de"},{"@type":"Organization","@id":"https:\/\/www.swissraft.ch\/de\/#organization","name":"Swissraft","url":"https:\/\/www.swissraft.ch\/de\/","logo":{"@type":"ImageObject","inLanguage":"de","@id":"https:\/\/www.swissraft.ch\/de\/#\/schema\/logo\/image\/","url":"https:\/\/www.swissraft.ch\/wp-content\/uploads\/2025\/09\/Capture.jpg","contentUrl":"https:\/\/www.swissraft.ch\/wp-content\/uploads\/2025\/09\/Capture.jpg","width":293,"height":108,"caption":"Swissraft"},"image":{"@id":"https:\/\/www.swissraft.ch\/de\/#\/schema\/logo\/image\/"}}]}},"_links":{"self":[{"href":"https:\/\/www.swissraft.ch\/de\/wp-json\/wp\/v2\/product\/91497","targetHints":{"allow":["GET"]}}],"collection":[{"href":"https:\/\/www.swissraft.ch\/de\/wp-json\/wp\/v2\/product"}],"about":[{"href":"https:\/\/www.swissraft.ch\/de\/wp-json\/wp\/v2\/types\/product"}],"replies":[{"embeddable":true,"href":"https:\/\/www.swissraft.ch\/de\/wp-json\/wp\/v2\/comments?post=91497"}],"version-history":[{"count":44,"href":"https:\/\/www.swissraft.ch\/de\/wp-json\/wp\/v2\/product\/91497\/revisions"}],"predecessor-version":[{"id":139545,"href":"https:\/\/www.swissraft.ch\/de\/wp-json\/wp\/v2\/product\/91497\/revisions\/139545"}],"wp:featuredmedia":[{"embeddable":true,"href":"https:\/\/www.swissraft.ch\/de\/wp-json\/wp\/v2\/media\/90421"}],"wp:attachment":[{"href":"https:\/\/www.swissraft.ch\/de\/wp-json\/wp\/v2\/media?parent=91497"}],"wp:term":[{"taxonomy":"product_cat","embeddable":true,"href":"https:\/\/www.swissraft.ch\/de\/wp-json\/wp\/v2\/product_cat?post=91497"},{"taxonomy":"product_tag","embeddable":true,"href":"https:\/\/www.swissraft.ch\/de\/wp-json\/wp\/v2\/product_tag?post=91497"}],"curies":[{"name":"wp","href":"https:\/\/api.w.org\/{rel}","templated":true}]}}