{"id":91490,"date":"2023-02-23T23:48:32","date_gmt":"2023-02-23T22:48:32","guid":{"rendered":"https:\/\/swissraft.xyanzkdne.eu\/product\/easy-rafting-auf-la-reuss-gisikon-ottenbach-ab-chf-79-00\/"},"modified":"2026-03-02T16:43:10","modified_gmt":"2026-03-02T15:43:10","slug":"easy-rafting-reuss-gisikon-ottenbach","status":"publish","type":"product","link":"https:\/\/www.swissraft.ch\/de\/produkt\/easy-rafting-reuss-gisikon-ottenbach\/","title":{"rendered":"Easy Rafting auf DER REUSS &#8211; GISIKON-OTTENBACH &#8211; Ab CHF 79.00"},"content":{"rendered":"\t\t<div data-elementor-type=\"wp-post\" data-elementor-id=\"91490\" class=\"elementor elementor-91490 elementor-31242\">\n\t\t\t\t\t\t\t\t\t<section class=\"elementor-section elementor-top-section elementor-element elementor-element-3303a7e3 elementor-section-boxed elementor-section-height-default elementor-section-height-default\" data-id=\"3303a7e3\" data-element_type=\"section\">\n\t\t\t\t\t\t<div class=\"elementor-container elementor-column-gap-default\">\n\t\t\t\t\t<div class=\"elementor-column elementor-col-100 elementor-top-column elementor-element elementor-element-16d72dbf\" data-id=\"16d72dbf\" data-element_type=\"column\">\n\t\t\t<div class=\"elementor-widget-wrap elementor-element-populated\">\n\t\t\t\t\t\t\t\t<div class=\"elementor-element elementor-element-d743c03 elementor-widget elementor-widget-text-editor\" data-id=\"d743c03\" data-element_type=\"widget\" data-widget_type=\"text-editor.default\">\n\t\t\t\t<div class=\"elementor-widget-container\">\n\t\t\t\t\t\t\t<h2>W\u00c4HLEN SIE UNTEN IHRE AKTIVIT\u00c4T AUS, UM GESCHENKGUTSCHEINE \/ TICKETS ZU VERSCHENKEN ODER ZU BUCHEN.<\/h2><table border=\"0\" width=\"580\" cellspacing=\"10\" cellpadding=\"10\"><tbody><tr><td width=\"50%\"><strong>EASY RAFTING &#8211; GISIKON-OTTENBACH + Aperitif (1-12 Pers.)<\/strong><\/td><td><strong>CHF 1&#8217;360.00 Pauschalpreis<span class=\"productPrice\"><br \/><\/span><\/strong><\/td><\/tr><tr><td>Weitere Informationen<\/td><td><span class=\"patt\">&#8211; <span class=\"plbl\">Jugendpreis <\/span>: <strong>CHF 79.00\/Pers<\/strong>. bis 17 j\u00e4hrig<br \/>&#8211; Mindestalter : 5 j\u00e4hrig<br \/>&#8211; Schulpreis : <span class=\"patt\" style=\"font-family: inherit; font-size: inherit;\"><span class=\"plbl\"><a href=\"https:\/\/www.swissraft.ch\/de\/kontakt\/\">kontaktieren Sie uns<\/a><\/span><\/span><\/span><\/td><\/tr><tr><td>Strecke<\/td><td><strong>Gisikon-Ottenbach<\/strong><\/td><\/tr><tr><td>Startzeiten<\/td><td>10.00 Uhr \/ 13.30 Uhr<\/td><\/tr><tr><td>Easy rafting<\/td><td>ca. 2 Std.<\/td><\/tr><tr><td>Gesamtdauer<\/td><td>ca. 3,5 Std.<\/td><\/tr><tr><td>Treffpunkt<\/td><td><span style=\"color: #ff6600;\"><a href=\"https:\/\/www.google.com\/maps\/place\/47%C2%B007'30.1%22N+8%C2%B023'49.5%22E\/@47.12513,8.3925557,768m\/data=!3m1!1e3!4m4!3m3!8m2!3d47.1250278!4d8.3970833?entry=ttu\" target=\"_blank\" rel=\"noopener\">Gisikon<\/a><\/span><\/td><\/tr><tr><td>Schwierigkeitsgrad4<\/td><td>Stufe 1<\/td><\/tr><tr><td><button class=\"elementor-button\" type=\"button\"><a href=\"https:\/\/swissraft.outdoorbooking.ch\/fo\/products\/1963?base_id=91&amp;category_id=10&amp;order_type=gift_voucher&amp;lang=de\" target=\"_blank\" rel=\"noopener\">GUTSCHEIN \/ TICKET KAUFEN<\/a><\/button><\/td><td style=\"text-align: left;\"><a href=\"https:\/\/swissraft.outdoorbooking.ch\/fo\/products\/1963?base_id=91&amp;category_id=10&amp;order_type=event&amp;lang=de\" target=\"_blank\" rel=\"noopener\">RESERVIEREN SIE <strong>EIN DATUM<\/strong><\/a><strong> \u00a0CHF 114.00<\/strong>\/pers.<\/td><\/tr><tr><td><button class=\"elementor-button\" type=\"button\"><a href=\"https:\/\/swissraft.outdoorbooking.ch\/fo\/products\/222?base_id=91&amp;category_id=10&amp;order_type=gift_voucher&amp;lang=fr\" target=\"_blank\" rel=\"noopener\">GUTSCHEIN \/ TICKET KAUFEN<\/a><\/button><\/td><td style=\"text-align: left;\"><a href=\"https:\/\/swissraft.outdoorbooking.ch\/fo\/products\/222?base_id=91&amp;category_id=10&amp;order_type=event&amp;lang=de\" target=\"_blank\" rel=\"noopener\">RESERVIEREN SIE EIN DATUM<\/a> \u00a0<strong>CHF 1&#8217;360.00 (1-12 Pers.)<\/strong><\/td><\/tr><tr><td><button class=\"elementor-button\" type=\"button\"><a href=\"https:\/\/swissraft.outdoorbooking.ch\/fo\/products\/1939?base_id=91&amp;category_id=10&amp;order_type=gift_voucher&amp;lang=fr\" target=\"_blank\" rel=\"noopener\">GUTSCHEIN \/ TICKET KAUFEN<\/a><\/button><\/td><td style=\"text-align: left;\"><a href=\"https:\/\/swissraft.outdoorbooking.ch\/fo\/products\/1939?base_id=91&amp;category_id=10&amp;order_type=event&amp;lang=de\" target=\"_blank\" rel=\"noopener\">RESERVIEREN SIE EIN DATUM<\/a> \u00a0<strong>CHF 114.00<\/strong>\/Pers.<strong> (13-20 Pers.)<\/strong><\/td><\/tr><tr><td><button class=\"elementor-button\" type=\"button\"><a href=\"https:\/\/swissraft.outdoorbooking.ch\/fo\/products\/1940?base_id=91&amp;category_id=10&amp;order_type=gift_voucher&amp;lang=fr\" target=\"_blank\" rel=\"noopener\">GUTSCHEIN \/ TICKET KAUFEN<\/a><\/button><\/td><td style=\"text-align: left;\"><a href=\"https:\/\/swissraft.outdoorbooking.ch\/fo\/products\/1940?base_id=91&amp;category_id=10&amp;order_type=event&amp;lang=de\" target=\"_blank\" rel=\"noopener\">RESERVIEREN SIE EIN DATUM<\/a> \u00a0<strong>CHF 104.00<\/strong>\/Pers.<strong> (21-30 Pers.)<\/strong><\/td><\/tr><tr><td><button class=\"elementor-button\" type=\"button\"><a href=\"https:\/\/swissraft.outdoorbooking.ch\/fo\/products\/1941?base_id=91&amp;category_id=10&amp;order_type=gift_voucher&amp;lang=fr\" target=\"_blank\" rel=\"noopener\">GUTSCHEIN \/ TICKET KAUFEN<\/a><\/button><\/td><td style=\"text-align: left;\"><a href=\"https:\/\/swissraft.outdoorbooking.ch\/fo\/products\/1941?base_id=91&amp;category_id=10&amp;order_type=event&amp;lang=de\" target=\"_blank\" rel=\"noopener\">RESERVIEREN SIE EIN DATUM<\/a> \u00a0<strong>CHF 94.00<\/strong>\/Pers.<strong> (31 Pers. und mehr)<\/strong><\/td><\/tr><\/tbody><\/table>\t\t\t\t\t\t<\/div>\n\t\t\t\t<\/div>\n\t\t\t\t\t<\/div>\n\t\t<\/div>\n\t\t\t\t\t\t\t<\/div>\n\t\t<\/section>\n\t\t\t\t<section class=\"elementor-section elementor-top-section elementor-element elementor-element-483a25f elementor-section-boxed elementor-section-height-default elementor-section-height-default\" data-id=\"483a25f\" data-element_type=\"section\">\n\t\t\t\t\t\t<div class=\"elementor-container elementor-column-gap-default\">\n\t\t\t\t\t<div class=\"elementor-column elementor-col-100 elementor-top-column elementor-element elementor-element-eca6109\" data-id=\"eca6109\" data-element_type=\"column\">\n\t\t\t<div class=\"elementor-widget-wrap elementor-element-populated\">\n\t\t\t\t\t\t\t\t<div class=\"elementor-element elementor-element-732e016 elementor-widget elementor-widget-text-editor\" data-id=\"732e016\" data-element_type=\"widget\" data-widget_type=\"text-editor.default\">\n\t\t\t\t<div class=\"elementor-widget-container\">\n\t\t\t\t\t\t\t<h2>W\u00c4HLEN SIE UNTEN IHRE AKTIVIT\u00c4T AUS, UM GESCHENKGUTSCHEINE \/ TICKETS ZU VERSCHENKEN ODER ZU BUCHEN.<\/h2>\n\t\t\t\t\t\t<\/div>\n\t\t\t\t<\/div>\n\t\t\t\t\t<\/div>\n\t\t<\/div>\n\t\t\t\t\t\t\t<\/div>\n\t\t<\/section>\n\t\t\t\t\t\t\t<\/div>\n\t\t","protected":false},"excerpt":{"rendered":"<div align=\"justify\">\n<h2 align=\"justify\">Easy Rafting Gisikon-Ottenbach auf der Reuss, f\u00fcr einen entspannten halben Tag<\/h2>\n<h3>Fun Rafting und Faulenzen auf der Reuss<\/h3>\n<\/div>\n<div align=\"justify\">\n<p><strong>Easy Rafting<\/strong> auf der Reuss im Kanton Luzern von Gisikon bis Ottenbach. Dieser Kurs ist besonders f\u00fcr Personen geeignet, die ruhig durch das Wasser fahren m\u00f6chten, ohne wirklich nass zu werden. In gro\u00dfen <strong>Rafts<\/strong> sitzen Sie auf der Reuss von Gisikon nach Ottenbach und fahren ohne gro\u00dfe Anstrengung.<\/p>\n<h3>Sie k\u00f6nnen auch andere Fun-Rafting-Strecken auf vielen Fl\u00fcssen in der Schweiz w\u00e4hlen.<\/h3>\n<p id=\"textarea\" style=\"display: none;\">\nSwissraft bietet auch f\u00fcnf weitere Strecken auf der Reuss an, wie z.B. Mellingen &#8211; Gebenstorf oder Bremgarten &#8211; Gebenstorf. Aber auch Bremgarten &#8211; Gnadental und Bremgarten &#8211; Mellingen. Sowie immer auf der Reuss ab Gisikon bis Rottenschwil. <strong>Ebenso<\/strong> bieten wir <strong>Easy Rafting<\/strong> auf der Saane im Pays d&#8217;Enhaut an. <strong>Easy Rafting<\/strong> auf der Rh\u00f4ne und Fun Rafting auf der L\u00fctschine in Interlaken im Berner Oberland. Auch Easy Rafting auf der Aare zwischen Thun und Bern. Sowie <strong>Fun-Rafting<\/strong> auf dem Ticino im Tessin und auf dem Inn im Unterengadin. Swissraft bietet auch <strong>Rafting<\/strong> oder Riverrafting an, eine st\u00e4rkere Version des Easy Rafting auf vielen Fl\u00fcssen in der Schweiz und im benachbarten Frankreich.\n<\/p>\n<p><a id=\"seeMore\" onclick=\"toggleSeeMore()\" href=\"javascript:void(0);\">Lesen Sie mehr<\/a><\/p>\n","protected":false},"featured_media":84856,"comment_status":"open","ping_status":"closed","template":"","meta":{"inline_featured_image":false,"_mi_skip_tracking":false},"product_cat":[318,314],"product_tag":[],"class_list":["post-91490","product","type-product","status-publish","has-post-thumbnail","hentry","product_cat-easy-rafting-reuss","product_cat-easy-rafting-in-der-schweiz"],"yoast_head":"<!-- This site is optimized with the Yoast SEO plugin v23.6 - https:\/\/yoast.com\/wordpress\/plugins\/seo\/ -->\n<title>Easy Rafting Gisikon-Ottenbach. In den 2 Kantonen LU und ZU<\/title>\n<meta name=\"description\" content=\"Easy Rafting Gisikon-Ottenbach. Easy Rafting auf der Reuss ist ein sanftes Abenteuer f\u00fcr alle, die Entspannung fernab von Zw\u00e4ngen suchen.\" \/>\n<meta name=\"robots\" content=\"index, follow, max-snippet:-1, max-image-preview:large, max-video-preview:-1\" \/>\n<link rel=\"canonical\" href=\"https:\/\/www.swissraft.ch\/de\/produkt\/easy-rafting-reuss-gisikon-ottenbach\/\" \/>\n<meta property=\"og:locale\" content=\"de_DE\" \/>\n<meta property=\"og:type\" content=\"article\" \/>\n<meta property=\"og:title\" content=\"Easy Rafting Gisikon-Ottenbach. In den 2 Kantonen LU und ZU\" \/>\n<meta property=\"og:description\" content=\"Easy Rafting Gisikon-Ottenbach. Easy Rafting auf der Reuss ist ein sanftes Abenteuer f\u00fcr alle, die Entspannung fernab von Zw\u00e4ngen suchen.\" \/>\n<meta property=\"og:url\" content=\"https:\/\/www.swissraft.ch\/de\/produkt\/easy-rafting-reuss-gisikon-ottenbach\/\" \/>\n<meta property=\"og:site_name\" content=\"Swissraft\" \/>\n<meta property=\"article:modified_time\" content=\"2026-03-02T15:43:10+00:00\" \/>\n<meta property=\"og:image\" content=\"https:\/\/www.swissraft.ch\/wp-content\/uploads\/2023\/02\/1-5-Easy-Rafting-Gisikon-Ottenbach-776x776-1.jpg\" \/>\n\t<meta property=\"og:image:width\" content=\"776\" \/>\n\t<meta property=\"og:image:height\" content=\"776\" \/>\n\t<meta property=\"og:image:type\" content=\"image\/jpeg\" \/>\n<meta name=\"twitter:card\" content=\"summary_large_image\" \/>\n<meta name=\"twitter:label1\" content=\"Gesch\u00e4tzte Lesezeit\" \/>\n\t<meta name=\"twitter:data1\" content=\"1\u00a0Minute\" \/>\n<script type=\"application\/ld+json\" class=\"yoast-schema-graph\">{\"@context\":\"https:\/\/schema.org\",\"@graph\":[{\"@type\":\"WebPage\",\"@id\":\"https:\/\/www.swissraft.ch\/de\/produkt\/easy-rafting-reuss-gisikon-ottenbach\/\",\"url\":\"https:\/\/www.swissraft.ch\/de\/produkt\/easy-rafting-reuss-gisikon-ottenbach\/\",\"name\":\"Easy Rafting Gisikon-Ottenbach. In den 2 Kantonen LU und ZU\",\"isPartOf\":{\"@id\":\"https:\/\/www.swissraft.ch\/de\/#website\"},\"primaryImageOfPage\":{\"@id\":\"https:\/\/www.swissraft.ch\/de\/produkt\/easy-rafting-reuss-gisikon-ottenbach\/#primaryimage\"},\"image\":{\"@id\":\"https:\/\/www.swissraft.ch\/de\/produkt\/easy-rafting-reuss-gisikon-ottenbach\/#primaryimage\"},\"thumbnailUrl\":\"https:\/\/www.swissraft.ch\/wp-content\/uploads\/2023\/02\/1-5-Easy-Rafting-Gisikon-Ottenbach-776x776-1.jpg\",\"datePublished\":\"2023-02-23T22:48:32+00:00\",\"dateModified\":\"2026-03-02T15:43:10+00:00\",\"description\":\"Easy Rafting Gisikon-Ottenbach. Easy Rafting auf der Reuss ist ein sanftes Abenteuer f\u00fcr alle, die Entspannung fernab von Zw\u00e4ngen suchen.\",\"breadcrumb\":{\"@id\":\"https:\/\/www.swissraft.ch\/de\/produkt\/easy-rafting-reuss-gisikon-ottenbach\/#breadcrumb\"},\"inLanguage\":\"de\",\"potentialAction\":[{\"@type\":\"ReadAction\",\"target\":[\"https:\/\/www.swissraft.ch\/de\/produkt\/easy-rafting-reuss-gisikon-ottenbach\/\"]}]},{\"@type\":\"ImageObject\",\"inLanguage\":\"de\",\"@id\":\"https:\/\/www.swissraft.ch\/de\/produkt\/easy-rafting-reuss-gisikon-ottenbach\/#primaryimage\",\"url\":\"https:\/\/www.swissraft.ch\/wp-content\/uploads\/2023\/02\/1-5-Easy-Rafting-Gisikon-Ottenbach-776x776-1.jpg\",\"contentUrl\":\"https:\/\/www.swissraft.ch\/wp-content\/uploads\/2023\/02\/1-5-Easy-Rafting-Gisikon-Ottenbach-776x776-1.jpg\",\"width\":776,\"height\":776,\"caption\":\"Easy Rafting auf der Reuss von Gisikon nach Ottenbach\"},{\"@type\":\"BreadcrumbList\",\"@id\":\"https:\/\/www.swissraft.ch\/de\/produkt\/easy-rafting-reuss-gisikon-ottenbach\/#breadcrumb\",\"itemListElement\":[{\"@type\":\"ListItem\",\"position\":1,\"name\":\"Accueil\",\"item\":\"https:\/\/www.swissraft.ch\/de\/\"},{\"@type\":\"ListItem\",\"position\":2,\"name\":\"Shop\",\"item\":\"https:\/\/www.swissraft.ch\/de\/shop\/\"},{\"@type\":\"ListItem\",\"position\":3,\"name\":\"Easy Rafting auf DER REUSS &#8211; GISIKON-OTTENBACH &#8211; Ab CHF 79.00\"}]},{\"@type\":\"WebSite\",\"@id\":\"https:\/\/www.swissraft.ch\/de\/#website\",\"url\":\"https:\/\/www.swissraft.ch\/de\/\",\"name\":\"Swissraft\",\"description\":\"To enjoy nature as it is\",\"publisher\":{\"@id\":\"https:\/\/www.swissraft.ch\/de\/#organization\"},\"potentialAction\":[{\"@type\":\"SearchAction\",\"target\":{\"@type\":\"EntryPoint\",\"urlTemplate\":\"https:\/\/www.swissraft.ch\/de\/?s={search_term_string}\"},\"query-input\":{\"@type\":\"PropertyValueSpecification\",\"valueRequired\":true,\"valueName\":\"search_term_string\"}}],\"inLanguage\":\"de\"},{\"@type\":\"Organization\",\"@id\":\"https:\/\/www.swissraft.ch\/de\/#organization\",\"name\":\"Swissraft\",\"url\":\"https:\/\/www.swissraft.ch\/de\/\",\"logo\":{\"@type\":\"ImageObject\",\"inLanguage\":\"de\",\"@id\":\"https:\/\/www.swissraft.ch\/de\/#\/schema\/logo\/image\/\",\"url\":\"https:\/\/www.swissraft.ch\/wp-content\/uploads\/2025\/09\/Capture.jpg\",\"contentUrl\":\"https:\/\/www.swissraft.ch\/wp-content\/uploads\/2025\/09\/Capture.jpg\",\"width\":293,\"height\":108,\"caption\":\"Swissraft\"},\"image\":{\"@id\":\"https:\/\/www.swissraft.ch\/de\/#\/schema\/logo\/image\/\"}}]}<\/script>\n<!-- \/ Yoast SEO plugin. -->","yoast_head_json":{"title":"Easy Rafting Gisikon-Ottenbach. In den 2 Kantonen LU und ZU","description":"Easy Rafting Gisikon-Ottenbach. Easy Rafting auf der Reuss ist ein sanftes Abenteuer f\u00fcr alle, die Entspannung fernab von Zw\u00e4ngen suchen.","robots":{"index":"index","follow":"follow","max-snippet":"max-snippet:-1","max-image-preview":"max-image-preview:large","max-video-preview":"max-video-preview:-1"},"canonical":"https:\/\/www.swissraft.ch\/de\/produkt\/easy-rafting-reuss-gisikon-ottenbach\/","og_locale":"de_DE","og_type":"article","og_title":"Easy Rafting Gisikon-Ottenbach. In den 2 Kantonen LU und ZU","og_description":"Easy Rafting Gisikon-Ottenbach. Easy Rafting auf der Reuss ist ein sanftes Abenteuer f\u00fcr alle, die Entspannung fernab von Zw\u00e4ngen suchen.","og_url":"https:\/\/www.swissraft.ch\/de\/produkt\/easy-rafting-reuss-gisikon-ottenbach\/","og_site_name":"Swissraft","article_modified_time":"2026-03-02T15:43:10+00:00","og_image":[{"width":776,"height":776,"url":"https:\/\/www.swissraft.ch\/wp-content\/uploads\/2023\/02\/1-5-Easy-Rafting-Gisikon-Ottenbach-776x776-1.jpg","type":"image\/jpeg"}],"twitter_card":"summary_large_image","twitter_misc":{"Gesch\u00e4tzte Lesezeit":"1\u00a0Minute"},"schema":{"@context":"https:\/\/schema.org","@graph":[{"@type":"WebPage","@id":"https:\/\/www.swissraft.ch\/de\/produkt\/easy-rafting-reuss-gisikon-ottenbach\/","url":"https:\/\/www.swissraft.ch\/de\/produkt\/easy-rafting-reuss-gisikon-ottenbach\/","name":"Easy Rafting Gisikon-Ottenbach. In den 2 Kantonen LU und ZU","isPartOf":{"@id":"https:\/\/www.swissraft.ch\/de\/#website"},"primaryImageOfPage":{"@id":"https:\/\/www.swissraft.ch\/de\/produkt\/easy-rafting-reuss-gisikon-ottenbach\/#primaryimage"},"image":{"@id":"https:\/\/www.swissraft.ch\/de\/produkt\/easy-rafting-reuss-gisikon-ottenbach\/#primaryimage"},"thumbnailUrl":"https:\/\/www.swissraft.ch\/wp-content\/uploads\/2023\/02\/1-5-Easy-Rafting-Gisikon-Ottenbach-776x776-1.jpg","datePublished":"2023-02-23T22:48:32+00:00","dateModified":"2026-03-02T15:43:10+00:00","description":"Easy Rafting Gisikon-Ottenbach. Easy Rafting auf der Reuss ist ein sanftes Abenteuer f\u00fcr alle, die Entspannung fernab von Zw\u00e4ngen suchen.","breadcrumb":{"@id":"https:\/\/www.swissraft.ch\/de\/produkt\/easy-rafting-reuss-gisikon-ottenbach\/#breadcrumb"},"inLanguage":"de","potentialAction":[{"@type":"ReadAction","target":["https:\/\/www.swissraft.ch\/de\/produkt\/easy-rafting-reuss-gisikon-ottenbach\/"]}]},{"@type":"ImageObject","inLanguage":"de","@id":"https:\/\/www.swissraft.ch\/de\/produkt\/easy-rafting-reuss-gisikon-ottenbach\/#primaryimage","url":"https:\/\/www.swissraft.ch\/wp-content\/uploads\/2023\/02\/1-5-Easy-Rafting-Gisikon-Ottenbach-776x776-1.jpg","contentUrl":"https:\/\/www.swissraft.ch\/wp-content\/uploads\/2023\/02\/1-5-Easy-Rafting-Gisikon-Ottenbach-776x776-1.jpg","width":776,"height":776,"caption":"Easy Rafting auf der Reuss von Gisikon nach Ottenbach"},{"@type":"BreadcrumbList","@id":"https:\/\/www.swissraft.ch\/de\/produkt\/easy-rafting-reuss-gisikon-ottenbach\/#breadcrumb","itemListElement":[{"@type":"ListItem","position":1,"name":"Accueil","item":"https:\/\/www.swissraft.ch\/de\/"},{"@type":"ListItem","position":2,"name":"Shop","item":"https:\/\/www.swissraft.ch\/de\/shop\/"},{"@type":"ListItem","position":3,"name":"Easy Rafting auf DER REUSS &#8211; GISIKON-OTTENBACH &#8211; Ab CHF 79.00"}]},{"@type":"WebSite","@id":"https:\/\/www.swissraft.ch\/de\/#website","url":"https:\/\/www.swissraft.ch\/de\/","name":"Swissraft","description":"To enjoy nature as it is","publisher":{"@id":"https:\/\/www.swissraft.ch\/de\/#organization"},"potentialAction":[{"@type":"SearchAction","target":{"@type":"EntryPoint","urlTemplate":"https:\/\/www.swissraft.ch\/de\/?s={search_term_string}"},"query-input":{"@type":"PropertyValueSpecification","valueRequired":true,"valueName":"search_term_string"}}],"inLanguage":"de"},{"@type":"Organization","@id":"https:\/\/www.swissraft.ch\/de\/#organization","name":"Swissraft","url":"https:\/\/www.swissraft.ch\/de\/","logo":{"@type":"ImageObject","inLanguage":"de","@id":"https:\/\/www.swissraft.ch\/de\/#\/schema\/logo\/image\/","url":"https:\/\/www.swissraft.ch\/wp-content\/uploads\/2025\/09\/Capture.jpg","contentUrl":"https:\/\/www.swissraft.ch\/wp-content\/uploads\/2025\/09\/Capture.jpg","width":293,"height":108,"caption":"Swissraft"},"image":{"@id":"https:\/\/www.swissraft.ch\/de\/#\/schema\/logo\/image\/"}}]}},"_links":{"self":[{"href":"https:\/\/www.swissraft.ch\/de\/wp-json\/wp\/v2\/product\/91490","targetHints":{"allow":["GET"]}}],"collection":[{"href":"https:\/\/www.swissraft.ch\/de\/wp-json\/wp\/v2\/product"}],"about":[{"href":"https:\/\/www.swissraft.ch\/de\/wp-json\/wp\/v2\/types\/product"}],"replies":[{"embeddable":true,"href":"https:\/\/www.swissraft.ch\/de\/wp-json\/wp\/v2\/comments?post=91490"}],"version-history":[{"count":17,"href":"https:\/\/www.swissraft.ch\/de\/wp-json\/wp\/v2\/product\/91490\/revisions"}],"predecessor-version":[{"id":131265,"href":"https:\/\/www.swissraft.ch\/de\/wp-json\/wp\/v2\/product\/91490\/revisions\/131265"}],"wp:featuredmedia":[{"embeddable":true,"href":"https:\/\/www.swissraft.ch\/de\/wp-json\/wp\/v2\/media\/84856"}],"wp:attachment":[{"href":"https:\/\/www.swissraft.ch\/de\/wp-json\/wp\/v2\/media?parent=91490"}],"wp:term":[{"taxonomy":"product_cat","embeddable":true,"href":"https:\/\/www.swissraft.ch\/de\/wp-json\/wp\/v2\/product_cat?post=91490"},{"taxonomy":"product_tag","embeddable":true,"href":"https:\/\/www.swissraft.ch\/de\/wp-json\/wp\/v2\/product_tag?post=91490"}],"curies":[{"name":"wp","href":"https:\/\/api.w.org\/{rel}","templated":true}]}}