{"id":91486,"date":"2023-02-23T23:39:51","date_gmt":"2023-02-23T22:39:51","guid":{"rendered":"https:\/\/swissraft.xyanzkdne.eu\/product\/easy-rafting-auf-der-sarine-gstaad-rougemont-ab-chf-85-00\/"},"modified":"2026-04-11T18:15:17","modified_gmt":"2026-04-11T16:15:17","slug":"easy-rafting-saane-gstaad-rougemont","status":"publish","type":"product","link":"https:\/\/www.swissraft.ch\/de\/produkt\/easy-rafting-saane-gstaad-rougemont\/","title":{"rendered":"Easy Rafting oder Fun rafting im Gstaad-saanenland &#8211; Saane &#8211; Gstaad-Rougemont &#8211; Ab CHF 79.00"},"content":{"rendered":"\t\t<div data-elementor-type=\"wp-post\" data-elementor-id=\"91486\" class=\"elementor elementor-91486 elementor-31237\">\n\t\t\t\t\t\t\t\t\t<section class=\"elementor-section elementor-top-section elementor-element elementor-element-3303a7e3 elementor-section-boxed elementor-section-height-default elementor-section-height-default\" data-id=\"3303a7e3\" data-element_type=\"section\">\n\t\t\t\t\t\t<div class=\"elementor-container elementor-column-gap-default\">\n\t\t\t\t\t<div class=\"elementor-column elementor-col-100 elementor-top-column elementor-element elementor-element-16d72dbf\" data-id=\"16d72dbf\" data-element_type=\"column\">\n\t\t\t<div class=\"elementor-widget-wrap elementor-element-populated\">\n\t\t\t\t\t\t\t\t<div class=\"elementor-element elementor-element-d743c03 elementor-widget elementor-widget-text-editor\" data-id=\"d743c03\" data-element_type=\"widget\" data-widget_type=\"text-editor.default\">\n\t\t\t\t<div class=\"elementor-widget-container\">\n\t\t\t\t\t\t\t<h2>W\u00c4HLEN SIE UNTEN IHRE AKTIVIT\u00c4T AUS, UM GESCHENKGUTSCHEINE \/ TICKETS ZU VERSCHENKEN ODER ZU BUCHEN.<\/h2><table border=\"0\" width=\"580\" cellspacing=\"10\" cellpadding=\"10\"><tbody><tr><td width=\"50%\"><p><strong>EASY RAFTING &#8211; SAANE <\/strong><strong>+ Imbiss<\/strong><\/p><\/td><td><strong>CHF 110.00 pro Person<span class=\"productPrice\"><br \/><\/span><\/strong><\/td><\/tr><tr><td>Weitere Informationen<\/td><td>&#8211; <span class=\"plbl\"> Jungendpreis <\/span>: <span class=\"patt\"><strong>CHF 79.00\/Pers<\/strong>. bis 12 j\u00e4hrig<br \/><\/span><span class=\"patt\">&#8211; <span class=\"plbl\"> Ab<\/span> 11 Pers. 10% : <strong>CHF 99.00<\/strong>\/Pers.<br \/>&#8211; Ab 21 Pers. 20% : <strong>CHF 88.00<\/strong>\/ Pers.<br \/>&#8211; Mindestalter : 8 j\u00e4hrig<br \/>&#8211; Keine zus\u00e4tzlichen Rabatte auf Jugend- und Schultarife<br \/><\/span><span class=\"patt\">&#8211; Schulpreis : <span class=\"patt\" style=\"font-family: inherit; font-size: inherit;\"><span class=\"plbl\"><a href=\"\/de\/produit\/schulreise-easy-rafting-saane-saanenland-gstaad-rougemont\/\" target=\"_blank\" rel=\"noopener\">Klicken Sie hier<\/a><\/span><\/span><\/span><\/td><\/tr><tr><td>Strecke<\/td><td><strong>Gstaad-Rougemont<\/strong><\/td><\/tr><tr><td>Startzeiten<\/td><td>10:00 Uhr \/ 14:00 Uhr<\/td><\/tr><tr><td>Easy Rafting oder Fun Rafting<\/td><td>ca. 40 Min.<\/td><\/tr><tr><td>Gesamtdauer<\/td><td>ca. 2 Std.<\/td><\/tr><tr><td>Treffpunkt<\/td><td><span style=\"color: #ff6600;\"><a href=\"https:\/\/www.google.com\/maps\/place\/46%C2%B028'03.8%22N+7%C2%B007'32.8%22E\/@46.4677963,7.1234029,472m\/data=!3m1!1e3!4m4!3m3!8m2!3d46.467715!4d7.125784?entry=ttu&amp;g_ep=EgoyMDI1MDIwNS4wIKXMDSoASAFQAw%3D%3D\" target=\"_blank\" rel=\"noopener\">Campingplatz du berceau<\/a><\/span><\/td><\/tr><tr><td>Schwierigkeitsgrad<\/td><td>1-2<\/td><\/tr><tr><td><button class=\"elementor-button\" type=\"button\"><a href=\"https:\/\/swissraft.outdoorbooking.ch\/fo\/products\/30?base_id=1&amp;category_id=10&amp;order_type=gift_voucher&amp;lang=de\" target=\"_blank\" rel=\"noopener\">GUTSCHEIN \/ TICKET KAUFEN<\/a><\/button><\/td><td style=\"text-align: left;\"><strong><a href=\"https:\/\/swissraft.outdoorbooking.ch\/fo\/products\/30?base_id=1&amp;category_id=10&amp;order_type=event&amp;lang=de\" target=\"_blank\" rel=\"noopener\">RESERVIEREN SIE EIN DATUM<\/a><\/strong><\/td><\/tr><\/tbody><\/table>\t\t\t\t\t\t<\/div>\n\t\t\t\t<\/div>\n\t\t\t\t\t<\/div>\n\t\t<\/div>\n\t\t\t\t\t\t\t<\/div>\n\t\t<\/section>\n\t\t\t\t\t\t\t<\/div>\n\t\t","protected":false},"excerpt":{"rendered":"<div align=\"justify\">\n<h2 align=\"justify\">Easy Rafting auf der Saane zwischen Gstaad und Rougemont oder Abenteuer in aller Sicherheit<\/h2>\n<h3>Easy Rafting auf der Saane, ein Fluss wie kein anderer<\/h3>\n<\/div>\n<div align=\"justify\">\n<p><strong>Easy Rafting<\/strong> auf der Saane im Berner Oberland und im Pays d&#8217;Enhaut. Von Gstaad nach Rougemont ist diese Strecke f\u00fcr alle geeignet, die diese spielerische Aktivit\u00e4t entdecken m\u00f6chten.<\/p>\n<h3>M\u00f6glichkeit, weitere Fun-Rafting-Routen auf verschiedenen Fl\u00fcssen in der Schweiz zu w\u00e4hlen<\/h3>\n<p id=\"textarea\" style=\"display: none;\">Swissraft bietet auch sechs <strong>Easy Rafting<\/strong> Strecken auf der Reuss an: Bremgarten &#8211; Gnadental, Bremgarten &#8211; Mellingen, Mellingen &#8211; Gebenstorf. Ebenso Fun Rafting von Bremgarten &#8211; Gebenstorf und Gisikon &#8211; Ottenbach sowie Gisikon &#8211; Rottenschwil. <strong>Fun Rafting<\/strong> auf der Reuss zwischen Bremgarten und Gnadental. Aber auch Easy Rafting auf der Rhone zwischen Chippis und St. L\u00e9onard. Gleichzeitig bieten wir Easy Rafting auf der Aare zwischen Thun und Bern an. Au\u00dferdem <strong>Easy Rafting<\/strong> auf dem Ticino im Tessin und auf dem Inn im Unterengadin. Auch 2 Easy Rafting Strecken auf dem Rhein zwischen Schaffhausen und Rheinau sowie Schaffhausen und R\u00fcdlingen.\n<\/p>\n<p><a id=\"seeMore\" onclick=\"toggleSeeMore()\" href=\"javascript:void(0);\">Lesen Sie mehr<\/a><\/p>\n","protected":false},"featured_media":84805,"comment_status":"open","ping_status":"closed","template":"","meta":{"inline_featured_image":false,"_mi_skip_tracking":false},"product_cat":[334,336,314],"product_tag":[],"class_list":["post-91486","product","type-product","status-publish","has-post-thumbnail","hentry","product_cat-easy-rafting-berner-oberland","product_cat-easy-rafting-welschland-tessin","product_cat-easy-rafting-in-der-schweiz"],"yoast_head":"<!-- This site is optimized with the Yoast SEO plugin v23.6 - https:\/\/yoast.com\/wordpress\/plugins\/seo\/ -->\n<title>Easy Rafting Gstaad-Rougemont auf der Saane im Pays d&#039;Enhaut<\/title>\n<meta name=\"description\" content=\"Easy Rafting Gstaad-Rougemont auf der Saane. Diese Strecke ist f\u00fcr alle geeignet, die diese lustige Aktivit\u00e4t, das Fun Rafting, entdecken m\u00f6chten.\" \/>\n<meta name=\"robots\" content=\"index, follow, max-snippet:-1, max-image-preview:large, max-video-preview:-1\" \/>\n<link rel=\"canonical\" href=\"https:\/\/www.swissraft.ch\/de\/produkt\/easy-rafting-saane-gstaad-rougemont\/\" \/>\n<meta property=\"og:locale\" content=\"de_DE\" \/>\n<meta property=\"og:type\" content=\"article\" \/>\n<meta property=\"og:title\" content=\"Easy Rafting Gstaad-Rougemont auf der Saane im Pays d&#039;Enhaut\" \/>\n<meta property=\"og:description\" content=\"Easy Rafting Gstaad-Rougemont auf der Saane. Diese Strecke ist f\u00fcr alle geeignet, die diese lustige Aktivit\u00e4t, das Fun Rafting, entdecken m\u00f6chten.\" \/>\n<meta property=\"og:url\" content=\"https:\/\/www.swissraft.ch\/de\/produkt\/easy-rafting-saane-gstaad-rougemont\/\" \/>\n<meta property=\"og:site_name\" content=\"Swissraft\" \/>\n<meta property=\"article:modified_time\" content=\"2026-04-11T16:15:17+00:00\" \/>\n<meta property=\"og:image\" content=\"https:\/\/www.swissraft.ch\/wp-content\/uploads\/2023\/02\/1-1-Saane-776x776-2.jpg\" \/>\n\t<meta property=\"og:image:width\" content=\"776\" \/>\n\t<meta property=\"og:image:height\" content=\"776\" \/>\n\t<meta property=\"og:image:type\" content=\"image\/jpeg\" \/>\n<meta name=\"twitter:card\" content=\"summary_large_image\" \/>\n<meta name=\"twitter:label1\" content=\"Gesch\u00e4tzte Lesezeit\" \/>\n\t<meta name=\"twitter:data1\" content=\"1\u00a0Minute\" \/>\n<script type=\"application\/ld+json\" class=\"yoast-schema-graph\">{\"@context\":\"https:\/\/schema.org\",\"@graph\":[{\"@type\":\"WebPage\",\"@id\":\"https:\/\/www.swissraft.ch\/de\/produkt\/easy-rafting-saane-gstaad-rougemont\/\",\"url\":\"https:\/\/www.swissraft.ch\/de\/produkt\/easy-rafting-saane-gstaad-rougemont\/\",\"name\":\"Easy Rafting Gstaad-Rougemont auf der Saane im Pays d'Enhaut\",\"isPartOf\":{\"@id\":\"https:\/\/www.swissraft.ch\/de\/#website\"},\"primaryImageOfPage\":{\"@id\":\"https:\/\/www.swissraft.ch\/de\/produkt\/easy-rafting-saane-gstaad-rougemont\/#primaryimage\"},\"image\":{\"@id\":\"https:\/\/www.swissraft.ch\/de\/produkt\/easy-rafting-saane-gstaad-rougemont\/#primaryimage\"},\"thumbnailUrl\":\"https:\/\/www.swissraft.ch\/wp-content\/uploads\/2023\/02\/1-1-Saane-776x776-2.jpg\",\"datePublished\":\"2023-02-23T22:39:51+00:00\",\"dateModified\":\"2026-04-11T16:15:17+00:00\",\"description\":\"Easy Rafting Gstaad-Rougemont auf der Saane. Diese Strecke ist f\u00fcr alle geeignet, die diese lustige Aktivit\u00e4t, das Fun Rafting, entdecken m\u00f6chten.\",\"breadcrumb\":{\"@id\":\"https:\/\/www.swissraft.ch\/de\/produkt\/easy-rafting-saane-gstaad-rougemont\/#breadcrumb\"},\"inLanguage\":\"de\",\"potentialAction\":[{\"@type\":\"ReadAction\",\"target\":[\"https:\/\/www.swissraft.ch\/de\/produkt\/easy-rafting-saane-gstaad-rougemont\/\"]}]},{\"@type\":\"ImageObject\",\"inLanguage\":\"de\",\"@id\":\"https:\/\/www.swissraft.ch\/de\/produkt\/easy-rafting-saane-gstaad-rougemont\/#primaryimage\",\"url\":\"https:\/\/www.swissraft.ch\/wp-content\/uploads\/2023\/02\/1-1-Saane-776x776-2.jpg\",\"contentUrl\":\"https:\/\/www.swissraft.ch\/wp-content\/uploads\/2023\/02\/1-1-Saane-776x776-2.jpg\",\"width\":776,\"height\":776,\"caption\":\"Easy Rafting auf der Saane im Pays d'Enhaut von Gstaad nach Rougemont\"},{\"@type\":\"BreadcrumbList\",\"@id\":\"https:\/\/www.swissraft.ch\/de\/produkt\/easy-rafting-saane-gstaad-rougemont\/#breadcrumb\",\"itemListElement\":[{\"@type\":\"ListItem\",\"position\":1,\"name\":\"Accueil\",\"item\":\"https:\/\/www.swissraft.ch\/de\/\"},{\"@type\":\"ListItem\",\"position\":2,\"name\":\"Shop\",\"item\":\"https:\/\/www.swissraft.ch\/de\/shop\/\"},{\"@type\":\"ListItem\",\"position\":3,\"name\":\"Easy Rafting oder Fun rafting im Gstaad-saanenland &#8211; Saane &#8211; Gstaad-Rougemont &#8211; Ab CHF 79.00\"}]},{\"@type\":\"WebSite\",\"@id\":\"https:\/\/www.swissraft.ch\/de\/#website\",\"url\":\"https:\/\/www.swissraft.ch\/de\/\",\"name\":\"Swissraft\",\"description\":\"To enjoy nature as it is\",\"publisher\":{\"@id\":\"https:\/\/www.swissraft.ch\/de\/#organization\"},\"potentialAction\":[{\"@type\":\"SearchAction\",\"target\":{\"@type\":\"EntryPoint\",\"urlTemplate\":\"https:\/\/www.swissraft.ch\/de\/?s={search_term_string}\"},\"query-input\":{\"@type\":\"PropertyValueSpecification\",\"valueRequired\":true,\"valueName\":\"search_term_string\"}}],\"inLanguage\":\"de\"},{\"@type\":\"Organization\",\"@id\":\"https:\/\/www.swissraft.ch\/de\/#organization\",\"name\":\"Swissraft\",\"url\":\"https:\/\/www.swissraft.ch\/de\/\",\"logo\":{\"@type\":\"ImageObject\",\"inLanguage\":\"de\",\"@id\":\"https:\/\/www.swissraft.ch\/de\/#\/schema\/logo\/image\/\",\"url\":\"https:\/\/www.swissraft.ch\/wp-content\/uploads\/2025\/09\/Capture.jpg\",\"contentUrl\":\"https:\/\/www.swissraft.ch\/wp-content\/uploads\/2025\/09\/Capture.jpg\",\"width\":293,\"height\":108,\"caption\":\"Swissraft\"},\"image\":{\"@id\":\"https:\/\/www.swissraft.ch\/de\/#\/schema\/logo\/image\/\"}}]}<\/script>\n<!-- \/ Yoast SEO plugin. -->","yoast_head_json":{"title":"Easy Rafting Gstaad-Rougemont auf der Saane im Pays d'Enhaut","description":"Easy Rafting Gstaad-Rougemont auf der Saane. Diese Strecke ist f\u00fcr alle geeignet, die diese lustige Aktivit\u00e4t, das Fun Rafting, entdecken m\u00f6chten.","robots":{"index":"index","follow":"follow","max-snippet":"max-snippet:-1","max-image-preview":"max-image-preview:large","max-video-preview":"max-video-preview:-1"},"canonical":"https:\/\/www.swissraft.ch\/de\/produkt\/easy-rafting-saane-gstaad-rougemont\/","og_locale":"de_DE","og_type":"article","og_title":"Easy Rafting Gstaad-Rougemont auf der Saane im Pays d'Enhaut","og_description":"Easy Rafting Gstaad-Rougemont auf der Saane. Diese Strecke ist f\u00fcr alle geeignet, die diese lustige Aktivit\u00e4t, das Fun Rafting, entdecken m\u00f6chten.","og_url":"https:\/\/www.swissraft.ch\/de\/produkt\/easy-rafting-saane-gstaad-rougemont\/","og_site_name":"Swissraft","article_modified_time":"2026-04-11T16:15:17+00:00","og_image":[{"width":776,"height":776,"url":"https:\/\/www.swissraft.ch\/wp-content\/uploads\/2023\/02\/1-1-Saane-776x776-2.jpg","type":"image\/jpeg"}],"twitter_card":"summary_large_image","twitter_misc":{"Gesch\u00e4tzte Lesezeit":"1\u00a0Minute"},"schema":{"@context":"https:\/\/schema.org","@graph":[{"@type":"WebPage","@id":"https:\/\/www.swissraft.ch\/de\/produkt\/easy-rafting-saane-gstaad-rougemont\/","url":"https:\/\/www.swissraft.ch\/de\/produkt\/easy-rafting-saane-gstaad-rougemont\/","name":"Easy Rafting Gstaad-Rougemont auf der Saane im Pays d'Enhaut","isPartOf":{"@id":"https:\/\/www.swissraft.ch\/de\/#website"},"primaryImageOfPage":{"@id":"https:\/\/www.swissraft.ch\/de\/produkt\/easy-rafting-saane-gstaad-rougemont\/#primaryimage"},"image":{"@id":"https:\/\/www.swissraft.ch\/de\/produkt\/easy-rafting-saane-gstaad-rougemont\/#primaryimage"},"thumbnailUrl":"https:\/\/www.swissraft.ch\/wp-content\/uploads\/2023\/02\/1-1-Saane-776x776-2.jpg","datePublished":"2023-02-23T22:39:51+00:00","dateModified":"2026-04-11T16:15:17+00:00","description":"Easy Rafting Gstaad-Rougemont auf der Saane. Diese Strecke ist f\u00fcr alle geeignet, die diese lustige Aktivit\u00e4t, das Fun Rafting, entdecken m\u00f6chten.","breadcrumb":{"@id":"https:\/\/www.swissraft.ch\/de\/produkt\/easy-rafting-saane-gstaad-rougemont\/#breadcrumb"},"inLanguage":"de","potentialAction":[{"@type":"ReadAction","target":["https:\/\/www.swissraft.ch\/de\/produkt\/easy-rafting-saane-gstaad-rougemont\/"]}]},{"@type":"ImageObject","inLanguage":"de","@id":"https:\/\/www.swissraft.ch\/de\/produkt\/easy-rafting-saane-gstaad-rougemont\/#primaryimage","url":"https:\/\/www.swissraft.ch\/wp-content\/uploads\/2023\/02\/1-1-Saane-776x776-2.jpg","contentUrl":"https:\/\/www.swissraft.ch\/wp-content\/uploads\/2023\/02\/1-1-Saane-776x776-2.jpg","width":776,"height":776,"caption":"Easy Rafting auf der Saane im Pays d'Enhaut von Gstaad nach Rougemont"},{"@type":"BreadcrumbList","@id":"https:\/\/www.swissraft.ch\/de\/produkt\/easy-rafting-saane-gstaad-rougemont\/#breadcrumb","itemListElement":[{"@type":"ListItem","position":1,"name":"Accueil","item":"https:\/\/www.swissraft.ch\/de\/"},{"@type":"ListItem","position":2,"name":"Shop","item":"https:\/\/www.swissraft.ch\/de\/shop\/"},{"@type":"ListItem","position":3,"name":"Easy Rafting oder Fun rafting im Gstaad-saanenland &#8211; Saane &#8211; Gstaad-Rougemont &#8211; Ab CHF 79.00"}]},{"@type":"WebSite","@id":"https:\/\/www.swissraft.ch\/de\/#website","url":"https:\/\/www.swissraft.ch\/de\/","name":"Swissraft","description":"To enjoy nature as it is","publisher":{"@id":"https:\/\/www.swissraft.ch\/de\/#organization"},"potentialAction":[{"@type":"SearchAction","target":{"@type":"EntryPoint","urlTemplate":"https:\/\/www.swissraft.ch\/de\/?s={search_term_string}"},"query-input":{"@type":"PropertyValueSpecification","valueRequired":true,"valueName":"search_term_string"}}],"inLanguage":"de"},{"@type":"Organization","@id":"https:\/\/www.swissraft.ch\/de\/#organization","name":"Swissraft","url":"https:\/\/www.swissraft.ch\/de\/","logo":{"@type":"ImageObject","inLanguage":"de","@id":"https:\/\/www.swissraft.ch\/de\/#\/schema\/logo\/image\/","url":"https:\/\/www.swissraft.ch\/wp-content\/uploads\/2025\/09\/Capture.jpg","contentUrl":"https:\/\/www.swissraft.ch\/wp-content\/uploads\/2025\/09\/Capture.jpg","width":293,"height":108,"caption":"Swissraft"},"image":{"@id":"https:\/\/www.swissraft.ch\/de\/#\/schema\/logo\/image\/"}}]}},"_links":{"self":[{"href":"https:\/\/www.swissraft.ch\/de\/wp-json\/wp\/v2\/product\/91486","targetHints":{"allow":["GET"]}}],"collection":[{"href":"https:\/\/www.swissraft.ch\/de\/wp-json\/wp\/v2\/product"}],"about":[{"href":"https:\/\/www.swissraft.ch\/de\/wp-json\/wp\/v2\/types\/product"}],"replies":[{"embeddable":true,"href":"https:\/\/www.swissraft.ch\/de\/wp-json\/wp\/v2\/comments?post=91486"}],"version-history":[{"count":54,"href":"https:\/\/www.swissraft.ch\/de\/wp-json\/wp\/v2\/product\/91486\/revisions"}],"predecessor-version":[{"id":139363,"href":"https:\/\/www.swissraft.ch\/de\/wp-json\/wp\/v2\/product\/91486\/revisions\/139363"}],"wp:featuredmedia":[{"embeddable":true,"href":"https:\/\/www.swissraft.ch\/de\/wp-json\/wp\/v2\/media\/84805"}],"wp:attachment":[{"href":"https:\/\/www.swissraft.ch\/de\/wp-json\/wp\/v2\/media?parent=91486"}],"wp:term":[{"taxonomy":"product_cat","embeddable":true,"href":"https:\/\/www.swissraft.ch\/de\/wp-json\/wp\/v2\/product_cat?post=91486"},{"taxonomy":"product_tag","embeddable":true,"href":"https:\/\/www.swissraft.ch\/de\/wp-json\/wp\/v2\/product_tag?post=91486"}],"curies":[{"name":"wp","href":"https:\/\/api.w.org\/{rel}","templated":true}]}}