{"id":91485,"date":"2023-02-22T23:38:17","date_gmt":"2023-02-22T22:38:17","guid":{"rendered":"https:\/\/swissraft.xyanzkdne.eu\/product\/canyoning-in-valais-la-salanfe-ab-chf-112-00\/"},"modified":"2026-04-10T22:13:46","modified_gmt":"2026-04-10T20:13:46","slug":"canyoning-wallis-salanfe","status":"publish","type":"product","link":"https:\/\/www.swissraft.ch\/de\/produkt\/canyoning-wallis-salanfe\/","title":{"rendered":"Canyoning im Wallis &#8211; La Salanfe &#8211; Ab CHF 112.00"},"content":{"rendered":"\t\t<div data-elementor-type=\"wp-post\" data-elementor-id=\"91485\" class=\"elementor elementor-91485 elementor-31206\">\n\t\t\t\t\t\t\t\t\t<section class=\"elementor-section elementor-top-section elementor-element elementor-element-3303a7e3 elementor-section-boxed elementor-section-height-default elementor-section-height-default\" data-id=\"3303a7e3\" data-element_type=\"section\">\n\t\t\t\t\t\t<div class=\"elementor-container elementor-column-gap-default\">\n\t\t\t\t\t<div class=\"elementor-column elementor-col-100 elementor-top-column elementor-element elementor-element-16d72dbf\" data-id=\"16d72dbf\" data-element_type=\"column\">\n\t\t\t<div class=\"elementor-widget-wrap elementor-element-populated\">\n\t\t\t\t\t\t\t\t<div class=\"elementor-element elementor-element-d743c03 elementor-widget elementor-widget-text-editor\" data-id=\"d743c03\" data-element_type=\"widget\" data-widget_type=\"text-editor.default\">\n\t\t\t\t<div class=\"elementor-widget-container\">\n\t\t\t\t\t\t\t<h2>W\u00c4HLEN SIE UNTEN IHRE AKTIVIT\u00c4T AUS, UM GESCHENKGUTSCHEINE \/ TICKETS ZU VERSCHENKEN ODER ZU BUCHEN.<\/h2><table border=\"0\" width=\"580\" cellspacing=\"10\" cellpadding=\"10\"><tbody><tr><td width=\"50%\"><strong>CANYONING &#8211; SALANFE + Imbiss<\/strong><\/td><td><strong>CHF 140.00 pro Person<span class=\"productPrice\"><br \/><\/span><\/strong><\/td><\/tr><tr><td>Zus\u00e4tzliche Informationen<\/td><td><span class=\"plbl\">&#8211; <\/span><span class=\"patt\">Ab 10 Pers. 10% : <strong>CHF 126.00<\/strong>\/Pers.<br \/>&#8211; Ab 21 Pers. 20% : <strong>CHF 112.00<\/strong>\/Pers.<strong><br \/><\/strong>&#8211; Mindestalter : 8 J\u00e4hrig<br \/><\/span><span class=\"patt\">&#8211; Sehr sonniger Canyon<\/span><\/td><\/tr><tr><td>Starzeiten<\/td><td>09.30 Uhr \/ 13.30 Uhr<\/td><\/tr><tr><td>Canyoning<\/td><td>ca. 2 Std.<\/td><\/tr><tr><td>Gesamtdauer<\/td><td>ca. 3,5 Std.<\/td><\/tr><tr><td>Treffpunkt<\/td><td><span style=\"color: #ff6600;\"><a href=\"https:\/\/www.google.com\/maps\/place\/46%C2%B008'25.3%22N+7%C2%B000'51.0%22E\/@46.1403797,7.0115274,497m\/data=!3m1!1e3!4m4!3m3!8m2!3d46.1403611!4d7.0141667?entry=ttu\" target=\"_blank\" rel=\"noopener\">Auberge du Vallon de Van<\/a><\/span><\/td><\/tr><tr><td>Schwierigkeitsgrad<\/td><td>1-2<\/td><\/tr><tr><td><button class=\"elementor-button\" type=\"button\"><a href=\"https:\/\/swissraft.outdoorbooking.ch\/fo\/products\/1339?base_id=82&amp;category_id=2&amp;order_type=gift_voucher&amp;lang=fr\" target=\"_blank\" rel=\"noopener\">GUTSCHEIN \/ TICKET KAUFEN<\/a><\/button><\/td><td><span style=\"color: #ff6600;\"><a href=\"https:\/\/swissraft.outdoorbooking.ch\/fo\/products\/1339?base_id=82&amp;category_id=2&amp;order_type=event&amp;lang=fr\" target=\"_blank\" rel=\"noopener\">RESERVIEREN SIE EIN DATUM<\/a><\/span><\/td><\/tr><\/tbody><\/table>\t\t\t\t\t\t<\/div>\n\t\t\t\t<\/div>\n\t\t\t\t\t<\/div>\n\t\t<\/div>\n\t\t\t\t\t\t\t<\/div>\n\t\t<\/section>\n\t\t\t\t\t\t\t<\/div>\n\t\t","protected":false},"excerpt":{"rendered":"<div align=\"justify\">\n<h2 align=\"justify\">Canyoning in La Salanfe, im Herzen des Mont-Blanc-Gebiets<\/h2>\n<h3>Der Salanfe-Canyon im Trient-Tal<\/h3>\n<\/div>\n<div align=\"justify\">\n<p>Der Canyon de La Salanfe liegt im Trient-Tal im Herzen des Espace Mont Blanc. La Salanfe ist ein spielerischer <strong>Canyon<\/strong>, der sich ideal f\u00fcr einen Ausflug mit Freunden, Familie oder Unternehmen eignet. Auch f\u00fcr einen Junggesellenabschied werden Sie es zu sch\u00e4tzen wissen. Sie haben sch\u00f6ne Spr\u00fcnge, herrliche Rutschen und eine tolle Seilrutsche \u00fcber einen Wasserfall. Sie werden einige Passagen mehrmals wiederholen, da ein Pfad entlang der Strecke verl\u00e4uft. Au\u00dferdem ist La Salanfe sowohl f\u00fcr <strong>Canyoning-Liebhaber<\/strong> als auch f\u00fcr Anf\u00e4nger geeignet.<\/p>\n<h3>Wir haben viele Alternativen zum Salanfe-Canyon in Les Mar\u00e9cottes.<\/h3>\n<p id=\"textarea\" style=\"display: none;\">\nSwissraft bietet auch Canyoning im Pays d&#8217;Enhaut in der Torneresse in Richtung des Col des Mosses an. Auch der Canyon de la Tine de Montbovon in Gruy\u00e8re. Aber auch im Tessin gibt es eine gro\u00dfe Anzahl von <strong>Schluchten<\/strong>, von denen eine sch\u00f6ner als die andere ist. Auch im Wallis gibt es viele Schluchten, die auf Sie warten. Au\u00dferdem bieten wir Canyons im Berner Oberland in der Umgebung von Interlaken an. Dar\u00fcber hinaus hat der Kanton St. Ein Ausflug nach St. Gallen mit dem Amden <strong>Canyon<\/strong> und seinem 40 m langen Abseilen wird Ihnen sehr gut gefallen. Die Viamala-Schlucht mit ihren \u00fcber 150 m hohen W\u00e4nden in der N\u00e4he von Thusis wird Sie begeistern.\n<\/p>\n<p><a id=\"seeMore\" onclick=\"toggleSeeMore()\" href=\"javascript:void(0);\">Lesen Sie mehr<\/a><\/p>\n","protected":false},"featured_media":85306,"comment_status":"open","ping_status":"closed","template":"","meta":{"inline_featured_image":false,"_mi_skip_tracking":false},"product_cat":[335,320],"product_tag":[],"class_list":["post-91485","product","type-product","status-publish","has-post-thumbnail","hentry","product_cat-canyoning-wallis-italien","product_cat-canyoning-in-der-schweiz-und-umgebung"],"yoast_head":"<!-- This site is optimized with the Yoast SEO plugin v23.6 - https:\/\/yoast.com\/wordpress\/plugins\/seo\/ -->\n<title>Canyoning in der Salanfe in Les Mar\u00e9cottes, Vall\u00e9e du Trient<\/title>\n<meta name=\"description\" content=\"Canyoning in der Salanfe in Les Mar\u00e9cottes im Trient-Tal. La Salanfe ist ein spielerischer Canyon und ideal f\u00fcr einen Ausflug mit der Familie oder mit Freunden.\" \/>\n<meta name=\"robots\" content=\"index, follow, max-snippet:-1, max-image-preview:large, max-video-preview:-1\" \/>\n<link rel=\"canonical\" href=\"https:\/\/www.swissraft.ch\/de\/produkt\/canyoning-wallis-salanfe\/\" \/>\n<meta property=\"og:locale\" content=\"de_DE\" \/>\n<meta property=\"og:type\" content=\"article\" \/>\n<meta property=\"og:title\" content=\"Canyoning in der Salanfe in Les Mar\u00e9cottes, Vall\u00e9e du Trient\" \/>\n<meta property=\"og:description\" content=\"Canyoning in der Salanfe in Les Mar\u00e9cottes im Trient-Tal. La Salanfe ist ein spielerischer Canyon und ideal f\u00fcr einen Ausflug mit der Familie oder mit Freunden.\" \/>\n<meta property=\"og:url\" content=\"https:\/\/www.swissraft.ch\/de\/produkt\/canyoning-wallis-salanfe\/\" \/>\n<meta property=\"og:site_name\" content=\"Swissraft\" \/>\n<meta property=\"article:modified_time\" content=\"2026-04-10T20:13:46+00:00\" \/>\n<meta property=\"og:image\" content=\"https:\/\/www.swissraft.ch\/wp-content\/uploads\/2023\/02\/1-Les-Marecottes-776x776-1.jpg\" \/>\n\t<meta property=\"og:image:width\" content=\"776\" \/>\n\t<meta property=\"og:image:height\" content=\"776\" \/>\n\t<meta property=\"og:image:type\" content=\"image\/jpeg\" \/>\n<meta name=\"twitter:card\" content=\"summary_large_image\" \/>\n<meta name=\"twitter:label1\" content=\"Gesch\u00e4tzte Lesezeit\" \/>\n\t<meta name=\"twitter:data1\" content=\"1\u00a0Minute\" \/>\n<script type=\"application\/ld+json\" class=\"yoast-schema-graph\">{\"@context\":\"https:\/\/schema.org\",\"@graph\":[{\"@type\":\"WebPage\",\"@id\":\"https:\/\/www.swissraft.ch\/de\/produkt\/canyoning-wallis-salanfe\/\",\"url\":\"https:\/\/www.swissraft.ch\/de\/produkt\/canyoning-wallis-salanfe\/\",\"name\":\"Canyoning in der Salanfe in Les Mar\u00e9cottes, Vall\u00e9e du Trient\",\"isPartOf\":{\"@id\":\"https:\/\/www.swissraft.ch\/de\/#website\"},\"primaryImageOfPage\":{\"@id\":\"https:\/\/www.swissraft.ch\/de\/produkt\/canyoning-wallis-salanfe\/#primaryimage\"},\"image\":{\"@id\":\"https:\/\/www.swissraft.ch\/de\/produkt\/canyoning-wallis-salanfe\/#primaryimage\"},\"thumbnailUrl\":\"https:\/\/www.swissraft.ch\/wp-content\/uploads\/2023\/02\/1-Les-Marecottes-776x776-1.jpg\",\"datePublished\":\"2023-02-22T22:38:17+00:00\",\"dateModified\":\"2026-04-10T20:13:46+00:00\",\"description\":\"Canyoning in der Salanfe in Les Mar\u00e9cottes im Trient-Tal. La Salanfe ist ein spielerischer Canyon und ideal f\u00fcr einen Ausflug mit der Familie oder mit Freunden.\",\"breadcrumb\":{\"@id\":\"https:\/\/www.swissraft.ch\/de\/produkt\/canyoning-wallis-salanfe\/#breadcrumb\"},\"inLanguage\":\"de\",\"potentialAction\":[{\"@type\":\"ReadAction\",\"target\":[\"https:\/\/www.swissraft.ch\/de\/produkt\/canyoning-wallis-salanfe\/\"]}]},{\"@type\":\"ImageObject\",\"inLanguage\":\"de\",\"@id\":\"https:\/\/www.swissraft.ch\/de\/produkt\/canyoning-wallis-salanfe\/#primaryimage\",\"url\":\"https:\/\/www.swissraft.ch\/wp-content\/uploads\/2023\/02\/1-Les-Marecottes-776x776-1.jpg\",\"contentUrl\":\"https:\/\/www.swissraft.ch\/wp-content\/uploads\/2023\/02\/1-Les-Marecottes-776x776-1.jpg\",\"width\":776,\"height\":776,\"caption\":\"La Salanfe Schlucht\"},{\"@type\":\"BreadcrumbList\",\"@id\":\"https:\/\/www.swissraft.ch\/de\/produkt\/canyoning-wallis-salanfe\/#breadcrumb\",\"itemListElement\":[{\"@type\":\"ListItem\",\"position\":1,\"name\":\"Accueil\",\"item\":\"https:\/\/www.swissraft.ch\/de\/\"},{\"@type\":\"ListItem\",\"position\":2,\"name\":\"Shop\",\"item\":\"https:\/\/www.swissraft.ch\/de\/shop\/\"},{\"@type\":\"ListItem\",\"position\":3,\"name\":\"Canyoning im Wallis &#8211; La Salanfe &#8211; Ab CHF 112.00\"}]},{\"@type\":\"WebSite\",\"@id\":\"https:\/\/www.swissraft.ch\/de\/#website\",\"url\":\"https:\/\/www.swissraft.ch\/de\/\",\"name\":\"Swissraft\",\"description\":\"To enjoy nature as it is\",\"publisher\":{\"@id\":\"https:\/\/www.swissraft.ch\/de\/#organization\"},\"potentialAction\":[{\"@type\":\"SearchAction\",\"target\":{\"@type\":\"EntryPoint\",\"urlTemplate\":\"https:\/\/www.swissraft.ch\/de\/?s={search_term_string}\"},\"query-input\":{\"@type\":\"PropertyValueSpecification\",\"valueRequired\":true,\"valueName\":\"search_term_string\"}}],\"inLanguage\":\"de\"},{\"@type\":\"Organization\",\"@id\":\"https:\/\/www.swissraft.ch\/de\/#organization\",\"name\":\"Swissraft\",\"url\":\"https:\/\/www.swissraft.ch\/de\/\",\"logo\":{\"@type\":\"ImageObject\",\"inLanguage\":\"de\",\"@id\":\"https:\/\/www.swissraft.ch\/de\/#\/schema\/logo\/image\/\",\"url\":\"https:\/\/www.swissraft.ch\/wp-content\/uploads\/2025\/09\/Capture.jpg\",\"contentUrl\":\"https:\/\/www.swissraft.ch\/wp-content\/uploads\/2025\/09\/Capture.jpg\",\"width\":293,\"height\":108,\"caption\":\"Swissraft\"},\"image\":{\"@id\":\"https:\/\/www.swissraft.ch\/de\/#\/schema\/logo\/image\/\"}}]}<\/script>\n<!-- \/ Yoast SEO plugin. -->","yoast_head_json":{"title":"Canyoning in der Salanfe in Les Mar\u00e9cottes, Vall\u00e9e du Trient","description":"Canyoning in der Salanfe in Les Mar\u00e9cottes im Trient-Tal. La Salanfe ist ein spielerischer Canyon und ideal f\u00fcr einen Ausflug mit der Familie oder mit Freunden.","robots":{"index":"index","follow":"follow","max-snippet":"max-snippet:-1","max-image-preview":"max-image-preview:large","max-video-preview":"max-video-preview:-1"},"canonical":"https:\/\/www.swissraft.ch\/de\/produkt\/canyoning-wallis-salanfe\/","og_locale":"de_DE","og_type":"article","og_title":"Canyoning in der Salanfe in Les Mar\u00e9cottes, Vall\u00e9e du Trient","og_description":"Canyoning in der Salanfe in Les Mar\u00e9cottes im Trient-Tal. La Salanfe ist ein spielerischer Canyon und ideal f\u00fcr einen Ausflug mit der Familie oder mit Freunden.","og_url":"https:\/\/www.swissraft.ch\/de\/produkt\/canyoning-wallis-salanfe\/","og_site_name":"Swissraft","article_modified_time":"2026-04-10T20:13:46+00:00","og_image":[{"width":776,"height":776,"url":"https:\/\/www.swissraft.ch\/wp-content\/uploads\/2023\/02\/1-Les-Marecottes-776x776-1.jpg","type":"image\/jpeg"}],"twitter_card":"summary_large_image","twitter_misc":{"Gesch\u00e4tzte Lesezeit":"1\u00a0Minute"},"schema":{"@context":"https:\/\/schema.org","@graph":[{"@type":"WebPage","@id":"https:\/\/www.swissraft.ch\/de\/produkt\/canyoning-wallis-salanfe\/","url":"https:\/\/www.swissraft.ch\/de\/produkt\/canyoning-wallis-salanfe\/","name":"Canyoning in der Salanfe in Les Mar\u00e9cottes, Vall\u00e9e du Trient","isPartOf":{"@id":"https:\/\/www.swissraft.ch\/de\/#website"},"primaryImageOfPage":{"@id":"https:\/\/www.swissraft.ch\/de\/produkt\/canyoning-wallis-salanfe\/#primaryimage"},"image":{"@id":"https:\/\/www.swissraft.ch\/de\/produkt\/canyoning-wallis-salanfe\/#primaryimage"},"thumbnailUrl":"https:\/\/www.swissraft.ch\/wp-content\/uploads\/2023\/02\/1-Les-Marecottes-776x776-1.jpg","datePublished":"2023-02-22T22:38:17+00:00","dateModified":"2026-04-10T20:13:46+00:00","description":"Canyoning in der Salanfe in Les Mar\u00e9cottes im Trient-Tal. La Salanfe ist ein spielerischer Canyon und ideal f\u00fcr einen Ausflug mit der Familie oder mit Freunden.","breadcrumb":{"@id":"https:\/\/www.swissraft.ch\/de\/produkt\/canyoning-wallis-salanfe\/#breadcrumb"},"inLanguage":"de","potentialAction":[{"@type":"ReadAction","target":["https:\/\/www.swissraft.ch\/de\/produkt\/canyoning-wallis-salanfe\/"]}]},{"@type":"ImageObject","inLanguage":"de","@id":"https:\/\/www.swissraft.ch\/de\/produkt\/canyoning-wallis-salanfe\/#primaryimage","url":"https:\/\/www.swissraft.ch\/wp-content\/uploads\/2023\/02\/1-Les-Marecottes-776x776-1.jpg","contentUrl":"https:\/\/www.swissraft.ch\/wp-content\/uploads\/2023\/02\/1-Les-Marecottes-776x776-1.jpg","width":776,"height":776,"caption":"La Salanfe Schlucht"},{"@type":"BreadcrumbList","@id":"https:\/\/www.swissraft.ch\/de\/produkt\/canyoning-wallis-salanfe\/#breadcrumb","itemListElement":[{"@type":"ListItem","position":1,"name":"Accueil","item":"https:\/\/www.swissraft.ch\/de\/"},{"@type":"ListItem","position":2,"name":"Shop","item":"https:\/\/www.swissraft.ch\/de\/shop\/"},{"@type":"ListItem","position":3,"name":"Canyoning im Wallis &#8211; La Salanfe &#8211; Ab CHF 112.00"}]},{"@type":"WebSite","@id":"https:\/\/www.swissraft.ch\/de\/#website","url":"https:\/\/www.swissraft.ch\/de\/","name":"Swissraft","description":"To enjoy nature as it is","publisher":{"@id":"https:\/\/www.swissraft.ch\/de\/#organization"},"potentialAction":[{"@type":"SearchAction","target":{"@type":"EntryPoint","urlTemplate":"https:\/\/www.swissraft.ch\/de\/?s={search_term_string}"},"query-input":{"@type":"PropertyValueSpecification","valueRequired":true,"valueName":"search_term_string"}}],"inLanguage":"de"},{"@type":"Organization","@id":"https:\/\/www.swissraft.ch\/de\/#organization","name":"Swissraft","url":"https:\/\/www.swissraft.ch\/de\/","logo":{"@type":"ImageObject","inLanguage":"de","@id":"https:\/\/www.swissraft.ch\/de\/#\/schema\/logo\/image\/","url":"https:\/\/www.swissraft.ch\/wp-content\/uploads\/2025\/09\/Capture.jpg","contentUrl":"https:\/\/www.swissraft.ch\/wp-content\/uploads\/2025\/09\/Capture.jpg","width":293,"height":108,"caption":"Swissraft"},"image":{"@id":"https:\/\/www.swissraft.ch\/de\/#\/schema\/logo\/image\/"}}]}},"_links":{"self":[{"href":"https:\/\/www.swissraft.ch\/de\/wp-json\/wp\/v2\/product\/91485","targetHints":{"allow":["GET"]}}],"collection":[{"href":"https:\/\/www.swissraft.ch\/de\/wp-json\/wp\/v2\/product"}],"about":[{"href":"https:\/\/www.swissraft.ch\/de\/wp-json\/wp\/v2\/types\/product"}],"replies":[{"embeddable":true,"href":"https:\/\/www.swissraft.ch\/de\/wp-json\/wp\/v2\/comments?post=91485"}],"version-history":[{"count":25,"href":"https:\/\/www.swissraft.ch\/de\/wp-json\/wp\/v2\/product\/91485\/revisions"}],"predecessor-version":[{"id":139048,"href":"https:\/\/www.swissraft.ch\/de\/wp-json\/wp\/v2\/product\/91485\/revisions\/139048"}],"wp:featuredmedia":[{"embeddable":true,"href":"https:\/\/www.swissraft.ch\/de\/wp-json\/wp\/v2\/media\/85306"}],"wp:attachment":[{"href":"https:\/\/www.swissraft.ch\/de\/wp-json\/wp\/v2\/media?parent=91485"}],"wp:term":[{"taxonomy":"product_cat","embeddable":true,"href":"https:\/\/www.swissraft.ch\/de\/wp-json\/wp\/v2\/product_cat?post=91485"},{"taxonomy":"product_tag","embeddable":true,"href":"https:\/\/www.swissraft.ch\/de\/wp-json\/wp\/v2\/product_tag?post=91485"}],"curies":[{"name":"wp","href":"https:\/\/api.w.org\/{rel}","templated":true}]}}