{"id":91478,"date":"2023-02-23T23:07:10","date_gmt":"2023-02-23T22:07:10","guid":{"rendered":"https:\/\/swissraft.xyanzkdne.eu\/product\/easy-rafting-auf-der-aar-thoune-berne-chf-990-00\/"},"modified":"2026-04-11T19:12:44","modified_gmt":"2026-04-11T17:12:44","slug":"easy-rafting-aare-thun-bern","status":"publish","type":"product","link":"https:\/\/www.swissraft.ch\/de\/produkt\/easy-rafting-aare-thun-bern\/","title":{"rendered":"Easy Rafting oder Fun Rafting &#8211; Aare &#8211; Thun-Bern &#8211; CHF 990.00"},"content":{"rendered":"\t\t<div data-elementor-type=\"wp-post\" data-elementor-id=\"91478\" class=\"elementor elementor-91478 elementor-31227\">\n\t\t\t\t\t\t\t\t\t<section class=\"elementor-section elementor-top-section elementor-element elementor-element-3303a7e3 elementor-section-boxed elementor-section-height-default elementor-section-height-default\" data-id=\"3303a7e3\" data-element_type=\"section\">\n\t\t\t\t\t\t<div class=\"elementor-container elementor-column-gap-default\">\n\t\t\t\t\t<div class=\"elementor-column elementor-col-100 elementor-top-column elementor-element elementor-element-16d72dbf\" data-id=\"16d72dbf\" data-element_type=\"column\">\n\t\t\t<div class=\"elementor-widget-wrap elementor-element-populated\">\n\t\t\t\t\t\t\t\t<div class=\"elementor-element elementor-element-d743c03 elementor-widget elementor-widget-text-editor\" data-id=\"d743c03\" data-element_type=\"widget\" data-widget_type=\"text-editor.default\">\n\t\t\t\t<div class=\"elementor-widget-container\">\n\t\t\t\t\t\t\t<h2>W\u00c4HLEN SIE UNTEN IHRE AKTIVIT\u00c4T AUS, UM GESCHENKGUTSCHEINE \/ TICKETS ZU VERSCHENKEN ODER ZU BUCHEN.<\/h2><table border=\"0\" width=\"580\" cellspacing=\"10\" cellpadding=\"10\"><tbody><tr><td width=\"50%\"><strong>1) EASY RAFTING &#8211; AARE (Raft 1-7 Pers.)<\/strong><\/td><td><strong>CHF 490.00 pro Raft<span class=\"productPrice\"><br \/><\/span><\/strong><\/td><\/tr><tr><td>Zus\u00e4tzliche Informationen<\/td><td>&#8211; Privates Rafting<br \/>&#8211; Mindestalter : 5 j\u00e4hrig<\/td><\/tr><tr><td>Strecke<\/td><td><strong>Schw\u00e4bis\/Thun-Bern<\/strong><\/td><\/tr><tr><td>Startzeit<\/td><td>auf Anfrage<\/td><\/tr><tr><td>Easy Rafting oder Fun Rafting<\/td><td>ca. 2,5 Std.<\/td><\/tr><tr><td>Gesamtdauer<\/td><td>ca. 4 Std.<\/td><\/tr><tr><td>Treffpunkt<\/td><td><a href=\"https:\/\/www.google.com\/maps\/place\/Pont+Regie\/@46.7619035,7.61391,773m\/data=!3m1!1e3!4m6!3m5!1s0x478fb3e35ffe1607:0xa025e8f425edc2a9!8m2!3d46.7618578!4d7.6187014!16s%2Fg%2F11q8rw5h0w?entry=ttu\" target=\"_blank\" rel=\"noopener\">Regiebr\u00fccke in Schw\u00e4bis<\/a><\/td><\/tr><tr><td>Schwierigkeitsgrad<\/td><td>1<\/td><\/tr><tr><td><button class=\"elementor-button\" type=\"button\"><a href=\"https:\/\/swissraft.outdoorbooking.ch\/fo\/products\/2158?base_id=89&amp;category_id=10&amp;order_type=gift_voucher&amp;lang=de\" target=\"_blank\" rel=\"noopener\">GUTSCHEIN \/ TICKET KAUFEN<\/a><\/button><\/td><td style=\"text-align: left;\"><a href=\"https:\/\/swissraft.outdoorbooking.ch\/fo\/products\/2158?base_id=89&amp;category_id=5&amp;order_type=event&amp;lang=de\" target=\"_blank\" rel=\"noopener\">RESERVIEREN SIE EIN DATUM<\/a><\/td><\/tr><\/tbody><\/table><table border=\"0\" width=\"580\" cellspacing=\"10\" cellpadding=\"10\"><tbody><tr><td width=\"50%\"><strong><strong>2) EASY RAFTING &#8211; AARE (Raft 8-16 Pers.)<\/strong><\/strong><\/td><td><strong>CHF 990.00 pro Raft<span class=\"productPrice\"><br \/><\/span><\/strong><\/td><\/tr><tr><td>Zus\u00e4tzliche Informationen<\/td><td>&#8211; Privates Rafting<br \/>&#8211; Mindestalter : 5 j\u00e4hrig<br \/>&#8211; Kein zus\u00e4tzlicher Rabatt auf Jugend- und Schulpreise<br \/>&#8211; Schulpreis : <a href=\"\/de\/produkt\/schulreise-berner-oberland-easy-rafting-aar-thun-bern\/\" target=\"_blank\" rel=\"noopener\"><span class=\"patt\"><span class=\"plbl\">Hier klicken<\/span><\/span><\/a><\/td><\/tr><tr><td>Strecke<\/td><td><strong>Schw\u00e4bis\/Thun-Bern<\/strong><\/td><\/tr><tr><td>Startzeit<\/td><td>auf Anfrage<\/td><\/tr><tr><td>Easy Rafting oder Fun Rafting<\/td><td>ca. 2,5 Std.<\/td><\/tr><tr><td>Gesamtdauer<\/td><td>ca. 4 Std.<\/td><\/tr><tr><td>Treffpunkt<\/td><td><a href=\"https:\/\/www.google.com\/maps\/place\/Pont+Regie\/@46.7619035,7.61391,773m\/data=!3m1!1e3!4m6!3m5!1s0x478fb3e35ffe1607:0xa025e8f425edc2a9!8m2!3d46.7618578!4d7.6187014!16s%2Fg%2F11q8rw5h0w?entry=ttu\" target=\"_blank\" rel=\"noopener\">Regiebr\u00fccke in Schw\u00e4bis<\/a><\/td><\/tr><tr><td>Schwierigkeitsgrad<\/td><td>1<\/td><\/tr><tr><td><button class=\"elementor-button\" type=\"button\"><a href=\"https:\/\/swissraft.outdoorbooking.ch\/fo\/products\/2157?base_id=89&amp;category_id=10&amp;order_type=gift_voucher&amp;lang=de\" target=\"_blank\" rel=\"noopener\">GUTSCHEIN \/ TICKET KAUFEN<\/a><\/button><\/td><td style=\"text-align: left;\"><a href=\"https:\/\/swissraft.outdoorbooking.ch\/fo\/products\/2157?base_id=89&amp;category_id=5&amp;order_type=event&amp;lang=de\" target=\"_blank\" rel=\"noopener\">RESERVIEREN SIE EIN DATUM<\/a><\/td><\/tr><\/tbody><\/table>\t\t\t\t\t\t<\/div>\n\t\t\t\t<\/div>\n\t\t\t\t\t<\/div>\n\t\t<\/div>\n\t\t\t\t\t\t\t<\/div>\n\t\t<\/section>\n\t\t\t\t\t\t\t<\/div>\n\t\t","protected":false},"excerpt":{"rendered":"<div align=\"justify\">\n<h2 align=\"justify\"><strong>Easy Rafting<\/strong> auf der Aare; auf dem Programm stehen Ruhe und Entspannung<\/h2>\n<h3>Easy Rafting auf der Aare zwischen Thun und Bern, eine idyllische Landschaft begleitet Sie entlang der gesamten Strecke.<\/h3>\n<\/div>\n<div align=\"justify\">\n<p><strong>Easy Rafting<\/strong> auf der Aare in Thun im Berner Oberland!<br \/>Von Thun bis Bern f\u00fchrt Sie der Fluss mit seinen zahlreichen Windungen gem\u00e4chlich in gro\u00dfen Rafts flussabw\u00e4rts. Jeden Sommer fahren zahlreiche Boote die Aare hinunter \u2013 ein Vergn\u00fcgen f\u00fcr Jung und Alt. Ob mit der Familie, Freunden oder Arbeitskollegen \u2013 dieser Halbtagesausflug auf der Aare wird Sie begeistern. Die Fahrt ist sowohl am Morgen als auch am sp\u00e4ten Nachmittag ein echtes Vergn\u00fcgen.    <\/p>\n<h3>Mehr als ein Dutzend Fun- und Easy-Rafting-Strecken stehen Ihnen zur Verf\u00fcgung.<\/h3>\n<p id=\"textarea\" style=\"display: none;\">\nSwissraft bietet auch f\u00fcnf verschiedene, wundersch\u00f6ne <strong>Easy Rafting<\/strong> Strecken auf der Reuss an: Bremgarten &#8211; Mellingen sowie Mellingen &#8211; Gebenstorf; Bremgarten &#8211; Gebenstorf und Bremgarten &#8211; Gnadental. Au\u00dferdem noch auf der Reuss <strong>das easy Rafting<\/strong> von Gisikon nach Ottenbach in den Kantonen Luzern und Z\u00fcrich. Aber auch <strong>Fun Rafting<\/strong> auf der Saane zwischen Gstaad und Rougemont und Easy Rafting auf der Rhone. Fun Rafting auf der L\u00fctschine zwischen Wilderswil und B\u00f6nigen im Berner Oberland. Auch <strong>Easy Rafting<\/strong> auf dem Ticino im Tessin zwischen Cresciano und Bellinzona und auf dem Inn in Graub\u00fcnden.<br \/>\nSwissraft ist immer auf der Suche nach neuen Abenteuern und l\u00e4dt Sie ein, eine Vielzahl von Riverrafting-Strecken zu entdecken. <strong><a href=\"\/de\/produkt-kategorie\/wassersportzentrum-in-der-schweiz-und-umgebung\/rafting-in-der-schweiz-und-umgebung\/\" target=\"_blank\" rel=\"noopener\">Riverrafting<\/a><\/strong> auf den Fl\u00fcssen der Schweiz und des benachbarten Frankreichs.\n<\/p>\n<p><a id=\"seeMore\" onclick=\"toggleSeeMore()\" href=\"javascript:void(0);\">Lesen Sie mehr<\/a><\/p>\n","protected":false},"featured_media":84934,"comment_status":"open","ping_status":"closed","template":"","meta":{"inline_featured_image":false,"_mi_skip_tracking":false},"product_cat":[334,314],"product_tag":[],"class_list":["post-91478","product","type-product","status-publish","has-post-thumbnail","hentry","product_cat-easy-rafting-berner-oberland","product_cat-easy-rafting-in-der-schweiz"],"yoast_head":"<!-- This site is optimized with the Yoast SEO plugin v23.6 - https:\/\/yoast.com\/wordpress\/plugins\/seo\/ -->\n<title>Easy Rafting auf der Aare oder Fun Rafting zwischen Thun und Bern<\/title>\n<meta name=\"description\" content=\"Easy Rafting auf der Aare von Thun nach Bern. Die smaragdgr\u00fcne Aare mit ihrem gem\u00e4\u00dfigten Wasser l\u00e4dt Sie zu einer sch\u00f6nen Bootsfahrt auf dem Wasser ein.\" \/>\n<meta name=\"robots\" content=\"index, follow, max-snippet:-1, max-image-preview:large, max-video-preview:-1\" \/>\n<link rel=\"canonical\" href=\"https:\/\/www.swissraft.ch\/de\/produkt\/easy-rafting-aare-thun-bern\/\" \/>\n<meta property=\"og:locale\" content=\"de_DE\" \/>\n<meta property=\"og:type\" content=\"article\" \/>\n<meta property=\"og:title\" content=\"Easy Rafting auf der Aare oder Fun Rafting zwischen Thun und Bern\" \/>\n<meta property=\"og:description\" content=\"Easy Rafting auf der Aare von Thun nach Bern. Die smaragdgr\u00fcne Aare mit ihrem gem\u00e4\u00dfigten Wasser l\u00e4dt Sie zu einer sch\u00f6nen Bootsfahrt auf dem Wasser ein.\" \/>\n<meta property=\"og:url\" content=\"https:\/\/www.swissraft.ch\/de\/produkt\/easy-rafting-aare-thun-bern\/\" \/>\n<meta property=\"og:site_name\" content=\"Swissraft\" \/>\n<meta property=\"article:modified_time\" content=\"2026-04-11T17:12:44+00:00\" \/>\n<meta property=\"og:image\" content=\"https:\/\/www.swissraft.ch\/wp-content\/uploads\/2023\/02\/1-1-AARE-776X776.jpg\" \/>\n\t<meta property=\"og:image:width\" content=\"776\" \/>\n\t<meta property=\"og:image:height\" content=\"776\" \/>\n\t<meta property=\"og:image:type\" content=\"image\/jpeg\" \/>\n<meta name=\"twitter:card\" content=\"summary_large_image\" \/>\n<meta name=\"twitter:label1\" content=\"Gesch\u00e4tzte Lesezeit\" \/>\n\t<meta name=\"twitter:data1\" content=\"1\u00a0Minute\" \/>\n<script type=\"application\/ld+json\" class=\"yoast-schema-graph\">{\"@context\":\"https:\/\/schema.org\",\"@graph\":[{\"@type\":\"WebPage\",\"@id\":\"https:\/\/www.swissraft.ch\/de\/produkt\/easy-rafting-aare-thun-bern\/\",\"url\":\"https:\/\/www.swissraft.ch\/de\/produkt\/easy-rafting-aare-thun-bern\/\",\"name\":\"Easy Rafting auf der Aare oder Fun Rafting zwischen Thun und Bern\",\"isPartOf\":{\"@id\":\"https:\/\/www.swissraft.ch\/de\/#website\"},\"primaryImageOfPage\":{\"@id\":\"https:\/\/www.swissraft.ch\/de\/produkt\/easy-rafting-aare-thun-bern\/#primaryimage\"},\"image\":{\"@id\":\"https:\/\/www.swissraft.ch\/de\/produkt\/easy-rafting-aare-thun-bern\/#primaryimage\"},\"thumbnailUrl\":\"https:\/\/www.swissraft.ch\/wp-content\/uploads\/2023\/02\/1-1-AARE-776X776.jpg\",\"datePublished\":\"2023-02-23T22:07:10+00:00\",\"dateModified\":\"2026-04-11T17:12:44+00:00\",\"description\":\"Easy Rafting auf der Aare von Thun nach Bern. Die smaragdgr\u00fcne Aare mit ihrem gem\u00e4\u00dfigten Wasser l\u00e4dt Sie zu einer sch\u00f6nen Bootsfahrt auf dem Wasser ein.\",\"breadcrumb\":{\"@id\":\"https:\/\/www.swissraft.ch\/de\/produkt\/easy-rafting-aare-thun-bern\/#breadcrumb\"},\"inLanguage\":\"de\",\"potentialAction\":[{\"@type\":\"ReadAction\",\"target\":[\"https:\/\/www.swissraft.ch\/de\/produkt\/easy-rafting-aare-thun-bern\/\"]}]},{\"@type\":\"ImageObject\",\"inLanguage\":\"de\",\"@id\":\"https:\/\/www.swissraft.ch\/de\/produkt\/easy-rafting-aare-thun-bern\/#primaryimage\",\"url\":\"https:\/\/www.swissraft.ch\/wp-content\/uploads\/2023\/02\/1-1-AARE-776X776.jpg\",\"contentUrl\":\"https:\/\/www.swissraft.ch\/wp-content\/uploads\/2023\/02\/1-1-AARE-776X776.jpg\",\"width\":776,\"height\":776,\"caption\":\"Easy Rafting auf der Aare von Thun nach Bern\"},{\"@type\":\"BreadcrumbList\",\"@id\":\"https:\/\/www.swissraft.ch\/de\/produkt\/easy-rafting-aare-thun-bern\/#breadcrumb\",\"itemListElement\":[{\"@type\":\"ListItem\",\"position\":1,\"name\":\"Accueil\",\"item\":\"https:\/\/www.swissraft.ch\/de\/\"},{\"@type\":\"ListItem\",\"position\":2,\"name\":\"Shop\",\"item\":\"https:\/\/www.swissraft.ch\/de\/shop\/\"},{\"@type\":\"ListItem\",\"position\":3,\"name\":\"Easy Rafting oder Fun Rafting &#8211; Aare &#8211; Thun-Bern &#8211; CHF 990.00\"}]},{\"@type\":\"WebSite\",\"@id\":\"https:\/\/www.swissraft.ch\/de\/#website\",\"url\":\"https:\/\/www.swissraft.ch\/de\/\",\"name\":\"Swissraft\",\"description\":\"To enjoy nature as it is\",\"publisher\":{\"@id\":\"https:\/\/www.swissraft.ch\/de\/#organization\"},\"potentialAction\":[{\"@type\":\"SearchAction\",\"target\":{\"@type\":\"EntryPoint\",\"urlTemplate\":\"https:\/\/www.swissraft.ch\/de\/?s={search_term_string}\"},\"query-input\":{\"@type\":\"PropertyValueSpecification\",\"valueRequired\":true,\"valueName\":\"search_term_string\"}}],\"inLanguage\":\"de\"},{\"@type\":\"Organization\",\"@id\":\"https:\/\/www.swissraft.ch\/de\/#organization\",\"name\":\"Swissraft\",\"url\":\"https:\/\/www.swissraft.ch\/de\/\",\"logo\":{\"@type\":\"ImageObject\",\"inLanguage\":\"de\",\"@id\":\"https:\/\/www.swissraft.ch\/de\/#\/schema\/logo\/image\/\",\"url\":\"https:\/\/www.swissraft.ch\/wp-content\/uploads\/2025\/09\/Capture.jpg\",\"contentUrl\":\"https:\/\/www.swissraft.ch\/wp-content\/uploads\/2025\/09\/Capture.jpg\",\"width\":293,\"height\":108,\"caption\":\"Swissraft\"},\"image\":{\"@id\":\"https:\/\/www.swissraft.ch\/de\/#\/schema\/logo\/image\/\"}}]}<\/script>\n<!-- \/ Yoast SEO plugin. -->","yoast_head_json":{"title":"Easy Rafting auf der Aare oder Fun Rafting zwischen Thun und Bern","description":"Easy Rafting auf der Aare von Thun nach Bern. Die smaragdgr\u00fcne Aare mit ihrem gem\u00e4\u00dfigten Wasser l\u00e4dt Sie zu einer sch\u00f6nen Bootsfahrt auf dem Wasser ein.","robots":{"index":"index","follow":"follow","max-snippet":"max-snippet:-1","max-image-preview":"max-image-preview:large","max-video-preview":"max-video-preview:-1"},"canonical":"https:\/\/www.swissraft.ch\/de\/produkt\/easy-rafting-aare-thun-bern\/","og_locale":"de_DE","og_type":"article","og_title":"Easy Rafting auf der Aare oder Fun Rafting zwischen Thun und Bern","og_description":"Easy Rafting auf der Aare von Thun nach Bern. Die smaragdgr\u00fcne Aare mit ihrem gem\u00e4\u00dfigten Wasser l\u00e4dt Sie zu einer sch\u00f6nen Bootsfahrt auf dem Wasser ein.","og_url":"https:\/\/www.swissraft.ch\/de\/produkt\/easy-rafting-aare-thun-bern\/","og_site_name":"Swissraft","article_modified_time":"2026-04-11T17:12:44+00:00","og_image":[{"width":776,"height":776,"url":"https:\/\/www.swissraft.ch\/wp-content\/uploads\/2023\/02\/1-1-AARE-776X776.jpg","type":"image\/jpeg"}],"twitter_card":"summary_large_image","twitter_misc":{"Gesch\u00e4tzte Lesezeit":"1\u00a0Minute"},"schema":{"@context":"https:\/\/schema.org","@graph":[{"@type":"WebPage","@id":"https:\/\/www.swissraft.ch\/de\/produkt\/easy-rafting-aare-thun-bern\/","url":"https:\/\/www.swissraft.ch\/de\/produkt\/easy-rafting-aare-thun-bern\/","name":"Easy Rafting auf der Aare oder Fun Rafting zwischen Thun und Bern","isPartOf":{"@id":"https:\/\/www.swissraft.ch\/de\/#website"},"primaryImageOfPage":{"@id":"https:\/\/www.swissraft.ch\/de\/produkt\/easy-rafting-aare-thun-bern\/#primaryimage"},"image":{"@id":"https:\/\/www.swissraft.ch\/de\/produkt\/easy-rafting-aare-thun-bern\/#primaryimage"},"thumbnailUrl":"https:\/\/www.swissraft.ch\/wp-content\/uploads\/2023\/02\/1-1-AARE-776X776.jpg","datePublished":"2023-02-23T22:07:10+00:00","dateModified":"2026-04-11T17:12:44+00:00","description":"Easy Rafting auf der Aare von Thun nach Bern. Die smaragdgr\u00fcne Aare mit ihrem gem\u00e4\u00dfigten Wasser l\u00e4dt Sie zu einer sch\u00f6nen Bootsfahrt auf dem Wasser ein.","breadcrumb":{"@id":"https:\/\/www.swissraft.ch\/de\/produkt\/easy-rafting-aare-thun-bern\/#breadcrumb"},"inLanguage":"de","potentialAction":[{"@type":"ReadAction","target":["https:\/\/www.swissraft.ch\/de\/produkt\/easy-rafting-aare-thun-bern\/"]}]},{"@type":"ImageObject","inLanguage":"de","@id":"https:\/\/www.swissraft.ch\/de\/produkt\/easy-rafting-aare-thun-bern\/#primaryimage","url":"https:\/\/www.swissraft.ch\/wp-content\/uploads\/2023\/02\/1-1-AARE-776X776.jpg","contentUrl":"https:\/\/www.swissraft.ch\/wp-content\/uploads\/2023\/02\/1-1-AARE-776X776.jpg","width":776,"height":776,"caption":"Easy Rafting auf der Aare von Thun nach Bern"},{"@type":"BreadcrumbList","@id":"https:\/\/www.swissraft.ch\/de\/produkt\/easy-rafting-aare-thun-bern\/#breadcrumb","itemListElement":[{"@type":"ListItem","position":1,"name":"Accueil","item":"https:\/\/www.swissraft.ch\/de\/"},{"@type":"ListItem","position":2,"name":"Shop","item":"https:\/\/www.swissraft.ch\/de\/shop\/"},{"@type":"ListItem","position":3,"name":"Easy Rafting oder Fun Rafting &#8211; Aare &#8211; Thun-Bern &#8211; CHF 990.00"}]},{"@type":"WebSite","@id":"https:\/\/www.swissraft.ch\/de\/#website","url":"https:\/\/www.swissraft.ch\/de\/","name":"Swissraft","description":"To enjoy nature as it is","publisher":{"@id":"https:\/\/www.swissraft.ch\/de\/#organization"},"potentialAction":[{"@type":"SearchAction","target":{"@type":"EntryPoint","urlTemplate":"https:\/\/www.swissraft.ch\/de\/?s={search_term_string}"},"query-input":{"@type":"PropertyValueSpecification","valueRequired":true,"valueName":"search_term_string"}}],"inLanguage":"de"},{"@type":"Organization","@id":"https:\/\/www.swissraft.ch\/de\/#organization","name":"Swissraft","url":"https:\/\/www.swissraft.ch\/de\/","logo":{"@type":"ImageObject","inLanguage":"de","@id":"https:\/\/www.swissraft.ch\/de\/#\/schema\/logo\/image\/","url":"https:\/\/www.swissraft.ch\/wp-content\/uploads\/2025\/09\/Capture.jpg","contentUrl":"https:\/\/www.swissraft.ch\/wp-content\/uploads\/2025\/09\/Capture.jpg","width":293,"height":108,"caption":"Swissraft"},"image":{"@id":"https:\/\/www.swissraft.ch\/de\/#\/schema\/logo\/image\/"}}]}},"_links":{"self":[{"href":"https:\/\/www.swissraft.ch\/de\/wp-json\/wp\/v2\/product\/91478","targetHints":{"allow":["GET"]}}],"collection":[{"href":"https:\/\/www.swissraft.ch\/de\/wp-json\/wp\/v2\/product"}],"about":[{"href":"https:\/\/www.swissraft.ch\/de\/wp-json\/wp\/v2\/types\/product"}],"replies":[{"embeddable":true,"href":"https:\/\/www.swissraft.ch\/de\/wp-json\/wp\/v2\/comments?post=91478"}],"version-history":[{"count":55,"href":"https:\/\/www.swissraft.ch\/de\/wp-json\/wp\/v2\/product\/91478\/revisions"}],"predecessor-version":[{"id":139402,"href":"https:\/\/www.swissraft.ch\/de\/wp-json\/wp\/v2\/product\/91478\/revisions\/139402"}],"wp:featuredmedia":[{"embeddable":true,"href":"https:\/\/www.swissraft.ch\/de\/wp-json\/wp\/v2\/media\/84934"}],"wp:attachment":[{"href":"https:\/\/www.swissraft.ch\/de\/wp-json\/wp\/v2\/media?parent=91478"}],"wp:term":[{"taxonomy":"product_cat","embeddable":true,"href":"https:\/\/www.swissraft.ch\/de\/wp-json\/wp\/v2\/product_cat?post=91478"},{"taxonomy":"product_tag","embeddable":true,"href":"https:\/\/www.swissraft.ch\/de\/wp-json\/wp\/v2\/product_tag?post=91478"}],"curies":[{"name":"wp","href":"https:\/\/api.w.org\/{rel}","templated":true}]}}