{"id":91477,"date":"2023-02-22T23:03:11","date_gmt":"2023-02-22T22:03:11","guid":{"rendered":"https:\/\/swissraft.xyanzkdne.eu\/product\/canyoning-in-tessin-le-vira-ab-chf-75-00\/"},"modified":"2026-04-09T22:53:34","modified_gmt":"2026-04-09T20:53:34","slug":"canyoning-tessin-vira","status":"publish","type":"product","link":"https:\/\/www.swissraft.ch\/de\/produkt\/canyoning-tessin-vira\/","title":{"rendered":"Canyoning im Tessin &#8211; Der Vira &#8211; Ab CHF 75.00"},"content":{"rendered":"\t\t<div data-elementor-type=\"wp-post\" data-elementor-id=\"91477\" class=\"elementor elementor-91477 elementor-31180\">\n\t\t\t\t\t\t\t\t\t<section class=\"elementor-section elementor-top-section elementor-element elementor-element-3303a7e3 elementor-section-boxed elementor-section-height-default elementor-section-height-default\" data-id=\"3303a7e3\" data-element_type=\"section\">\n\t\t\t\t\t\t<div class=\"elementor-container elementor-column-gap-default\">\n\t\t\t\t\t<div class=\"elementor-column elementor-col-100 elementor-top-column elementor-element elementor-element-16d72dbf\" data-id=\"16d72dbf\" data-element_type=\"column\">\n\t\t\t<div class=\"elementor-widget-wrap elementor-element-populated\">\n\t\t\t\t\t\t\t\t<div class=\"elementor-element elementor-element-d743c03 elementor-widget elementor-widget-text-editor\" data-id=\"d743c03\" data-element_type=\"widget\" data-widget_type=\"text-editor.default\">\n\t\t\t\t<div class=\"elementor-widget-container\">\n\t\t\t\t\t\t\t<h2>W\u00c4HLEN SIE UNTEN IHRE AKTIVIT\u00c4T AUS, UM GESCHENKGUTSCHEINE \/ TICKETS ZU VERSCHENKEN ODER ZU BUCHEN<\/h2><table border=\"0\" width=\"580\" cellspacing=\"10\" cellpadding=\"10\"><tbody><tr><td width=\"50%\"><strong>1) CANYONING &#8211; VIRA &#8211; FAMILY FUN + Aperitif<\/strong><\/td><td><strong>CHF 110.00 pro Person<span class=\"productPrice\"><br \/><\/span><\/strong><\/td><\/tr><tr><td>Zus\u00e4tzliche Informationen<\/td><td><span class=\"plbl\">&#8211; Schulpreis<\/span> : <strong>CHF 70.00<\/strong>\/Pers.<span class=\"patt\">\u00a0ab 10 j\u00e4hrig<br \/>&#8211; Jungendpreis<\/span> : <strong>CHF 75.00<\/strong>\/Pers.<span class=\"patt\">\u00a0bis 17 j\u00e4hrig<br \/>&#8211; <span class=\"plbl\"> Ab<\/span> 11 Pers. 10% : <strong>CHF 117.00<\/strong>\/Pers.<br \/>&#8211; Ab 21 Pers. 15% : <strong>CHF 93.50<\/strong>\/Pers.<strong><br \/><\/strong>&#8211; Keine zus\u00e4tzlichen Rabatte auf Schul- und Jugendtarife<br \/>&#8211; Mindestalter : 8 Jahre<strong><br \/><\/strong><\/span><span class=\"plbl\">&#8211; <\/span><span class=\"patt\">Sehr sonniger Canyon<\/span><\/td><\/tr><tr><td>Startzeiten<\/td><td>09:00 Uhr \/ 14:00 Uhr<\/td><\/tr><tr><td>Canyoning<\/td><td>ca. 2 Std.<\/td><\/tr><tr><td>Gesamtdauer<\/td><td>ca. 3 Std.<\/td><\/tr><tr><td>Treffpunkt<\/td><td><span style=\"color: #ff6600;\"><a href=\"https:\/\/www.google.com\/maps\/place\/46%C2%B008'33.9%22N+8%C2%B050'23.0%22E\/@46.1429895,8.835155,782m\/data=!3m1!1e3!4m4!3m3!8m2!3d46.14275!4d8.8397222?entry=ttu\" target=\"_blank\" rel=\"noopener\">Parkplatz Al Sent\u00e9e Dal Ragn<\/a><\/span><\/td><\/tr><tr><td>Schwierigkeitsgrad<\/td><td>Stufe 1<\/td><\/tr><tr><td><button class=\"elementor-button\" type=\"button\"><a href=\"https:\/\/swissraft.outdoorbooking.ch\/fo\/products\/1928?base_id=71&amp;category_id=2&amp;order_type=gift_voucher&amp;lang=de\" target=\"_blank\" rel=\"noopener\">GUTSCHEIN \/ TICKET KAUFEN<\/a><\/button><\/td><td><a href=\"https:\/\/swissraft.outdoorbooking.ch\/fo\/products\/1928?base_id=71&amp;category_id=2&amp;order_type=event&amp;lang=de\" target=\"_blank\" rel=\"noopener\">RESERVIEREN SIE EIN DATUM<\/a><\/td><\/tr><\/tbody><\/table><table border=\"0\" width=\"580\" cellspacing=\"10\" cellpadding=\"10\"><tbody><tr><td width=\"50%\"><strong>2) CANYONING &#8211; VIRA + Aperitif<\/strong><\/td><td><strong>CHF 140.00 pro Person<span class=\"productPrice\"><br \/><\/span><\/strong><\/td><\/tr><tr><td>Weitere Informationen<\/td><td><span class=\"plbl\">&#8211; Schulpreis<\/span> : <span class=\"patt\"><strong>CHF 110.00<\/strong>\/Pers. ab 10 j\u00e4hrig<br \/>&#8211; Jungendpreis<\/span> : <span class=\"patt\"><strong>CHF 120.00<\/strong>\/Pers. <\/span><span class=\"patt\">\u00a0bis 17 j\u00e4hrig<br \/>&#8211; <span class=\"plbl\"> Ab<\/span> 11 Pers. 10% : <strong>CHF 126.00<\/strong>\/Pers.<br \/>&#8211; Ab 21 Pers. 15% : <strong>CHF 119.00<\/strong>\/Pers.<strong><br \/><\/strong>&#8211; Keine zus\u00e4tzlichen Rabatte auf Schul- und Jugendtarife<br \/>&#8211; Mindestalter : 8 j\u00e4hrig<strong><br \/><\/strong><\/span><span class=\"plbl\">&#8211; <\/span><span class=\"patt\">Sehr sonniger Canyon<\/span><\/td><\/tr><tr><td>Startzeiten<\/td><td>09:00 Uhr \/ 14:00 Uhr<\/td><\/tr><tr><td>Canyoning<\/td><td>ca. 2 Std.<\/td><\/tr><tr><td>Gesamtdauer<\/td><td>ca. 3 Std.<\/td><\/tr><tr><td>Treffpunkt<\/td><td><span style=\"color: #ff6600;\"><a href=\"https:\/\/www.google.com\/maps\/place\/46%C2%B008'33.9%22N+8%C2%B050'23.0%22E\/@46.1429895,8.835155,782m\/data=!3m1!1e3!4m4!3m3!8m2!3d46.14275!4d8.8397222?entry=ttu\" target=\"_blank\" rel=\"noopener\">Parkplatz Al Sent\u00e9e Dal Ragn<\/a><\/span><\/td><\/tr><tr><td>Schwierigkeitsgrad<\/td><td>Stufe 1<\/td><\/tr><tr><td><button class=\"elementor-button\" type=\"button\"><a href=\"https:\/\/swissraft.outdoorbooking.ch\/fo\/products\/1927?base_id=71&amp;category_id=2&amp;order_type=gift_voucher&amp;lang=de\" target=\"_blank\" rel=\"noopener\">GUTSCHEIN \/ TICKET KAUFEN<\/a><\/button><\/td><td><a href=\"https:\/\/swissraft.outdoorbooking.ch\/fo\/products\/1927?base_id=71&amp;category_id=2&amp;order_type=event&amp;lang=de\" target=\"_blank\" rel=\"noopener\">RESERVIEREN SIE EIN DATUM<\/a><\/td><\/tr><\/tbody><\/table>\t\t\t\t\t\t<\/div>\n\t\t\t\t<\/div>\n\t\t\t\t\t<\/div>\n\t\t<\/div>\n\t\t\t\t\t\t\t<\/div>\n\t\t<\/section>\n\t\t\t\t\t\t\t<\/div>\n\t\t","protected":false},"excerpt":{"rendered":"<div align=\"justify\">\n<h2 align=\"justify\">Canyoning in Val di Vira oberhalb des Lago Maggiore<\/h2>\n<h3>Der Vira-Canyon f\u00fcr einen Ausflug mit der Familie oder Freunden<\/h3>\n<\/div>\n<div align=\"justify\">\n<p>Vira Canyon in der N\u00e4he des Lago Maggiore im Tessin. In Vira gibt es einen Bach, der einen idealen Spielplatz f\u00fcr die Kleinsten bietet. Er ist weniger steil, bietet aber dennoch die M\u00f6glichkeit, aus bis zu 8 m H\u00f6he zu springen (optional), zu rutschen, sich abzuseilen und zu schwimmen.<\/p>\n<h3>Im Tessin, dem Paradies f\u00fcr Canyoning, finden Sie den richtigen Schuh f\u00fcr Ihren Fu\u00df.<\/h3>\n<p id=\"textarea\" style=\"display: none;\">\nNeben dem Vira Canyon gibt es z.B. den Boggera Family in der Riviera in der N\u00e4he von Cresciano. Auch Val Lodrino, Val Grande oder Corippo im Verzascatal. Andererseits am Col des Mosses vom Canyon in La Torneresse. Sowie im Kanton Freiburg in Gruy\u00e8re der Canyon von La Tine de Montbovon. Auch im Wallis bietet Swissraft viele verschiedene Canyons. Au\u00dferdem bieten wir Ihnen <strong>Canyons<\/strong> im Berner Oberland wie Grimsel oder Chli Schlieren. Aber auch im Kanton St. Gall gibt es den Amden <strong>Canyon<\/strong> mit einer 40 m langen Abseilstelle entlang des Staudamms. In der N\u00e4he von Thusis liegt die Viamala-Schlucht mit ihren \u00fcber 150 m hohen W\u00e4nden.\n<\/p>\n<p><a id=\"seeMore\" onclick=\"toggleSeeMore()\" href=\"javascript:void(0);\">Lesen Sie mehr<\/a><\/p>\n","protected":false},"featured_media":85213,"comment_status":"open","ping_status":"closed","template":"","meta":{"inline_featured_image":false,"_mi_skip_tracking":false},"product_cat":[321,320],"product_tag":[],"class_list":["post-91477","product","type-product","status-publish","has-post-thumbnail","hentry","product_cat-canyoning-tessin","product_cat-canyoning-in-der-schweiz-und-umgebung"],"yoast_head":"<!-- This site is optimized with the Yoast SEO plugin v23.6 - https:\/\/yoast.com\/wordpress\/plugins\/seo\/ -->\n<title>Canyoning in Vira in der N\u00e4he des Lake Majeure. Ideal f\u00fcr junge<\/title>\n<meta name=\"description\" content=\"Canyoning in Vira in der N\u00e4he des Sees Majeure. Im Val de Vira gibt es einen Bach, der einen idealen Spielplatz f\u00fcr die Kleinen bietet.\" \/>\n<meta name=\"robots\" content=\"index, follow, max-snippet:-1, max-image-preview:large, max-video-preview:-1\" \/>\n<link rel=\"canonical\" href=\"https:\/\/www.swissraft.ch\/de\/produkt\/canyoning-tessin-vira\/\" \/>\n<meta property=\"og:locale\" content=\"de_DE\" \/>\n<meta property=\"og:type\" content=\"article\" \/>\n<meta property=\"og:title\" content=\"Canyoning in Vira in der N\u00e4he des Lake Majeure. Ideal f\u00fcr junge\" \/>\n<meta property=\"og:description\" content=\"Canyoning in Vira in der N\u00e4he des Sees Majeure. Im Val de Vira gibt es einen Bach, der einen idealen Spielplatz f\u00fcr die Kleinen bietet.\" \/>\n<meta property=\"og:url\" content=\"https:\/\/www.swissraft.ch\/de\/produkt\/canyoning-tessin-vira\/\" \/>\n<meta property=\"og:site_name\" content=\"Swissraft\" \/>\n<meta property=\"article:modified_time\" content=\"2026-04-09T20:53:34+00:00\" \/>\n<meta property=\"og:image\" content=\"https:\/\/www.swissraft.ch\/wp-content\/uploads\/2023\/02\/1-1-Val-di-Vira-776x776-1.jpg\" \/>\n\t<meta property=\"og:image:width\" content=\"776\" \/>\n\t<meta property=\"og:image:height\" content=\"776\" \/>\n\t<meta property=\"og:image:type\" content=\"image\/jpeg\" \/>\n<meta name=\"twitter:card\" content=\"summary_large_image\" \/>\n<meta name=\"twitter:label1\" content=\"Gesch\u00e4tzte Lesezeit\" \/>\n\t<meta name=\"twitter:data1\" content=\"2\u00a0Minuten\" \/>\n<script type=\"application\/ld+json\" class=\"yoast-schema-graph\">{\"@context\":\"https:\/\/schema.org\",\"@graph\":[{\"@type\":\"WebPage\",\"@id\":\"https:\/\/www.swissraft.ch\/de\/produkt\/canyoning-tessin-vira\/\",\"url\":\"https:\/\/www.swissraft.ch\/de\/produkt\/canyoning-tessin-vira\/\",\"name\":\"Canyoning in Vira in der N\u00e4he des Lake Majeure. Ideal f\u00fcr junge\",\"isPartOf\":{\"@id\":\"https:\/\/www.swissraft.ch\/de\/#website\"},\"primaryImageOfPage\":{\"@id\":\"https:\/\/www.swissraft.ch\/de\/produkt\/canyoning-tessin-vira\/#primaryimage\"},\"image\":{\"@id\":\"https:\/\/www.swissraft.ch\/de\/produkt\/canyoning-tessin-vira\/#primaryimage\"},\"thumbnailUrl\":\"https:\/\/www.swissraft.ch\/wp-content\/uploads\/2023\/02\/1-1-Val-di-Vira-776x776-1.jpg\",\"datePublished\":\"2023-02-22T22:03:11+00:00\",\"dateModified\":\"2026-04-09T20:53:34+00:00\",\"description\":\"Canyoning in Vira in der N\u00e4he des Sees Majeure. Im Val de Vira gibt es einen Bach, der einen idealen Spielplatz f\u00fcr die Kleinen bietet.\",\"breadcrumb\":{\"@id\":\"https:\/\/www.swissraft.ch\/de\/produkt\/canyoning-tessin-vira\/#breadcrumb\"},\"inLanguage\":\"de\",\"potentialAction\":[{\"@type\":\"ReadAction\",\"target\":[\"https:\/\/www.swissraft.ch\/de\/produkt\/canyoning-tessin-vira\/\"]}]},{\"@type\":\"ImageObject\",\"inLanguage\":\"de\",\"@id\":\"https:\/\/www.swissraft.ch\/de\/produkt\/canyoning-tessin-vira\/#primaryimage\",\"url\":\"https:\/\/www.swissraft.ch\/wp-content\/uploads\/2023\/02\/1-1-Val-di-Vira-776x776-1.jpg\",\"contentUrl\":\"https:\/\/www.swissraft.ch\/wp-content\/uploads\/2023\/02\/1-1-Val-di-Vira-776x776-1.jpg\",\"width\":776,\"height\":776,\"caption\":\"OLYMPUS DIGITAL CAMERA\"},{\"@type\":\"BreadcrumbList\",\"@id\":\"https:\/\/www.swissraft.ch\/de\/produkt\/canyoning-tessin-vira\/#breadcrumb\",\"itemListElement\":[{\"@type\":\"ListItem\",\"position\":1,\"name\":\"Accueil\",\"item\":\"https:\/\/www.swissraft.ch\/de\/\"},{\"@type\":\"ListItem\",\"position\":2,\"name\":\"Shop\",\"item\":\"https:\/\/www.swissraft.ch\/de\/shop\/\"},{\"@type\":\"ListItem\",\"position\":3,\"name\":\"Canyoning im Tessin &#8211; Der Vira &#8211; Ab CHF 75.00\"}]},{\"@type\":\"WebSite\",\"@id\":\"https:\/\/www.swissraft.ch\/de\/#website\",\"url\":\"https:\/\/www.swissraft.ch\/de\/\",\"name\":\"Swissraft\",\"description\":\"To enjoy nature as it is\",\"publisher\":{\"@id\":\"https:\/\/www.swissraft.ch\/de\/#organization\"},\"potentialAction\":[{\"@type\":\"SearchAction\",\"target\":{\"@type\":\"EntryPoint\",\"urlTemplate\":\"https:\/\/www.swissraft.ch\/de\/?s={search_term_string}\"},\"query-input\":{\"@type\":\"PropertyValueSpecification\",\"valueRequired\":true,\"valueName\":\"search_term_string\"}}],\"inLanguage\":\"de\"},{\"@type\":\"Organization\",\"@id\":\"https:\/\/www.swissraft.ch\/de\/#organization\",\"name\":\"Swissraft\",\"url\":\"https:\/\/www.swissraft.ch\/de\/\",\"logo\":{\"@type\":\"ImageObject\",\"inLanguage\":\"de\",\"@id\":\"https:\/\/www.swissraft.ch\/de\/#\/schema\/logo\/image\/\",\"url\":\"https:\/\/www.swissraft.ch\/wp-content\/uploads\/2025\/09\/Capture.jpg\",\"contentUrl\":\"https:\/\/www.swissraft.ch\/wp-content\/uploads\/2025\/09\/Capture.jpg\",\"width\":293,\"height\":108,\"caption\":\"Swissraft\"},\"image\":{\"@id\":\"https:\/\/www.swissraft.ch\/de\/#\/schema\/logo\/image\/\"}}]}<\/script>\n<!-- \/ Yoast SEO plugin. -->","yoast_head_json":{"title":"Canyoning in Vira in der N\u00e4he des Lake Majeure. Ideal f\u00fcr junge","description":"Canyoning in Vira in der N\u00e4he des Sees Majeure. Im Val de Vira gibt es einen Bach, der einen idealen Spielplatz f\u00fcr die Kleinen bietet.","robots":{"index":"index","follow":"follow","max-snippet":"max-snippet:-1","max-image-preview":"max-image-preview:large","max-video-preview":"max-video-preview:-1"},"canonical":"https:\/\/www.swissraft.ch\/de\/produkt\/canyoning-tessin-vira\/","og_locale":"de_DE","og_type":"article","og_title":"Canyoning in Vira in der N\u00e4he des Lake Majeure. Ideal f\u00fcr junge","og_description":"Canyoning in Vira in der N\u00e4he des Sees Majeure. Im Val de Vira gibt es einen Bach, der einen idealen Spielplatz f\u00fcr die Kleinen bietet.","og_url":"https:\/\/www.swissraft.ch\/de\/produkt\/canyoning-tessin-vira\/","og_site_name":"Swissraft","article_modified_time":"2026-04-09T20:53:34+00:00","og_image":[{"width":776,"height":776,"url":"https:\/\/www.swissraft.ch\/wp-content\/uploads\/2023\/02\/1-1-Val-di-Vira-776x776-1.jpg","type":"image\/jpeg"}],"twitter_card":"summary_large_image","twitter_misc":{"Gesch\u00e4tzte Lesezeit":"2\u00a0Minuten"},"schema":{"@context":"https:\/\/schema.org","@graph":[{"@type":"WebPage","@id":"https:\/\/www.swissraft.ch\/de\/produkt\/canyoning-tessin-vira\/","url":"https:\/\/www.swissraft.ch\/de\/produkt\/canyoning-tessin-vira\/","name":"Canyoning in Vira in der N\u00e4he des Lake Majeure. Ideal f\u00fcr junge","isPartOf":{"@id":"https:\/\/www.swissraft.ch\/de\/#website"},"primaryImageOfPage":{"@id":"https:\/\/www.swissraft.ch\/de\/produkt\/canyoning-tessin-vira\/#primaryimage"},"image":{"@id":"https:\/\/www.swissraft.ch\/de\/produkt\/canyoning-tessin-vira\/#primaryimage"},"thumbnailUrl":"https:\/\/www.swissraft.ch\/wp-content\/uploads\/2023\/02\/1-1-Val-di-Vira-776x776-1.jpg","datePublished":"2023-02-22T22:03:11+00:00","dateModified":"2026-04-09T20:53:34+00:00","description":"Canyoning in Vira in der N\u00e4he des Sees Majeure. Im Val de Vira gibt es einen Bach, der einen idealen Spielplatz f\u00fcr die Kleinen bietet.","breadcrumb":{"@id":"https:\/\/www.swissraft.ch\/de\/produkt\/canyoning-tessin-vira\/#breadcrumb"},"inLanguage":"de","potentialAction":[{"@type":"ReadAction","target":["https:\/\/www.swissraft.ch\/de\/produkt\/canyoning-tessin-vira\/"]}]},{"@type":"ImageObject","inLanguage":"de","@id":"https:\/\/www.swissraft.ch\/de\/produkt\/canyoning-tessin-vira\/#primaryimage","url":"https:\/\/www.swissraft.ch\/wp-content\/uploads\/2023\/02\/1-1-Val-di-Vira-776x776-1.jpg","contentUrl":"https:\/\/www.swissraft.ch\/wp-content\/uploads\/2023\/02\/1-1-Val-di-Vira-776x776-1.jpg","width":776,"height":776,"caption":"OLYMPUS DIGITAL CAMERA"},{"@type":"BreadcrumbList","@id":"https:\/\/www.swissraft.ch\/de\/produkt\/canyoning-tessin-vira\/#breadcrumb","itemListElement":[{"@type":"ListItem","position":1,"name":"Accueil","item":"https:\/\/www.swissraft.ch\/de\/"},{"@type":"ListItem","position":2,"name":"Shop","item":"https:\/\/www.swissraft.ch\/de\/shop\/"},{"@type":"ListItem","position":3,"name":"Canyoning im Tessin &#8211; Der Vira &#8211; Ab CHF 75.00"}]},{"@type":"WebSite","@id":"https:\/\/www.swissraft.ch\/de\/#website","url":"https:\/\/www.swissraft.ch\/de\/","name":"Swissraft","description":"To enjoy nature as it is","publisher":{"@id":"https:\/\/www.swissraft.ch\/de\/#organization"},"potentialAction":[{"@type":"SearchAction","target":{"@type":"EntryPoint","urlTemplate":"https:\/\/www.swissraft.ch\/de\/?s={search_term_string}"},"query-input":{"@type":"PropertyValueSpecification","valueRequired":true,"valueName":"search_term_string"}}],"inLanguage":"de"},{"@type":"Organization","@id":"https:\/\/www.swissraft.ch\/de\/#organization","name":"Swissraft","url":"https:\/\/www.swissraft.ch\/de\/","logo":{"@type":"ImageObject","inLanguage":"de","@id":"https:\/\/www.swissraft.ch\/de\/#\/schema\/logo\/image\/","url":"https:\/\/www.swissraft.ch\/wp-content\/uploads\/2025\/09\/Capture.jpg","contentUrl":"https:\/\/www.swissraft.ch\/wp-content\/uploads\/2025\/09\/Capture.jpg","width":293,"height":108,"caption":"Swissraft"},"image":{"@id":"https:\/\/www.swissraft.ch\/de\/#\/schema\/logo\/image\/"}}]}},"_links":{"self":[{"href":"https:\/\/www.swissraft.ch\/de\/wp-json\/wp\/v2\/product\/91477","targetHints":{"allow":["GET"]}}],"collection":[{"href":"https:\/\/www.swissraft.ch\/de\/wp-json\/wp\/v2\/product"}],"about":[{"href":"https:\/\/www.swissraft.ch\/de\/wp-json\/wp\/v2\/types\/product"}],"replies":[{"embeddable":true,"href":"https:\/\/www.swissraft.ch\/de\/wp-json\/wp\/v2\/comments?post=91477"}],"version-history":[{"count":53,"href":"https:\/\/www.swissraft.ch\/de\/wp-json\/wp\/v2\/product\/91477\/revisions"}],"predecessor-version":[{"id":138586,"href":"https:\/\/www.swissraft.ch\/de\/wp-json\/wp\/v2\/product\/91477\/revisions\/138586"}],"wp:featuredmedia":[{"embeddable":true,"href":"https:\/\/www.swissraft.ch\/de\/wp-json\/wp\/v2\/media\/85213"}],"wp:attachment":[{"href":"https:\/\/www.swissraft.ch\/de\/wp-json\/wp\/v2\/media?parent=91477"}],"wp:term":[{"taxonomy":"product_cat","embeddable":true,"href":"https:\/\/www.swissraft.ch\/de\/wp-json\/wp\/v2\/product_cat?post=91477"},{"taxonomy":"product_tag","embeddable":true,"href":"https:\/\/www.swissraft.ch\/de\/wp-json\/wp\/v2\/product_tag?post=91477"}],"curies":[{"name":"wp","href":"https:\/\/api.w.org\/{rel}","templated":true}]}}