{"id":91470,"date":"2023-03-06T23:02:05","date_gmt":"2023-03-06T22:02:05","guid":{"rendered":"https:\/\/swissraft.xyanzkdne.eu\/product\/schneeschuhwandern-in-amden-tag-mit-fonds-ab-chf-165-00\/"},"modified":"2026-02-25T23:01:41","modified_gmt":"2026-02-25T22:01:41","slug":"schneeschuhe-und-fondue","status":"publish","type":"product","link":"https:\/\/www.swissraft.ch\/de\/produkt\/schneeschuhe-und-fondue\/","title":{"rendered":"Schneeschuhwandern in AMDEN &#8211; TAGESTOUR MIT FONDUE &#8211; Ab CHF 165.00"},"content":{"rendered":"\t\t<div data-elementor-type=\"wp-post\" data-elementor-id=\"91470\" class=\"elementor elementor-91470 elementor-31553\">\n\t\t\t\t\t\t\t\t\t<section class=\"elementor-section elementor-top-section elementor-element elementor-element-3303a7e3 elementor-section-boxed elementor-section-height-default elementor-section-height-default\" data-id=\"3303a7e3\" data-element_type=\"section\">\n\t\t\t\t\t\t<div class=\"elementor-container elementor-column-gap-default\">\n\t\t\t\t\t<div class=\"elementor-column elementor-col-100 elementor-top-column elementor-element elementor-element-16d72dbf\" data-id=\"16d72dbf\" data-element_type=\"column\">\n\t\t\t<div class=\"elementor-widget-wrap elementor-element-populated\">\n\t\t\t\t\t\t\t\t<div class=\"elementor-element elementor-element-d743c03 elementor-widget elementor-widget-text-editor\" data-id=\"d743c03\" data-element_type=\"widget\" data-widget_type=\"text-editor.default\">\n\t\t\t\t<div class=\"elementor-widget-container\">\n\t\t\t\t\t\t\t<h2>W\u00c4HLEN SIE UNTEN IHRE AKTIVIT\u00c4T AUS, UM GESCHENKGUTSCHEINE \/ TICKETS ZU VERSCHENKEN ODER ZU BUCHEN<\/h2><table border=\"0\" width=\"580\" cellspacing=\"10\" cellpadding=\"10\"><tbody><tr><td width=\"50%\"><strong>1) Schneeschuhe + Fondue<\/strong><\/td><td><strong>CHF 165.00 pro Person<span class=\"productPrice\"><br \/><\/span><\/strong><\/td><\/tr><tr><td>Weitere Informationen<\/td><td><span class=\"patt\">&#8211; Ab 4 Personen<br \/>&#8211; Normale k\u00f6rperliche Verfassung<\/span><\/td><\/tr><tr><td>Treffpunkt<\/td><td><a href=\"https:\/\/www.google.com\/maps\/place\/47%C2%B007'48.5%22N+9%C2%B005'42.1%22E\/@47.1301671,9.0904553,768m\/data=!3m1!1e3!4m4!3m3!8m2!3d47.1301389!4d9.0950278?entry=ttu\" target=\"_blank\" rel=\"noopener\">Bahnhof Weesen<\/a><\/td><\/tr><tr><td>\u00d6ffnungszeiten<\/td><td>10h00<\/td><\/tr><tr><td>Gesamtdauer<\/td><td>ca. 4 Std.<\/td><\/tr><tr><td>Hinweis<\/td><td>4X4 oder Ketten erforderlich<\/td><\/tr><tr><td><button class=\"elementor-button\" type=\"button\"><a href=\"https:\/\/swissraft.outdoorbooking.ch\/fo\/products\/1162?base_id=69&amp;category_id=14&amp;order_type=gift_voucher&amp;lang=fr\" target=\"_blank\" rel=\"noopener\">GUTSCHEIN \/ TICKET KAUFEN<\/a><\/button><\/td><td><strong><em>WICHTIG !<\/em><\/strong><br \/><em>Um zu reservieren, rufen Sie die Nummer an, die sich oben links auf dem Gutschein \/ Ticket befindet.<\/em><\/td><\/tr><\/tbody><\/table><table border=\"0\" width=\"580\" cellspacing=\"10\" cellpadding=\"10\"><tbody><tr><td width=\"50%\"><strong>2) Schneeschuhe mit HUSKY + Fondue<\/strong><\/td><td><strong>CHF 203.00 pro Person<span class=\"productPrice\"><br \/><\/span><\/strong><\/td><\/tr><tr><td>Weitere Informationen<\/td><td><span class=\"patt\">&#8211; Ab 4 Personen<br \/>&#8211; Normale k\u00f6rperliche Verfassung<\/span><\/td><\/tr><tr><td>Treffpunkt\u00a0<\/td><td><a href=\"https:\/\/www.google.com\/maps\/place\/47%C2%B007'48.5%22N+9%C2%B005'42.1%22E\/@47.1301671,9.0904553,768m\/data=!3m1!1e3!4m4!3m3!8m2!3d47.1301389!4d9.0950278?entry=ttu\" target=\"_blank\" rel=\"noopener\">Bahnhof Weesen<\/a><\/td><\/tr><tr><td>\u00d6ffnungszeiten<\/td><td>10h00<\/td><\/tr><tr><td>Gesamtdauer<\/td><td>ca. 4 Std.<\/td><\/tr><tr><td>Hinweis<\/td><td>4X4 oder Ketten erforderlich<\/td><\/tr><tr><td><button class=\"elementor-button\" type=\"button\"><a href=\"https:\/\/swissraft.outdoorbooking.ch\/fo\/products\/1160?base_id=69&amp;category_id=14&amp;order_type=gift_voucher&amp;lang=fr\" target=\"_blank\" rel=\"noopener\">GUTSCHEIN \/ TICKET KAUFEN<\/a><\/button><\/td><td><strong><em>WICHTIG !<\/em><\/strong><br \/><em>Um zu reservieren, rufen Sie die Nummer an, die sich oben links auf dem Gutschein \/ Ticket befindet.<\/em><\/td><\/tr><\/tbody><\/table>\t\t\t\t\t\t<\/div>\n\t\t\t\t<\/div>\n\t\t\t\t\t<\/div>\n\t\t<\/div>\n\t\t\t\t\t\t\t<\/div>\n\t\t<\/section>\n\t\t\t\t\t\t\t<\/div>\n\t\t","protected":false},"excerpt":{"rendered":"<div align=\"justify\">\n<h2 align=\"justify\">Schneeschuhwandern in Amden oder anderswo<\/h2>\n<h3>Gipfelbesteigung in Begleitung eines Hundes, eine Erfahrung, die Mensch und Tier in der Anstrengung vereint.<\/h3>\n<\/div>\n<div align=\"justify\">\n<p>Unter der F\u00fchrung eines erfahrenen Begleiters und Mushers bewegen wir uns \u00fcber den Schnee, wobei unsere Schneeschuhe unter unseren Schritten knirschen. Die Hunde ziehen und ihr Atem rhythmisiert unseren Fortschritt. Wir bahnen uns einen Weg durch die wei\u00dfen Fl\u00e4chen und bewundern die wundersch\u00f6ne Landschaft. Zwischendurch halten wir an und lauschen der Stille der Natur. Dann setzen wir unsere Wanderung fort und werden von der Energie der Hunde getragen. Mit jedem Tatzenschlag kommen wir unserem Ziel n\u00e4her. Die majest\u00e4tischen Berge erheben sich vor uns und fordern unsere Entschlossenheit heraus. Aber mit der Hilfe unserer vierbeinigen Freunde ist nichts unm\u00f6glich. Die Kameradschaft, die Menschen und Tiere verbindet, schafft eine Atmosph\u00e4re der Solidarit\u00e4t und Harmonie. Gegen Mittag halten wir an, um ein k\u00f6stliches Holzfeuer-Fondue zu genie\u00dfen. Gemeinsam werden wir jeden Gipfel erklimmen und die Herausforderungen, die die Natur uns stellt, \u00fcberwinden. Und wenn die Sonne am Horizont untergeht, genie\u00dfen wir die Zufriedenheit eines erf\u00fcllten Tages in der unendlichen Weite der Wildnis.<\/p>\n<h3>Swissraft bietet mehrere Standorte in der Schweiz f\u00fcr Schneeschuh-Trekking an.<\/h3>\n<p id=\"textarea\" style=\"display: none;\">\nSwissraft organisiert Schneeschuh-Trekking \u00fcberall in der Schweiz, wo es Schnee gibt.\n<\/p>\n<p><a id=\"seeMore\" onclick=\"toggleSeeMore()\" href=\"javascript:void(0);\">Lesen Sie mehr<\/a><\/p>\n","protected":false},"featured_media":90127,"comment_status":"open","ping_status":"closed","template":"","meta":{"inline_featured_image":false,"_mi_skip_tracking":false},"product_cat":[332],"product_tag":[],"class_list":["post-91470","product","type-product","status-publish","has-post-thumbnail","hentry","product_cat-schneeschuhwandern-in-der-schweiz"],"yoast_head":"<!-- This site is optimized with the Yoast SEO plugin v23.6 - https:\/\/yoast.com\/wordpress\/plugins\/seo\/ -->\n<title>Schneeschuhe und Fondue<\/title>\n<meta name=\"description\" content=\"Schneeschuhwandern und Fondue in der Schweiz. Nutzen Sie einen sch\u00f6nen Tag f\u00fcr ein Tekking mit Schneeschuhen, begleitet von einem Hundeschlitten.\" \/>\n<meta name=\"robots\" content=\"index, follow, max-snippet:-1, max-image-preview:large, max-video-preview:-1\" \/>\n<link rel=\"canonical\" href=\"https:\/\/www.swissraft.ch\/de\/produkt\/schneeschuhe-und-fondue\/\" \/>\n<meta property=\"og:locale\" content=\"de_DE\" \/>\n<meta property=\"og:type\" content=\"article\" \/>\n<meta property=\"og:title\" content=\"Schneeschuhe und Fondue\" \/>\n<meta property=\"og:description\" content=\"Schneeschuhwandern und Fondue in der Schweiz. Nutzen Sie einen sch\u00f6nen Tag f\u00fcr ein Tekking mit Schneeschuhen, begleitet von einem Hundeschlitten.\" \/>\n<meta property=\"og:url\" content=\"https:\/\/www.swissraft.ch\/de\/produkt\/schneeschuhe-und-fondue\/\" \/>\n<meta property=\"og:site_name\" content=\"Swissraft\" \/>\n<meta property=\"article:modified_time\" content=\"2026-02-25T22:01:41+00:00\" \/>\n<meta property=\"og:image\" content=\"https:\/\/www.swissraft.ch\/wp-content\/uploads\/2023\/03\/Trekking-en-raquettes-a-neige-776x776-1.jpg\" \/>\n\t<meta property=\"og:image:width\" content=\"776\" \/>\n\t<meta property=\"og:image:height\" content=\"776\" \/>\n\t<meta property=\"og:image:type\" content=\"image\/jpeg\" \/>\n<meta name=\"twitter:card\" content=\"summary_large_image\" \/>\n<meta name=\"twitter:label1\" content=\"Gesch\u00e4tzte Lesezeit\" \/>\n\t<meta name=\"twitter:data1\" content=\"1\u00a0Minute\" \/>\n<script type=\"application\/ld+json\" class=\"yoast-schema-graph\">{\"@context\":\"https:\/\/schema.org\",\"@graph\":[{\"@type\":\"WebPage\",\"@id\":\"https:\/\/www.swissraft.ch\/de\/produkt\/schneeschuhe-und-fondue\/\",\"url\":\"https:\/\/www.swissraft.ch\/de\/produkt\/schneeschuhe-und-fondue\/\",\"name\":\"Schneeschuhe und Fondue\",\"isPartOf\":{\"@id\":\"https:\/\/www.swissraft.ch\/de\/#website\"},\"primaryImageOfPage\":{\"@id\":\"https:\/\/www.swissraft.ch\/de\/produkt\/schneeschuhe-und-fondue\/#primaryimage\"},\"image\":{\"@id\":\"https:\/\/www.swissraft.ch\/de\/produkt\/schneeschuhe-und-fondue\/#primaryimage\"},\"thumbnailUrl\":\"https:\/\/www.swissraft.ch\/wp-content\/uploads\/2023\/03\/Trekking-en-raquettes-a-neige-776x776-1.jpg\",\"datePublished\":\"2023-03-06T22:02:05+00:00\",\"dateModified\":\"2026-02-25T22:01:41+00:00\",\"description\":\"Schneeschuhwandern und Fondue in der Schweiz. Nutzen Sie einen sch\u00f6nen Tag f\u00fcr ein Tekking mit Schneeschuhen, begleitet von einem Hundeschlitten.\",\"breadcrumb\":{\"@id\":\"https:\/\/www.swissraft.ch\/de\/produkt\/schneeschuhe-und-fondue\/#breadcrumb\"},\"inLanguage\":\"de\",\"potentialAction\":[{\"@type\":\"ReadAction\",\"target\":[\"https:\/\/www.swissraft.ch\/de\/produkt\/schneeschuhe-und-fondue\/\"]}]},{\"@type\":\"ImageObject\",\"inLanguage\":\"de\",\"@id\":\"https:\/\/www.swissraft.ch\/de\/produkt\/schneeschuhe-und-fondue\/#primaryimage\",\"url\":\"https:\/\/www.swissraft.ch\/wp-content\/uploads\/2023\/03\/Trekking-en-raquettes-a-neige-776x776-1.jpg\",\"contentUrl\":\"https:\/\/www.swissraft.ch\/wp-content\/uploads\/2023\/03\/Trekking-en-raquettes-a-neige-776x776-1.jpg\",\"width\":776,\"height\":776,\"caption\":\"Schneeschuhwandern -Trekking\"},{\"@type\":\"BreadcrumbList\",\"@id\":\"https:\/\/www.swissraft.ch\/de\/produkt\/schneeschuhe-und-fondue\/#breadcrumb\",\"itemListElement\":[{\"@type\":\"ListItem\",\"position\":1,\"name\":\"Accueil\",\"item\":\"https:\/\/www.swissraft.ch\/de\/\"},{\"@type\":\"ListItem\",\"position\":2,\"name\":\"Shop\",\"item\":\"https:\/\/www.swissraft.ch\/de\/shop\/\"},{\"@type\":\"ListItem\",\"position\":3,\"name\":\"Schneeschuhwandern in AMDEN &#8211; TAGESTOUR MIT FONDUE &#8211; Ab CHF 165.00\"}]},{\"@type\":\"WebSite\",\"@id\":\"https:\/\/www.swissraft.ch\/de\/#website\",\"url\":\"https:\/\/www.swissraft.ch\/de\/\",\"name\":\"Swissraft\",\"description\":\"To enjoy nature as it is\",\"publisher\":{\"@id\":\"https:\/\/www.swissraft.ch\/de\/#organization\"},\"potentialAction\":[{\"@type\":\"SearchAction\",\"target\":{\"@type\":\"EntryPoint\",\"urlTemplate\":\"https:\/\/www.swissraft.ch\/de\/?s={search_term_string}\"},\"query-input\":{\"@type\":\"PropertyValueSpecification\",\"valueRequired\":true,\"valueName\":\"search_term_string\"}}],\"inLanguage\":\"de\"},{\"@type\":\"Organization\",\"@id\":\"https:\/\/www.swissraft.ch\/de\/#organization\",\"name\":\"Swissraft\",\"url\":\"https:\/\/www.swissraft.ch\/de\/\",\"logo\":{\"@type\":\"ImageObject\",\"inLanguage\":\"de\",\"@id\":\"https:\/\/www.swissraft.ch\/de\/#\/schema\/logo\/image\/\",\"url\":\"https:\/\/www.swissraft.ch\/wp-content\/uploads\/2025\/09\/Capture.jpg\",\"contentUrl\":\"https:\/\/www.swissraft.ch\/wp-content\/uploads\/2025\/09\/Capture.jpg\",\"width\":293,\"height\":108,\"caption\":\"Swissraft\"},\"image\":{\"@id\":\"https:\/\/www.swissraft.ch\/de\/#\/schema\/logo\/image\/\"}}]}<\/script>\n<!-- \/ Yoast SEO plugin. -->","yoast_head_json":{"title":"Schneeschuhe und Fondue","description":"Schneeschuhwandern und Fondue in der Schweiz. Nutzen Sie einen sch\u00f6nen Tag f\u00fcr ein Tekking mit Schneeschuhen, begleitet von einem Hundeschlitten.","robots":{"index":"index","follow":"follow","max-snippet":"max-snippet:-1","max-image-preview":"max-image-preview:large","max-video-preview":"max-video-preview:-1"},"canonical":"https:\/\/www.swissraft.ch\/de\/produkt\/schneeschuhe-und-fondue\/","og_locale":"de_DE","og_type":"article","og_title":"Schneeschuhe und Fondue","og_description":"Schneeschuhwandern und Fondue in der Schweiz. Nutzen Sie einen sch\u00f6nen Tag f\u00fcr ein Tekking mit Schneeschuhen, begleitet von einem Hundeschlitten.","og_url":"https:\/\/www.swissraft.ch\/de\/produkt\/schneeschuhe-und-fondue\/","og_site_name":"Swissraft","article_modified_time":"2026-02-25T22:01:41+00:00","og_image":[{"width":776,"height":776,"url":"https:\/\/www.swissraft.ch\/wp-content\/uploads\/2023\/03\/Trekking-en-raquettes-a-neige-776x776-1.jpg","type":"image\/jpeg"}],"twitter_card":"summary_large_image","twitter_misc":{"Gesch\u00e4tzte Lesezeit":"1\u00a0Minute"},"schema":{"@context":"https:\/\/schema.org","@graph":[{"@type":"WebPage","@id":"https:\/\/www.swissraft.ch\/de\/produkt\/schneeschuhe-und-fondue\/","url":"https:\/\/www.swissraft.ch\/de\/produkt\/schneeschuhe-und-fondue\/","name":"Schneeschuhe und Fondue","isPartOf":{"@id":"https:\/\/www.swissraft.ch\/de\/#website"},"primaryImageOfPage":{"@id":"https:\/\/www.swissraft.ch\/de\/produkt\/schneeschuhe-und-fondue\/#primaryimage"},"image":{"@id":"https:\/\/www.swissraft.ch\/de\/produkt\/schneeschuhe-und-fondue\/#primaryimage"},"thumbnailUrl":"https:\/\/www.swissraft.ch\/wp-content\/uploads\/2023\/03\/Trekking-en-raquettes-a-neige-776x776-1.jpg","datePublished":"2023-03-06T22:02:05+00:00","dateModified":"2026-02-25T22:01:41+00:00","description":"Schneeschuhwandern und Fondue in der Schweiz. Nutzen Sie einen sch\u00f6nen Tag f\u00fcr ein Tekking mit Schneeschuhen, begleitet von einem Hundeschlitten.","breadcrumb":{"@id":"https:\/\/www.swissraft.ch\/de\/produkt\/schneeschuhe-und-fondue\/#breadcrumb"},"inLanguage":"de","potentialAction":[{"@type":"ReadAction","target":["https:\/\/www.swissraft.ch\/de\/produkt\/schneeschuhe-und-fondue\/"]}]},{"@type":"ImageObject","inLanguage":"de","@id":"https:\/\/www.swissraft.ch\/de\/produkt\/schneeschuhe-und-fondue\/#primaryimage","url":"https:\/\/www.swissraft.ch\/wp-content\/uploads\/2023\/03\/Trekking-en-raquettes-a-neige-776x776-1.jpg","contentUrl":"https:\/\/www.swissraft.ch\/wp-content\/uploads\/2023\/03\/Trekking-en-raquettes-a-neige-776x776-1.jpg","width":776,"height":776,"caption":"Schneeschuhwandern -Trekking"},{"@type":"BreadcrumbList","@id":"https:\/\/www.swissraft.ch\/de\/produkt\/schneeschuhe-und-fondue\/#breadcrumb","itemListElement":[{"@type":"ListItem","position":1,"name":"Accueil","item":"https:\/\/www.swissraft.ch\/de\/"},{"@type":"ListItem","position":2,"name":"Shop","item":"https:\/\/www.swissraft.ch\/de\/shop\/"},{"@type":"ListItem","position":3,"name":"Schneeschuhwandern in AMDEN &#8211; TAGESTOUR MIT FONDUE &#8211; Ab CHF 165.00"}]},{"@type":"WebSite","@id":"https:\/\/www.swissraft.ch\/de\/#website","url":"https:\/\/www.swissraft.ch\/de\/","name":"Swissraft","description":"To enjoy nature as it is","publisher":{"@id":"https:\/\/www.swissraft.ch\/de\/#organization"},"potentialAction":[{"@type":"SearchAction","target":{"@type":"EntryPoint","urlTemplate":"https:\/\/www.swissraft.ch\/de\/?s={search_term_string}"},"query-input":{"@type":"PropertyValueSpecification","valueRequired":true,"valueName":"search_term_string"}}],"inLanguage":"de"},{"@type":"Organization","@id":"https:\/\/www.swissraft.ch\/de\/#organization","name":"Swissraft","url":"https:\/\/www.swissraft.ch\/de\/","logo":{"@type":"ImageObject","inLanguage":"de","@id":"https:\/\/www.swissraft.ch\/de\/#\/schema\/logo\/image\/","url":"https:\/\/www.swissraft.ch\/wp-content\/uploads\/2025\/09\/Capture.jpg","contentUrl":"https:\/\/www.swissraft.ch\/wp-content\/uploads\/2025\/09\/Capture.jpg","width":293,"height":108,"caption":"Swissraft"},"image":{"@id":"https:\/\/www.swissraft.ch\/de\/#\/schema\/logo\/image\/"}}]}},"_links":{"self":[{"href":"https:\/\/www.swissraft.ch\/de\/wp-json\/wp\/v2\/product\/91470","targetHints":{"allow":["GET"]}}],"collection":[{"href":"https:\/\/www.swissraft.ch\/de\/wp-json\/wp\/v2\/product"}],"about":[{"href":"https:\/\/www.swissraft.ch\/de\/wp-json\/wp\/v2\/types\/product"}],"replies":[{"embeddable":true,"href":"https:\/\/www.swissraft.ch\/de\/wp-json\/wp\/v2\/comments?post=91470"}],"version-history":[{"count":5,"href":"https:\/\/www.swissraft.ch\/de\/wp-json\/wp\/v2\/product\/91470\/revisions"}],"predecessor-version":[{"id":130339,"href":"https:\/\/www.swissraft.ch\/de\/wp-json\/wp\/v2\/product\/91470\/revisions\/130339"}],"wp:featuredmedia":[{"embeddable":true,"href":"https:\/\/www.swissraft.ch\/de\/wp-json\/wp\/v2\/media\/90127"}],"wp:attachment":[{"href":"https:\/\/www.swissraft.ch\/de\/wp-json\/wp\/v2\/media?parent=91470"}],"wp:term":[{"taxonomy":"product_cat","embeddable":true,"href":"https:\/\/www.swissraft.ch\/de\/wp-json\/wp\/v2\/product_cat?post=91470"},{"taxonomy":"product_tag","embeddable":true,"href":"https:\/\/www.swissraft.ch\/de\/wp-json\/wp\/v2\/product_tag?post=91470"}],"curies":[{"name":"wp","href":"https:\/\/api.w.org\/{rel}","templated":true}]}}