{"id":91469,"date":"2023-03-07T20:46:10","date_gmt":"2023-03-07T19:46:10","guid":{"rendered":"https:\/\/swissraft.xyanzkdne.eu\/product\/schneemobil-in-madesimo-splugen-pass-und-schwarzer-see-chf-280-00\/"},"modified":"2025-11-21T21:53:53","modified_gmt":"2025-11-21T20:53:53","slug":"schneetoeff-spluegen-schwarzsee-madesimo","status":"publish","type":"product","link":"https:\/\/www.swissraft.ch\/de\/produkt\/schneetoeff-spluegen-schwarzsee-madesimo\/","title":{"rendered":"Schneet\u00f6ff in MADESIMO &#8211; SPLUGENPASS UND SCHWARZSEE &#8211; CHF 260.00"},"content":{"rendered":"\t\t<div data-elementor-type=\"wp-post\" data-elementor-id=\"91469\" class=\"elementor elementor-91469 elementor-31586\">\n\t\t\t\t\t\t\t\t\t<section class=\"elementor-section elementor-top-section elementor-element elementor-element-3303a7e3 elementor-section-boxed elementor-section-height-default elementor-section-height-default\" data-id=\"3303a7e3\" data-element_type=\"section\">\n\t\t\t\t\t\t<div class=\"elementor-container elementor-column-gap-default\">\n\t\t\t\t\t<div class=\"elementor-column elementor-col-100 elementor-top-column elementor-element elementor-element-16d72dbf\" data-id=\"16d72dbf\" data-element_type=\"column\">\n\t\t\t<div class=\"elementor-widget-wrap elementor-element-populated\">\n\t\t\t\t\t\t\t\t<div class=\"elementor-element elementor-element-d743c03 elementor-widget elementor-widget-text-editor\" data-id=\"d743c03\" data-element_type=\"widget\" data-widget_type=\"text-editor.default\">\n\t\t\t\t<div class=\"elementor-widget-container\">\n\t\t\t\t\t\t\t<h2>W\u00c4HLEN SIE UNTEN IHRE AKTIVIT\u00c4T AUS, UM GESCHENKGUTSCHEINE \/ TICKETS ZU VERSCHENKEN ODER ZU BUCHEN<\/h2><table border=\"0\" width=\"580\" cellspacing=\"10\" cellpadding=\"10\"><tbody><tr><td width=\"50%\"><strong>SCHNEET\u00d6FF &#8211; SPLUEGEN &#8211; SCHWARZSEE &#8211; (1 Motorschlitten \/ 1-2 Pers.)<\/strong><\/td><td><strong>CHF 260.00 bis zu 2 Pers.<span class=\"productPrice\"><br \/><\/span><\/strong><\/td><\/tr><tr><td>Weitere Informationen<\/td><td><span class=\"plbl\">&#8211; <strong>Erscheinen Sie 20 Min. vor der Abfahrt<\/strong><br \/>&#8211; <\/span><span class=\"patt\">Der Pilot muss 18 j\u00e4hrig alt sein<br \/>&#8211; F\u00fchrerschein erforderlich<br \/>&#8211; Ab 10 j\u00e4hrig in Begleitung eines Erwachsenen<br \/>&#8211; Helmpflicht f\u00fcr Jugendliche bis 14 j\u00e4hrig<\/span><\/td><\/tr><tr><td>Treffpunkt<\/td><td><a href=\"https:\/\/www.google.com\/maps\/place\/46%C2%B026'50.3%22N+9%C2%B021'51.1%22E\/@46.4473968,9.3619629,389m\/data=!3m1!1e3!4m4!3m3!8m2!3d46.4473056!4d9.3641944?entry=ttu\" target=\"_blank\" rel=\"noopener\">Madesimo<\/a><\/td><\/tr><tr><td>Startzeit<\/td><td>11:45 Uhr<\/td><\/tr><tr><td>Schneet\u00f6ff<\/td><td>ca. 2 Std.<\/td><\/tr><tr><td>Gesamtdauer<\/td><td>ca. 2,5 Std.<\/td><\/tr><tr><td><button class=\"elementor-button\" type=\"button\"><a href=\"https:\/\/swissraft.outdoorbooking.ch\/fo\/products\/1288?base_id=206&amp;category_id=32&amp;order_type=gift_voucher&amp;lang=de\" target=\"_blank\" rel=\"noopener\">GUTSCHEIN \/ TICKET KAUFEN<\/a><\/button><\/td><td><a href=\"https:\/\/swissraft.outdoorbooking.ch:443\/fo\/products\/1288?base_id=206&amp;category_id=32order_type=event&amp;lang=de\" target=\"_blank\" rel=\"noopener\"><span style=\"color: #ff6600;\">RESERVIEREN SIE EIN DATUM<\/span><\/a><\/td><\/tr><\/tbody><\/table>\t\t\t\t\t\t<\/div>\n\t\t\t\t<\/div>\n\t\t\t\t\t<\/div>\n\t\t<\/div>\n\t\t\t\t\t\t\t<\/div>\n\t\t<\/section>\n\t\t\t\t\t\t\t<\/div>\n\t\t","protected":false},"excerpt":{"rendered":"<div align=\"justify\">\n<h2 align=\"justify\">Der Splugenpass und der Schwarze See sind zwei verschiedene Routen, insgesamt 2 Stunden Schneemobilfahrt.<\/h2>\n<h3>Eine der beliebtesten Routen aufgrund der Vielfalt der Alpenlandschaften.<\/h3>\n<\/div>\n<div align=\"justify\">\n<p>Von Madesimo aus k\u00f6nnen Sie den Spl\u00fcgenpass und den Schwarzsee mit dem Schneemobil erkunden, eine ideale Kombination f\u00fcr alle, die den Nervenkitzel suchen. In Begleitung unserer erfahrenen F\u00fchrer werden Sie diese aufregende Erfahrung des Fahrens auf Schnee voll und ganz genie\u00dfen. Es gibt zwei verschiedene Routen, von denen jede eine Menge Spa\u00df und Abenteuer bietet.<br \/>\nTauchen Sie zuerst in die Aufregung des Spl\u00fcgenpasses ein. Fahren Sie die schneebedeckten H\u00e4nge hinunter, w\u00e4hrend Sie die spektakul\u00e4re Landschaft bewundern, die um Sie herum vorbeizieht. Die engen Kurven und steilen Anstiege garantieren Ihnen einen unvergesslichen Adrenalinschub.<br \/>\nErkunden Sie anschlie\u00dfend die malerische Umgebung des Schwarzensees. Wandern Sie auf den verschneiten Pfaden, die sich um den zugefrorenen See schl\u00e4ngeln, und lassen Sie die Ruhe und die Sch\u00f6nheit der umliegenden Natur auf sich einwirken.<br \/>\nMit unseren kompetenten Reiseleitern werden Sie alle Geheimnisse dieser aufregenden Touren entdecken. Ihre Ratschl\u00e4ge und ihr Fachwissen werden Ihnen helfen, jeden Moment sicher zu genie\u00dfen.<br \/>\nKurzum, ob Sie nun auf der Suche nach einem Nervenkitzel oder einfach nur nach einem Abenteuer sind, der Spl\u00fcgenpass und der Schwarzsee bieten Ihnen unvergessliche Erlebnisse mit dem Schneemobil. Dann kommen Sie mit uns an Bord und erleben Sie intensive Momente im Herzen der Alpen.<\/p>\n<h3>Swissraft bietet weitere Schneemobiltouren von Madesimo im benachbarten Italien aus an.<\/h3>\n<p id=\"textarea\" style=\"display: none;\">\nDer Montespluga und die Cava-Route sind zu bew\u00e4ltigen. Ebenso bieten wir die Spl\u00fcgenpass-Runde und die Grand Tour-Runde an. In Engelberg im Kanton Obwalden haben wir eine 3 km lange Strecke mit elektrisch angetriebenen Schneemobilen und Moonbikes. Und f\u00fcr diejenigen, die ein revolution\u00e4res Fahrzeug suchen, das auch f\u00fcr Behinderte geeignet ist, empfehlen wir den Ziesel in Hoch-Ybrig.<\/p>\n<p><a id=\"seeMore\" onclick=\"toggleSeeMore()\" href=\"javascript:void(0);\">Lesen Sie mehr<\/a><\/p>\n","protected":false},"featured_media":90172,"comment_status":"open","ping_status":"closed","template":"","meta":{"inline_featured_image":false,"_mi_skip_tracking":false},"product_cat":[327,328],"product_tag":[],"class_list":["post-91469","product","type-product","status-publish","has-post-thumbnail","hentry","product_cat-schneetoeff-in-der-schweiz","product_cat-schneetoeff-madesimo"],"yoast_head":"<!-- This site is optimized with the Yoast SEO plugin v23.6 - https:\/\/yoast.com\/wordpress\/plugins\/seo\/ -->\n<title>Schneet\u00f6ff - Spluegen - Schwarzsee. Sch\u00f6ne Tour von 2 Std.<\/title>\n<meta name=\"description\" content=\"Schneet\u00f6ff - Spluegen - Schwarzsee. Wundersch\u00f6ne Tour von ca. 2 Stunden mit dem Schneemobil. Sie k\u00f6nnen zu zweit auf einem Schneemobil fahren\" \/>\n<meta name=\"robots\" content=\"index, follow, max-snippet:-1, max-image-preview:large, max-video-preview:-1\" \/>\n<link rel=\"canonical\" href=\"https:\/\/www.swissraft.ch\/de\/produkt\/schneetoeff-spluegen-schwarzsee-madesimo\/\" \/>\n<meta property=\"og:locale\" content=\"de_DE\" \/>\n<meta property=\"og:type\" content=\"article\" \/>\n<meta property=\"og:title\" content=\"Schneet\u00f6ff - Spluegen - Schwarzsee. Sch\u00f6ne Tour von 2 Std.\" \/>\n<meta property=\"og:description\" content=\"Schneet\u00f6ff - Spluegen - Schwarzsee. Wundersch\u00f6ne Tour von ca. 2 Stunden mit dem Schneemobil. Sie k\u00f6nnen zu zweit auf einem Schneemobil fahren\" \/>\n<meta property=\"og:url\" content=\"https:\/\/www.swissraft.ch\/de\/produkt\/schneetoeff-spluegen-schwarzsee-madesimo\/\" \/>\n<meta property=\"og:site_name\" content=\"Swissraft\" \/>\n<meta property=\"article:modified_time\" content=\"2025-11-21T20:53:53+00:00\" \/>\n<meta property=\"og:image\" content=\"https:\/\/www.swissraft.ch\/wp-content\/uploads\/2023\/03\/1-1-Col-du-Splugen-et-le-lac-Noir-776x776-1.png\" \/>\n\t<meta property=\"og:image:width\" content=\"776\" \/>\n\t<meta property=\"og:image:height\" content=\"776\" \/>\n\t<meta property=\"og:image:type\" content=\"image\/png\" \/>\n<meta name=\"twitter:card\" content=\"summary_large_image\" \/>\n<meta name=\"twitter:label1\" content=\"Gesch\u00e4tzte Lesezeit\" \/>\n\t<meta name=\"twitter:data1\" content=\"1\u00a0Minute\" \/>\n<script type=\"application\/ld+json\" class=\"yoast-schema-graph\">{\"@context\":\"https:\/\/schema.org\",\"@graph\":[{\"@type\":\"WebPage\",\"@id\":\"https:\/\/www.swissraft.ch\/de\/produkt\/schneetoeff-spluegen-schwarzsee-madesimo\/\",\"url\":\"https:\/\/www.swissraft.ch\/de\/produkt\/schneetoeff-spluegen-schwarzsee-madesimo\/\",\"name\":\"Schneet\u00f6ff - Spluegen - Schwarzsee. Sch\u00f6ne Tour von 2 Std.\",\"isPartOf\":{\"@id\":\"https:\/\/www.swissraft.ch\/de\/#website\"},\"primaryImageOfPage\":{\"@id\":\"https:\/\/www.swissraft.ch\/de\/produkt\/schneetoeff-spluegen-schwarzsee-madesimo\/#primaryimage\"},\"image\":{\"@id\":\"https:\/\/www.swissraft.ch\/de\/produkt\/schneetoeff-spluegen-schwarzsee-madesimo\/#primaryimage\"},\"thumbnailUrl\":\"https:\/\/www.swissraft.ch\/wp-content\/uploads\/2023\/03\/1-1-Col-du-Splugen-et-le-lac-Noir-776x776-1.png\",\"datePublished\":\"2023-03-07T19:46:10+00:00\",\"dateModified\":\"2025-11-21T20:53:53+00:00\",\"description\":\"Schneet\u00f6ff - Spluegen - Schwarzsee. Wundersch\u00f6ne Tour von ca. 2 Stunden mit dem Schneemobil. Sie k\u00f6nnen zu zweit auf einem Schneemobil fahren\",\"breadcrumb\":{\"@id\":\"https:\/\/www.swissraft.ch\/de\/produkt\/schneetoeff-spluegen-schwarzsee-madesimo\/#breadcrumb\"},\"inLanguage\":\"de\",\"potentialAction\":[{\"@type\":\"ReadAction\",\"target\":[\"https:\/\/www.swissraft.ch\/de\/produkt\/schneetoeff-spluegen-schwarzsee-madesimo\/\"]}]},{\"@type\":\"ImageObject\",\"inLanguage\":\"de\",\"@id\":\"https:\/\/www.swissraft.ch\/de\/produkt\/schneetoeff-spluegen-schwarzsee-madesimo\/#primaryimage\",\"url\":\"https:\/\/www.swissraft.ch\/wp-content\/uploads\/2023\/03\/1-1-Col-du-Splugen-et-le-lac-Noir-776x776-1.png\",\"contentUrl\":\"https:\/\/www.swissraft.ch\/wp-content\/uploads\/2023\/03\/1-1-Col-du-Splugen-et-le-lac-Noir-776x776-1.png\",\"width\":776,\"height\":776,\"caption\":\"Schneet\u00f6ff - Spluegen - Schwarzsee von Madesimo aus\"},{\"@type\":\"BreadcrumbList\",\"@id\":\"https:\/\/www.swissraft.ch\/de\/produkt\/schneetoeff-spluegen-schwarzsee-madesimo\/#breadcrumb\",\"itemListElement\":[{\"@type\":\"ListItem\",\"position\":1,\"name\":\"Accueil\",\"item\":\"https:\/\/www.swissraft.ch\/de\/\"},{\"@type\":\"ListItem\",\"position\":2,\"name\":\"Shop\",\"item\":\"https:\/\/www.swissraft.ch\/de\/shop\/\"},{\"@type\":\"ListItem\",\"position\":3,\"name\":\"Schneet\u00f6ff in MADESIMO &#8211; SPLUGENPASS UND SCHWARZSEE &#8211; CHF 260.00\"}]},{\"@type\":\"WebSite\",\"@id\":\"https:\/\/www.swissraft.ch\/de\/#website\",\"url\":\"https:\/\/www.swissraft.ch\/de\/\",\"name\":\"Swissraft\",\"description\":\"To enjoy nature as it is\",\"publisher\":{\"@id\":\"https:\/\/www.swissraft.ch\/de\/#organization\"},\"potentialAction\":[{\"@type\":\"SearchAction\",\"target\":{\"@type\":\"EntryPoint\",\"urlTemplate\":\"https:\/\/www.swissraft.ch\/de\/?s={search_term_string}\"},\"query-input\":{\"@type\":\"PropertyValueSpecification\",\"valueRequired\":true,\"valueName\":\"search_term_string\"}}],\"inLanguage\":\"de\"},{\"@type\":\"Organization\",\"@id\":\"https:\/\/www.swissraft.ch\/de\/#organization\",\"name\":\"Swissraft\",\"url\":\"https:\/\/www.swissraft.ch\/de\/\",\"logo\":{\"@type\":\"ImageObject\",\"inLanguage\":\"de\",\"@id\":\"https:\/\/www.swissraft.ch\/de\/#\/schema\/logo\/image\/\",\"url\":\"https:\/\/www.swissraft.ch\/wp-content\/uploads\/2025\/09\/Capture.jpg\",\"contentUrl\":\"https:\/\/www.swissraft.ch\/wp-content\/uploads\/2025\/09\/Capture.jpg\",\"width\":293,\"height\":108,\"caption\":\"Swissraft\"},\"image\":{\"@id\":\"https:\/\/www.swissraft.ch\/de\/#\/schema\/logo\/image\/\"}}]}<\/script>\n<!-- \/ Yoast SEO plugin. -->","yoast_head_json":{"title":"Schneet\u00f6ff - Spluegen - Schwarzsee. Sch\u00f6ne Tour von 2 Std.","description":"Schneet\u00f6ff - Spluegen - Schwarzsee. Wundersch\u00f6ne Tour von ca. 2 Stunden mit dem Schneemobil. Sie k\u00f6nnen zu zweit auf einem Schneemobil fahren","robots":{"index":"index","follow":"follow","max-snippet":"max-snippet:-1","max-image-preview":"max-image-preview:large","max-video-preview":"max-video-preview:-1"},"canonical":"https:\/\/www.swissraft.ch\/de\/produkt\/schneetoeff-spluegen-schwarzsee-madesimo\/","og_locale":"de_DE","og_type":"article","og_title":"Schneet\u00f6ff - Spluegen - Schwarzsee. Sch\u00f6ne Tour von 2 Std.","og_description":"Schneet\u00f6ff - Spluegen - Schwarzsee. Wundersch\u00f6ne Tour von ca. 2 Stunden mit dem Schneemobil. Sie k\u00f6nnen zu zweit auf einem Schneemobil fahren","og_url":"https:\/\/www.swissraft.ch\/de\/produkt\/schneetoeff-spluegen-schwarzsee-madesimo\/","og_site_name":"Swissraft","article_modified_time":"2025-11-21T20:53:53+00:00","og_image":[{"width":776,"height":776,"url":"https:\/\/www.swissraft.ch\/wp-content\/uploads\/2023\/03\/1-1-Col-du-Splugen-et-le-lac-Noir-776x776-1.png","type":"image\/png"}],"twitter_card":"summary_large_image","twitter_misc":{"Gesch\u00e4tzte Lesezeit":"1\u00a0Minute"},"schema":{"@context":"https:\/\/schema.org","@graph":[{"@type":"WebPage","@id":"https:\/\/www.swissraft.ch\/de\/produkt\/schneetoeff-spluegen-schwarzsee-madesimo\/","url":"https:\/\/www.swissraft.ch\/de\/produkt\/schneetoeff-spluegen-schwarzsee-madesimo\/","name":"Schneet\u00f6ff - Spluegen - Schwarzsee. Sch\u00f6ne Tour von 2 Std.","isPartOf":{"@id":"https:\/\/www.swissraft.ch\/de\/#website"},"primaryImageOfPage":{"@id":"https:\/\/www.swissraft.ch\/de\/produkt\/schneetoeff-spluegen-schwarzsee-madesimo\/#primaryimage"},"image":{"@id":"https:\/\/www.swissraft.ch\/de\/produkt\/schneetoeff-spluegen-schwarzsee-madesimo\/#primaryimage"},"thumbnailUrl":"https:\/\/www.swissraft.ch\/wp-content\/uploads\/2023\/03\/1-1-Col-du-Splugen-et-le-lac-Noir-776x776-1.png","datePublished":"2023-03-07T19:46:10+00:00","dateModified":"2025-11-21T20:53:53+00:00","description":"Schneet\u00f6ff - Spluegen - Schwarzsee. Wundersch\u00f6ne Tour von ca. 2 Stunden mit dem Schneemobil. Sie k\u00f6nnen zu zweit auf einem Schneemobil fahren","breadcrumb":{"@id":"https:\/\/www.swissraft.ch\/de\/produkt\/schneetoeff-spluegen-schwarzsee-madesimo\/#breadcrumb"},"inLanguage":"de","potentialAction":[{"@type":"ReadAction","target":["https:\/\/www.swissraft.ch\/de\/produkt\/schneetoeff-spluegen-schwarzsee-madesimo\/"]}]},{"@type":"ImageObject","inLanguage":"de","@id":"https:\/\/www.swissraft.ch\/de\/produkt\/schneetoeff-spluegen-schwarzsee-madesimo\/#primaryimage","url":"https:\/\/www.swissraft.ch\/wp-content\/uploads\/2023\/03\/1-1-Col-du-Splugen-et-le-lac-Noir-776x776-1.png","contentUrl":"https:\/\/www.swissraft.ch\/wp-content\/uploads\/2023\/03\/1-1-Col-du-Splugen-et-le-lac-Noir-776x776-1.png","width":776,"height":776,"caption":"Schneet\u00f6ff - Spluegen - Schwarzsee von Madesimo aus"},{"@type":"BreadcrumbList","@id":"https:\/\/www.swissraft.ch\/de\/produkt\/schneetoeff-spluegen-schwarzsee-madesimo\/#breadcrumb","itemListElement":[{"@type":"ListItem","position":1,"name":"Accueil","item":"https:\/\/www.swissraft.ch\/de\/"},{"@type":"ListItem","position":2,"name":"Shop","item":"https:\/\/www.swissraft.ch\/de\/shop\/"},{"@type":"ListItem","position":3,"name":"Schneet\u00f6ff in MADESIMO &#8211; SPLUGENPASS UND SCHWARZSEE &#8211; CHF 260.00"}]},{"@type":"WebSite","@id":"https:\/\/www.swissraft.ch\/de\/#website","url":"https:\/\/www.swissraft.ch\/de\/","name":"Swissraft","description":"To enjoy nature as it is","publisher":{"@id":"https:\/\/www.swissraft.ch\/de\/#organization"},"potentialAction":[{"@type":"SearchAction","target":{"@type":"EntryPoint","urlTemplate":"https:\/\/www.swissraft.ch\/de\/?s={search_term_string}"},"query-input":{"@type":"PropertyValueSpecification","valueRequired":true,"valueName":"search_term_string"}}],"inLanguage":"de"},{"@type":"Organization","@id":"https:\/\/www.swissraft.ch\/de\/#organization","name":"Swissraft","url":"https:\/\/www.swissraft.ch\/de\/","logo":{"@type":"ImageObject","inLanguage":"de","@id":"https:\/\/www.swissraft.ch\/de\/#\/schema\/logo\/image\/","url":"https:\/\/www.swissraft.ch\/wp-content\/uploads\/2025\/09\/Capture.jpg","contentUrl":"https:\/\/www.swissraft.ch\/wp-content\/uploads\/2025\/09\/Capture.jpg","width":293,"height":108,"caption":"Swissraft"},"image":{"@id":"https:\/\/www.swissraft.ch\/de\/#\/schema\/logo\/image\/"}}]}},"_links":{"self":[{"href":"https:\/\/www.swissraft.ch\/de\/wp-json\/wp\/v2\/product\/91469","targetHints":{"allow":["GET"]}}],"collection":[{"href":"https:\/\/www.swissraft.ch\/de\/wp-json\/wp\/v2\/product"}],"about":[{"href":"https:\/\/www.swissraft.ch\/de\/wp-json\/wp\/v2\/types\/product"}],"replies":[{"embeddable":true,"href":"https:\/\/www.swissraft.ch\/de\/wp-json\/wp\/v2\/comments?post=91469"}],"version-history":[{"count":63,"href":"https:\/\/www.swissraft.ch\/de\/wp-json\/wp\/v2\/product\/91469\/revisions"}],"predecessor-version":[{"id":123778,"href":"https:\/\/www.swissraft.ch\/de\/wp-json\/wp\/v2\/product\/91469\/revisions\/123778"}],"wp:featuredmedia":[{"embeddable":true,"href":"https:\/\/www.swissraft.ch\/de\/wp-json\/wp\/v2\/media\/90172"}],"wp:attachment":[{"href":"https:\/\/www.swissraft.ch\/de\/wp-json\/wp\/v2\/media?parent=91469"}],"wp:term":[{"taxonomy":"product_cat","embeddable":true,"href":"https:\/\/www.swissraft.ch\/de\/wp-json\/wp\/v2\/product_cat?post=91469"},{"taxonomy":"product_tag","embeddable":true,"href":"https:\/\/www.swissraft.ch\/de\/wp-json\/wp\/v2\/product_tag?post=91469"}],"curies":[{"name":"wp","href":"https:\/\/api.w.org\/{rel}","templated":true}]}}