{"id":91465,"date":"2023-03-07T20:32:39","date_gmt":"2023-03-07T19:32:39","guid":{"rendered":"https:\/\/swissraft.xyanzkdne.eu\/product\/schneemobil-in-madesimo-le-grand-tour-chf-420-00\/"},"modified":"2025-11-13T05:12:01","modified_gmt":"2025-11-13T04:12:01","slug":"schneetoeff-madesimo-die-grosse-tour","status":"publish","type":"product","link":"https:\/\/www.swissraft.ch\/de\/produkt\/schneetoeff-madesimo-die-grosse-tour\/","title":{"rendered":"Schneet\u00f6ff in MADESIMO &#8211; DIE GROSSE TOUR &#8211; CHF 420.00"},"content":{"rendered":"\t\t<div data-elementor-type=\"wp-post\" data-elementor-id=\"91465\" class=\"elementor elementor-91465 elementor-31581\">\n\t\t\t\t\t\t\t\t\t<section class=\"elementor-section elementor-top-section elementor-element elementor-element-3303a7e3 elementor-section-boxed elementor-section-height-default elementor-section-height-default\" data-id=\"3303a7e3\" data-element_type=\"section\">\n\t\t\t\t\t\t<div class=\"elementor-container elementor-column-gap-default\">\n\t\t\t\t\t<div class=\"elementor-column elementor-col-100 elementor-top-column elementor-element elementor-element-16d72dbf\" data-id=\"16d72dbf\" data-element_type=\"column\">\n\t\t\t<div class=\"elementor-widget-wrap elementor-element-populated\">\n\t\t\t\t\t\t\t\t<div class=\"elementor-element elementor-element-d743c03 elementor-widget elementor-widget-text-editor\" data-id=\"d743c03\" data-element_type=\"widget\" data-widget_type=\"text-editor.default\">\n\t\t\t\t<div class=\"elementor-widget-container\">\n\t\t\t\t\t\t\t<h2>W\u00c4HLEN SIE UNTEN IHRE AKTIVIT\u00c4T AUS, UM GESCHENKGUTSCHEINE \/ TICKETS ZU VERSCHENKEN ODER ZU BUCHEN<\/h2>\n<table border=\"0\" width=\"580\" cellspacing=\"10\" cellpadding=\"10\">\n<tbody>\n<tr>\n<td width=\"50%\"><strong>SCHNEET\u00d6FF IN MADESIMO &#8211; DIE GROSSE TOUR &#8211; (1 Schneet\u00f6ff \/ 1-2 Pers.)<\/strong><\/td>\n<td><strong>CHF 420.00 bis zu 2 Pers.<span class=\"productPrice\"><br \/><\/span><\/strong><\/td>\n<\/tr>\n<tr>\n<td>Weitere Informationen<\/td>\n<td><span class=\"plbl\">&#8211;  <strong>Erscheinen Sie 20 Min. vor der Abfahrt<\/strong><br \/>&#8211;  <\/span><span class=\"patt\">Der Pilot muss 18 j\u00e4hrig alt sein<br \/>&#8211; F\u00fchrerschein der Klasse B erforderlich<br \/>&#8211; Ab 14 Jahren in Begleitung eines Erwachsenen<br \/>&#8211; Helmpflicht f\u00fcr Jugendliche bis 14 j\u00e4hrig<\/span><\/td>\n<\/tr>\n<tr>\n<td>Treffpunkt<\/td>\n<td><a href=\"https:\/\/www.google.com\/maps\/place\/46%C2%B026'50.3%22N+9%C2%B021'51.1%22E\/@46.4473968,9.3619629,389m\/data=!3m1!1e3!4m4!3m3!8m2!3d46.4473056!4d9.3641944?entry=ttu\" target=\"_blank\" rel=\"noopener\">Madesimo<\/a><\/td>\n<\/tr>\n<tr>\n<td>Startzeit<\/td>\n<td>8:30 Uhr<\/td>\n<\/tr>\n<tr>\n<td>Schneet\u00f6ff<\/td>\n<td>ca. 3 Std.<\/td>\n<\/tr>\n<tr>\n<td>Gesamtdauer<\/td>\n<td>ca. 3,5 Std.<\/td>\n<\/tr>\n<tr>\n<td><button class=\"elementor-button\" type=\"button\"><a href=\"https:\/\/swissraft.outdoorbooking.ch\/fo\/products\/747?base_id=206&amp;category_id=32&amp;order_type=event&amp;lang=de\" target=\"_blank\" rel=\"noopener\">GUTSCHEIN \/ TICKET KAUFEN<\/a><\/button><\/td>\n<td><a href=\"https:\/\/swissraft.outdoorbooking.ch\/fo\/products\/747?base_id=206&amp;category_id=32&amp;order_type=event&amp;lang=de\" target=\"_blank\" rel=\"noopener\"><span style=\"color: #ff6600;\">RESERVIEREN SIE EIN DATUM<\/span><\/a><\/td>\n<\/tr>\n<\/tbody>\n<\/table>\n\t\t\t\t\t\t<\/div>\n\t\t\t\t<\/div>\n\t\t\t\t\t<\/div>\n\t\t<\/div>\n\t\t\t\t\t\t\t<\/div>\n\t\t<\/section>\n\t\t\t\t\t\t\t<\/div>\n\t\t","protected":false},"excerpt":{"rendered":"<div align=\"justify\">\n<h2 align=\"justify\">3-st\u00fcndige gro\u00dfe Schneemobiltour mit Restaurantpause w\u00e4hrend der Tour<\/h2>\n<h3>Es ist ein langer Rundweg von fast 70 km f\u00fcr alle, die mehr wollen!<\/h3>\n<\/div>\n<div align=\"justify\">\n<p>Begeben Sie sich auf ein grosses Abenteuer ab Madesimo mit einer langen Schneemobiltour. Erkunden Sie drei Stunden lang die verschneiten H\u00e4nge und fahren Sie sicher unsere Pisten hinunter. G\u00f6nnen Sie sich unterwegs eine wohlverdiente halbst\u00fcndige Pause und genie\u00dfen Sie einen kleinen Brunch in einem malerischen Bergrestaurant. Dieses spannende Erlebnis verspricht Ihnen kontinuierliche Action in einer nat\u00fcrlich sch\u00f6nen Umgebung. Mit atemberaubenden Aussichten entlang der gesamten Strecke werden Sie Momente purer Aufregung erleben. Unsere erfahrenen Reiseleiter begleiten Sie, sorgen f\u00fcr Ihre Sicherheit und teilen ihre Leidenschaft f\u00fcr das Abenteuer. Seien Sie bereit, das Adrenalin des Fahrens auf Schnee zu sp\u00fcren und unvergessliche Erinnerungen zu schaffen. Begleiten Sie uns auf einem epischen Abenteuer, das Ihnen einen starken Nervenkitzel und unvergessliche Erinnerungen bescheren wird.<\/p>\n<h3>Swissraft bietet weitere Schneemobiltouren von Madesimo im benachbarten Italien aus an.<\/h3>\n<p id=\"textarea\" style=\"display: none;\">Die Cava- und Montespluga-Route wird Ihnen gefallen. Sowie die Spl\u00fcgenpass-Runde. Aber auch die Splugenpass- und Schwarzsee-Runde. Au\u00dferdem haben wir in Engelberg am Fu\u00dfe des Titlis eine ca. 3 km lange Strecke mit Schneemobilen und Moonbikes mit Elektromotor. F\u00fcr diejenigen, die ein revolution\u00e4res, behindertengerechtes Fahrzeug entdecken m\u00f6chten, bietet Swissraft den Ziesel in Hoch-Ybrig an.\n<\/p>\n<p><a id=\"seeMore\" onclick=\"toggleSeeMore()\" href=\"javascript:void(0);\">Lesen Sie mehr<\/a><\/p>\n","protected":false},"featured_media":90181,"comment_status":"open","ping_status":"closed","template":"","meta":{"inline_featured_image":false,"_mi_skip_tracking":false},"product_cat":[327,328],"product_tag":[],"class_list":["post-91465","product","type-product","status-publish","has-post-thumbnail","hentry","product_cat-schneetoeff-in-der-schweiz","product_cat-schneetoeff-madesimo"],"yoast_head":"<!-- This site is optimized with the Yoast SEO plugin v23.6 - https:\/\/yoast.com\/wordpress\/plugins\/seo\/ -->\n<title>Schneet\u00f6ff - Madesimo - Gro\u00dfe Rundfahrt mit Pause<\/title>\n<meta name=\"description\" content=\"Schneet\u00f6ff - Madesimo - Gro\u00dfe Rundfahrt mit Restaurantpause. F\u00fcr alle, die mehr wollen. Eine Rundreise, die die Teilnehmer begeistert\" \/>\n<meta name=\"robots\" content=\"index, follow, max-snippet:-1, max-image-preview:large, max-video-preview:-1\" \/>\n<link rel=\"canonical\" href=\"https:\/\/www.swissraft.ch\/de\/produkt\/schneetoeff-madesimo-die-grosse-tour\/\" \/>\n<meta property=\"og:locale\" content=\"de_DE\" \/>\n<meta property=\"og:type\" content=\"article\" \/>\n<meta property=\"og:title\" content=\"Schneet\u00f6ff - Madesimo - Gro\u00dfe Rundfahrt mit Pause\" \/>\n<meta property=\"og:description\" content=\"Schneet\u00f6ff - Madesimo - Gro\u00dfe Rundfahrt mit Restaurantpause. F\u00fcr alle, die mehr wollen. Eine Rundreise, die die Teilnehmer begeistert\" \/>\n<meta property=\"og:url\" content=\"https:\/\/www.swissraft.ch\/de\/produkt\/schneetoeff-madesimo-die-grosse-tour\/\" \/>\n<meta property=\"og:site_name\" content=\"Swissraft\" \/>\n<meta property=\"article:modified_time\" content=\"2025-11-13T04:12:01+00:00\" \/>\n<meta property=\"og:image\" content=\"https:\/\/www.swissraft.ch\/wp-content\/uploads\/2023\/03\/1-1-Le-Grand-Tour-776x776-1.png\" \/>\n\t<meta property=\"og:image:width\" content=\"776\" \/>\n\t<meta property=\"og:image:height\" content=\"776\" \/>\n\t<meta property=\"og:image:type\" content=\"image\/png\" \/>\n<meta name=\"twitter:card\" content=\"summary_large_image\" \/>\n<meta name=\"twitter:label1\" content=\"Gesch\u00e4tzte Lesezeit\" \/>\n\t<meta name=\"twitter:data1\" content=\"1\u00a0Minute\" \/>\n<script type=\"application\/ld+json\" class=\"yoast-schema-graph\">{\"@context\":\"https:\/\/schema.org\",\"@graph\":[{\"@type\":\"WebPage\",\"@id\":\"https:\/\/www.swissraft.ch\/de\/produkt\/schneetoeff-madesimo-die-grosse-tour\/\",\"url\":\"https:\/\/www.swissraft.ch\/de\/produkt\/schneetoeff-madesimo-die-grosse-tour\/\",\"name\":\"Schneet\u00f6ff - Madesimo - Gro\u00dfe Rundfahrt mit Pause\",\"isPartOf\":{\"@id\":\"https:\/\/www.swissraft.ch\/de\/#website\"},\"primaryImageOfPage\":{\"@id\":\"https:\/\/www.swissraft.ch\/de\/produkt\/schneetoeff-madesimo-die-grosse-tour\/#primaryimage\"},\"image\":{\"@id\":\"https:\/\/www.swissraft.ch\/de\/produkt\/schneetoeff-madesimo-die-grosse-tour\/#primaryimage\"},\"thumbnailUrl\":\"https:\/\/www.swissraft.ch\/wp-content\/uploads\/2023\/03\/1-1-Le-Grand-Tour-776x776-1.png\",\"datePublished\":\"2023-03-07T19:32:39+00:00\",\"dateModified\":\"2025-11-13T04:12:01+00:00\",\"description\":\"Schneet\u00f6ff - Madesimo - Gro\u00dfe Rundfahrt mit Restaurantpause. F\u00fcr alle, die mehr wollen. Eine Rundreise, die die Teilnehmer begeistert\",\"breadcrumb\":{\"@id\":\"https:\/\/www.swissraft.ch\/de\/produkt\/schneetoeff-madesimo-die-grosse-tour\/#breadcrumb\"},\"inLanguage\":\"de\",\"potentialAction\":[{\"@type\":\"ReadAction\",\"target\":[\"https:\/\/www.swissraft.ch\/de\/produkt\/schneetoeff-madesimo-die-grosse-tour\/\"]}]},{\"@type\":\"ImageObject\",\"inLanguage\":\"de\",\"@id\":\"https:\/\/www.swissraft.ch\/de\/produkt\/schneetoeff-madesimo-die-grosse-tour\/#primaryimage\",\"url\":\"https:\/\/www.swissraft.ch\/wp-content\/uploads\/2023\/03\/1-1-Le-Grand-Tour-776x776-1.png\",\"contentUrl\":\"https:\/\/www.swissraft.ch\/wp-content\/uploads\/2023\/03\/1-1-Le-Grand-Tour-776x776-1.png\",\"width\":776,\"height\":776,\"caption\":\"Gro\u00dfe Tour von Madesimo aus mit dem Schneemobil\"},{\"@type\":\"BreadcrumbList\",\"@id\":\"https:\/\/www.swissraft.ch\/de\/produkt\/schneetoeff-madesimo-die-grosse-tour\/#breadcrumb\",\"itemListElement\":[{\"@type\":\"ListItem\",\"position\":1,\"name\":\"Accueil\",\"item\":\"https:\/\/www.swissraft.ch\/de\/\"},{\"@type\":\"ListItem\",\"position\":2,\"name\":\"Shop\",\"item\":\"https:\/\/www.swissraft.ch\/de\/shop\/\"},{\"@type\":\"ListItem\",\"position\":3,\"name\":\"Schneet\u00f6ff in MADESIMO &#8211; DIE GROSSE TOUR &#8211; CHF 420.00\"}]},{\"@type\":\"WebSite\",\"@id\":\"https:\/\/www.swissraft.ch\/de\/#website\",\"url\":\"https:\/\/www.swissraft.ch\/de\/\",\"name\":\"Swissraft\",\"description\":\"To enjoy nature as it is\",\"publisher\":{\"@id\":\"https:\/\/www.swissraft.ch\/de\/#organization\"},\"potentialAction\":[{\"@type\":\"SearchAction\",\"target\":{\"@type\":\"EntryPoint\",\"urlTemplate\":\"https:\/\/www.swissraft.ch\/de\/?s={search_term_string}\"},\"query-input\":{\"@type\":\"PropertyValueSpecification\",\"valueRequired\":true,\"valueName\":\"search_term_string\"}}],\"inLanguage\":\"de\"},{\"@type\":\"Organization\",\"@id\":\"https:\/\/www.swissraft.ch\/de\/#organization\",\"name\":\"Swissraft\",\"url\":\"https:\/\/www.swissraft.ch\/de\/\",\"logo\":{\"@type\":\"ImageObject\",\"inLanguage\":\"de\",\"@id\":\"https:\/\/www.swissraft.ch\/de\/#\/schema\/logo\/image\/\",\"url\":\"https:\/\/www.swissraft.ch\/wp-content\/uploads\/2025\/09\/Capture.jpg\",\"contentUrl\":\"https:\/\/www.swissraft.ch\/wp-content\/uploads\/2025\/09\/Capture.jpg\",\"width\":293,\"height\":108,\"caption\":\"Swissraft\"},\"image\":{\"@id\":\"https:\/\/www.swissraft.ch\/de\/#\/schema\/logo\/image\/\"}}]}<\/script>\n<!-- \/ Yoast SEO plugin. -->","yoast_head_json":{"title":"Schneet\u00f6ff - Madesimo - Gro\u00dfe Rundfahrt mit Pause","description":"Schneet\u00f6ff - Madesimo - Gro\u00dfe Rundfahrt mit Restaurantpause. F\u00fcr alle, die mehr wollen. Eine Rundreise, die die Teilnehmer begeistert","robots":{"index":"index","follow":"follow","max-snippet":"max-snippet:-1","max-image-preview":"max-image-preview:large","max-video-preview":"max-video-preview:-1"},"canonical":"https:\/\/www.swissraft.ch\/de\/produkt\/schneetoeff-madesimo-die-grosse-tour\/","og_locale":"de_DE","og_type":"article","og_title":"Schneet\u00f6ff - Madesimo - Gro\u00dfe Rundfahrt mit Pause","og_description":"Schneet\u00f6ff - Madesimo - Gro\u00dfe Rundfahrt mit Restaurantpause. F\u00fcr alle, die mehr wollen. Eine Rundreise, die die Teilnehmer begeistert","og_url":"https:\/\/www.swissraft.ch\/de\/produkt\/schneetoeff-madesimo-die-grosse-tour\/","og_site_name":"Swissraft","article_modified_time":"2025-11-13T04:12:01+00:00","og_image":[{"width":776,"height":776,"url":"https:\/\/www.swissraft.ch\/wp-content\/uploads\/2023\/03\/1-1-Le-Grand-Tour-776x776-1.png","type":"image\/png"}],"twitter_card":"summary_large_image","twitter_misc":{"Gesch\u00e4tzte Lesezeit":"1\u00a0Minute"},"schema":{"@context":"https:\/\/schema.org","@graph":[{"@type":"WebPage","@id":"https:\/\/www.swissraft.ch\/de\/produkt\/schneetoeff-madesimo-die-grosse-tour\/","url":"https:\/\/www.swissraft.ch\/de\/produkt\/schneetoeff-madesimo-die-grosse-tour\/","name":"Schneet\u00f6ff - Madesimo - Gro\u00dfe Rundfahrt mit Pause","isPartOf":{"@id":"https:\/\/www.swissraft.ch\/de\/#website"},"primaryImageOfPage":{"@id":"https:\/\/www.swissraft.ch\/de\/produkt\/schneetoeff-madesimo-die-grosse-tour\/#primaryimage"},"image":{"@id":"https:\/\/www.swissraft.ch\/de\/produkt\/schneetoeff-madesimo-die-grosse-tour\/#primaryimage"},"thumbnailUrl":"https:\/\/www.swissraft.ch\/wp-content\/uploads\/2023\/03\/1-1-Le-Grand-Tour-776x776-1.png","datePublished":"2023-03-07T19:32:39+00:00","dateModified":"2025-11-13T04:12:01+00:00","description":"Schneet\u00f6ff - Madesimo - Gro\u00dfe Rundfahrt mit Restaurantpause. F\u00fcr alle, die mehr wollen. Eine Rundreise, die die Teilnehmer begeistert","breadcrumb":{"@id":"https:\/\/www.swissraft.ch\/de\/produkt\/schneetoeff-madesimo-die-grosse-tour\/#breadcrumb"},"inLanguage":"de","potentialAction":[{"@type":"ReadAction","target":["https:\/\/www.swissraft.ch\/de\/produkt\/schneetoeff-madesimo-die-grosse-tour\/"]}]},{"@type":"ImageObject","inLanguage":"de","@id":"https:\/\/www.swissraft.ch\/de\/produkt\/schneetoeff-madesimo-die-grosse-tour\/#primaryimage","url":"https:\/\/www.swissraft.ch\/wp-content\/uploads\/2023\/03\/1-1-Le-Grand-Tour-776x776-1.png","contentUrl":"https:\/\/www.swissraft.ch\/wp-content\/uploads\/2023\/03\/1-1-Le-Grand-Tour-776x776-1.png","width":776,"height":776,"caption":"Gro\u00dfe Tour von Madesimo aus mit dem Schneemobil"},{"@type":"BreadcrumbList","@id":"https:\/\/www.swissraft.ch\/de\/produkt\/schneetoeff-madesimo-die-grosse-tour\/#breadcrumb","itemListElement":[{"@type":"ListItem","position":1,"name":"Accueil","item":"https:\/\/www.swissraft.ch\/de\/"},{"@type":"ListItem","position":2,"name":"Shop","item":"https:\/\/www.swissraft.ch\/de\/shop\/"},{"@type":"ListItem","position":3,"name":"Schneet\u00f6ff in MADESIMO &#8211; DIE GROSSE TOUR &#8211; CHF 420.00"}]},{"@type":"WebSite","@id":"https:\/\/www.swissraft.ch\/de\/#website","url":"https:\/\/www.swissraft.ch\/de\/","name":"Swissraft","description":"To enjoy nature as it is","publisher":{"@id":"https:\/\/www.swissraft.ch\/de\/#organization"},"potentialAction":[{"@type":"SearchAction","target":{"@type":"EntryPoint","urlTemplate":"https:\/\/www.swissraft.ch\/de\/?s={search_term_string}"},"query-input":{"@type":"PropertyValueSpecification","valueRequired":true,"valueName":"search_term_string"}}],"inLanguage":"de"},{"@type":"Organization","@id":"https:\/\/www.swissraft.ch\/de\/#organization","name":"Swissraft","url":"https:\/\/www.swissraft.ch\/de\/","logo":{"@type":"ImageObject","inLanguage":"de","@id":"https:\/\/www.swissraft.ch\/de\/#\/schema\/logo\/image\/","url":"https:\/\/www.swissraft.ch\/wp-content\/uploads\/2025\/09\/Capture.jpg","contentUrl":"https:\/\/www.swissraft.ch\/wp-content\/uploads\/2025\/09\/Capture.jpg","width":293,"height":108,"caption":"Swissraft"},"image":{"@id":"https:\/\/www.swissraft.ch\/de\/#\/schema\/logo\/image\/"}}]}},"_links":{"self":[{"href":"https:\/\/www.swissraft.ch\/de\/wp-json\/wp\/v2\/product\/91465","targetHints":{"allow":["GET"]}}],"collection":[{"href":"https:\/\/www.swissraft.ch\/de\/wp-json\/wp\/v2\/product"}],"about":[{"href":"https:\/\/www.swissraft.ch\/de\/wp-json\/wp\/v2\/types\/product"}],"replies":[{"embeddable":true,"href":"https:\/\/www.swissraft.ch\/de\/wp-json\/wp\/v2\/comments?post=91465"}],"version-history":[{"count":69,"href":"https:\/\/www.swissraft.ch\/de\/wp-json\/wp\/v2\/product\/91465\/revisions"}],"predecessor-version":[{"id":123355,"href":"https:\/\/www.swissraft.ch\/de\/wp-json\/wp\/v2\/product\/91465\/revisions\/123355"}],"wp:featuredmedia":[{"embeddable":true,"href":"https:\/\/www.swissraft.ch\/de\/wp-json\/wp\/v2\/media\/90181"}],"wp:attachment":[{"href":"https:\/\/www.swissraft.ch\/de\/wp-json\/wp\/v2\/media?parent=91465"}],"wp:term":[{"taxonomy":"product_cat","embeddable":true,"href":"https:\/\/www.swissraft.ch\/de\/wp-json\/wp\/v2\/product_cat?post=91465"},{"taxonomy":"product_tag","embeddable":true,"href":"https:\/\/www.swissraft.ch\/de\/wp-json\/wp\/v2\/product_tag?post=91465"}],"curies":[{"name":"wp","href":"https:\/\/api.w.org\/{rel}","templated":true}]}}