{"id":91462,"date":"2023-03-07T20:27:06","date_gmt":"2023-03-07T19:27:06","guid":{"rendered":"https:\/\/swissraft.xyanzkdne.eu\/product\/schneemobil-in-madesimo-col-du-splugen-chf-190-00\/"},"modified":"2025-09-23T00:49:17","modified_gmt":"2025-09-22T22:49:17","slug":"schneetoeff-madesimo-spluegenpass","status":"publish","type":"product","link":"https:\/\/www.swissraft.ch\/de\/produkt\/schneetoeff-madesimo-spluegenpass\/","title":{"rendered":"Schneet\u00f6ff in MADESIMO &#8211; SPL\u00dcGENPASS &#8211; CHF 190.00"},"content":{"rendered":"\t\t<div data-elementor-type=\"wp-post\" data-elementor-id=\"91462\" class=\"elementor elementor-91462 elementor-31575\">\n\t\t\t\t\t\t\t\t\t<section class=\"elementor-section elementor-top-section elementor-element elementor-element-3303a7e3 elementor-section-boxed elementor-section-height-default elementor-section-height-default\" data-id=\"3303a7e3\" data-element_type=\"section\">\n\t\t\t\t\t\t<div class=\"elementor-container elementor-column-gap-default\">\n\t\t\t\t\t<div class=\"elementor-column elementor-col-100 elementor-top-column elementor-element elementor-element-16d72dbf\" data-id=\"16d72dbf\" data-element_type=\"column\">\n\t\t\t<div class=\"elementor-widget-wrap elementor-element-populated\">\n\t\t\t\t\t\t\t\t<div class=\"elementor-element elementor-element-d743c03 elementor-widget elementor-widget-text-editor\" data-id=\"d743c03\" data-element_type=\"widget\" data-widget_type=\"text-editor.default\">\n\t\t\t\t<div class=\"elementor-widget-container\">\n\t\t\t\t\t\t\t<h2>W\u00c4HLEN SIE UNTEN IHRE AKTIVIT\u00c4T AUS, UM GESCHENKGUTSCHEINE \/ TICKETS ZU VERSCHENKEN ODER ZU BUCHEN.<\/h2>\n<table border=\"0\" width=\"580\" cellspacing=\"10\" cellpadding=\"10\">\n<tbody>\n<tr>\n<td width=\"50%\"><strong>Schneet\u00f6ff &#8211; MADESIMO &#8211; SPL\u00dcGENPASS &#8211; (1 Schneet\u00f6ff \/ 1-2 Pers.)<\/strong><\/td>\n<td><strong>CHF 190.00 bis zu 2 Pers.<span class=\"productPrice\"><br \/><\/span><\/strong><\/td>\n<\/tr>\n<tr>\n<td>Weitere Informationen<\/td>\n<td><span class=\"plbl\"><strong>&#8211; Melden Sie sich 20 Min. vor der Abfahrt<\/strong><br \/>&#8211;  <\/span><span class=\"patt\">Der Pilot muss 18 Jahre alt sein<br \/>&#8211; F\u00fchrerschein erforderlich<br \/>&#8211; Ab 10 Jahren in Begleitung eines Erwachsenen<br \/>&#8211; Helmpflicht f\u00fcr Jugendliche bis 14 j\u00e4hrig<\/span><\/td>\n<\/tr>\n<tr>\n<td>Treffpunkt<\/td>\n<td><a href=\"https:\/\/www.google.com\/maps\/place\/46%C2%B026'50.3%22N+9%C2%B021'51.1%22E\/@46.4473968,9.3619629,389m\/data=!3m1!1e3!4m4!3m3!8m2!3d46.4473056!4d9.3641944?entry=ttu\" target=\"_blank\" rel=\"noopener\">Madesimo<\/a><\/td>\n<\/tr>\n<tr>\n<td>Startzeiten<\/td>\n<td>Morgens und Nachmittags<\/td>\n<\/tr>\n<tr>\n<td>Schneet\u00f6ff<\/td>\n<td>ca. 1,5 Std.<\/td>\n<\/tr>\n<tr>\n<td>Gesamtdauer<\/td>\n<td>ca. 2 Std.<\/td>\n<\/tr>\n<tr>\n<td><button class=\"elementor-button\" type=\"button\"><a href=\"https:\/\/swissraft.outdoorbooking.ch\/fo\/products\/640?base_id=206&amp;category_id=32&amp;order_type=gift_voucher&amp;lang=de\" target=\"_blank\" rel=\"noopener\">GUTSCHEIN \/ TICKET KAUFEN<\/a><\/button><\/td>\n<td><strong><em>WICHTIG !<\/em><\/strong><br \/><em>Nach Erhalt Ihres Gutscheins\/Tickets rufen Sie bitte die oben links angegebene Nummer an, um zu reservieren.<\/em><\/td>\n<\/tr>\n<\/tbody>\n<\/table>\n\t\t\t\t\t\t<\/div>\n\t\t\t\t<\/div>\n\t\t\t\t\t<\/div>\n\t\t<\/div>\n\t\t\t\t\t\t\t<\/div>\n\t\t<\/section>\n\t\t\t\t\t\t\t<\/div>\n\t\t","protected":false},"excerpt":{"rendered":"<div align=\"justify\">\n<h2 align=\"justify\">Der Spl\u00fcgenpass auf der S\u00fcdseite mit dem Schneemobil, eine 45 km lange Tour von Madesimo aus.<\/h2>\n<h3>Ob Sie allein auf Ihrem Schneemobil oder zu zweit unterwegs sind, entdecken Sie diesen rasanten Motorsport.<\/h3>\n<\/div>\n<div align=\"justify\">\n<p>Wir wagen uns auf eine Strecke von etwa 45 km bis zur Schweizer Grenze, die auf einer beeindruckenden H\u00f6he von 2200 m liegt. Wir starten in Madesimo, wo wir unsere Reise entlang der majest\u00e4tischen W\u00e4lder und ruhigen Fl\u00fcsse beginnen und die reine Bergluft einatmen. Unser Weg f\u00fchrt uns dann zum imposanten Staudamm von Montespluga, ein atemberaubender Anblick. Auf unserem weiteren Weg erreichen wir das Geisterdorf Montespluga, dessen H\u00e4user in eine Schneedecke geh\u00fcllt sind und in der Zeit eingefroren sind. Das Abenteuer hat gerade erst begonnen, denn es liegen noch 10 km bis zur Spitze des Spl\u00fcgenpasses an der Schweizer Grenze vor uns, von wo aus wir ein atemberaubendes Panorama genie\u00dfen k\u00f6nnen. Vom Gipfel aus bietet sich Ihnen ein grandioser Anblick, so weit das Auge reicht. Nach diesem unvergesslichen Erlebnis beginnen wir den Abstieg mit den Erinnerungen im Gep\u00e4ck nach Madesimo, unserem Ausgangspunkt.      <\/p>\n<h3>Swissraft bietet 5 Schneemobiltouren mit Verbrennungsmotor von Madesimo aus an.<\/h3>\n<p id=\"textarea\" style=\"display: none;\">\nZum einen den Montespluga und zum anderen die Cava-Route. Au\u00dferdem bieten wir die Spl\u00fcgenpass- und Schwarzsee-Runde sowie die Grand Tour-Runde an. In Engelberg haben wir eine 3 km lange Strecke mit elektrisch betriebenen Motorschlitten und Moonbikes. F\u00fcr diejenigen, die ein revolution\u00e4res, behindertengerechtes Fahrzeug entdecken m\u00f6chten, bieten wir den Ziesel in Hoch-Ybrig an.\n<\/p>\n<p><a id=\"seeMore\" onclick=\"toggleSeeMore()\" href=\"javascript:void(0);\">Lesen Sie mehr<\/a><\/p>\n","protected":false},"featured_media":90163,"comment_status":"open","ping_status":"closed","template":"","meta":{"inline_featured_image":false,"_mi_skip_tracking":false},"product_cat":[327,328],"product_tag":[],"class_list":["post-91462","product","type-product","status-publish","has-post-thumbnail","hentry","product_cat-schneetoeff-in-der-schweiz","product_cat-schneetoeff-madesimo"],"yoast_head":"<!-- This site is optimized with the Yoast SEO plugin v23.6 - https:\/\/yoast.com\/wordpress\/plugins\/seo\/ -->\n<title>Schneet\u00f6ff - Madesimo - Spl\u00fcgen, eine spannende Strecke<\/title>\n<meta name=\"description\" content=\"Schneet\u00f6ff - Madesimo - Spl\u00fcgen, eine spannende Strecke, die Sie auf die Spitze des Splugenpasses an der Grenze zwischen Italien und der Schweiz f\u00fchrt.\" \/>\n<meta name=\"robots\" content=\"index, follow, max-snippet:-1, max-image-preview:large, max-video-preview:-1\" \/>\n<link rel=\"canonical\" href=\"https:\/\/www.swissraft.ch\/de\/produkt\/schneetoeff-madesimo-spluegenpass\/\" \/>\n<meta property=\"og:locale\" content=\"de_DE\" \/>\n<meta property=\"og:type\" content=\"article\" \/>\n<meta property=\"og:title\" content=\"Schneet\u00f6ff - Madesimo - Spl\u00fcgen, eine spannende Strecke\" \/>\n<meta property=\"og:description\" content=\"Schneet\u00f6ff - Madesimo - Spl\u00fcgen, eine spannende Strecke, die Sie auf die Spitze des Splugenpasses an der Grenze zwischen Italien und der Schweiz f\u00fchrt.\" \/>\n<meta property=\"og:url\" content=\"https:\/\/www.swissraft.ch\/de\/produkt\/schneetoeff-madesimo-spluegenpass\/\" \/>\n<meta property=\"og:site_name\" content=\"Swissraft\" \/>\n<meta property=\"article:modified_time\" content=\"2025-09-22T22:49:17+00:00\" \/>\n<meta property=\"og:image\" content=\"https:\/\/www.swissraft.ch\/wp-content\/uploads\/2023\/03\/1-1-Col-du-Splugen-776x776-1.jpg\" \/>\n\t<meta property=\"og:image:width\" content=\"776\" \/>\n\t<meta property=\"og:image:height\" content=\"776\" \/>\n\t<meta property=\"og:image:type\" content=\"image\/jpeg\" \/>\n<meta name=\"twitter:card\" content=\"summary_large_image\" \/>\n<meta name=\"twitter:label1\" content=\"Gesch\u00e4tzte Lesezeit\" \/>\n\t<meta name=\"twitter:data1\" content=\"1\u00a0Minute\" \/>\n<script type=\"application\/ld+json\" class=\"yoast-schema-graph\">{\"@context\":\"https:\/\/schema.org\",\"@graph\":[{\"@type\":\"WebPage\",\"@id\":\"https:\/\/www.swissraft.ch\/de\/produkt\/schneetoeff-madesimo-spluegenpass\/\",\"url\":\"https:\/\/www.swissraft.ch\/de\/produkt\/schneetoeff-madesimo-spluegenpass\/\",\"name\":\"Schneet\u00f6ff - Madesimo - Spl\u00fcgen, eine spannende Strecke\",\"isPartOf\":{\"@id\":\"https:\/\/www.swissraft.ch\/de\/#website\"},\"primaryImageOfPage\":{\"@id\":\"https:\/\/www.swissraft.ch\/de\/produkt\/schneetoeff-madesimo-spluegenpass\/#primaryimage\"},\"image\":{\"@id\":\"https:\/\/www.swissraft.ch\/de\/produkt\/schneetoeff-madesimo-spluegenpass\/#primaryimage\"},\"thumbnailUrl\":\"https:\/\/www.swissraft.ch\/wp-content\/uploads\/2023\/03\/1-1-Col-du-Splugen-776x776-1.jpg\",\"datePublished\":\"2023-03-07T19:27:06+00:00\",\"dateModified\":\"2025-09-22T22:49:17+00:00\",\"description\":\"Schneet\u00f6ff - Madesimo - Spl\u00fcgen, eine spannende Strecke, die Sie auf die Spitze des Splugenpasses an der Grenze zwischen Italien und der Schweiz f\u00fchrt.\",\"breadcrumb\":{\"@id\":\"https:\/\/www.swissraft.ch\/de\/produkt\/schneetoeff-madesimo-spluegenpass\/#breadcrumb\"},\"inLanguage\":\"de\",\"potentialAction\":[{\"@type\":\"ReadAction\",\"target\":[\"https:\/\/www.swissraft.ch\/de\/produkt\/schneetoeff-madesimo-spluegenpass\/\"]}]},{\"@type\":\"ImageObject\",\"inLanguage\":\"de\",\"@id\":\"https:\/\/www.swissraft.ch\/de\/produkt\/schneetoeff-madesimo-spluegenpass\/#primaryimage\",\"url\":\"https:\/\/www.swissraft.ch\/wp-content\/uploads\/2023\/03\/1-1-Col-du-Splugen-776x776-1.jpg\",\"contentUrl\":\"https:\/\/www.swissraft.ch\/wp-content\/uploads\/2023\/03\/1-1-Col-du-Splugen-776x776-1.jpg\",\"width\":776,\"height\":776,\"caption\":\"Splugenpass mit dem Schneemobil von Madesimo aus\"},{\"@type\":\"BreadcrumbList\",\"@id\":\"https:\/\/www.swissraft.ch\/de\/produkt\/schneetoeff-madesimo-spluegenpass\/#breadcrumb\",\"itemListElement\":[{\"@type\":\"ListItem\",\"position\":1,\"name\":\"Accueil\",\"item\":\"https:\/\/www.swissraft.ch\/de\/\"},{\"@type\":\"ListItem\",\"position\":2,\"name\":\"Shop\",\"item\":\"https:\/\/www.swissraft.ch\/de\/shop\/\"},{\"@type\":\"ListItem\",\"position\":3,\"name\":\"Schneet\u00f6ff in MADESIMO &#8211; SPL\u00dcGENPASS &#8211; CHF 190.00\"}]},{\"@type\":\"WebSite\",\"@id\":\"https:\/\/www.swissraft.ch\/de\/#website\",\"url\":\"https:\/\/www.swissraft.ch\/de\/\",\"name\":\"Swissraft\",\"description\":\"To enjoy nature as it is\",\"publisher\":{\"@id\":\"https:\/\/www.swissraft.ch\/de\/#organization\"},\"potentialAction\":[{\"@type\":\"SearchAction\",\"target\":{\"@type\":\"EntryPoint\",\"urlTemplate\":\"https:\/\/www.swissraft.ch\/de\/?s={search_term_string}\"},\"query-input\":{\"@type\":\"PropertyValueSpecification\",\"valueRequired\":true,\"valueName\":\"search_term_string\"}}],\"inLanguage\":\"de\"},{\"@type\":\"Organization\",\"@id\":\"https:\/\/www.swissraft.ch\/de\/#organization\",\"name\":\"Swissraft\",\"url\":\"https:\/\/www.swissraft.ch\/de\/\",\"logo\":{\"@type\":\"ImageObject\",\"inLanguage\":\"de\",\"@id\":\"https:\/\/www.swissraft.ch\/de\/#\/schema\/logo\/image\/\",\"url\":\"https:\/\/www.swissraft.ch\/wp-content\/uploads\/2025\/09\/Capture.jpg\",\"contentUrl\":\"https:\/\/www.swissraft.ch\/wp-content\/uploads\/2025\/09\/Capture.jpg\",\"width\":293,\"height\":108,\"caption\":\"Swissraft\"},\"image\":{\"@id\":\"https:\/\/www.swissraft.ch\/de\/#\/schema\/logo\/image\/\"}}]}<\/script>\n<!-- \/ Yoast SEO plugin. -->","yoast_head_json":{"title":"Schneet\u00f6ff - Madesimo - Spl\u00fcgen, eine spannende Strecke","description":"Schneet\u00f6ff - Madesimo - Spl\u00fcgen, eine spannende Strecke, die Sie auf die Spitze des Splugenpasses an der Grenze zwischen Italien und der Schweiz f\u00fchrt.","robots":{"index":"index","follow":"follow","max-snippet":"max-snippet:-1","max-image-preview":"max-image-preview:large","max-video-preview":"max-video-preview:-1"},"canonical":"https:\/\/www.swissraft.ch\/de\/produkt\/schneetoeff-madesimo-spluegenpass\/","og_locale":"de_DE","og_type":"article","og_title":"Schneet\u00f6ff - Madesimo - Spl\u00fcgen, eine spannende Strecke","og_description":"Schneet\u00f6ff - Madesimo - Spl\u00fcgen, eine spannende Strecke, die Sie auf die Spitze des Splugenpasses an der Grenze zwischen Italien und der Schweiz f\u00fchrt.","og_url":"https:\/\/www.swissraft.ch\/de\/produkt\/schneetoeff-madesimo-spluegenpass\/","og_site_name":"Swissraft","article_modified_time":"2025-09-22T22:49:17+00:00","og_image":[{"width":776,"height":776,"url":"https:\/\/www.swissraft.ch\/wp-content\/uploads\/2023\/03\/1-1-Col-du-Splugen-776x776-1.jpg","type":"image\/jpeg"}],"twitter_card":"summary_large_image","twitter_misc":{"Gesch\u00e4tzte Lesezeit":"1\u00a0Minute"},"schema":{"@context":"https:\/\/schema.org","@graph":[{"@type":"WebPage","@id":"https:\/\/www.swissraft.ch\/de\/produkt\/schneetoeff-madesimo-spluegenpass\/","url":"https:\/\/www.swissraft.ch\/de\/produkt\/schneetoeff-madesimo-spluegenpass\/","name":"Schneet\u00f6ff - Madesimo - Spl\u00fcgen, eine spannende Strecke","isPartOf":{"@id":"https:\/\/www.swissraft.ch\/de\/#website"},"primaryImageOfPage":{"@id":"https:\/\/www.swissraft.ch\/de\/produkt\/schneetoeff-madesimo-spluegenpass\/#primaryimage"},"image":{"@id":"https:\/\/www.swissraft.ch\/de\/produkt\/schneetoeff-madesimo-spluegenpass\/#primaryimage"},"thumbnailUrl":"https:\/\/www.swissraft.ch\/wp-content\/uploads\/2023\/03\/1-1-Col-du-Splugen-776x776-1.jpg","datePublished":"2023-03-07T19:27:06+00:00","dateModified":"2025-09-22T22:49:17+00:00","description":"Schneet\u00f6ff - Madesimo - Spl\u00fcgen, eine spannende Strecke, die Sie auf die Spitze des Splugenpasses an der Grenze zwischen Italien und der Schweiz f\u00fchrt.","breadcrumb":{"@id":"https:\/\/www.swissraft.ch\/de\/produkt\/schneetoeff-madesimo-spluegenpass\/#breadcrumb"},"inLanguage":"de","potentialAction":[{"@type":"ReadAction","target":["https:\/\/www.swissraft.ch\/de\/produkt\/schneetoeff-madesimo-spluegenpass\/"]}]},{"@type":"ImageObject","inLanguage":"de","@id":"https:\/\/www.swissraft.ch\/de\/produkt\/schneetoeff-madesimo-spluegenpass\/#primaryimage","url":"https:\/\/www.swissraft.ch\/wp-content\/uploads\/2023\/03\/1-1-Col-du-Splugen-776x776-1.jpg","contentUrl":"https:\/\/www.swissraft.ch\/wp-content\/uploads\/2023\/03\/1-1-Col-du-Splugen-776x776-1.jpg","width":776,"height":776,"caption":"Splugenpass mit dem Schneemobil von Madesimo aus"},{"@type":"BreadcrumbList","@id":"https:\/\/www.swissraft.ch\/de\/produkt\/schneetoeff-madesimo-spluegenpass\/#breadcrumb","itemListElement":[{"@type":"ListItem","position":1,"name":"Accueil","item":"https:\/\/www.swissraft.ch\/de\/"},{"@type":"ListItem","position":2,"name":"Shop","item":"https:\/\/www.swissraft.ch\/de\/shop\/"},{"@type":"ListItem","position":3,"name":"Schneet\u00f6ff in MADESIMO &#8211; SPL\u00dcGENPASS &#8211; CHF 190.00"}]},{"@type":"WebSite","@id":"https:\/\/www.swissraft.ch\/de\/#website","url":"https:\/\/www.swissraft.ch\/de\/","name":"Swissraft","description":"To enjoy nature as it is","publisher":{"@id":"https:\/\/www.swissraft.ch\/de\/#organization"},"potentialAction":[{"@type":"SearchAction","target":{"@type":"EntryPoint","urlTemplate":"https:\/\/www.swissraft.ch\/de\/?s={search_term_string}"},"query-input":{"@type":"PropertyValueSpecification","valueRequired":true,"valueName":"search_term_string"}}],"inLanguage":"de"},{"@type":"Organization","@id":"https:\/\/www.swissraft.ch\/de\/#organization","name":"Swissraft","url":"https:\/\/www.swissraft.ch\/de\/","logo":{"@type":"ImageObject","inLanguage":"de","@id":"https:\/\/www.swissraft.ch\/de\/#\/schema\/logo\/image\/","url":"https:\/\/www.swissraft.ch\/wp-content\/uploads\/2025\/09\/Capture.jpg","contentUrl":"https:\/\/www.swissraft.ch\/wp-content\/uploads\/2025\/09\/Capture.jpg","width":293,"height":108,"caption":"Swissraft"},"image":{"@id":"https:\/\/www.swissraft.ch\/de\/#\/schema\/logo\/image\/"}}]}},"_links":{"self":[{"href":"https:\/\/www.swissraft.ch\/de\/wp-json\/wp\/v2\/product\/91462","targetHints":{"allow":["GET"]}}],"collection":[{"href":"https:\/\/www.swissraft.ch\/de\/wp-json\/wp\/v2\/product"}],"about":[{"href":"https:\/\/www.swissraft.ch\/de\/wp-json\/wp\/v2\/types\/product"}],"replies":[{"embeddable":true,"href":"https:\/\/www.swissraft.ch\/de\/wp-json\/wp\/v2\/comments?post=91462"}],"version-history":[{"count":18,"href":"https:\/\/www.swissraft.ch\/de\/wp-json\/wp\/v2\/product\/91462\/revisions"}],"predecessor-version":[{"id":121885,"href":"https:\/\/www.swissraft.ch\/de\/wp-json\/wp\/v2\/product\/91462\/revisions\/121885"}],"wp:featuredmedia":[{"embeddable":true,"href":"https:\/\/www.swissraft.ch\/de\/wp-json\/wp\/v2\/media\/90163"}],"wp:attachment":[{"href":"https:\/\/www.swissraft.ch\/de\/wp-json\/wp\/v2\/media?parent=91462"}],"wp:term":[{"taxonomy":"product_cat","embeddable":true,"href":"https:\/\/www.swissraft.ch\/de\/wp-json\/wp\/v2\/product_cat?post=91462"},{"taxonomy":"product_tag","embeddable":true,"href":"https:\/\/www.swissraft.ch\/de\/wp-json\/wp\/v2\/product_tag?post=91462"}],"curies":[{"name":"wp","href":"https:\/\/api.w.org\/{rel}","templated":true}]}}