{"id":91461,"date":"2023-03-05T22:37:16","date_gmt":"2023-03-05T21:37:16","guid":{"rendered":"https:\/\/swissraft.xyanzkdne.eu\/product\/jetbootfahren-in-interlaken-brienzsee-ab-chf-79-00\/"},"modified":"2026-04-15T23:40:17","modified_gmt":"2026-04-15T21:40:17","slug":"jetboot-interlaken-brienzsee","status":"publish","type":"product","link":"https:\/\/www.swissraft.ch\/de\/produkt\/jetboot-interlaken-brienzsee\/","title":{"rendered":"Jet boat &#8211; Interlaken &#8211; Brienzersee &#8211; Ab CHF 89.00"},"content":{"rendered":"\t\t<div data-elementor-type=\"wp-post\" data-elementor-id=\"91461\" class=\"elementor elementor-91461 elementor-31438\">\n\t\t\t\t\t\t\t\t\t<section class=\"elementor-section elementor-top-section elementor-element elementor-element-3303a7e3 elementor-section-boxed elementor-section-height-default elementor-section-height-default\" data-id=\"3303a7e3\" data-element_type=\"section\">\n\t\t\t\t\t\t<div class=\"elementor-container elementor-column-gap-default\">\n\t\t\t\t\t<div class=\"elementor-column elementor-col-100 elementor-top-column elementor-element elementor-element-16d72dbf\" data-id=\"16d72dbf\" data-element_type=\"column\">\n\t\t\t<div class=\"elementor-widget-wrap elementor-element-populated\">\n\t\t\t\t\t\t\t\t<div class=\"elementor-element elementor-element-d743c03 elementor-widget elementor-widget-text-editor\" data-id=\"d743c03\" data-element_type=\"widget\" data-widget_type=\"text-editor.default\">\n\t\t\t\t<div class=\"elementor-widget-container\">\n\t\t\t\t\t\t\t<h2>W\u00c4HLEN SIE UNTEN IHRE AKTIVIT\u00c4T AUS, UM GESCHENKGUTSCHEINE \/ TICKETS ZU VERSCHENKEN ODER ZU BUCHEN.<\/h2><table border=\"0\" width=\"580\" cellspacing=\"10\" cellpadding=\"10\"><tbody><tr><td width=\"50%\"><strong>JET BOAT &#8211; INTERLAKEN (1 Pers.)<\/strong><\/td><td><strong>CHF 119.00 pro Person<span class=\"productPrice\"><br \/><\/span><\/strong><\/td><\/tr><tr><td>Zus\u00e4tzliche Informationen<\/td><td>&#8211; <span class=\"plbl\">Jugendpreis <\/span>: <span class=\"patt\"><strong>CHF 89.00<\/strong>\/Pers. bis 15 j\u00e4hrig<br \/><\/span><span class=\"plbl\">&#8211; <\/span><span class=\"patt\">Mindestgr\u00f6\u00dfe : 1 m<br \/>&#8211; Pick up Service in Interlaken<br \/>&#8211; Fotos im Preis enthalten<\/span><\/td><\/tr><tr><td>Startzeiten<\/td><td>Nur mit Reservierung<\/td><\/tr><tr><td>Schifffahrt<\/td><td>ca. 50 Min.<\/td><\/tr><tr><td>Gesamtdauer<\/td><td>ca. 1 Std.<\/td><\/tr><tr><td>Treffpunkt<\/td><td><span style=\"color: #ff6600;\"><strong><a href=\"https:\/\/www.google.com\/maps\/place\/46%C2%B041'22.5%22N+7%C2%B053'53.1%22E\/@46.6898368,7.8933028,774m\/data=!3m1!1e3!4m4!3m3!8m2!3d46.6895833!4d7.8980833?entry=ttu\" target=\"_blank\" rel=\"noopener\">B\u00f6nigen<\/a><\/strong><\/span><\/td><\/tr><tr><td><button class=\"elementor-button\" type=\"button\"><a href=\"https:\/\/swissraft.outdoorbooking.ch\/fo\/products\/174?base_id=59&amp;category_id=23&amp;order_type=gift_voucher&amp;lang=de\" target=\"_blank\" rel=\"noopener\">GUTSCHEIN \/ TICKET KAUFEN<\/a><\/button><\/td><td><span style=\"color: #ff6600;\"><br \/><a href=\"https:\/\/swissraft.outdoorbooking.ch\/fo\/products\/174?base_id=59&amp;category_id=23&amp;order_type=event&amp;lang=de\" target=\"_blank\" rel=\"noopener\">RESERVIEREN SIE EIN DATUM <\/a>\u00a0<\/span><strong>CHF 119.00<\/strong>\/Pers.<\/td><\/tr><tr><td><button class=\"elementor-button\" type=\"button\"><a href=\"https:\/\/swissraft.outdoorbooking.ch\/fo\/products\/368?base_id=59&amp;category_id=23&amp;order_type=gift_voucher&amp;lang=de\" target=\"_blank\" rel=\"noopener\">GUTSCHEIN \/ TICKET KAUFEN<\/a><\/button><\/td><td><strong>CHF 374.00 (2 Erw. + 2 Kinder) Pauschal<\/strong><\/td><\/tr><tr><td><button class=\"elementor-button\" type=\"button\"><a href=\"https:\/\/swissraft.outdoorbooking.ch\/fo\/products\/372?base_id=59&amp;category_id=23&amp;order_type=gift_voucher&amp;lang=de\" target=\"_blank\" rel=\"noopener\">GUTSCHEIN \/ TICKET KAUFEN<\/a><\/button><\/td><td><strong>CHF 999.00 (1-11 Pers.) &#8211; 1 Jet Boat<\/strong><strong><br \/><\/strong><\/td><\/tr><tr><td>\u00a0<\/td><td><strong><em>WICHTIG !<\/em><\/strong><br \/><em>Um zu reservieren, rufen Sie die Nummer an, die sich oben links auf dem Gutschein \/ Ticket befindet.<\/em><\/td><\/tr><\/tbody><\/table>\t\t\t\t\t\t<\/div>\n\t\t\t\t<\/div>\n\t\t\t\t\t<\/div>\n\t\t<\/div>\n\t\t\t\t\t\t\t<\/div>\n\t\t<\/section>\n\t\t\t\t\t\t\t<\/div>\n\t\t","protected":false},"excerpt":{"rendered":"<div align=\"justify\">\n<h2 align=\"justify\">Eine verr\u00fcckte Zeit auf einem Jetboot in Interlaken auf dem Brienzersee<\/h2>\n<h3>Auf einer sicheren, aber rasanten Jetboot-Tour unterwegs<\/h3>\n<\/div>\n<div align=\"justify\">\n<p>Im Jetboot erleben Sie eine intensive Stunde auf einer 30 km langen Strecke, die v\u00f6llig verr\u00fcckt ist. Unser Pilot bringt Sie zum Fu\u00dfe der Gissbach-Wasserf\u00e4lle mit ihren 14 spektakul\u00e4ren Wasserf\u00e4llen. Au\u00dferdem kombiniert das Jetboot Natur und Action mit 360\u00b0 Volten, Rutschen und Slalom. Einerseits fahren Sie mit mehr als 60 km\/h auf dem Wasser. Andererseits kommt es Ihnen bei dieser Geschwindigkeit so vor, als w\u00fcrden Sie mit 200 km\/h \u00fcber das Wasser rasen. Mit diesen Empfindungen erleben Sie eine v\u00f6llig verr\u00fcckte Stunde. Nach fast einer Stunde voller Aufregung, Gel\u00e4chter und Wasserspritzer kehrten wir friedlich zum Hafen von B\u00f6nigen zur\u00fcck.<\/p>\n<h3>Swissraft ist immer auf der Suche nach neuen Aktivit\u00e4ten in der Schweiz, um seine treuen Kunden zufrieden zu stellen.<\/h3>\n<\/div>\n","protected":false},"featured_media":85513,"comment_status":"open","ping_status":"closed","template":"","meta":{"inline_featured_image":false,"_mi_skip_tracking":false},"product_cat":[330,329],"product_tag":[],"class_list":["post-91461","product","type-product","status-publish","has-post-thumbnail","hentry","product_cat-jetboot-auf-dem-brienzersee","product_cat-wildwassersport"],"yoast_head":"<!-- This site is optimized with the Yoast SEO plugin v23.6 - https:\/\/yoast.com\/wordpress\/plugins\/seo\/ -->\n<title>Jetboot in Interlaken, erleben Sie eine intensive Stunde<\/title>\n<meta name=\"description\" content=\"Jetboot in Interlaken. Erleben Sie eine intensive Stunde an Bord unseres Jetboates auf dem Brienzersee. Dieses Erlebnis werden Sie nicht vergessen\" \/>\n<meta name=\"robots\" content=\"index, follow, max-snippet:-1, max-image-preview:large, max-video-preview:-1\" \/>\n<link rel=\"canonical\" href=\"https:\/\/www.swissraft.ch\/de\/produkt\/jetboot-interlaken-brienzsee\/\" \/>\n<meta property=\"og:locale\" content=\"de_DE\" \/>\n<meta property=\"og:type\" content=\"article\" \/>\n<meta property=\"og:title\" content=\"Jetboot in Interlaken, erleben Sie eine intensive Stunde\" \/>\n<meta property=\"og:description\" content=\"Jetboot in Interlaken. Erleben Sie eine intensive Stunde an Bord unseres Jetboates auf dem Brienzersee. Dieses Erlebnis werden Sie nicht vergessen\" \/>\n<meta property=\"og:url\" content=\"https:\/\/www.swissraft.ch\/de\/produkt\/jetboot-interlaken-brienzsee\/\" \/>\n<meta property=\"og:site_name\" content=\"Swissraft\" \/>\n<meta property=\"article:modified_time\" content=\"2026-04-15T21:40:17+00:00\" \/>\n<meta property=\"og:image\" content=\"https:\/\/www.swissraft.ch\/wp-content\/uploads\/2023\/03\/1_Jetboat_776x776.jpg\" \/>\n\t<meta property=\"og:image:width\" content=\"776\" \/>\n\t<meta property=\"og:image:height\" content=\"776\" \/>\n\t<meta property=\"og:image:type\" content=\"image\/jpeg\" \/>\n<meta name=\"twitter:card\" content=\"summary_large_image\" \/>\n<meta name=\"twitter:label1\" content=\"Gesch\u00e4tzte Lesezeit\" \/>\n\t<meta name=\"twitter:data1\" content=\"1\u00a0Minute\" \/>\n<script type=\"application\/ld+json\" class=\"yoast-schema-graph\">{\"@context\":\"https:\/\/schema.org\",\"@graph\":[{\"@type\":\"WebPage\",\"@id\":\"https:\/\/www.swissraft.ch\/de\/produkt\/jetboot-interlaken-brienzsee\/\",\"url\":\"https:\/\/www.swissraft.ch\/de\/produkt\/jetboot-interlaken-brienzsee\/\",\"name\":\"Jetboot in Interlaken, erleben Sie eine intensive Stunde\",\"isPartOf\":{\"@id\":\"https:\/\/www.swissraft.ch\/de\/#website\"},\"primaryImageOfPage\":{\"@id\":\"https:\/\/www.swissraft.ch\/de\/produkt\/jetboot-interlaken-brienzsee\/#primaryimage\"},\"image\":{\"@id\":\"https:\/\/www.swissraft.ch\/de\/produkt\/jetboot-interlaken-brienzsee\/#primaryimage\"},\"thumbnailUrl\":\"https:\/\/www.swissraft.ch\/wp-content\/uploads\/2023\/03\/1_Jetboat_776x776.jpg\",\"datePublished\":\"2023-03-05T21:37:16+00:00\",\"dateModified\":\"2026-04-15T21:40:17+00:00\",\"description\":\"Jetboot in Interlaken. Erleben Sie eine intensive Stunde an Bord unseres Jetboates auf dem Brienzersee. Dieses Erlebnis werden Sie nicht vergessen\",\"breadcrumb\":{\"@id\":\"https:\/\/www.swissraft.ch\/de\/produkt\/jetboot-interlaken-brienzsee\/#breadcrumb\"},\"inLanguage\":\"de\",\"potentialAction\":[{\"@type\":\"ReadAction\",\"target\":[\"https:\/\/www.swissraft.ch\/de\/produkt\/jetboot-interlaken-brienzsee\/\"]}]},{\"@type\":\"ImageObject\",\"inLanguage\":\"de\",\"@id\":\"https:\/\/www.swissraft.ch\/de\/produkt\/jetboot-interlaken-brienzsee\/#primaryimage\",\"url\":\"https:\/\/www.swissraft.ch\/wp-content\/uploads\/2023\/03\/1_Jetboat_776x776.jpg\",\"contentUrl\":\"https:\/\/www.swissraft.ch\/wp-content\/uploads\/2023\/03\/1_Jetboat_776x776.jpg\",\"width\":776,\"height\":776,\"caption\":\"JETBOAT Brienzersee\"},{\"@type\":\"BreadcrumbList\",\"@id\":\"https:\/\/www.swissraft.ch\/de\/produkt\/jetboot-interlaken-brienzsee\/#breadcrumb\",\"itemListElement\":[{\"@type\":\"ListItem\",\"position\":1,\"name\":\"Accueil\",\"item\":\"https:\/\/www.swissraft.ch\/de\/\"},{\"@type\":\"ListItem\",\"position\":2,\"name\":\"Shop\",\"item\":\"https:\/\/www.swissraft.ch\/de\/shop\/\"},{\"@type\":\"ListItem\",\"position\":3,\"name\":\"Jet boat &#8211; Interlaken &#8211; Brienzersee &#8211; Ab CHF 89.00\"}]},{\"@type\":\"WebSite\",\"@id\":\"https:\/\/www.swissraft.ch\/de\/#website\",\"url\":\"https:\/\/www.swissraft.ch\/de\/\",\"name\":\"Swissraft\",\"description\":\"To enjoy nature as it is\",\"publisher\":{\"@id\":\"https:\/\/www.swissraft.ch\/de\/#organization\"},\"potentialAction\":[{\"@type\":\"SearchAction\",\"target\":{\"@type\":\"EntryPoint\",\"urlTemplate\":\"https:\/\/www.swissraft.ch\/de\/?s={search_term_string}\"},\"query-input\":{\"@type\":\"PropertyValueSpecification\",\"valueRequired\":true,\"valueName\":\"search_term_string\"}}],\"inLanguage\":\"de\"},{\"@type\":\"Organization\",\"@id\":\"https:\/\/www.swissraft.ch\/de\/#organization\",\"name\":\"Swissraft\",\"url\":\"https:\/\/www.swissraft.ch\/de\/\",\"logo\":{\"@type\":\"ImageObject\",\"inLanguage\":\"de\",\"@id\":\"https:\/\/www.swissraft.ch\/de\/#\/schema\/logo\/image\/\",\"url\":\"https:\/\/www.swissraft.ch\/wp-content\/uploads\/2025\/09\/Capture.jpg\",\"contentUrl\":\"https:\/\/www.swissraft.ch\/wp-content\/uploads\/2025\/09\/Capture.jpg\",\"width\":293,\"height\":108,\"caption\":\"Swissraft\"},\"image\":{\"@id\":\"https:\/\/www.swissraft.ch\/de\/#\/schema\/logo\/image\/\"}}]}<\/script>\n<!-- \/ Yoast SEO plugin. -->","yoast_head_json":{"title":"Jetboot in Interlaken, erleben Sie eine intensive Stunde","description":"Jetboot in Interlaken. Erleben Sie eine intensive Stunde an Bord unseres Jetboates auf dem Brienzersee. Dieses Erlebnis werden Sie nicht vergessen","robots":{"index":"index","follow":"follow","max-snippet":"max-snippet:-1","max-image-preview":"max-image-preview:large","max-video-preview":"max-video-preview:-1"},"canonical":"https:\/\/www.swissraft.ch\/de\/produkt\/jetboot-interlaken-brienzsee\/","og_locale":"de_DE","og_type":"article","og_title":"Jetboot in Interlaken, erleben Sie eine intensive Stunde","og_description":"Jetboot in Interlaken. Erleben Sie eine intensive Stunde an Bord unseres Jetboates auf dem Brienzersee. Dieses Erlebnis werden Sie nicht vergessen","og_url":"https:\/\/www.swissraft.ch\/de\/produkt\/jetboot-interlaken-brienzsee\/","og_site_name":"Swissraft","article_modified_time":"2026-04-15T21:40:17+00:00","og_image":[{"width":776,"height":776,"url":"https:\/\/www.swissraft.ch\/wp-content\/uploads\/2023\/03\/1_Jetboat_776x776.jpg","type":"image\/jpeg"}],"twitter_card":"summary_large_image","twitter_misc":{"Gesch\u00e4tzte Lesezeit":"1\u00a0Minute"},"schema":{"@context":"https:\/\/schema.org","@graph":[{"@type":"WebPage","@id":"https:\/\/www.swissraft.ch\/de\/produkt\/jetboot-interlaken-brienzsee\/","url":"https:\/\/www.swissraft.ch\/de\/produkt\/jetboot-interlaken-brienzsee\/","name":"Jetboot in Interlaken, erleben Sie eine intensive Stunde","isPartOf":{"@id":"https:\/\/www.swissraft.ch\/de\/#website"},"primaryImageOfPage":{"@id":"https:\/\/www.swissraft.ch\/de\/produkt\/jetboot-interlaken-brienzsee\/#primaryimage"},"image":{"@id":"https:\/\/www.swissraft.ch\/de\/produkt\/jetboot-interlaken-brienzsee\/#primaryimage"},"thumbnailUrl":"https:\/\/www.swissraft.ch\/wp-content\/uploads\/2023\/03\/1_Jetboat_776x776.jpg","datePublished":"2023-03-05T21:37:16+00:00","dateModified":"2026-04-15T21:40:17+00:00","description":"Jetboot in Interlaken. Erleben Sie eine intensive Stunde an Bord unseres Jetboates auf dem Brienzersee. Dieses Erlebnis werden Sie nicht vergessen","breadcrumb":{"@id":"https:\/\/www.swissraft.ch\/de\/produkt\/jetboot-interlaken-brienzsee\/#breadcrumb"},"inLanguage":"de","potentialAction":[{"@type":"ReadAction","target":["https:\/\/www.swissraft.ch\/de\/produkt\/jetboot-interlaken-brienzsee\/"]}]},{"@type":"ImageObject","inLanguage":"de","@id":"https:\/\/www.swissraft.ch\/de\/produkt\/jetboot-interlaken-brienzsee\/#primaryimage","url":"https:\/\/www.swissraft.ch\/wp-content\/uploads\/2023\/03\/1_Jetboat_776x776.jpg","contentUrl":"https:\/\/www.swissraft.ch\/wp-content\/uploads\/2023\/03\/1_Jetboat_776x776.jpg","width":776,"height":776,"caption":"JETBOAT Brienzersee"},{"@type":"BreadcrumbList","@id":"https:\/\/www.swissraft.ch\/de\/produkt\/jetboot-interlaken-brienzsee\/#breadcrumb","itemListElement":[{"@type":"ListItem","position":1,"name":"Accueil","item":"https:\/\/www.swissraft.ch\/de\/"},{"@type":"ListItem","position":2,"name":"Shop","item":"https:\/\/www.swissraft.ch\/de\/shop\/"},{"@type":"ListItem","position":3,"name":"Jet boat &#8211; Interlaken &#8211; Brienzersee &#8211; Ab CHF 89.00"}]},{"@type":"WebSite","@id":"https:\/\/www.swissraft.ch\/de\/#website","url":"https:\/\/www.swissraft.ch\/de\/","name":"Swissraft","description":"To enjoy nature as it is","publisher":{"@id":"https:\/\/www.swissraft.ch\/de\/#organization"},"potentialAction":[{"@type":"SearchAction","target":{"@type":"EntryPoint","urlTemplate":"https:\/\/www.swissraft.ch\/de\/?s={search_term_string}"},"query-input":{"@type":"PropertyValueSpecification","valueRequired":true,"valueName":"search_term_string"}}],"inLanguage":"de"},{"@type":"Organization","@id":"https:\/\/www.swissraft.ch\/de\/#organization","name":"Swissraft","url":"https:\/\/www.swissraft.ch\/de\/","logo":{"@type":"ImageObject","inLanguage":"de","@id":"https:\/\/www.swissraft.ch\/de\/#\/schema\/logo\/image\/","url":"https:\/\/www.swissraft.ch\/wp-content\/uploads\/2025\/09\/Capture.jpg","contentUrl":"https:\/\/www.swissraft.ch\/wp-content\/uploads\/2025\/09\/Capture.jpg","width":293,"height":108,"caption":"Swissraft"},"image":{"@id":"https:\/\/www.swissraft.ch\/de\/#\/schema\/logo\/image\/"}}]}},"_links":{"self":[{"href":"https:\/\/www.swissraft.ch\/de\/wp-json\/wp\/v2\/product\/91461","targetHints":{"allow":["GET"]}}],"collection":[{"href":"https:\/\/www.swissraft.ch\/de\/wp-json\/wp\/v2\/product"}],"about":[{"href":"https:\/\/www.swissraft.ch\/de\/wp-json\/wp\/v2\/types\/product"}],"replies":[{"embeddable":true,"href":"https:\/\/www.swissraft.ch\/de\/wp-json\/wp\/v2\/comments?post=91461"}],"version-history":[{"count":21,"href":"https:\/\/www.swissraft.ch\/de\/wp-json\/wp\/v2\/product\/91461\/revisions"}],"predecessor-version":[{"id":140122,"href":"https:\/\/www.swissraft.ch\/de\/wp-json\/wp\/v2\/product\/91461\/revisions\/140122"}],"wp:featuredmedia":[{"embeddable":true,"href":"https:\/\/www.swissraft.ch\/de\/wp-json\/wp\/v2\/media\/85513"}],"wp:attachment":[{"href":"https:\/\/www.swissraft.ch\/de\/wp-json\/wp\/v2\/media?parent=91461"}],"wp:term":[{"taxonomy":"product_cat","embeddable":true,"href":"https:\/\/www.swissraft.ch\/de\/wp-json\/wp\/v2\/product_cat?post=91461"},{"taxonomy":"product_tag","embeddable":true,"href":"https:\/\/www.swissraft.ch\/de\/wp-json\/wp\/v2\/product_tag?post=91461"}],"curies":[{"name":"wp","href":"https:\/\/api.w.org\/{rel}","templated":true}]}}