{"id":91457,"date":"2023-03-05T22:30:42","date_gmt":"2023-03-05T21:30:42","guid":{"rendered":"https:\/\/swissraft.xyanzkdne.eu\/product\/flossbau-in-ascona-lac-majeur-ab-chf-78-00\/"},"modified":"2026-04-15T22:57:14","modified_gmt":"2026-04-15T20:57:14","slug":"flossbau-ascona-lago-maggiore","status":"publish","type":"product","link":"https:\/\/www.swissraft.ch\/de\/produkt\/flossbau-ascona-lago-maggiore\/","title":{"rendered":"Flossbau &#8211; Ascona &#8211; Lago Maggiore &#8211; Ab CHF 78.00"},"content":{"rendered":"\t\t<div data-elementor-type=\"wp-post\" data-elementor-id=\"91457\" class=\"elementor elementor-91457 elementor-31432\">\n\t\t\t\t\t\t\t\t\t<section class=\"elementor-section elementor-top-section elementor-element elementor-element-3303a7e3 elementor-section-boxed elementor-section-height-default elementor-section-height-default\" data-id=\"3303a7e3\" data-element_type=\"section\">\n\t\t\t\t\t\t<div class=\"elementor-container elementor-column-gap-default\">\n\t\t\t\t\t<div class=\"elementor-column elementor-col-100 elementor-top-column elementor-element elementor-element-16d72dbf\" data-id=\"16d72dbf\" data-element_type=\"column\">\n\t\t\t<div class=\"elementor-widget-wrap elementor-element-populated\">\n\t\t\t\t\t\t\t\t<div class=\"elementor-element elementor-element-d743c03 elementor-widget elementor-widget-text-editor\" data-id=\"d743c03\" data-element_type=\"widget\" data-widget_type=\"text-editor.default\">\n\t\t\t\t<div class=\"elementor-widget-container\">\n\t\t\t\t\t\t\t<h2>W\u00c4HLEN SIE UNTEN IHRE AKTIVIT\u00c4T AUS, UM GESCHENKGUTSCHEINE \/ TICKETS ZU VERSCHENKEN ODER ZU BUCHEN<\/h2><table border=\"0\" width=\"580\" cellspacing=\"10\" cellpadding=\"10\"><tbody><tr><td width=\"50%\"><strong>FLOSSBAU &#8211; ASCONA + Aperitif<\/strong><\/td><td><strong>CHF 155.00 pro Person<span class=\"productPrice\"><br \/><\/span><\/strong><\/td><\/tr><tr><td>Zus\u00e4tzliche Informationen<\/td><td>&#8211; <span class=\"plbl\">Schulpreis :<\/span> <span class=\"patt\"><strong>CHF 78.00<\/strong>\/Pers. bis 15 Jahre ab 15 Pers. <br \/><\/span>&#8211; <span class=\"plbl\"> Jungendpreis <\/span>: <span class=\"patt\"><strong>CHF 98.00<\/strong>\/Pers. bis 18 j\u00e4hrig <br \/><\/span><span class=\"patt\">&#8211; Mindestalter : 6 j\u00e4hrig<br \/>&#8211; Reservierung ab<\/span><span class=\"patt\"> 12 Pers.<\/span><\/td><\/tr><tr><td>Treffpunkt<\/td><td><a href=\"https:\/\/www.google.com\/maps\/place\/46%C2%B008'51.9%22N+8%C2%B047'29.7%22E\/@46.1479375,8.7873048,782m\/data=!3m1!1e3!4m4!3m3!8m2!3d46.14775!4d8.7915833?entry=ttu\" target=\"_blank\" rel=\"noopener\">Porto Patriziale Ascona<\/a><\/td><\/tr><tr><td>Startzeiten<\/td><td>09:30 Uhr \/ 13:30 Uhr<\/td><\/tr><tr><td>Aktivit\u00e4t<\/td><td>ca. 3,5 Std.<\/td><\/tr><tr><td>Gesamtdauer<\/td><td>ca. 4 Std.<\/td><\/tr><tr><td>\u00a0<\/td><td>Um zu buchen : <strong><span style=\"color: #ff6600;\"><a href=\"https:\/\/www.swissraft.ch\/de\/kontakt\/\">Kontaktieren Sie uns<\/a><\/span><\/strong><\/td><\/tr><\/tbody><\/table>\t\t\t\t\t\t<\/div>\n\t\t\t\t<\/div>\n\t\t\t\t\t<\/div>\n\t\t<\/div>\n\t\t\t\t\t\t\t<\/div>\n\t\t<\/section>\n\t\t\t\t\t\t\t<\/div>\n\t\t","protected":false},"excerpt":{"rendered":"<div align=\"justify\">\n<h2 align=\"justify\">Flossbau in Ascona am Ufer des Lago Maggiore<\/h2>\n<h3>Genie\u00dfen Sie einen sch\u00f6nen Tag am Lago Maggiore in Ascona im Tessin in der N\u00e4he des Hafens.<\/h3>\n<\/div>\n<div align=\"justify\">\n<p>Bau von Fl\u00f6ssen im Maggia-Delta zwischen Locarno und Ascona am Lago Maggiore. Sie bauen Ihre Fl\u00f6\u00dfe an einem frei zug\u00e4nglichen Strand zwischen dem Dorf Ascona und dem Hafen. Der Bau eines Flosses erfordert Teamgeist, Vorstellungskraft und Akribie. Alles ist vorhanden, um Ihren Tag zu einem vollen Erfolg zu machen. Sobald der Bau der Fl\u00f6sse abgeschlossen ist, treten Sie gegen die anderen Teams in einem freundschaftlichen Wettstreit an. Sie machen auch eine lustige Entenjagd. Nachdem Sie den Gewinner ermittelt haben, bilden Sie mit Ihren Fl\u00f6ssen eine Insel, um in der Mitte des Wassers einen Aperitif zu nehmen.<\/p>\n<h4>Wir bieten in der Schweiz mehrere Standorte f\u00fcr den Bau von Fl\u00f6ssen an.<\/h4>\n<p id=\"textarea\" style=\"display: none;\">\nEbenfalls im Tessin, aber dieses Mal am Luganersee in Figino. Aber auch auf dem Vierwaldst\u00e4ttersee zwei Stellpl\u00e4tze. Einerseits in Luzern am wundersch\u00f6nen Strand von Lido. Andererseits am anderen Ufer des Vierwaldst\u00e4ttersees, in Weggis, das ebenfalls im Kanton Luzern liegt. Auch eine Basis in Buchenhof am Ufer des Lauerzersees in der Zentralschweiz im Kanton Schwyz. Schlie\u00dflich kann Swissraft auf Anfrage diese Aktivit\u00e4t auch an vielen anderen Orten organisieren, sofern eine Genehmigung beantragt wird.\n<\/p>\n<p><a id=\"seeMore\" onclick=\"toggleSeeMore()\" href=\"javascript:void(0);\">Lesen Sie mehr<\/a><\/p>\n","protected":false},"featured_media":85495,"comment_status":"open","ping_status":"closed","template":"","meta":{"inline_featured_image":false,"_mi_skip_tracking":false},"product_cat":[272],"product_tag":[],"class_list":["post-91457","product","type-product","status-publish","has-post-thumbnail","hentry","product_cat-flossbau-in-der-schweiz"],"yoast_head":"<!-- This site is optimized with the Yoast SEO plugin v23.6 - https:\/\/yoast.com\/wordpress\/plugins\/seo\/ -->\n<title>Flossbau in Ascona im Tessin in der N\u00e4he von Locarno<\/title>\n<meta name=\"description\" content=\"Flossbau in Ascona in der N\u00e4he von Locarno. Das Delta des Flusses Maggia ist sehr gro\u00df. Der Ort ist herrlich und eignet sich gut f\u00fcr diese Aktivit\u00e4t.\" \/>\n<meta name=\"robots\" content=\"index, follow, max-snippet:-1, max-image-preview:large, max-video-preview:-1\" \/>\n<link rel=\"canonical\" href=\"https:\/\/www.swissraft.ch\/de\/produkt\/flossbau-ascona-lago-maggiore\/\" \/>\n<meta property=\"og:locale\" content=\"de_DE\" \/>\n<meta property=\"og:type\" content=\"article\" \/>\n<meta property=\"og:title\" content=\"Flossbau in Ascona im Tessin in der N\u00e4he von Locarno\" \/>\n<meta property=\"og:description\" content=\"Flossbau in Ascona in der N\u00e4he von Locarno. Das Delta des Flusses Maggia ist sehr gro\u00df. Der Ort ist herrlich und eignet sich gut f\u00fcr diese Aktivit\u00e4t.\" \/>\n<meta property=\"og:url\" content=\"https:\/\/www.swissraft.ch\/de\/produkt\/flossbau-ascona-lago-maggiore\/\" \/>\n<meta property=\"og:site_name\" content=\"Swissraft\" \/>\n<meta property=\"article:modified_time\" content=\"2026-04-15T20:57:14+00:00\" \/>\n<meta property=\"og:image\" content=\"https:\/\/www.swissraft.ch\/wp-content\/uploads\/2023\/03\/1-Ascona-776x776-1.jpg\" \/>\n\t<meta property=\"og:image:width\" content=\"776\" \/>\n\t<meta property=\"og:image:height\" content=\"776\" \/>\n\t<meta property=\"og:image:type\" content=\"image\/jpeg\" \/>\n<meta name=\"twitter:card\" content=\"summary_large_image\" \/>\n<meta name=\"twitter:label1\" content=\"Gesch\u00e4tzte Lesezeit\" \/>\n\t<meta name=\"twitter:data1\" content=\"1\u00a0Minute\" \/>\n<script type=\"application\/ld+json\" class=\"yoast-schema-graph\">{\"@context\":\"https:\/\/schema.org\",\"@graph\":[{\"@type\":\"WebPage\",\"@id\":\"https:\/\/www.swissraft.ch\/de\/produkt\/flossbau-ascona-lago-maggiore\/\",\"url\":\"https:\/\/www.swissraft.ch\/de\/produkt\/flossbau-ascona-lago-maggiore\/\",\"name\":\"Flossbau in Ascona im Tessin in der N\u00e4he von Locarno\",\"isPartOf\":{\"@id\":\"https:\/\/www.swissraft.ch\/de\/#website\"},\"primaryImageOfPage\":{\"@id\":\"https:\/\/www.swissraft.ch\/de\/produkt\/flossbau-ascona-lago-maggiore\/#primaryimage\"},\"image\":{\"@id\":\"https:\/\/www.swissraft.ch\/de\/produkt\/flossbau-ascona-lago-maggiore\/#primaryimage\"},\"thumbnailUrl\":\"https:\/\/www.swissraft.ch\/wp-content\/uploads\/2023\/03\/1-Ascona-776x776-1.jpg\",\"datePublished\":\"2023-03-05T21:30:42+00:00\",\"dateModified\":\"2026-04-15T20:57:14+00:00\",\"description\":\"Flossbau in Ascona in der N\u00e4he von Locarno. Das Delta des Flusses Maggia ist sehr gro\u00df. Der Ort ist herrlich und eignet sich gut f\u00fcr diese Aktivit\u00e4t.\",\"breadcrumb\":{\"@id\":\"https:\/\/www.swissraft.ch\/de\/produkt\/flossbau-ascona-lago-maggiore\/#breadcrumb\"},\"inLanguage\":\"de\",\"potentialAction\":[{\"@type\":\"ReadAction\",\"target\":[\"https:\/\/www.swissraft.ch\/de\/produkt\/flossbau-ascona-lago-maggiore\/\"]}]},{\"@type\":\"ImageObject\",\"inLanguage\":\"de\",\"@id\":\"https:\/\/www.swissraft.ch\/de\/produkt\/flossbau-ascona-lago-maggiore\/#primaryimage\",\"url\":\"https:\/\/www.swissraft.ch\/wp-content\/uploads\/2023\/03\/1-Ascona-776x776-1.jpg\",\"contentUrl\":\"https:\/\/www.swissraft.ch\/wp-content\/uploads\/2023\/03\/1-Ascona-776x776-1.jpg\",\"width\":776,\"height\":776,\"caption\":\"Ascona Bau von Fl\u00f6\u00dfen\"},{\"@type\":\"BreadcrumbList\",\"@id\":\"https:\/\/www.swissraft.ch\/de\/produkt\/flossbau-ascona-lago-maggiore\/#breadcrumb\",\"itemListElement\":[{\"@type\":\"ListItem\",\"position\":1,\"name\":\"Accueil\",\"item\":\"https:\/\/www.swissraft.ch\/de\/\"},{\"@type\":\"ListItem\",\"position\":2,\"name\":\"Shop\",\"item\":\"https:\/\/www.swissraft.ch\/de\/shop\/\"},{\"@type\":\"ListItem\",\"position\":3,\"name\":\"Flossbau &#8211; Ascona &#8211; Lago Maggiore &#8211; Ab CHF 78.00\"}]},{\"@type\":\"WebSite\",\"@id\":\"https:\/\/www.swissraft.ch\/de\/#website\",\"url\":\"https:\/\/www.swissraft.ch\/de\/\",\"name\":\"Swissraft\",\"description\":\"To enjoy nature as it is\",\"publisher\":{\"@id\":\"https:\/\/www.swissraft.ch\/de\/#organization\"},\"potentialAction\":[{\"@type\":\"SearchAction\",\"target\":{\"@type\":\"EntryPoint\",\"urlTemplate\":\"https:\/\/www.swissraft.ch\/de\/?s={search_term_string}\"},\"query-input\":{\"@type\":\"PropertyValueSpecification\",\"valueRequired\":true,\"valueName\":\"search_term_string\"}}],\"inLanguage\":\"de\"},{\"@type\":\"Organization\",\"@id\":\"https:\/\/www.swissraft.ch\/de\/#organization\",\"name\":\"Swissraft\",\"url\":\"https:\/\/www.swissraft.ch\/de\/\",\"logo\":{\"@type\":\"ImageObject\",\"inLanguage\":\"de\",\"@id\":\"https:\/\/www.swissraft.ch\/de\/#\/schema\/logo\/image\/\",\"url\":\"https:\/\/www.swissraft.ch\/wp-content\/uploads\/2025\/09\/Capture.jpg\",\"contentUrl\":\"https:\/\/www.swissraft.ch\/wp-content\/uploads\/2025\/09\/Capture.jpg\",\"width\":293,\"height\":108,\"caption\":\"Swissraft\"},\"image\":{\"@id\":\"https:\/\/www.swissraft.ch\/de\/#\/schema\/logo\/image\/\"}}]}<\/script>\n<!-- \/ Yoast SEO plugin. -->","yoast_head_json":{"title":"Flossbau in Ascona im Tessin in der N\u00e4he von Locarno","description":"Flossbau in Ascona in der N\u00e4he von Locarno. Das Delta des Flusses Maggia ist sehr gro\u00df. Der Ort ist herrlich und eignet sich gut f\u00fcr diese Aktivit\u00e4t.","robots":{"index":"index","follow":"follow","max-snippet":"max-snippet:-1","max-image-preview":"max-image-preview:large","max-video-preview":"max-video-preview:-1"},"canonical":"https:\/\/www.swissraft.ch\/de\/produkt\/flossbau-ascona-lago-maggiore\/","og_locale":"de_DE","og_type":"article","og_title":"Flossbau in Ascona im Tessin in der N\u00e4he von Locarno","og_description":"Flossbau in Ascona in der N\u00e4he von Locarno. Das Delta des Flusses Maggia ist sehr gro\u00df. Der Ort ist herrlich und eignet sich gut f\u00fcr diese Aktivit\u00e4t.","og_url":"https:\/\/www.swissraft.ch\/de\/produkt\/flossbau-ascona-lago-maggiore\/","og_site_name":"Swissraft","article_modified_time":"2026-04-15T20:57:14+00:00","og_image":[{"width":776,"height":776,"url":"https:\/\/www.swissraft.ch\/wp-content\/uploads\/2023\/03\/1-Ascona-776x776-1.jpg","type":"image\/jpeg"}],"twitter_card":"summary_large_image","twitter_misc":{"Gesch\u00e4tzte Lesezeit":"1\u00a0Minute"},"schema":{"@context":"https:\/\/schema.org","@graph":[{"@type":"WebPage","@id":"https:\/\/www.swissraft.ch\/de\/produkt\/flossbau-ascona-lago-maggiore\/","url":"https:\/\/www.swissraft.ch\/de\/produkt\/flossbau-ascona-lago-maggiore\/","name":"Flossbau in Ascona im Tessin in der N\u00e4he von Locarno","isPartOf":{"@id":"https:\/\/www.swissraft.ch\/de\/#website"},"primaryImageOfPage":{"@id":"https:\/\/www.swissraft.ch\/de\/produkt\/flossbau-ascona-lago-maggiore\/#primaryimage"},"image":{"@id":"https:\/\/www.swissraft.ch\/de\/produkt\/flossbau-ascona-lago-maggiore\/#primaryimage"},"thumbnailUrl":"https:\/\/www.swissraft.ch\/wp-content\/uploads\/2023\/03\/1-Ascona-776x776-1.jpg","datePublished":"2023-03-05T21:30:42+00:00","dateModified":"2026-04-15T20:57:14+00:00","description":"Flossbau in Ascona in der N\u00e4he von Locarno. Das Delta des Flusses Maggia ist sehr gro\u00df. Der Ort ist herrlich und eignet sich gut f\u00fcr diese Aktivit\u00e4t.","breadcrumb":{"@id":"https:\/\/www.swissraft.ch\/de\/produkt\/flossbau-ascona-lago-maggiore\/#breadcrumb"},"inLanguage":"de","potentialAction":[{"@type":"ReadAction","target":["https:\/\/www.swissraft.ch\/de\/produkt\/flossbau-ascona-lago-maggiore\/"]}]},{"@type":"ImageObject","inLanguage":"de","@id":"https:\/\/www.swissraft.ch\/de\/produkt\/flossbau-ascona-lago-maggiore\/#primaryimage","url":"https:\/\/www.swissraft.ch\/wp-content\/uploads\/2023\/03\/1-Ascona-776x776-1.jpg","contentUrl":"https:\/\/www.swissraft.ch\/wp-content\/uploads\/2023\/03\/1-Ascona-776x776-1.jpg","width":776,"height":776,"caption":"Ascona Bau von Fl\u00f6\u00dfen"},{"@type":"BreadcrumbList","@id":"https:\/\/www.swissraft.ch\/de\/produkt\/flossbau-ascona-lago-maggiore\/#breadcrumb","itemListElement":[{"@type":"ListItem","position":1,"name":"Accueil","item":"https:\/\/www.swissraft.ch\/de\/"},{"@type":"ListItem","position":2,"name":"Shop","item":"https:\/\/www.swissraft.ch\/de\/shop\/"},{"@type":"ListItem","position":3,"name":"Flossbau &#8211; Ascona &#8211; Lago Maggiore &#8211; Ab CHF 78.00"}]},{"@type":"WebSite","@id":"https:\/\/www.swissraft.ch\/de\/#website","url":"https:\/\/www.swissraft.ch\/de\/","name":"Swissraft","description":"To enjoy nature as it is","publisher":{"@id":"https:\/\/www.swissraft.ch\/de\/#organization"},"potentialAction":[{"@type":"SearchAction","target":{"@type":"EntryPoint","urlTemplate":"https:\/\/www.swissraft.ch\/de\/?s={search_term_string}"},"query-input":{"@type":"PropertyValueSpecification","valueRequired":true,"valueName":"search_term_string"}}],"inLanguage":"de"},{"@type":"Organization","@id":"https:\/\/www.swissraft.ch\/de\/#organization","name":"Swissraft","url":"https:\/\/www.swissraft.ch\/de\/","logo":{"@type":"ImageObject","inLanguage":"de","@id":"https:\/\/www.swissraft.ch\/de\/#\/schema\/logo\/image\/","url":"https:\/\/www.swissraft.ch\/wp-content\/uploads\/2025\/09\/Capture.jpg","contentUrl":"https:\/\/www.swissraft.ch\/wp-content\/uploads\/2025\/09\/Capture.jpg","width":293,"height":108,"caption":"Swissraft"},"image":{"@id":"https:\/\/www.swissraft.ch\/de\/#\/schema\/logo\/image\/"}}]}},"_links":{"self":[{"href":"https:\/\/www.swissraft.ch\/de\/wp-json\/wp\/v2\/product\/91457","targetHints":{"allow":["GET"]}}],"collection":[{"href":"https:\/\/www.swissraft.ch\/de\/wp-json\/wp\/v2\/product"}],"about":[{"href":"https:\/\/www.swissraft.ch\/de\/wp-json\/wp\/v2\/types\/product"}],"replies":[{"embeddable":true,"href":"https:\/\/www.swissraft.ch\/de\/wp-json\/wp\/v2\/comments?post=91457"}],"version-history":[{"count":26,"href":"https:\/\/www.swissraft.ch\/de\/wp-json\/wp\/v2\/product\/91457\/revisions"}],"predecessor-version":[{"id":140077,"href":"https:\/\/www.swissraft.ch\/de\/wp-json\/wp\/v2\/product\/91457\/revisions\/140077"}],"wp:featuredmedia":[{"embeddable":true,"href":"https:\/\/www.swissraft.ch\/de\/wp-json\/wp\/v2\/media\/85495"}],"wp:attachment":[{"href":"https:\/\/www.swissraft.ch\/de\/wp-json\/wp\/v2\/media?parent=91457"}],"wp:term":[{"taxonomy":"product_cat","embeddable":true,"href":"https:\/\/www.swissraft.ch\/de\/wp-json\/wp\/v2\/product_cat?post=91457"},{"taxonomy":"product_tag","embeddable":true,"href":"https:\/\/www.swissraft.ch\/de\/wp-json\/wp\/v2\/product_tag?post=91457"}],"curies":[{"name":"wp","href":"https:\/\/api.w.org\/{rel}","templated":true}]}}