{"id":91454,"date":"2023-03-05T22:22:07","date_gmt":"2023-03-05T21:22:07","guid":{"rendered":"https:\/\/swissraft.xyanzkdne.eu\/product\/flossbau-in-figino-lugano-see-ab-chf-78-00\/"},"modified":"2026-04-15T22:39:52","modified_gmt":"2026-04-15T20:39:52","slug":"flossbau-figino-luganersee","status":"publish","type":"product","link":"https:\/\/www.swissraft.ch\/de\/produkt\/flossbau-figino-luganersee\/","title":{"rendered":"Flossbau &#8211; Figino &#8211; Luganersee &#8211; Ab CHF 78.00"},"content":{"rendered":"\t\t<div data-elementor-type=\"wp-post\" data-elementor-id=\"91454\" class=\"elementor elementor-91454 elementor-31426\">\n\t\t\t\t\t\t\t\t\t<section class=\"elementor-section elementor-top-section elementor-element elementor-element-3303a7e3 elementor-section-boxed elementor-section-height-default elementor-section-height-default\" data-id=\"3303a7e3\" data-element_type=\"section\">\n\t\t\t\t\t\t<div class=\"elementor-container elementor-column-gap-default\">\n\t\t\t\t\t<div class=\"elementor-column elementor-col-100 elementor-top-column elementor-element elementor-element-16d72dbf\" data-id=\"16d72dbf\" data-element_type=\"column\">\n\t\t\t<div class=\"elementor-widget-wrap elementor-element-populated\">\n\t\t\t\t\t\t\t\t<div class=\"elementor-element elementor-element-d743c03 elementor-widget elementor-widget-text-editor\" data-id=\"d743c03\" data-element_type=\"widget\" data-widget_type=\"text-editor.default\">\n\t\t\t\t<div class=\"elementor-widget-container\">\n\t\t\t\t\t\t\t<h2>W\u00c4HLEN SIE UNTEN IHRE AKTIVIT\u00c4T AUS, UM GESCHENKGUTSCHEINE \/ TICKETS ZU VERSCHENKEN ODER ZU BUCHEN.<\/h2><table border=\"0\" width=\"580\" cellspacing=\"10\" cellpadding=\"10\"><tbody><tr><td width=\"50%\"><strong>FLOSSBAU IN FIGINO + Aperitif<\/strong><\/td><td><strong>CHF 155.00 pro Person<span class=\"productPrice\"><br \/><\/span><\/strong><\/td><\/tr><tr><td>Zus\u00e4tzliche Informationen<\/td><td><p class=\"patt\"><span class=\"plbl\">&#8211; Schulpreis : <span class=\"patt\"><strong>CHF 78.00<\/strong>\/Pers. bis 15 j\u00e4hrig ab 15 Pers.<\/span><\/span><span class=\"patt\"><br \/><\/span>&#8211; <span class=\"plbl\">Jugendpreis <\/span>: <span class=\"patt\"><strong>CHF 98.00<\/strong>\/Pers. bis 18 j\u00e4hrig <br \/><\/span><span class=\"patt\">&#8211; Mindestalter : 6 Jahre<br \/>&#8211; Buchung ab<\/span><span class=\"patt\"> 10 Pers.<br \/><\/span>&#8211; Logistikpauchale : <strong>CHF 250.00<\/strong><\/p><\/td><\/tr><tr><td>Starzeiten<\/td><td>09:30 Uhr \/ 13:30 Uhr<\/td><\/tr><tr><td>Aktivit\u00e4t<\/td><td>ca. 3,5 Std.<\/td><\/tr><tr><td>Gesamtdauer<\/td><td>ca. 4 Std.<\/td><\/tr><tr><td>Treffpunkt<\/td><td><span style=\"color: #ff6600;\"><strong><a href=\"https:\/\/www.google.com\/maps\/place\/45%C2%B057'12.6%22N+8%C2%B054'18.5%22E\/@45.9536588,8.9030697,409m\/data=!3m1!1e3!4m4!3m3!8m2!3d45.9535!4d8.9051417?entry=ttu\" target=\"_blank\" rel=\"noopener\">Figino<\/a><\/strong><\/span><\/td><\/tr><tr><td>\u00a0<\/td><td>Um zu buchen : <strong><span style=\"color: #ff6600;\"><a href=\"https:\/\/www.swissraft.ch\/de\/kontakt\/\">Kontaktieren Sie uns<\/a><\/span><\/strong><\/td><\/tr><\/tbody><\/table>\t\t\t\t\t\t<\/div>\n\t\t\t\t<\/div>\n\t\t\t\t\t<\/div>\n\t\t<\/div>\n\t\t\t\t\t\t\t<\/div>\n\t\t<\/section>\n\t\t\t\t\t\t\t<\/div>\n\t\t","protected":false},"excerpt":{"rendered":"<div align=\"justify\">\n<h2 align=\"justify\">Flossbau in Figino am Ufer des Luganersees<\/h2>\n<h3>In Figino im Tessin befinden Sie sich am Ufer des Luganersees; mediterrane Atmosph\u00e4re<\/h3>\n<\/div>\n<div align=\"justify\">\n<p>Flossbau in Figino auf dem Luganersee. In einer bemerkenswerten Umgebung werden Sie einen angenehmen Tag verbringen. F\u00fcr diese T\u00e4tigkeit stellen wir Ihnen zugelassenes Material zur Verf\u00fcgung, das alle geltenden Sicherheitsstandards erf\u00fcllt. Um dieses Projekt zu verwirklichen, m\u00fcssen Sie Ihre Vorstellungskraft und Ihr Geschick beim Bau Ihres Flosses einsetzen. Nach der Fertigstellung werden wir Spiele auf dem Wasser machen. Die verschiedenen Teams treten in Freundschaft und Spa\u00df gegeneinander an, jeder auf seinem Floss. Entenjagd und Rennen stehen auf dem Programm.<\/p>\n<h4>Swissraft bietet auch Flossbau in anderen Regionen an<\/h4>\n<p id=\"textarea\" style=\"display: none;\">\nAm Lago Maggiore in Ascona tour in der N\u00e4he von Locarno; aber auch in Luzern am Strand von Lido. Ebenfalls auf dem Vierwaldst\u00e4ttersee Flossbau in Weggis. Au\u00dferdem sind wir auch im Kanton Schwyz in Buchenhof am Lauerzersee.\n<\/p>\n<p><a id=\"seeMore\" onclick=\"toggleSeeMore()\" href=\"javascript:void(0);\">Lesen Sie mehr<\/a><\/p>\n","protected":false},"featured_media":85480,"comment_status":"open","ping_status":"closed","template":"","meta":{"inline_featured_image":false,"_mi_skip_tracking":false},"product_cat":[272],"product_tag":[],"class_list":["post-91454","product","type-product","status-publish","has-post-thumbnail","hentry","product_cat-flossbau-in-der-schweiz"],"yoast_head":"<!-- This site is optimized with the Yoast SEO plugin v23.6 - https:\/\/yoast.com\/wordpress\/plugins\/seo\/ -->\n<title>Flossbau in Figino auf dem Luganersee im Tessin<\/title>\n<meta name=\"description\" content=\"Flossbau in Figino im Tessin auf dem Luganersee. Sie bauen Ihr Flo\u00df in einer wundersch\u00f6nen Umgebung am Ufer des Luganersees.\" \/>\n<meta name=\"robots\" content=\"index, follow, max-snippet:-1, max-image-preview:large, max-video-preview:-1\" \/>\n<link rel=\"canonical\" href=\"https:\/\/www.swissraft.ch\/de\/produkt\/flossbau-figino-luganersee\/\" \/>\n<meta property=\"og:locale\" content=\"de_DE\" \/>\n<meta property=\"og:type\" content=\"article\" \/>\n<meta property=\"og:title\" content=\"Flossbau in Figino auf dem Luganersee im Tessin\" \/>\n<meta property=\"og:description\" content=\"Flossbau in Figino im Tessin auf dem Luganersee. Sie bauen Ihr Flo\u00df in einer wundersch\u00f6nen Umgebung am Ufer des Luganersees.\" \/>\n<meta property=\"og:url\" content=\"https:\/\/www.swissraft.ch\/de\/produkt\/flossbau-figino-luganersee\/\" \/>\n<meta property=\"og:site_name\" content=\"Swissraft\" \/>\n<meta property=\"article:modified_time\" content=\"2026-04-15T20:39:52+00:00\" \/>\n<meta property=\"og:image\" content=\"https:\/\/www.swissraft.ch\/wp-content\/uploads\/2023\/03\/1-Figino-776x776-1.jpg\" \/>\n\t<meta property=\"og:image:width\" content=\"776\" \/>\n\t<meta property=\"og:image:height\" content=\"776\" \/>\n\t<meta property=\"og:image:type\" content=\"image\/jpeg\" \/>\n<meta name=\"twitter:card\" content=\"summary_large_image\" \/>\n<meta name=\"twitter:label1\" content=\"Gesch\u00e4tzte Lesezeit\" \/>\n\t<meta name=\"twitter:data1\" content=\"1\u00a0Minute\" \/>\n<script type=\"application\/ld+json\" class=\"yoast-schema-graph\">{\"@context\":\"https:\/\/schema.org\",\"@graph\":[{\"@type\":\"WebPage\",\"@id\":\"https:\/\/www.swissraft.ch\/de\/produkt\/flossbau-figino-luganersee\/\",\"url\":\"https:\/\/www.swissraft.ch\/de\/produkt\/flossbau-figino-luganersee\/\",\"name\":\"Flossbau in Figino auf dem Luganersee im Tessin\",\"isPartOf\":{\"@id\":\"https:\/\/www.swissraft.ch\/de\/#website\"},\"primaryImageOfPage\":{\"@id\":\"https:\/\/www.swissraft.ch\/de\/produkt\/flossbau-figino-luganersee\/#primaryimage\"},\"image\":{\"@id\":\"https:\/\/www.swissraft.ch\/de\/produkt\/flossbau-figino-luganersee\/#primaryimage\"},\"thumbnailUrl\":\"https:\/\/www.swissraft.ch\/wp-content\/uploads\/2023\/03\/1-Figino-776x776-1.jpg\",\"datePublished\":\"2023-03-05T21:22:07+00:00\",\"dateModified\":\"2026-04-15T20:39:52+00:00\",\"description\":\"Flossbau in Figino im Tessin auf dem Luganersee. Sie bauen Ihr Flo\u00df in einer wundersch\u00f6nen Umgebung am Ufer des Luganersees.\",\"breadcrumb\":{\"@id\":\"https:\/\/www.swissraft.ch\/de\/produkt\/flossbau-figino-luganersee\/#breadcrumb\"},\"inLanguage\":\"de\",\"potentialAction\":[{\"@type\":\"ReadAction\",\"target\":[\"https:\/\/www.swissraft.ch\/de\/produkt\/flossbau-figino-luganersee\/\"]}]},{\"@type\":\"ImageObject\",\"inLanguage\":\"de\",\"@id\":\"https:\/\/www.swissraft.ch\/de\/produkt\/flossbau-figino-luganersee\/#primaryimage\",\"url\":\"https:\/\/www.swissraft.ch\/wp-content\/uploads\/2023\/03\/1-Figino-776x776-1.jpg\",\"contentUrl\":\"https:\/\/www.swissraft.ch\/wp-content\/uploads\/2023\/03\/1-Figino-776x776-1.jpg\",\"width\":776,\"height\":776,\"caption\":\"Figino Flo\u00dfbau\"},{\"@type\":\"BreadcrumbList\",\"@id\":\"https:\/\/www.swissraft.ch\/de\/produkt\/flossbau-figino-luganersee\/#breadcrumb\",\"itemListElement\":[{\"@type\":\"ListItem\",\"position\":1,\"name\":\"Accueil\",\"item\":\"https:\/\/www.swissraft.ch\/de\/\"},{\"@type\":\"ListItem\",\"position\":2,\"name\":\"Shop\",\"item\":\"https:\/\/www.swissraft.ch\/de\/shop\/\"},{\"@type\":\"ListItem\",\"position\":3,\"name\":\"Flossbau &#8211; Figino &#8211; Luganersee &#8211; Ab CHF 78.00\"}]},{\"@type\":\"WebSite\",\"@id\":\"https:\/\/www.swissraft.ch\/de\/#website\",\"url\":\"https:\/\/www.swissraft.ch\/de\/\",\"name\":\"Swissraft\",\"description\":\"To enjoy nature as it is\",\"publisher\":{\"@id\":\"https:\/\/www.swissraft.ch\/de\/#organization\"},\"potentialAction\":[{\"@type\":\"SearchAction\",\"target\":{\"@type\":\"EntryPoint\",\"urlTemplate\":\"https:\/\/www.swissraft.ch\/de\/?s={search_term_string}\"},\"query-input\":{\"@type\":\"PropertyValueSpecification\",\"valueRequired\":true,\"valueName\":\"search_term_string\"}}],\"inLanguage\":\"de\"},{\"@type\":\"Organization\",\"@id\":\"https:\/\/www.swissraft.ch\/de\/#organization\",\"name\":\"Swissraft\",\"url\":\"https:\/\/www.swissraft.ch\/de\/\",\"logo\":{\"@type\":\"ImageObject\",\"inLanguage\":\"de\",\"@id\":\"https:\/\/www.swissraft.ch\/de\/#\/schema\/logo\/image\/\",\"url\":\"https:\/\/www.swissraft.ch\/wp-content\/uploads\/2025\/09\/Capture.jpg\",\"contentUrl\":\"https:\/\/www.swissraft.ch\/wp-content\/uploads\/2025\/09\/Capture.jpg\",\"width\":293,\"height\":108,\"caption\":\"Swissraft\"},\"image\":{\"@id\":\"https:\/\/www.swissraft.ch\/de\/#\/schema\/logo\/image\/\"}}]}<\/script>\n<!-- \/ Yoast SEO plugin. -->","yoast_head_json":{"title":"Flossbau in Figino auf dem Luganersee im Tessin","description":"Flossbau in Figino im Tessin auf dem Luganersee. Sie bauen Ihr Flo\u00df in einer wundersch\u00f6nen Umgebung am Ufer des Luganersees.","robots":{"index":"index","follow":"follow","max-snippet":"max-snippet:-1","max-image-preview":"max-image-preview:large","max-video-preview":"max-video-preview:-1"},"canonical":"https:\/\/www.swissraft.ch\/de\/produkt\/flossbau-figino-luganersee\/","og_locale":"de_DE","og_type":"article","og_title":"Flossbau in Figino auf dem Luganersee im Tessin","og_description":"Flossbau in Figino im Tessin auf dem Luganersee. Sie bauen Ihr Flo\u00df in einer wundersch\u00f6nen Umgebung am Ufer des Luganersees.","og_url":"https:\/\/www.swissraft.ch\/de\/produkt\/flossbau-figino-luganersee\/","og_site_name":"Swissraft","article_modified_time":"2026-04-15T20:39:52+00:00","og_image":[{"width":776,"height":776,"url":"https:\/\/www.swissraft.ch\/wp-content\/uploads\/2023\/03\/1-Figino-776x776-1.jpg","type":"image\/jpeg"}],"twitter_card":"summary_large_image","twitter_misc":{"Gesch\u00e4tzte Lesezeit":"1\u00a0Minute"},"schema":{"@context":"https:\/\/schema.org","@graph":[{"@type":"WebPage","@id":"https:\/\/www.swissraft.ch\/de\/produkt\/flossbau-figino-luganersee\/","url":"https:\/\/www.swissraft.ch\/de\/produkt\/flossbau-figino-luganersee\/","name":"Flossbau in Figino auf dem Luganersee im Tessin","isPartOf":{"@id":"https:\/\/www.swissraft.ch\/de\/#website"},"primaryImageOfPage":{"@id":"https:\/\/www.swissraft.ch\/de\/produkt\/flossbau-figino-luganersee\/#primaryimage"},"image":{"@id":"https:\/\/www.swissraft.ch\/de\/produkt\/flossbau-figino-luganersee\/#primaryimage"},"thumbnailUrl":"https:\/\/www.swissraft.ch\/wp-content\/uploads\/2023\/03\/1-Figino-776x776-1.jpg","datePublished":"2023-03-05T21:22:07+00:00","dateModified":"2026-04-15T20:39:52+00:00","description":"Flossbau in Figino im Tessin auf dem Luganersee. Sie bauen Ihr Flo\u00df in einer wundersch\u00f6nen Umgebung am Ufer des Luganersees.","breadcrumb":{"@id":"https:\/\/www.swissraft.ch\/de\/produkt\/flossbau-figino-luganersee\/#breadcrumb"},"inLanguage":"de","potentialAction":[{"@type":"ReadAction","target":["https:\/\/www.swissraft.ch\/de\/produkt\/flossbau-figino-luganersee\/"]}]},{"@type":"ImageObject","inLanguage":"de","@id":"https:\/\/www.swissraft.ch\/de\/produkt\/flossbau-figino-luganersee\/#primaryimage","url":"https:\/\/www.swissraft.ch\/wp-content\/uploads\/2023\/03\/1-Figino-776x776-1.jpg","contentUrl":"https:\/\/www.swissraft.ch\/wp-content\/uploads\/2023\/03\/1-Figino-776x776-1.jpg","width":776,"height":776,"caption":"Figino Flo\u00dfbau"},{"@type":"BreadcrumbList","@id":"https:\/\/www.swissraft.ch\/de\/produkt\/flossbau-figino-luganersee\/#breadcrumb","itemListElement":[{"@type":"ListItem","position":1,"name":"Accueil","item":"https:\/\/www.swissraft.ch\/de\/"},{"@type":"ListItem","position":2,"name":"Shop","item":"https:\/\/www.swissraft.ch\/de\/shop\/"},{"@type":"ListItem","position":3,"name":"Flossbau &#8211; Figino &#8211; Luganersee &#8211; Ab CHF 78.00"}]},{"@type":"WebSite","@id":"https:\/\/www.swissraft.ch\/de\/#website","url":"https:\/\/www.swissraft.ch\/de\/","name":"Swissraft","description":"To enjoy nature as it is","publisher":{"@id":"https:\/\/www.swissraft.ch\/de\/#organization"},"potentialAction":[{"@type":"SearchAction","target":{"@type":"EntryPoint","urlTemplate":"https:\/\/www.swissraft.ch\/de\/?s={search_term_string}"},"query-input":{"@type":"PropertyValueSpecification","valueRequired":true,"valueName":"search_term_string"}}],"inLanguage":"de"},{"@type":"Organization","@id":"https:\/\/www.swissraft.ch\/de\/#organization","name":"Swissraft","url":"https:\/\/www.swissraft.ch\/de\/","logo":{"@type":"ImageObject","inLanguage":"de","@id":"https:\/\/www.swissraft.ch\/de\/#\/schema\/logo\/image\/","url":"https:\/\/www.swissraft.ch\/wp-content\/uploads\/2025\/09\/Capture.jpg","contentUrl":"https:\/\/www.swissraft.ch\/wp-content\/uploads\/2025\/09\/Capture.jpg","width":293,"height":108,"caption":"Swissraft"},"image":{"@id":"https:\/\/www.swissraft.ch\/de\/#\/schema\/logo\/image\/"}}]}},"_links":{"self":[{"href":"https:\/\/www.swissraft.ch\/de\/wp-json\/wp\/v2\/product\/91454","targetHints":{"allow":["GET"]}}],"collection":[{"href":"https:\/\/www.swissraft.ch\/de\/wp-json\/wp\/v2\/product"}],"about":[{"href":"https:\/\/www.swissraft.ch\/de\/wp-json\/wp\/v2\/types\/product"}],"replies":[{"embeddable":true,"href":"https:\/\/www.swissraft.ch\/de\/wp-json\/wp\/v2\/comments?post=91454"}],"version-history":[{"count":6,"href":"https:\/\/www.swissraft.ch\/de\/wp-json\/wp\/v2\/product\/91454\/revisions"}],"predecessor-version":[{"id":140047,"href":"https:\/\/www.swissraft.ch\/de\/wp-json\/wp\/v2\/product\/91454\/revisions\/140047"}],"wp:featuredmedia":[{"embeddable":true,"href":"https:\/\/www.swissraft.ch\/de\/wp-json\/wp\/v2\/media\/85480"}],"wp:attachment":[{"href":"https:\/\/www.swissraft.ch\/de\/wp-json\/wp\/v2\/media?parent=91454"}],"wp:term":[{"taxonomy":"product_cat","embeddable":true,"href":"https:\/\/www.swissraft.ch\/de\/wp-json\/wp\/v2\/product_cat?post=91454"},{"taxonomy":"product_tag","embeddable":true,"href":"https:\/\/www.swissraft.ch\/de\/wp-json\/wp\/v2\/product_tag?post=91454"}],"curies":[{"name":"wp","href":"https:\/\/api.w.org\/{rel}","templated":true}]}}