{"id":91445,"date":"2023-02-26T16:04:57","date_gmt":"2023-02-26T15:04:57","guid":{"rendered":"https:\/\/swissraft.xyanzkdne.eu\/product\/hydrospeed-in-pays-denhaut-la-sarine-saanen-rougemont-ab-chf-108-00\/"},"modified":"2026-04-12T22:58:17","modified_gmt":"2026-04-12T20:58:17","slug":"hydrospeed-auf-der-saane-saanen-rougemont","status":"publish","type":"product","link":"https:\/\/www.swissraft.ch\/de\/produkt\/hydrospeed-auf-der-saane-saanen-rougemont\/","title":{"rendered":"Hydrospeed &#8211; Pays d&#8217;Enhaut &#8211; Saane &#8211; Saanen-Rougemont &#8211; Ab CHF 126.00"},"content":{"rendered":"\t\t<div data-elementor-type=\"wp-post\" data-elementor-id=\"91445\" class=\"elementor elementor-91445 elementor-31312\">\n\t\t\t\t\t\t\t\t\t<section class=\"elementor-section elementor-top-section elementor-element elementor-element-3303a7e3 elementor-section-boxed elementor-section-height-default elementor-section-height-default\" data-id=\"3303a7e3\" data-element_type=\"section\">\n\t\t\t\t\t\t<div class=\"elementor-container elementor-column-gap-default\">\n\t\t\t\t\t<div class=\"elementor-column elementor-col-100 elementor-top-column elementor-element elementor-element-16d72dbf\" data-id=\"16d72dbf\" data-element_type=\"column\">\n\t\t\t<div class=\"elementor-widget-wrap elementor-element-populated\">\n\t\t\t\t\t\t\t\t<div class=\"elementor-element elementor-element-d743c03 elementor-widget elementor-widget-text-editor\" data-id=\"d743c03\" data-element_type=\"widget\" data-widget_type=\"text-editor.default\">\n\t\t\t\t<div class=\"elementor-widget-container\">\n\t\t\t\t\t\t\t<h2>W\u00c4HLEN SIE UNTEN IHRE AKTIVIT\u00c4T AUS, UM GESCHENKGUTSCHEINE \/ TICKETS ZU VERSCHENKEN ODER ZU BUCHEN<\/h2><table border=\"0\" width=\"580\" cellspacing=\"10\" cellpadding=\"10\"><tbody><tr><td width=\"50%\"><strong>HYDROSPEED &#8211; SAANE + Imbiss<\/strong><\/td><td><strong>CHF 140.00 pro Person<span class=\"productPrice\"><br \/><\/span><\/strong><\/td><\/tr><tr><td>Zus\u00e4tzliche Informationen<\/td><td>&#8211; <span class=\"plbl\"> Jungendpreis <\/span>: <span class=\"patt\"><strong>CHF 120.00<\/strong>\/Pers. bis 17 j\u00e4hrig<br \/><\/span><span class=\"plbl\">&#8211; Ab 10 Pers. 5% : <strong>CHF 133.00<\/strong>\/Pers.<br \/>&#8211; Ab 20 Pers. 10% : <strong>CHF 126.00<\/strong>\/Pers.<strong><br \/><\/strong>&#8211; Mindestalter : 14 j\u00e4hrig<\/span><\/td><\/tr><tr><td>Strecke<\/td><td><strong>Saanen-Rougemont<\/strong><\/td><\/tr><tr><td>Startzeiten<\/td><td>10:00 Uhr \/ 14:00 Uhr<\/td><\/tr><tr><td>Hydrospeed<\/td><td>ca. 1,5 Std.<\/td><\/tr><tr><td>Gesamtdauer<\/td><td>ca. 3 Std.<\/td><\/tr><tr><td>Treffpunkt<\/td><td><span style=\"color: #ff6600;\"><a href=\"https:\/\/www.google.com\/maps\/place\/46%C2%B028'03.8%22N+7%C2%B007'32.8%22E\/@46.4677963,7.1234029,472m\/data=!3m1!1e3!4m4!3m3!8m2!3d46.467715!4d7.125784?entry=ttu&amp;g_ep=EgoyMDI1MDIwNS4wIKXMDSoASAFQAw%3D%3D\" target=\"_blank\" rel=\"noopener\">Campingplatz du berceau<\/a><\/span><\/td><\/tr><tr><td>Schwierigkeitsgrad<\/td><td>2-3+<\/td><\/tr><tr><td><a href=\"https:\/\/swissraft.outdoorbooking.ch\/fo\/products\/2153?base_id=1&amp;category_id=4&amp;order_type=gift_voucher&amp;lang=de\" target=\"_blank\" rel=\"noopener\"><button class=\"elementor-button\" type=\"button\">GUTSCHEIN \/ TICKET KAUFEN<\/button><\/a><\/td><td><a href=\"https:\/\/swissraft.outdoorbooking.ch\/fo\/products\/2153?base_id=1&amp;category_id=5&amp;order_type=event&amp;lang=de\" target=\"_blank\" rel=\"noopener\">RESERVIEREN SIE EIN DATUM <\/a>\u00a0<strong>CHF 140.00<\/strong>\/Pers.<\/td><\/tr><\/tbody><\/table>\t\t\t\t\t\t<\/div>\n\t\t\t\t<\/div>\n\t\t\t\t\t<\/div>\n\t\t<\/div>\n\t\t\t\t\t\t\t<\/div>\n\t\t<\/section>\n\t\t\t\t<section class=\"elementor-section elementor-top-section elementor-element elementor-element-53979f7 elementor-section-boxed elementor-section-height-default elementor-section-height-default\" data-id=\"53979f7\" data-element_type=\"section\">\n\t\t\t\t\t\t<div class=\"elementor-container elementor-column-gap-default\">\n\t\t\t\t\t<div class=\"elementor-column elementor-col-100 elementor-top-column elementor-element elementor-element-80f3203\" data-id=\"80f3203\" data-element_type=\"column\">\n\t\t\t<div class=\"elementor-widget-wrap elementor-element-populated\">\n\t\t\t\t\t\t\t\t<div class=\"elementor-element elementor-element-94855c6 elementor-widget elementor-widget-text-editor\" data-id=\"94855c6\" data-element_type=\"widget\" data-widget_type=\"text-editor.default\">\n\t\t\t\t<div class=\"elementor-widget-container\">\n\t\t\t\t\t\t\t\t\t\t\t\t\t<\/div>\n\t\t\t\t<\/div>\n\t\t\t\t\t<\/div>\n\t\t<\/div>\n\t\t\t\t\t\t\t<\/div>\n\t\t<\/section>\n\t\t\t\t\t\t\t<\/div>\n\t\t","protected":false},"excerpt":{"rendered":"<div align=\"justify\">\n<h2 align=\"justify\">Hydrospeed auf der Saane, ein Sport, der sich gewaschen hat<\/h2>\n<h3>Zwischen Saanen und Rougemont bietet das Hydrospeed auf der Saane 4 km Action pur<\/h3>\n<\/div>\n<div align=\"justify\">\n<p>Hydrospeed auf der Saane ist ein actionreicher und emotionaler Parcours mit Adrenalinsch\u00fcben. Diese im Pays d&#8217;Enhaut gelegene Strecke von Saanen nach Rougemont wird alle Liebhaber des Wildwasserschwimmens begeistern. Sie m\u00fcssen Ihre ganze Kraft aufwenden, um sich durch die Str\u00f6mungen zu bewegen. Sie sind in Begleitung Ihres Guides und in v\u00f6lliger Sicherheit. Wildwasserschwimmen erfordert gute Schwimmkenntnisse und eine gute k\u00f6rperliche Verfassung. Hydrospeed auf der Saane im Kanton Waadt ist ein Erlebnis, das Sportler um jeden Preis machen m\u00fcssen. Zun\u00e4chst sind Sie mit einem Neoprenanzug und einer Jacke aus sehr dickem Neopren ausgestattet. Sie ben\u00f6tigen auch Neoprenschuhe, Flossen und einen Helm. Sie gleiten mit dem Kopf \u00fcber dem Wasser mit Ihrem Schwimmer und beginnen mit der Str\u00f6mung zu spielen.<\/p>\n<h3>Swissraft bietet auch verschiedene andere Strecken als die auf der Saane an.<\/h3>\n<p id=\"textarea\" style=\"display: none;\">\nWir bieten auch Wildwasserschwimmen im Wallis auf der Rhone zwischen Susten und Siders an. Aber auch eine ruhigere Strecke f\u00fcr die Einf\u00fchrung in das Hydrospeed auf der Rhone zwischen St. Leonard und Sitten. Ebenso Wildwasserschwimmen auf der Vispa zwischen Stalden und Visp im oberen Wallis. St\u00fcrzen Sie sich ohne zu z\u00f6gern in das Abenteuer.\n<\/p>\n<p><a id=\"seeMore\" onclick=\"toggleSeeMore()\" href=\"javascript:void(0);\">Lesen Sie mehr<\/a><\/p>\n","protected":false},"featured_media":85384,"comment_status":"open","ping_status":"closed","template":"","meta":{"inline_featured_image":false,"_mi_skip_tracking":false},"product_cat":[326],"product_tag":[],"class_list":["post-91445","product","type-product","status-publish","has-post-thumbnail","hentry","product_cat-hydrospeed-in-der-schweiz"],"yoast_head":"<!-- This site is optimized with the Yoast SEO plugin v23.6 - https:\/\/yoast.com\/wordpress\/plugins\/seo\/ -->\n<title>Hydrospeed auf der Saane von Saanen nach Rougemont<\/title>\n<meta name=\"description\" content=\"Hydrospeed auf der Saane. Zwischen Saanen und Rougemont im Pays d&#039;Enhaut. Eine 4 km lange Strecke voller Action und Emotionen. Adrenalinschub garantiert.\" \/>\n<meta name=\"robots\" content=\"index, follow, max-snippet:-1, max-image-preview:large, max-video-preview:-1\" \/>\n<link rel=\"canonical\" href=\"https:\/\/www.swissraft.ch\/de\/produkt\/hydrospeed-auf-der-saane-saanen-rougemont\/\" \/>\n<meta property=\"og:locale\" content=\"de_DE\" \/>\n<meta property=\"og:type\" content=\"article\" \/>\n<meta property=\"og:title\" content=\"Hydrospeed auf der Saane von Saanen nach Rougemont\" \/>\n<meta property=\"og:description\" content=\"Hydrospeed auf der Saane. Zwischen Saanen und Rougemont im Pays d&#039;Enhaut. Eine 4 km lange Strecke voller Action und Emotionen. Adrenalinschub garantiert.\" \/>\n<meta property=\"og:url\" content=\"https:\/\/www.swissraft.ch\/de\/produkt\/hydrospeed-auf-der-saane-saanen-rougemont\/\" \/>\n<meta property=\"og:site_name\" content=\"Swissraft\" \/>\n<meta property=\"article:modified_time\" content=\"2026-04-12T20:58:17+00:00\" \/>\n<meta property=\"og:image\" content=\"https:\/\/www.swissraft.ch\/wp-content\/uploads\/2023\/02\/1_Hydrospeed_Saane_776x776.jpg\" \/>\n\t<meta property=\"og:image:width\" content=\"776\" \/>\n\t<meta property=\"og:image:height\" content=\"776\" \/>\n\t<meta property=\"og:image:type\" content=\"image\/jpeg\" \/>\n<meta name=\"twitter:card\" content=\"summary_large_image\" \/>\n<meta name=\"twitter:label1\" content=\"Gesch\u00e4tzte Lesezeit\" \/>\n\t<meta name=\"twitter:data1\" content=\"1\u00a0Minute\" \/>\n<script type=\"application\/ld+json\" class=\"yoast-schema-graph\">{\"@context\":\"https:\/\/schema.org\",\"@graph\":[{\"@type\":\"WebPage\",\"@id\":\"https:\/\/www.swissraft.ch\/de\/produkt\/hydrospeed-auf-der-saane-saanen-rougemont\/\",\"url\":\"https:\/\/www.swissraft.ch\/de\/produkt\/hydrospeed-auf-der-saane-saanen-rougemont\/\",\"name\":\"Hydrospeed auf der Saane von Saanen nach Rougemont\",\"isPartOf\":{\"@id\":\"https:\/\/www.swissraft.ch\/de\/#website\"},\"primaryImageOfPage\":{\"@id\":\"https:\/\/www.swissraft.ch\/de\/produkt\/hydrospeed-auf-der-saane-saanen-rougemont\/#primaryimage\"},\"image\":{\"@id\":\"https:\/\/www.swissraft.ch\/de\/produkt\/hydrospeed-auf-der-saane-saanen-rougemont\/#primaryimage\"},\"thumbnailUrl\":\"https:\/\/www.swissraft.ch\/wp-content\/uploads\/2023\/02\/1_Hydrospeed_Saane_776x776.jpg\",\"datePublished\":\"2023-02-26T15:04:57+00:00\",\"dateModified\":\"2026-04-12T20:58:17+00:00\",\"description\":\"Hydrospeed auf der Saane. Zwischen Saanen und Rougemont im Pays d'Enhaut. Eine 4 km lange Strecke voller Action und Emotionen. Adrenalinschub garantiert.\",\"breadcrumb\":{\"@id\":\"https:\/\/www.swissraft.ch\/de\/produkt\/hydrospeed-auf-der-saane-saanen-rougemont\/#breadcrumb\"},\"inLanguage\":\"de\",\"potentialAction\":[{\"@type\":\"ReadAction\",\"target\":[\"https:\/\/www.swissraft.ch\/de\/produkt\/hydrospeed-auf-der-saane-saanen-rougemont\/\"]}]},{\"@type\":\"ImageObject\",\"inLanguage\":\"de\",\"@id\":\"https:\/\/www.swissraft.ch\/de\/produkt\/hydrospeed-auf-der-saane-saanen-rougemont\/#primaryimage\",\"url\":\"https:\/\/www.swissraft.ch\/wp-content\/uploads\/2023\/02\/1_Hydrospeed_Saane_776x776.jpg\",\"contentUrl\":\"https:\/\/www.swissraft.ch\/wp-content\/uploads\/2023\/02\/1_Hydrospeed_Saane_776x776.jpg\",\"width\":776,\"height\":776,\"caption\":\"Hydrospeed auf der Saane\"},{\"@type\":\"BreadcrumbList\",\"@id\":\"https:\/\/www.swissraft.ch\/de\/produkt\/hydrospeed-auf-der-saane-saanen-rougemont\/#breadcrumb\",\"itemListElement\":[{\"@type\":\"ListItem\",\"position\":1,\"name\":\"Accueil\",\"item\":\"https:\/\/www.swissraft.ch\/de\/\"},{\"@type\":\"ListItem\",\"position\":2,\"name\":\"Shop\",\"item\":\"https:\/\/www.swissraft.ch\/de\/shop\/\"},{\"@type\":\"ListItem\",\"position\":3,\"name\":\"Hydrospeed &#8211; Pays d&rsquo;Enhaut &#8211; Saane &#8211; Saanen-Rougemont &#8211; Ab CHF 126.00\"}]},{\"@type\":\"WebSite\",\"@id\":\"https:\/\/www.swissraft.ch\/de\/#website\",\"url\":\"https:\/\/www.swissraft.ch\/de\/\",\"name\":\"Swissraft\",\"description\":\"To enjoy nature as it is\",\"publisher\":{\"@id\":\"https:\/\/www.swissraft.ch\/de\/#organization\"},\"potentialAction\":[{\"@type\":\"SearchAction\",\"target\":{\"@type\":\"EntryPoint\",\"urlTemplate\":\"https:\/\/www.swissraft.ch\/de\/?s={search_term_string}\"},\"query-input\":{\"@type\":\"PropertyValueSpecification\",\"valueRequired\":true,\"valueName\":\"search_term_string\"}}],\"inLanguage\":\"de\"},{\"@type\":\"Organization\",\"@id\":\"https:\/\/www.swissraft.ch\/de\/#organization\",\"name\":\"Swissraft\",\"url\":\"https:\/\/www.swissraft.ch\/de\/\",\"logo\":{\"@type\":\"ImageObject\",\"inLanguage\":\"de\",\"@id\":\"https:\/\/www.swissraft.ch\/de\/#\/schema\/logo\/image\/\",\"url\":\"https:\/\/www.swissraft.ch\/wp-content\/uploads\/2025\/09\/Capture.jpg\",\"contentUrl\":\"https:\/\/www.swissraft.ch\/wp-content\/uploads\/2025\/09\/Capture.jpg\",\"width\":293,\"height\":108,\"caption\":\"Swissraft\"},\"image\":{\"@id\":\"https:\/\/www.swissraft.ch\/de\/#\/schema\/logo\/image\/\"}}]}<\/script>\n<!-- \/ Yoast SEO plugin. -->","yoast_head_json":{"title":"Hydrospeed auf der Saane von Saanen nach Rougemont","description":"Hydrospeed auf der Saane. Zwischen Saanen und Rougemont im Pays d'Enhaut. Eine 4 km lange Strecke voller Action und Emotionen. Adrenalinschub garantiert.","robots":{"index":"index","follow":"follow","max-snippet":"max-snippet:-1","max-image-preview":"max-image-preview:large","max-video-preview":"max-video-preview:-1"},"canonical":"https:\/\/www.swissraft.ch\/de\/produkt\/hydrospeed-auf-der-saane-saanen-rougemont\/","og_locale":"de_DE","og_type":"article","og_title":"Hydrospeed auf der Saane von Saanen nach Rougemont","og_description":"Hydrospeed auf der Saane. Zwischen Saanen und Rougemont im Pays d'Enhaut. Eine 4 km lange Strecke voller Action und Emotionen. Adrenalinschub garantiert.","og_url":"https:\/\/www.swissraft.ch\/de\/produkt\/hydrospeed-auf-der-saane-saanen-rougemont\/","og_site_name":"Swissraft","article_modified_time":"2026-04-12T20:58:17+00:00","og_image":[{"width":776,"height":776,"url":"https:\/\/www.swissraft.ch\/wp-content\/uploads\/2023\/02\/1_Hydrospeed_Saane_776x776.jpg","type":"image\/jpeg"}],"twitter_card":"summary_large_image","twitter_misc":{"Gesch\u00e4tzte Lesezeit":"1\u00a0Minute"},"schema":{"@context":"https:\/\/schema.org","@graph":[{"@type":"WebPage","@id":"https:\/\/www.swissraft.ch\/de\/produkt\/hydrospeed-auf-der-saane-saanen-rougemont\/","url":"https:\/\/www.swissraft.ch\/de\/produkt\/hydrospeed-auf-der-saane-saanen-rougemont\/","name":"Hydrospeed auf der Saane von Saanen nach Rougemont","isPartOf":{"@id":"https:\/\/www.swissraft.ch\/de\/#website"},"primaryImageOfPage":{"@id":"https:\/\/www.swissraft.ch\/de\/produkt\/hydrospeed-auf-der-saane-saanen-rougemont\/#primaryimage"},"image":{"@id":"https:\/\/www.swissraft.ch\/de\/produkt\/hydrospeed-auf-der-saane-saanen-rougemont\/#primaryimage"},"thumbnailUrl":"https:\/\/www.swissraft.ch\/wp-content\/uploads\/2023\/02\/1_Hydrospeed_Saane_776x776.jpg","datePublished":"2023-02-26T15:04:57+00:00","dateModified":"2026-04-12T20:58:17+00:00","description":"Hydrospeed auf der Saane. Zwischen Saanen und Rougemont im Pays d'Enhaut. Eine 4 km lange Strecke voller Action und Emotionen. Adrenalinschub garantiert.","breadcrumb":{"@id":"https:\/\/www.swissraft.ch\/de\/produkt\/hydrospeed-auf-der-saane-saanen-rougemont\/#breadcrumb"},"inLanguage":"de","potentialAction":[{"@type":"ReadAction","target":["https:\/\/www.swissraft.ch\/de\/produkt\/hydrospeed-auf-der-saane-saanen-rougemont\/"]}]},{"@type":"ImageObject","inLanguage":"de","@id":"https:\/\/www.swissraft.ch\/de\/produkt\/hydrospeed-auf-der-saane-saanen-rougemont\/#primaryimage","url":"https:\/\/www.swissraft.ch\/wp-content\/uploads\/2023\/02\/1_Hydrospeed_Saane_776x776.jpg","contentUrl":"https:\/\/www.swissraft.ch\/wp-content\/uploads\/2023\/02\/1_Hydrospeed_Saane_776x776.jpg","width":776,"height":776,"caption":"Hydrospeed auf der Saane"},{"@type":"BreadcrumbList","@id":"https:\/\/www.swissraft.ch\/de\/produkt\/hydrospeed-auf-der-saane-saanen-rougemont\/#breadcrumb","itemListElement":[{"@type":"ListItem","position":1,"name":"Accueil","item":"https:\/\/www.swissraft.ch\/de\/"},{"@type":"ListItem","position":2,"name":"Shop","item":"https:\/\/www.swissraft.ch\/de\/shop\/"},{"@type":"ListItem","position":3,"name":"Hydrospeed &#8211; Pays d&rsquo;Enhaut &#8211; Saane &#8211; Saanen-Rougemont &#8211; Ab CHF 126.00"}]},{"@type":"WebSite","@id":"https:\/\/www.swissraft.ch\/de\/#website","url":"https:\/\/www.swissraft.ch\/de\/","name":"Swissraft","description":"To enjoy nature as it is","publisher":{"@id":"https:\/\/www.swissraft.ch\/de\/#organization"},"potentialAction":[{"@type":"SearchAction","target":{"@type":"EntryPoint","urlTemplate":"https:\/\/www.swissraft.ch\/de\/?s={search_term_string}"},"query-input":{"@type":"PropertyValueSpecification","valueRequired":true,"valueName":"search_term_string"}}],"inLanguage":"de"},{"@type":"Organization","@id":"https:\/\/www.swissraft.ch\/de\/#organization","name":"Swissraft","url":"https:\/\/www.swissraft.ch\/de\/","logo":{"@type":"ImageObject","inLanguage":"de","@id":"https:\/\/www.swissraft.ch\/de\/#\/schema\/logo\/image\/","url":"https:\/\/www.swissraft.ch\/wp-content\/uploads\/2025\/09\/Capture.jpg","contentUrl":"https:\/\/www.swissraft.ch\/wp-content\/uploads\/2025\/09\/Capture.jpg","width":293,"height":108,"caption":"Swissraft"},"image":{"@id":"https:\/\/www.swissraft.ch\/de\/#\/schema\/logo\/image\/"}}]}},"_links":{"self":[{"href":"https:\/\/www.swissraft.ch\/de\/wp-json\/wp\/v2\/product\/91445","targetHints":{"allow":["GET"]}}],"collection":[{"href":"https:\/\/www.swissraft.ch\/de\/wp-json\/wp\/v2\/product"}],"about":[{"href":"https:\/\/www.swissraft.ch\/de\/wp-json\/wp\/v2\/types\/product"}],"replies":[{"embeddable":true,"href":"https:\/\/www.swissraft.ch\/de\/wp-json\/wp\/v2\/comments?post=91445"}],"version-history":[{"count":28,"href":"https:\/\/www.swissraft.ch\/de\/wp-json\/wp\/v2\/product\/91445\/revisions"}],"predecessor-version":[{"id":139848,"href":"https:\/\/www.swissraft.ch\/de\/wp-json\/wp\/v2\/product\/91445\/revisions\/139848"}],"wp:featuredmedia":[{"embeddable":true,"href":"https:\/\/www.swissraft.ch\/de\/wp-json\/wp\/v2\/media\/85384"}],"wp:attachment":[{"href":"https:\/\/www.swissraft.ch\/de\/wp-json\/wp\/v2\/media?parent=91445"}],"wp:term":[{"taxonomy":"product_cat","embeddable":true,"href":"https:\/\/www.swissraft.ch\/de\/wp-json\/wp\/v2\/product_cat?post=91445"},{"taxonomy":"product_tag","embeddable":true,"href":"https:\/\/www.swissraft.ch\/de\/wp-json\/wp\/v2\/product_tag?post=91445"}],"curies":[{"name":"wp","href":"https:\/\/api.w.org\/{rel}","templated":true}]}}