{"id":91441,"date":"2023-02-26T15:52:41","date_gmt":"2023-02-26T14:52:41","guid":{"rendered":"https:\/\/swissraft.xyanzkdne.eu\/product\/ducky-rhone-souste-sierre-energy\/"},"modified":"2024-11-16T21:26:42","modified_gmt":"2024-11-16T20:26:42","slug":"ducky-rhone-souste-sierre-energy","status":"publish","type":"product","link":"https:\/\/www.swissraft.ch\/de\/produkt\/ducky-rhone-souste-sierre-energy\/","title":{"rendered":"Ducky &#8211; Rh\u00f4ne &#8211; Souste-Sierre &#8211; Energy"},"content":{"rendered":"\t\t<div data-elementor-type=\"wp-post\" data-elementor-id=\"91441\" class=\"elementor elementor-91441 elementor-31307\">\n\t\t\t\t\t\t\t\t\t<section class=\"elementor-section elementor-top-section elementor-element elementor-element-3303a7e3 elementor-section-boxed elementor-section-height-default elementor-section-height-default\" data-id=\"3303a7e3\" data-element_type=\"section\">\n\t\t\t\t\t\t<div class=\"elementor-container elementor-column-gap-default\">\n\t\t\t\t\t<div class=\"elementor-column elementor-col-100 elementor-top-column elementor-element elementor-element-16d72dbf\" data-id=\"16d72dbf\" data-element_type=\"column\">\n\t\t\t<div class=\"elementor-widget-wrap elementor-element-populated\">\n\t\t\t\t\t\t\t\t<div class=\"elementor-element elementor-element-d743c03 elementor-widget elementor-widget-text-editor\" data-id=\"d743c03\" data-element_type=\"widget\" data-widget_type=\"text-editor.default\">\n\t\t\t\t<div class=\"elementor-widget-container\">\n\t\t\t\t\t\t\t<h2>W\u00c4HLEN SIE UNTEN IHRE AKTIVIT\u00c4T AUS, UM GESCHENKGUTSCHEINE \/ TICKETS ZU VERSCHENKEN ODER ZU BUCHEN.<\/h2>\n<table border=\"0\" width=\"580\" cellspacing=\"10\" cellpadding=\"10\">\n<tbody>\n<tr>\n<td width=\"50%\"><strong>1) RH\u00d4NE Ducky Morgen mit Snacks &#8211; Energy<\/strong><\/td>\n<td><strong>CHF 145<span class=\"productPrice\"><br \/><\/span><\/strong><\/td>\n<\/tr>\n<tr>\n<td>Zus\u00e4tzliche Informationen<\/td>\n<td>\n<p class=\"patt\"><span class=\"plbl\">Rabatt<\/span>:  <span class=\"patt\">ab 10 Personen 10%; ab 21 Pers. 20%<\/span><\/p>\n<\/td>\n<\/tr>\n<tr>\n<td>\u00d6ffnungszeiten<\/td>\n<td>10h00<\/td>\n<\/tr>\n<tr>\n<td>Ducky<\/td>\n<td>ca. 1,5 Stunden<\/td>\n<\/tr>\n<tr>\n<td>Gesamtdauer<\/td>\n<td>ca. 3 Std.<\/td>\n<\/tr>\n<tr>\n<td>Treffpunkt<\/td>\n<td>Siders<\/td>\n<\/tr>\n<tr>\n<td>Schwierigkeitsgrad<\/td>\n<td>2 \u00e0 3+<\/td>\n<\/tr>\n<tr>\n<td>F\u00fcr Reservierungen <a href=\"https:\/\/www.swissraft.ch\/de\/kontakt\/\">kontaktieren Sie uns bitte.<\/a><\/td>\n<td><button class=\"elementor-button\" type=\"button\"><a href=\"https:\/\/swissraft.outdoorbooking.ch\/fo\/products\/1274?base_id=82&amp;category_id=9&amp;order_type=gift_voucher&amp;lang=de&amp;campaignid=244015613\">Kaufen<\/a><\/button><\/td>\n<\/tr>\n<\/tbody>\n<\/table>\n<table border=\"0\" width=\"580\" cellspacing=\"10\" cellpadding=\"10\">\n<tbody>\n<tr>\n<td width=\"50%\"><strong>2) RH\u00d4NE Ducky-Nachmittag mit Snacks &#8211; Energy<\/strong><\/td>\n<td><strong>CHF 145<span class=\"productPrice\"><br \/><\/span><\/strong><\/td>\n<\/tr>\n<tr>\n<td>Zus\u00e4tzliche Informationen<\/td>\n<td>\n<p class=\"patt\"><span class=\"plbl\">Rabatt<\/span>:  <span class=\"patt\">ab 10 Personen 10%; ab 21 Pers. 20%<\/span><\/p>\n<\/td>\n<\/tr>\n<tr>\n<td>\u00d6ffnungszeiten<\/td>\n<td>13h30<\/td>\n<\/tr>\n<tr>\n<td>Ducky<\/td>\n<td>ca. 1,5 Stunden<\/td>\n<\/tr>\n<tr>\n<td>Gesamtdauer<\/td>\n<td>ca. 3 Std.<\/td>\n<\/tr>\n<tr>\n<td>Treffpunkt<\/td>\n<td>Siders<\/td>\n<\/tr>\n<tr>\n<td>Schwierigkeitsgrad<\/td>\n<td>2 \u00e0 3+<\/td>\n<\/tr>\n<tr>\n<td>F\u00fcr Reservierungen <a href=\"https:\/\/www.swissraft.ch\/de\/kontakt\/\">kontaktieren Sie uns bitte.<\/a><\/td>\n<td><button class=\"elementor-button\" type=\"button\"><a href=\"https:\/\/swissraft.outdoorbooking.ch\/fo\/products\/1274?base_id=82&amp;category_id=9&amp;order_type=gift_voucher&amp;lang=de&amp;campaignid=244015613\">Kaufen<\/a><\/button><\/td>\n<\/tr>\n<\/tbody>\n<\/table>\n<table border=\"0\" width=\"580\" cellspacing=\"10\" cellpadding=\"10\">\n<tbody>\n<tr>\n<td width=\"50%\"><strong>3) RH\u00d4NE Sp\u00e4ter Nachmittag im Ducky mit Snacks &#8211; Energy<\/strong><\/td>\n<td><strong>CHF 145<span class=\"productPrice\"><br \/><\/span><\/strong><\/td>\n<\/tr>\n<tr>\n<td>Zus\u00e4tzliche Informationen<\/td>\n<td>\n<p class=\"patt\"><span class=\"plbl\">Rabatt<\/span>:  <span class=\"patt\">ab 10 Personen 10%; ab 21 Pers. 20%<\/span><\/p>\n<\/td>\n<\/tr>\n<tr>\n<td>\u00d6ffnungszeiten<\/td>\n<td>16h30<\/td>\n<\/tr>\n<tr>\n<td>Ducky<\/td>\n<td>ca. 1,5 Stunden<\/td>\n<\/tr>\n<tr>\n<td>Gesamtdauer<\/td>\n<td>ca. 3 Std.<\/td>\n<\/tr>\n<tr>\n<td>Treffpunkt<\/td>\n<td>Siders<\/td>\n<\/tr>\n<tr>\n<td>Schwierigkeitsgrad<\/td>\n<td>2 \u00e0 3+<\/td>\n<\/tr>\n<tr>\n<td>F\u00fcr Reservierungen <a href=\"https:\/\/www.swissraft.ch\/de\/kontakt\/\">kontaktieren Sie uns bitte.<\/a><\/td>\n<td><button class=\"elementor-button\" type=\"button\"><a href=\"https:\/\/swissraft.outdoorbooking.ch\/fo\/products\/1274?base_id=82&amp;category_id=9&amp;order_type=gift_voucher&amp;lang=de&amp;campaignid=244015613\">Kaufen<\/a><\/button><\/td>\n<\/tr>\n<\/tbody>\n<\/table>\n\t\t\t\t\t\t<\/div>\n\t\t\t\t<\/div>\n\t\t\t\t\t<\/div>\n\t\t<\/div>\n\t\t\t\t\t\t\t<\/div>\n\t\t<\/section>\n\t\t\t\t\t\t\t<\/div>\n\t\t","protected":false},"excerpt":{"rendered":"<div align=\"justify\">\n<p>Ducky oder Kanufahren auf der Rh\u00f4ne im Wallis zwischen Souste und Sierre! Ein gutes Geschenk? Was f\u00fcr eine sch\u00f6ne Idee! Diese sportliche Strecke auf der Rh\u00f4ne ist f\u00fcr diejenigen, die Action suchen. Sensationen und Spa\u00df garantiert&#8230; Swissraft bietet auch Ducky-Schnupperkurse auf der Rhone im Wallis, Kanufahren auf der Reuss zwischen Gisikon und Ottenbach in den Kantonen Luzern und Z\u00fcrich und auf der Reuss im Aargau 3 Kanustrecken: Bremgarten &#8211; Mellingen oder Mellingen &#8211; Gebenstorf sowie Bremgarten &#8211; Gebenstorf. Ebenfalls im Tessin auf dem Ticino zwischen Cresciano und Bellinzona, in Graub\u00fcnden Kanufahren auf dem Rhein zwischen Ilanz und Versam und auf der Lutschine Tandem Rafting in Interlaken im Berner Oberland.<\/p>\n<\/div>\n","protected":false},"featured_media":0,"comment_status":"open","ping_status":"closed","template":"","meta":{"inline_featured_image":false,"_mi_skip_tracking":false},"product_cat":[268],"product_tag":[],"class_list":["post-91441","product","type-product","status-publish","hentry","product_cat-kanu-funyak-oder-ducky-in-der-schweiz"],"yoast_head":"<!-- This site is optimized with the Yoast SEO plugin v23.6 - https:\/\/yoast.com\/wordpress\/plugins\/seo\/ -->\n<title>Ducky - Rh\u00f4ne - Souste-Sierre - Energy - Swissraft<\/title>\n<meta name=\"robots\" content=\"index, follow, max-snippet:-1, max-image-preview:large, max-video-preview:-1\" \/>\n<link rel=\"canonical\" href=\"https:\/\/www.swissraft.ch\/de\/produkt\/ducky-rhone-souste-sierre-energy\/\" \/>\n<meta property=\"og:locale\" content=\"de_DE\" \/>\n<meta property=\"og:type\" content=\"article\" \/>\n<meta property=\"og:title\" content=\"Ducky - Rh\u00f4ne - Souste-Sierre - Energy - Swissraft\" \/>\n<meta property=\"og:description\" content=\"Ducky oder Kanufahren auf der Rh\u00f4ne im Wallis zwischen Souste und Sierre! Ein gutes Geschenk? Was f\u00fcr eine sch\u00f6ne Idee! Diese sportliche Strecke auf der Rh\u00f4ne ist f\u00fcr diejenigen, die Action suchen. Sensationen und Spa\u00df garantiert... Swissraft bietet auch Ducky-Schnupperkurse auf der Rhone im Wallis, Kanufahren auf der Reuss zwischen Gisikon und Ottenbach in den Kantonen Luzern und Z\u00fcrich und auf der Reuss im Aargau 3 Kanustrecken: Bremgarten - Mellingen oder Mellingen - Gebenstorf sowie Bremgarten - Gebenstorf. Ebenfalls im Tessin auf dem Ticino zwischen Cresciano und Bellinzona, in Graub\u00fcnden Kanufahren auf dem Rhein zwischen Ilanz und Versam und auf der Lutschine Tandem Rafting in Interlaken im Berner Oberland.\" \/>\n<meta property=\"og:url\" content=\"https:\/\/www.swissraft.ch\/de\/produkt\/ducky-rhone-souste-sierre-energy\/\" \/>\n<meta property=\"og:site_name\" content=\"Swissraft\" \/>\n<meta property=\"article:modified_time\" content=\"2024-11-16T20:26:42+00:00\" \/>\n<meta name=\"twitter:card\" content=\"summary_large_image\" \/>\n<meta name=\"twitter:label1\" content=\"Gesch\u00e4tzte Lesezeit\" \/>\n\t<meta name=\"twitter:data1\" content=\"1\u00a0Minute\" \/>\n<script type=\"application\/ld+json\" class=\"yoast-schema-graph\">{\"@context\":\"https:\/\/schema.org\",\"@graph\":[{\"@type\":\"WebPage\",\"@id\":\"https:\/\/www.swissraft.ch\/de\/produkt\/ducky-rhone-souste-sierre-energy\/\",\"url\":\"https:\/\/www.swissraft.ch\/de\/produkt\/ducky-rhone-souste-sierre-energy\/\",\"name\":\"Ducky - Rh\u00f4ne - Souste-Sierre - Energy - Swissraft\",\"isPartOf\":{\"@id\":\"https:\/\/www.swissraft.ch\/de\/#website\"},\"datePublished\":\"2023-02-26T14:52:41+00:00\",\"dateModified\":\"2024-11-16T20:26:42+00:00\",\"breadcrumb\":{\"@id\":\"https:\/\/www.swissraft.ch\/de\/produkt\/ducky-rhone-souste-sierre-energy\/#breadcrumb\"},\"inLanguage\":\"de\",\"potentialAction\":[{\"@type\":\"ReadAction\",\"target\":[\"https:\/\/www.swissraft.ch\/de\/produkt\/ducky-rhone-souste-sierre-energy\/\"]}]},{\"@type\":\"BreadcrumbList\",\"@id\":\"https:\/\/www.swissraft.ch\/de\/produkt\/ducky-rhone-souste-sierre-energy\/#breadcrumb\",\"itemListElement\":[{\"@type\":\"ListItem\",\"position\":1,\"name\":\"Accueil\",\"item\":\"https:\/\/www.swissraft.ch\/de\/\"},{\"@type\":\"ListItem\",\"position\":2,\"name\":\"Shop\",\"item\":\"https:\/\/www.swissraft.ch\/de\/shop\/\"},{\"@type\":\"ListItem\",\"position\":3,\"name\":\"Ducky &#8211; Rh\u00f4ne &#8211; Souste-Sierre &#8211; Energy\"}]},{\"@type\":\"WebSite\",\"@id\":\"https:\/\/www.swissraft.ch\/de\/#website\",\"url\":\"https:\/\/www.swissraft.ch\/de\/\",\"name\":\"Swissraft\",\"description\":\"To enjoy nature as it is\",\"publisher\":{\"@id\":\"https:\/\/www.swissraft.ch\/de\/#organization\"},\"potentialAction\":[{\"@type\":\"SearchAction\",\"target\":{\"@type\":\"EntryPoint\",\"urlTemplate\":\"https:\/\/www.swissraft.ch\/de\/?s={search_term_string}\"},\"query-input\":{\"@type\":\"PropertyValueSpecification\",\"valueRequired\":true,\"valueName\":\"search_term_string\"}}],\"inLanguage\":\"de\"},{\"@type\":\"Organization\",\"@id\":\"https:\/\/www.swissraft.ch\/de\/#organization\",\"name\":\"Swissraft\",\"url\":\"https:\/\/www.swissraft.ch\/de\/\",\"logo\":{\"@type\":\"ImageObject\",\"inLanguage\":\"de\",\"@id\":\"https:\/\/www.swissraft.ch\/de\/#\/schema\/logo\/image\/\",\"url\":\"https:\/\/www.swissraft.ch\/wp-content\/uploads\/2025\/09\/Capture.jpg\",\"contentUrl\":\"https:\/\/www.swissraft.ch\/wp-content\/uploads\/2025\/09\/Capture.jpg\",\"width\":293,\"height\":108,\"caption\":\"Swissraft\"},\"image\":{\"@id\":\"https:\/\/www.swissraft.ch\/de\/#\/schema\/logo\/image\/\"}}]}<\/script>\n<!-- \/ Yoast SEO plugin. -->","yoast_head_json":{"title":"Ducky - Rh\u00f4ne - Souste-Sierre - Energy - Swissraft","robots":{"index":"index","follow":"follow","max-snippet":"max-snippet:-1","max-image-preview":"max-image-preview:large","max-video-preview":"max-video-preview:-1"},"canonical":"https:\/\/www.swissraft.ch\/de\/produkt\/ducky-rhone-souste-sierre-energy\/","og_locale":"de_DE","og_type":"article","og_title":"Ducky - Rh\u00f4ne - Souste-Sierre - Energy - Swissraft","og_description":"Ducky oder Kanufahren auf der Rh\u00f4ne im Wallis zwischen Souste und Sierre! Ein gutes Geschenk? Was f\u00fcr eine sch\u00f6ne Idee! Diese sportliche Strecke auf der Rh\u00f4ne ist f\u00fcr diejenigen, die Action suchen. Sensationen und Spa\u00df garantiert... Swissraft bietet auch Ducky-Schnupperkurse auf der Rhone im Wallis, Kanufahren auf der Reuss zwischen Gisikon und Ottenbach in den Kantonen Luzern und Z\u00fcrich und auf der Reuss im Aargau 3 Kanustrecken: Bremgarten - Mellingen oder Mellingen - Gebenstorf sowie Bremgarten - Gebenstorf. Ebenfalls im Tessin auf dem Ticino zwischen Cresciano und Bellinzona, in Graub\u00fcnden Kanufahren auf dem Rhein zwischen Ilanz und Versam und auf der Lutschine Tandem Rafting in Interlaken im Berner Oberland.","og_url":"https:\/\/www.swissraft.ch\/de\/produkt\/ducky-rhone-souste-sierre-energy\/","og_site_name":"Swissraft","article_modified_time":"2024-11-16T20:26:42+00:00","twitter_card":"summary_large_image","twitter_misc":{"Gesch\u00e4tzte Lesezeit":"1\u00a0Minute"},"schema":{"@context":"https:\/\/schema.org","@graph":[{"@type":"WebPage","@id":"https:\/\/www.swissraft.ch\/de\/produkt\/ducky-rhone-souste-sierre-energy\/","url":"https:\/\/www.swissraft.ch\/de\/produkt\/ducky-rhone-souste-sierre-energy\/","name":"Ducky - Rh\u00f4ne - Souste-Sierre - Energy - Swissraft","isPartOf":{"@id":"https:\/\/www.swissraft.ch\/de\/#website"},"datePublished":"2023-02-26T14:52:41+00:00","dateModified":"2024-11-16T20:26:42+00:00","breadcrumb":{"@id":"https:\/\/www.swissraft.ch\/de\/produkt\/ducky-rhone-souste-sierre-energy\/#breadcrumb"},"inLanguage":"de","potentialAction":[{"@type":"ReadAction","target":["https:\/\/www.swissraft.ch\/de\/produkt\/ducky-rhone-souste-sierre-energy\/"]}]},{"@type":"BreadcrumbList","@id":"https:\/\/www.swissraft.ch\/de\/produkt\/ducky-rhone-souste-sierre-energy\/#breadcrumb","itemListElement":[{"@type":"ListItem","position":1,"name":"Accueil","item":"https:\/\/www.swissraft.ch\/de\/"},{"@type":"ListItem","position":2,"name":"Shop","item":"https:\/\/www.swissraft.ch\/de\/shop\/"},{"@type":"ListItem","position":3,"name":"Ducky &#8211; Rh\u00f4ne &#8211; Souste-Sierre &#8211; Energy"}]},{"@type":"WebSite","@id":"https:\/\/www.swissraft.ch\/de\/#website","url":"https:\/\/www.swissraft.ch\/de\/","name":"Swissraft","description":"To enjoy nature as it is","publisher":{"@id":"https:\/\/www.swissraft.ch\/de\/#organization"},"potentialAction":[{"@type":"SearchAction","target":{"@type":"EntryPoint","urlTemplate":"https:\/\/www.swissraft.ch\/de\/?s={search_term_string}"},"query-input":{"@type":"PropertyValueSpecification","valueRequired":true,"valueName":"search_term_string"}}],"inLanguage":"de"},{"@type":"Organization","@id":"https:\/\/www.swissraft.ch\/de\/#organization","name":"Swissraft","url":"https:\/\/www.swissraft.ch\/de\/","logo":{"@type":"ImageObject","inLanguage":"de","@id":"https:\/\/www.swissraft.ch\/de\/#\/schema\/logo\/image\/","url":"https:\/\/www.swissraft.ch\/wp-content\/uploads\/2025\/09\/Capture.jpg","contentUrl":"https:\/\/www.swissraft.ch\/wp-content\/uploads\/2025\/09\/Capture.jpg","width":293,"height":108,"caption":"Swissraft"},"image":{"@id":"https:\/\/www.swissraft.ch\/de\/#\/schema\/logo\/image\/"}}]}},"_links":{"self":[{"href":"https:\/\/www.swissraft.ch\/de\/wp-json\/wp\/v2\/product\/91441","targetHints":{"allow":["GET"]}}],"collection":[{"href":"https:\/\/www.swissraft.ch\/de\/wp-json\/wp\/v2\/product"}],"about":[{"href":"https:\/\/www.swissraft.ch\/de\/wp-json\/wp\/v2\/types\/product"}],"replies":[{"embeddable":true,"href":"https:\/\/www.swissraft.ch\/de\/wp-json\/wp\/v2\/comments?post=91441"}],"version-history":[{"count":0,"href":"https:\/\/www.swissraft.ch\/de\/wp-json\/wp\/v2\/product\/91441\/revisions"}],"wp:attachment":[{"href":"https:\/\/www.swissraft.ch\/de\/wp-json\/wp\/v2\/media?parent=91441"}],"wp:term":[{"taxonomy":"product_cat","embeddable":true,"href":"https:\/\/www.swissraft.ch\/de\/wp-json\/wp\/v2\/product_cat?post=91441"},{"taxonomy":"product_tag","embeddable":true,"href":"https:\/\/www.swissraft.ch\/de\/wp-json\/wp\/v2\/product_tag?post=91441"}],"curies":[{"name":"wp","href":"https:\/\/api.w.org\/{rel}","templated":true}]}}