{"id":91438,"date":"2023-02-26T15:44:20","date_gmt":"2023-02-26T14:44:20","guid":{"rendered":"https:\/\/swissraft.xyanzkdne.eu\/product\/funyak-kanu-auf-dem-rhone-chippis-st-leonard-ab-chf-100-00\/"},"modified":"2026-03-08T23:40:41","modified_gmt":"2026-03-08T22:40:41","slug":"kanu-funyak-rhone-chippis-st-leonard","status":"publish","type":"product","link":"https:\/\/www.swissraft.ch\/de\/produkt\/kanu-funyak-rhone-chippis-st-leonard\/","title":{"rendered":"Kanu oder Funyak auf der RHONE &#8211; CHIPPIS-ST. L\u00c9ONARD &#8211; Ab CHF 100.00"},"content":{"rendered":"\t\t<div data-elementor-type=\"wp-post\" data-elementor-id=\"91438\" class=\"elementor elementor-91438 elementor-31302\">\n\t\t\t\t\t\t\t\t\t<section class=\"elementor-section elementor-top-section elementor-element elementor-element-3303a7e3 elementor-section-boxed elementor-section-height-default elementor-section-height-default\" data-id=\"3303a7e3\" data-element_type=\"section\">\n\t\t\t\t\t\t<div class=\"elementor-container elementor-column-gap-default\">\n\t\t\t\t\t<div class=\"elementor-column elementor-col-100 elementor-top-column elementor-element elementor-element-16d72dbf\" data-id=\"16d72dbf\" data-element_type=\"column\">\n\t\t\t<div class=\"elementor-widget-wrap elementor-element-populated\">\n\t\t\t\t\t\t\t\t<div class=\"elementor-element elementor-element-d743c03 elementor-widget elementor-widget-text-editor\" data-id=\"d743c03\" data-element_type=\"widget\" data-widget_type=\"text-editor.default\">\n\t\t\t\t<div class=\"elementor-widget-container\">\n\t\t\t\t\t\t\t<h2>W\u00c4HLEN SIE UNTEN IHRE AKTIVIT\u00c4T AUS, UM GESCHENKGUTSCHEINE \/ TICKETS ZU VERSCHENKEN ODER ZU BUCHEN<\/h2><table border=\"0\" width=\"580\" cellspacing=\"10\" cellpadding=\"10\"><tbody><tr><td width=\"50%\"><strong>KANU ODER FUNYAK &#8211; CHIPPIS-ST. L\u00c9ONARD + Imbiss<\/strong><\/td><td><strong>CHF 125.00 pro Person<span class=\"productPrice\"><br \/><\/span><\/strong><\/td><\/tr><tr><td>Weitere Informationen<\/td><td><span class=\"plbl\">&#8211; <\/span><span class=\"patt\">Ab 10 Pers. 10% : <strong>CHF 112.50<\/strong>\/Pers.<br \/>&#8211; Ab 21 Pers. 20% : <strong>CHF 100.00<\/strong>\/Pers.<\/span><br \/>&#8211; Mindestalter : 10 j\u00e4hrig<br \/>&#8211; Schulpreis : <span class=\"patt\"><span class=\"patt\" style=\"font-family: inherit; font-size: inherit;\"><span class=\"plbl\"><a href=\"https:\/\/swissraft.xyanzkdne.eu\/de\/kontakt\/\">kontaktieren Sie uns<\/a><\/span><\/span><\/span><\/td><\/tr><tr><td>Startzeiten<\/td><td>10.00 Uhr \/ 14.00 Uhr<\/td><\/tr><tr><td>Kanu oder Funyak<\/td><td>ca. 1,5 Std.<\/td><\/tr><tr><td>Gesamtdauer<\/td><td>ca. 3 Std.<\/td><\/tr><tr><td>Treffpunkt<\/td><td><a href=\"https:\/\/www.google.com\/maps\/place\/46%C2%B017'36.8%22N+7%C2%B033'29.6%22E\/@46.2937223,7.5537054,780m\/data=!3m1!1e3!4m4!3m3!8m2!3d46.2935556!4d7.5582222?entry=ttu\" target=\"_blank\" rel=\"noopener\">Siders<\/a><\/td><\/tr><tr><td>Schwierigkeit<\/td><td>1 \u00e0 2<\/td><\/tr><tr><td><button class=\"elementor-button\" type=\"button\"><a href=\"https:\/\/swissraft.outdoorbooking.ch\/fo\/products\/1273?base_id=82&amp;category_id=9&amp;order_type=gift_voucher&amp;lang=fr\" target=\"_blank\" rel=\"noopener\">GUTSCHEIN \/ TICKET KAUFEN<\/a><\/button><\/td><td><span style=\"color: #ff6600;\"><a href=\"https:\/\/swissraft.outdoorbooking.ch\/fo\/products\/1273?base_id=82&amp;category_id=9&amp;order_type=event&amp;lang=fr\" target=\"_blank\" rel=\"noopener\">RESERVIEREN SIE EIN DATUM<\/a><\/span><\/td><\/tr><\/tbody><\/table>\t\t\t\t\t\t<\/div>\n\t\t\t\t<\/div>\n\t\t\t\t\t<\/div>\n\t\t<\/div>\n\t\t\t\t\t\t\t<\/div>\n\t\t<\/section>\n\t\t\t\t\t\t\t<\/div>\n\t\t","protected":false},"excerpt":{"rendered":"<div align=\"justify\">\n<h2 align=\"justify\">Kanu oder Funyak auf der Rhone im Wallis zwischen Chippis und St. L\u00e9onard ist f\u00fcr Familien mit kleinen Kindern geeignet.<\/h2>\n<h3>Chippis-St. L\u00e9onard Ein Abschnitt der Rhone f\u00fcr Liebhaber von Entspannung und Kontemplation.<\/h3>\n<\/div>\n<div align=\"justify\">\n<p>Die Kanufahrt auf der Rhone zwischen Chippis und St. L\u00e9onard ist ein unvergessliches Erlebnis. L\u00e9onard ist ein unvergessliches Erlebnis. Zun\u00e4chst einmal bietet das ruhige Wasser eine friedliche Fahrt. Danach werden die Paddler von den malerischen Landschaften verzaubert. Auch die lokale Tierwelt ist hinter jeder Kurve zu sehen. In der Tat begleiten Enten und Reiher die Abenteurer oft. Die sanfte Str\u00f6mung sorgt daf\u00fcr, dass Sie sich entspannen und den Moment genie\u00dfen k\u00f6nnen. Auf halber Strecke l\u00e4dt ein kleiner Strand zu einer Pause ein. Dann fahren wir mit Begeisterung weiter und sp\u00fcren, wie das Adrenalin leicht ansteigt. Schlie\u00dflich wurde St. L\u00e9onard in die Liste aufgenommen. In der Ferne taucht L\u00e9onard auf und markiert das Ende dieses sch\u00f6nen Spaziergangs. Kurzum, dieser ruhige Abschnitt der Rhone verspricht unvergessliche Erinnerungen. Zusammenfassend l\u00e4sst sich sagen, dass der Funyak oder Ducky perfekt ist, um diese ruhige Region zu erkunden. Diese Aktivit\u00e4t ist ideal f\u00fcr Naturliebhaber und Ruhesuchende.<\/p>\n<h3>Auf unserer Website finden Sie verschiedene Funyak- und Ducky-Kanustrecken.<\/h3>\n<p id=\"textarea\" style=\"display: none;\">Der Abschnitt Souste-Sierre liegt ebenfalls an der Rh\u00f4ne und ist sportlich. Sie k\u00f6nnen auch in Graub\u00fcnden auf dem Rhein von Ilanz nach Valendas mit dem Funyak f\u00fcr einen halben Tag Abenteuer fahren. F\u00fcr einen Tag w\u00e4hlen Sie die Strecke zwischen Ilanz und Reichenau. Au\u00dferdem haben Sie die klassische Funyakfahrt von Versam nach Reichenau. Weiter unterhalb des ber\u00fchmten Rheinfalls bietet Swissraft zwei Strecken an: Schaffhausen &#8211; Rheinau einen halben Tag oder Schaffhausen &#8211; R\u00fcdlingen einen Tag Kanu Funyak. Au\u00dferdem gibt es die halbt\u00e4gigen Strecken von Bremgarten nach Mellingen und von Mellingen nach Gebenstorf auf der Reuss zu entdecken. Auf dem Abschnitt Bremgarten &#8211; Gebenstorf, immer noch auf der Reuss, werden Sie einen aufregenden Tag verbringen.<\/p>\n<p><a id=\"seeMore\"><\/a>Lesen Sie mehr<\/p>\n<\/div>\n","protected":false},"featured_media":90475,"comment_status":"open","ping_status":"closed","template":"","meta":{"inline_featured_image":false,"_mi_skip_tracking":false},"product_cat":[268,273],"product_tag":[],"class_list":["post-91438","product","type-product","status-publish","has-post-thumbnail","hentry","product_cat-kanu-funyak-oder-ducky-in-der-schweiz","product_cat-kanu-funyak-rhone"],"yoast_head":"<!-- This site is optimized with the Yoast SEO plugin v23.6 - https:\/\/yoast.com\/wordpress\/plugins\/seo\/ -->\n<title>Kanu Chippis-St. L\u00e9onard, ein ruhiger Abschnitt im Funyak<\/title>\n<meta name=\"description\" content=\"Kanu Chippis-St. L\u00e9onard eine Funyak-Tour auf der ruhigen Rhone. Eine sehr beliebte Aktivit\u00e4t f\u00fcr einen Schulausflug, Gruppen- oder Familienausflug.\" \/>\n<meta name=\"robots\" content=\"index, follow, max-snippet:-1, max-image-preview:large, max-video-preview:-1\" \/>\n<link rel=\"canonical\" href=\"https:\/\/www.swissraft.ch\/de\/produkt\/kanu-funyak-rhone-chippis-st-leonard\/\" \/>\n<meta property=\"og:locale\" content=\"de_DE\" \/>\n<meta property=\"og:type\" content=\"article\" \/>\n<meta property=\"og:title\" content=\"Kanu Chippis-St. L\u00e9onard, ein ruhiger Abschnitt im Funyak\" \/>\n<meta property=\"og:description\" content=\"Kanu Chippis-St. L\u00e9onard eine Funyak-Tour auf der ruhigen Rhone. Eine sehr beliebte Aktivit\u00e4t f\u00fcr einen Schulausflug, Gruppen- oder Familienausflug.\" \/>\n<meta property=\"og:url\" content=\"https:\/\/www.swissraft.ch\/de\/produkt\/kanu-funyak-rhone-chippis-st-leonard\/\" \/>\n<meta property=\"og:site_name\" content=\"Swissraft\" \/>\n<meta property=\"article:modified_time\" content=\"2026-03-08T22:40:41+00:00\" \/>\n<meta property=\"og:image\" content=\"https:\/\/www.swissraft.ch\/wp-content\/uploads\/2023\/02\/2-1-Rhone-Chippis-St.-Leonard-776x776-1.jpg\" \/>\n\t<meta property=\"og:image:width\" content=\"776\" \/>\n\t<meta property=\"og:image:height\" content=\"776\" \/>\n\t<meta property=\"og:image:type\" content=\"image\/jpeg\" \/>\n<meta name=\"twitter:card\" content=\"summary_large_image\" \/>\n<meta name=\"twitter:label1\" content=\"Gesch\u00e4tzte Lesezeit\" \/>\n\t<meta name=\"twitter:data1\" content=\"1\u00a0Minute\" \/>\n<script type=\"application\/ld+json\" class=\"yoast-schema-graph\">{\"@context\":\"https:\/\/schema.org\",\"@graph\":[{\"@type\":\"WebPage\",\"@id\":\"https:\/\/www.swissraft.ch\/de\/produkt\/kanu-funyak-rhone-chippis-st-leonard\/\",\"url\":\"https:\/\/www.swissraft.ch\/de\/produkt\/kanu-funyak-rhone-chippis-st-leonard\/\",\"name\":\"Kanu Chippis-St. L\u00e9onard, ein ruhiger Abschnitt im Funyak\",\"isPartOf\":{\"@id\":\"https:\/\/www.swissraft.ch\/de\/#website\"},\"primaryImageOfPage\":{\"@id\":\"https:\/\/www.swissraft.ch\/de\/produkt\/kanu-funyak-rhone-chippis-st-leonard\/#primaryimage\"},\"image\":{\"@id\":\"https:\/\/www.swissraft.ch\/de\/produkt\/kanu-funyak-rhone-chippis-st-leonard\/#primaryimage\"},\"thumbnailUrl\":\"https:\/\/www.swissraft.ch\/wp-content\/uploads\/2023\/02\/2-1-Rhone-Chippis-St.-Leonard-776x776-1.jpg\",\"datePublished\":\"2023-02-26T14:44:20+00:00\",\"dateModified\":\"2026-03-08T22:40:41+00:00\",\"description\":\"Kanu Chippis-St. L\u00e9onard eine Funyak-Tour auf der ruhigen Rhone. Eine sehr beliebte Aktivit\u00e4t f\u00fcr einen Schulausflug, Gruppen- oder Familienausflug.\",\"breadcrumb\":{\"@id\":\"https:\/\/www.swissraft.ch\/de\/produkt\/kanu-funyak-rhone-chippis-st-leonard\/#breadcrumb\"},\"inLanguage\":\"de\",\"potentialAction\":[{\"@type\":\"ReadAction\",\"target\":[\"https:\/\/www.swissraft.ch\/de\/produkt\/kanu-funyak-rhone-chippis-st-leonard\/\"]}]},{\"@type\":\"ImageObject\",\"inLanguage\":\"de\",\"@id\":\"https:\/\/www.swissraft.ch\/de\/produkt\/kanu-funyak-rhone-chippis-st-leonard\/#primaryimage\",\"url\":\"https:\/\/www.swissraft.ch\/wp-content\/uploads\/2023\/02\/2-1-Rhone-Chippis-St.-Leonard-776x776-1.jpg\",\"contentUrl\":\"https:\/\/www.swissraft.ch\/wp-content\/uploads\/2023\/02\/2-1-Rhone-Chippis-St.-Leonard-776x776-1.jpg\",\"width\":776,\"height\":776,\"caption\":\"Kanu Funyak auf der Rhone zwischen Chippis und St. L\u00e9onard\"},{\"@type\":\"BreadcrumbList\",\"@id\":\"https:\/\/www.swissraft.ch\/de\/produkt\/kanu-funyak-rhone-chippis-st-leonard\/#breadcrumb\",\"itemListElement\":[{\"@type\":\"ListItem\",\"position\":1,\"name\":\"Accueil\",\"item\":\"https:\/\/www.swissraft.ch\/de\/\"},{\"@type\":\"ListItem\",\"position\":2,\"name\":\"Shop\",\"item\":\"https:\/\/www.swissraft.ch\/de\/shop\/\"},{\"@type\":\"ListItem\",\"position\":3,\"name\":\"Kanu oder Funyak auf der RHONE &#8211; CHIPPIS-ST. L\u00c9ONARD &#8211; Ab CHF 100.00\"}]},{\"@type\":\"WebSite\",\"@id\":\"https:\/\/www.swissraft.ch\/de\/#website\",\"url\":\"https:\/\/www.swissraft.ch\/de\/\",\"name\":\"Swissraft\",\"description\":\"To enjoy nature as it is\",\"publisher\":{\"@id\":\"https:\/\/www.swissraft.ch\/de\/#organization\"},\"potentialAction\":[{\"@type\":\"SearchAction\",\"target\":{\"@type\":\"EntryPoint\",\"urlTemplate\":\"https:\/\/www.swissraft.ch\/de\/?s={search_term_string}\"},\"query-input\":{\"@type\":\"PropertyValueSpecification\",\"valueRequired\":true,\"valueName\":\"search_term_string\"}}],\"inLanguage\":\"de\"},{\"@type\":\"Organization\",\"@id\":\"https:\/\/www.swissraft.ch\/de\/#organization\",\"name\":\"Swissraft\",\"url\":\"https:\/\/www.swissraft.ch\/de\/\",\"logo\":{\"@type\":\"ImageObject\",\"inLanguage\":\"de\",\"@id\":\"https:\/\/www.swissraft.ch\/de\/#\/schema\/logo\/image\/\",\"url\":\"https:\/\/www.swissraft.ch\/wp-content\/uploads\/2025\/09\/Capture.jpg\",\"contentUrl\":\"https:\/\/www.swissraft.ch\/wp-content\/uploads\/2025\/09\/Capture.jpg\",\"width\":293,\"height\":108,\"caption\":\"Swissraft\"},\"image\":{\"@id\":\"https:\/\/www.swissraft.ch\/de\/#\/schema\/logo\/image\/\"}}]}<\/script>\n<!-- \/ Yoast SEO plugin. -->","yoast_head_json":{"title":"Kanu Chippis-St. L\u00e9onard, ein ruhiger Abschnitt im Funyak","description":"Kanu Chippis-St. L\u00e9onard eine Funyak-Tour auf der ruhigen Rhone. Eine sehr beliebte Aktivit\u00e4t f\u00fcr einen Schulausflug, Gruppen- oder Familienausflug.","robots":{"index":"index","follow":"follow","max-snippet":"max-snippet:-1","max-image-preview":"max-image-preview:large","max-video-preview":"max-video-preview:-1"},"canonical":"https:\/\/www.swissraft.ch\/de\/produkt\/kanu-funyak-rhone-chippis-st-leonard\/","og_locale":"de_DE","og_type":"article","og_title":"Kanu Chippis-St. L\u00e9onard, ein ruhiger Abschnitt im Funyak","og_description":"Kanu Chippis-St. L\u00e9onard eine Funyak-Tour auf der ruhigen Rhone. Eine sehr beliebte Aktivit\u00e4t f\u00fcr einen Schulausflug, Gruppen- oder Familienausflug.","og_url":"https:\/\/www.swissraft.ch\/de\/produkt\/kanu-funyak-rhone-chippis-st-leonard\/","og_site_name":"Swissraft","article_modified_time":"2026-03-08T22:40:41+00:00","og_image":[{"width":776,"height":776,"url":"https:\/\/www.swissraft.ch\/wp-content\/uploads\/2023\/02\/2-1-Rhone-Chippis-St.-Leonard-776x776-1.jpg","type":"image\/jpeg"}],"twitter_card":"summary_large_image","twitter_misc":{"Gesch\u00e4tzte Lesezeit":"1\u00a0Minute"},"schema":{"@context":"https:\/\/schema.org","@graph":[{"@type":"WebPage","@id":"https:\/\/www.swissraft.ch\/de\/produkt\/kanu-funyak-rhone-chippis-st-leonard\/","url":"https:\/\/www.swissraft.ch\/de\/produkt\/kanu-funyak-rhone-chippis-st-leonard\/","name":"Kanu Chippis-St. L\u00e9onard, ein ruhiger Abschnitt im Funyak","isPartOf":{"@id":"https:\/\/www.swissraft.ch\/de\/#website"},"primaryImageOfPage":{"@id":"https:\/\/www.swissraft.ch\/de\/produkt\/kanu-funyak-rhone-chippis-st-leonard\/#primaryimage"},"image":{"@id":"https:\/\/www.swissraft.ch\/de\/produkt\/kanu-funyak-rhone-chippis-st-leonard\/#primaryimage"},"thumbnailUrl":"https:\/\/www.swissraft.ch\/wp-content\/uploads\/2023\/02\/2-1-Rhone-Chippis-St.-Leonard-776x776-1.jpg","datePublished":"2023-02-26T14:44:20+00:00","dateModified":"2026-03-08T22:40:41+00:00","description":"Kanu Chippis-St. L\u00e9onard eine Funyak-Tour auf der ruhigen Rhone. Eine sehr beliebte Aktivit\u00e4t f\u00fcr einen Schulausflug, Gruppen- oder Familienausflug.","breadcrumb":{"@id":"https:\/\/www.swissraft.ch\/de\/produkt\/kanu-funyak-rhone-chippis-st-leonard\/#breadcrumb"},"inLanguage":"de","potentialAction":[{"@type":"ReadAction","target":["https:\/\/www.swissraft.ch\/de\/produkt\/kanu-funyak-rhone-chippis-st-leonard\/"]}]},{"@type":"ImageObject","inLanguage":"de","@id":"https:\/\/www.swissraft.ch\/de\/produkt\/kanu-funyak-rhone-chippis-st-leonard\/#primaryimage","url":"https:\/\/www.swissraft.ch\/wp-content\/uploads\/2023\/02\/2-1-Rhone-Chippis-St.-Leonard-776x776-1.jpg","contentUrl":"https:\/\/www.swissraft.ch\/wp-content\/uploads\/2023\/02\/2-1-Rhone-Chippis-St.-Leonard-776x776-1.jpg","width":776,"height":776,"caption":"Kanu Funyak auf der Rhone zwischen Chippis und St. L\u00e9onard"},{"@type":"BreadcrumbList","@id":"https:\/\/www.swissraft.ch\/de\/produkt\/kanu-funyak-rhone-chippis-st-leonard\/#breadcrumb","itemListElement":[{"@type":"ListItem","position":1,"name":"Accueil","item":"https:\/\/www.swissraft.ch\/de\/"},{"@type":"ListItem","position":2,"name":"Shop","item":"https:\/\/www.swissraft.ch\/de\/shop\/"},{"@type":"ListItem","position":3,"name":"Kanu oder Funyak auf der RHONE &#8211; CHIPPIS-ST. L\u00c9ONARD &#8211; Ab CHF 100.00"}]},{"@type":"WebSite","@id":"https:\/\/www.swissraft.ch\/de\/#website","url":"https:\/\/www.swissraft.ch\/de\/","name":"Swissraft","description":"To enjoy nature as it is","publisher":{"@id":"https:\/\/www.swissraft.ch\/de\/#organization"},"potentialAction":[{"@type":"SearchAction","target":{"@type":"EntryPoint","urlTemplate":"https:\/\/www.swissraft.ch\/de\/?s={search_term_string}"},"query-input":{"@type":"PropertyValueSpecification","valueRequired":true,"valueName":"search_term_string"}}],"inLanguage":"de"},{"@type":"Organization","@id":"https:\/\/www.swissraft.ch\/de\/#organization","name":"Swissraft","url":"https:\/\/www.swissraft.ch\/de\/","logo":{"@type":"ImageObject","inLanguage":"de","@id":"https:\/\/www.swissraft.ch\/de\/#\/schema\/logo\/image\/","url":"https:\/\/www.swissraft.ch\/wp-content\/uploads\/2025\/09\/Capture.jpg","contentUrl":"https:\/\/www.swissraft.ch\/wp-content\/uploads\/2025\/09\/Capture.jpg","width":293,"height":108,"caption":"Swissraft"},"image":{"@id":"https:\/\/www.swissraft.ch\/de\/#\/schema\/logo\/image\/"}}]}},"_links":{"self":[{"href":"https:\/\/www.swissraft.ch\/de\/wp-json\/wp\/v2\/product\/91438","targetHints":{"allow":["GET"]}}],"collection":[{"href":"https:\/\/www.swissraft.ch\/de\/wp-json\/wp\/v2\/product"}],"about":[{"href":"https:\/\/www.swissraft.ch\/de\/wp-json\/wp\/v2\/types\/product"}],"replies":[{"embeddable":true,"href":"https:\/\/www.swissraft.ch\/de\/wp-json\/wp\/v2\/comments?post=91438"}],"version-history":[{"count":12,"href":"https:\/\/www.swissraft.ch\/de\/wp-json\/wp\/v2\/product\/91438\/revisions"}],"predecessor-version":[{"id":131905,"href":"https:\/\/www.swissraft.ch\/de\/wp-json\/wp\/v2\/product\/91438\/revisions\/131905"}],"wp:featuredmedia":[{"embeddable":true,"href":"https:\/\/www.swissraft.ch\/de\/wp-json\/wp\/v2\/media\/90475"}],"wp:attachment":[{"href":"https:\/\/www.swissraft.ch\/de\/wp-json\/wp\/v2\/media?parent=91438"}],"wp:term":[{"taxonomy":"product_cat","embeddable":true,"href":"https:\/\/www.swissraft.ch\/de\/wp-json\/wp\/v2\/product_cat?post=91438"},{"taxonomy":"product_tag","embeddable":true,"href":"https:\/\/www.swissraft.ch\/de\/wp-json\/wp\/v2\/product_tag?post=91438"}],"curies":[{"name":"wp","href":"https:\/\/api.w.org\/{rel}","templated":true}]}}