{"id":91432,"date":"2023-03-19T12:42:41","date_gmt":"2023-03-19T11:42:41","guid":{"rendered":"https:\/\/swissraft.xyanzkdne.eu\/product\/schulreise-in-die-grisons-rafting-rhein-ilanz-reichenau-chf-80-00\/"},"modified":"2025-12-27T19:58:00","modified_gmt":"2025-12-27T18:58:00","slug":"schulreise-graubuenden-rafting-rhein-ilanz-reichenau","status":"publish","type":"product","link":"https:\/\/www.swissraft.ch\/de\/produkt\/schulreise-graubuenden-rafting-rhein-ilanz-reichenau\/","title":{"rendered":"Schulreise &#8211; GRAUB\u00dcNDEN &#8211; RAFTING &#8211; DER RHEIN &#8211; SURSELVA &#8211; ILANZ-REICHENAU &#8211; CHF 80.00"},"content":{"rendered":"\t\t<div data-elementor-type=\"wp-post\" data-elementor-id=\"91432\" class=\"elementor elementor-91432 elementor-31711\">\n\t\t\t\t\t\t\t\t\t<section class=\"elementor-section elementor-top-section elementor-element elementor-element-3303a7e3 elementor-section-boxed elementor-section-height-default elementor-section-height-default\" data-id=\"3303a7e3\" data-element_type=\"section\">\n\t\t\t\t\t\t<div class=\"elementor-container elementor-column-gap-default\">\n\t\t\t\t\t<div class=\"elementor-column elementor-col-100 elementor-top-column elementor-element elementor-element-16d72dbf\" data-id=\"16d72dbf\" data-element_type=\"column\">\n\t\t\t<div class=\"elementor-widget-wrap elementor-element-populated\">\n\t\t\t\t\t\t\t\t<div class=\"elementor-element elementor-element-d743c03 elementor-widget elementor-widget-text-editor\" data-id=\"d743c03\" data-element_type=\"widget\" data-widget_type=\"text-editor.default\">\n\t\t\t\t<div class=\"elementor-widget-container\">\n\t\t\t\t\t\t\t<h2>W\u00c4HLEN SIE UNTEN IHRE AKTIVIT\u00c4T AUS, UM GESCHENKGUTSCHEINE \/ TICKETS ZU VERSCHENKEN ODER ZU BUCHEN<\/h2><table border=\"0\" width=\"580\" cellspacing=\"10\" cellpadding=\"10\"><tbody><tr><td width=\"50%\"><strong>SCHULAUSFLUG &#8211; RAFTING &#8211; RHEIN + Getr\u00e4nk<\/strong><\/td><td><strong>CHF 80.00 pro Sch\u00fcler<span class=\"productPrice\"><br \/><\/span><\/strong><\/td><\/tr><tr><td>Zus\u00e4tzliche Informationen<\/td><td>&#8211;<span class=\"patt\"> Mindestalter 10 Jahre<br \/><\/span>&#8211; Erwachsene Begleitperson erforderlich<\/td><\/tr><tr><td>Strecke<\/td><td><strong>Ilanz-Reichenau<\/strong><\/td><\/tr><tr><td>Startzeiten<\/td><td>9:35 Uhr \/ 13:35 Uhr<\/td><\/tr><tr><td>Rafting<\/td><td>ca. 2 Std.<\/td><\/tr><tr><td>Gesamtdauer<\/td><td>ca. 3,5 Std.<\/td><\/tr><tr><td>Treffpunkt<\/td><td><span style=\"color: #ff6600;\"><a href=\"https:\/\/www.google.com\/maps\/place\/46%C2%B046'31.1%22N+9%C2%B012'26.6%22E\/@46.7754475,9.205092,386m\/data=!3m1!1e3!4m10!1m5!3m4!2zNDbCsDQ2JzMwLjkiTiA5wrAxMicyNi42IkU!8m2!3d46.77525!4d9.2073889!3m3!8m2!3d46.7753056!4d9.2073889?entry=ttu\" target=\"_blank\" rel=\"noopener\">Bahnhof Ilanz<\/a><\/span><\/td><\/tr><tr><td>Schwierigkeitsgrad<\/td><td>2 \u00e0 3+<\/td><\/tr><tr><td>\u00a0<\/td><td style=\"text-align: left;\">Um zu buchen : <span class=\"patt\" style=\"font-family: inherit; font-size: inherit;\"><span class=\"plbl\"><span class=\"patt\"><a href=\"https:\/\/www.swissraft.ch\/de\/kontakt\/\">Kontaktieren Sie uns<\/a><\/span><\/span><\/span><\/td><\/tr><\/tbody><\/table>\t\t\t\t\t\t<\/div>\n\t\t\t\t<\/div>\n\t\t\t\t\t<\/div>\n\t\t<\/div>\n\t\t\t\t\t\t\t<\/div>\n\t\t<\/section>\n\t\t\t\t\t\t\t<\/div>\n\t\t","protected":false},"excerpt":{"rendered":"<div align=\"justify\">\n<h2 align=\"justify\">Bei einem Schulausflug wird das Rafting auf dem Rhein im Swiss Grand Canyon die Sch\u00fcler begeistern.<\/h2>\n<h3>Der Rhein ist von Ilanz bis Reichenau wundersch\u00f6n. Der ber\u00fchmte Swiss Grand Canyon ist eine der beliebtesten Strecken in der Schweiz. <\/h3>\n<\/div>\n<div align=\"justify\">\n<p>Die Schulreise beginnt in Ilanz. Die Sch\u00fcler steigen mit aufgesetzten Helmen in die Rafts. Schon bald wurden sie vom Rhein mitgerissen. Sie paddeln kr\u00e4ftig, motiviert durch das Abenteuer. Eine Stromschnelle folgt auf die andere, das Wasser spritzt auf alle.<br \/>\nDann \u00e4ndert sich die Landschaft. Der Swiss Grand Canyon zeigt sich majest\u00e4tisch und beeindruckend. Die Klippen erheben sich auf beiden Seiten. Der Strom wird st\u00e4rker. Die Rafts schl\u00e4ngeln sich zwischen den Felsen hindurch. Die Sch\u00fcler schreien, zwischen Angst und Aufregung hin und her gerissen.<br \/>\nDar\u00fcber hinaus geben die Reisef\u00fchrer genaue Anweisungen. Sie m\u00fcssen kr\u00e4ftig paddeln, um den Hindernissen auszuweichen. Jede Drosselung ist eine Herausforderung. Alle bleiben konzentriert. Nach und nach verbreitert sich der Fluss. Das Wasser beruhigt sich leicht.<br \/>\nSchlie\u00dflich kommen die Sch\u00fcler in Reichenau an. Die Sch\u00fcler freuen sich und applaudieren ihrem Raftingf\u00fchrer. Diese Fahrt wird unvergesslich bleiben. Der Swiss Grand Canyon bot ein atemberaubendes Schauspiel. Das Abenteuer geht zu Ende, aber die Erinnerungen bleiben.<\/p>\n<h3>Neben dem Rafting auf dem Rhein in Graub\u00fcnden bietet Swissraft f\u00fcr Schulausfl\u00fcge auch andere Strecken in der Schweiz an<\/h3>\n<p id=\"textarea\" style=\"display: none;\">Im Wallis k\u00f6nnen Sie zum Beispiel auf der Vispa und der Dranse de Bagnes Rafting machen. Nicht zu vergessen die Rhone zwischen Susten und Siders, eine turbulente Strecke. Ebenso bieten wir Rafting auf der L\u00fctschine im Berner Oberland und auf der Simme im Simmental zwischen Boltigen und D\u00e4rstetten an. Dasselbe gilt f\u00fcr die Sarine zwischen Saanen im Berner Oberland und Les Moulins im Pays d&#8217;Enhaut.<br \/>\nWenn Sie eine ruhigere Fahrt bevorzugen, k\u00f6nnen Sie sich f\u00fcr Fun Rafting entscheiden, das auch Easy Rafting genannt wird. Swissraft bietet Ihnen 12 Easy Rafting Strecken in der Schweiz an.\n<\/p>\n<p><a id=\"seeMore\" onclick=\"toggleSeeMore()\" href=\"javascript:void(0);\">Lesen Sie mehr<\/a><\/p>\n","protected":false},"featured_media":112590,"comment_status":"open","ping_status":"closed","template":"","meta":{"inline_featured_image":false,"_mi_skip_tracking":false},"product_cat":[275,637,276],"product_tag":[],"class_list":["post-91432","product","type-product","status-publish","has-post-thumbnail","hentry","product_cat-gruppen","product_cat-schulausflug-rafting-in-der-schweiz","product_cat-schulreise-klassenausflug"],"yoast_head":"<!-- This site is optimized with the Yoast SEO plugin v23.6 - https:\/\/yoast.com\/wordpress\/plugins\/seo\/ -->\n<title>Schulreise Rafting Rhein<\/title>\n<meta name=\"description\" content=\"Schulreise Rafting Rhein. Die Strecke zwischen Ilanz und Reichenau ist die sch\u00f6nste der Schweiz mit dem spektakul\u00e4ren Swiss Grand Canyon.\" \/>\n<meta name=\"robots\" content=\"index, follow, max-snippet:-1, max-image-preview:large, max-video-preview:-1\" \/>\n<link rel=\"canonical\" href=\"https:\/\/www.swissraft.ch\/de\/produkt\/schulreise-graubuenden-rafting-rhein-ilanz-reichenau\/\" \/>\n<meta property=\"og:locale\" content=\"de_DE\" \/>\n<meta property=\"og:type\" content=\"article\" \/>\n<meta property=\"og:title\" content=\"Schulreise Rafting Rhein\" \/>\n<meta property=\"og:description\" content=\"Schulreise Rafting Rhein. Die Strecke zwischen Ilanz und Reichenau ist die sch\u00f6nste der Schweiz mit dem spektakul\u00e4ren Swiss Grand Canyon.\" \/>\n<meta property=\"og:url\" content=\"https:\/\/www.swissraft.ch\/de\/produkt\/schulreise-graubuenden-rafting-rhein-ilanz-reichenau\/\" \/>\n<meta property=\"og:site_name\" content=\"Swissraft\" \/>\n<meta property=\"article:modified_time\" content=\"2025-12-27T18:58:00+00:00\" \/>\n<meta property=\"og:image\" content=\"https:\/\/www.swissraft.ch\/wp-content\/uploads\/2025\/04\/1-4-Rhein-776x776-1.png\" \/>\n\t<meta property=\"og:image:width\" content=\"776\" \/>\n\t<meta property=\"og:image:height\" content=\"776\" \/>\n\t<meta property=\"og:image:type\" content=\"image\/png\" \/>\n<meta name=\"twitter:card\" content=\"summary_large_image\" \/>\n<meta name=\"twitter:label1\" content=\"Gesch\u00e4tzte Lesezeit\" \/>\n\t<meta name=\"twitter:data1\" content=\"1\u00a0Minute\" \/>\n<script type=\"application\/ld+json\" class=\"yoast-schema-graph\">{\"@context\":\"https:\/\/schema.org\",\"@graph\":[{\"@type\":\"WebPage\",\"@id\":\"https:\/\/www.swissraft.ch\/de\/produkt\/schulreise-graubuenden-rafting-rhein-ilanz-reichenau\/\",\"url\":\"https:\/\/www.swissraft.ch\/de\/produkt\/schulreise-graubuenden-rafting-rhein-ilanz-reichenau\/\",\"name\":\"Schulreise Rafting Rhein\",\"isPartOf\":{\"@id\":\"https:\/\/www.swissraft.ch\/de\/#website\"},\"primaryImageOfPage\":{\"@id\":\"https:\/\/www.swissraft.ch\/de\/produkt\/schulreise-graubuenden-rafting-rhein-ilanz-reichenau\/#primaryimage\"},\"image\":{\"@id\":\"https:\/\/www.swissraft.ch\/de\/produkt\/schulreise-graubuenden-rafting-rhein-ilanz-reichenau\/#primaryimage\"},\"thumbnailUrl\":\"https:\/\/www.swissraft.ch\/wp-content\/uploads\/2025\/04\/1-4-Rhein-776x776-1.png\",\"datePublished\":\"2023-03-19T11:42:41+00:00\",\"dateModified\":\"2025-12-27T18:58:00+00:00\",\"description\":\"Schulreise Rafting Rhein. Die Strecke zwischen Ilanz und Reichenau ist die sch\u00f6nste der Schweiz mit dem spektakul\u00e4ren Swiss Grand Canyon.\",\"breadcrumb\":{\"@id\":\"https:\/\/www.swissraft.ch\/de\/produkt\/schulreise-graubuenden-rafting-rhein-ilanz-reichenau\/#breadcrumb\"},\"inLanguage\":\"de\",\"potentialAction\":[{\"@type\":\"ReadAction\",\"target\":[\"https:\/\/www.swissraft.ch\/de\/produkt\/schulreise-graubuenden-rafting-rhein-ilanz-reichenau\/\"]}]},{\"@type\":\"ImageObject\",\"inLanguage\":\"de\",\"@id\":\"https:\/\/www.swissraft.ch\/de\/produkt\/schulreise-graubuenden-rafting-rhein-ilanz-reichenau\/#primaryimage\",\"url\":\"https:\/\/www.swissraft.ch\/wp-content\/uploads\/2025\/04\/1-4-Rhein-776x776-1.png\",\"contentUrl\":\"https:\/\/www.swissraft.ch\/wp-content\/uploads\/2025\/04\/1-4-Rhein-776x776-1.png\",\"width\":776,\"height\":776,\"caption\":\"Family Rafting auf dem Vorderrhein\"},{\"@type\":\"BreadcrumbList\",\"@id\":\"https:\/\/www.swissraft.ch\/de\/produkt\/schulreise-graubuenden-rafting-rhein-ilanz-reichenau\/#breadcrumb\",\"itemListElement\":[{\"@type\":\"ListItem\",\"position\":1,\"name\":\"Accueil\",\"item\":\"https:\/\/www.swissraft.ch\/de\/\"},{\"@type\":\"ListItem\",\"position\":2,\"name\":\"Shop\",\"item\":\"https:\/\/www.swissraft.ch\/de\/shop\/\"},{\"@type\":\"ListItem\",\"position\":3,\"name\":\"Schulreise &#8211; GRAUB\u00dcNDEN &#8211; RAFTING &#8211; DER RHEIN &#8211; SURSELVA &#8211; ILANZ-REICHENAU &#8211; CHF 80.00\"}]},{\"@type\":\"WebSite\",\"@id\":\"https:\/\/www.swissraft.ch\/de\/#website\",\"url\":\"https:\/\/www.swissraft.ch\/de\/\",\"name\":\"Swissraft\",\"description\":\"To enjoy nature as it is\",\"publisher\":{\"@id\":\"https:\/\/www.swissraft.ch\/de\/#organization\"},\"potentialAction\":[{\"@type\":\"SearchAction\",\"target\":{\"@type\":\"EntryPoint\",\"urlTemplate\":\"https:\/\/www.swissraft.ch\/de\/?s={search_term_string}\"},\"query-input\":{\"@type\":\"PropertyValueSpecification\",\"valueRequired\":true,\"valueName\":\"search_term_string\"}}],\"inLanguage\":\"de\"},{\"@type\":\"Organization\",\"@id\":\"https:\/\/www.swissraft.ch\/de\/#organization\",\"name\":\"Swissraft\",\"url\":\"https:\/\/www.swissraft.ch\/de\/\",\"logo\":{\"@type\":\"ImageObject\",\"inLanguage\":\"de\",\"@id\":\"https:\/\/www.swissraft.ch\/de\/#\/schema\/logo\/image\/\",\"url\":\"https:\/\/www.swissraft.ch\/wp-content\/uploads\/2025\/09\/Capture.jpg\",\"contentUrl\":\"https:\/\/www.swissraft.ch\/wp-content\/uploads\/2025\/09\/Capture.jpg\",\"width\":293,\"height\":108,\"caption\":\"Swissraft\"},\"image\":{\"@id\":\"https:\/\/www.swissraft.ch\/de\/#\/schema\/logo\/image\/\"}}]}<\/script>\n<!-- \/ Yoast SEO plugin. -->","yoast_head_json":{"title":"Schulreise Rafting Rhein","description":"Schulreise Rafting Rhein. Die Strecke zwischen Ilanz und Reichenau ist die sch\u00f6nste der Schweiz mit dem spektakul\u00e4ren Swiss Grand Canyon.","robots":{"index":"index","follow":"follow","max-snippet":"max-snippet:-1","max-image-preview":"max-image-preview:large","max-video-preview":"max-video-preview:-1"},"canonical":"https:\/\/www.swissraft.ch\/de\/produkt\/schulreise-graubuenden-rafting-rhein-ilanz-reichenau\/","og_locale":"de_DE","og_type":"article","og_title":"Schulreise Rafting Rhein","og_description":"Schulreise Rafting Rhein. Die Strecke zwischen Ilanz und Reichenau ist die sch\u00f6nste der Schweiz mit dem spektakul\u00e4ren Swiss Grand Canyon.","og_url":"https:\/\/www.swissraft.ch\/de\/produkt\/schulreise-graubuenden-rafting-rhein-ilanz-reichenau\/","og_site_name":"Swissraft","article_modified_time":"2025-12-27T18:58:00+00:00","og_image":[{"width":776,"height":776,"url":"https:\/\/www.swissraft.ch\/wp-content\/uploads\/2025\/04\/1-4-Rhein-776x776-1.png","type":"image\/png"}],"twitter_card":"summary_large_image","twitter_misc":{"Gesch\u00e4tzte Lesezeit":"1\u00a0Minute"},"schema":{"@context":"https:\/\/schema.org","@graph":[{"@type":"WebPage","@id":"https:\/\/www.swissraft.ch\/de\/produkt\/schulreise-graubuenden-rafting-rhein-ilanz-reichenau\/","url":"https:\/\/www.swissraft.ch\/de\/produkt\/schulreise-graubuenden-rafting-rhein-ilanz-reichenau\/","name":"Schulreise Rafting Rhein","isPartOf":{"@id":"https:\/\/www.swissraft.ch\/de\/#website"},"primaryImageOfPage":{"@id":"https:\/\/www.swissraft.ch\/de\/produkt\/schulreise-graubuenden-rafting-rhein-ilanz-reichenau\/#primaryimage"},"image":{"@id":"https:\/\/www.swissraft.ch\/de\/produkt\/schulreise-graubuenden-rafting-rhein-ilanz-reichenau\/#primaryimage"},"thumbnailUrl":"https:\/\/www.swissraft.ch\/wp-content\/uploads\/2025\/04\/1-4-Rhein-776x776-1.png","datePublished":"2023-03-19T11:42:41+00:00","dateModified":"2025-12-27T18:58:00+00:00","description":"Schulreise Rafting Rhein. Die Strecke zwischen Ilanz und Reichenau ist die sch\u00f6nste der Schweiz mit dem spektakul\u00e4ren Swiss Grand Canyon.","breadcrumb":{"@id":"https:\/\/www.swissraft.ch\/de\/produkt\/schulreise-graubuenden-rafting-rhein-ilanz-reichenau\/#breadcrumb"},"inLanguage":"de","potentialAction":[{"@type":"ReadAction","target":["https:\/\/www.swissraft.ch\/de\/produkt\/schulreise-graubuenden-rafting-rhein-ilanz-reichenau\/"]}]},{"@type":"ImageObject","inLanguage":"de","@id":"https:\/\/www.swissraft.ch\/de\/produkt\/schulreise-graubuenden-rafting-rhein-ilanz-reichenau\/#primaryimage","url":"https:\/\/www.swissraft.ch\/wp-content\/uploads\/2025\/04\/1-4-Rhein-776x776-1.png","contentUrl":"https:\/\/www.swissraft.ch\/wp-content\/uploads\/2025\/04\/1-4-Rhein-776x776-1.png","width":776,"height":776,"caption":"Family Rafting auf dem Vorderrhein"},{"@type":"BreadcrumbList","@id":"https:\/\/www.swissraft.ch\/de\/produkt\/schulreise-graubuenden-rafting-rhein-ilanz-reichenau\/#breadcrumb","itemListElement":[{"@type":"ListItem","position":1,"name":"Accueil","item":"https:\/\/www.swissraft.ch\/de\/"},{"@type":"ListItem","position":2,"name":"Shop","item":"https:\/\/www.swissraft.ch\/de\/shop\/"},{"@type":"ListItem","position":3,"name":"Schulreise &#8211; GRAUB\u00dcNDEN &#8211; RAFTING &#8211; DER RHEIN &#8211; SURSELVA &#8211; ILANZ-REICHENAU &#8211; CHF 80.00"}]},{"@type":"WebSite","@id":"https:\/\/www.swissraft.ch\/de\/#website","url":"https:\/\/www.swissraft.ch\/de\/","name":"Swissraft","description":"To enjoy nature as it is","publisher":{"@id":"https:\/\/www.swissraft.ch\/de\/#organization"},"potentialAction":[{"@type":"SearchAction","target":{"@type":"EntryPoint","urlTemplate":"https:\/\/www.swissraft.ch\/de\/?s={search_term_string}"},"query-input":{"@type":"PropertyValueSpecification","valueRequired":true,"valueName":"search_term_string"}}],"inLanguage":"de"},{"@type":"Organization","@id":"https:\/\/www.swissraft.ch\/de\/#organization","name":"Swissraft","url":"https:\/\/www.swissraft.ch\/de\/","logo":{"@type":"ImageObject","inLanguage":"de","@id":"https:\/\/www.swissraft.ch\/de\/#\/schema\/logo\/image\/","url":"https:\/\/www.swissraft.ch\/wp-content\/uploads\/2025\/09\/Capture.jpg","contentUrl":"https:\/\/www.swissraft.ch\/wp-content\/uploads\/2025\/09\/Capture.jpg","width":293,"height":108,"caption":"Swissraft"},"image":{"@id":"https:\/\/www.swissraft.ch\/de\/#\/schema\/logo\/image\/"}}]}},"_links":{"self":[{"href":"https:\/\/www.swissraft.ch\/de\/wp-json\/wp\/v2\/product\/91432","targetHints":{"allow":["GET"]}}],"collection":[{"href":"https:\/\/www.swissraft.ch\/de\/wp-json\/wp\/v2\/product"}],"about":[{"href":"https:\/\/www.swissraft.ch\/de\/wp-json\/wp\/v2\/types\/product"}],"replies":[{"embeddable":true,"href":"https:\/\/www.swissraft.ch\/de\/wp-json\/wp\/v2\/comments?post=91432"}],"version-history":[{"count":16,"href":"https:\/\/www.swissraft.ch\/de\/wp-json\/wp\/v2\/product\/91432\/revisions"}],"predecessor-version":[{"id":125469,"href":"https:\/\/www.swissraft.ch\/de\/wp-json\/wp\/v2\/product\/91432\/revisions\/125469"}],"wp:featuredmedia":[{"embeddable":true,"href":"https:\/\/www.swissraft.ch\/de\/wp-json\/wp\/v2\/media\/112590"}],"wp:attachment":[{"href":"https:\/\/www.swissraft.ch\/de\/wp-json\/wp\/v2\/media?parent=91432"}],"wp:term":[{"taxonomy":"product_cat","embeddable":true,"href":"https:\/\/www.swissraft.ch\/de\/wp-json\/wp\/v2\/product_cat?post=91432"},{"taxonomy":"product_tag","embeddable":true,"href":"https:\/\/www.swissraft.ch\/de\/wp-json\/wp\/v2\/product_tag?post=91432"}],"curies":[{"name":"wp","href":"https:\/\/api.w.org\/{rel}","templated":true}]}}