{"id":91428,"date":"2023-03-19T12:12:01","date_gmt":"2023-03-19T11:12:01","guid":{"rendered":"https:\/\/swissraft.xyanzkdne.eu\/product\/schulreise-easy-rafting-auf-dem-rheinstrom-schaffhouse-rheinau-chf-79-00\/"},"modified":"2025-07-11T22:23:28","modified_gmt":"2025-07-11T20:23:28","slug":"schulreise-rheinfall-easy-rafting-schaffhausen-rheinau","status":"publish","type":"product","link":"https:\/\/www.swissraft.ch\/de\/produkt\/schulreise-rheinfall-easy-rafting-schaffhausen-rheinau\/","title":{"rendered":"Schulreise &#8211; UNTERHALB DES RHEINFALLS &#8211; EASY RAFTING &#8211; SCHAFFHAUSEN-RHEINAU &#8211; CHF 75.00"},"content":{"rendered":"\t\t<div data-elementor-type=\"wp-post\" data-elementor-id=\"91428\" class=\"elementor elementor-91428 elementor-31695\">\n\t\t\t\t\t\t\t\t\t<section class=\"elementor-section elementor-top-section elementor-element elementor-element-3303a7e3 elementor-section-boxed elementor-section-height-default elementor-section-height-default\" data-id=\"3303a7e3\" data-element_type=\"section\">\n\t\t\t\t\t\t<div class=\"elementor-container elementor-column-gap-default\">\n\t\t\t\t\t<div class=\"elementor-column elementor-col-100 elementor-top-column elementor-element elementor-element-16d72dbf\" data-id=\"16d72dbf\" data-element_type=\"column\">\n\t\t\t<div class=\"elementor-widget-wrap elementor-element-populated\">\n\t\t\t\t\t\t\t\t<div class=\"elementor-element elementor-element-d743c03 elementor-widget elementor-widget-text-editor\" data-id=\"d743c03\" data-element_type=\"widget\" data-widget_type=\"text-editor.default\">\n\t\t\t\t<div class=\"elementor-widget-container\">\n\t\t\t\t\t\t\t<h2>W\u00c4HLEN SIE UNTEN IHRE AKTIVIT\u00c4T AUS, UM GESCHENKGUTSCHEINE \/ TICKETS ZU VERSCHENKEN ODER ZU BUCHEN.<\/h2>\n<table border=\"0\" width=\"580\" cellspacing=\"10\" cellpadding=\"10\">\n<tbody>\n<tr>\n<td width=\"50%\"><strong>SCHULAUSFLUG &#8211; EASY RAFTING &#8211; RHEIN &#8211; SCHAFFHAUSEN-RHEINAU + Getr\u00e4nk<\/strong><\/td>\n<td><strong>CHF 75.00 pro Sch\u00fcler<span class=\"productPrice\"><br \/><\/span><\/strong><\/td>\n<\/tr>\n<tr>\n<td>Zus\u00e4tzliche Informationen<\/td>\n<td>&#8211;<span class=\"patt\"> Mindestalter 10 Jahre<br \/><\/span>&#8211; Erwachsene Begleitperson erforderlich<br \/>&#8211; Mindestens 15 Sch\u00fcler<\/td>\n<\/tr>\n<tr>\n<td>Strecke<\/td>\n<td><strong>Schaffhausen-Rheinau<\/strong><\/td>\n<\/tr>\n<tr>\n<td>Startzeiten<\/td>\n<td>10.00 Uhr \/ 13.30 Uhr<\/td>\n<\/tr>\n<tr>\n<td>Easy Rafting oder Fun Rafting<\/td>\n<td>ca. 2 Std.<\/td>\n<\/tr>\n<tr>\n<td>Gesamtdauer<\/td>\n<td>ca. 3,5 Std.<\/td>\n<\/tr>\n<tr>\n<td>Treffpunkt<\/td>\n<td><a href=\"https:\/\/www.google.com\/maps\/place\/47%C2%B040'41.3%22N+8%C2%B036'40.1%22E\/@47.678175,8.6088,380m\/data=!3m1!1e3!4m4!3m3!8m2!3d47.6781389!4d8.6111389?entry=ttu&amp;g_ep=EgoyMDI0MDkyNS4wIKXMDSoASAFQAw%3D%3D\" target=\"_blank\" rel=\"noopener\">Neuhausen<\/a><\/td>\n<\/tr>\n<tr>\n<td>Schwierigkeitsgrad<\/td>\n<td>1+<\/td>\n<\/tr>\n<tr>\n<td> <\/td>\n<td>Um zu buchen : <a href=\"https:\/\/www.swissraft.ch\/de\/kontakt\/\">Kontaktieren Sie uns<\/a><\/td>\n<\/tr>\n<\/tbody>\n<\/table>\n\t\t\t\t\t\t<\/div>\n\t\t\t\t<\/div>\n\t\t\t\t\t<\/div>\n\t\t<\/div>\n\t\t\t\t\t\t\t<\/div>\n\t\t<\/section>\n\t\t\t\t\t\t\t<\/div>\n\t\t","protected":false},"excerpt":{"rendered":"<div align=\"justify\">\n<h2 align=\"justify\">F\u00fcr Ihren Schulausflug entscheiden Sie sich f\u00fcr eine Easy Rafting Tour auf dem majest\u00e4tischen Rhein.<\/h2>\n<h3>10 km lange Strecke zwischen Schaffhausen und Rheinau, auf der die Sch\u00fcler eine sch\u00f6ne Region entlang des Wassers entdecken k\u00f6nnen.<\/h3>\n<\/div>\n<div align=\"justify\">\n<p>Auf Ihrem Schulausflug erleben Sie eine unglaubliche Easy Rafting Erfahrung direkt unterhalb des Rheinfalls. Unsere Fremdenf\u00fchrer begr\u00fc\u00dfen Sie in Neuhausen und geben Ihnen Sicherheitshinweise. Anschlie\u00dfend gehen Sie mit Schwimmwesten und Paddeln an Bord Ihres Bootes. Die gleichm\u00e4\u00dfige und sanfte Str\u00f6mung erm\u00f6glicht es Ihnen, Ihr Boot zu z\u00e4hmen und gut zu beherrschen. Es gibt jedoch einige Stromschnellen, die das Abenteuer aufpeppen. Mit jeder Flussbiegung \u00e4ndert sich die Landschaft des Rheintals und versetzt Sie in Erstaunen. Verteilt auf mehrere Rafts fahren Sie in Harmonie, angeleitet durch die Ermutigung der Betreuer. Bald erreichen Sie Rheinau und damit das Ende Ihrer Fun Rafting Tour. Dieser halbe Tag Easy Rafting hat den Zusammenhalt der Klasse gest\u00e4rkt und sch\u00f6ne Erinnerungen geschaffen.<\/p>\n<h3>M\u00f6chten Sie Ihren Sch\u00fclern einen Schulausflug anbieten, der sowohl sportlich als auch im Freien ist? Swissraft, seit 1982 Partner zahlreicher Schulen in der Schweiz, garantiert Ihnen ein sch\u00f6nes Abenteuer in aller Sicherheit. <\/h3>\n<p id=\"textarea\" style=\"display: none;\">\nEbenfalls auf dem Rhein bieten wir eine weitere Strecke an: Schaffhausen-Rudlingen, eine Tagesoption. Auch im Wallis machen wir Fun Rafting auf der Rh\u00f4ne zwischen Chippis und St. L\u00e9onard. Wir bieten auch Easy Rafting zwischen Gstaad und Rougement auf der Sarine im Pays d&#8217;Enhaut an. Aber auch auf der Aare an Bord von gro\u00dfen Schiffen zwischen Thun und Bern. Wir bieten auch Easy Rafting in der Zentralschweiz auf der Reuss mit 6 Strecken an. F\u00fcr diejenigen, die es hei\u00dfer m\u00f6gen, bieten wir Fun Rafting auf dem Ticino im Tessin an. W\u00fcnschen sich Ihre Sch\u00fcler mehr Action? Dann w\u00e4hlen Sie den Rhein zwischen Ilanz und Reichenau im ber\u00fchmten Swiss Grand Canyon. Oder entscheiden Sie sich f\u00fcr eine Fahrt auf der Saane zwischen Saanen und Les Moulins in der N\u00e4he von Ch\u00e2teau d&#8217;\u00d4ex. Aber auch die Simme von Boltigen bis D\u00e4rstetten oder die Lutschine von Interlaken. Au\u00dferdem haben Sie im Wallis die Wahl zwischen drei sch\u00f6nen Walliser Fl\u00fcssen: die Rh\u00f4ne, die Vispa und die Dranse de Bagnes.\n<\/p>\n<p><a id=\"seeMore\" onclick=\"toggleSeeMore()\" href=\"javascript:void(0);\">Lesen Sie mehr<\/a><\/p>\n","protected":false},"featured_media":91033,"comment_status":"open","ping_status":"closed","template":"","meta":{"inline_featured_image":false,"_mi_skip_tracking":false},"product_cat":[275,634,276],"product_tag":[],"class_list":["post-91428","product","type-product","status-publish","has-post-thumbnail","hentry","product_cat-gruppen","product_cat-schulreise-easy-rafting-in-der-schweiz","product_cat-schulreise-klassenausflug"],"yoast_head":"<!-- This site is optimized with the Yoast SEO plugin v23.6 - https:\/\/yoast.com\/wordpress\/plugins\/seo\/ -->\n<title>Schulausflug Schaffhausen-Rheinau auf dem Rhein<\/title>\n<meta name=\"description\" content=\"Schulausflug Schaffhausen-Rheinau auf dem Rhein. Die ganze Klasse wird sich freuen, mit ihrem Lehrer diesen Abschnitt des Rheins zu befahren.\" \/>\n<meta name=\"robots\" content=\"index, follow, max-snippet:-1, max-image-preview:large, max-video-preview:-1\" \/>\n<link rel=\"canonical\" href=\"https:\/\/www.swissraft.ch\/de\/produkt\/schulreise-rheinfall-easy-rafting-schaffhausen-rheinau\/\" \/>\n<meta property=\"og:locale\" content=\"de_DE\" \/>\n<meta property=\"og:type\" content=\"article\" \/>\n<meta property=\"og:title\" content=\"Schulausflug Schaffhausen-Rheinau auf dem Rhein\" \/>\n<meta property=\"og:description\" content=\"Schulausflug Schaffhausen-Rheinau auf dem Rhein. Die ganze Klasse wird sich freuen, mit ihrem Lehrer diesen Abschnitt des Rheins zu befahren.\" \/>\n<meta property=\"og:url\" content=\"https:\/\/www.swissraft.ch\/de\/produkt\/schulreise-rheinfall-easy-rafting-schaffhausen-rheinau\/\" \/>\n<meta property=\"og:site_name\" content=\"Swissraft\" \/>\n<meta property=\"article:modified_time\" content=\"2025-07-11T20:23:28+00:00\" \/>\n<meta property=\"og:image\" content=\"https:\/\/www.swissraft.ch\/wp-content\/uploads\/2023\/03\/1-2-Reinau-776x776-1.jpg\" \/>\n\t<meta property=\"og:image:width\" content=\"776\" \/>\n\t<meta property=\"og:image:height\" content=\"776\" \/>\n\t<meta property=\"og:image:type\" content=\"image\/jpeg\" \/>\n<meta name=\"twitter:card\" content=\"summary_large_image\" \/>\n<meta name=\"twitter:label1\" content=\"Gesch\u00e4tzte Lesezeit\" \/>\n\t<meta name=\"twitter:data1\" content=\"1\u00a0Minute\" \/>\n<script type=\"application\/ld+json\" class=\"yoast-schema-graph\">{\"@context\":\"https:\/\/schema.org\",\"@graph\":[{\"@type\":\"WebPage\",\"@id\":\"https:\/\/www.swissraft.ch\/de\/produkt\/schulreise-rheinfall-easy-rafting-schaffhausen-rheinau\/\",\"url\":\"https:\/\/www.swissraft.ch\/de\/produkt\/schulreise-rheinfall-easy-rafting-schaffhausen-rheinau\/\",\"name\":\"Schulausflug Schaffhausen-Rheinau auf dem Rhein\",\"isPartOf\":{\"@id\":\"https:\/\/www.swissraft.ch\/de\/#website\"},\"primaryImageOfPage\":{\"@id\":\"https:\/\/www.swissraft.ch\/de\/produkt\/schulreise-rheinfall-easy-rafting-schaffhausen-rheinau\/#primaryimage\"},\"image\":{\"@id\":\"https:\/\/www.swissraft.ch\/de\/produkt\/schulreise-rheinfall-easy-rafting-schaffhausen-rheinau\/#primaryimage\"},\"thumbnailUrl\":\"https:\/\/www.swissraft.ch\/wp-content\/uploads\/2023\/03\/1-2-Reinau-776x776-1.jpg\",\"datePublished\":\"2023-03-19T11:12:01+00:00\",\"dateModified\":\"2025-07-11T20:23:28+00:00\",\"description\":\"Schulausflug Schaffhausen-Rheinau auf dem Rhein. Die ganze Klasse wird sich freuen, mit ihrem Lehrer diesen Abschnitt des Rheins zu befahren.\",\"breadcrumb\":{\"@id\":\"https:\/\/www.swissraft.ch\/de\/produkt\/schulreise-rheinfall-easy-rafting-schaffhausen-rheinau\/#breadcrumb\"},\"inLanguage\":\"de\",\"potentialAction\":[{\"@type\":\"ReadAction\",\"target\":[\"https:\/\/www.swissraft.ch\/de\/produkt\/schulreise-rheinfall-easy-rafting-schaffhausen-rheinau\/\"]}]},{\"@type\":\"ImageObject\",\"inLanguage\":\"de\",\"@id\":\"https:\/\/www.swissraft.ch\/de\/produkt\/schulreise-rheinfall-easy-rafting-schaffhausen-rheinau\/#primaryimage\",\"url\":\"https:\/\/www.swissraft.ch\/wp-content\/uploads\/2023\/03\/1-2-Reinau-776x776-1.jpg\",\"contentUrl\":\"https:\/\/www.swissraft.ch\/wp-content\/uploads\/2023\/03\/1-2-Reinau-776x776-1.jpg\",\"width\":776,\"height\":776,\"caption\":\"Easy Rafting-Schulreise auf dem Rhein von Schaffhausen nach Rheinau\"},{\"@type\":\"BreadcrumbList\",\"@id\":\"https:\/\/www.swissraft.ch\/de\/produkt\/schulreise-rheinfall-easy-rafting-schaffhausen-rheinau\/#breadcrumb\",\"itemListElement\":[{\"@type\":\"ListItem\",\"position\":1,\"name\":\"Accueil\",\"item\":\"https:\/\/www.swissraft.ch\/de\/\"},{\"@type\":\"ListItem\",\"position\":2,\"name\":\"Shop\",\"item\":\"https:\/\/www.swissraft.ch\/de\/shop\/\"},{\"@type\":\"ListItem\",\"position\":3,\"name\":\"Schulreise &#8211; UNTERHALB DES RHEINFALLS &#8211; EASY RAFTING &#8211; SCHAFFHAUSEN-RHEINAU &#8211; CHF 75.00\"}]},{\"@type\":\"WebSite\",\"@id\":\"https:\/\/www.swissraft.ch\/de\/#website\",\"url\":\"https:\/\/www.swissraft.ch\/de\/\",\"name\":\"Swissraft\",\"description\":\"To enjoy nature as it is\",\"publisher\":{\"@id\":\"https:\/\/www.swissraft.ch\/de\/#organization\"},\"potentialAction\":[{\"@type\":\"SearchAction\",\"target\":{\"@type\":\"EntryPoint\",\"urlTemplate\":\"https:\/\/www.swissraft.ch\/de\/?s={search_term_string}\"},\"query-input\":{\"@type\":\"PropertyValueSpecification\",\"valueRequired\":true,\"valueName\":\"search_term_string\"}}],\"inLanguage\":\"de\"},{\"@type\":\"Organization\",\"@id\":\"https:\/\/www.swissraft.ch\/de\/#organization\",\"name\":\"Swissraft\",\"url\":\"https:\/\/www.swissraft.ch\/de\/\",\"logo\":{\"@type\":\"ImageObject\",\"inLanguage\":\"de\",\"@id\":\"https:\/\/www.swissraft.ch\/de\/#\/schema\/logo\/image\/\",\"url\":\"https:\/\/www.swissraft.ch\/wp-content\/uploads\/2025\/09\/Capture.jpg\",\"contentUrl\":\"https:\/\/www.swissraft.ch\/wp-content\/uploads\/2025\/09\/Capture.jpg\",\"width\":293,\"height\":108,\"caption\":\"Swissraft\"},\"image\":{\"@id\":\"https:\/\/www.swissraft.ch\/de\/#\/schema\/logo\/image\/\"}}]}<\/script>\n<!-- \/ Yoast SEO plugin. -->","yoast_head_json":{"title":"Schulausflug Schaffhausen-Rheinau auf dem Rhein","description":"Schulausflug Schaffhausen-Rheinau auf dem Rhein. Die ganze Klasse wird sich freuen, mit ihrem Lehrer diesen Abschnitt des Rheins zu befahren.","robots":{"index":"index","follow":"follow","max-snippet":"max-snippet:-1","max-image-preview":"max-image-preview:large","max-video-preview":"max-video-preview:-1"},"canonical":"https:\/\/www.swissraft.ch\/de\/produkt\/schulreise-rheinfall-easy-rafting-schaffhausen-rheinau\/","og_locale":"de_DE","og_type":"article","og_title":"Schulausflug Schaffhausen-Rheinau auf dem Rhein","og_description":"Schulausflug Schaffhausen-Rheinau auf dem Rhein. Die ganze Klasse wird sich freuen, mit ihrem Lehrer diesen Abschnitt des Rheins zu befahren.","og_url":"https:\/\/www.swissraft.ch\/de\/produkt\/schulreise-rheinfall-easy-rafting-schaffhausen-rheinau\/","og_site_name":"Swissraft","article_modified_time":"2025-07-11T20:23:28+00:00","og_image":[{"width":776,"height":776,"url":"https:\/\/www.swissraft.ch\/wp-content\/uploads\/2023\/03\/1-2-Reinau-776x776-1.jpg","type":"image\/jpeg"}],"twitter_card":"summary_large_image","twitter_misc":{"Gesch\u00e4tzte Lesezeit":"1\u00a0Minute"},"schema":{"@context":"https:\/\/schema.org","@graph":[{"@type":"WebPage","@id":"https:\/\/www.swissraft.ch\/de\/produkt\/schulreise-rheinfall-easy-rafting-schaffhausen-rheinau\/","url":"https:\/\/www.swissraft.ch\/de\/produkt\/schulreise-rheinfall-easy-rafting-schaffhausen-rheinau\/","name":"Schulausflug Schaffhausen-Rheinau auf dem Rhein","isPartOf":{"@id":"https:\/\/www.swissraft.ch\/de\/#website"},"primaryImageOfPage":{"@id":"https:\/\/www.swissraft.ch\/de\/produkt\/schulreise-rheinfall-easy-rafting-schaffhausen-rheinau\/#primaryimage"},"image":{"@id":"https:\/\/www.swissraft.ch\/de\/produkt\/schulreise-rheinfall-easy-rafting-schaffhausen-rheinau\/#primaryimage"},"thumbnailUrl":"https:\/\/www.swissraft.ch\/wp-content\/uploads\/2023\/03\/1-2-Reinau-776x776-1.jpg","datePublished":"2023-03-19T11:12:01+00:00","dateModified":"2025-07-11T20:23:28+00:00","description":"Schulausflug Schaffhausen-Rheinau auf dem Rhein. Die ganze Klasse wird sich freuen, mit ihrem Lehrer diesen Abschnitt des Rheins zu befahren.","breadcrumb":{"@id":"https:\/\/www.swissraft.ch\/de\/produkt\/schulreise-rheinfall-easy-rafting-schaffhausen-rheinau\/#breadcrumb"},"inLanguage":"de","potentialAction":[{"@type":"ReadAction","target":["https:\/\/www.swissraft.ch\/de\/produkt\/schulreise-rheinfall-easy-rafting-schaffhausen-rheinau\/"]}]},{"@type":"ImageObject","inLanguage":"de","@id":"https:\/\/www.swissraft.ch\/de\/produkt\/schulreise-rheinfall-easy-rafting-schaffhausen-rheinau\/#primaryimage","url":"https:\/\/www.swissraft.ch\/wp-content\/uploads\/2023\/03\/1-2-Reinau-776x776-1.jpg","contentUrl":"https:\/\/www.swissraft.ch\/wp-content\/uploads\/2023\/03\/1-2-Reinau-776x776-1.jpg","width":776,"height":776,"caption":"Easy Rafting-Schulreise auf dem Rhein von Schaffhausen nach Rheinau"},{"@type":"BreadcrumbList","@id":"https:\/\/www.swissraft.ch\/de\/produkt\/schulreise-rheinfall-easy-rafting-schaffhausen-rheinau\/#breadcrumb","itemListElement":[{"@type":"ListItem","position":1,"name":"Accueil","item":"https:\/\/www.swissraft.ch\/de\/"},{"@type":"ListItem","position":2,"name":"Shop","item":"https:\/\/www.swissraft.ch\/de\/shop\/"},{"@type":"ListItem","position":3,"name":"Schulreise &#8211; UNTERHALB DES RHEINFALLS &#8211; EASY RAFTING &#8211; SCHAFFHAUSEN-RHEINAU &#8211; CHF 75.00"}]},{"@type":"WebSite","@id":"https:\/\/www.swissraft.ch\/de\/#website","url":"https:\/\/www.swissraft.ch\/de\/","name":"Swissraft","description":"To enjoy nature as it is","publisher":{"@id":"https:\/\/www.swissraft.ch\/de\/#organization"},"potentialAction":[{"@type":"SearchAction","target":{"@type":"EntryPoint","urlTemplate":"https:\/\/www.swissraft.ch\/de\/?s={search_term_string}"},"query-input":{"@type":"PropertyValueSpecification","valueRequired":true,"valueName":"search_term_string"}}],"inLanguage":"de"},{"@type":"Organization","@id":"https:\/\/www.swissraft.ch\/de\/#organization","name":"Swissraft","url":"https:\/\/www.swissraft.ch\/de\/","logo":{"@type":"ImageObject","inLanguage":"de","@id":"https:\/\/www.swissraft.ch\/de\/#\/schema\/logo\/image\/","url":"https:\/\/www.swissraft.ch\/wp-content\/uploads\/2025\/09\/Capture.jpg","contentUrl":"https:\/\/www.swissraft.ch\/wp-content\/uploads\/2025\/09\/Capture.jpg","width":293,"height":108,"caption":"Swissraft"},"image":{"@id":"https:\/\/www.swissraft.ch\/de\/#\/schema\/logo\/image\/"}}]}},"_links":{"self":[{"href":"https:\/\/www.swissraft.ch\/de\/wp-json\/wp\/v2\/product\/91428","targetHints":{"allow":["GET"]}}],"collection":[{"href":"https:\/\/www.swissraft.ch\/de\/wp-json\/wp\/v2\/product"}],"about":[{"href":"https:\/\/www.swissraft.ch\/de\/wp-json\/wp\/v2\/types\/product"}],"replies":[{"embeddable":true,"href":"https:\/\/www.swissraft.ch\/de\/wp-json\/wp\/v2\/comments?post=91428"}],"version-history":[{"count":10,"href":"https:\/\/www.swissraft.ch\/de\/wp-json\/wp\/v2\/product\/91428\/revisions"}],"predecessor-version":[{"id":119929,"href":"https:\/\/www.swissraft.ch\/de\/wp-json\/wp\/v2\/product\/91428\/revisions\/119929"}],"wp:featuredmedia":[{"embeddable":true,"href":"https:\/\/www.swissraft.ch\/de\/wp-json\/wp\/v2\/media\/91033"}],"wp:attachment":[{"href":"https:\/\/www.swissraft.ch\/de\/wp-json\/wp\/v2\/media?parent=91428"}],"wp:term":[{"taxonomy":"product_cat","embeddable":true,"href":"https:\/\/www.swissraft.ch\/de\/wp-json\/wp\/v2\/product_cat?post=91428"},{"taxonomy":"product_tag","embeddable":true,"href":"https:\/\/www.swissraft.ch\/de\/wp-json\/wp\/v2\/product_tag?post=91428"}],"curies":[{"name":"wp","href":"https:\/\/api.w.org\/{rel}","templated":true}]}}