{"id":91427,"date":"2023-03-19T16:54:48","date_gmt":"2023-03-19T15:54:48","guid":{"rendered":"https:\/\/swissraft.xyanzkdne.eu\/product\/schulreise-nach-tessin-funyak-kanu-ticino-cresciano-gorduno-chf-69-00\/"},"modified":"2024-12-29T03:24:12","modified_gmt":"2024-12-29T02:24:12","slug":"schulreise-tessin-funyak-kanu-ticino-cresciano-gorduno","status":"publish","type":"product","link":"https:\/\/www.swissraft.ch\/de\/produkt\/schulreise-tessin-funyak-kanu-ticino-cresciano-gorduno\/","title":{"rendered":"Schulreise im TESSIN &#8211; FUNYAK-KANU &#8211; TICINO &#8211; CRESCIANO-GORDUNO &#8211; CHF 69.00"},"content":{"rendered":"\t\t<div data-elementor-type=\"wp-post\" data-elementor-id=\"91427\" class=\"elementor elementor-91427 elementor-31786\">\n\t\t\t\t\t\t\t\t\t<section class=\"elementor-section elementor-top-section elementor-element elementor-element-3303a7e3 elementor-section-boxed elementor-section-height-default elementor-section-height-default\" data-id=\"3303a7e3\" data-element_type=\"section\">\n\t\t\t\t\t\t<div class=\"elementor-container elementor-column-gap-default\">\n\t\t\t\t\t<div class=\"elementor-column elementor-col-100 elementor-top-column elementor-element elementor-element-16d72dbf\" data-id=\"16d72dbf\" data-element_type=\"column\">\n\t\t\t<div class=\"elementor-widget-wrap elementor-element-populated\">\n\t\t\t\t\t\t\t\t<div class=\"elementor-element elementor-element-d743c03 elementor-widget elementor-widget-text-editor\" data-id=\"d743c03\" data-element_type=\"widget\" data-widget_type=\"text-editor.default\">\n\t\t\t\t<div class=\"elementor-widget-container\">\n\t\t\t\t\t\t\t<h2>W\u00c4HLEN SIE UNTEN IHRE AKTIVIT\u00c4T AUS, UM GESCHENKGUTSCHEINE \/ TICKETS ZU VERSCHENKEN ODER ZU BUCHEN.<\/h2><table border=\"0\" width=\"580\" cellspacing=\"10\" cellpadding=\"10\"><tbody><tr><td width=\"50%\"><strong>SCHULREISE &#8211; FUNYAK-KANU &#8211; TICINO + Getr\u00e4nk<\/strong><\/td><td><strong>CHF 69.00 pro Sch\u00fcler<span class=\"productPrice\"><br \/><\/span><\/strong><\/td><\/tr><tr><td>Weitere Informationen<\/td><td>&#8211; <span class=\"patt\">Mindestalter : 7 Jahre<br \/><\/span>&#8211; Erwachsene Begleitperson erforderlich<\/td><\/tr><tr><td>Strecke<\/td><td><strong>Cresciano-Gorduno<\/strong><\/td><\/tr><tr><td>Startzeiten<\/td><td>9.45 Uhr \/ 14.15 Uhr<\/td><\/tr><tr><td>Kanu oder Funyak<\/td><td>ca. 1,5 Std.<\/td><\/tr><tr><td>Gesamtdauer<\/td><td>ca. 3 Std.<\/td><\/tr><tr><td>Treffpunkt<\/td><td><a href=\"https:\/\/www.google.com\/maps\/place\/46%C2%B017'57.9%22N+8%C2%B059'38.9%22E\/@46.2996539,8.9896757,780m\/data=!3m1!1e3!4m4!3m3!8m2!3d46.2994167!4d8.9941389?entry=ttu\" target=\"_blank\" rel=\"noopener\">Cresciano Stazione<\/a><\/td><\/tr><tr><td>Schwierigkeitsgrad<\/td><td>1 \u00e0 1+<\/td><\/tr><tr><td>\u00a0<\/td><td>Um zu buchen : <span style=\"color: #ff6600;\"><a href=\"https:\/\/www.swissraft.ch\/de\/kontakt\/\">Kontaktieren Sie uns<\/a><\/span><\/td><\/tr><\/tbody><\/table>\t\t\t\t\t\t<\/div>\n\t\t\t\t<\/div>\n\t\t\t\t\t<\/div>\n\t\t<\/div>\n\t\t\t\t\t\t\t<\/div>\n\t\t<\/section>\n\t\t\t\t\t\t\t<\/div>\n\t\t","protected":false},"excerpt":{"rendered":"<h2 align=\"justify\">Machen Sie einen Schulausflug mit dem Kanu oder Funyak auf dem Fluss Ticino im Tessin. Ihr Schulausflug wird ein Erfolg<\/h2>\n<h3>Von Cresciano aus paddeln Sie in Ihrem Kanu von Cresciano nach Gorduno.<\/h3>\n<div align=\"justify\">\n<p>Sie fahren <a href=\"https:\/\/fr.wikipedia.org\/wiki\/Tessin_(rivi%C3%A8re)\" target=\"_blank\" rel=\"noopener\">den Ticino<\/a> im Tessin zwischen Cresciano und Gorduno hinunter. Sobald Sie ankommen, ist die Aufregung sp\u00fcrbar. Nach den Sicherheitsanweisungen steigen Sie in aufblasbare Kanus, die sehr stabil und wendig sind. Danach stechen Sie in See und paddeln gemeinsam unter einem typisch blauen Tessiner Himmel.<br \/>\nZun\u00e4chst ist der Fluss ruhig, aber schon bald tauchen kleine Stromschnellen auf. Jeder Paddelschlag bringt uns einem neuen Abenteuer n\u00e4her. Die Landschaft ist wundersch\u00f6n und begleitet Sie w\u00e4hrend des gesamten Abstiegs.<br \/>\nNach etwa 1,5 bis 1,45 Stunden erreichen Sie Gorduno, Ihr Endziel. Ein wenig m\u00fcde, aber gl\u00fccklich, dass wir w\u00e4hrend dieses Abenteuers vibriert haben. Das L\u00e4cheln und die Erinnerungen werden Ihnen noch lange in Erinnerung bleiben.<\/p>\n<h3>Swissraft bietet f\u00fcr einen Schulausflug andere Funyak- oder Kanustrecken an, die manchmal auch Ducky genannt werden.<\/h3>\n<p id=\"textarea\" style=\"display: none;\">\nIm Wallis k\u00f6nnen Sie eine Einf\u00fchrung in das Kanufahren auf der Rh\u00f4ne zwischen Chippis und St. Petersburg machen. L\u00e9onard. Dasselbe gilt f\u00fcr die Visp von Stalden bis Visp. Aber auch in der Zentralschweiz auf der Reuss mit 5 m\u00f6glichen Strecken. Auch auf dem Rhein unterhalb des Rheinfalls mit zwei Strecken: Schaffhausen-Rheinau und Schaffhausen-Rudlingen. Oder in Graub\u00fcnden von Ilanz aus mit mehreren m\u00f6glichen Routen. F\u00fcr Schulklassen, die mehr Action w\u00fcnschen, bietet Swissraft Rafting auf verschiedenen Fl\u00fcssen an: Der Vorderrhein in Graub\u00fcnden. Die Saane im Pays d&#8217;Enhaut, die Simme und die Lutchine im Berner Oberland. Auch im Wallis bieten wir drei herrliche Fl\u00fcsse f\u00fcr Riverrafting an: die Rh\u00f4ne, die Visp und die Dranse de bagnes.\n<\/p>\n<p><a id=\"seeMore\" onclick=\"toggleSeeMore()\" href=\"javascript:void(0);\">Lesen Sie mehr<\/a><\/p>\n","protected":false},"featured_media":90940,"comment_status":"open","ping_status":"closed","template":"","meta":{"inline_featured_image":false,"_mi_skip_tracking":false},"product_cat":[275,276],"product_tag":[],"class_list":["post-91427","product","type-product","status-publish","has-post-thumbnail","hentry","product_cat-gruppen","product_cat-schulreise-klassenausflug"],"yoast_head":"<!-- This site is optimized with the Yoast SEO plugin v23.6 - https:\/\/yoast.com\/wordpress\/plugins\/seo\/ -->\n<title>Kanu-Schulreise auf dem Ticino zwischen Crescinao und Gorduno<\/title>\n<meta name=\"description\" content=\"Kanu-Schulungsfahrt auf dem Ticino zwischen Crescinao und Gorduno im Tessin. F\u00fchren Sie Ihr Boot selbst. Die Sch\u00fcler werden von diesem Abenteuer begeistert sein.\" \/>\n<meta name=\"robots\" content=\"index, follow, max-snippet:-1, max-image-preview:large, max-video-preview:-1\" \/>\n<link rel=\"canonical\" href=\"https:\/\/www.swissraft.ch\/de\/produkt\/schulreise-tessin-funyak-kanu-ticino-cresciano-gorduno\/\" \/>\n<meta property=\"og:locale\" content=\"de_DE\" \/>\n<meta property=\"og:type\" content=\"article\" \/>\n<meta property=\"og:title\" content=\"Kanu-Schulreise auf dem Ticino zwischen Crescinao und Gorduno\" \/>\n<meta property=\"og:description\" content=\"Kanu-Schulungsfahrt auf dem Ticino zwischen Crescinao und Gorduno im Tessin. F\u00fchren Sie Ihr Boot selbst. Die Sch\u00fcler werden von diesem Abenteuer begeistert sein.\" \/>\n<meta property=\"og:url\" content=\"https:\/\/www.swissraft.ch\/de\/produkt\/schulreise-tessin-funyak-kanu-ticino-cresciano-gorduno\/\" \/>\n<meta property=\"og:site_name\" content=\"Swissraft\" \/>\n<meta property=\"article:modified_time\" content=\"2024-12-29T02:24:12+00:00\" \/>\n<meta property=\"og:image\" content=\"https:\/\/www.swissraft.ch\/wp-content\/uploads\/2023\/03\/1-3-canoe-funyak-ticino-776x776-1.jpg\" \/>\n\t<meta property=\"og:image:width\" content=\"776\" \/>\n\t<meta property=\"og:image:height\" content=\"776\" \/>\n\t<meta property=\"og:image:type\" content=\"image\/jpeg\" \/>\n<meta name=\"twitter:card\" content=\"summary_large_image\" \/>\n<meta name=\"twitter:label1\" content=\"Gesch\u00e4tzte Lesezeit\" \/>\n\t<meta name=\"twitter:data1\" content=\"1\u00a0Minute\" \/>\n<script type=\"application\/ld+json\" class=\"yoast-schema-graph\">{\"@context\":\"https:\/\/schema.org\",\"@graph\":[{\"@type\":\"WebPage\",\"@id\":\"https:\/\/www.swissraft.ch\/de\/produkt\/schulreise-tessin-funyak-kanu-ticino-cresciano-gorduno\/\",\"url\":\"https:\/\/www.swissraft.ch\/de\/produkt\/schulreise-tessin-funyak-kanu-ticino-cresciano-gorduno\/\",\"name\":\"Kanu-Schulreise auf dem Ticino zwischen Crescinao und Gorduno\",\"isPartOf\":{\"@id\":\"https:\/\/www.swissraft.ch\/de\/#website\"},\"primaryImageOfPage\":{\"@id\":\"https:\/\/www.swissraft.ch\/de\/produkt\/schulreise-tessin-funyak-kanu-ticino-cresciano-gorduno\/#primaryimage\"},\"image\":{\"@id\":\"https:\/\/www.swissraft.ch\/de\/produkt\/schulreise-tessin-funyak-kanu-ticino-cresciano-gorduno\/#primaryimage\"},\"thumbnailUrl\":\"https:\/\/www.swissraft.ch\/wp-content\/uploads\/2023\/03\/1-3-canoe-funyak-ticino-776x776-1.jpg\",\"datePublished\":\"2023-03-19T15:54:48+00:00\",\"dateModified\":\"2024-12-29T02:24:12+00:00\",\"description\":\"Kanu-Schulungsfahrt auf dem Ticino zwischen Crescinao und Gorduno im Tessin. F\u00fchren Sie Ihr Boot selbst. Die Sch\u00fcler werden von diesem Abenteuer begeistert sein.\",\"breadcrumb\":{\"@id\":\"https:\/\/www.swissraft.ch\/de\/produkt\/schulreise-tessin-funyak-kanu-ticino-cresciano-gorduno\/#breadcrumb\"},\"inLanguage\":\"de\",\"potentialAction\":[{\"@type\":\"ReadAction\",\"target\":[\"https:\/\/www.swissraft.ch\/de\/produkt\/schulreise-tessin-funyak-kanu-ticino-cresciano-gorduno\/\"]}]},{\"@type\":\"ImageObject\",\"inLanguage\":\"de\",\"@id\":\"https:\/\/www.swissraft.ch\/de\/produkt\/schulreise-tessin-funyak-kanu-ticino-cresciano-gorduno\/#primaryimage\",\"url\":\"https:\/\/www.swissraft.ch\/wp-content\/uploads\/2023\/03\/1-3-canoe-funyak-ticino-776x776-1.jpg\",\"contentUrl\":\"https:\/\/www.swissraft.ch\/wp-content\/uploads\/2023\/03\/1-3-canoe-funyak-ticino-776x776-1.jpg\",\"width\":776,\"height\":776,\"caption\":\"Kanufahrt auf dem Ticino f\u00fcr eine Schulveranstaltung\"},{\"@type\":\"BreadcrumbList\",\"@id\":\"https:\/\/www.swissraft.ch\/de\/produkt\/schulreise-tessin-funyak-kanu-ticino-cresciano-gorduno\/#breadcrumb\",\"itemListElement\":[{\"@type\":\"ListItem\",\"position\":1,\"name\":\"Accueil\",\"item\":\"https:\/\/www.swissraft.ch\/de\/\"},{\"@type\":\"ListItem\",\"position\":2,\"name\":\"Shop\",\"item\":\"https:\/\/www.swissraft.ch\/de\/shop\/\"},{\"@type\":\"ListItem\",\"position\":3,\"name\":\"Schulreise im TESSIN &#8211; FUNYAK-KANU &#8211; TICINO &#8211; CRESCIANO-GORDUNO &#8211; CHF 69.00\"}]},{\"@type\":\"WebSite\",\"@id\":\"https:\/\/www.swissraft.ch\/de\/#website\",\"url\":\"https:\/\/www.swissraft.ch\/de\/\",\"name\":\"Swissraft\",\"description\":\"To enjoy nature as it is\",\"publisher\":{\"@id\":\"https:\/\/www.swissraft.ch\/de\/#organization\"},\"potentialAction\":[{\"@type\":\"SearchAction\",\"target\":{\"@type\":\"EntryPoint\",\"urlTemplate\":\"https:\/\/www.swissraft.ch\/de\/?s={search_term_string}\"},\"query-input\":{\"@type\":\"PropertyValueSpecification\",\"valueRequired\":true,\"valueName\":\"search_term_string\"}}],\"inLanguage\":\"de\"},{\"@type\":\"Organization\",\"@id\":\"https:\/\/www.swissraft.ch\/de\/#organization\",\"name\":\"Swissraft\",\"url\":\"https:\/\/www.swissraft.ch\/de\/\",\"logo\":{\"@type\":\"ImageObject\",\"inLanguage\":\"de\",\"@id\":\"https:\/\/www.swissraft.ch\/de\/#\/schema\/logo\/image\/\",\"url\":\"https:\/\/www.swissraft.ch\/wp-content\/uploads\/2025\/09\/Capture.jpg\",\"contentUrl\":\"https:\/\/www.swissraft.ch\/wp-content\/uploads\/2025\/09\/Capture.jpg\",\"width\":293,\"height\":108,\"caption\":\"Swissraft\"},\"image\":{\"@id\":\"https:\/\/www.swissraft.ch\/de\/#\/schema\/logo\/image\/\"}}]}<\/script>\n<!-- \/ Yoast SEO plugin. -->","yoast_head_json":{"title":"Kanu-Schulreise auf dem Ticino zwischen Crescinao und Gorduno","description":"Kanu-Schulungsfahrt auf dem Ticino zwischen Crescinao und Gorduno im Tessin. F\u00fchren Sie Ihr Boot selbst. Die Sch\u00fcler werden von diesem Abenteuer begeistert sein.","robots":{"index":"index","follow":"follow","max-snippet":"max-snippet:-1","max-image-preview":"max-image-preview:large","max-video-preview":"max-video-preview:-1"},"canonical":"https:\/\/www.swissraft.ch\/de\/produkt\/schulreise-tessin-funyak-kanu-ticino-cresciano-gorduno\/","og_locale":"de_DE","og_type":"article","og_title":"Kanu-Schulreise auf dem Ticino zwischen Crescinao und Gorduno","og_description":"Kanu-Schulungsfahrt auf dem Ticino zwischen Crescinao und Gorduno im Tessin. F\u00fchren Sie Ihr Boot selbst. Die Sch\u00fcler werden von diesem Abenteuer begeistert sein.","og_url":"https:\/\/www.swissraft.ch\/de\/produkt\/schulreise-tessin-funyak-kanu-ticino-cresciano-gorduno\/","og_site_name":"Swissraft","article_modified_time":"2024-12-29T02:24:12+00:00","og_image":[{"width":776,"height":776,"url":"https:\/\/www.swissraft.ch\/wp-content\/uploads\/2023\/03\/1-3-canoe-funyak-ticino-776x776-1.jpg","type":"image\/jpeg"}],"twitter_card":"summary_large_image","twitter_misc":{"Gesch\u00e4tzte Lesezeit":"1\u00a0Minute"},"schema":{"@context":"https:\/\/schema.org","@graph":[{"@type":"WebPage","@id":"https:\/\/www.swissraft.ch\/de\/produkt\/schulreise-tessin-funyak-kanu-ticino-cresciano-gorduno\/","url":"https:\/\/www.swissraft.ch\/de\/produkt\/schulreise-tessin-funyak-kanu-ticino-cresciano-gorduno\/","name":"Kanu-Schulreise auf dem Ticino zwischen Crescinao und Gorduno","isPartOf":{"@id":"https:\/\/www.swissraft.ch\/de\/#website"},"primaryImageOfPage":{"@id":"https:\/\/www.swissraft.ch\/de\/produkt\/schulreise-tessin-funyak-kanu-ticino-cresciano-gorduno\/#primaryimage"},"image":{"@id":"https:\/\/www.swissraft.ch\/de\/produkt\/schulreise-tessin-funyak-kanu-ticino-cresciano-gorduno\/#primaryimage"},"thumbnailUrl":"https:\/\/www.swissraft.ch\/wp-content\/uploads\/2023\/03\/1-3-canoe-funyak-ticino-776x776-1.jpg","datePublished":"2023-03-19T15:54:48+00:00","dateModified":"2024-12-29T02:24:12+00:00","description":"Kanu-Schulungsfahrt auf dem Ticino zwischen Crescinao und Gorduno im Tessin. F\u00fchren Sie Ihr Boot selbst. Die Sch\u00fcler werden von diesem Abenteuer begeistert sein.","breadcrumb":{"@id":"https:\/\/www.swissraft.ch\/de\/produkt\/schulreise-tessin-funyak-kanu-ticino-cresciano-gorduno\/#breadcrumb"},"inLanguage":"de","potentialAction":[{"@type":"ReadAction","target":["https:\/\/www.swissraft.ch\/de\/produkt\/schulreise-tessin-funyak-kanu-ticino-cresciano-gorduno\/"]}]},{"@type":"ImageObject","inLanguage":"de","@id":"https:\/\/www.swissraft.ch\/de\/produkt\/schulreise-tessin-funyak-kanu-ticino-cresciano-gorduno\/#primaryimage","url":"https:\/\/www.swissraft.ch\/wp-content\/uploads\/2023\/03\/1-3-canoe-funyak-ticino-776x776-1.jpg","contentUrl":"https:\/\/www.swissraft.ch\/wp-content\/uploads\/2023\/03\/1-3-canoe-funyak-ticino-776x776-1.jpg","width":776,"height":776,"caption":"Kanufahrt auf dem Ticino f\u00fcr eine Schulveranstaltung"},{"@type":"BreadcrumbList","@id":"https:\/\/www.swissraft.ch\/de\/produkt\/schulreise-tessin-funyak-kanu-ticino-cresciano-gorduno\/#breadcrumb","itemListElement":[{"@type":"ListItem","position":1,"name":"Accueil","item":"https:\/\/www.swissraft.ch\/de\/"},{"@type":"ListItem","position":2,"name":"Shop","item":"https:\/\/www.swissraft.ch\/de\/shop\/"},{"@type":"ListItem","position":3,"name":"Schulreise im TESSIN &#8211; FUNYAK-KANU &#8211; TICINO &#8211; CRESCIANO-GORDUNO &#8211; CHF 69.00"}]},{"@type":"WebSite","@id":"https:\/\/www.swissraft.ch\/de\/#website","url":"https:\/\/www.swissraft.ch\/de\/","name":"Swissraft","description":"To enjoy nature as it is","publisher":{"@id":"https:\/\/www.swissraft.ch\/de\/#organization"},"potentialAction":[{"@type":"SearchAction","target":{"@type":"EntryPoint","urlTemplate":"https:\/\/www.swissraft.ch\/de\/?s={search_term_string}"},"query-input":{"@type":"PropertyValueSpecification","valueRequired":true,"valueName":"search_term_string"}}],"inLanguage":"de"},{"@type":"Organization","@id":"https:\/\/www.swissraft.ch\/de\/#organization","name":"Swissraft","url":"https:\/\/www.swissraft.ch\/de\/","logo":{"@type":"ImageObject","inLanguage":"de","@id":"https:\/\/www.swissraft.ch\/de\/#\/schema\/logo\/image\/","url":"https:\/\/www.swissraft.ch\/wp-content\/uploads\/2025\/09\/Capture.jpg","contentUrl":"https:\/\/www.swissraft.ch\/wp-content\/uploads\/2025\/09\/Capture.jpg","width":293,"height":108,"caption":"Swissraft"},"image":{"@id":"https:\/\/www.swissraft.ch\/de\/#\/schema\/logo\/image\/"}}]}},"_links":{"self":[{"href":"https:\/\/www.swissraft.ch\/de\/wp-json\/wp\/v2\/product\/91427","targetHints":{"allow":["GET"]}}],"collection":[{"href":"https:\/\/www.swissraft.ch\/de\/wp-json\/wp\/v2\/product"}],"about":[{"href":"https:\/\/www.swissraft.ch\/de\/wp-json\/wp\/v2\/types\/product"}],"replies":[{"embeddable":true,"href":"https:\/\/www.swissraft.ch\/de\/wp-json\/wp\/v2\/comments?post=91427"}],"version-history":[{"count":0,"href":"https:\/\/www.swissraft.ch\/de\/wp-json\/wp\/v2\/product\/91427\/revisions"}],"wp:featuredmedia":[{"embeddable":true,"href":"https:\/\/www.swissraft.ch\/de\/wp-json\/wp\/v2\/media\/90940"}],"wp:attachment":[{"href":"https:\/\/www.swissraft.ch\/de\/wp-json\/wp\/v2\/media?parent=91427"}],"wp:term":[{"taxonomy":"product_cat","embeddable":true,"href":"https:\/\/www.swissraft.ch\/de\/wp-json\/wp\/v2\/product_cat?post=91427"},{"taxonomy":"product_tag","embeddable":true,"href":"https:\/\/www.swissraft.ch\/de\/wp-json\/wp\/v2\/product_tag?post=91427"}],"curies":[{"name":"wp","href":"https:\/\/api.w.org\/{rel}","templated":true}]}}