{"id":91424,"date":"2023-03-19T00:30:30","date_gmt":"2023-03-18T23:30:30","guid":{"rendered":"https:\/\/swissraft.xyanzkdne.eu\/product\/schulreise-im-berner-oberl-bern-easy-rafting-aar-thoune-berne-chf-990-00\/"},"modified":"2025-12-27T17:41:47","modified_gmt":"2025-12-27T16:41:47","slug":"schulreise-berner-oberland-easy-rafting-aar-thun-bern","status":"publish","type":"product","link":"https:\/\/www.swissraft.ch\/de\/produkt\/schulreise-berner-oberland-easy-rafting-aar-thun-bern\/","title":{"rendered":"Schulreise im BERNER OBERLAND &#8211; EASY RAFTING &#8211; AARE &#8211; THUN-BERN &#8211; CHF 900.00"},"content":{"rendered":"\t\t<div data-elementor-type=\"wp-post\" data-elementor-id=\"91424\" class=\"elementor elementor-91424 elementor-31674\">\n\t\t\t\t\t\t\t\t\t<section class=\"elementor-section elementor-top-section elementor-element elementor-element-3303a7e3 elementor-section-boxed elementor-section-height-default elementor-section-height-default\" data-id=\"3303a7e3\" data-element_type=\"section\">\n\t\t\t\t\t\t<div class=\"elementor-container elementor-column-gap-default\">\n\t\t\t\t\t<div class=\"elementor-column elementor-col-100 elementor-top-column elementor-element elementor-element-16d72dbf\" data-id=\"16d72dbf\" data-element_type=\"column\">\n\t\t\t<div class=\"elementor-widget-wrap elementor-element-populated\">\n\t\t\t\t\t\t\t\t<div class=\"elementor-element elementor-element-d743c03 elementor-widget elementor-widget-text-editor\" data-id=\"d743c03\" data-element_type=\"widget\" data-widget_type=\"text-editor.default\">\n\t\t\t\t<div class=\"elementor-widget-container\">\n\t\t\t\t\t\t\t<h2>W\u00c4HLEN SIE UNTEN IHRE AKTIVIT\u00c4T AUS, UM GESCHENKGUTSCHEINE \/ TICKETS ZU VERSCHENKEN ODER ZU BUCHEN.<\/h2><table border=\"0\" width=\"580\" cellspacing=\"10\" cellpadding=\"10\"><tbody><tr><td width=\"50%\"><strong>SCHULAUSFLUG &#8211; EASY RAFTING &#8211; AARE (max. 16 Pers. \/ Raft)<\/strong><\/td><td><strong>CHF 900 pro Boot<span class=\"productPrice\"><br \/><\/span><\/strong><\/td><\/tr><tr><td>Zus\u00e4tzliche Informationen<\/td><td>&#8211;<span class=\"patt\"> Mindestalter 8 Jahre<br \/><\/span>&#8211; Erwachsene Begleitperson erforderlich<\/td><\/tr><tr><td>Strecke<\/td><td><strong>Thun\/Schw\u00e4bis-Bern<\/strong><\/td><\/tr><tr><td>Startzeit<\/td><td>auf Anfrage<\/td><\/tr><tr><td>Easy Rafting oder Fun Rafting<\/td><td>ca. 2,5 bis 3 Std.<\/td><\/tr><tr><td>Gesamtdauer<\/td><td>ca. 4 Std.<\/td><\/tr><tr><td>Treffpunkt<\/td><td><a href=\"https:\/\/www.google.com\/maps\/place\/Pont+Regie\/@46.7618872,7.6175534,193m\/data=!3m1!1e3!4m15!1m7!3m6!1s0x478fb3e35ffe1607:0xa025e8f425edc2a9!2sPont+Regie!8m2!3d46.7618578!4d7.6187014!16s%2Fg%2F11q8rw5h0w!3m6!1s0x478fb3e35ffe1607:0xa025e8f425edc2a9!8m2!3d46.7618578!4d7.6187014!15sCh5Qb250IFJlZ2llYnLDvGNrZSDDoCBTY2h3w6RiaXOSAQZicmlkZ2XgAQA!16s%2Fg%2F11q8rw5h0w?entry=ttu&amp;g_ep=EgoyMDI0MDkyNC4wIKXMDSoASAFQAw%3D%3D\" target=\"_blank\" rel=\"noopener\">Thun-Schw\u00e4bis<\/a><\/td><\/tr><tr><td>Schwierigkeitsgrad<\/td><td>1<\/td><\/tr><tr><td>\u00a0<\/td><td>Um zu buchen : <a href=\"https:\/\/www.swissraft.ch\/de\/kontakt\/\">Kontaktieren Sie uns<\/a><\/td><\/tr><\/tbody><\/table>\t\t\t\t\t\t<\/div>\n\t\t\t\t<\/div>\n\t\t\t\t\t<\/div>\n\t\t<\/div>\n\t\t\t\t\t\t\t<\/div>\n\t\t<\/section>\n\t\t\t\t\t\t\t<\/div>\n\t\t","protected":false},"excerpt":{"rendered":"<div align=\"justify\">\n<h2 align=\"justify\">Eine 26 km lange Easy Rafting-Tour auf der Aare erwartet Sie.<\/h2>\n<h3>Zwischen Thun und Bern haben Ihre Sch\u00fcler viel Zeit, sich untereinander auszutauschen und in der Aare zu baden. Eine ausgezeichnete Wahl f\u00fcr eine Schulreise <\/h3>\n<\/div>\n<div align=\"justify\">\n<p>W\u00e4hrend Ihres Schulausflugs werden Sie ein unvergessliches Erlebnis haben: Easy Rafting auf der<a href=\"https:\/\/fr.wikipedia.org\/wiki\/Aar\" target=\"_blank\" rel=\"noopener\"> Aare<\/a>. Zun\u00e4chst werden Sie von Ihrem Reiseleiter begr\u00fc\u00dft, der Sie in <a href=\"https:\/\/www.interlaken.ch\/fr\/decouvrir\/poi\/bain-fluvial-schwaebis\" target=\"_blank\" rel=\"noopener\">Schw\u00e4bis\/Thun<\/a> willkommen hei\u00dft. Nach einem Sicherheitsbriefing gehen Sie an Bord eines gro\u00dfen Rafts. Jeder Teilnehmer ist mit einer Schwimmweste und einem Paddel ausgestattet. Das Abenteuer beginnt mit der Fahrt nach Bern, der Bundeshauptstadt. Das Wasser ist anfangs ruhig, so dass wir uns an das Easy Rafting gew\u00f6hnen k\u00f6nnen. Danach beschleunigt sich die Str\u00f6mung leicht, was die Abfahrt aufregender macht.<br \/>\nDie Landschaft ist auf der gesamten Strecke wundersch\u00f6n. Die umliegenden Berge und die charmanten D\u00f6rfer an den Ufern werden Sie in ihren Bann ziehen. Manchmal holen Sie andere Fl\u00f6\u00dfe oder Kanus ein, was zu einer geselligen Atmosph\u00e4re auf dieser Aarfahrt beitr\u00e4gt.<br \/>\nNach etwa drei Stunden erreichen Sie schlie\u00dflich den Eingang von Bern. Sie gehen kurz vor der <a href=\"https:\/\/fr.wikipedia.org\/wiki\/Pont_Dalmazi\" target=\"_blank\" rel=\"noopener\">Dalmazi-Br\u00fccke<\/a> am linken Ufer an Land, ganz in der N\u00e4he des Schweizerischen Alpinen Museums. Dieser halbe Tag war ein perfektes Abenteuer, das Entspannung, Spa\u00df und Naturerlebnisse miteinander verband.<\/p>\n<h3>F\u00fcr eine sportliche und gleichzeitig spielerische Aktivit\u00e4t bietet Swissraft altersgerechte Flussabfahrten f\u00fcr Schulen an.<\/h3>\n<p id=\"textarea\" style=\"display: none;\">Auf der Reuss bieten wir 6 Strecken an. Im Wallis machen wir Fun Rafting auf der Rh\u00f4ne zwischen Chippis und St. L\u00e9onard. Swissraft bietet auch Easy Rafting auf der Saane zwischen Gstaad und Rougement im Pays d&#8217;Enhaut an. Au\u00dferdem bieten wir in Graub\u00fcnden am Rhein 2 Strecken an: eine von Schaffhausen nach Rheinau und die andere von Schaffhausen nach Rudlingen. Au\u00dferdem Fun Rafting im Tessin auf dem Ticino zwischen Cresciano und Bellinzona. Wenn Sie mehr Action f\u00fcr Ihre Klasse w\u00fcnschen, entscheiden Sie sich f\u00fcr eine Rafting- oder Riverrafting-Tour. Zum Beispiel auf dem Rhein zwischen Ilanz und Reichenau, einer der sch\u00f6nsten Strecken der Schweiz in Graub\u00fcnden. Aber auch in der franz\u00f6sischen Schweiz im Pays d&#8217;Enhaut an der Saane zwischen Saanen und Les Moulins in der N\u00e4he von Ch\u00e2teau d&#8217;\u00d4ex. Wir bieten auch Rafting auf der Simme ab Boltigen und auf der Lutschine ab Interlaken an. Im Wallis bieten wir Riverrafting auf drei sch\u00f6nen Fl\u00fcssen an: der Rh\u00f4ne, der Visp und der Dranse de Bagnes.\n<\/p>\n<p><a id=\"seeMore\" onclick=\"toggleSeeMore()\" href=\"javascript:void(0);\">Lesen Sie mehr<\/a><\/p>\n","protected":false},"featured_media":91006,"comment_status":"open","ping_status":"closed","template":"","meta":{"inline_featured_image":false,"_mi_skip_tracking":false},"product_cat":[275,634,276],"product_tag":[],"class_list":["post-91424","product","type-product","status-publish","has-post-thumbnail","hentry","product_cat-gruppen","product_cat-schulreise-easy-rafting-in-der-schweiz","product_cat-schulreise-klassenausflug"],"yoast_head":"<!-- This site is optimized with the Yoast SEO plugin v23.6 - https:\/\/yoast.com\/wordpress\/plugins\/seo\/ -->\n<title>Easy-Rafting-Schulreise Aare zwischen Thun und Bern<\/title>\n<meta name=\"description\" content=\"Schulreise Aare easy-rafting zwischen Thun und Bern, der politischen Hauptstadt der Schweiz. Eine 26 km lange, ruhige Abfahrt entlang des Wassers\" \/>\n<meta name=\"robots\" content=\"index, follow, max-snippet:-1, max-image-preview:large, max-video-preview:-1\" \/>\n<link rel=\"canonical\" href=\"https:\/\/www.swissraft.ch\/de\/produkt\/schulreise-berner-oberland-easy-rafting-aar-thun-bern\/\" \/>\n<meta property=\"og:locale\" content=\"de_DE\" \/>\n<meta property=\"og:type\" content=\"article\" \/>\n<meta property=\"og:title\" content=\"Easy-Rafting-Schulreise Aare zwischen Thun und Bern\" \/>\n<meta property=\"og:description\" content=\"Schulreise Aare easy-rafting zwischen Thun und Bern, der politischen Hauptstadt der Schweiz. Eine 26 km lange, ruhige Abfahrt entlang des Wassers\" \/>\n<meta property=\"og:url\" content=\"https:\/\/www.swissraft.ch\/de\/produkt\/schulreise-berner-oberland-easy-rafting-aar-thun-bern\/\" \/>\n<meta property=\"og:site_name\" content=\"Swissraft\" \/>\n<meta property=\"article:modified_time\" content=\"2025-12-27T16:41:47+00:00\" \/>\n<meta property=\"og:image\" content=\"https:\/\/www.swissraft.ch\/wp-content\/uploads\/2023\/03\/1-4-AARE-766X776.jpg\" \/>\n\t<meta property=\"og:image:width\" content=\"776\" \/>\n\t<meta property=\"og:image:height\" content=\"776\" \/>\n\t<meta property=\"og:image:type\" content=\"image\/jpeg\" \/>\n<meta name=\"twitter:card\" content=\"summary_large_image\" \/>\n<meta name=\"twitter:label1\" content=\"Gesch\u00e4tzte Lesezeit\" \/>\n\t<meta name=\"twitter:data1\" content=\"1\u00a0Minute\" \/>\n<script type=\"application\/ld+json\" class=\"yoast-schema-graph\">{\"@context\":\"https:\/\/schema.org\",\"@graph\":[{\"@type\":\"WebPage\",\"@id\":\"https:\/\/www.swissraft.ch\/de\/produkt\/schulreise-berner-oberland-easy-rafting-aar-thun-bern\/\",\"url\":\"https:\/\/www.swissraft.ch\/de\/produkt\/schulreise-berner-oberland-easy-rafting-aar-thun-bern\/\",\"name\":\"Easy-Rafting-Schulreise Aare zwischen Thun und Bern\",\"isPartOf\":{\"@id\":\"https:\/\/www.swissraft.ch\/de\/#website\"},\"primaryImageOfPage\":{\"@id\":\"https:\/\/www.swissraft.ch\/de\/produkt\/schulreise-berner-oberland-easy-rafting-aar-thun-bern\/#primaryimage\"},\"image\":{\"@id\":\"https:\/\/www.swissraft.ch\/de\/produkt\/schulreise-berner-oberland-easy-rafting-aar-thun-bern\/#primaryimage\"},\"thumbnailUrl\":\"https:\/\/www.swissraft.ch\/wp-content\/uploads\/2023\/03\/1-4-AARE-766X776.jpg\",\"datePublished\":\"2023-03-18T23:30:30+00:00\",\"dateModified\":\"2025-12-27T16:41:47+00:00\",\"description\":\"Schulreise Aare easy-rafting zwischen Thun und Bern, der politischen Hauptstadt der Schweiz. Eine 26 km lange, ruhige Abfahrt entlang des Wassers\",\"breadcrumb\":{\"@id\":\"https:\/\/www.swissraft.ch\/de\/produkt\/schulreise-berner-oberland-easy-rafting-aar-thun-bern\/#breadcrumb\"},\"inLanguage\":\"de\",\"potentialAction\":[{\"@type\":\"ReadAction\",\"target\":[\"https:\/\/www.swissraft.ch\/de\/produkt\/schulreise-berner-oberland-easy-rafting-aar-thun-bern\/\"]}]},{\"@type\":\"ImageObject\",\"inLanguage\":\"de\",\"@id\":\"https:\/\/www.swissraft.ch\/de\/produkt\/schulreise-berner-oberland-easy-rafting-aar-thun-bern\/#primaryimage\",\"url\":\"https:\/\/www.swissraft.ch\/wp-content\/uploads\/2023\/03\/1-4-AARE-766X776.jpg\",\"contentUrl\":\"https:\/\/www.swissraft.ch\/wp-content\/uploads\/2023\/03\/1-4-AARE-766X776.jpg\",\"width\":776,\"height\":776,\"caption\":\"Easy Rafting f\u00fcr eine Schulfahrt auf der Aare\"},{\"@type\":\"BreadcrumbList\",\"@id\":\"https:\/\/www.swissraft.ch\/de\/produkt\/schulreise-berner-oberland-easy-rafting-aar-thun-bern\/#breadcrumb\",\"itemListElement\":[{\"@type\":\"ListItem\",\"position\":1,\"name\":\"Accueil\",\"item\":\"https:\/\/www.swissraft.ch\/de\/\"},{\"@type\":\"ListItem\",\"position\":2,\"name\":\"Shop\",\"item\":\"https:\/\/www.swissraft.ch\/de\/shop\/\"},{\"@type\":\"ListItem\",\"position\":3,\"name\":\"Schulreise im BERNER OBERLAND &#8211; EASY RAFTING &#8211; AARE &#8211; THUN-BERN &#8211; CHF 900.00\"}]},{\"@type\":\"WebSite\",\"@id\":\"https:\/\/www.swissraft.ch\/de\/#website\",\"url\":\"https:\/\/www.swissraft.ch\/de\/\",\"name\":\"Swissraft\",\"description\":\"To enjoy nature as it is\",\"publisher\":{\"@id\":\"https:\/\/www.swissraft.ch\/de\/#organization\"},\"potentialAction\":[{\"@type\":\"SearchAction\",\"target\":{\"@type\":\"EntryPoint\",\"urlTemplate\":\"https:\/\/www.swissraft.ch\/de\/?s={search_term_string}\"},\"query-input\":{\"@type\":\"PropertyValueSpecification\",\"valueRequired\":true,\"valueName\":\"search_term_string\"}}],\"inLanguage\":\"de\"},{\"@type\":\"Organization\",\"@id\":\"https:\/\/www.swissraft.ch\/de\/#organization\",\"name\":\"Swissraft\",\"url\":\"https:\/\/www.swissraft.ch\/de\/\",\"logo\":{\"@type\":\"ImageObject\",\"inLanguage\":\"de\",\"@id\":\"https:\/\/www.swissraft.ch\/de\/#\/schema\/logo\/image\/\",\"url\":\"https:\/\/www.swissraft.ch\/wp-content\/uploads\/2025\/09\/Capture.jpg\",\"contentUrl\":\"https:\/\/www.swissraft.ch\/wp-content\/uploads\/2025\/09\/Capture.jpg\",\"width\":293,\"height\":108,\"caption\":\"Swissraft\"},\"image\":{\"@id\":\"https:\/\/www.swissraft.ch\/de\/#\/schema\/logo\/image\/\"}}]}<\/script>\n<!-- \/ Yoast SEO plugin. -->","yoast_head_json":{"title":"Easy-Rafting-Schulreise Aare zwischen Thun und Bern","description":"Schulreise Aare easy-rafting zwischen Thun und Bern, der politischen Hauptstadt der Schweiz. Eine 26 km lange, ruhige Abfahrt entlang des Wassers","robots":{"index":"index","follow":"follow","max-snippet":"max-snippet:-1","max-image-preview":"max-image-preview:large","max-video-preview":"max-video-preview:-1"},"canonical":"https:\/\/www.swissraft.ch\/de\/produkt\/schulreise-berner-oberland-easy-rafting-aar-thun-bern\/","og_locale":"de_DE","og_type":"article","og_title":"Easy-Rafting-Schulreise Aare zwischen Thun und Bern","og_description":"Schulreise Aare easy-rafting zwischen Thun und Bern, der politischen Hauptstadt der Schweiz. Eine 26 km lange, ruhige Abfahrt entlang des Wassers","og_url":"https:\/\/www.swissraft.ch\/de\/produkt\/schulreise-berner-oberland-easy-rafting-aar-thun-bern\/","og_site_name":"Swissraft","article_modified_time":"2025-12-27T16:41:47+00:00","og_image":[{"width":776,"height":776,"url":"https:\/\/www.swissraft.ch\/wp-content\/uploads\/2023\/03\/1-4-AARE-766X776.jpg","type":"image\/jpeg"}],"twitter_card":"summary_large_image","twitter_misc":{"Gesch\u00e4tzte Lesezeit":"1\u00a0Minute"},"schema":{"@context":"https:\/\/schema.org","@graph":[{"@type":"WebPage","@id":"https:\/\/www.swissraft.ch\/de\/produkt\/schulreise-berner-oberland-easy-rafting-aar-thun-bern\/","url":"https:\/\/www.swissraft.ch\/de\/produkt\/schulreise-berner-oberland-easy-rafting-aar-thun-bern\/","name":"Easy-Rafting-Schulreise Aare zwischen Thun und Bern","isPartOf":{"@id":"https:\/\/www.swissraft.ch\/de\/#website"},"primaryImageOfPage":{"@id":"https:\/\/www.swissraft.ch\/de\/produkt\/schulreise-berner-oberland-easy-rafting-aar-thun-bern\/#primaryimage"},"image":{"@id":"https:\/\/www.swissraft.ch\/de\/produkt\/schulreise-berner-oberland-easy-rafting-aar-thun-bern\/#primaryimage"},"thumbnailUrl":"https:\/\/www.swissraft.ch\/wp-content\/uploads\/2023\/03\/1-4-AARE-766X776.jpg","datePublished":"2023-03-18T23:30:30+00:00","dateModified":"2025-12-27T16:41:47+00:00","description":"Schulreise Aare easy-rafting zwischen Thun und Bern, der politischen Hauptstadt der Schweiz. Eine 26 km lange, ruhige Abfahrt entlang des Wassers","breadcrumb":{"@id":"https:\/\/www.swissraft.ch\/de\/produkt\/schulreise-berner-oberland-easy-rafting-aar-thun-bern\/#breadcrumb"},"inLanguage":"de","potentialAction":[{"@type":"ReadAction","target":["https:\/\/www.swissraft.ch\/de\/produkt\/schulreise-berner-oberland-easy-rafting-aar-thun-bern\/"]}]},{"@type":"ImageObject","inLanguage":"de","@id":"https:\/\/www.swissraft.ch\/de\/produkt\/schulreise-berner-oberland-easy-rafting-aar-thun-bern\/#primaryimage","url":"https:\/\/www.swissraft.ch\/wp-content\/uploads\/2023\/03\/1-4-AARE-766X776.jpg","contentUrl":"https:\/\/www.swissraft.ch\/wp-content\/uploads\/2023\/03\/1-4-AARE-766X776.jpg","width":776,"height":776,"caption":"Easy Rafting f\u00fcr eine Schulfahrt auf der Aare"},{"@type":"BreadcrumbList","@id":"https:\/\/www.swissraft.ch\/de\/produkt\/schulreise-berner-oberland-easy-rafting-aar-thun-bern\/#breadcrumb","itemListElement":[{"@type":"ListItem","position":1,"name":"Accueil","item":"https:\/\/www.swissraft.ch\/de\/"},{"@type":"ListItem","position":2,"name":"Shop","item":"https:\/\/www.swissraft.ch\/de\/shop\/"},{"@type":"ListItem","position":3,"name":"Schulreise im BERNER OBERLAND &#8211; EASY RAFTING &#8211; AARE &#8211; THUN-BERN &#8211; CHF 900.00"}]},{"@type":"WebSite","@id":"https:\/\/www.swissraft.ch\/de\/#website","url":"https:\/\/www.swissraft.ch\/de\/","name":"Swissraft","description":"To enjoy nature as it is","publisher":{"@id":"https:\/\/www.swissraft.ch\/de\/#organization"},"potentialAction":[{"@type":"SearchAction","target":{"@type":"EntryPoint","urlTemplate":"https:\/\/www.swissraft.ch\/de\/?s={search_term_string}"},"query-input":{"@type":"PropertyValueSpecification","valueRequired":true,"valueName":"search_term_string"}}],"inLanguage":"de"},{"@type":"Organization","@id":"https:\/\/www.swissraft.ch\/de\/#organization","name":"Swissraft","url":"https:\/\/www.swissraft.ch\/de\/","logo":{"@type":"ImageObject","inLanguage":"de","@id":"https:\/\/www.swissraft.ch\/de\/#\/schema\/logo\/image\/","url":"https:\/\/www.swissraft.ch\/wp-content\/uploads\/2025\/09\/Capture.jpg","contentUrl":"https:\/\/www.swissraft.ch\/wp-content\/uploads\/2025\/09\/Capture.jpg","width":293,"height":108,"caption":"Swissraft"},"image":{"@id":"https:\/\/www.swissraft.ch\/de\/#\/schema\/logo\/image\/"}}]}},"_links":{"self":[{"href":"https:\/\/www.swissraft.ch\/de\/wp-json\/wp\/v2\/product\/91424","targetHints":{"allow":["GET"]}}],"collection":[{"href":"https:\/\/www.swissraft.ch\/de\/wp-json\/wp\/v2\/product"}],"about":[{"href":"https:\/\/www.swissraft.ch\/de\/wp-json\/wp\/v2\/types\/product"}],"replies":[{"embeddable":true,"href":"https:\/\/www.swissraft.ch\/de\/wp-json\/wp\/v2\/comments?post=91424"}],"version-history":[{"count":10,"href":"https:\/\/www.swissraft.ch\/de\/wp-json\/wp\/v2\/product\/91424\/revisions"}],"predecessor-version":[{"id":125414,"href":"https:\/\/www.swissraft.ch\/de\/wp-json\/wp\/v2\/product\/91424\/revisions\/125414"}],"wp:featuredmedia":[{"embeddable":true,"href":"https:\/\/www.swissraft.ch\/de\/wp-json\/wp\/v2\/media\/91006"}],"wp:attachment":[{"href":"https:\/\/www.swissraft.ch\/de\/wp-json\/wp\/v2\/media?parent=91424"}],"wp:term":[{"taxonomy":"product_cat","embeddable":true,"href":"https:\/\/www.swissraft.ch\/de\/wp-json\/wp\/v2\/product_cat?post=91424"},{"taxonomy":"product_tag","embeddable":true,"href":"https:\/\/www.swissraft.ch\/de\/wp-json\/wp\/v2\/product_tag?post=91424"}],"curies":[{"name":"wp","href":"https:\/\/api.w.org\/{rel}","templated":true}]}}