{"id":91423,"date":"2023-03-19T15:21:09","date_gmt":"2023-03-19T14:21:09","guid":{"rendered":"https:\/\/swissraft.xyanzkdne.eu\/product\/schulreise-in-der-zentralschweiz-easy-rafting-reuss-gisikon-ottenbach-chf-69-00\/"},"modified":"2025-12-27T17:05:27","modified_gmt":"2025-12-27T16:05:27","slug":"schulausflug-zentralschweiz-easy-rafting-reuss-gisikon-ottenbach","status":"publish","type":"product","link":"https:\/\/www.swissraft.ch\/de\/produkt\/schulausflug-zentralschweiz-easy-rafting-reuss-gisikon-ottenbach\/","title":{"rendered":"Schulreise &#8211; ZENTRALSCHWEIZ &#8211; EASY RAFTING &#8211; REUSS &#8211; GISIKON-OTTENBACH &#8211; CHF 75.00"},"content":{"rendered":"\t\t<div data-elementor-type=\"wp-post\" data-elementor-id=\"91423\" class=\"elementor elementor-91423 elementor-31738\">\n\t\t\t\t\t\t\t\t\t<section class=\"elementor-section elementor-top-section elementor-element elementor-element-3303a7e3 elementor-section-boxed elementor-section-height-default elementor-section-height-default\" data-id=\"3303a7e3\" data-element_type=\"section\">\n\t\t\t\t\t\t<div class=\"elementor-container elementor-column-gap-default\">\n\t\t\t\t\t<div class=\"elementor-column elementor-col-100 elementor-top-column elementor-element elementor-element-16d72dbf\" data-id=\"16d72dbf\" data-element_type=\"column\">\n\t\t\t<div class=\"elementor-widget-wrap elementor-element-populated\">\n\t\t\t\t\t\t\t\t<div class=\"elementor-element elementor-element-d743c03 elementor-widget elementor-widget-text-editor\" data-id=\"d743c03\" data-element_type=\"widget\" data-widget_type=\"text-editor.default\">\n\t\t\t\t<div class=\"elementor-widget-container\">\n\t\t\t\t\t\t\t<h2>W\u00c4HLEN SIE UNTEN IHRE AKTIVIT\u00c4T AUS, UM GESCHENKGUTSCHEINE \/ TICKETS ZU VERSCHENKEN ODER ZU BUCHEN.<\/h2><p>\u00a0<\/p><table border=\"0\" width=\"580\" cellspacing=\"10\" cellpadding=\"10\"><tbody><tr><td width=\"50%\"><strong>SCHULAUSFLUG &#8211; EASY RAFTING &#8211; REUSS &#8211; GISIKON-OTTENBACH + Getr\u00e4nk<\/strong><\/td><td><strong>CHF 75.00 pro Sch\u00fcler<span class=\"productPrice\"><br \/><\/span><\/strong><\/td><\/tr><tr><td>Zus\u00e4tzliche Informationen<\/td><td>&#8211;<span class=\"patt\"> Mindestalter 10 Jahre<br \/><\/span>&#8211; Erwachsene Begleitperson erforderlich<\/td><\/tr><tr><td>Strecke<\/td><td><strong>Gisikon-Ottenbach<\/strong><\/td><\/tr><tr><td>Startzeiten<\/td><td>10.00 Uhr \/ 13.30 Uhr<\/td><\/tr><tr><td>Easy Rafting oder Fun Rafting<\/td><td>ca. 2 Std.<\/td><\/tr><tr><td>Gesamtdauer<\/td><td>ca. 3,5 Std.<\/td><\/tr><tr><td>Treffpunkt<\/td><td><span style=\"color: #ff6600;\"><a href=\"https:\/\/www.google.com\/maps\/place\/47%C2%B007'30.1%22N+8%C2%B023'49.5%22E\/@47.12513,8.3925557,768m\/data=!3m1!1e3!4m4!3m3!8m2!3d47.1250278!4d8.3970833?entry=ttu\" target=\"_blank\" rel=\"noopener\">Gisikon<\/a><\/span><\/td><\/tr><tr><td>Schwierigkeitsgrad<\/td><td>1-1+<\/td><\/tr><tr><td>\u00a0<\/td><td>Um zu buchen : <a href=\"https:\/\/www.swissraft.ch\/de\/kontakt\/\">Kontaktieren Sie uns<\/a><\/td><\/tr><\/tbody><\/table>\t\t\t\t\t\t<\/div>\n\t\t\t\t<\/div>\n\t\t\t\t\t<\/div>\n\t\t<\/div>\n\t\t\t\t\t\t\t<\/div>\n\t\t<\/section>\n\t\t\t\t\t\t\t<\/div>\n\t\t","protected":false},"excerpt":{"rendered":"<div align=\"justify\">\n<h2 align=\"justify\">F\u00fcr einen Schulausflug machen Sie Easy Rafting, auch Fun Rafting genannt, auf der Reuss. Sie bieten Ihren Sch\u00fclern einen sch\u00f6nen Schulausflug.<\/h2>\n<h3>Von Gisikon aus fahren Sie in Richtung Ottenbach im Kanton Z\u00fcrich.<\/h3>\n<\/div>\n<div align=\"justify\">\n<p>Sie kommen in Gisikon auf dem Parkplatz an, wo die Reiseleiter auf Sie warten und Sie willkommen hei\u00dfen. Dann ziehen Sie eine Schwimmweste an und erhalten ein Paddel. Anschlie\u00dfend werden Sie in einem Briefing \u00fcber die Sicherheitsvorkehrungen informiert. Anschlie\u00dfend besteigen Sie unsere Rafts, um die Fahrt zu beginnen. Schon auf den ersten Metern ist die Aufregung sp\u00fcrbar. Der Fluss bietet einige Stromschnellen, ist aber f\u00fcr alle zug\u00e4nglich. Auf dem Wasserweg fahren Sie durch wundersch\u00f6ne Landschaften <a href=\"https:\/\/fr.wikipedia.org\/wiki\/Canton_de_Lucerne\" target=\"_blank\" rel=\"noopener\">im Kanton Luzern in Richtung des Kantons<\/a> Z\u00fcrich. Manchmal wird die Str\u00f6mung st\u00e4rker und Sie m\u00fcssen st\u00e4rker paddeln. Zu anderen Zeiten ist der Fluss ruhig und Sie k\u00f6nnen die umliegende Natur bewundern. Die Fahrt auf der <a href=\"https:\/\/fr.wikipedia.org\/wiki\/Reuss\" target=\"_blank\" rel=\"noopener\">Reuss<\/a> war f\u00fcr alle ein Erlebnis. M\u00fcde, aber gl\u00fccklich steigen Sie wieder in Ihren Bus und setzen Ihren Schulausflug zu weiteren Abenteuern fort.<\/p>\n<h3>Swissraft bietet den Schulen verschiedene altersgerechte Easy Rafting oder Fun Rafting Strecken an.<\/h3>\n<p id=\"textarea\" style=\"display: none;\">\nEbenfalls auf der Reuss gibt es 5 weitere Strecken f\u00fcr einen halben oder ganzen Tag. Auch auf der Aare zwischen Thun und Bern.<br \/>\nIm Wallis machen wir zum Beispiel Fun Rafting auf der Rh\u00f4ne zwischen Chippis und St. Petersburg. L\u00e9onard. Au\u00dferdem Easy Rafting auf der Saane zwischen Gstaad-Saanenland und dem Pays d&#8217;Enhaut. Dasselbe gilt f\u00fcr das Tessin zwischen Cresciano und Bellinzona auf der Tessiner Seite. Sowie auf dem Rhein unterhalb des Rheinfalls mit der M\u00f6glichkeit, zwei Strecken zu w\u00e4hlen, die entweder einen halben oder einen ganzen Tag dauern. Wenn Sie Action f\u00fcr \u00e4ltere Sch\u00fcler suchen, k\u00f6nnen Sie eine Rafting-Tour auf dem Rhein in Graub\u00fcnden oder auf der Sarine im Pays d&#8217;Enhaut unternehmen. Ebenso im Berner Oberland an der Simme oder der Lutschine und im Wallis an der Rh\u00f4ne, der Vispa oder der Dranse de Bagnes.\n<\/p>\n<p><a id=\"seeMore\" onclick=\"toggleSeeMore()\" href=\"javascript:void(0);\">Lesen Sie mehr<\/a><\/p>\n","protected":false},"featured_media":90955,"comment_status":"open","ping_status":"closed","template":"","meta":{"inline_featured_image":false,"_mi_skip_tracking":false},"product_cat":[275,634,276],"product_tag":[],"class_list":["post-91423","product","type-product","status-publish","has-post-thumbnail","hentry","product_cat-gruppen","product_cat-schulreise-easy-rafting-in-der-schweiz","product_cat-schulreise-klassenausflug"],"yoast_head":"<!-- This site is optimized with the Yoast SEO plugin v23.6 - https:\/\/yoast.com\/wordpress\/plugins\/seo\/ -->\n<title>Schulausflug Easy rafting Reuss Gisikon-Ottenbach<\/title>\n<meta name=\"description\" content=\"Schulausflug Easy rafting Reuss Gisikon-Ottenbach. Dieser Abschnitt des Flusses Reuss im Kanton Z\u00fcrich ist f\u00fcr alle Sch\u00fcler geeignet.\" \/>\n<meta name=\"robots\" content=\"index, follow, max-snippet:-1, max-image-preview:large, max-video-preview:-1\" \/>\n<link rel=\"canonical\" href=\"https:\/\/www.swissraft.ch\/de\/produkt\/schulausflug-zentralschweiz-easy-rafting-reuss-gisikon-ottenbach\/\" \/>\n<meta property=\"og:locale\" content=\"de_DE\" \/>\n<meta property=\"og:type\" content=\"article\" \/>\n<meta property=\"og:title\" content=\"Schulausflug Easy rafting Reuss Gisikon-Ottenbach\" \/>\n<meta property=\"og:description\" content=\"Schulausflug Easy rafting Reuss Gisikon-Ottenbach. Dieser Abschnitt des Flusses Reuss im Kanton Z\u00fcrich ist f\u00fcr alle Sch\u00fcler geeignet.\" \/>\n<meta property=\"og:url\" content=\"https:\/\/www.swissraft.ch\/de\/produkt\/schulausflug-zentralschweiz-easy-rafting-reuss-gisikon-ottenbach\/\" \/>\n<meta property=\"og:site_name\" content=\"Swissraft\" \/>\n<meta property=\"article:modified_time\" content=\"2025-12-27T16:05:27+00:00\" \/>\n<meta property=\"og:image\" content=\"https:\/\/www.swissraft.ch\/wp-content\/uploads\/2023\/03\/3-5-Easy-Rafting-Gisikon-Ottenbach-776x776-1.jpg\" \/>\n\t<meta property=\"og:image:width\" content=\"776\" \/>\n\t<meta property=\"og:image:height\" content=\"776\" \/>\n\t<meta property=\"og:image:type\" content=\"image\/jpeg\" \/>\n<meta name=\"twitter:card\" content=\"summary_large_image\" \/>\n<meta name=\"twitter:label1\" content=\"Gesch\u00e4tzte Lesezeit\" \/>\n\t<meta name=\"twitter:data1\" content=\"1\u00a0Minute\" \/>\n<script type=\"application\/ld+json\" class=\"yoast-schema-graph\">{\"@context\":\"https:\/\/schema.org\",\"@graph\":[{\"@type\":\"WebPage\",\"@id\":\"https:\/\/www.swissraft.ch\/de\/produkt\/schulausflug-zentralschweiz-easy-rafting-reuss-gisikon-ottenbach\/\",\"url\":\"https:\/\/www.swissraft.ch\/de\/produkt\/schulausflug-zentralschweiz-easy-rafting-reuss-gisikon-ottenbach\/\",\"name\":\"Schulausflug Easy rafting Reuss Gisikon-Ottenbach\",\"isPartOf\":{\"@id\":\"https:\/\/www.swissraft.ch\/de\/#website\"},\"primaryImageOfPage\":{\"@id\":\"https:\/\/www.swissraft.ch\/de\/produkt\/schulausflug-zentralschweiz-easy-rafting-reuss-gisikon-ottenbach\/#primaryimage\"},\"image\":{\"@id\":\"https:\/\/www.swissraft.ch\/de\/produkt\/schulausflug-zentralschweiz-easy-rafting-reuss-gisikon-ottenbach\/#primaryimage\"},\"thumbnailUrl\":\"https:\/\/www.swissraft.ch\/wp-content\/uploads\/2023\/03\/3-5-Easy-Rafting-Gisikon-Ottenbach-776x776-1.jpg\",\"datePublished\":\"2023-03-19T14:21:09+00:00\",\"dateModified\":\"2025-12-27T16:05:27+00:00\",\"description\":\"Schulausflug Easy rafting Reuss Gisikon-Ottenbach. Dieser Abschnitt des Flusses Reuss im Kanton Z\u00fcrich ist f\u00fcr alle Sch\u00fcler geeignet.\",\"breadcrumb\":{\"@id\":\"https:\/\/www.swissraft.ch\/de\/produkt\/schulausflug-zentralschweiz-easy-rafting-reuss-gisikon-ottenbach\/#breadcrumb\"},\"inLanguage\":\"de\",\"potentialAction\":[{\"@type\":\"ReadAction\",\"target\":[\"https:\/\/www.swissraft.ch\/de\/produkt\/schulausflug-zentralschweiz-easy-rafting-reuss-gisikon-ottenbach\/\"]}]},{\"@type\":\"ImageObject\",\"inLanguage\":\"de\",\"@id\":\"https:\/\/www.swissraft.ch\/de\/produkt\/schulausflug-zentralschweiz-easy-rafting-reuss-gisikon-ottenbach\/#primaryimage\",\"url\":\"https:\/\/www.swissraft.ch\/wp-content\/uploads\/2023\/03\/3-5-Easy-Rafting-Gisikon-Ottenbach-776x776-1.jpg\",\"contentUrl\":\"https:\/\/www.swissraft.ch\/wp-content\/uploads\/2023\/03\/3-5-Easy-Rafting-Gisikon-Ottenbach-776x776-1.jpg\",\"width\":776,\"height\":776,\"caption\":\"Easy Rafting auf der Reuss f\u00fcr einen Schulausflug\"},{\"@type\":\"BreadcrumbList\",\"@id\":\"https:\/\/www.swissraft.ch\/de\/produkt\/schulausflug-zentralschweiz-easy-rafting-reuss-gisikon-ottenbach\/#breadcrumb\",\"itemListElement\":[{\"@type\":\"ListItem\",\"position\":1,\"name\":\"Accueil\",\"item\":\"https:\/\/www.swissraft.ch\/de\/\"},{\"@type\":\"ListItem\",\"position\":2,\"name\":\"Shop\",\"item\":\"https:\/\/www.swissraft.ch\/de\/shop\/\"},{\"@type\":\"ListItem\",\"position\":3,\"name\":\"Schulreise &#8211; ZENTRALSCHWEIZ &#8211; EASY RAFTING &#8211; REUSS &#8211; GISIKON-OTTENBACH &#8211; CHF 75.00\"}]},{\"@type\":\"WebSite\",\"@id\":\"https:\/\/www.swissraft.ch\/de\/#website\",\"url\":\"https:\/\/www.swissraft.ch\/de\/\",\"name\":\"Swissraft\",\"description\":\"To enjoy nature as it is\",\"publisher\":{\"@id\":\"https:\/\/www.swissraft.ch\/de\/#organization\"},\"potentialAction\":[{\"@type\":\"SearchAction\",\"target\":{\"@type\":\"EntryPoint\",\"urlTemplate\":\"https:\/\/www.swissraft.ch\/de\/?s={search_term_string}\"},\"query-input\":{\"@type\":\"PropertyValueSpecification\",\"valueRequired\":true,\"valueName\":\"search_term_string\"}}],\"inLanguage\":\"de\"},{\"@type\":\"Organization\",\"@id\":\"https:\/\/www.swissraft.ch\/de\/#organization\",\"name\":\"Swissraft\",\"url\":\"https:\/\/www.swissraft.ch\/de\/\",\"logo\":{\"@type\":\"ImageObject\",\"inLanguage\":\"de\",\"@id\":\"https:\/\/www.swissraft.ch\/de\/#\/schema\/logo\/image\/\",\"url\":\"https:\/\/www.swissraft.ch\/wp-content\/uploads\/2025\/09\/Capture.jpg\",\"contentUrl\":\"https:\/\/www.swissraft.ch\/wp-content\/uploads\/2025\/09\/Capture.jpg\",\"width\":293,\"height\":108,\"caption\":\"Swissraft\"},\"image\":{\"@id\":\"https:\/\/www.swissraft.ch\/de\/#\/schema\/logo\/image\/\"}}]}<\/script>\n<!-- \/ Yoast SEO plugin. -->","yoast_head_json":{"title":"Schulausflug Easy rafting Reuss Gisikon-Ottenbach","description":"Schulausflug Easy rafting Reuss Gisikon-Ottenbach. Dieser Abschnitt des Flusses Reuss im Kanton Z\u00fcrich ist f\u00fcr alle Sch\u00fcler geeignet.","robots":{"index":"index","follow":"follow","max-snippet":"max-snippet:-1","max-image-preview":"max-image-preview:large","max-video-preview":"max-video-preview:-1"},"canonical":"https:\/\/www.swissraft.ch\/de\/produkt\/schulausflug-zentralschweiz-easy-rafting-reuss-gisikon-ottenbach\/","og_locale":"de_DE","og_type":"article","og_title":"Schulausflug Easy rafting Reuss Gisikon-Ottenbach","og_description":"Schulausflug Easy rafting Reuss Gisikon-Ottenbach. Dieser Abschnitt des Flusses Reuss im Kanton Z\u00fcrich ist f\u00fcr alle Sch\u00fcler geeignet.","og_url":"https:\/\/www.swissraft.ch\/de\/produkt\/schulausflug-zentralschweiz-easy-rafting-reuss-gisikon-ottenbach\/","og_site_name":"Swissraft","article_modified_time":"2025-12-27T16:05:27+00:00","og_image":[{"width":776,"height":776,"url":"https:\/\/www.swissraft.ch\/wp-content\/uploads\/2023\/03\/3-5-Easy-Rafting-Gisikon-Ottenbach-776x776-1.jpg","type":"image\/jpeg"}],"twitter_card":"summary_large_image","twitter_misc":{"Gesch\u00e4tzte Lesezeit":"1\u00a0Minute"},"schema":{"@context":"https:\/\/schema.org","@graph":[{"@type":"WebPage","@id":"https:\/\/www.swissraft.ch\/de\/produkt\/schulausflug-zentralschweiz-easy-rafting-reuss-gisikon-ottenbach\/","url":"https:\/\/www.swissraft.ch\/de\/produkt\/schulausflug-zentralschweiz-easy-rafting-reuss-gisikon-ottenbach\/","name":"Schulausflug Easy rafting Reuss Gisikon-Ottenbach","isPartOf":{"@id":"https:\/\/www.swissraft.ch\/de\/#website"},"primaryImageOfPage":{"@id":"https:\/\/www.swissraft.ch\/de\/produkt\/schulausflug-zentralschweiz-easy-rafting-reuss-gisikon-ottenbach\/#primaryimage"},"image":{"@id":"https:\/\/www.swissraft.ch\/de\/produkt\/schulausflug-zentralschweiz-easy-rafting-reuss-gisikon-ottenbach\/#primaryimage"},"thumbnailUrl":"https:\/\/www.swissraft.ch\/wp-content\/uploads\/2023\/03\/3-5-Easy-Rafting-Gisikon-Ottenbach-776x776-1.jpg","datePublished":"2023-03-19T14:21:09+00:00","dateModified":"2025-12-27T16:05:27+00:00","description":"Schulausflug Easy rafting Reuss Gisikon-Ottenbach. Dieser Abschnitt des Flusses Reuss im Kanton Z\u00fcrich ist f\u00fcr alle Sch\u00fcler geeignet.","breadcrumb":{"@id":"https:\/\/www.swissraft.ch\/de\/produkt\/schulausflug-zentralschweiz-easy-rafting-reuss-gisikon-ottenbach\/#breadcrumb"},"inLanguage":"de","potentialAction":[{"@type":"ReadAction","target":["https:\/\/www.swissraft.ch\/de\/produkt\/schulausflug-zentralschweiz-easy-rafting-reuss-gisikon-ottenbach\/"]}]},{"@type":"ImageObject","inLanguage":"de","@id":"https:\/\/www.swissraft.ch\/de\/produkt\/schulausflug-zentralschweiz-easy-rafting-reuss-gisikon-ottenbach\/#primaryimage","url":"https:\/\/www.swissraft.ch\/wp-content\/uploads\/2023\/03\/3-5-Easy-Rafting-Gisikon-Ottenbach-776x776-1.jpg","contentUrl":"https:\/\/www.swissraft.ch\/wp-content\/uploads\/2023\/03\/3-5-Easy-Rafting-Gisikon-Ottenbach-776x776-1.jpg","width":776,"height":776,"caption":"Easy Rafting auf der Reuss f\u00fcr einen Schulausflug"},{"@type":"BreadcrumbList","@id":"https:\/\/www.swissraft.ch\/de\/produkt\/schulausflug-zentralschweiz-easy-rafting-reuss-gisikon-ottenbach\/#breadcrumb","itemListElement":[{"@type":"ListItem","position":1,"name":"Accueil","item":"https:\/\/www.swissraft.ch\/de\/"},{"@type":"ListItem","position":2,"name":"Shop","item":"https:\/\/www.swissraft.ch\/de\/shop\/"},{"@type":"ListItem","position":3,"name":"Schulreise &#8211; ZENTRALSCHWEIZ &#8211; EASY RAFTING &#8211; REUSS &#8211; GISIKON-OTTENBACH &#8211; CHF 75.00"}]},{"@type":"WebSite","@id":"https:\/\/www.swissraft.ch\/de\/#website","url":"https:\/\/www.swissraft.ch\/de\/","name":"Swissraft","description":"To enjoy nature as it is","publisher":{"@id":"https:\/\/www.swissraft.ch\/de\/#organization"},"potentialAction":[{"@type":"SearchAction","target":{"@type":"EntryPoint","urlTemplate":"https:\/\/www.swissraft.ch\/de\/?s={search_term_string}"},"query-input":{"@type":"PropertyValueSpecification","valueRequired":true,"valueName":"search_term_string"}}],"inLanguage":"de"},{"@type":"Organization","@id":"https:\/\/www.swissraft.ch\/de\/#organization","name":"Swissraft","url":"https:\/\/www.swissraft.ch\/de\/","logo":{"@type":"ImageObject","inLanguage":"de","@id":"https:\/\/www.swissraft.ch\/de\/#\/schema\/logo\/image\/","url":"https:\/\/www.swissraft.ch\/wp-content\/uploads\/2025\/09\/Capture.jpg","contentUrl":"https:\/\/www.swissraft.ch\/wp-content\/uploads\/2025\/09\/Capture.jpg","width":293,"height":108,"caption":"Swissraft"},"image":{"@id":"https:\/\/www.swissraft.ch\/de\/#\/schema\/logo\/image\/"}}]}},"_links":{"self":[{"href":"https:\/\/www.swissraft.ch\/de\/wp-json\/wp\/v2\/product\/91423","targetHints":{"allow":["GET"]}}],"collection":[{"href":"https:\/\/www.swissraft.ch\/de\/wp-json\/wp\/v2\/product"}],"about":[{"href":"https:\/\/www.swissraft.ch\/de\/wp-json\/wp\/v2\/types\/product"}],"replies":[{"embeddable":true,"href":"https:\/\/www.swissraft.ch\/de\/wp-json\/wp\/v2\/comments?post=91423"}],"version-history":[{"count":16,"href":"https:\/\/www.swissraft.ch\/de\/wp-json\/wp\/v2\/product\/91423\/revisions"}],"predecessor-version":[{"id":125324,"href":"https:\/\/www.swissraft.ch\/de\/wp-json\/wp\/v2\/product\/91423\/revisions\/125324"}],"wp:featuredmedia":[{"embeddable":true,"href":"https:\/\/www.swissraft.ch\/de\/wp-json\/wp\/v2\/media\/90955"}],"wp:attachment":[{"href":"https:\/\/www.swissraft.ch\/de\/wp-json\/wp\/v2\/media?parent=91423"}],"wp:term":[{"taxonomy":"product_cat","embeddable":true,"href":"https:\/\/www.swissraft.ch\/de\/wp-json\/wp\/v2\/product_cat?post=91423"},{"taxonomy":"product_tag","embeddable":true,"href":"https:\/\/www.swissraft.ch\/de\/wp-json\/wp\/v2\/product_tag?post=91423"}],"curies":[{"name":"wp","href":"https:\/\/api.w.org\/{rel}","templated":true}]}}