{"id":91420,"date":"2023-03-19T00:23:48","date_gmt":"2023-03-18T23:23:48","guid":{"rendered":"https:\/\/swissraft.xyanzkdne.eu\/product\/schulreise-in-zentralschweiz-easy-rafting-reuss-mellingen-gebenstorf-chf-69-00\/"},"modified":"2025-12-27T17:22:00","modified_gmt":"2025-12-27T16:22:00","slug":"schulausflug-zentralschweiz-easy-rafting-reuss-mellingen-gebenstorf","status":"publish","type":"product","link":"https:\/\/www.swissraft.ch\/de\/produkt\/schulausflug-zentralschweiz-easy-rafting-reuss-mellingen-gebenstorf\/","title":{"rendered":"Schulreise &#8211; ZENTRALSCHWEIZ &#8211; EASY RAFTING &#8211; REUSS &#8211; MELLINGEN-GEBENSTORF &#8211; CHF 75.00"},"content":{"rendered":"\t\t<div data-elementor-type=\"wp-post\" data-elementor-id=\"91420\" class=\"elementor elementor-91420 elementor-31669\">\n\t\t\t\t\t\t\t\t\t<section class=\"elementor-section elementor-top-section elementor-element elementor-element-3303a7e3 elementor-section-boxed elementor-section-height-default elementor-section-height-default\" data-id=\"3303a7e3\" data-element_type=\"section\">\n\t\t\t\t\t\t<div class=\"elementor-container elementor-column-gap-default\">\n\t\t\t\t\t<div class=\"elementor-column elementor-col-100 elementor-top-column elementor-element elementor-element-16d72dbf\" data-id=\"16d72dbf\" data-element_type=\"column\">\n\t\t\t<div class=\"elementor-widget-wrap elementor-element-populated\">\n\t\t\t\t\t\t\t\t<div class=\"elementor-element elementor-element-d743c03 elementor-widget elementor-widget-text-editor\" data-id=\"d743c03\" data-element_type=\"widget\" data-widget_type=\"text-editor.default\">\n\t\t\t\t<div class=\"elementor-widget-container\">\n\t\t\t\t\t\t\t<h2>W\u00c4HLEN SIE UNTEN IHRE AKTIVIT\u00c4T AUS, UM GESCHENKGUTSCHEINE \/ TICKETS ZU VERSCHENKEN ODER ZU BUCHEN.<\/h2><table border=\"0\" width=\"580\" cellspacing=\"10\" cellpadding=\"10\"><tbody><tr><td width=\"50%\"><strong>SCHULAUSFLUG &#8211; EASY RAFTING &#8211; REUSS &#8211; MELLINGEN-GEBENSTORF + Getr\u00e4nk<\/strong><\/td><td><strong>CHF 75.00 pro Sch\u00fcler<span class=\"productPrice\"><br \/><\/span><\/strong><\/td><\/tr><tr><td>Zus\u00e4tzliche Informationen<\/td><td>&#8211;<span class=\"patt\"> Mindestalter 10 Jahre<br \/><\/span>&#8211; Erwachsene Begleitperson erforderlich<br \/>&#8211; Mindestens 15 Sch\u00fcler.<\/td><\/tr><tr><td>Strecke<\/td><td><strong>Mellingen-Gebenstorf<\/strong><\/td><\/tr><tr><td>Startzeiten<\/td><td>10.00 Uhr \/ 13.30 Uhr<\/td><\/tr><tr><td>Easy Rafting oder Fun Rafting<\/td><td>ca. 2 Std.<\/td><\/tr><tr><td>Gesamtdauer<\/td><td>ca. 3,5 Std.<\/td><\/tr><tr><td>Treffpunkt<\/td><td><a href=\"https:\/\/www.google.com\/maps\/place\/47%C2%B025'02.3%22N+8%C2%B016'30.8%22E\/@47.4173709,8.272937,382m\/data=!3m1!1e3!4m4!3m3!8m2!3d47.4173056!4d8.2752222?entry=ttu&amp;g_ep=EgoyMDI0MDkyMi4wIKXMDSoASAFQAw%3D%3D\" target=\"_blank\" rel=\"noopener\">Mellingen<\/a><\/td><\/tr><tr><td>Schwierigkeitsgrad<\/td><td>1<\/td><\/tr><tr><td>\u00a0<\/td><td>Um zu buchen : <a href=\"https:\/\/www.swissraft.ch\/de\/kontakt\/\">Kontaktieren Sie uns<\/a><\/td><\/tr><\/tbody><\/table>\t\t\t\t\t\t<\/div>\n\t\t\t\t<\/div>\n\t\t\t\t\t<\/div>\n\t\t<\/div>\n\t\t\t\t\t\t\t<\/div>\n\t\t<\/section>\n\t\t\t\t\t\t\t<\/div>\n\t\t","protected":false},"excerpt":{"rendered":"<div align=\"justify\">\n<h2 align=\"justify\">Easy Rafting, auch Fun Rafting genannt, auf der Reuss. Schenken Sie Ihren Sch\u00fclern einen sch\u00f6nen Schulausflug<\/h2>\n<h3>Zwischen Mellingen und Gebenstorf flie\u00dft die Reuss durch den Kanton Aargau.<\/h3>\n<\/div>\n<div align=\"justify\">\n<p>W\u00e4hrend Ihres Schulausflugs unternehmen Sie eine Easy Rafting Tour auf der Reuss zwischen <a href=\"https:\/\/fr.wikipedia.org\/wiki\/Mellingen#:~:text=Mellingen%20est%20une%20ville%20et,dans%20le%20district%20de%20Baden.\" target=\"_blank\" rel=\"noopener\">Mellingen<\/a> und <a href=\"https:\/\/fr.wikipedia.org\/wiki\/Gebenstorf\" target=\"_blank\" rel=\"noopener\">Gebenstorf<\/a>. Zun\u00e4chst h\u00f6ren Sie sich die Sicherheitshinweise aufmerksam an. Anschlie\u00dfend gehen Sie mit Schwimmwesten und Paddeln ausgestattet an Bord der Rafts. Von Anfang an steigt der Adrenalinspiegel. Der Strom ist manchmal st\u00e4rker, aber immer noch \u00fcberschaubar. Die Landschaft ist wundersch\u00f6n. W\u00e4hrend Sie paddeln, durchqueren Sie ruhigere Abschnitte, die ideal sind, um die Sonne zu genie\u00dfen. Manchmal lacht die Gruppe \u00fcber die Spritzer w\u00e4hrend einer Schlacht. Auf halber Strecke legen Sie eine Pause ein, um sich zu erholen und die umliegende Natur zu bewundern. Schlie\u00dflich, nach einigen Nervenkitzel in den Stromschnellen, erreichen Sie Ihr Ziel. Alle sind von dieser einzigartigen Erfahrung begeistert. Die Klassenfahrt hat Ihren Teamgeist gest\u00e4rkt und unvergessliche Erinnerungen geschaffen.<\/p>\n<h3>Wir bieten den Schulen zahlreiche Fl\u00fcsse f\u00fcr Easy Rafting, auch Fun Rafting genannt, an, die f\u00fcr alle Altersgruppen geeignet sind.<\/h3>\n<p id=\"textarea\" style=\"display: none;\">\nAn der Reuss erwarten Sie 5 weitere Strecken. Aber auch auf der Aare zwischen Thun und Bern.<br \/>\nIm Wallis machen wir Easy Rafting oder Fun Rafting auf der Rh\u00f4ne zwischen Chippis und St. L\u00e9onard. Dasselbe gilt f\u00fcr die Sarine zwischen Gstaad und Rougement im Pays d&#8217;Enhaut. Au\u00dferdem bietet Swissraft auf dem Rhein zwei Strecken unterhalb des Rheinfalls an. Dasselbe gilt im Tessin auf dem Ticino zwischen Cresciano und Bellinzona. Wenn Sie Ihren Sch\u00fclern jedoch mehr Action bieten m\u00f6chten, sollten Sie eine sportlichere Version des Rafting machen. Auf dem Rhein in Graub\u00fcnden oder auf der Saane von Saanen bis Ch\u00e2teau d&#8217;Oex im Pays d&#8217;Enhaut. Rafting auch im Berner Oberland auf der Simme bei Boltigen oder der Lutschine bei Interlaken. Im Wallis bieten die Rh\u00f4ne, der Fluss Visp und die Dranse de Bagnes spannende Strecken.\n<\/p>\n<p><a id=\"seeMore\" onclick=\"toggleSeeMore()\" href=\"javascript:void(0);\">Lesen Sie mehr<\/a><\/p>\n","protected":false},"featured_media":90967,"comment_status":"open","ping_status":"closed","template":"","meta":{"inline_featured_image":false,"_mi_skip_tracking":false},"product_cat":[275,634,276],"product_tag":[],"class_list":["post-91420","product","type-product","status-publish","has-post-thumbnail","hentry","product_cat-gruppen","product_cat-schulreise-easy-rafting-in-der-schweiz","product_cat-schulreise-klassenausflug"],"yoast_head":"<!-- This site is optimized with the Yoast SEO plugin v23.6 - https:\/\/yoast.com\/wordpress\/plugins\/seo\/ -->\n<title>Schulausflug Reuss Mellingen-Gebenstorf an der Reuss<\/title>\n<meta name=\"description\" content=\"Schulausflug Reuss Mellingen-Gebenstorf auf der Reuss. Diese Route gef\u00e4llt den Teilnehmern. Ihre Sch\u00fcler werden von diesem Bootsausflug begeistert sein.\" \/>\n<meta name=\"robots\" content=\"index, follow, max-snippet:-1, max-image-preview:large, max-video-preview:-1\" \/>\n<link rel=\"canonical\" href=\"https:\/\/www.swissraft.ch\/de\/produkt\/schulausflug-zentralschweiz-easy-rafting-reuss-mellingen-gebenstorf\/\" \/>\n<meta property=\"og:locale\" content=\"de_DE\" \/>\n<meta property=\"og:type\" content=\"article\" \/>\n<meta property=\"og:title\" content=\"Schulausflug Reuss Mellingen-Gebenstorf an der Reuss\" \/>\n<meta property=\"og:description\" content=\"Schulausflug Reuss Mellingen-Gebenstorf auf der Reuss. Diese Route gef\u00e4llt den Teilnehmern. Ihre Sch\u00fcler werden von diesem Bootsausflug begeistert sein.\" \/>\n<meta property=\"og:url\" content=\"https:\/\/www.swissraft.ch\/de\/produkt\/schulausflug-zentralschweiz-easy-rafting-reuss-mellingen-gebenstorf\/\" \/>\n<meta property=\"og:site_name\" content=\"Swissraft\" \/>\n<meta property=\"article:modified_time\" content=\"2025-12-27T16:22:00+00:00\" \/>\n<meta property=\"og:image\" content=\"https:\/\/www.swissraft.ch\/wp-content\/uploads\/2023\/03\/3-3-Easy-Rafting-Mellingen-Gebenstorf-776x776-1.jpg\" \/>\n\t<meta property=\"og:image:width\" content=\"776\" \/>\n\t<meta property=\"og:image:height\" content=\"776\" \/>\n\t<meta property=\"og:image:type\" content=\"image\/jpeg\" \/>\n<meta name=\"twitter:card\" content=\"summary_large_image\" \/>\n<meta name=\"twitter:label1\" content=\"Gesch\u00e4tzte Lesezeit\" \/>\n\t<meta name=\"twitter:data1\" content=\"1\u00a0Minute\" \/>\n<script type=\"application\/ld+json\" class=\"yoast-schema-graph\">{\"@context\":\"https:\/\/schema.org\",\"@graph\":[{\"@type\":\"WebPage\",\"@id\":\"https:\/\/www.swissraft.ch\/de\/produkt\/schulausflug-zentralschweiz-easy-rafting-reuss-mellingen-gebenstorf\/\",\"url\":\"https:\/\/www.swissraft.ch\/de\/produkt\/schulausflug-zentralschweiz-easy-rafting-reuss-mellingen-gebenstorf\/\",\"name\":\"Schulausflug Reuss Mellingen-Gebenstorf an der Reuss\",\"isPartOf\":{\"@id\":\"https:\/\/www.swissraft.ch\/de\/#website\"},\"primaryImageOfPage\":{\"@id\":\"https:\/\/www.swissraft.ch\/de\/produkt\/schulausflug-zentralschweiz-easy-rafting-reuss-mellingen-gebenstorf\/#primaryimage\"},\"image\":{\"@id\":\"https:\/\/www.swissraft.ch\/de\/produkt\/schulausflug-zentralschweiz-easy-rafting-reuss-mellingen-gebenstorf\/#primaryimage\"},\"thumbnailUrl\":\"https:\/\/www.swissraft.ch\/wp-content\/uploads\/2023\/03\/3-3-Easy-Rafting-Mellingen-Gebenstorf-776x776-1.jpg\",\"datePublished\":\"2023-03-18T23:23:48+00:00\",\"dateModified\":\"2025-12-27T16:22:00+00:00\",\"description\":\"Schulausflug Reuss Mellingen-Gebenstorf auf der Reuss. Diese Route gef\u00e4llt den Teilnehmern. Ihre Sch\u00fcler werden von diesem Bootsausflug begeistert sein.\",\"breadcrumb\":{\"@id\":\"https:\/\/www.swissraft.ch\/de\/produkt\/schulausflug-zentralschweiz-easy-rafting-reuss-mellingen-gebenstorf\/#breadcrumb\"},\"inLanguage\":\"de\",\"potentialAction\":[{\"@type\":\"ReadAction\",\"target\":[\"https:\/\/www.swissraft.ch\/de\/produkt\/schulausflug-zentralschweiz-easy-rafting-reuss-mellingen-gebenstorf\/\"]}]},{\"@type\":\"ImageObject\",\"inLanguage\":\"de\",\"@id\":\"https:\/\/www.swissraft.ch\/de\/produkt\/schulausflug-zentralschweiz-easy-rafting-reuss-mellingen-gebenstorf\/#primaryimage\",\"url\":\"https:\/\/www.swissraft.ch\/wp-content\/uploads\/2023\/03\/3-3-Easy-Rafting-Mellingen-Gebenstorf-776x776-1.jpg\",\"contentUrl\":\"https:\/\/www.swissraft.ch\/wp-content\/uploads\/2023\/03\/3-3-Easy-Rafting-Mellingen-Gebenstorf-776x776-1.jpg\",\"width\":776,\"height\":776,\"caption\":\"Schulausflug auf der Reuss in Mellingen und Gebenstorf\"},{\"@type\":\"BreadcrumbList\",\"@id\":\"https:\/\/www.swissraft.ch\/de\/produkt\/schulausflug-zentralschweiz-easy-rafting-reuss-mellingen-gebenstorf\/#breadcrumb\",\"itemListElement\":[{\"@type\":\"ListItem\",\"position\":1,\"name\":\"Accueil\",\"item\":\"https:\/\/www.swissraft.ch\/de\/\"},{\"@type\":\"ListItem\",\"position\":2,\"name\":\"Shop\",\"item\":\"https:\/\/www.swissraft.ch\/de\/shop\/\"},{\"@type\":\"ListItem\",\"position\":3,\"name\":\"Schulreise &#8211; ZENTRALSCHWEIZ &#8211; EASY RAFTING &#8211; REUSS &#8211; MELLINGEN-GEBENSTORF &#8211; CHF 75.00\"}]},{\"@type\":\"WebSite\",\"@id\":\"https:\/\/www.swissraft.ch\/de\/#website\",\"url\":\"https:\/\/www.swissraft.ch\/de\/\",\"name\":\"Swissraft\",\"description\":\"To enjoy nature as it is\",\"publisher\":{\"@id\":\"https:\/\/www.swissraft.ch\/de\/#organization\"},\"potentialAction\":[{\"@type\":\"SearchAction\",\"target\":{\"@type\":\"EntryPoint\",\"urlTemplate\":\"https:\/\/www.swissraft.ch\/de\/?s={search_term_string}\"},\"query-input\":{\"@type\":\"PropertyValueSpecification\",\"valueRequired\":true,\"valueName\":\"search_term_string\"}}],\"inLanguage\":\"de\"},{\"@type\":\"Organization\",\"@id\":\"https:\/\/www.swissraft.ch\/de\/#organization\",\"name\":\"Swissraft\",\"url\":\"https:\/\/www.swissraft.ch\/de\/\",\"logo\":{\"@type\":\"ImageObject\",\"inLanguage\":\"de\",\"@id\":\"https:\/\/www.swissraft.ch\/de\/#\/schema\/logo\/image\/\",\"url\":\"https:\/\/www.swissraft.ch\/wp-content\/uploads\/2025\/09\/Capture.jpg\",\"contentUrl\":\"https:\/\/www.swissraft.ch\/wp-content\/uploads\/2025\/09\/Capture.jpg\",\"width\":293,\"height\":108,\"caption\":\"Swissraft\"},\"image\":{\"@id\":\"https:\/\/www.swissraft.ch\/de\/#\/schema\/logo\/image\/\"}}]}<\/script>\n<!-- \/ Yoast SEO plugin. -->","yoast_head_json":{"title":"Schulausflug Reuss Mellingen-Gebenstorf an der Reuss","description":"Schulausflug Reuss Mellingen-Gebenstorf auf der Reuss. Diese Route gef\u00e4llt den Teilnehmern. Ihre Sch\u00fcler werden von diesem Bootsausflug begeistert sein.","robots":{"index":"index","follow":"follow","max-snippet":"max-snippet:-1","max-image-preview":"max-image-preview:large","max-video-preview":"max-video-preview:-1"},"canonical":"https:\/\/www.swissraft.ch\/de\/produkt\/schulausflug-zentralschweiz-easy-rafting-reuss-mellingen-gebenstorf\/","og_locale":"de_DE","og_type":"article","og_title":"Schulausflug Reuss Mellingen-Gebenstorf an der Reuss","og_description":"Schulausflug Reuss Mellingen-Gebenstorf auf der Reuss. Diese Route gef\u00e4llt den Teilnehmern. Ihre Sch\u00fcler werden von diesem Bootsausflug begeistert sein.","og_url":"https:\/\/www.swissraft.ch\/de\/produkt\/schulausflug-zentralschweiz-easy-rafting-reuss-mellingen-gebenstorf\/","og_site_name":"Swissraft","article_modified_time":"2025-12-27T16:22:00+00:00","og_image":[{"width":776,"height":776,"url":"https:\/\/www.swissraft.ch\/wp-content\/uploads\/2023\/03\/3-3-Easy-Rafting-Mellingen-Gebenstorf-776x776-1.jpg","type":"image\/jpeg"}],"twitter_card":"summary_large_image","twitter_misc":{"Gesch\u00e4tzte Lesezeit":"1\u00a0Minute"},"schema":{"@context":"https:\/\/schema.org","@graph":[{"@type":"WebPage","@id":"https:\/\/www.swissraft.ch\/de\/produkt\/schulausflug-zentralschweiz-easy-rafting-reuss-mellingen-gebenstorf\/","url":"https:\/\/www.swissraft.ch\/de\/produkt\/schulausflug-zentralschweiz-easy-rafting-reuss-mellingen-gebenstorf\/","name":"Schulausflug Reuss Mellingen-Gebenstorf an der Reuss","isPartOf":{"@id":"https:\/\/www.swissraft.ch\/de\/#website"},"primaryImageOfPage":{"@id":"https:\/\/www.swissraft.ch\/de\/produkt\/schulausflug-zentralschweiz-easy-rafting-reuss-mellingen-gebenstorf\/#primaryimage"},"image":{"@id":"https:\/\/www.swissraft.ch\/de\/produkt\/schulausflug-zentralschweiz-easy-rafting-reuss-mellingen-gebenstorf\/#primaryimage"},"thumbnailUrl":"https:\/\/www.swissraft.ch\/wp-content\/uploads\/2023\/03\/3-3-Easy-Rafting-Mellingen-Gebenstorf-776x776-1.jpg","datePublished":"2023-03-18T23:23:48+00:00","dateModified":"2025-12-27T16:22:00+00:00","description":"Schulausflug Reuss Mellingen-Gebenstorf auf der Reuss. Diese Route gef\u00e4llt den Teilnehmern. Ihre Sch\u00fcler werden von diesem Bootsausflug begeistert sein.","breadcrumb":{"@id":"https:\/\/www.swissraft.ch\/de\/produkt\/schulausflug-zentralschweiz-easy-rafting-reuss-mellingen-gebenstorf\/#breadcrumb"},"inLanguage":"de","potentialAction":[{"@type":"ReadAction","target":["https:\/\/www.swissraft.ch\/de\/produkt\/schulausflug-zentralschweiz-easy-rafting-reuss-mellingen-gebenstorf\/"]}]},{"@type":"ImageObject","inLanguage":"de","@id":"https:\/\/www.swissraft.ch\/de\/produkt\/schulausflug-zentralschweiz-easy-rafting-reuss-mellingen-gebenstorf\/#primaryimage","url":"https:\/\/www.swissraft.ch\/wp-content\/uploads\/2023\/03\/3-3-Easy-Rafting-Mellingen-Gebenstorf-776x776-1.jpg","contentUrl":"https:\/\/www.swissraft.ch\/wp-content\/uploads\/2023\/03\/3-3-Easy-Rafting-Mellingen-Gebenstorf-776x776-1.jpg","width":776,"height":776,"caption":"Schulausflug auf der Reuss in Mellingen und Gebenstorf"},{"@type":"BreadcrumbList","@id":"https:\/\/www.swissraft.ch\/de\/produkt\/schulausflug-zentralschweiz-easy-rafting-reuss-mellingen-gebenstorf\/#breadcrumb","itemListElement":[{"@type":"ListItem","position":1,"name":"Accueil","item":"https:\/\/www.swissraft.ch\/de\/"},{"@type":"ListItem","position":2,"name":"Shop","item":"https:\/\/www.swissraft.ch\/de\/shop\/"},{"@type":"ListItem","position":3,"name":"Schulreise &#8211; ZENTRALSCHWEIZ &#8211; EASY RAFTING &#8211; REUSS &#8211; MELLINGEN-GEBENSTORF &#8211; CHF 75.00"}]},{"@type":"WebSite","@id":"https:\/\/www.swissraft.ch\/de\/#website","url":"https:\/\/www.swissraft.ch\/de\/","name":"Swissraft","description":"To enjoy nature as it is","publisher":{"@id":"https:\/\/www.swissraft.ch\/de\/#organization"},"potentialAction":[{"@type":"SearchAction","target":{"@type":"EntryPoint","urlTemplate":"https:\/\/www.swissraft.ch\/de\/?s={search_term_string}"},"query-input":{"@type":"PropertyValueSpecification","valueRequired":true,"valueName":"search_term_string"}}],"inLanguage":"de"},{"@type":"Organization","@id":"https:\/\/www.swissraft.ch\/de\/#organization","name":"Swissraft","url":"https:\/\/www.swissraft.ch\/de\/","logo":{"@type":"ImageObject","inLanguage":"de","@id":"https:\/\/www.swissraft.ch\/de\/#\/schema\/logo\/image\/","url":"https:\/\/www.swissraft.ch\/wp-content\/uploads\/2025\/09\/Capture.jpg","contentUrl":"https:\/\/www.swissraft.ch\/wp-content\/uploads\/2025\/09\/Capture.jpg","width":293,"height":108,"caption":"Swissraft"},"image":{"@id":"https:\/\/www.swissraft.ch\/de\/#\/schema\/logo\/image\/"}}]}},"_links":{"self":[{"href":"https:\/\/www.swissraft.ch\/de\/wp-json\/wp\/v2\/product\/91420","targetHints":{"allow":["GET"]}}],"collection":[{"href":"https:\/\/www.swissraft.ch\/de\/wp-json\/wp\/v2\/product"}],"about":[{"href":"https:\/\/www.swissraft.ch\/de\/wp-json\/wp\/v2\/types\/product"}],"replies":[{"embeddable":true,"href":"https:\/\/www.swissraft.ch\/de\/wp-json\/wp\/v2\/comments?post=91420"}],"version-history":[{"count":14,"href":"https:\/\/www.swissraft.ch\/de\/wp-json\/wp\/v2\/product\/91420\/revisions"}],"predecessor-version":[{"id":125358,"href":"https:\/\/www.swissraft.ch\/de\/wp-json\/wp\/v2\/product\/91420\/revisions\/125358"}],"wp:featuredmedia":[{"embeddable":true,"href":"https:\/\/www.swissraft.ch\/de\/wp-json\/wp\/v2\/media\/90967"}],"wp:attachment":[{"href":"https:\/\/www.swissraft.ch\/de\/wp-json\/wp\/v2\/media?parent=91420"}],"wp:term":[{"taxonomy":"product_cat","embeddable":true,"href":"https:\/\/www.swissraft.ch\/de\/wp-json\/wp\/v2\/product_cat?post=91420"},{"taxonomy":"product_tag","embeddable":true,"href":"https:\/\/www.swissraft.ch\/de\/wp-json\/wp\/v2\/product_tag?post=91420"}],"curies":[{"name":"wp","href":"https:\/\/api.w.org\/{rel}","templated":true}]}}