{"id":91415,"date":"2023-03-19T00:16:18","date_gmt":"2023-03-18T23:16:18","guid":{"rendered":"https:\/\/swissraft.xyanzkdne.eu\/product\/schulreise-in-der-zentralschweiz-easy-rafting-reuss-bremgarten-mellingen-chf-69-00\/"},"modified":"2025-12-27T17:21:14","modified_gmt":"2025-12-27T16:21:14","slug":"schulreise-zentralschweiz-easy-rafting-reuss-bremgarten-mellingen","status":"publish","type":"product","link":"https:\/\/www.swissraft.ch\/de\/produkt\/schulreise-zentralschweiz-easy-rafting-reuss-bremgarten-mellingen\/","title":{"rendered":"Schulreise &#8211; ZENTRALSCHWEIZ &#8211; EASY RAFTING &#8211; REUSS &#8211; BREMGARTEN-MELLINGEN &#8211; CHF 75.00"},"content":{"rendered":"\t\t<div data-elementor-type=\"wp-post\" data-elementor-id=\"91415\" class=\"elementor elementor-91415 elementor-31664\">\n\t\t\t\t\t\t\t\t\t<section class=\"elementor-section elementor-top-section elementor-element elementor-element-3303a7e3 elementor-section-boxed elementor-section-height-default elementor-section-height-default\" data-id=\"3303a7e3\" data-element_type=\"section\">\n\t\t\t\t\t\t<div class=\"elementor-container elementor-column-gap-default\">\n\t\t\t\t\t<div class=\"elementor-column elementor-col-100 elementor-top-column elementor-element elementor-element-16d72dbf\" data-id=\"16d72dbf\" data-element_type=\"column\">\n\t\t\t<div class=\"elementor-widget-wrap elementor-element-populated\">\n\t\t\t\t\t\t\t\t<div class=\"elementor-element elementor-element-d743c03 elementor-widget elementor-widget-text-editor\" data-id=\"d743c03\" data-element_type=\"widget\" data-widget_type=\"text-editor.default\">\n\t\t\t\t<div class=\"elementor-widget-container\">\n\t\t\t\t\t\t\t<h2>W\u00c4HLEN SIE UNTEN IHRE AKTIVIT\u00c4T AUS, UM GESCHENKGUTSCHEINE \/ TICKETS ZU VERSCHENKEN ODER ZU BUCHEN.<\/h2><table border=\"0\" width=\"580\" cellspacing=\"10\" cellpadding=\"10\"><tbody><tr><td width=\"50%\"><strong>SCHULAUSFLUG &#8211; EASY RAFTING &#8211; REUSS &#8211; BREMGARTEN-MELLINGEN + Getr\u00e4nk.<\/strong><\/td><td><strong>CHF 75.00 pro Sch\u00fcler<span class=\"productPrice\"><br \/><\/span><\/strong><\/td><\/tr><tr><td>Zus\u00e4tzliche Informationen<\/td><td>&#8211;<span class=\"patt\"> Mindestalter 10 Jahre<br \/><\/span>&#8211; Erwachsene Begleitperson erforderlich<br \/>&#8211; Mindestens 15 Sch\u00fcler<\/td><\/tr><tr><td>Strecke<\/td><td><strong>Bremgarten-Mellingen<\/strong><\/td><\/tr><tr><td>Startzeiten<\/td><td>10.00 Uhr \/ 13.30 Uhr<\/td><\/tr><tr><td>Easy Rafting oder Fun Rafting<\/td><td>ca. 2 Std.<\/td><\/tr><tr><td>Gesamtdauer<\/td><td>ca. 3,5 Std.<\/td><\/tr><tr><td>Treffpunkt<\/td><td><a href=\"https:\/\/www.google.com\/maps\/place\/47%C2%B021'03.6%22N+8%C2%B020'16.7%22E\/@47.3510945,8.3357513,382m\/data=!3m1!1e3!4m4!3m3!8m2!3d47.351!4d8.3379722?entry=ttu&amp;g_ep=EgoyMDI0MDkyMi4wIKXMDSoASAFQAw%3D%3D\" target=\"_blank\" rel=\"noopener\">Bremgarten<\/a><\/td><\/tr><tr><td>Schwierigkeitsgrad<\/td><td>1<\/td><\/tr><tr><td>\u00a0<\/td><td>Um zu buchen : <a href=\"https:\/\/www.swissraft.ch\/de\/kontakt\/\">Kontaktieren Sie uns<\/a><\/td><\/tr><\/tbody><\/table>\t\t\t\t\t\t<\/div>\n\t\t\t\t<\/div>\n\t\t\t\t\t<\/div>\n\t\t<\/div>\n\t\t\t\t\t\t\t<\/div>\n\t\t<\/section>\n\t\t\t\t\t\t\t<\/div>\n\t\t","protected":false},"excerpt":{"rendered":"<div align=\"justify\">\n<h2 align=\"justify\">Easy Rafting auf der Reuss zwischen Bremgarten und Mellingen; eine 20 km lange Fahrt.<\/h2>\n<h3>Ihre Sch\u00fcler werden Ihnen daf\u00fcr dankbar sein<\/h3>\n<\/div>\n<div align=\"justify\">\n<p>Was gibt es besseres f\u00fcr eine Schulreise als eine Easy Rafting Fahrt auf der Reuss zwischen <a href=\"https:\/\/www.myswitzerland.com\/fr\/destinations\/bremgarten\/\" target=\"_blank\" rel=\"noopener\">Bremgarten<\/a> und <a href=\"https:\/\/www.myswitzerland.com\/fr\/destinations\/mellingen\/\" target=\"_blank\" rel=\"noopener\">Mellingen<\/a>. Zun\u00e4chst ziehen Sie eine Schwimmweste an und nehmen ein Paddel. Danach geben Ihnen die Lehrer genaue Sicherheitsanweisungen, denen Sie aufmerksam zuh\u00f6ren. Dann kommt der Moment, in dem Sie in Ihr Raft einsteigen. Schon bald wird Sie der Strom zu einem aufregenden Abenteuer f\u00fchren. Sie durchqueren ruhigere Abschnitte der Reuss, die ideal sind, um sich zu unterhalten und die Landschaft zu genie\u00dfen. Gelegentlich gibt es ein paar Spritzer, die f\u00fcr Gel\u00e4chter sorgen. Zeitweise beschleunigt sich die Str\u00f6mung, was Ihrem Abenteuer einen Adrenalinschub verleiht. Nach einem guten Teil des Abstiegs machen Sie eine kurze Pause am Ufer. Dies erm\u00f6glicht es Ihnen, die Ruhe und die umliegende Natur zu genie\u00dfen. Schlie\u00dflich erreichen Sie Ihr Ziel : Mellingen. Der Tag war sehr emotional und st\u00e4rkte die Beziehungen zwischen uns.<\/p>\n<h3>F\u00fcr Schulausfl\u00fcge mit Sch\u00fclern jeden Alters bietet Swissraft zahlreiche Routen in der Schweiz an.<\/h3>\n<p id=\"textarea\" style=\"display: none;\">\nSwissraft bietet f\u00fcr Schulen 5 weitere Strecken auf der Reuss an. Au\u00dferdem eine Fahrt auf der Aare zwischen den St\u00e4dten Thun und Bern.<br \/>\nAu\u00dferdem k\u00f6nnen Sie im Wallis auf der Rhone, einem majest\u00e4tischen Fluss zwischen Chippis und St. L\u00e9onard fahren. Wir bieten auch Easy Rafting auf der Sarine zwischen Gstaad im Saanenland und Rougement im Pays d&#8217;Enhaut an. Auf dem Rhein bietet Swissraft 2 Strecken an: von Schaffhausen nach Rheinau und von Schaffhausen nach Rudlingen, unterhalb des Rheinfalls. Auch auf dem Ticino im Tessin gibt es eine Strecke mit mediterranen D\u00fcften. Wenn Sie jedoch \u00e4lteren Sch\u00fclern mehr Action bieten m\u00f6chten, machen Sie eine Rafting-Tour, eine aktivere und sportlichere Version als Fun Rafting oder Easy Rafting. Zum Beispiel in Graub\u00fcnden am Rhein zwischen Ilanz und Reichenau. Aber auch auf der Sarine von Saanen im Berner Oberland bis Ch\u00e2teau d&#8217;Oex im Pays d&#8217;Enhaut. Wir bieten auch Rafting auf der Simme von Boltigen aus und auf der Lutschine in Interlaken an. Das Wallis ist mit 3 herrlichen Raftingstrecken auf der Rh\u00f4ne, dem Fluss Visp und der Dranse de Bagnes nicht zu verachten.\n<\/p>\n<p><a id=\"seeMore\" onclick=\"toggleSeeMore()\" href=\"javascript:void(0);\">Lesen Sie mehr<\/a><\/p>\n","protected":false},"featured_media":90982,"comment_status":"open","ping_status":"closed","template":"","meta":{"inline_featured_image":false,"_mi_skip_tracking":false},"product_cat":[275,634,276],"product_tag":[],"class_list":["post-91415","product","type-product","status-publish","has-post-thumbnail","hentry","product_cat-gruppen","product_cat-schulreise-easy-rafting-in-der-schweiz","product_cat-schulreise-klassenausflug"],"yoast_head":"<!-- This site is optimized with the Yoast SEO plugin v23.6 - https:\/\/yoast.com\/wordpress\/plugins\/seo\/ -->\n<title>Schulausflug Bremgarten-Mellingen auf der Reuss<\/title>\n<meta name=\"description\" content=\"Schulausflug Bremgarten-Mellingen auf der Reuss. Ein Weg, der den Schulen und ihren Sch\u00fclern und Lehrern gef\u00e4llt.\" \/>\n<meta name=\"robots\" content=\"index, follow, max-snippet:-1, max-image-preview:large, max-video-preview:-1\" \/>\n<link rel=\"canonical\" href=\"https:\/\/www.swissraft.ch\/de\/produkt\/schulreise-zentralschweiz-easy-rafting-reuss-bremgarten-mellingen\/\" \/>\n<meta property=\"og:locale\" content=\"de_DE\" \/>\n<meta property=\"og:type\" content=\"article\" \/>\n<meta property=\"og:title\" content=\"Schulausflug Bremgarten-Mellingen auf der Reuss\" \/>\n<meta property=\"og:description\" content=\"Schulausflug Bremgarten-Mellingen auf der Reuss. Ein Weg, der den Schulen und ihren Sch\u00fclern und Lehrern gef\u00e4llt.\" \/>\n<meta property=\"og:url\" content=\"https:\/\/www.swissraft.ch\/de\/produkt\/schulreise-zentralschweiz-easy-rafting-reuss-bremgarten-mellingen\/\" \/>\n<meta property=\"og:site_name\" content=\"Swissraft\" \/>\n<meta property=\"article:modified_time\" content=\"2025-12-27T16:21:14+00:00\" \/>\n<meta property=\"og:image\" content=\"https:\/\/www.swissraft.ch\/wp-content\/uploads\/2023\/03\/3-2-Easy-Rafting-Bremgarten-Mellingen776x776.jpg\" \/>\n\t<meta property=\"og:image:width\" content=\"776\" \/>\n\t<meta property=\"og:image:height\" content=\"776\" \/>\n\t<meta property=\"og:image:type\" content=\"image\/jpeg\" \/>\n<meta name=\"twitter:card\" content=\"summary_large_image\" \/>\n<meta name=\"twitter:label1\" content=\"Gesch\u00e4tzte Lesezeit\" \/>\n\t<meta name=\"twitter:data1\" content=\"1\u00a0Minute\" \/>\n<script type=\"application\/ld+json\" class=\"yoast-schema-graph\">{\"@context\":\"https:\/\/schema.org\",\"@graph\":[{\"@type\":\"WebPage\",\"@id\":\"https:\/\/www.swissraft.ch\/de\/produkt\/schulreise-zentralschweiz-easy-rafting-reuss-bremgarten-mellingen\/\",\"url\":\"https:\/\/www.swissraft.ch\/de\/produkt\/schulreise-zentralschweiz-easy-rafting-reuss-bremgarten-mellingen\/\",\"name\":\"Schulausflug Bremgarten-Mellingen auf der Reuss\",\"isPartOf\":{\"@id\":\"https:\/\/www.swissraft.ch\/de\/#website\"},\"primaryImageOfPage\":{\"@id\":\"https:\/\/www.swissraft.ch\/de\/produkt\/schulreise-zentralschweiz-easy-rafting-reuss-bremgarten-mellingen\/#primaryimage\"},\"image\":{\"@id\":\"https:\/\/www.swissraft.ch\/de\/produkt\/schulreise-zentralschweiz-easy-rafting-reuss-bremgarten-mellingen\/#primaryimage\"},\"thumbnailUrl\":\"https:\/\/www.swissraft.ch\/wp-content\/uploads\/2023\/03\/3-2-Easy-Rafting-Bremgarten-Mellingen776x776.jpg\",\"datePublished\":\"2023-03-18T23:16:18+00:00\",\"dateModified\":\"2025-12-27T16:21:14+00:00\",\"description\":\"Schulausflug Bremgarten-Mellingen auf der Reuss. Ein Weg, der den Schulen und ihren Sch\u00fclern und Lehrern gef\u00e4llt.\",\"breadcrumb\":{\"@id\":\"https:\/\/www.swissraft.ch\/de\/produkt\/schulreise-zentralschweiz-easy-rafting-reuss-bremgarten-mellingen\/#breadcrumb\"},\"inLanguage\":\"de\",\"potentialAction\":[{\"@type\":\"ReadAction\",\"target\":[\"https:\/\/www.swissraft.ch\/de\/produkt\/schulreise-zentralschweiz-easy-rafting-reuss-bremgarten-mellingen\/\"]}]},{\"@type\":\"ImageObject\",\"inLanguage\":\"de\",\"@id\":\"https:\/\/www.swissraft.ch\/de\/produkt\/schulreise-zentralschweiz-easy-rafting-reuss-bremgarten-mellingen\/#primaryimage\",\"url\":\"https:\/\/www.swissraft.ch\/wp-content\/uploads\/2023\/03\/3-2-Easy-Rafting-Bremgarten-Mellingen776x776.jpg\",\"contentUrl\":\"https:\/\/www.swissraft.ch\/wp-content\/uploads\/2023\/03\/3-2-Easy-Rafting-Bremgarten-Mellingen776x776.jpg\",\"width\":776,\"height\":776,\"caption\":\"Easy Rafting Schulreise auf der Reuss zwischen Bremgarten und Mellingen\"},{\"@type\":\"BreadcrumbList\",\"@id\":\"https:\/\/www.swissraft.ch\/de\/produkt\/schulreise-zentralschweiz-easy-rafting-reuss-bremgarten-mellingen\/#breadcrumb\",\"itemListElement\":[{\"@type\":\"ListItem\",\"position\":1,\"name\":\"Accueil\",\"item\":\"https:\/\/www.swissraft.ch\/de\/\"},{\"@type\":\"ListItem\",\"position\":2,\"name\":\"Shop\",\"item\":\"https:\/\/www.swissraft.ch\/de\/shop\/\"},{\"@type\":\"ListItem\",\"position\":3,\"name\":\"Schulreise &#8211; ZENTRALSCHWEIZ &#8211; EASY RAFTING &#8211; REUSS &#8211; BREMGARTEN-MELLINGEN &#8211; CHF 75.00\"}]},{\"@type\":\"WebSite\",\"@id\":\"https:\/\/www.swissraft.ch\/de\/#website\",\"url\":\"https:\/\/www.swissraft.ch\/de\/\",\"name\":\"Swissraft\",\"description\":\"To enjoy nature as it is\",\"publisher\":{\"@id\":\"https:\/\/www.swissraft.ch\/de\/#organization\"},\"potentialAction\":[{\"@type\":\"SearchAction\",\"target\":{\"@type\":\"EntryPoint\",\"urlTemplate\":\"https:\/\/www.swissraft.ch\/de\/?s={search_term_string}\"},\"query-input\":{\"@type\":\"PropertyValueSpecification\",\"valueRequired\":true,\"valueName\":\"search_term_string\"}}],\"inLanguage\":\"de\"},{\"@type\":\"Organization\",\"@id\":\"https:\/\/www.swissraft.ch\/de\/#organization\",\"name\":\"Swissraft\",\"url\":\"https:\/\/www.swissraft.ch\/de\/\",\"logo\":{\"@type\":\"ImageObject\",\"inLanguage\":\"de\",\"@id\":\"https:\/\/www.swissraft.ch\/de\/#\/schema\/logo\/image\/\",\"url\":\"https:\/\/www.swissraft.ch\/wp-content\/uploads\/2025\/09\/Capture.jpg\",\"contentUrl\":\"https:\/\/www.swissraft.ch\/wp-content\/uploads\/2025\/09\/Capture.jpg\",\"width\":293,\"height\":108,\"caption\":\"Swissraft\"},\"image\":{\"@id\":\"https:\/\/www.swissraft.ch\/de\/#\/schema\/logo\/image\/\"}}]}<\/script>\n<!-- \/ Yoast SEO plugin. -->","yoast_head_json":{"title":"Schulausflug Bremgarten-Mellingen auf der Reuss","description":"Schulausflug Bremgarten-Mellingen auf der Reuss. Ein Weg, der den Schulen und ihren Sch\u00fclern und Lehrern gef\u00e4llt.","robots":{"index":"index","follow":"follow","max-snippet":"max-snippet:-1","max-image-preview":"max-image-preview:large","max-video-preview":"max-video-preview:-1"},"canonical":"https:\/\/www.swissraft.ch\/de\/produkt\/schulreise-zentralschweiz-easy-rafting-reuss-bremgarten-mellingen\/","og_locale":"de_DE","og_type":"article","og_title":"Schulausflug Bremgarten-Mellingen auf der Reuss","og_description":"Schulausflug Bremgarten-Mellingen auf der Reuss. Ein Weg, der den Schulen und ihren Sch\u00fclern und Lehrern gef\u00e4llt.","og_url":"https:\/\/www.swissraft.ch\/de\/produkt\/schulreise-zentralschweiz-easy-rafting-reuss-bremgarten-mellingen\/","og_site_name":"Swissraft","article_modified_time":"2025-12-27T16:21:14+00:00","og_image":[{"width":776,"height":776,"url":"https:\/\/www.swissraft.ch\/wp-content\/uploads\/2023\/03\/3-2-Easy-Rafting-Bremgarten-Mellingen776x776.jpg","type":"image\/jpeg"}],"twitter_card":"summary_large_image","twitter_misc":{"Gesch\u00e4tzte Lesezeit":"1\u00a0Minute"},"schema":{"@context":"https:\/\/schema.org","@graph":[{"@type":"WebPage","@id":"https:\/\/www.swissraft.ch\/de\/produkt\/schulreise-zentralschweiz-easy-rafting-reuss-bremgarten-mellingen\/","url":"https:\/\/www.swissraft.ch\/de\/produkt\/schulreise-zentralschweiz-easy-rafting-reuss-bremgarten-mellingen\/","name":"Schulausflug Bremgarten-Mellingen auf der Reuss","isPartOf":{"@id":"https:\/\/www.swissraft.ch\/de\/#website"},"primaryImageOfPage":{"@id":"https:\/\/www.swissraft.ch\/de\/produkt\/schulreise-zentralschweiz-easy-rafting-reuss-bremgarten-mellingen\/#primaryimage"},"image":{"@id":"https:\/\/www.swissraft.ch\/de\/produkt\/schulreise-zentralschweiz-easy-rafting-reuss-bremgarten-mellingen\/#primaryimage"},"thumbnailUrl":"https:\/\/www.swissraft.ch\/wp-content\/uploads\/2023\/03\/3-2-Easy-Rafting-Bremgarten-Mellingen776x776.jpg","datePublished":"2023-03-18T23:16:18+00:00","dateModified":"2025-12-27T16:21:14+00:00","description":"Schulausflug Bremgarten-Mellingen auf der Reuss. Ein Weg, der den Schulen und ihren Sch\u00fclern und Lehrern gef\u00e4llt.","breadcrumb":{"@id":"https:\/\/www.swissraft.ch\/de\/produkt\/schulreise-zentralschweiz-easy-rafting-reuss-bremgarten-mellingen\/#breadcrumb"},"inLanguage":"de","potentialAction":[{"@type":"ReadAction","target":["https:\/\/www.swissraft.ch\/de\/produkt\/schulreise-zentralschweiz-easy-rafting-reuss-bremgarten-mellingen\/"]}]},{"@type":"ImageObject","inLanguage":"de","@id":"https:\/\/www.swissraft.ch\/de\/produkt\/schulreise-zentralschweiz-easy-rafting-reuss-bremgarten-mellingen\/#primaryimage","url":"https:\/\/www.swissraft.ch\/wp-content\/uploads\/2023\/03\/3-2-Easy-Rafting-Bremgarten-Mellingen776x776.jpg","contentUrl":"https:\/\/www.swissraft.ch\/wp-content\/uploads\/2023\/03\/3-2-Easy-Rafting-Bremgarten-Mellingen776x776.jpg","width":776,"height":776,"caption":"Easy Rafting Schulreise auf der Reuss zwischen Bremgarten und Mellingen"},{"@type":"BreadcrumbList","@id":"https:\/\/www.swissraft.ch\/de\/produkt\/schulreise-zentralschweiz-easy-rafting-reuss-bremgarten-mellingen\/#breadcrumb","itemListElement":[{"@type":"ListItem","position":1,"name":"Accueil","item":"https:\/\/www.swissraft.ch\/de\/"},{"@type":"ListItem","position":2,"name":"Shop","item":"https:\/\/www.swissraft.ch\/de\/shop\/"},{"@type":"ListItem","position":3,"name":"Schulreise &#8211; ZENTRALSCHWEIZ &#8211; EASY RAFTING &#8211; REUSS &#8211; BREMGARTEN-MELLINGEN &#8211; CHF 75.00"}]},{"@type":"WebSite","@id":"https:\/\/www.swissraft.ch\/de\/#website","url":"https:\/\/www.swissraft.ch\/de\/","name":"Swissraft","description":"To enjoy nature as it is","publisher":{"@id":"https:\/\/www.swissraft.ch\/de\/#organization"},"potentialAction":[{"@type":"SearchAction","target":{"@type":"EntryPoint","urlTemplate":"https:\/\/www.swissraft.ch\/de\/?s={search_term_string}"},"query-input":{"@type":"PropertyValueSpecification","valueRequired":true,"valueName":"search_term_string"}}],"inLanguage":"de"},{"@type":"Organization","@id":"https:\/\/www.swissraft.ch\/de\/#organization","name":"Swissraft","url":"https:\/\/www.swissraft.ch\/de\/","logo":{"@type":"ImageObject","inLanguage":"de","@id":"https:\/\/www.swissraft.ch\/de\/#\/schema\/logo\/image\/","url":"https:\/\/www.swissraft.ch\/wp-content\/uploads\/2025\/09\/Capture.jpg","contentUrl":"https:\/\/www.swissraft.ch\/wp-content\/uploads\/2025\/09\/Capture.jpg","width":293,"height":108,"caption":"Swissraft"},"image":{"@id":"https:\/\/www.swissraft.ch\/de\/#\/schema\/logo\/image\/"}}]}},"_links":{"self":[{"href":"https:\/\/www.swissraft.ch\/de\/wp-json\/wp\/v2\/product\/91415","targetHints":{"allow":["GET"]}}],"collection":[{"href":"https:\/\/www.swissraft.ch\/de\/wp-json\/wp\/v2\/product"}],"about":[{"href":"https:\/\/www.swissraft.ch\/de\/wp-json\/wp\/v2\/types\/product"}],"replies":[{"embeddable":true,"href":"https:\/\/www.swissraft.ch\/de\/wp-json\/wp\/v2\/comments?post=91415"}],"version-history":[{"count":14,"href":"https:\/\/www.swissraft.ch\/de\/wp-json\/wp\/v2\/product\/91415\/revisions"}],"predecessor-version":[{"id":125387,"href":"https:\/\/www.swissraft.ch\/de\/wp-json\/wp\/v2\/product\/91415\/revisions\/125387"}],"wp:featuredmedia":[{"embeddable":true,"href":"https:\/\/www.swissraft.ch\/de\/wp-json\/wp\/v2\/media\/90982"}],"wp:attachment":[{"href":"https:\/\/www.swissraft.ch\/de\/wp-json\/wp\/v2\/media?parent=91415"}],"wp:term":[{"taxonomy":"product_cat","embeddable":true,"href":"https:\/\/www.swissraft.ch\/de\/wp-json\/wp\/v2\/product_cat?post=91415"},{"taxonomy":"product_tag","embeddable":true,"href":"https:\/\/www.swissraft.ch\/de\/wp-json\/wp\/v2\/product_tag?post=91415"}],"curies":[{"name":"wp","href":"https:\/\/api.w.org\/{rel}","templated":true}]}}