{"id":91412,"date":"2023-03-11T16:08:02","date_gmt":"2023-03-11T15:08:02","guid":{"rendered":"https:\/\/swissraft.xyanzkdne.eu\/product\/segway-in-bern-ab-chf-165-00\/"},"modified":"2025-12-20T01:05:07","modified_gmt":"2025-12-20T00:05:07","slug":"segway-bern","status":"publish","type":"product","link":"https:\/\/www.swissraft.ch\/de\/produkt\/segway-bern\/","title":{"rendered":"Segway in BERN &#8211; Ab CHF 165.00"},"content":{"rendered":"\t\t<div data-elementor-type=\"wp-post\" data-elementor-id=\"91412\" class=\"elementor elementor-91412 elementor-31615\">\n\t\t\t\t\t\t\t\t\t<section class=\"elementor-section elementor-top-section elementor-element elementor-element-3303a7e3 elementor-section-boxed elementor-section-height-default elementor-section-height-default\" data-id=\"3303a7e3\" data-element_type=\"section\">\n\t\t\t\t\t\t<div class=\"elementor-container elementor-column-gap-default\">\n\t\t\t\t\t<div class=\"elementor-column elementor-col-100 elementor-top-column elementor-element elementor-element-16d72dbf\" data-id=\"16d72dbf\" data-element_type=\"column\">\n\t\t\t<div class=\"elementor-widget-wrap elementor-element-populated\">\n\t\t\t\t\t\t\t\t<div class=\"elementor-element elementor-element-d743c03 elementor-widget elementor-widget-text-editor\" data-id=\"d743c03\" data-element_type=\"widget\" data-widget_type=\"text-editor.default\">\n\t\t\t\t<div class=\"elementor-widget-container\">\n\t\t\t\t\t\t\t<h2>W\u00c4HLEN SIE UNTEN IHRE AKTIVIT\u00c4T AUS, UM GESCHENKGUTSCHEINE \/ TICKETS ZU VERSCHENKEN ODER ZU BUCHEN.<\/h2><table border=\"0\" width=\"580\" cellspacing=\"10\" cellpadding=\"10\"><tbody><tr><td width=\"50%\"><strong>SEGWAY IN BERN &#8211; PRIVATE TOUR<\/strong><\/td><td><strong>Ab CHF 165.00 pro Person<span class=\"productPrice\"><br \/><\/span><\/strong><\/td><\/tr><tr><td>Weitere Informationen<\/td><td><span class=\"patt\">&#8211; Ab 6 Pers.<br \/><\/span><span class=\"patt\">&#8211; Maximalgewicht : 120 kg<br \/>&#8211; Mindestalter : 16 Jahre<br \/>&#8211; Maximal 20 Pers.<\/span><\/td><\/tr><tr><td>Treffpunkt<\/td><td><a href=\"https:\/\/www.google.ch\/maps\/place\/46%C2%B056'26.1%22N+7%C2%B026'37.0%22E\/@46.9405448,7.4409554,385m\/data=!3m1!1e3!4m12!1m7!3m6!1s0x478e39c9ccb87c43:0xd0a9658626483b4d!2sDampfzentrale!8m2!3d46.94082!4d7.44125!16s%2Fg%2F11jdt14txq!3m3!8m2!3d46.940593!4d7.443608!5m1!1e1?hl=fr&amp;entry=ttu\" target=\"_blank\" rel=\"noopener\">Dampfzentrale, Marzili<\/a><\/td><\/tr><tr><td>Startzeiten<\/td><td>A la carte<\/td><\/tr><tr><td>Tourverlauf<\/td><td>&#8211; Das ber\u00fchmte Mattenviertel<br \/>&#8211; Der Rosengarten mit der fantastischen Aussicht auf die Stadt<br \/>&#8211; Die Altstadt mit der Kathedrale<br \/>&#8211; Der Bundesplatz<\/td><\/tr><tr><td>Besichtigung der Stadt<\/td><td>ca. 2,5 Std.<\/td><\/tr><tr><td>Gesamtdauer<\/td><td>ca. 3 Std.<\/td><\/tr><tr><td><a href=\"https:\/\/swissraft.outdoorbooking.ch\/fo\/products\/1004?base_id=168&amp;category_id=34&amp;order_type=gift_voucher&amp;lang=de\" target=\"_blank\" rel=\"noopener\"><button class=\"elementor-button\" type=\"button\">GUTSCHEIN \/ TICKET KAUFEN<\/button><\/a><\/td><td><strong>CHF 179.00<\/strong>\/Pers.<strong> (6 bis 10 Pers.) <\/strong><\/td><\/tr><tr><td><a href=\"https:\/\/swissraft.outdoorbooking.ch\/fo\/products\/gift_vouchers?base_id=168&amp;category_id=34&amp;id=2101&amp;lang=de\" target=\"_blank\" rel=\"noopener\"><button class=\"elementor-button\" type=\"button\">GUTSCHEIN \/ TICKET KAUFEN<\/button><\/a><\/td><td><strong>CHF 165.00<\/strong>\/Pers.<strong> (11 bis 20 Pers.) <\/strong><\/td><\/tr><tr><td>\u00a0<\/td><td><strong><em>WICHTIG !<\/em><\/strong><br \/><em>Um zu reservieren, rufen Sie die Nummer an, die sich oben links auf dem Gutschein \/ Ticket befindet.<\/em><\/td><\/tr><\/tbody><\/table>\t\t\t\t\t\t<\/div>\n\t\t\t\t<\/div>\n\t\t\t\t\t<\/div>\n\t\t<\/div>\n\t\t\t\t\t\t\t<\/div>\n\t\t<\/section>\n\t\t\t\t\t\t\t<\/div>\n\t\t","protected":false},"excerpt":{"rendered":"<div align=\"justify\">\n<h2 align=\"justify\">Eine Segway-Tour durch Bern ist ein Muss<\/h2>\n<h3>Der Segway ist ein umweltfreundliches Fortbewegungsmittel, das die Umwelt schont. Sie k\u00f6nnen sich in der Stadt Bern leicht fortbewegen<\/h3>\n<\/div>\n<div align=\"justify\">\n<p>Die Segway-Tour durch Bern f\u00fchrt Sie zu den historischen Sehensw\u00fcrdigkeiten der Stadt und der Altstadt. W\u00e4hrend dieses Besuchs werden Sie eine Stadt voller Charme kennen lernen. Zun\u00e4chst fahren Sie durch die Altstadt, die zum UNESCO-Weltkulturerbe geh\u00f6rt. Anschlie\u00dfend bewundern Sie den ber\u00fchmten Zytglogge, einen beeindruckenden mittelalterlichen Uhrenturm. Anschlie\u00dfend fahren Sie entlang der Aare, einem Fluss mit kristallklarem Wasser. Au\u00dferdem k\u00f6nnen Sie mit dem Segway die gepflasterten Stra\u00dfen mit Leichtigkeit erkunden.<br \/>\nDanach fahren Sie am Bundeshaus vorbei, dem Zentrum der Schweizer Politik. Der Rundgang geht weiter zum Rosengarten, der einen Panoramablick auf die Stadt bietet. Zusammenfassend l\u00e4sst sich sagen, dass es eine lohnende und unvergessliche Erfahrung ist, Bern mit dem Segway zu erkunden.<\/p>\n<h3>Neben Bern bieten wir Ihnen auch in vielen anderen St\u00e4dten der Schweiz Segway-Touren an.<\/h3>\n<p id=\"textarea\" style=\"display: none;\">\nIm Tessin mit einem Besuch von Ascona und Umgebung, zum Beispiel. Aber auch die St\u00e4dte Basel, Z\u00fcrich, Genf oder Interlaken im Berner Oberland und viele andere.\n<\/p>\n<p><a id=\"seeMore\" onclick=\"toggleSeeMore()\" href=\"javascript:void(0);\">Lesen Sie mehr<\/a><\/p>\n","protected":false},"featured_media":90613,"comment_status":"open","ping_status":"closed","template":"","meta":{"inline_featured_image":false,"_mi_skip_tracking":false},"product_cat":[324],"product_tag":[],"class_list":["post-91412","product","type-product","status-publish","has-post-thumbnail","hentry","product_cat-segway-ebike-schweiz"],"yoast_head":"<!-- This site is optimized with the Yoast SEO plugin v23.6 - https:\/\/yoast.com\/wordpress\/plugins\/seo\/ -->\n<title>Segway - Bern f\u00fcr eine Stadtbesichtigung der anderen Art<\/title>\n<meta name=\"description\" content=\"Segway in Bern f\u00fcr einen Besuch der Stadt auf eine andere Art und Weise. Dieses Fahrzeug ist umweltfreundlich. Gruppen bis zu 20 Pers.\" \/>\n<meta name=\"robots\" content=\"index, follow, max-snippet:-1, max-image-preview:large, max-video-preview:-1\" \/>\n<link rel=\"canonical\" href=\"https:\/\/www.swissraft.ch\/de\/produkt\/segway-bern\/\" \/>\n<meta property=\"og:locale\" content=\"de_DE\" \/>\n<meta property=\"og:type\" content=\"article\" \/>\n<meta property=\"og:title\" content=\"Segway - Bern f\u00fcr eine Stadtbesichtigung der anderen Art\" \/>\n<meta property=\"og:description\" content=\"Segway in Bern f\u00fcr einen Besuch der Stadt auf eine andere Art und Weise. Dieses Fahrzeug ist umweltfreundlich. Gruppen bis zu 20 Pers.\" \/>\n<meta property=\"og:url\" content=\"https:\/\/www.swissraft.ch\/de\/produkt\/segway-bern\/\" \/>\n<meta property=\"og:site_name\" content=\"Swissraft\" \/>\n<meta property=\"article:modified_time\" content=\"2025-12-20T00:05:07+00:00\" \/>\n<meta property=\"og:image\" content=\"https:\/\/www.swissraft.ch\/wp-content\/uploads\/2023\/03\/1-1-SEGWAY-BERN-776X776.jpg\" \/>\n\t<meta property=\"og:image:width\" content=\"776\" \/>\n\t<meta property=\"og:image:height\" content=\"776\" \/>\n\t<meta property=\"og:image:type\" content=\"image\/jpeg\" \/>\n<meta name=\"twitter:card\" content=\"summary_large_image\" \/>\n<meta name=\"twitter:label1\" content=\"Gesch\u00e4tzte Lesezeit\" \/>\n\t<meta name=\"twitter:data1\" content=\"1\u00a0Minute\" \/>\n<script type=\"application\/ld+json\" class=\"yoast-schema-graph\">{\"@context\":\"https:\/\/schema.org\",\"@graph\":[{\"@type\":\"WebPage\",\"@id\":\"https:\/\/www.swissraft.ch\/de\/produkt\/segway-bern\/\",\"url\":\"https:\/\/www.swissraft.ch\/de\/produkt\/segway-bern\/\",\"name\":\"Segway - Bern f\u00fcr eine Stadtbesichtigung der anderen Art\",\"isPartOf\":{\"@id\":\"https:\/\/www.swissraft.ch\/de\/#website\"},\"primaryImageOfPage\":{\"@id\":\"https:\/\/www.swissraft.ch\/de\/produkt\/segway-bern\/#primaryimage\"},\"image\":{\"@id\":\"https:\/\/www.swissraft.ch\/de\/produkt\/segway-bern\/#primaryimage\"},\"thumbnailUrl\":\"https:\/\/www.swissraft.ch\/wp-content\/uploads\/2023\/03\/1-1-SEGWAY-BERN-776X776.jpg\",\"datePublished\":\"2023-03-11T15:08:02+00:00\",\"dateModified\":\"2025-12-20T00:05:07+00:00\",\"description\":\"Segway in Bern f\u00fcr einen Besuch der Stadt auf eine andere Art und Weise. Dieses Fahrzeug ist umweltfreundlich. Gruppen bis zu 20 Pers.\",\"breadcrumb\":{\"@id\":\"https:\/\/www.swissraft.ch\/de\/produkt\/segway-bern\/#breadcrumb\"},\"inLanguage\":\"de\",\"potentialAction\":[{\"@type\":\"ReadAction\",\"target\":[\"https:\/\/www.swissraft.ch\/de\/produkt\/segway-bern\/\"]}]},{\"@type\":\"ImageObject\",\"inLanguage\":\"de\",\"@id\":\"https:\/\/www.swissraft.ch\/de\/produkt\/segway-bern\/#primaryimage\",\"url\":\"https:\/\/www.swissraft.ch\/wp-content\/uploads\/2023\/03\/1-1-SEGWAY-BERN-776X776.jpg\",\"contentUrl\":\"https:\/\/www.swissraft.ch\/wp-content\/uploads\/2023\/03\/1-1-SEGWAY-BERN-776X776.jpg\",\"width\":776,\"height\":776,\"caption\":\"Segway in Bern\"},{\"@type\":\"BreadcrumbList\",\"@id\":\"https:\/\/www.swissraft.ch\/de\/produkt\/segway-bern\/#breadcrumb\",\"itemListElement\":[{\"@type\":\"ListItem\",\"position\":1,\"name\":\"Accueil\",\"item\":\"https:\/\/www.swissraft.ch\/de\/\"},{\"@type\":\"ListItem\",\"position\":2,\"name\":\"Shop\",\"item\":\"https:\/\/www.swissraft.ch\/de\/shop\/\"},{\"@type\":\"ListItem\",\"position\":3,\"name\":\"Segway in BERN &#8211; Ab CHF 165.00\"}]},{\"@type\":\"WebSite\",\"@id\":\"https:\/\/www.swissraft.ch\/de\/#website\",\"url\":\"https:\/\/www.swissraft.ch\/de\/\",\"name\":\"Swissraft\",\"description\":\"To enjoy nature as it is\",\"publisher\":{\"@id\":\"https:\/\/www.swissraft.ch\/de\/#organization\"},\"potentialAction\":[{\"@type\":\"SearchAction\",\"target\":{\"@type\":\"EntryPoint\",\"urlTemplate\":\"https:\/\/www.swissraft.ch\/de\/?s={search_term_string}\"},\"query-input\":{\"@type\":\"PropertyValueSpecification\",\"valueRequired\":true,\"valueName\":\"search_term_string\"}}],\"inLanguage\":\"de\"},{\"@type\":\"Organization\",\"@id\":\"https:\/\/www.swissraft.ch\/de\/#organization\",\"name\":\"Swissraft\",\"url\":\"https:\/\/www.swissraft.ch\/de\/\",\"logo\":{\"@type\":\"ImageObject\",\"inLanguage\":\"de\",\"@id\":\"https:\/\/www.swissraft.ch\/de\/#\/schema\/logo\/image\/\",\"url\":\"https:\/\/www.swissraft.ch\/wp-content\/uploads\/2025\/09\/Capture.jpg\",\"contentUrl\":\"https:\/\/www.swissraft.ch\/wp-content\/uploads\/2025\/09\/Capture.jpg\",\"width\":293,\"height\":108,\"caption\":\"Swissraft\"},\"image\":{\"@id\":\"https:\/\/www.swissraft.ch\/de\/#\/schema\/logo\/image\/\"}}]}<\/script>\n<!-- \/ Yoast SEO plugin. -->","yoast_head_json":{"title":"Segway - Bern f\u00fcr eine Stadtbesichtigung der anderen Art","description":"Segway in Bern f\u00fcr einen Besuch der Stadt auf eine andere Art und Weise. Dieses Fahrzeug ist umweltfreundlich. Gruppen bis zu 20 Pers.","robots":{"index":"index","follow":"follow","max-snippet":"max-snippet:-1","max-image-preview":"max-image-preview:large","max-video-preview":"max-video-preview:-1"},"canonical":"https:\/\/www.swissraft.ch\/de\/produkt\/segway-bern\/","og_locale":"de_DE","og_type":"article","og_title":"Segway - Bern f\u00fcr eine Stadtbesichtigung der anderen Art","og_description":"Segway in Bern f\u00fcr einen Besuch der Stadt auf eine andere Art und Weise. Dieses Fahrzeug ist umweltfreundlich. Gruppen bis zu 20 Pers.","og_url":"https:\/\/www.swissraft.ch\/de\/produkt\/segway-bern\/","og_site_name":"Swissraft","article_modified_time":"2025-12-20T00:05:07+00:00","og_image":[{"width":776,"height":776,"url":"https:\/\/www.swissraft.ch\/wp-content\/uploads\/2023\/03\/1-1-SEGWAY-BERN-776X776.jpg","type":"image\/jpeg"}],"twitter_card":"summary_large_image","twitter_misc":{"Gesch\u00e4tzte Lesezeit":"1\u00a0Minute"},"schema":{"@context":"https:\/\/schema.org","@graph":[{"@type":"WebPage","@id":"https:\/\/www.swissraft.ch\/de\/produkt\/segway-bern\/","url":"https:\/\/www.swissraft.ch\/de\/produkt\/segway-bern\/","name":"Segway - Bern f\u00fcr eine Stadtbesichtigung der anderen Art","isPartOf":{"@id":"https:\/\/www.swissraft.ch\/de\/#website"},"primaryImageOfPage":{"@id":"https:\/\/www.swissraft.ch\/de\/produkt\/segway-bern\/#primaryimage"},"image":{"@id":"https:\/\/www.swissraft.ch\/de\/produkt\/segway-bern\/#primaryimage"},"thumbnailUrl":"https:\/\/www.swissraft.ch\/wp-content\/uploads\/2023\/03\/1-1-SEGWAY-BERN-776X776.jpg","datePublished":"2023-03-11T15:08:02+00:00","dateModified":"2025-12-20T00:05:07+00:00","description":"Segway in Bern f\u00fcr einen Besuch der Stadt auf eine andere Art und Weise. Dieses Fahrzeug ist umweltfreundlich. Gruppen bis zu 20 Pers.","breadcrumb":{"@id":"https:\/\/www.swissraft.ch\/de\/produkt\/segway-bern\/#breadcrumb"},"inLanguage":"de","potentialAction":[{"@type":"ReadAction","target":["https:\/\/www.swissraft.ch\/de\/produkt\/segway-bern\/"]}]},{"@type":"ImageObject","inLanguage":"de","@id":"https:\/\/www.swissraft.ch\/de\/produkt\/segway-bern\/#primaryimage","url":"https:\/\/www.swissraft.ch\/wp-content\/uploads\/2023\/03\/1-1-SEGWAY-BERN-776X776.jpg","contentUrl":"https:\/\/www.swissraft.ch\/wp-content\/uploads\/2023\/03\/1-1-SEGWAY-BERN-776X776.jpg","width":776,"height":776,"caption":"Segway in Bern"},{"@type":"BreadcrumbList","@id":"https:\/\/www.swissraft.ch\/de\/produkt\/segway-bern\/#breadcrumb","itemListElement":[{"@type":"ListItem","position":1,"name":"Accueil","item":"https:\/\/www.swissraft.ch\/de\/"},{"@type":"ListItem","position":2,"name":"Shop","item":"https:\/\/www.swissraft.ch\/de\/shop\/"},{"@type":"ListItem","position":3,"name":"Segway in BERN &#8211; Ab CHF 165.00"}]},{"@type":"WebSite","@id":"https:\/\/www.swissraft.ch\/de\/#website","url":"https:\/\/www.swissraft.ch\/de\/","name":"Swissraft","description":"To enjoy nature as it is","publisher":{"@id":"https:\/\/www.swissraft.ch\/de\/#organization"},"potentialAction":[{"@type":"SearchAction","target":{"@type":"EntryPoint","urlTemplate":"https:\/\/www.swissraft.ch\/de\/?s={search_term_string}"},"query-input":{"@type":"PropertyValueSpecification","valueRequired":true,"valueName":"search_term_string"}}],"inLanguage":"de"},{"@type":"Organization","@id":"https:\/\/www.swissraft.ch\/de\/#organization","name":"Swissraft","url":"https:\/\/www.swissraft.ch\/de\/","logo":{"@type":"ImageObject","inLanguage":"de","@id":"https:\/\/www.swissraft.ch\/de\/#\/schema\/logo\/image\/","url":"https:\/\/www.swissraft.ch\/wp-content\/uploads\/2025\/09\/Capture.jpg","contentUrl":"https:\/\/www.swissraft.ch\/wp-content\/uploads\/2025\/09\/Capture.jpg","width":293,"height":108,"caption":"Swissraft"},"image":{"@id":"https:\/\/www.swissraft.ch\/de\/#\/schema\/logo\/image\/"}}]}},"_links":{"self":[{"href":"https:\/\/www.swissraft.ch\/de\/wp-json\/wp\/v2\/product\/91412","targetHints":{"allow":["GET"]}}],"collection":[{"href":"https:\/\/www.swissraft.ch\/de\/wp-json\/wp\/v2\/product"}],"about":[{"href":"https:\/\/www.swissraft.ch\/de\/wp-json\/wp\/v2\/types\/product"}],"replies":[{"embeddable":true,"href":"https:\/\/www.swissraft.ch\/de\/wp-json\/wp\/v2\/comments?post=91412"}],"version-history":[{"count":6,"href":"https:\/\/www.swissraft.ch\/de\/wp-json\/wp\/v2\/product\/91412\/revisions"}],"predecessor-version":[{"id":124598,"href":"https:\/\/www.swissraft.ch\/de\/wp-json\/wp\/v2\/product\/91412\/revisions\/124598"}],"wp:featuredmedia":[{"embeddable":true,"href":"https:\/\/www.swissraft.ch\/de\/wp-json\/wp\/v2\/media\/90613"}],"wp:attachment":[{"href":"https:\/\/www.swissraft.ch\/de\/wp-json\/wp\/v2\/media?parent=91412"}],"wp:term":[{"taxonomy":"product_cat","embeddable":true,"href":"https:\/\/www.swissraft.ch\/de\/wp-json\/wp\/v2\/product_cat?post=91412"},{"taxonomy":"product_tag","embeddable":true,"href":"https:\/\/www.swissraft.ch\/de\/wp-json\/wp\/v2\/product_tag?post=91412"}],"curies":[{"name":"wp","href":"https:\/\/api.w.org\/{rel}","templated":true}]}}