{"id":91411,"date":"2023-03-18T23:50:39","date_gmt":"2023-03-18T22:50:39","guid":{"rendered":"https:\/\/swissraft.xyanzkdne.eu\/product\/schulreise-in-der-zentralschweiz-easy-rafting-reuss-bremgarten-gebenstorf-chf-89-00\/"},"modified":"2025-12-27T17:32:44","modified_gmt":"2025-12-27T16:32:44","slug":"schulreise-easy-rafting-bremgarten-gebenstorf","status":"publish","type":"product","link":"https:\/\/www.swissraft.ch\/de\/produkt\/schulreise-easy-rafting-bremgarten-gebenstorf\/","title":{"rendered":"Schulreise &#8211; ZENTRALSCHWEIZ &#8211; EASY RAFTING &#8211; REUSS &#8211; BREMGARTEN-GEBENSTORF &#8211; CHF 99.00"},"content":{"rendered":"\t\t<div data-elementor-type=\"wp-post\" data-elementor-id=\"91411\" class=\"elementor elementor-91411 elementor-31658\">\n\t\t\t\t\t\t\t\t\t<section class=\"elementor-section elementor-top-section elementor-element elementor-element-3303a7e3 elementor-section-boxed elementor-section-height-default elementor-section-height-default\" data-id=\"3303a7e3\" data-element_type=\"section\">\n\t\t\t\t\t\t<div class=\"elementor-container elementor-column-gap-default\">\n\t\t\t\t\t<div class=\"elementor-column elementor-col-100 elementor-top-column elementor-element elementor-element-16d72dbf\" data-id=\"16d72dbf\" data-element_type=\"column\">\n\t\t\t<div class=\"elementor-widget-wrap elementor-element-populated\">\n\t\t\t\t\t\t\t\t<div class=\"elementor-element elementor-element-d743c03 elementor-widget elementor-widget-text-editor\" data-id=\"d743c03\" data-element_type=\"widget\" data-widget_type=\"text-editor.default\">\n\t\t\t\t<div class=\"elementor-widget-container\">\n\t\t\t\t\t\t\t<h2>W\u00c4HLEN SIE UNTEN IHRE AKTIVIT\u00c4T AUS, UM GESCHENKGUTSCHEINE \/ TICKETS ZU VERSCHENKEN ODER ZU BUCHEN.<\/h2><table border=\"0\" width=\"580\" cellspacing=\"10\" cellpadding=\"10\"><tbody><tr><td width=\"50%\"><strong>SCHULAUSFLUG &#8211; EASY RAFTING &#8211; REUSS &#8211; BREMGARTEN-GEBENSTORF + Eigenes Picknick<\/strong><\/td><td><strong>CHF 99.00 pro Sch\u00fcler<span class=\"productPrice\"><br \/><\/span><\/strong><\/td><\/tr><tr><td>Zus\u00e4tzliche Informationen<\/td><td>&#8211;<span class=\"patt\"> Mindestalter 10 Jahre<br \/><\/span>&#8211; Begleitperson f\u00fcr Erwachsene erforderlich<br \/>&#8211; Minimum 15 Pers.<\/td><\/tr><tr><td>Strecke<\/td><td><strong>Bremgarten-Gebenstorf<\/strong><\/td><\/tr><tr><td>Startzeit<\/td><td>10h00<\/td><\/tr><tr><td>Easy Rafting oder Fun Rafting<\/td><td>ca. 4,5 Std.<\/td><\/tr><tr><td>Gesamtdauer<\/td><td>ca. 6,5 Std.<\/td><\/tr><tr><td>Treffpunkt<\/td><td><a href=\"https:\/\/www.google.com\/maps\/place\/47%C2%B021'03.6%22N+8%C2%B020'16.7%22E\/@47.3510945,8.3357513,382m\/data=!3m1!1e3!4m4!3m3!8m2!3d47.351!4d8.3379722?entry=ttu&amp;g_ep=EgoyMDI0MDkyMi4wIKXMDSoASAFQAw%3D%3D\" target=\"_blank\" rel=\"noopener\">Bremgarten<\/a><\/td><\/tr><tr><td>Schwierigkeitsgrad<\/td><td>1<\/td><\/tr><tr><td>\u00a0<\/td><td>Um zu buchen : <a href=\"https:\/\/www.swissraft.ch\/de\/kontakt\/\">Kontaktieren Sie uns<\/a><\/td><\/tr><\/tbody><\/table>\t\t\t\t\t\t<\/div>\n\t\t\t\t<\/div>\n\t\t\t\t\t<\/div>\n\t\t<\/div>\n\t\t\t\t\t\t\t<\/div>\n\t\t<\/section>\n\t\t\t\t\t\t\t<\/div>\n\t\t","protected":false},"excerpt":{"rendered":"<div align=\"justify\">\n<h2 align=\"justify\">25 km Easy Rafting zwischen Bremgarten und Gebenstorf auf der Reuss<\/h2>\n<h3>W\u00e4hrend der Fahrt machen Sie eine Picknickpause. Ihr Schulausflug wird ein voller Erfolg <\/h3>\n<\/div>\n<div align=\"justify\">\n<p>Ihr Lehrer beschlie\u00dft, einen Tag Easy Rafting f\u00fcr Ihre Sommerschulfahrt zu organisieren. Die 25 km lange Strecke auf der Reuss, unterbrochen von einer Picknickpause, l\u00e4sst ein sch\u00f6nes Abenteuer erwarten. Nach einem ausf\u00fchrlichen Sicherheitsbriefing gehen Sie an Bord Ihrer aufblasbaren Boote. Die Str\u00f6mung ist nicht stark und f\u00fchrt Sie in ein Abenteuer. Manchmal segeln Sie auf ruhigeren Abschnitten und genie\u00dfen die nat\u00fcrliche Sch\u00f6nheit um Sie herum. Nach mehreren Kilometern machen Sie eine wohlverdiente Pause am Ufer. Jeder bringt sein Picknick mit und genie\u00dft einen geselligen Moment. Lachen und Diskussionen haben die Luft erf\u00fcllt, w\u00e4hrend Sie sich st\u00e4rken. Nach dieser Pause fahren Sie weiter auf der Reuss, wo einige Stromschnellen f\u00fcr einen Adrenalinschub sorgen. Schlie\u00dflich kommen Sie gl\u00fccklich und ein wenig m\u00fcde in <a href=\"https:\/\/fr.wikipedia.org\/wiki\/Gebenstorf\" target=\"_blank\" rel=\"noopener\">Gebenstorf<\/a> an. Dieser unvergessliche Tag st\u00e4rkt Ihren Teamgeist und schafft wertvolle Erinnerungen.<\/p>\n<h3>F\u00fcr Klassenfahrten und Schulausfl\u00fcge hat sich Swissraft auf die Betreuung von Sch\u00fclern aller Altersgruppen spezialisiert und bietet Ihnen die passenden Strecken an.<\/h3>\n<p id=\"textarea\" style=\"display: none;\">\nEbenfalls auf der Reuss bieten wir 5 weitere Strecken an. Ebenso auf der Aare zwischen den St\u00e4dten Thun und Bern eine Fahrt mit dem Wasser.<br \/>\nAu\u00dferdem machen wir im Wallis Easy Rafting oder Fun Rafting auf der Rhone zwischen Chippis L\u00e9onard. Swissraft bietet auch Fun Rafting auf der Saane zwischen Gstaad im Saanenland und Rougement im Pays d&#8217;Enhaut an. Au\u00dferdem bieten wir auf dem Rhein 2 Strecken an: von Schaffhausen nach Rheinau und von Schaffhausen nach Rudlingen eine Tagestour, beide unterhalb des Rheinfalls. Weiter s\u00fcdlich im Tessin bieten wir eine Strecke auf dem Ticino zwischen Cresciano und Bellinzona an. Wenn Sie eine sportlichere Route w\u00fcnschen, die auch f\u00fcr Klassenfahrten geeignet ist, sollten Sie sich f\u00fcr eine Rafting-Tour entscheiden. Zum Beispiel auf dem Rhein in Graub\u00fcnden, eine herrliche Fahrt durch den Swiss Grand Canyon. Aber auch im Pays d&#8217;Enhaut an der Saane. Wir machen auch Riverrafting auf der Simme von Boltigen aus und auf der Lutschine von Interlaken im Berner Oberland aus. Im Wallis fahren wir auf drei Fl\u00fcssen, n\u00e4mlich der Rh\u00f4ne, der Visp und der Dranse de Bagnes.\n<\/p>\n<p><a id=\"seeMore\" onclick=\"toggleSeeMore()\" href=\"javascript:void(0);\">Lesen Sie mehr<\/a><\/p>\n","protected":false},"featured_media":90994,"comment_status":"open","ping_status":"closed","template":"","meta":{"inline_featured_image":false,"_mi_skip_tracking":false},"product_cat":[275,634,276],"product_tag":[],"class_list":["post-91411","product","type-product","status-publish","has-post-thumbnail","hentry","product_cat-gruppen","product_cat-schulreise-easy-rafting-in-der-schweiz","product_cat-schulreise-klassenausflug"],"yoast_head":"<!-- This site is optimized with the Yoast SEO plugin v23.6 - https:\/\/yoast.com\/wordpress\/plugins\/seo\/ -->\n<title>Easy-Rafting-Schulreise Bremgarten-Gebenstorf auf der Reuss<\/title>\n<meta name=\"description\" content=\"Easy-Rafting-Schulreise Bremgarten-Gebenstorf auf der Reuss. 25 km lange Strecke, auf der Sie einen Tag lang Easy Rafting auf der Reuss betreiben werden.\" \/>\n<meta name=\"robots\" content=\"index, follow, max-snippet:-1, max-image-preview:large, max-video-preview:-1\" \/>\n<link rel=\"canonical\" href=\"https:\/\/www.swissraft.ch\/de\/produkt\/schulreise-easy-rafting-bremgarten-gebenstorf\/\" \/>\n<meta property=\"og:locale\" content=\"de_DE\" \/>\n<meta property=\"og:type\" content=\"article\" \/>\n<meta property=\"og:title\" content=\"Easy-Rafting-Schulreise Bremgarten-Gebenstorf auf der Reuss\" \/>\n<meta property=\"og:description\" content=\"Easy-Rafting-Schulreise Bremgarten-Gebenstorf auf der Reuss. 25 km lange Strecke, auf der Sie einen Tag lang Easy Rafting auf der Reuss betreiben werden.\" \/>\n<meta property=\"og:url\" content=\"https:\/\/www.swissraft.ch\/de\/produkt\/schulreise-easy-rafting-bremgarten-gebenstorf\/\" \/>\n<meta property=\"og:site_name\" content=\"Swissraft\" \/>\n<meta property=\"article:modified_time\" content=\"2025-12-27T16:32:44+00:00\" \/>\n<meta property=\"og:image\" content=\"https:\/\/www.swissraft.ch\/wp-content\/uploads\/2023\/03\/3-4-Easy-Rafting-Bremgarten-Gebenstorf-776x776-1.jpg\" \/>\n\t<meta property=\"og:image:width\" content=\"776\" \/>\n\t<meta property=\"og:image:height\" content=\"776\" \/>\n\t<meta property=\"og:image:type\" content=\"image\/jpeg\" \/>\n<meta name=\"twitter:card\" content=\"summary_large_image\" \/>\n<meta name=\"twitter:label1\" content=\"Gesch\u00e4tzte Lesezeit\" \/>\n\t<meta name=\"twitter:data1\" content=\"1\u00a0Minute\" \/>\n<script type=\"application\/ld+json\" class=\"yoast-schema-graph\">{\"@context\":\"https:\/\/schema.org\",\"@graph\":[{\"@type\":\"WebPage\",\"@id\":\"https:\/\/www.swissraft.ch\/de\/produkt\/schulreise-easy-rafting-bremgarten-gebenstorf\/\",\"url\":\"https:\/\/www.swissraft.ch\/de\/produkt\/schulreise-easy-rafting-bremgarten-gebenstorf\/\",\"name\":\"Easy-Rafting-Schulreise Bremgarten-Gebenstorf auf der Reuss\",\"isPartOf\":{\"@id\":\"https:\/\/www.swissraft.ch\/de\/#website\"},\"primaryImageOfPage\":{\"@id\":\"https:\/\/www.swissraft.ch\/de\/produkt\/schulreise-easy-rafting-bremgarten-gebenstorf\/#primaryimage\"},\"image\":{\"@id\":\"https:\/\/www.swissraft.ch\/de\/produkt\/schulreise-easy-rafting-bremgarten-gebenstorf\/#primaryimage\"},\"thumbnailUrl\":\"https:\/\/www.swissraft.ch\/wp-content\/uploads\/2023\/03\/3-4-Easy-Rafting-Bremgarten-Gebenstorf-776x776-1.jpg\",\"datePublished\":\"2023-03-18T22:50:39+00:00\",\"dateModified\":\"2025-12-27T16:32:44+00:00\",\"description\":\"Easy-Rafting-Schulreise Bremgarten-Gebenstorf auf der Reuss. 25 km lange Strecke, auf der Sie einen Tag lang Easy Rafting auf der Reuss betreiben werden.\",\"breadcrumb\":{\"@id\":\"https:\/\/www.swissraft.ch\/de\/produkt\/schulreise-easy-rafting-bremgarten-gebenstorf\/#breadcrumb\"},\"inLanguage\":\"de\",\"potentialAction\":[{\"@type\":\"ReadAction\",\"target\":[\"https:\/\/www.swissraft.ch\/de\/produkt\/schulreise-easy-rafting-bremgarten-gebenstorf\/\"]}]},{\"@type\":\"ImageObject\",\"inLanguage\":\"de\",\"@id\":\"https:\/\/www.swissraft.ch\/de\/produkt\/schulreise-easy-rafting-bremgarten-gebenstorf\/#primaryimage\",\"url\":\"https:\/\/www.swissraft.ch\/wp-content\/uploads\/2023\/03\/3-4-Easy-Rafting-Bremgarten-Gebenstorf-776x776-1.jpg\",\"contentUrl\":\"https:\/\/www.swissraft.ch\/wp-content\/uploads\/2023\/03\/3-4-Easy-Rafting-Bremgarten-Gebenstorf-776x776-1.jpg\",\"width\":776,\"height\":776,\"caption\":\"Schulreise easy rafting auf der Reuss zwischen Bremgarten und Gebenstorf\"},{\"@type\":\"BreadcrumbList\",\"@id\":\"https:\/\/www.swissraft.ch\/de\/produkt\/schulreise-easy-rafting-bremgarten-gebenstorf\/#breadcrumb\",\"itemListElement\":[{\"@type\":\"ListItem\",\"position\":1,\"name\":\"Accueil\",\"item\":\"https:\/\/www.swissraft.ch\/de\/\"},{\"@type\":\"ListItem\",\"position\":2,\"name\":\"Shop\",\"item\":\"https:\/\/www.swissraft.ch\/de\/shop\/\"},{\"@type\":\"ListItem\",\"position\":3,\"name\":\"Schulreise &#8211; ZENTRALSCHWEIZ &#8211; EASY RAFTING &#8211; REUSS &#8211; BREMGARTEN-GEBENSTORF &#8211; CHF 99.00\"}]},{\"@type\":\"WebSite\",\"@id\":\"https:\/\/www.swissraft.ch\/de\/#website\",\"url\":\"https:\/\/www.swissraft.ch\/de\/\",\"name\":\"Swissraft\",\"description\":\"To enjoy nature as it is\",\"publisher\":{\"@id\":\"https:\/\/www.swissraft.ch\/de\/#organization\"},\"potentialAction\":[{\"@type\":\"SearchAction\",\"target\":{\"@type\":\"EntryPoint\",\"urlTemplate\":\"https:\/\/www.swissraft.ch\/de\/?s={search_term_string}\"},\"query-input\":{\"@type\":\"PropertyValueSpecification\",\"valueRequired\":true,\"valueName\":\"search_term_string\"}}],\"inLanguage\":\"de\"},{\"@type\":\"Organization\",\"@id\":\"https:\/\/www.swissraft.ch\/de\/#organization\",\"name\":\"Swissraft\",\"url\":\"https:\/\/www.swissraft.ch\/de\/\",\"logo\":{\"@type\":\"ImageObject\",\"inLanguage\":\"de\",\"@id\":\"https:\/\/www.swissraft.ch\/de\/#\/schema\/logo\/image\/\",\"url\":\"https:\/\/www.swissraft.ch\/wp-content\/uploads\/2025\/09\/Capture.jpg\",\"contentUrl\":\"https:\/\/www.swissraft.ch\/wp-content\/uploads\/2025\/09\/Capture.jpg\",\"width\":293,\"height\":108,\"caption\":\"Swissraft\"},\"image\":{\"@id\":\"https:\/\/www.swissraft.ch\/de\/#\/schema\/logo\/image\/\"}}]}<\/script>\n<!-- \/ Yoast SEO plugin. -->","yoast_head_json":{"title":"Easy-Rafting-Schulreise Bremgarten-Gebenstorf auf der Reuss","description":"Easy-Rafting-Schulreise Bremgarten-Gebenstorf auf der Reuss. 25 km lange Strecke, auf der Sie einen Tag lang Easy Rafting auf der Reuss betreiben werden.","robots":{"index":"index","follow":"follow","max-snippet":"max-snippet:-1","max-image-preview":"max-image-preview:large","max-video-preview":"max-video-preview:-1"},"canonical":"https:\/\/www.swissraft.ch\/de\/produkt\/schulreise-easy-rafting-bremgarten-gebenstorf\/","og_locale":"de_DE","og_type":"article","og_title":"Easy-Rafting-Schulreise Bremgarten-Gebenstorf auf der Reuss","og_description":"Easy-Rafting-Schulreise Bremgarten-Gebenstorf auf der Reuss. 25 km lange Strecke, auf der Sie einen Tag lang Easy Rafting auf der Reuss betreiben werden.","og_url":"https:\/\/www.swissraft.ch\/de\/produkt\/schulreise-easy-rafting-bremgarten-gebenstorf\/","og_site_name":"Swissraft","article_modified_time":"2025-12-27T16:32:44+00:00","og_image":[{"width":776,"height":776,"url":"https:\/\/www.swissraft.ch\/wp-content\/uploads\/2023\/03\/3-4-Easy-Rafting-Bremgarten-Gebenstorf-776x776-1.jpg","type":"image\/jpeg"}],"twitter_card":"summary_large_image","twitter_misc":{"Gesch\u00e4tzte Lesezeit":"1\u00a0Minute"},"schema":{"@context":"https:\/\/schema.org","@graph":[{"@type":"WebPage","@id":"https:\/\/www.swissraft.ch\/de\/produkt\/schulreise-easy-rafting-bremgarten-gebenstorf\/","url":"https:\/\/www.swissraft.ch\/de\/produkt\/schulreise-easy-rafting-bremgarten-gebenstorf\/","name":"Easy-Rafting-Schulreise Bremgarten-Gebenstorf auf der Reuss","isPartOf":{"@id":"https:\/\/www.swissraft.ch\/de\/#website"},"primaryImageOfPage":{"@id":"https:\/\/www.swissraft.ch\/de\/produkt\/schulreise-easy-rafting-bremgarten-gebenstorf\/#primaryimage"},"image":{"@id":"https:\/\/www.swissraft.ch\/de\/produkt\/schulreise-easy-rafting-bremgarten-gebenstorf\/#primaryimage"},"thumbnailUrl":"https:\/\/www.swissraft.ch\/wp-content\/uploads\/2023\/03\/3-4-Easy-Rafting-Bremgarten-Gebenstorf-776x776-1.jpg","datePublished":"2023-03-18T22:50:39+00:00","dateModified":"2025-12-27T16:32:44+00:00","description":"Easy-Rafting-Schulreise Bremgarten-Gebenstorf auf der Reuss. 25 km lange Strecke, auf der Sie einen Tag lang Easy Rafting auf der Reuss betreiben werden.","breadcrumb":{"@id":"https:\/\/www.swissraft.ch\/de\/produkt\/schulreise-easy-rafting-bremgarten-gebenstorf\/#breadcrumb"},"inLanguage":"de","potentialAction":[{"@type":"ReadAction","target":["https:\/\/www.swissraft.ch\/de\/produkt\/schulreise-easy-rafting-bremgarten-gebenstorf\/"]}]},{"@type":"ImageObject","inLanguage":"de","@id":"https:\/\/www.swissraft.ch\/de\/produkt\/schulreise-easy-rafting-bremgarten-gebenstorf\/#primaryimage","url":"https:\/\/www.swissraft.ch\/wp-content\/uploads\/2023\/03\/3-4-Easy-Rafting-Bremgarten-Gebenstorf-776x776-1.jpg","contentUrl":"https:\/\/www.swissraft.ch\/wp-content\/uploads\/2023\/03\/3-4-Easy-Rafting-Bremgarten-Gebenstorf-776x776-1.jpg","width":776,"height":776,"caption":"Schulreise easy rafting auf der Reuss zwischen Bremgarten und Gebenstorf"},{"@type":"BreadcrumbList","@id":"https:\/\/www.swissraft.ch\/de\/produkt\/schulreise-easy-rafting-bremgarten-gebenstorf\/#breadcrumb","itemListElement":[{"@type":"ListItem","position":1,"name":"Accueil","item":"https:\/\/www.swissraft.ch\/de\/"},{"@type":"ListItem","position":2,"name":"Shop","item":"https:\/\/www.swissraft.ch\/de\/shop\/"},{"@type":"ListItem","position":3,"name":"Schulreise &#8211; ZENTRALSCHWEIZ &#8211; EASY RAFTING &#8211; REUSS &#8211; BREMGARTEN-GEBENSTORF &#8211; CHF 99.00"}]},{"@type":"WebSite","@id":"https:\/\/www.swissraft.ch\/de\/#website","url":"https:\/\/www.swissraft.ch\/de\/","name":"Swissraft","description":"To enjoy nature as it is","publisher":{"@id":"https:\/\/www.swissraft.ch\/de\/#organization"},"potentialAction":[{"@type":"SearchAction","target":{"@type":"EntryPoint","urlTemplate":"https:\/\/www.swissraft.ch\/de\/?s={search_term_string}"},"query-input":{"@type":"PropertyValueSpecification","valueRequired":true,"valueName":"search_term_string"}}],"inLanguage":"de"},{"@type":"Organization","@id":"https:\/\/www.swissraft.ch\/de\/#organization","name":"Swissraft","url":"https:\/\/www.swissraft.ch\/de\/","logo":{"@type":"ImageObject","inLanguage":"de","@id":"https:\/\/www.swissraft.ch\/de\/#\/schema\/logo\/image\/","url":"https:\/\/www.swissraft.ch\/wp-content\/uploads\/2025\/09\/Capture.jpg","contentUrl":"https:\/\/www.swissraft.ch\/wp-content\/uploads\/2025\/09\/Capture.jpg","width":293,"height":108,"caption":"Swissraft"},"image":{"@id":"https:\/\/www.swissraft.ch\/de\/#\/schema\/logo\/image\/"}}]}},"_links":{"self":[{"href":"https:\/\/www.swissraft.ch\/de\/wp-json\/wp\/v2\/product\/91411","targetHints":{"allow":["GET"]}}],"collection":[{"href":"https:\/\/www.swissraft.ch\/de\/wp-json\/wp\/v2\/product"}],"about":[{"href":"https:\/\/www.swissraft.ch\/de\/wp-json\/wp\/v2\/types\/product"}],"replies":[{"embeddable":true,"href":"https:\/\/www.swissraft.ch\/de\/wp-json\/wp\/v2\/comments?post=91411"}],"version-history":[{"count":26,"href":"https:\/\/www.swissraft.ch\/de\/wp-json\/wp\/v2\/product\/91411\/revisions"}],"predecessor-version":[{"id":125383,"href":"https:\/\/www.swissraft.ch\/de\/wp-json\/wp\/v2\/product\/91411\/revisions\/125383"}],"wp:featuredmedia":[{"embeddable":true,"href":"https:\/\/www.swissraft.ch\/de\/wp-json\/wp\/v2\/media\/90994"}],"wp:attachment":[{"href":"https:\/\/www.swissraft.ch\/de\/wp-json\/wp\/v2\/media?parent=91411"}],"wp:term":[{"taxonomy":"product_cat","embeddable":true,"href":"https:\/\/www.swissraft.ch\/de\/wp-json\/wp\/v2\/product_cat?post=91411"},{"taxonomy":"product_tag","embeddable":true,"href":"https:\/\/www.swissraft.ch\/de\/wp-json\/wp\/v2\/product_tag?post=91411"}],"curies":[{"name":"wp","href":"https:\/\/api.w.org\/{rel}","templated":true}]}}