{"id":91408,"date":"2023-03-11T16:01:04","date_gmt":"2023-03-11T15:01:04","guid":{"rendered":"https:\/\/swissraft.xyanzkdne.eu\/product\/segway-in-tessin-ascona-ab-chf-179-00\/"},"modified":"2025-12-20T01:07:02","modified_gmt":"2025-12-20T00:07:02","slug":"segway-tessin-ascona","status":"publish","type":"product","link":"https:\/\/www.swissraft.ch\/de\/produkt\/segway-tessin-ascona\/","title":{"rendered":"Segway in TESSIN &#8211; ASCONA &#8211; Ab CHF 179.00"},"content":{"rendered":"\t\t<div data-elementor-type=\"wp-post\" data-elementor-id=\"91408\" class=\"elementor elementor-91408 elementor-31610\">\n\t\t\t\t\t\t\t\t\t<section class=\"elementor-section elementor-top-section elementor-element elementor-element-3303a7e3 elementor-section-boxed elementor-section-height-default elementor-section-height-default\" data-id=\"3303a7e3\" data-element_type=\"section\">\n\t\t\t\t\t\t<div class=\"elementor-container elementor-column-gap-default\">\n\t\t\t\t\t<div class=\"elementor-column elementor-col-100 elementor-top-column elementor-element elementor-element-16d72dbf\" data-id=\"16d72dbf\" data-element_type=\"column\">\n\t\t\t<div class=\"elementor-widget-wrap elementor-element-populated\">\n\t\t\t\t\t\t\t\t<div class=\"elementor-element elementor-element-d743c03 elementor-widget elementor-widget-text-editor\" data-id=\"d743c03\" data-element_type=\"widget\" data-widget_type=\"text-editor.default\">\n\t\t\t\t<div class=\"elementor-widget-container\">\n\t\t\t\t\t\t\t<h2>W\u00c4HLEN SIE UNTEN IHRE AKTIVIT\u00c4T AUS, UM GESCHENKGUTSCHEINE \/ TICKETS ZU VERSCHENKEN ODER ZU BUCHEN.<\/h2><table border=\"0\" width=\"580\" cellspacing=\"10\" cellpadding=\"10\"><tbody><tr><td width=\"50%\"><strong>SEGWAY IN ASCONA<\/strong><\/td><td><strong>CHF 179.00 pro Person<span class=\"productPrice\"><br \/><\/span><\/strong><\/td><\/tr><tr><td>Weitere Informationen<\/td><td><span class=\"patt\">&#8211; Ab 10 Pers.<br \/>&#8211; Sonntag bis Freitag <br \/><\/span><span class=\"patt\">&#8211; H\u00f6chstgewicht : 120 kg<br \/>&#8211; Mindestalter : 16 Jahre<br \/><\/span><span class=\"patt\">&#8211; G\u00fcltiger F\u00fchrerschein<br \/>&#8211; Maximal 20 Pers.<\/span><\/td><\/tr><tr><td>Treffpunkt<\/td><td><a href=\"https:\/\/www.google.com\/maps\/place\/46%C2%B010'08.3%22N+8%C2%B046'12.6%22E\/@46.1691071,8.7678874,391m\/data=!3m1!1e3!4m4!3m3!8m2!3d46.1689722!4d8.7701667?entry=ttu\" target=\"_blank\" rel=\"noopener\">Albergo Losone<\/a><\/td><\/tr><tr><td>Tourverlauf<\/td><td>&#8211; Altstadt von Ascona<br \/>&#8211; Platz von Ascona<br \/>&#8211; Marina von Ascona<br \/>&#8211; Delta von Ascona<\/td><\/tr><tr><td>Dauer des Rundgangs<\/td><td>ca. 2 Std.<\/td><\/tr><tr><td>Gesamtdauer<\/td><td>ca. 2,5 Std.<\/td><\/tr><tr><td><button class=\"elementor-button\" type=\"button\"><a href=\"https:\/\/swissraft.outdoorbooking.ch\/fo\/products\/757?base_id=168&amp;category_id=34&amp;order_type=gift_voucher&amp;lang=de\" target=\"_blank\" rel=\"noopener\">GUTSCHEIN \/ TICKET KAUFEN<\/a><\/button><\/td><td><strong><em>WICHTIG !<\/em><\/strong><br \/><em>Um zu reservieren, rufen Sie die Nummer an, die sich oben links auf dem Gutschein \/ Ticket befindet.<\/em><\/td><\/tr><\/tbody><\/table>\t\t\t\t\t\t<\/div>\n\t\t\t\t<\/div>\n\t\t\t\t\t<\/div>\n\t\t<\/div>\n\t\t\t\t\t\t\t<\/div>\n\t\t<\/section>\n\t\t\t\t\t\t\t<\/div>\n\t\t","protected":false},"excerpt":{"rendered":"<div align=\"justify\">\n<h2 align=\"justify\">Segway-Tour durch Ascona und Umgebung im Tessin<\/h2>\n<h3>Mit dem Segway entdecken Sie auf originelle Weise eine sehr bekannte Stadt in der Schweiz und eine der beliebtesten Regionen des Tessins.<\/h3>\n<\/div>\n<div align=\"justify\">\n<p>Von Losone aus gleiten wir auf unseren Segways anmutig dahin und nehmen jede Seebrise auf. Zun\u00e4chst fahren wir nach einigen Kurven in Ascona ein, wo uns die mediterrane Atmosph\u00e4re umgibt. Dann setzen wir unser Abenteuer fort und erreichen Locarno, wo die malerischen Gassen zu einer Erkundung einladen. Nachdem wir die wundersch\u00f6ne Landschaft wie das Delta von Ascona bewundert haben, beginnen wir allm\u00e4hlich mit der R\u00fcckfahrt zu unserem Ausgangspunkt in Losone. Aber vorher fahren wir durch Weinberge mit ihren schimmernden Trauben, die in der Sonne gl\u00e4nzen. Nach einer Fahrt von etwa 2,5 Std. kehren wir nach Losone zur\u00fcck und lassen die unvergessliche Sch\u00f6nheit des Tessins auf uns wirken.<\/p>\n<h3>Dar\u00fcber hinaus bietet Ihnen Swissraft viele St\u00e4dte, die Sie mit dem Segway erkunden k\u00f6nnen, wie Winterthur, Genf und viele andere, wenn Sie m\u00f6chten. Rufen Sie uns an und wir machen Ihnen ein Angebot nach Ihren W\u00fcnschen.<\/h3>\n<\/div>\n","protected":false},"featured_media":90226,"comment_status":"open","ping_status":"closed","template":"","meta":{"inline_featured_image":false,"_mi_skip_tracking":false},"product_cat":[271,324],"product_tag":[],"class_list":["post-91408","product","type-product","status-publish","has-post-thumbnail","hentry","product_cat-outdoor","product_cat-segway-ebike-schweiz"],"yoast_head":"<!-- This site is optimized with the Yoast SEO plugin v23.6 - https:\/\/yoast.com\/wordpress\/plugins\/seo\/ -->\n<title>Segway - Ascona im Tessin entlang des Lago Maggiore<\/title>\n<meta name=\"description\" content=\"Segway - Ascona im Tessin entlang des Lago Maggiore. Das Dolce Vita ist hier sehr pr\u00e4sent. Das Tessin strahlt eine unvergleichliche Lebensfreude aus.\" \/>\n<meta name=\"robots\" content=\"index, follow, max-snippet:-1, max-image-preview:large, max-video-preview:-1\" \/>\n<link rel=\"canonical\" href=\"https:\/\/www.swissraft.ch\/de\/produkt\/segway-tessin-ascona\/\" \/>\n<meta property=\"og:locale\" content=\"de_DE\" \/>\n<meta property=\"og:type\" content=\"article\" \/>\n<meta property=\"og:title\" content=\"Segway - Ascona im Tessin entlang des Lago Maggiore\" \/>\n<meta property=\"og:description\" content=\"Segway - Ascona im Tessin entlang des Lago Maggiore. Das Dolce Vita ist hier sehr pr\u00e4sent. Das Tessin strahlt eine unvergleichliche Lebensfreude aus.\" \/>\n<meta property=\"og:url\" content=\"https:\/\/www.swissraft.ch\/de\/produkt\/segway-tessin-ascona\/\" \/>\n<meta property=\"og:site_name\" content=\"Swissraft\" \/>\n<meta property=\"article:modified_time\" content=\"2025-12-20T00:07:02+00:00\" \/>\n<meta property=\"og:image\" content=\"https:\/\/www.swissraft.ch\/wp-content\/uploads\/2023\/03\/1-1-Ascona-Segway-776x776-1.jpg\" \/>\n\t<meta property=\"og:image:width\" content=\"776\" \/>\n\t<meta property=\"og:image:height\" content=\"776\" \/>\n\t<meta property=\"og:image:type\" content=\"image\/jpeg\" \/>\n<meta name=\"twitter:card\" content=\"summary_large_image\" \/>\n<meta name=\"twitter:label1\" content=\"Gesch\u00e4tzte Lesezeit\" \/>\n\t<meta name=\"twitter:data1\" content=\"1\u00a0Minute\" \/>\n<script type=\"application\/ld+json\" class=\"yoast-schema-graph\">{\"@context\":\"https:\/\/schema.org\",\"@graph\":[{\"@type\":\"WebPage\",\"@id\":\"https:\/\/www.swissraft.ch\/de\/produkt\/segway-tessin-ascona\/\",\"url\":\"https:\/\/www.swissraft.ch\/de\/produkt\/segway-tessin-ascona\/\",\"name\":\"Segway - Ascona im Tessin entlang des Lago Maggiore\",\"isPartOf\":{\"@id\":\"https:\/\/www.swissraft.ch\/de\/#website\"},\"primaryImageOfPage\":{\"@id\":\"https:\/\/www.swissraft.ch\/de\/produkt\/segway-tessin-ascona\/#primaryimage\"},\"image\":{\"@id\":\"https:\/\/www.swissraft.ch\/de\/produkt\/segway-tessin-ascona\/#primaryimage\"},\"thumbnailUrl\":\"https:\/\/www.swissraft.ch\/wp-content\/uploads\/2023\/03\/1-1-Ascona-Segway-776x776-1.jpg\",\"datePublished\":\"2023-03-11T15:01:04+00:00\",\"dateModified\":\"2025-12-20T00:07:02+00:00\",\"description\":\"Segway - Ascona im Tessin entlang des Lago Maggiore. Das Dolce Vita ist hier sehr pr\u00e4sent. Das Tessin strahlt eine unvergleichliche Lebensfreude aus.\",\"breadcrumb\":{\"@id\":\"https:\/\/www.swissraft.ch\/de\/produkt\/segway-tessin-ascona\/#breadcrumb\"},\"inLanguage\":\"de\",\"potentialAction\":[{\"@type\":\"ReadAction\",\"target\":[\"https:\/\/www.swissraft.ch\/de\/produkt\/segway-tessin-ascona\/\"]}]},{\"@type\":\"ImageObject\",\"inLanguage\":\"de\",\"@id\":\"https:\/\/www.swissraft.ch\/de\/produkt\/segway-tessin-ascona\/#primaryimage\",\"url\":\"https:\/\/www.swissraft.ch\/wp-content\/uploads\/2023\/03\/1-1-Ascona-Segway-776x776-1.jpg\",\"contentUrl\":\"https:\/\/www.swissraft.ch\/wp-content\/uploads\/2023\/03\/1-1-Ascona-Segway-776x776-1.jpg\",\"width\":776,\"height\":776,\"caption\":\"Ascona-Segway\"},{\"@type\":\"BreadcrumbList\",\"@id\":\"https:\/\/www.swissraft.ch\/de\/produkt\/segway-tessin-ascona\/#breadcrumb\",\"itemListElement\":[{\"@type\":\"ListItem\",\"position\":1,\"name\":\"Accueil\",\"item\":\"https:\/\/www.swissraft.ch\/de\/\"},{\"@type\":\"ListItem\",\"position\":2,\"name\":\"Shop\",\"item\":\"https:\/\/www.swissraft.ch\/de\/shop\/\"},{\"@type\":\"ListItem\",\"position\":3,\"name\":\"Segway in TESSIN &#8211; ASCONA &#8211; Ab CHF 179.00\"}]},{\"@type\":\"WebSite\",\"@id\":\"https:\/\/www.swissraft.ch\/de\/#website\",\"url\":\"https:\/\/www.swissraft.ch\/de\/\",\"name\":\"Swissraft\",\"description\":\"To enjoy nature as it is\",\"publisher\":{\"@id\":\"https:\/\/www.swissraft.ch\/de\/#organization\"},\"potentialAction\":[{\"@type\":\"SearchAction\",\"target\":{\"@type\":\"EntryPoint\",\"urlTemplate\":\"https:\/\/www.swissraft.ch\/de\/?s={search_term_string}\"},\"query-input\":{\"@type\":\"PropertyValueSpecification\",\"valueRequired\":true,\"valueName\":\"search_term_string\"}}],\"inLanguage\":\"de\"},{\"@type\":\"Organization\",\"@id\":\"https:\/\/www.swissraft.ch\/de\/#organization\",\"name\":\"Swissraft\",\"url\":\"https:\/\/www.swissraft.ch\/de\/\",\"logo\":{\"@type\":\"ImageObject\",\"inLanguage\":\"de\",\"@id\":\"https:\/\/www.swissraft.ch\/de\/#\/schema\/logo\/image\/\",\"url\":\"https:\/\/www.swissraft.ch\/wp-content\/uploads\/2025\/09\/Capture.jpg\",\"contentUrl\":\"https:\/\/www.swissraft.ch\/wp-content\/uploads\/2025\/09\/Capture.jpg\",\"width\":293,\"height\":108,\"caption\":\"Swissraft\"},\"image\":{\"@id\":\"https:\/\/www.swissraft.ch\/de\/#\/schema\/logo\/image\/\"}}]}<\/script>\n<!-- \/ Yoast SEO plugin. -->","yoast_head_json":{"title":"Segway - Ascona im Tessin entlang des Lago Maggiore","description":"Segway - Ascona im Tessin entlang des Lago Maggiore. Das Dolce Vita ist hier sehr pr\u00e4sent. Das Tessin strahlt eine unvergleichliche Lebensfreude aus.","robots":{"index":"index","follow":"follow","max-snippet":"max-snippet:-1","max-image-preview":"max-image-preview:large","max-video-preview":"max-video-preview:-1"},"canonical":"https:\/\/www.swissraft.ch\/de\/produkt\/segway-tessin-ascona\/","og_locale":"de_DE","og_type":"article","og_title":"Segway - Ascona im Tessin entlang des Lago Maggiore","og_description":"Segway - Ascona im Tessin entlang des Lago Maggiore. Das Dolce Vita ist hier sehr pr\u00e4sent. Das Tessin strahlt eine unvergleichliche Lebensfreude aus.","og_url":"https:\/\/www.swissraft.ch\/de\/produkt\/segway-tessin-ascona\/","og_site_name":"Swissraft","article_modified_time":"2025-12-20T00:07:02+00:00","og_image":[{"width":776,"height":776,"url":"https:\/\/www.swissraft.ch\/wp-content\/uploads\/2023\/03\/1-1-Ascona-Segway-776x776-1.jpg","type":"image\/jpeg"}],"twitter_card":"summary_large_image","twitter_misc":{"Gesch\u00e4tzte Lesezeit":"1\u00a0Minute"},"schema":{"@context":"https:\/\/schema.org","@graph":[{"@type":"WebPage","@id":"https:\/\/www.swissraft.ch\/de\/produkt\/segway-tessin-ascona\/","url":"https:\/\/www.swissraft.ch\/de\/produkt\/segway-tessin-ascona\/","name":"Segway - Ascona im Tessin entlang des Lago Maggiore","isPartOf":{"@id":"https:\/\/www.swissraft.ch\/de\/#website"},"primaryImageOfPage":{"@id":"https:\/\/www.swissraft.ch\/de\/produkt\/segway-tessin-ascona\/#primaryimage"},"image":{"@id":"https:\/\/www.swissraft.ch\/de\/produkt\/segway-tessin-ascona\/#primaryimage"},"thumbnailUrl":"https:\/\/www.swissraft.ch\/wp-content\/uploads\/2023\/03\/1-1-Ascona-Segway-776x776-1.jpg","datePublished":"2023-03-11T15:01:04+00:00","dateModified":"2025-12-20T00:07:02+00:00","description":"Segway - Ascona im Tessin entlang des Lago Maggiore. Das Dolce Vita ist hier sehr pr\u00e4sent. Das Tessin strahlt eine unvergleichliche Lebensfreude aus.","breadcrumb":{"@id":"https:\/\/www.swissraft.ch\/de\/produkt\/segway-tessin-ascona\/#breadcrumb"},"inLanguage":"de","potentialAction":[{"@type":"ReadAction","target":["https:\/\/www.swissraft.ch\/de\/produkt\/segway-tessin-ascona\/"]}]},{"@type":"ImageObject","inLanguage":"de","@id":"https:\/\/www.swissraft.ch\/de\/produkt\/segway-tessin-ascona\/#primaryimage","url":"https:\/\/www.swissraft.ch\/wp-content\/uploads\/2023\/03\/1-1-Ascona-Segway-776x776-1.jpg","contentUrl":"https:\/\/www.swissraft.ch\/wp-content\/uploads\/2023\/03\/1-1-Ascona-Segway-776x776-1.jpg","width":776,"height":776,"caption":"Ascona-Segway"},{"@type":"BreadcrumbList","@id":"https:\/\/www.swissraft.ch\/de\/produkt\/segway-tessin-ascona\/#breadcrumb","itemListElement":[{"@type":"ListItem","position":1,"name":"Accueil","item":"https:\/\/www.swissraft.ch\/de\/"},{"@type":"ListItem","position":2,"name":"Shop","item":"https:\/\/www.swissraft.ch\/de\/shop\/"},{"@type":"ListItem","position":3,"name":"Segway in TESSIN &#8211; ASCONA &#8211; Ab CHF 179.00"}]},{"@type":"WebSite","@id":"https:\/\/www.swissraft.ch\/de\/#website","url":"https:\/\/www.swissraft.ch\/de\/","name":"Swissraft","description":"To enjoy nature as it is","publisher":{"@id":"https:\/\/www.swissraft.ch\/de\/#organization"},"potentialAction":[{"@type":"SearchAction","target":{"@type":"EntryPoint","urlTemplate":"https:\/\/www.swissraft.ch\/de\/?s={search_term_string}"},"query-input":{"@type":"PropertyValueSpecification","valueRequired":true,"valueName":"search_term_string"}}],"inLanguage":"de"},{"@type":"Organization","@id":"https:\/\/www.swissraft.ch\/de\/#organization","name":"Swissraft","url":"https:\/\/www.swissraft.ch\/de\/","logo":{"@type":"ImageObject","inLanguage":"de","@id":"https:\/\/www.swissraft.ch\/de\/#\/schema\/logo\/image\/","url":"https:\/\/www.swissraft.ch\/wp-content\/uploads\/2025\/09\/Capture.jpg","contentUrl":"https:\/\/www.swissraft.ch\/wp-content\/uploads\/2025\/09\/Capture.jpg","width":293,"height":108,"caption":"Swissraft"},"image":{"@id":"https:\/\/www.swissraft.ch\/de\/#\/schema\/logo\/image\/"}}]}},"_links":{"self":[{"href":"https:\/\/www.swissraft.ch\/de\/wp-json\/wp\/v2\/product\/91408","targetHints":{"allow":["GET"]}}],"collection":[{"href":"https:\/\/www.swissraft.ch\/de\/wp-json\/wp\/v2\/product"}],"about":[{"href":"https:\/\/www.swissraft.ch\/de\/wp-json\/wp\/v2\/types\/product"}],"replies":[{"embeddable":true,"href":"https:\/\/www.swissraft.ch\/de\/wp-json\/wp\/v2\/comments?post=91408"}],"version-history":[{"count":6,"href":"https:\/\/www.swissraft.ch\/de\/wp-json\/wp\/v2\/product\/91408\/revisions"}],"predecessor-version":[{"id":124601,"href":"https:\/\/www.swissraft.ch\/de\/wp-json\/wp\/v2\/product\/91408\/revisions\/124601"}],"wp:featuredmedia":[{"embeddable":true,"href":"https:\/\/www.swissraft.ch\/de\/wp-json\/wp\/v2\/media\/90226"}],"wp:attachment":[{"href":"https:\/\/www.swissraft.ch\/de\/wp-json\/wp\/v2\/media?parent=91408"}],"wp:term":[{"taxonomy":"product_cat","embeddable":true,"href":"https:\/\/www.swissraft.ch\/de\/wp-json\/wp\/v2\/product_cat?post=91408"},{"taxonomy":"product_tag","embeddable":true,"href":"https:\/\/www.swissraft.ch\/de\/wp-json\/wp\/v2\/product_tag?post=91408"}],"curies":[{"name":"wp","href":"https:\/\/api.w.org\/{rel}","templated":true}]}}