{"id":91407,"date":"2023-03-18T23:34:10","date_gmt":"2023-03-18T22:34:10","guid":{"rendered":"https:\/\/swissraft.xyanzkdne.eu\/product\/tyrolienne-flying-fox-hoch-ybrig-2300m-ab-chf-50-00\/"},"modified":"2025-12-19T21:57:15","modified_gmt":"2025-12-19T20:57:15","slug":"seilrutsche-zipline-flying-fox-hoch-ybrig","status":"publish","type":"product","link":"https:\/\/www.swissraft.ch\/de\/produkt\/seilrutsche-zipline-flying-fox-hoch-ybrig\/","title":{"rendered":"ZIPLINE FLYING FOX &#8211; HOCH-YBRIG &#8211; 2300m &#8211; Ab CHF 50.00"},"content":{"rendered":"\t\t<div data-elementor-type=\"wp-post\" data-elementor-id=\"91407\" class=\"elementor elementor-91407 elementor-31651\">\n\t\t\t\t\t\t\t\t\t<section class=\"elementor-section elementor-top-section elementor-element elementor-element-3303a7e3 elementor-section-boxed elementor-section-height-default elementor-section-height-default\" data-id=\"3303a7e3\" data-element_type=\"section\">\n\t\t\t\t\t\t<div class=\"elementor-container elementor-column-gap-default\">\n\t\t\t\t\t<div class=\"elementor-column elementor-col-100 elementor-top-column elementor-element elementor-element-16d72dbf\" data-id=\"16d72dbf\" data-element_type=\"column\">\n\t\t\t<div class=\"elementor-widget-wrap elementor-element-populated\">\n\t\t\t\t\t\t\t\t<div class=\"elementor-element elementor-element-d743c03 elementor-widget elementor-widget-text-editor\" data-id=\"d743c03\" data-element_type=\"widget\" data-widget_type=\"text-editor.default\">\n\t\t\t\t<div class=\"elementor-widget-container\">\n\t\t\t\t\t\t\t<h2>W\u00c4HLEN SIE UNTEN IHRE AKTIVIT\u00c4T AUS, UM GESCHENKGUTSCHEINE \/ TICKETS ZU VERSCHENKEN ODER ZU BUCHEN.<\/h2><table border=\"0\" width=\"580\" cellspacing=\"10\" cellpadding=\"10\"><tbody><tr><td width=\"50%\"><strong>SEILRUTSCHE &#8211; HOCH-YBRIG &#8211; 1 Person<\/strong><\/td><td><strong>CHF 70.00 pro Person<span class=\"productPrice\"><br \/><\/span><\/strong><\/td><\/tr><tr><td>Weitere Informationen<\/td><td>&#8211; <span class=\"plbl\"> Jungendpreis <\/span>: <span class=\"patt\"><strong>CHF 50.00<\/strong>\/Pers. bis 16 j\u00e4hrig <br \/><\/span><span class=\"patt\">&#8211; Sie erhalten von den Skiliften einen Tagespass, der f\u00fcr einen weiteren Besuch g\u00fcltig ist.<br \/><\/span><span class=\"patt\">&#8211; Mindestgr\u00f6\u00dfe : 1m30<br \/><b><i><u>WICHTIG METEO!<br \/><\/u><\/i><\/b><b><i><u>AM SELBEN TAG AB 7:00 ANRUFEN : +41 (0)55 414 17 56<\/u><\/i><\/b><br \/><\/span><\/td><\/tr><tr><td>Treffpunkt<\/td><td><a href=\"https:\/\/www.google.com\/maps\/search\/T%C3%A9l%C3%A9si%C3%A8ge+Sternen+hoch-ybrig\/@46.9999517,8.7931153,770m\/data=!3m1!1e3?entry=ttu\" target=\"_blank\" rel=\"noopener\">Sessellift Sternen<\/a><\/td><\/tr><tr><td>Seilrutsche<\/td><td>ca. 2 Min.<\/td><\/tr><tr><td>Gesamtdauer<\/td><td>ca. 1 Std.<\/td><\/tr><tr><td>Schwierigkeitsgrad<\/td><td>1<\/td><\/tr><tr><td><button class=\"elementor-button\" type=\"button\"><a href=\"https:\/\/swissraft.outdoorbooking.ch\/fo\/products\/1109?base_id=194&amp;category_id=39&amp;order_type=gift_voucher&amp;lang=de\" target=\"_blank\" rel=\"noopener\">GUTSCHEIN \/ TICKET KAUFEN<\/a><\/button><\/td><td><a href=\"https:\/\/swissraft.outdoorbooking.ch\/fo\/products\/1109?base_id=194&amp;category_id=39&amp;order_type=event&amp;lang=de\" target=\"_blank\" rel=\"noopener\">RESERVIEREN SIE EIN DATUM<\/a><\/td><\/tr><\/tbody><\/table>\t\t\t\t\t\t<\/div>\n\t\t\t\t<\/div>\n\t\t\t\t\t<\/div>\n\t\t<\/div>\n\t\t\t\t\t\t\t<\/div>\n\t\t<\/section>\n\t\t\t\t<section class=\"elementor-section elementor-top-section elementor-element elementor-element-0a7b4e2 elementor-section-boxed elementor-section-height-default elementor-section-height-default\" data-id=\"0a7b4e2\" data-element_type=\"section\">\n\t\t\t\t\t\t<div class=\"elementor-container elementor-column-gap-default\">\n\t\t\t\t\t<div class=\"elementor-column elementor-col-100 elementor-top-column elementor-element elementor-element-24989b7\" data-id=\"24989b7\" data-element_type=\"column\">\n\t\t\t<div class=\"elementor-widget-wrap elementor-element-populated\">\n\t\t\t\t\t\t\t\t<div class=\"elementor-element elementor-element-1e76d42 elementor-widget elementor-widget-text-editor\" data-id=\"1e76d42\" data-element_type=\"widget\" data-widget_type=\"text-editor.default\">\n\t\t\t\t<div class=\"elementor-widget-container\">\n\t\t\t\t\t\t\t<h2>W\u00c4HLEN SIE UNTEN IHRE AKTIVIT\u00c4T AUS, UM GESCHENKGUTSCHEINE \/ TICKETS ZU VERSCHENKEN ODER ZU BUCHEN.<\/h2>\n\t\t\t\t\t\t<\/div>\n\t\t\t\t<\/div>\n\t\t\t\t\t<\/div>\n\t\t<\/div>\n\t\t\t\t\t\t\t<\/div>\n\t\t<\/section>\n\t\t\t\t\t\t\t<\/div>\n\t\t","protected":false},"excerpt":{"rendered":"<div align=\"justify\">\n<h2 align=\"justify\">Mit \u00fcber 120 km\/h auf der l\u00e4ngsten Seilrutsche Europas<\/h2>\n<h3>Der Flying Fox, ein unvergessliches Abenteuer ab der Sternen-Station in Hoch-Ybrig<\/h3>\n<\/div>\n<div align=\"justify\">\n<p>Die 2300 m lange Seilrutsche in Hoch-Ybrig ist die gr\u00f6\u00dfte in Europa. Sie verspricht ein unglaubliches Abenteuer. Schon bei der Abfahrt von der Bergstation Sternen steigt die Aufregung. Danach r\u00fcsten sich die Teilnehmer schnell aus. Mit aufgesetzten Helmen und angepassten Gurten bereiten sie sich auf den Start vor.<br \/>\nDer Start erfolgt in einem Atemzug. Die Geschwindigkeit steigt sofort auf 120 km\/h, der Wind peitscht ins Gesicht. Die Landschaften ziehen in schwindelerregendem Tempo an Ihnen vorbei. Zuerst fliegen wir \u00fcber majest\u00e4tische Berge, dann tauchen tiefe T\u00e4ler unter unseren F\u00fc\u00dfen auf. Jede Sekunde vermittelt ein neues Gef\u00fchl von Freiheit.<br \/>\nDer Weg f\u00fchrt \u00fcber imposante Klippen und sorgt f\u00fcr zus\u00e4tzlichen Nervenkitzel.<br \/>\nSchlie\u00dflich n\u00e4hert sich die Ankunft. Die Geschwindigkeit nimmt langsam ab, das Abenteuer geht zu Ende. Wir landen auf dem Boden, mit einem L\u00e4cheln auf den Lippen. Hoch-Ybrig bietet eine wirklich atemberaubende Erfahrung.<\/p>\n<h3>Swissraft bietet auch Abenteuerparks in der Schweiz an.<\/h3>\n<p id=\"textarea\" style=\"display: none;\">\nIm Berner Oberland zum Beispiel mit einem Abenteuerpark in Interlaken. Ebenso im Wallis in Crans-Montana, einem herrlichen Hochseilgarten oder einer ph\u00e4nomenalen Abseilfahrt entlang eines Staudamms in Amden im Kanton St. Gallen.\n<\/p>\n<p><a id=\"seeMore\" onclick=\"toggleSeeMore()\" href=\"javascript:void(0);\">Lesen Sie mehr<\/a><\/p>\n","protected":false},"featured_media":90526,"comment_status":"open","ping_status":"closed","template":"","meta":{"inline_featured_image":false,"_mi_skip_tracking":false},"product_cat":[270,271,325],"product_tag":[],"class_list":["post-91407","product","type-product","status-publish","has-post-thumbnail","hentry","product_cat-hochseilgarten-in-der-schweiz-auch-seilpark-genannt","product_cat-outdoor","product_cat-zipline-in-schweiz"],"yoast_head":"<!-- This site is optimized with the Yoast SEO plugin v23.6 - https:\/\/yoast.com\/wordpress\/plugins\/seo\/ -->\n<title>Seilrutsche Hoch-Ybrig, eine rasante Aktivit\u00e4t<\/title>\n<meta name=\"description\" content=\"Seilrutsche Hoch-Ybrig, eine Aktivit\u00e4t, die es in sich hat. Verr\u00fcckte Abfahrt mit einer L\u00e4nge von 2300m. Die l\u00e4ngste Flying fox Europas\" \/>\n<meta name=\"robots\" content=\"index, follow, max-snippet:-1, max-image-preview:large, max-video-preview:-1\" \/>\n<link rel=\"canonical\" href=\"https:\/\/www.swissraft.ch\/de\/produkt\/seilrutsche-zipline-flying-fox-hoch-ybrig\/\" \/>\n<meta property=\"og:locale\" content=\"de_DE\" \/>\n<meta property=\"og:type\" content=\"article\" \/>\n<meta property=\"og:title\" content=\"Seilrutsche Hoch-Ybrig, eine rasante Aktivit\u00e4t\" \/>\n<meta property=\"og:description\" content=\"Seilrutsche Hoch-Ybrig, eine Aktivit\u00e4t, die es in sich hat. Verr\u00fcckte Abfahrt mit einer L\u00e4nge von 2300m. Die l\u00e4ngste Flying fox Europas\" \/>\n<meta property=\"og:url\" content=\"https:\/\/www.swissraft.ch\/de\/produkt\/seilrutsche-zipline-flying-fox-hoch-ybrig\/\" \/>\n<meta property=\"og:site_name\" content=\"Swissraft\" \/>\n<meta property=\"article:modified_time\" content=\"2025-12-19T20:57:15+00:00\" \/>\n<meta property=\"og:image\" content=\"https:\/\/www.swissraft.ch\/wp-content\/uploads\/2023\/03\/Tyrolienne-en-Suisse-776x776-1.jpg\" \/>\n\t<meta property=\"og:image:width\" content=\"776\" \/>\n\t<meta property=\"og:image:height\" content=\"776\" \/>\n\t<meta property=\"og:image:type\" content=\"image\/jpeg\" \/>\n<meta name=\"twitter:card\" content=\"summary_large_image\" \/>\n<meta name=\"twitter:label1\" content=\"Gesch\u00e4tzte Lesezeit\" \/>\n\t<meta name=\"twitter:data1\" content=\"1\u00a0Minute\" \/>\n<script type=\"application\/ld+json\" class=\"yoast-schema-graph\">{\"@context\":\"https:\/\/schema.org\",\"@graph\":[{\"@type\":\"WebPage\",\"@id\":\"https:\/\/www.swissraft.ch\/de\/produkt\/seilrutsche-zipline-flying-fox-hoch-ybrig\/\",\"url\":\"https:\/\/www.swissraft.ch\/de\/produkt\/seilrutsche-zipline-flying-fox-hoch-ybrig\/\",\"name\":\"Seilrutsche Hoch-Ybrig, eine rasante Aktivit\u00e4t\",\"isPartOf\":{\"@id\":\"https:\/\/www.swissraft.ch\/de\/#website\"},\"primaryImageOfPage\":{\"@id\":\"https:\/\/www.swissraft.ch\/de\/produkt\/seilrutsche-zipline-flying-fox-hoch-ybrig\/#primaryimage\"},\"image\":{\"@id\":\"https:\/\/www.swissraft.ch\/de\/produkt\/seilrutsche-zipline-flying-fox-hoch-ybrig\/#primaryimage\"},\"thumbnailUrl\":\"https:\/\/www.swissraft.ch\/wp-content\/uploads\/2023\/03\/Tyrolienne-en-Suisse-776x776-1.jpg\",\"datePublished\":\"2023-03-18T22:34:10+00:00\",\"dateModified\":\"2025-12-19T20:57:15+00:00\",\"description\":\"Seilrutsche Hoch-Ybrig, eine Aktivit\u00e4t, die es in sich hat. Verr\u00fcckte Abfahrt mit einer L\u00e4nge von 2300m. Die l\u00e4ngste Flying fox Europas\",\"breadcrumb\":{\"@id\":\"https:\/\/www.swissraft.ch\/de\/produkt\/seilrutsche-zipline-flying-fox-hoch-ybrig\/#breadcrumb\"},\"inLanguage\":\"de\",\"potentialAction\":[{\"@type\":\"ReadAction\",\"target\":[\"https:\/\/www.swissraft.ch\/de\/produkt\/seilrutsche-zipline-flying-fox-hoch-ybrig\/\"]}]},{\"@type\":\"ImageObject\",\"inLanguage\":\"de\",\"@id\":\"https:\/\/www.swissraft.ch\/de\/produkt\/seilrutsche-zipline-flying-fox-hoch-ybrig\/#primaryimage\",\"url\":\"https:\/\/www.swissraft.ch\/wp-content\/uploads\/2023\/03\/Tyrolienne-en-Suisse-776x776-1.jpg\",\"contentUrl\":\"https:\/\/www.swissraft.ch\/wp-content\/uploads\/2023\/03\/Tyrolienne-en-Suisse-776x776-1.jpg\",\"width\":776,\"height\":776,\"caption\":\"Seilrutsche Flying fox in Hoch-Ybrig\"},{\"@type\":\"BreadcrumbList\",\"@id\":\"https:\/\/www.swissraft.ch\/de\/produkt\/seilrutsche-zipline-flying-fox-hoch-ybrig\/#breadcrumb\",\"itemListElement\":[{\"@type\":\"ListItem\",\"position\":1,\"name\":\"Accueil\",\"item\":\"https:\/\/www.swissraft.ch\/de\/\"},{\"@type\":\"ListItem\",\"position\":2,\"name\":\"Shop\",\"item\":\"https:\/\/www.swissraft.ch\/de\/shop\/\"},{\"@type\":\"ListItem\",\"position\":3,\"name\":\"ZIPLINE FLYING FOX &#8211; HOCH-YBRIG &#8211; 2300m &#8211; Ab CHF 50.00\"}]},{\"@type\":\"WebSite\",\"@id\":\"https:\/\/www.swissraft.ch\/de\/#website\",\"url\":\"https:\/\/www.swissraft.ch\/de\/\",\"name\":\"Swissraft\",\"description\":\"To enjoy nature as it is\",\"publisher\":{\"@id\":\"https:\/\/www.swissraft.ch\/de\/#organization\"},\"potentialAction\":[{\"@type\":\"SearchAction\",\"target\":{\"@type\":\"EntryPoint\",\"urlTemplate\":\"https:\/\/www.swissraft.ch\/de\/?s={search_term_string}\"},\"query-input\":{\"@type\":\"PropertyValueSpecification\",\"valueRequired\":true,\"valueName\":\"search_term_string\"}}],\"inLanguage\":\"de\"},{\"@type\":\"Organization\",\"@id\":\"https:\/\/www.swissraft.ch\/de\/#organization\",\"name\":\"Swissraft\",\"url\":\"https:\/\/www.swissraft.ch\/de\/\",\"logo\":{\"@type\":\"ImageObject\",\"inLanguage\":\"de\",\"@id\":\"https:\/\/www.swissraft.ch\/de\/#\/schema\/logo\/image\/\",\"url\":\"https:\/\/www.swissraft.ch\/wp-content\/uploads\/2025\/09\/Capture.jpg\",\"contentUrl\":\"https:\/\/www.swissraft.ch\/wp-content\/uploads\/2025\/09\/Capture.jpg\",\"width\":293,\"height\":108,\"caption\":\"Swissraft\"},\"image\":{\"@id\":\"https:\/\/www.swissraft.ch\/de\/#\/schema\/logo\/image\/\"}}]}<\/script>\n<!-- \/ Yoast SEO plugin. -->","yoast_head_json":{"title":"Seilrutsche Hoch-Ybrig, eine rasante Aktivit\u00e4t","description":"Seilrutsche Hoch-Ybrig, eine Aktivit\u00e4t, die es in sich hat. Verr\u00fcckte Abfahrt mit einer L\u00e4nge von 2300m. Die l\u00e4ngste Flying fox Europas","robots":{"index":"index","follow":"follow","max-snippet":"max-snippet:-1","max-image-preview":"max-image-preview:large","max-video-preview":"max-video-preview:-1"},"canonical":"https:\/\/www.swissraft.ch\/de\/produkt\/seilrutsche-zipline-flying-fox-hoch-ybrig\/","og_locale":"de_DE","og_type":"article","og_title":"Seilrutsche Hoch-Ybrig, eine rasante Aktivit\u00e4t","og_description":"Seilrutsche Hoch-Ybrig, eine Aktivit\u00e4t, die es in sich hat. Verr\u00fcckte Abfahrt mit einer L\u00e4nge von 2300m. Die l\u00e4ngste Flying fox Europas","og_url":"https:\/\/www.swissraft.ch\/de\/produkt\/seilrutsche-zipline-flying-fox-hoch-ybrig\/","og_site_name":"Swissraft","article_modified_time":"2025-12-19T20:57:15+00:00","og_image":[{"width":776,"height":776,"url":"https:\/\/www.swissraft.ch\/wp-content\/uploads\/2023\/03\/Tyrolienne-en-Suisse-776x776-1.jpg","type":"image\/jpeg"}],"twitter_card":"summary_large_image","twitter_misc":{"Gesch\u00e4tzte Lesezeit":"1\u00a0Minute"},"schema":{"@context":"https:\/\/schema.org","@graph":[{"@type":"WebPage","@id":"https:\/\/www.swissraft.ch\/de\/produkt\/seilrutsche-zipline-flying-fox-hoch-ybrig\/","url":"https:\/\/www.swissraft.ch\/de\/produkt\/seilrutsche-zipline-flying-fox-hoch-ybrig\/","name":"Seilrutsche Hoch-Ybrig, eine rasante Aktivit\u00e4t","isPartOf":{"@id":"https:\/\/www.swissraft.ch\/de\/#website"},"primaryImageOfPage":{"@id":"https:\/\/www.swissraft.ch\/de\/produkt\/seilrutsche-zipline-flying-fox-hoch-ybrig\/#primaryimage"},"image":{"@id":"https:\/\/www.swissraft.ch\/de\/produkt\/seilrutsche-zipline-flying-fox-hoch-ybrig\/#primaryimage"},"thumbnailUrl":"https:\/\/www.swissraft.ch\/wp-content\/uploads\/2023\/03\/Tyrolienne-en-Suisse-776x776-1.jpg","datePublished":"2023-03-18T22:34:10+00:00","dateModified":"2025-12-19T20:57:15+00:00","description":"Seilrutsche Hoch-Ybrig, eine Aktivit\u00e4t, die es in sich hat. Verr\u00fcckte Abfahrt mit einer L\u00e4nge von 2300m. Die l\u00e4ngste Flying fox Europas","breadcrumb":{"@id":"https:\/\/www.swissraft.ch\/de\/produkt\/seilrutsche-zipline-flying-fox-hoch-ybrig\/#breadcrumb"},"inLanguage":"de","potentialAction":[{"@type":"ReadAction","target":["https:\/\/www.swissraft.ch\/de\/produkt\/seilrutsche-zipline-flying-fox-hoch-ybrig\/"]}]},{"@type":"ImageObject","inLanguage":"de","@id":"https:\/\/www.swissraft.ch\/de\/produkt\/seilrutsche-zipline-flying-fox-hoch-ybrig\/#primaryimage","url":"https:\/\/www.swissraft.ch\/wp-content\/uploads\/2023\/03\/Tyrolienne-en-Suisse-776x776-1.jpg","contentUrl":"https:\/\/www.swissraft.ch\/wp-content\/uploads\/2023\/03\/Tyrolienne-en-Suisse-776x776-1.jpg","width":776,"height":776,"caption":"Seilrutsche Flying fox in Hoch-Ybrig"},{"@type":"BreadcrumbList","@id":"https:\/\/www.swissraft.ch\/de\/produkt\/seilrutsche-zipline-flying-fox-hoch-ybrig\/#breadcrumb","itemListElement":[{"@type":"ListItem","position":1,"name":"Accueil","item":"https:\/\/www.swissraft.ch\/de\/"},{"@type":"ListItem","position":2,"name":"Shop","item":"https:\/\/www.swissraft.ch\/de\/shop\/"},{"@type":"ListItem","position":3,"name":"ZIPLINE FLYING FOX &#8211; HOCH-YBRIG &#8211; 2300m &#8211; Ab CHF 50.00"}]},{"@type":"WebSite","@id":"https:\/\/www.swissraft.ch\/de\/#website","url":"https:\/\/www.swissraft.ch\/de\/","name":"Swissraft","description":"To enjoy nature as it is","publisher":{"@id":"https:\/\/www.swissraft.ch\/de\/#organization"},"potentialAction":[{"@type":"SearchAction","target":{"@type":"EntryPoint","urlTemplate":"https:\/\/www.swissraft.ch\/de\/?s={search_term_string}"},"query-input":{"@type":"PropertyValueSpecification","valueRequired":true,"valueName":"search_term_string"}}],"inLanguage":"de"},{"@type":"Organization","@id":"https:\/\/www.swissraft.ch\/de\/#organization","name":"Swissraft","url":"https:\/\/www.swissraft.ch\/de\/","logo":{"@type":"ImageObject","inLanguage":"de","@id":"https:\/\/www.swissraft.ch\/de\/#\/schema\/logo\/image\/","url":"https:\/\/www.swissraft.ch\/wp-content\/uploads\/2025\/09\/Capture.jpg","contentUrl":"https:\/\/www.swissraft.ch\/wp-content\/uploads\/2025\/09\/Capture.jpg","width":293,"height":108,"caption":"Swissraft"},"image":{"@id":"https:\/\/www.swissraft.ch\/de\/#\/schema\/logo\/image\/"}}]}},"_links":{"self":[{"href":"https:\/\/www.swissraft.ch\/de\/wp-json\/wp\/v2\/product\/91407","targetHints":{"allow":["GET"]}}],"collection":[{"href":"https:\/\/www.swissraft.ch\/de\/wp-json\/wp\/v2\/product"}],"about":[{"href":"https:\/\/www.swissraft.ch\/de\/wp-json\/wp\/v2\/types\/product"}],"replies":[{"embeddable":true,"href":"https:\/\/www.swissraft.ch\/de\/wp-json\/wp\/v2\/comments?post=91407"}],"version-history":[{"count":31,"href":"https:\/\/www.swissraft.ch\/de\/wp-json\/wp\/v2\/product\/91407\/revisions"}],"predecessor-version":[{"id":124497,"href":"https:\/\/www.swissraft.ch\/de\/wp-json\/wp\/v2\/product\/91407\/revisions\/124497"}],"wp:featuredmedia":[{"embeddable":true,"href":"https:\/\/www.swissraft.ch\/de\/wp-json\/wp\/v2\/media\/90526"}],"wp:attachment":[{"href":"https:\/\/www.swissraft.ch\/de\/wp-json\/wp\/v2\/media?parent=91407"}],"wp:term":[{"taxonomy":"product_cat","embeddable":true,"href":"https:\/\/www.swissraft.ch\/de\/wp-json\/wp\/v2\/product_cat?post=91407"},{"taxonomy":"product_tag","embeddable":true,"href":"https:\/\/www.swissraft.ch\/de\/wp-json\/wp\/v2\/product_tag?post=91407"}],"curies":[{"name":"wp","href":"https:\/\/api.w.org\/{rel}","templated":true}]}}