{"id":91404,"date":"2023-03-18T23:18:27","date_gmt":"2023-03-18T22:18:27","guid":{"rendered":"https:\/\/swissraft.xyanzkdne.eu\/product\/monster-scooter-im-valais-crans-montana-chf-85-00\/"},"modified":"2025-12-20T17:15:15","modified_gmt":"2025-12-20T16:15:15","slug":"monster-scooter-wallis-crans-montana","status":"publish","type":"product","link":"https:\/\/www.swissraft.ch\/de\/produkt\/monster-scooter-wallis-crans-montana\/","title":{"rendered":"MONSTER-SCOOTER im WALLIS &#8211; CRANS-MONTANA &#8211; CHF 85.00"},"content":{"rendered":"\t\t<div data-elementor-type=\"wp-post\" data-elementor-id=\"91404\" class=\"elementor elementor-91404 elementor-31645\">\n\t\t\t\t\t\t\t\t\t<section class=\"elementor-section elementor-top-section elementor-element elementor-element-3303a7e3 elementor-section-boxed elementor-section-height-default elementor-section-height-default\" data-id=\"3303a7e3\" data-element_type=\"section\">\n\t\t\t\t\t\t<div class=\"elementor-container elementor-column-gap-default\">\n\t\t\t\t\t<div class=\"elementor-column elementor-col-100 elementor-top-column elementor-element elementor-element-16d72dbf\" data-id=\"16d72dbf\" data-element_type=\"column\">\n\t\t\t<div class=\"elementor-widget-wrap elementor-element-populated\">\n\t\t\t\t\t\t\t\t<div class=\"elementor-element elementor-element-d743c03 elementor-widget elementor-widget-text-editor\" data-id=\"d743c03\" data-element_type=\"widget\" data-widget_type=\"text-editor.default\">\n\t\t\t\t<div class=\"elementor-widget-container\">\n\t\t\t\t\t\t\t<h2>W\u00c4HLEN SIE UNTEN IHRE AKTIVIT\u00c4T AUS, UM GESCHENKGUTSCHEINE \/ TICKETS ZU VERSCHENKEN ODER ZU BUCHEN.<\/h2><table border=\"0\" width=\"580\" cellspacing=\"10\" cellpadding=\"10\"><tbody><tr><td width=\"50%\"><strong>MONSTER-SCOOTER &#8211; CRANS-MONTANA<\/strong><\/td><td><strong>CHF 85.00 pro Person<span class=\"productPrice\"><br \/><\/span><\/strong><\/td><\/tr><tr><td>Weitere Informationen<\/td><td><span class=\"patt\">&#8211; Ab 4 pers<br \/>&#8211; Mindestalter : 14 Jahre<br \/>&#8211; Maximum 10 Pers.<\/span><\/td><\/tr><tr><td>Startzeiten<\/td><td>09.00 Uhr \/ 13.30 Uhr<\/td><\/tr><tr><td>Dauer der Abfahrt<\/td><td>ca. 2 Std.<\/td><\/tr><tr><td>Gesamtdauer<\/td><td>ca. 3 Std.<\/td><\/tr><tr><td>Treffpunkt<\/td><td><a href=\"https:\/\/www.google.com\/maps\/place\/46%C2%B018'16.6%22N+7%C2%B028'50.4%22E\/@46.3046556,7.4783815,390m\/data=!3m1!1e3!4m4!3m3!8m2!3d46.3046111!4d7.4806667?entry=ttu\" target=\"_blank\" rel=\"noopener\">Crans-Montana<\/a><\/td><\/tr><tr><td>Schwierigkeitsgrad<\/td><td>1-2<\/td><\/tr><tr><td><a href=\"https:\/\/swissraft.outdoorbooking.ch\/fo\/products\/605?base_id=85&amp;category_id=28&amp;order_type=gift_voucher&amp;lang=de\" target=\"_blank\" rel=\"noopener\"><button class=\"elementor-button\" type=\"button\">GUTSCHEIN \/ TICKET KAUFEN<\/button><\/a><\/td><td><a href=\"https:\/\/swissraft.outdoorbooking.ch\/fo\/products\/605?base_id=85&amp;category_id=28&amp;order_type=event&amp;lang=fr\" target=\"_blank\" rel=\"noopener\">RESERVIEREN SIE EIN DATUM<\/a><\/td><\/tr><\/tbody><\/table>\t\t\t\t\t\t<\/div>\n\t\t\t\t<\/div>\n\t\t\t\t\t<\/div>\n\t\t<\/div>\n\t\t\t\t\t\t\t<\/div>\n\t\t<\/section>\n\t\t\t\t\t\t\t<\/div>\n\t\t","protected":false},"excerpt":{"rendered":"<div align=\"justify\">\n<h2 align=\"justify\">Die Abfahrt mit dem Monster-Scooter von Crans-Montana nach Siders ist beeindruckend.<\/h2>\n<h3>10 km intensive Abfahrt mit einer wohlverdienten Pause bei einem typischen Walliser Aperitif.<\/h3>\n<\/div>\n<div align=\"justify\">\n<p>Die Fahrt mit dem Monster Scooter von Crans-Montana nach Siders ist ein unvergessliches Abenteuer. Von Anfang an sp\u00fcren Sie, wie das Adrenalin steigt. Der Weg schl\u00e4ngelt sich durch die Kiefernw\u00e4lder und bietet eine erfrischende K\u00fchle. Sie fahren die H\u00e4nge hinunter, beherrschen Ihr Fahrzeug und genie\u00dfen jeden Augenblick. Schon bald \u00e4ndert sich die Landschaft und Sie entdecken die Weinberge des Wallis. Die Aussicht auf das Rhone-Tal ist atemberaubend. Jede Kurve offenbart eine neue Perspektive.<br \/>\nAuf halber Strecke erwartet Sie eine wohlverdiente Pause. Der Walliser Aperitif, bestehend aus K\u00e4se, Wurst und lokalem Wein, wird Sie verw\u00f6hnen. Dieser Moment der Geselligkeit st\u00e4rkt die Beziehungen zwischen Freunden. Dann nehmen Sie den Abstieg mit einem L\u00e4cheln auf den Lippen wieder auf. Der H\u00f6henunterschied von 1000 Metern wird mit Begeisterung \u00fcberwunden. Schlie\u00dflich erreichen Sie Sierre nach 10 km reiner Sensation. Diese Aktivit\u00e4t ist sowohl spielerisch als auch sportlich und wird Ihnen unvergessliche Erinnerungen bescheren.<\/p>\n<h3>Swissraft organisiert f\u00fcr Sie auf Anfrage Abfahrten in der ganzen Schweiz. F\u00fcr die Strecken kann eine vorherige Genehmigung erforderlich sein.<\/h3>\n<p id=\"textarea\" style=\"display: none;\">\nIm Berner Oberland in Lauterbrunnen bieten wir eine Abfahrt f\u00fcr Familien und Betriebsausfl\u00fcge an.\n<\/p>\n<p><a id=\"seeMore\" onclick=\"toggleSeeMore()\" href=\"javascript:void(0);\">Lesen Sie mehr<\/a><\/p>\n","protected":false},"featured_media":90724,"comment_status":"open","ping_status":"closed","template":"","meta":{"inline_featured_image":false,"_mi_skip_tracking":false},"product_cat":[323],"product_tag":[],"class_list":["post-91404","product","type-product","status-publish","has-post-thumbnail","hentry","product_cat-monster-scooter-wallis"],"yoast_head":"<!-- This site is optimized with the Yoast SEO plugin v23.6 - https:\/\/yoast.com\/wordpress\/plugins\/seo\/ -->\n<title>Monster-Scooter - Crans-Montana, eine Abfahrt bis nach Siders<\/title>\n<meta name=\"description\" content=\"Monster-Scooter - Crans-Montana im Wallis f\u00fcr eine rasante Abfahrt in Richtung Siders. Mit einer Walliser Picknickpause auf dem Halbenweg\" \/>\n<meta name=\"robots\" content=\"index, follow, max-snippet:-1, max-image-preview:large, max-video-preview:-1\" \/>\n<link rel=\"canonical\" href=\"https:\/\/www.swissraft.ch\/de\/produkt\/monster-scooter-wallis-crans-montana\/\" \/>\n<meta property=\"og:locale\" content=\"de_DE\" \/>\n<meta property=\"og:type\" content=\"article\" \/>\n<meta property=\"og:title\" content=\"Monster-Scooter - Crans-Montana, eine Abfahrt bis nach Siders\" \/>\n<meta property=\"og:description\" content=\"Monster-Scooter - Crans-Montana im Wallis f\u00fcr eine rasante Abfahrt in Richtung Siders. Mit einer Walliser Picknickpause auf dem Halbenweg\" \/>\n<meta property=\"og:url\" content=\"https:\/\/www.swissraft.ch\/de\/produkt\/monster-scooter-wallis-crans-montana\/\" \/>\n<meta property=\"og:site_name\" content=\"Swissraft\" \/>\n<meta property=\"article:modified_time\" content=\"2025-12-20T16:15:15+00:00\" \/>\n<meta property=\"og:image\" content=\"https:\/\/www.swissraft.ch\/wp-content\/uploads\/2023\/03\/1-1-Monster-scooter-crans-montana-776x776-1.jpg\" \/>\n\t<meta property=\"og:image:width\" content=\"776\" \/>\n\t<meta property=\"og:image:height\" content=\"776\" \/>\n\t<meta property=\"og:image:type\" content=\"image\/jpeg\" \/>\n<meta name=\"twitter:card\" content=\"summary_large_image\" \/>\n<meta name=\"twitter:label1\" content=\"Gesch\u00e4tzte Lesezeit\" \/>\n\t<meta name=\"twitter:data1\" content=\"1\u00a0Minute\" \/>\n<script type=\"application\/ld+json\" class=\"yoast-schema-graph\">{\"@context\":\"https:\/\/schema.org\",\"@graph\":[{\"@type\":\"WebPage\",\"@id\":\"https:\/\/www.swissraft.ch\/de\/produkt\/monster-scooter-wallis-crans-montana\/\",\"url\":\"https:\/\/www.swissraft.ch\/de\/produkt\/monster-scooter-wallis-crans-montana\/\",\"name\":\"Monster-Scooter - Crans-Montana, eine Abfahrt bis nach Siders\",\"isPartOf\":{\"@id\":\"https:\/\/www.swissraft.ch\/de\/#website\"},\"primaryImageOfPage\":{\"@id\":\"https:\/\/www.swissraft.ch\/de\/produkt\/monster-scooter-wallis-crans-montana\/#primaryimage\"},\"image\":{\"@id\":\"https:\/\/www.swissraft.ch\/de\/produkt\/monster-scooter-wallis-crans-montana\/#primaryimage\"},\"thumbnailUrl\":\"https:\/\/www.swissraft.ch\/wp-content\/uploads\/2023\/03\/1-1-Monster-scooter-crans-montana-776x776-1.jpg\",\"datePublished\":\"2023-03-18T22:18:27+00:00\",\"dateModified\":\"2025-12-20T16:15:15+00:00\",\"description\":\"Monster-Scooter - Crans-Montana im Wallis f\u00fcr eine rasante Abfahrt in Richtung Siders. Mit einer Walliser Picknickpause auf dem Halbenweg\",\"breadcrumb\":{\"@id\":\"https:\/\/www.swissraft.ch\/de\/produkt\/monster-scooter-wallis-crans-montana\/#breadcrumb\"},\"inLanguage\":\"de\",\"potentialAction\":[{\"@type\":\"ReadAction\",\"target\":[\"https:\/\/www.swissraft.ch\/de\/produkt\/monster-scooter-wallis-crans-montana\/\"]}]},{\"@type\":\"ImageObject\",\"inLanguage\":\"de\",\"@id\":\"https:\/\/www.swissraft.ch\/de\/produkt\/monster-scooter-wallis-crans-montana\/#primaryimage\",\"url\":\"https:\/\/www.swissraft.ch\/wp-content\/uploads\/2023\/03\/1-1-Monster-scooter-crans-montana-776x776-1.jpg\",\"contentUrl\":\"https:\/\/www.swissraft.ch\/wp-content\/uploads\/2023\/03\/1-1-Monster-scooter-crans-montana-776x776-1.jpg\",\"width\":776,\"height\":776,\"caption\":\"Monsterroller in Crans-Montana\"},{\"@type\":\"BreadcrumbList\",\"@id\":\"https:\/\/www.swissraft.ch\/de\/produkt\/monster-scooter-wallis-crans-montana\/#breadcrumb\",\"itemListElement\":[{\"@type\":\"ListItem\",\"position\":1,\"name\":\"Accueil\",\"item\":\"https:\/\/www.swissraft.ch\/de\/\"},{\"@type\":\"ListItem\",\"position\":2,\"name\":\"Shop\",\"item\":\"https:\/\/www.swissraft.ch\/de\/shop\/\"},{\"@type\":\"ListItem\",\"position\":3,\"name\":\"MONSTER-SCOOTER im WALLIS &#8211; CRANS-MONTANA &#8211; CHF 85.00\"}]},{\"@type\":\"WebSite\",\"@id\":\"https:\/\/www.swissraft.ch\/de\/#website\",\"url\":\"https:\/\/www.swissraft.ch\/de\/\",\"name\":\"Swissraft\",\"description\":\"To enjoy nature as it is\",\"publisher\":{\"@id\":\"https:\/\/www.swissraft.ch\/de\/#organization\"},\"potentialAction\":[{\"@type\":\"SearchAction\",\"target\":{\"@type\":\"EntryPoint\",\"urlTemplate\":\"https:\/\/www.swissraft.ch\/de\/?s={search_term_string}\"},\"query-input\":{\"@type\":\"PropertyValueSpecification\",\"valueRequired\":true,\"valueName\":\"search_term_string\"}}],\"inLanguage\":\"de\"},{\"@type\":\"Organization\",\"@id\":\"https:\/\/www.swissraft.ch\/de\/#organization\",\"name\":\"Swissraft\",\"url\":\"https:\/\/www.swissraft.ch\/de\/\",\"logo\":{\"@type\":\"ImageObject\",\"inLanguage\":\"de\",\"@id\":\"https:\/\/www.swissraft.ch\/de\/#\/schema\/logo\/image\/\",\"url\":\"https:\/\/www.swissraft.ch\/wp-content\/uploads\/2025\/09\/Capture.jpg\",\"contentUrl\":\"https:\/\/www.swissraft.ch\/wp-content\/uploads\/2025\/09\/Capture.jpg\",\"width\":293,\"height\":108,\"caption\":\"Swissraft\"},\"image\":{\"@id\":\"https:\/\/www.swissraft.ch\/de\/#\/schema\/logo\/image\/\"}}]}<\/script>\n<!-- \/ Yoast SEO plugin. -->","yoast_head_json":{"title":"Monster-Scooter - Crans-Montana, eine Abfahrt bis nach Siders","description":"Monster-Scooter - Crans-Montana im Wallis f\u00fcr eine rasante Abfahrt in Richtung Siders. Mit einer Walliser Picknickpause auf dem Halbenweg","robots":{"index":"index","follow":"follow","max-snippet":"max-snippet:-1","max-image-preview":"max-image-preview:large","max-video-preview":"max-video-preview:-1"},"canonical":"https:\/\/www.swissraft.ch\/de\/produkt\/monster-scooter-wallis-crans-montana\/","og_locale":"de_DE","og_type":"article","og_title":"Monster-Scooter - Crans-Montana, eine Abfahrt bis nach Siders","og_description":"Monster-Scooter - Crans-Montana im Wallis f\u00fcr eine rasante Abfahrt in Richtung Siders. Mit einer Walliser Picknickpause auf dem Halbenweg","og_url":"https:\/\/www.swissraft.ch\/de\/produkt\/monster-scooter-wallis-crans-montana\/","og_site_name":"Swissraft","article_modified_time":"2025-12-20T16:15:15+00:00","og_image":[{"width":776,"height":776,"url":"https:\/\/www.swissraft.ch\/wp-content\/uploads\/2023\/03\/1-1-Monster-scooter-crans-montana-776x776-1.jpg","type":"image\/jpeg"}],"twitter_card":"summary_large_image","twitter_misc":{"Gesch\u00e4tzte Lesezeit":"1\u00a0Minute"},"schema":{"@context":"https:\/\/schema.org","@graph":[{"@type":"WebPage","@id":"https:\/\/www.swissraft.ch\/de\/produkt\/monster-scooter-wallis-crans-montana\/","url":"https:\/\/www.swissraft.ch\/de\/produkt\/monster-scooter-wallis-crans-montana\/","name":"Monster-Scooter - Crans-Montana, eine Abfahrt bis nach Siders","isPartOf":{"@id":"https:\/\/www.swissraft.ch\/de\/#website"},"primaryImageOfPage":{"@id":"https:\/\/www.swissraft.ch\/de\/produkt\/monster-scooter-wallis-crans-montana\/#primaryimage"},"image":{"@id":"https:\/\/www.swissraft.ch\/de\/produkt\/monster-scooter-wallis-crans-montana\/#primaryimage"},"thumbnailUrl":"https:\/\/www.swissraft.ch\/wp-content\/uploads\/2023\/03\/1-1-Monster-scooter-crans-montana-776x776-1.jpg","datePublished":"2023-03-18T22:18:27+00:00","dateModified":"2025-12-20T16:15:15+00:00","description":"Monster-Scooter - Crans-Montana im Wallis f\u00fcr eine rasante Abfahrt in Richtung Siders. Mit einer Walliser Picknickpause auf dem Halbenweg","breadcrumb":{"@id":"https:\/\/www.swissraft.ch\/de\/produkt\/monster-scooter-wallis-crans-montana\/#breadcrumb"},"inLanguage":"de","potentialAction":[{"@type":"ReadAction","target":["https:\/\/www.swissraft.ch\/de\/produkt\/monster-scooter-wallis-crans-montana\/"]}]},{"@type":"ImageObject","inLanguage":"de","@id":"https:\/\/www.swissraft.ch\/de\/produkt\/monster-scooter-wallis-crans-montana\/#primaryimage","url":"https:\/\/www.swissraft.ch\/wp-content\/uploads\/2023\/03\/1-1-Monster-scooter-crans-montana-776x776-1.jpg","contentUrl":"https:\/\/www.swissraft.ch\/wp-content\/uploads\/2023\/03\/1-1-Monster-scooter-crans-montana-776x776-1.jpg","width":776,"height":776,"caption":"Monsterroller in Crans-Montana"},{"@type":"BreadcrumbList","@id":"https:\/\/www.swissraft.ch\/de\/produkt\/monster-scooter-wallis-crans-montana\/#breadcrumb","itemListElement":[{"@type":"ListItem","position":1,"name":"Accueil","item":"https:\/\/www.swissraft.ch\/de\/"},{"@type":"ListItem","position":2,"name":"Shop","item":"https:\/\/www.swissraft.ch\/de\/shop\/"},{"@type":"ListItem","position":3,"name":"MONSTER-SCOOTER im WALLIS &#8211; CRANS-MONTANA &#8211; CHF 85.00"}]},{"@type":"WebSite","@id":"https:\/\/www.swissraft.ch\/de\/#website","url":"https:\/\/www.swissraft.ch\/de\/","name":"Swissraft","description":"To enjoy nature as it is","publisher":{"@id":"https:\/\/www.swissraft.ch\/de\/#organization"},"potentialAction":[{"@type":"SearchAction","target":{"@type":"EntryPoint","urlTemplate":"https:\/\/www.swissraft.ch\/de\/?s={search_term_string}"},"query-input":{"@type":"PropertyValueSpecification","valueRequired":true,"valueName":"search_term_string"}}],"inLanguage":"de"},{"@type":"Organization","@id":"https:\/\/www.swissraft.ch\/de\/#organization","name":"Swissraft","url":"https:\/\/www.swissraft.ch\/de\/","logo":{"@type":"ImageObject","inLanguage":"de","@id":"https:\/\/www.swissraft.ch\/de\/#\/schema\/logo\/image\/","url":"https:\/\/www.swissraft.ch\/wp-content\/uploads\/2025\/09\/Capture.jpg","contentUrl":"https:\/\/www.swissraft.ch\/wp-content\/uploads\/2025\/09\/Capture.jpg","width":293,"height":108,"caption":"Swissraft"},"image":{"@id":"https:\/\/www.swissraft.ch\/de\/#\/schema\/logo\/image\/"}}]}},"_links":{"self":[{"href":"https:\/\/www.swissraft.ch\/de\/wp-json\/wp\/v2\/product\/91404","targetHints":{"allow":["GET"]}}],"collection":[{"href":"https:\/\/www.swissraft.ch\/de\/wp-json\/wp\/v2\/product"}],"about":[{"href":"https:\/\/www.swissraft.ch\/de\/wp-json\/wp\/v2\/types\/product"}],"replies":[{"embeddable":true,"href":"https:\/\/www.swissraft.ch\/de\/wp-json\/wp\/v2\/comments?post=91404"}],"version-history":[{"count":18,"href":"https:\/\/www.swissraft.ch\/de\/wp-json\/wp\/v2\/product\/91404\/revisions"}],"predecessor-version":[{"id":124686,"href":"https:\/\/www.swissraft.ch\/de\/wp-json\/wp\/v2\/product\/91404\/revisions\/124686"}],"wp:featuredmedia":[{"embeddable":true,"href":"https:\/\/www.swissraft.ch\/de\/wp-json\/wp\/v2\/media\/90724"}],"wp:attachment":[{"href":"https:\/\/www.swissraft.ch\/de\/wp-json\/wp\/v2\/media?parent=91404"}],"wp:term":[{"taxonomy":"product_cat","embeddable":true,"href":"https:\/\/www.swissraft.ch\/de\/wp-json\/wp\/v2\/product_cat?post=91404"},{"taxonomy":"product_tag","embeddable":true,"href":"https:\/\/www.swissraft.ch\/de\/wp-json\/wp\/v2\/product_tag?post=91404"}],"curies":[{"name":"wp","href":"https:\/\/api.w.org\/{rel}","templated":true}]}}