{"id":91399,"date":"2023-03-07T21:18:49","date_gmt":"2023-03-07T20:18:49","guid":{"rendered":"https:\/\/swissraft.xyanzkdne.eu\/product\/ziesel-in-hoch-ybrig-ab-chf-161-00\/"},"modified":"2025-10-08T04:48:11","modified_gmt":"2025-10-08T02:48:11","slug":"ziesel-hoch-ybrig","status":"publish","type":"product","link":"https:\/\/www.swissraft.ch\/de\/produkt\/ziesel-hoch-ybrig\/","title":{"rendered":"Ziesel in HOCH-YBRIG &#8211; Ab CHF 165.00"},"content":{"rendered":"\t\t<div data-elementor-type=\"wp-post\" data-elementor-id=\"91399\" class=\"elementor elementor-91399 elementor-31598\">\n\t\t\t\t\t\t\t\t\t<section class=\"elementor-section elementor-top-section elementor-element elementor-element-3303a7e3 elementor-section-boxed elementor-section-height-default elementor-section-height-default\" data-id=\"3303a7e3\" data-element_type=\"section\">\n\t\t\t\t\t\t<div class=\"elementor-container elementor-column-gap-default\">\n\t\t\t\t\t<div class=\"elementor-column elementor-col-100 elementor-top-column elementor-element elementor-element-16d72dbf\" data-id=\"16d72dbf\" data-element_type=\"column\">\n\t\t\t<div class=\"elementor-widget-wrap elementor-element-populated\">\n\t\t\t\t\t\t\t\t<div class=\"elementor-element elementor-element-d743c03 elementor-widget elementor-widget-text-editor\" data-id=\"d743c03\" data-element_type=\"widget\" data-widget_type=\"text-editor.default\">\n\t\t\t\t<div class=\"elementor-widget-container\">\n\t\t\t\t\t\t\t<h2>W\u00c4HLEN SIE UNTEN IHRE AKTIVIT\u00c4T AUS, UM GESCHENKGUTSCHEINE \/ TICKETS ZU VERSCHENKEN ODER ZU BUCHEN<\/h2><table border=\"0\" width=\"580\" cellspacing=\"10\" cellpadding=\"10\"><tbody><tr><td width=\"50%\"><strong>1) ZIESEL IN HOCH-YBRIG &#8211; 40 Min.<\/strong><\/td><td><strong>CHF 165.00 pro Person<span class=\"productPrice\"><br \/><\/span><\/strong><\/td><\/tr><tr><td>Zus\u00e4tzliche Informationen<\/td><td><span class=\"patt\">&#8211; Einverst\u00e4ndniserkl\u00e4rung der Eltern f\u00fcr Minderj\u00e4hrige<br \/>&#8211; Behindertengerecht<br \/>&#8211; Mindestens 40 cm Schnee<br \/>&#8211; Der Preis f\u00fcr die Skilifte ist in diesem Tarif nicht enthalten<\/span><\/td><\/tr><tr><td>Treffpunkt<\/td><td><a href=\"https:\/\/www.google.com\/maps\/place\/47%C2%B000'38.2%22N+8%C2%B047'09.8%22E\/@47.0106989,8.7838347,385m\/data=!3m1!1e3!4m4!3m3!8m2!3d47.0106111!4d8.7860556?entry=ttu\" target=\"_blank\" rel=\"noopener\">Talstation Sesselbahn Spirstock<\/a><\/td><\/tr><tr><td>Termine f\u00fcr den Tag der offenen T\u00fcr<\/td><td><strong>SONNTAGE<br \/><\/strong><strong style=\"font-family: inherit; font-size: inherit;\"><em>04 \/ 11 \/ 18 \/ 25 Januar 2026<br \/><\/em><\/strong><strong style=\"font-family: inherit; font-size: inherit;\"><em>01 \/ 15 \/ 22 Februar 2026<br \/><\/em><\/strong><strong style=\"font-family: inherit; font-size: inherit;\"><em>01 \/ 08 \/ 15 \/ 29. M\u00e4rz 2026<\/em><\/strong><\/td><\/tr><tr><td>Ziesel<\/td><td>40 Min.<\/td><\/tr><tr><td>Gesamtdauer<\/td><td>ca. 1 Std.<\/td><\/tr><tr><td><a href=\"https:\/\/swissraft.outdoorbooking.ch\/fo\/products\/1037?base_id=194&amp;category_id=33&amp;order_type=gift_voucher&amp;lang=de\" target=\"_blank\" rel=\"noopener\"><button class=\"elementor-button\" type=\"button\">GUTSCHEIN \/ TICKET KAUFEN<\/button><br \/><\/a><\/td><td><strong><em>WICHTIG !<br \/><\/em><\/strong><em>Nach Erhalt Ihres Gutscheins\/Tickets klicken Sie bitte auf die <strong>E-Mail-Adresse oben links auf dem Gutschein\/Ticket<\/strong>, um einen Termin f\u00fcr einen der oben aufgef\u00fchrten Tage der offenen T\u00fcr zu w\u00e4hlen.<\/em><\/td><\/tr><\/tbody><\/table><table border=\"0\" width=\"580\" cellspacing=\"10\" cellpadding=\"10\"><tbody><tr><td width=\"50%\"><strong>2) ZIESEL IN HOCH-YBRIG &#8211; 40 Min. &#8211; (ab 6 Pers.)<\/strong><\/td><td><strong>CHF 1&#8217;600.00 (6 Pers.)<span class=\"productPrice\"><br \/><\/span><\/strong><\/td><\/tr><tr><td>Weitere Informationen<\/td><td><span class=\"patt\">&#8211; Einverst\u00e4ndniserkl\u00e4rung der Eltern f\u00fcr Minderj\u00e4hrige<br \/>&#8211; Geeignet f\u00fcr Personen mit Behinderungen<br \/>&#8211; T\u00e4glich im Winter<br \/>&#8211; <strong>CHF 165.00<\/strong>\/Pers. zus\u00e4tzliche<br \/>&#8211; Mindestens 40 cm Schnee<br \/>&#8211; Die Kosten f\u00fcr die Skilifte sind in diesem Tarif nicht enthalten.<br \/><\/span><\/td><\/tr><tr><td>Treffpunkt<\/td><td><a href=\"https:\/\/www.google.com\/maps\/place\/47%C2%B000'38.2%22N+8%C2%B047'09.8%22E\/@47.0106989,8.7838347,385m\/data=!3m1!1e3!4m4!3m3!8m2!3d47.0106111!4d8.7860556?entry=ttueit\" target=\"_blank\" rel=\"noopener\">Talstation Sesselbahn Spirstock<\/a><\/td><\/tr><tr><td>Startzeit<\/td><td>11:00 Uhr<\/td><\/tr><tr><td>Ziesel<\/td><td>40 Min.<\/td><\/tr><tr><td>Gesamtdauer<\/td><td>ca. 1 Std.<\/td><\/tr><tr><td><a href=\"https:\/\/swissraft.outdoorbooking.ch\/fo\/products\/1039?base_id=194&amp;category_id=33&amp;order_type=gift_voucher&amp;lang=de\" target=\"_blank\" rel=\"noopener\"><button class=\"elementor-button\" type=\"button\">GUTSCHEIN \/ TICKET KAUFEN<\/button><br \/><\/a><\/td><td><strong>CHF 1&#8217;600.00 (6 Pers.)<br \/><\/strong><a href=\"https:\/\/swissraft.outdoorbooking.ch\/fo\/products\/1039?base_id=194&amp;category_id=33&amp;category_id=1&amp;order_type=event&amp;lang=de\" target=\"_blank\" rel=\"noopener\">RESERVIEREN SIE EIN DATUM<\/a><\/td><\/tr><\/tbody><\/table><table border=\"0\" width=\"580\" cellspacing=\"10\" cellpadding=\"10\"><tbody><tr><td width=\"50%\"><strong>3) VIP ZIESEL IN HOCH-YBRIG + BBQ-Grill &#8211; (ab 4 Pers.)<\/strong><\/td><td><strong>CHF 1&#8217;825.00 (4 Pers.)<span class=\"productPrice\"><br \/><\/span><\/strong><\/td><\/tr><tr><td>Weitere Informationen<\/td><td><span class=\"patt\">&#8211; Einverst\u00e4ndniserkl\u00e4rung der Eltern f\u00fcr Minderj\u00e4hrige<br \/>&#8211; Geeignet f\u00fcr Personen mit Behinderungen<br \/>&#8211; <strong>CHF 265.00<\/strong>\/Pers. zus\u00e4tzliche<br \/>&#8211; Maximal 20 Personen<br \/>&#8211; Mindestens 40 cm Schnee<br \/>&#8211; Die Kosten f\u00fcr die Skilifte sind in diesem Tarif nicht enthalten.<\/span><\/td><\/tr><tr><td>Treffpunkt<\/td><td><a href=\"https:\/\/www.google.com\/maps\/place\/47%C2%B000'38.2%22N+8%C2%B047'09.8%22E\/@47.0106989,8.7838347,385m\/data=!3m1!1e3!4m4!3m3!8m2!3d47.0106111!4d8.7860556?entry=ttu\" target=\"_blank\" rel=\"noopener\">Talstation Sesselbahn Spirstock<\/a><\/td><\/tr><tr><td>Startzeit<\/td><td>11:00 Uhr<\/td><\/tr><tr><td>Ziesel<\/td><td>40 Min.<\/td><\/tr><tr><td>Gesamtdauer<\/td><td>ca. 3 Std.<\/td><\/tr><tr><td><a href=\"https:\/\/swissraft.outdoorbooking.ch\/fo\/products\/1040?base_id=194&amp;category_id=33&amp;order_type=gift_voucher&amp;lang=de\" target=\"_blank\" rel=\"noopener\"><button class=\"elementor-button\" type=\"button\">GUTSCHEIN \/ TICKET KAUFEN<\/button><br \/><\/a><\/td><td><strong>CHF 1&#8217;825.00 (4 Pers.)<br \/><\/strong><a href=\"https:\/\/swissraft.outdoorbooking.ch\/fo\/products\/1040?base_id=194&amp;category_id=33&amp;category_id=1&amp;order_type=event&amp;lang=de\" target=\"_blank\" rel=\"noopener\">RESERVIEREN SIE EIN DATUM<\/a><\/td><\/tr><\/tbody><\/table>\t\t\t\t\t\t<\/div>\n\t\t\t\t<\/div>\n\t\t\t\t\t<\/div>\n\t\t<\/div>\n\t\t\t\t\t\t\t<\/div>\n\t\t<\/section>\n\t\t\t\t\t\t\t<\/div>\n\t\t","protected":false},"excerpt":{"rendered":"<div align=\"justify\">\n<h2 align=\"justify\">Der Ziesel in Hoch-Ybrig ist ein revolution\u00e4res Elektrofahrzeug f\u00fcr jedermann.<\/h2>\n<h3>Auch speziell f\u00fcr Personen mit eingeschr\u00e4nkter Mobilit\u00e4t entworfen, erleben Sie das gro\u00dfe Abenteuer mit dem bemerkenswerten Ziesel.<\/h3>\n<\/div>\n<div align=\"justify\">\n<p>Ziesel ist ein innovativer Sport, der seine T\u00fcren f\u00fcr alle Abenteuerlustigen \u00f6ffnet. Mit seinen gel\u00e4ndeg\u00e4ngigen Raupen bietet dieses au\u00dfergew\u00f6hnliche Fahrzeug eine unvergleichliche Vielseitigkeit. Ob im Schnee, auf Sand oder sogar auf schlammigem Untergrund, der Ziesel bringt Sie dorthin, wo Sie hin wollen. Mit einem einfachen Joystick k\u00f6nnen Sie dieses technische Wunderwerk man\u00f6vrieren. Was den Ziesel jedoch noch au\u00dfergew\u00f6hnlicher macht, ist seine Erschwinglichkeit. Er wurde speziell f\u00fcr Menschen mit motorischen Behinderungen entwickelt. Ob Paraplegie, Hemiplegie oder inkomplette Tetraplegie, der Diesel bietet ein unvergleichliches Fahrerlebnis. Mit einem Ziesel ist nichts unm\u00f6glich.<br \/>\nStellen Sie sich vor, Sie fahren auf schneebedeckten H\u00e4ngen, gleiten \u00fcber Sandd\u00fcnen oder bew\u00e4ltigen schlammige Wege in v\u00f6lliger Freiheit. Mit seinem robusten Design und seiner Wendigkeit garantiert Ihnen dieser Gel\u00e4ndewagen Nervenkitzel und unvergessliche Abenteuer. Die einfache Bedienung macht es f\u00fcr jeden zug\u00e4nglich, unabh\u00e4ngig von Ihrem Erfahrungsniveau oder Ihren k\u00f6rperlichen F\u00e4higkeiten.<br \/>\nDar\u00fcber hinaus f\u00f6rdert Ziesel die Inklusion, indem es Menschen mit eingeschr\u00e4nkter Mobilit\u00e4t erm\u00f6glicht, Momente der Freiheit und des Adrenalins zu erleben. Er ist mehr als nur ein einfaches Fortbewegungsmittel, er stellt eine echte Revolution in der Welt des Behindertensports dar. Ob Sie nun ein Fan von Nervenkitzel oder auf der Suche nach einer spielerischen und zug\u00e4nglichen Aktivit\u00e4t sind, Ziesel ist genau das Richtige f\u00fcr Sie. Erkunden Sie mit ihm neue Horizonte und erweitern Sie Ihre Grenzen, denn am Steuer eines Ziesel ist nichts unm\u00f6glich!<\/p>\n<h3>Swissraft bietet auch Schneemobiltouren ab Engelberg und Madesimo auf der S\u00fcdseite des Splugenpasses an.<\/h3>\n<p id=\"textarea\" style=\"display: none;\">\nAuf einer 3 km langen, pr\u00e4parierten Strecke in Engelberg k\u00f6nnen Sie mit einem elektrisch betriebenen Schneemobil oder Moonbike fahren. In Madesimo werden Sie die Cava- und Montespluga-Route genie\u00dfen. Ebenso die Tour vom Spl\u00fcgenpass bis zur Schweizer Grenze auf der italienischen Seite. Der Splugen-Pass und der Schwarzsee-Pass sind zwei herrliche Strecken. Nicht zu vergessen die ber\u00fchmte Grand Tour mit einem Zwischenstopp in einem Restaurant.\n<\/p>\n<p><a id=\"seeMore\" onclick=\"toggleSeeMore()\" href=\"javascript:void(0);\">Lesen Sie mehr<\/a><\/p>\n","protected":false},"featured_media":90190,"comment_status":"open","ping_status":"closed","template":"","meta":{"inline_featured_image":false,"_mi_skip_tracking":false},"product_cat":[280,322],"product_tag":[],"class_list":["post-91399","product","type-product","status-publish","has-post-thumbnail","hentry","product_cat-winter","product_cat-ziesel-in-hoch-ybrig"],"yoast_head":"<!-- This site is optimized with the Yoast SEO plugin v23.6 - https:\/\/yoast.com\/wordpress\/plugins\/seo\/ -->\n<title>Ziesel in Hoch-Ybrig, eine revolution\u00e4re Maschine erwartet Sie<\/title>\n<meta name=\"description\" content=\"Der Ziesel in Hoch-Ybrig, ein revolution\u00e4res Fahrzeug f\u00fcr alle. Dieses Elektrofahrzeug kommt absolut \u00fcberall hin und ist f\u00fcr Menschen mit Behinderungen geeignet.\" \/>\n<meta name=\"robots\" content=\"index, follow, max-snippet:-1, max-image-preview:large, max-video-preview:-1\" \/>\n<link rel=\"canonical\" href=\"https:\/\/www.swissraft.ch\/de\/produkt\/ziesel-hoch-ybrig\/\" \/>\n<meta property=\"og:locale\" content=\"de_DE\" \/>\n<meta property=\"og:type\" content=\"article\" \/>\n<meta property=\"og:title\" content=\"Ziesel in Hoch-Ybrig, eine revolution\u00e4re Maschine erwartet Sie\" \/>\n<meta property=\"og:description\" content=\"Der Ziesel in Hoch-Ybrig, ein revolution\u00e4res Fahrzeug f\u00fcr alle. Dieses Elektrofahrzeug kommt absolut \u00fcberall hin und ist f\u00fcr Menschen mit Behinderungen geeignet.\" \/>\n<meta property=\"og:url\" content=\"https:\/\/www.swissraft.ch\/de\/produkt\/ziesel-hoch-ybrig\/\" \/>\n<meta property=\"og:site_name\" content=\"Swissraft\" \/>\n<meta property=\"article:modified_time\" content=\"2025-10-08T02:48:11+00:00\" \/>\n<meta property=\"og:image\" content=\"https:\/\/www.swissraft.ch\/wp-content\/uploads\/2023\/03\/1-1-Hoch-Ybrig-776x776-1.jpg\" \/>\n\t<meta property=\"og:image:width\" content=\"776\" \/>\n\t<meta property=\"og:image:height\" content=\"776\" \/>\n\t<meta property=\"og:image:type\" content=\"image\/jpeg\" \/>\n<meta name=\"twitter:card\" content=\"summary_large_image\" \/>\n<meta name=\"twitter:label1\" content=\"Gesch\u00e4tzte Lesezeit\" \/>\n\t<meta name=\"twitter:data1\" content=\"2\u00a0Minuten\" \/>\n<script type=\"application\/ld+json\" class=\"yoast-schema-graph\">{\"@context\":\"https:\/\/schema.org\",\"@graph\":[{\"@type\":\"WebPage\",\"@id\":\"https:\/\/www.swissraft.ch\/de\/produkt\/ziesel-hoch-ybrig\/\",\"url\":\"https:\/\/www.swissraft.ch\/de\/produkt\/ziesel-hoch-ybrig\/\",\"name\":\"Ziesel in Hoch-Ybrig, eine revolution\u00e4re Maschine erwartet Sie\",\"isPartOf\":{\"@id\":\"https:\/\/www.swissraft.ch\/de\/#website\"},\"primaryImageOfPage\":{\"@id\":\"https:\/\/www.swissraft.ch\/de\/produkt\/ziesel-hoch-ybrig\/#primaryimage\"},\"image\":{\"@id\":\"https:\/\/www.swissraft.ch\/de\/produkt\/ziesel-hoch-ybrig\/#primaryimage\"},\"thumbnailUrl\":\"https:\/\/www.swissraft.ch\/wp-content\/uploads\/2023\/03\/1-1-Hoch-Ybrig-776x776-1.jpg\",\"datePublished\":\"2023-03-07T20:18:49+00:00\",\"dateModified\":\"2025-10-08T02:48:11+00:00\",\"description\":\"Der Ziesel in Hoch-Ybrig, ein revolution\u00e4res Fahrzeug f\u00fcr alle. Dieses Elektrofahrzeug kommt absolut \u00fcberall hin und ist f\u00fcr Menschen mit Behinderungen geeignet.\",\"breadcrumb\":{\"@id\":\"https:\/\/www.swissraft.ch\/de\/produkt\/ziesel-hoch-ybrig\/#breadcrumb\"},\"inLanguage\":\"de\",\"potentialAction\":[{\"@type\":\"ReadAction\",\"target\":[\"https:\/\/www.swissraft.ch\/de\/produkt\/ziesel-hoch-ybrig\/\"]}]},{\"@type\":\"ImageObject\",\"inLanguage\":\"de\",\"@id\":\"https:\/\/www.swissraft.ch\/de\/produkt\/ziesel-hoch-ybrig\/#primaryimage\",\"url\":\"https:\/\/www.swissraft.ch\/wp-content\/uploads\/2023\/03\/1-1-Hoch-Ybrig-776x776-1.jpg\",\"contentUrl\":\"https:\/\/www.swissraft.ch\/wp-content\/uploads\/2023\/03\/1-1-Hoch-Ybrig-776x776-1.jpg\",\"width\":776,\"height\":776,\"caption\":\"Ziesel in Hoch-Ybrig\"},{\"@type\":\"BreadcrumbList\",\"@id\":\"https:\/\/www.swissraft.ch\/de\/produkt\/ziesel-hoch-ybrig\/#breadcrumb\",\"itemListElement\":[{\"@type\":\"ListItem\",\"position\":1,\"name\":\"Accueil\",\"item\":\"https:\/\/www.swissraft.ch\/de\/\"},{\"@type\":\"ListItem\",\"position\":2,\"name\":\"Shop\",\"item\":\"https:\/\/www.swissraft.ch\/de\/shop\/\"},{\"@type\":\"ListItem\",\"position\":3,\"name\":\"Ziesel in HOCH-YBRIG &#8211; Ab CHF 165.00\"}]},{\"@type\":\"WebSite\",\"@id\":\"https:\/\/www.swissraft.ch\/de\/#website\",\"url\":\"https:\/\/www.swissraft.ch\/de\/\",\"name\":\"Swissraft\",\"description\":\"To enjoy nature as it is\",\"publisher\":{\"@id\":\"https:\/\/www.swissraft.ch\/de\/#organization\"},\"potentialAction\":[{\"@type\":\"SearchAction\",\"target\":{\"@type\":\"EntryPoint\",\"urlTemplate\":\"https:\/\/www.swissraft.ch\/de\/?s={search_term_string}\"},\"query-input\":{\"@type\":\"PropertyValueSpecification\",\"valueRequired\":true,\"valueName\":\"search_term_string\"}}],\"inLanguage\":\"de\"},{\"@type\":\"Organization\",\"@id\":\"https:\/\/www.swissraft.ch\/de\/#organization\",\"name\":\"Swissraft\",\"url\":\"https:\/\/www.swissraft.ch\/de\/\",\"logo\":{\"@type\":\"ImageObject\",\"inLanguage\":\"de\",\"@id\":\"https:\/\/www.swissraft.ch\/de\/#\/schema\/logo\/image\/\",\"url\":\"https:\/\/www.swissraft.ch\/wp-content\/uploads\/2025\/09\/Capture.jpg\",\"contentUrl\":\"https:\/\/www.swissraft.ch\/wp-content\/uploads\/2025\/09\/Capture.jpg\",\"width\":293,\"height\":108,\"caption\":\"Swissraft\"},\"image\":{\"@id\":\"https:\/\/www.swissraft.ch\/de\/#\/schema\/logo\/image\/\"}}]}<\/script>\n<!-- \/ Yoast SEO plugin. -->","yoast_head_json":{"title":"Ziesel in Hoch-Ybrig, eine revolution\u00e4re Maschine erwartet Sie","description":"Der Ziesel in Hoch-Ybrig, ein revolution\u00e4res Fahrzeug f\u00fcr alle. Dieses Elektrofahrzeug kommt absolut \u00fcberall hin und ist f\u00fcr Menschen mit Behinderungen geeignet.","robots":{"index":"index","follow":"follow","max-snippet":"max-snippet:-1","max-image-preview":"max-image-preview:large","max-video-preview":"max-video-preview:-1"},"canonical":"https:\/\/www.swissraft.ch\/de\/produkt\/ziesel-hoch-ybrig\/","og_locale":"de_DE","og_type":"article","og_title":"Ziesel in Hoch-Ybrig, eine revolution\u00e4re Maschine erwartet Sie","og_description":"Der Ziesel in Hoch-Ybrig, ein revolution\u00e4res Fahrzeug f\u00fcr alle. Dieses Elektrofahrzeug kommt absolut \u00fcberall hin und ist f\u00fcr Menschen mit Behinderungen geeignet.","og_url":"https:\/\/www.swissraft.ch\/de\/produkt\/ziesel-hoch-ybrig\/","og_site_name":"Swissraft","article_modified_time":"2025-10-08T02:48:11+00:00","og_image":[{"width":776,"height":776,"url":"https:\/\/www.swissraft.ch\/wp-content\/uploads\/2023\/03\/1-1-Hoch-Ybrig-776x776-1.jpg","type":"image\/jpeg"}],"twitter_card":"summary_large_image","twitter_misc":{"Gesch\u00e4tzte Lesezeit":"2\u00a0Minuten"},"schema":{"@context":"https:\/\/schema.org","@graph":[{"@type":"WebPage","@id":"https:\/\/www.swissraft.ch\/de\/produkt\/ziesel-hoch-ybrig\/","url":"https:\/\/www.swissraft.ch\/de\/produkt\/ziesel-hoch-ybrig\/","name":"Ziesel in Hoch-Ybrig, eine revolution\u00e4re Maschine erwartet Sie","isPartOf":{"@id":"https:\/\/www.swissraft.ch\/de\/#website"},"primaryImageOfPage":{"@id":"https:\/\/www.swissraft.ch\/de\/produkt\/ziesel-hoch-ybrig\/#primaryimage"},"image":{"@id":"https:\/\/www.swissraft.ch\/de\/produkt\/ziesel-hoch-ybrig\/#primaryimage"},"thumbnailUrl":"https:\/\/www.swissraft.ch\/wp-content\/uploads\/2023\/03\/1-1-Hoch-Ybrig-776x776-1.jpg","datePublished":"2023-03-07T20:18:49+00:00","dateModified":"2025-10-08T02:48:11+00:00","description":"Der Ziesel in Hoch-Ybrig, ein revolution\u00e4res Fahrzeug f\u00fcr alle. Dieses Elektrofahrzeug kommt absolut \u00fcberall hin und ist f\u00fcr Menschen mit Behinderungen geeignet.","breadcrumb":{"@id":"https:\/\/www.swissraft.ch\/de\/produkt\/ziesel-hoch-ybrig\/#breadcrumb"},"inLanguage":"de","potentialAction":[{"@type":"ReadAction","target":["https:\/\/www.swissraft.ch\/de\/produkt\/ziesel-hoch-ybrig\/"]}]},{"@type":"ImageObject","inLanguage":"de","@id":"https:\/\/www.swissraft.ch\/de\/produkt\/ziesel-hoch-ybrig\/#primaryimage","url":"https:\/\/www.swissraft.ch\/wp-content\/uploads\/2023\/03\/1-1-Hoch-Ybrig-776x776-1.jpg","contentUrl":"https:\/\/www.swissraft.ch\/wp-content\/uploads\/2023\/03\/1-1-Hoch-Ybrig-776x776-1.jpg","width":776,"height":776,"caption":"Ziesel in Hoch-Ybrig"},{"@type":"BreadcrumbList","@id":"https:\/\/www.swissraft.ch\/de\/produkt\/ziesel-hoch-ybrig\/#breadcrumb","itemListElement":[{"@type":"ListItem","position":1,"name":"Accueil","item":"https:\/\/www.swissraft.ch\/de\/"},{"@type":"ListItem","position":2,"name":"Shop","item":"https:\/\/www.swissraft.ch\/de\/shop\/"},{"@type":"ListItem","position":3,"name":"Ziesel in HOCH-YBRIG &#8211; Ab CHF 165.00"}]},{"@type":"WebSite","@id":"https:\/\/www.swissraft.ch\/de\/#website","url":"https:\/\/www.swissraft.ch\/de\/","name":"Swissraft","description":"To enjoy nature as it is","publisher":{"@id":"https:\/\/www.swissraft.ch\/de\/#organization"},"potentialAction":[{"@type":"SearchAction","target":{"@type":"EntryPoint","urlTemplate":"https:\/\/www.swissraft.ch\/de\/?s={search_term_string}"},"query-input":{"@type":"PropertyValueSpecification","valueRequired":true,"valueName":"search_term_string"}}],"inLanguage":"de"},{"@type":"Organization","@id":"https:\/\/www.swissraft.ch\/de\/#organization","name":"Swissraft","url":"https:\/\/www.swissraft.ch\/de\/","logo":{"@type":"ImageObject","inLanguage":"de","@id":"https:\/\/www.swissraft.ch\/de\/#\/schema\/logo\/image\/","url":"https:\/\/www.swissraft.ch\/wp-content\/uploads\/2025\/09\/Capture.jpg","contentUrl":"https:\/\/www.swissraft.ch\/wp-content\/uploads\/2025\/09\/Capture.jpg","width":293,"height":108,"caption":"Swissraft"},"image":{"@id":"https:\/\/www.swissraft.ch\/de\/#\/schema\/logo\/image\/"}}]}},"_links":{"self":[{"href":"https:\/\/www.swissraft.ch\/de\/wp-json\/wp\/v2\/product\/91399","targetHints":{"allow":["GET"]}}],"collection":[{"href":"https:\/\/www.swissraft.ch\/de\/wp-json\/wp\/v2\/product"}],"about":[{"href":"https:\/\/www.swissraft.ch\/de\/wp-json\/wp\/v2\/types\/product"}],"replies":[{"embeddable":true,"href":"https:\/\/www.swissraft.ch\/de\/wp-json\/wp\/v2\/comments?post=91399"}],"version-history":[{"count":68,"href":"https:\/\/www.swissraft.ch\/de\/wp-json\/wp\/v2\/product\/91399\/revisions"}],"predecessor-version":[{"id":122881,"href":"https:\/\/www.swissraft.ch\/de\/wp-json\/wp\/v2\/product\/91399\/revisions\/122881"}],"wp:featuredmedia":[{"embeddable":true,"href":"https:\/\/www.swissraft.ch\/de\/wp-json\/wp\/v2\/media\/90190"}],"wp:attachment":[{"href":"https:\/\/www.swissraft.ch\/de\/wp-json\/wp\/v2\/media?parent=91399"}],"wp:term":[{"taxonomy":"product_cat","embeddable":true,"href":"https:\/\/www.swissraft.ch\/de\/wp-json\/wp\/v2\/product_cat?post=91399"},{"taxonomy":"product_tag","embeddable":true,"href":"https:\/\/www.swissraft.ch\/de\/wp-json\/wp\/v2\/product_tag?post=91399"}],"curies":[{"name":"wp","href":"https:\/\/api.w.org\/{rel}","templated":true}]}}