{"id":91397,"date":"2023-03-19T17:20:36","date_gmt":"2023-03-19T16:20:36","guid":{"rendered":"https:\/\/swissraft.xyanzkdne.eu\/product\/schulreise-ins-saanenland-easy-rafting-sarine-gstaad-rougemont-chf-60-00\/"},"modified":"2025-12-27T17:20:18","modified_gmt":"2025-12-27T16:20:18","slug":"schulreise-easy-rafting-saane-saanenland-gstaad-rougemont","status":"publish","type":"product","link":"https:\/\/www.swissraft.ch\/de\/produkt\/schulreise-easy-rafting-saane-saanenland-gstaad-rougemont\/","title":{"rendered":"Schulreise &#8211; SAANENLAND &#8211; EASY RAFTING &#8211; SAANE &#8211; GSTAAD-ROUGEMONT &#8211; CHF 60.00"},"content":{"rendered":"\t\t<div data-elementor-type=\"wp-post\" data-elementor-id=\"91397\" class=\"elementor elementor-91397 elementor-31801\">\n\t\t\t\t\t\t\t\t\t<section class=\"elementor-section elementor-top-section elementor-element elementor-element-3303a7e3 elementor-section-boxed elementor-section-height-default elementor-section-height-default\" data-id=\"3303a7e3\" data-element_type=\"section\">\n\t\t\t\t\t\t<div class=\"elementor-container elementor-column-gap-default\">\n\t\t\t\t\t<div class=\"elementor-column elementor-col-100 elementor-top-column elementor-element elementor-element-16d72dbf\" data-id=\"16d72dbf\" data-element_type=\"column\">\n\t\t\t<div class=\"elementor-widget-wrap elementor-element-populated\">\n\t\t\t\t\t\t\t\t<div class=\"elementor-element elementor-element-d743c03 elementor-widget elementor-widget-text-editor\" data-id=\"d743c03\" data-element_type=\"widget\" data-widget_type=\"text-editor.default\">\n\t\t\t\t<div class=\"elementor-widget-container\">\n\t\t\t\t\t\t\t<h2>W\u00c4HLEN SIE UNTEN IHRE AKTIVIT\u00c4T AUS, UM GESCHENKGUTSCHEINE \/ TICKETS ZU VERSCHENKEN ODER ZU BUCHEN<\/h2><table border=\"0\" width=\"580\" cellspacing=\"10\" cellpadding=\"10\"><tbody><tr><td width=\"50%\"><strong>SCHULAUSFLUG &#8211; EASY RAFTING &#8211; SAANEN + Getr\u00e4nk<\/strong><\/td><td><strong>CHF 60.00 pro Sch\u00fcler<span class=\"productPrice\"><br \/><\/span><\/strong><\/td><\/tr><tr><td>Zus\u00e4tzliche Informationen<\/td><td>&#8211;<span class=\"patt\"> Mindestalter 8 Jahre<br \/><\/span>&#8211; Erwachsene Begleitperson erforderlich<\/td><\/tr><tr><td>Strecke<\/td><td><strong>Gstaad-Rougemont<\/strong><\/td><\/tr><tr><td>Startzeiten<\/td><td>10:00 Uhr\/ 14:00 Uhr<\/td><\/tr><tr><td>Easy Rafting oder Fun Rafting<\/td><td>ca. 40 Min.<\/td><\/tr><tr><td>Gesamtdauer<\/td><td>ca. 2 Std.<\/td><\/tr><tr><td>Treffpunkt<\/td><td><span style=\"color: #ff6600;\"><a href=\"https:\/\/www.google.com\/maps\/place\/46%C2%B028'03.8%22N+7%C2%B007'32.8%22E\/@46.4677963,7.1234029,472m\/data=!3m1!1e3!4m4!3m3!8m2!3d46.467715!4d7.125784?entry=ttu&amp;g_ep=EgoyMDI1MDIwNS4wIKXMDSoASAFQAw%3D%3D\" target=\"_blank\" rel=\"noopener\">Camping du berceau<\/a> <\/span><\/td><\/tr><tr><td>Schwierigkeitsgrad<\/td><td>1 \u00e0 2<\/td><\/tr><tr><td>\u00a0<\/td><td>Um zu buchen : <span style=\"color: #ff6600;\"><a href=\"https:\/\/www.swissraft.ch\/de\/kontakt\/\">Kontaktieren Sie uns<\/a><\/span><\/td><\/tr><\/tbody><\/table>\t\t\t\t\t\t<\/div>\n\t\t\t\t<\/div>\n\t\t\t\t\t<\/div>\n\t\t<\/div>\n\t\t\t\t\t\t\t<\/div>\n\t\t<\/section>\n\t\t\t\t\t\t\t<\/div>\n\t\t","protected":false},"excerpt":{"rendered":"<div align=\"justify\">\n<h2 align=\"justify\">Easy-Rafting-Schulausflug auf der Saane f\u00fcr kleine, abenteuerlustige Sch\u00fcler<\/h2>\n<h3>Von Gstaad nach Rougemont an der Saane &#8211; Ihr Schulausflug f\u00fcr die Kleinsten wird ein gro\u00dfer Erfolg sein<\/h3>\n<\/div>\n<div align=\"justify\">\n<p>Die Sch\u00fcler versammeln sich aufgeregt am Startpunkt in Gstaad. Nach den Sicherheitsanweisungen steigen sie in die Boote. Lachen und Freudenschreie hallen \u00fcber das Wasser. Nach kurzer Zeit fuhr die Gruppe auf der Saane. Das Wasser flie\u00dft ruhig, so dass der Weg f\u00fcr alle angenehm ist. Erfahrene Lehrer sorgen daf\u00fcr, dass die Jugendlichen sicher paddeln k\u00f6nnen.<br \/>\nDie leichten Stromschnellen verleihen dem Abenteuer einen gewissen Nervenkitzel. Die Teilnehmer konzentrieren sich auf das gemeinsame Man\u00f6vrieren. Die bezaubernde Landschaft des <a href=\"https:\/\/fr.wikipedia.org\/wiki\/Oberland_bernois\" target=\"_blank\" rel=\"noopener\">Berner Oberlandes<\/a> zieht an ihnen vorbei. Die Berge und gr\u00fcnen W\u00e4lder begleiten Sie auf dem ganzen Weg.<br \/>\nSchlie\u00dflich kommen Sie in Rougemont im <a href=\"https:\/\/fr.wikipedia.org\/wiki\/District_du_Pays-d%27Enhaut\" target=\"_blank\" rel=\"noopener\">Pays d&#8217;Enhaut<\/a> an. Die Kinder steigen von den Booten, gl\u00fccklich und stolz auf ihre Leistung. Dieser Ausflug hinterl\u00e4sst bei allen Teilnehmern unvergessliche Erinnerungen. <a href=\"https:\/\/de.wikipedia.org\/wiki\/Rafting\" target=\"_blank\" rel=\"noopener\">Fun Rafting<\/a> ist eine sch\u00f6ne Art, die Natur zu entdecken und dabei Spa\u00df zu haben.<\/p>\n<h3>Swissraft bietet f\u00fcr Schulausfl\u00fcge weitere Easy Rafting oder Fun Rafting Strecken in der Schweiz an.<\/h3>\n<p id=\"textarea\" style=\"display: none;\">\nIm Wallis k\u00f6nnen Sie Easy Rafting oder Fun Rafting auf der Rh\u00f4ne zwischen Chippis und St. L\u00e9onard. Aber auch auf dem Ticino im Tessin zwischen <a href=\"\/product\/course-ecole-easy-rafting-ticino-tessin-cresciano-gorduno\/\" target=\"_blank\" rel=\"noopener\">Cresciano und Bellinzona<\/a>. Au\u00dferdem bieten wir in der Zentralschweiz Easy Rafting auf der Reuss mit vielen verschiedenen Strecken an. Aber auch auf der Aare auf der Seite von Bern. Oder auf dem Rhein unterhalb des Rheinfalls. Swissraft bietet zwei Routen an, eine halbtags und eine ganztags.<br \/>\nWenn Sie mehr Action f\u00fcr \u00e4ltere Sch\u00fcler w\u00fcnschen, k\u00f6nnen Sie sich f\u00fcr eine Rafting-Tour auf den sch\u00f6nsten Fl\u00fcssen der Schweiz entscheiden.\n<\/p>\n<p><a id=\"seeMore\" onclick=\"toggleSeeMore()\" href=\"javascript:void(0);\">Lesen Sie mehr<\/a><\/p>\n","protected":false},"featured_media":90913,"comment_status":"open","ping_status":"closed","template":"","meta":{"inline_featured_image":false,"_mi_skip_tracking":false},"product_cat":[275,634,276],"product_tag":[],"class_list":["post-91397","product","type-product","status-publish","has-post-thumbnail","hentry","product_cat-gruppen","product_cat-schulreise-easy-rafting-in-der-schweiz","product_cat-schulreise-klassenausflug"],"yoast_head":"<!-- This site is optimized with the Yoast SEO plugin v23.6 - https:\/\/yoast.com\/wordpress\/plugins\/seo\/ -->\n<title>Schulausflug Easy Rafting Sarine<\/title>\n<meta name=\"description\" content=\"Schulreise Easy Rafting Sarine. Die Strecke zwischen Gstaad im Berner Oberland und Rougemont im Pays d&#039;Enhaut ist f\u00fcr j\u00fcngere Sch\u00fcler geeignet.\" \/>\n<meta name=\"robots\" content=\"index, follow, max-snippet:-1, max-image-preview:large, max-video-preview:-1\" \/>\n<link rel=\"canonical\" href=\"https:\/\/www.swissraft.ch\/de\/produkt\/schulreise-easy-rafting-saane-saanenland-gstaad-rougemont\/\" \/>\n<meta property=\"og:locale\" content=\"de_DE\" \/>\n<meta property=\"og:type\" content=\"article\" \/>\n<meta property=\"og:title\" content=\"Schulausflug Easy Rafting Sarine\" \/>\n<meta property=\"og:description\" content=\"Schulreise Easy Rafting Sarine. Die Strecke zwischen Gstaad im Berner Oberland und Rougemont im Pays d&#039;Enhaut ist f\u00fcr j\u00fcngere Sch\u00fcler geeignet.\" \/>\n<meta property=\"og:url\" content=\"https:\/\/www.swissraft.ch\/de\/produkt\/schulreise-easy-rafting-saane-saanenland-gstaad-rougemont\/\" \/>\n<meta property=\"og:site_name\" content=\"Swissraft\" \/>\n<meta property=\"article:modified_time\" content=\"2025-12-27T16:20:18+00:00\" \/>\n<meta property=\"og:image\" content=\"https:\/\/www.swissraft.ch\/wp-content\/uploads\/2023\/03\/Easy-rafting-en-Suisse-Romande-776x776-1.jpg\" \/>\n\t<meta property=\"og:image:width\" content=\"776\" \/>\n\t<meta property=\"og:image:height\" content=\"776\" \/>\n\t<meta property=\"og:image:type\" content=\"image\/jpeg\" \/>\n<meta name=\"twitter:card\" content=\"summary_large_image\" \/>\n<meta name=\"twitter:label1\" content=\"Gesch\u00e4tzte Lesezeit\" \/>\n\t<meta name=\"twitter:data1\" content=\"1\u00a0Minute\" \/>\n<script type=\"application\/ld+json\" class=\"yoast-schema-graph\">{\"@context\":\"https:\/\/schema.org\",\"@graph\":[{\"@type\":\"WebPage\",\"@id\":\"https:\/\/www.swissraft.ch\/de\/produkt\/schulreise-easy-rafting-saane-saanenland-gstaad-rougemont\/\",\"url\":\"https:\/\/www.swissraft.ch\/de\/produkt\/schulreise-easy-rafting-saane-saanenland-gstaad-rougemont\/\",\"name\":\"Schulausflug Easy Rafting Sarine\",\"isPartOf\":{\"@id\":\"https:\/\/www.swissraft.ch\/de\/#website\"},\"primaryImageOfPage\":{\"@id\":\"https:\/\/www.swissraft.ch\/de\/produkt\/schulreise-easy-rafting-saane-saanenland-gstaad-rougemont\/#primaryimage\"},\"image\":{\"@id\":\"https:\/\/www.swissraft.ch\/de\/produkt\/schulreise-easy-rafting-saane-saanenland-gstaad-rougemont\/#primaryimage\"},\"thumbnailUrl\":\"https:\/\/www.swissraft.ch\/wp-content\/uploads\/2023\/03\/Easy-rafting-en-Suisse-Romande-776x776-1.jpg\",\"datePublished\":\"2023-03-19T16:20:36+00:00\",\"dateModified\":\"2025-12-27T16:20:18+00:00\",\"description\":\"Schulreise Easy Rafting Sarine. Die Strecke zwischen Gstaad im Berner Oberland und Rougemont im Pays d'Enhaut ist f\u00fcr j\u00fcngere Sch\u00fcler geeignet.\",\"breadcrumb\":{\"@id\":\"https:\/\/www.swissraft.ch\/de\/produkt\/schulreise-easy-rafting-saane-saanenland-gstaad-rougemont\/#breadcrumb\"},\"inLanguage\":\"de\",\"potentialAction\":[{\"@type\":\"ReadAction\",\"target\":[\"https:\/\/www.swissraft.ch\/de\/produkt\/schulreise-easy-rafting-saane-saanenland-gstaad-rougemont\/\"]}]},{\"@type\":\"ImageObject\",\"inLanguage\":\"de\",\"@id\":\"https:\/\/www.swissraft.ch\/de\/produkt\/schulreise-easy-rafting-saane-saanenland-gstaad-rougemont\/#primaryimage\",\"url\":\"https:\/\/www.swissraft.ch\/wp-content\/uploads\/2023\/03\/Easy-rafting-en-Suisse-Romande-776x776-1.jpg\",\"contentUrl\":\"https:\/\/www.swissraft.ch\/wp-content\/uploads\/2023\/03\/Easy-rafting-en-Suisse-Romande-776x776-1.jpg\",\"width\":776,\"height\":776,\"caption\":\"Esay Rafting auf der Saane - Schulausflug\"},{\"@type\":\"BreadcrumbList\",\"@id\":\"https:\/\/www.swissraft.ch\/de\/produkt\/schulreise-easy-rafting-saane-saanenland-gstaad-rougemont\/#breadcrumb\",\"itemListElement\":[{\"@type\":\"ListItem\",\"position\":1,\"name\":\"Accueil\",\"item\":\"https:\/\/www.swissraft.ch\/de\/\"},{\"@type\":\"ListItem\",\"position\":2,\"name\":\"Shop\",\"item\":\"https:\/\/www.swissraft.ch\/de\/shop\/\"},{\"@type\":\"ListItem\",\"position\":3,\"name\":\"Schulreise &#8211; SAANENLAND &#8211; EASY RAFTING &#8211; SAANE &#8211; GSTAAD-ROUGEMONT &#8211; CHF 60.00\"}]},{\"@type\":\"WebSite\",\"@id\":\"https:\/\/www.swissraft.ch\/de\/#website\",\"url\":\"https:\/\/www.swissraft.ch\/de\/\",\"name\":\"Swissraft\",\"description\":\"To enjoy nature as it is\",\"publisher\":{\"@id\":\"https:\/\/www.swissraft.ch\/de\/#organization\"},\"potentialAction\":[{\"@type\":\"SearchAction\",\"target\":{\"@type\":\"EntryPoint\",\"urlTemplate\":\"https:\/\/www.swissraft.ch\/de\/?s={search_term_string}\"},\"query-input\":{\"@type\":\"PropertyValueSpecification\",\"valueRequired\":true,\"valueName\":\"search_term_string\"}}],\"inLanguage\":\"de\"},{\"@type\":\"Organization\",\"@id\":\"https:\/\/www.swissraft.ch\/de\/#organization\",\"name\":\"Swissraft\",\"url\":\"https:\/\/www.swissraft.ch\/de\/\",\"logo\":{\"@type\":\"ImageObject\",\"inLanguage\":\"de\",\"@id\":\"https:\/\/www.swissraft.ch\/de\/#\/schema\/logo\/image\/\",\"url\":\"https:\/\/www.swissraft.ch\/wp-content\/uploads\/2025\/09\/Capture.jpg\",\"contentUrl\":\"https:\/\/www.swissraft.ch\/wp-content\/uploads\/2025\/09\/Capture.jpg\",\"width\":293,\"height\":108,\"caption\":\"Swissraft\"},\"image\":{\"@id\":\"https:\/\/www.swissraft.ch\/de\/#\/schema\/logo\/image\/\"}}]}<\/script>\n<!-- \/ Yoast SEO plugin. -->","yoast_head_json":{"title":"Schulausflug Easy Rafting Sarine","description":"Schulreise Easy Rafting Sarine. Die Strecke zwischen Gstaad im Berner Oberland und Rougemont im Pays d'Enhaut ist f\u00fcr j\u00fcngere Sch\u00fcler geeignet.","robots":{"index":"index","follow":"follow","max-snippet":"max-snippet:-1","max-image-preview":"max-image-preview:large","max-video-preview":"max-video-preview:-1"},"canonical":"https:\/\/www.swissraft.ch\/de\/produkt\/schulreise-easy-rafting-saane-saanenland-gstaad-rougemont\/","og_locale":"de_DE","og_type":"article","og_title":"Schulausflug Easy Rafting Sarine","og_description":"Schulreise Easy Rafting Sarine. Die Strecke zwischen Gstaad im Berner Oberland und Rougemont im Pays d'Enhaut ist f\u00fcr j\u00fcngere Sch\u00fcler geeignet.","og_url":"https:\/\/www.swissraft.ch\/de\/produkt\/schulreise-easy-rafting-saane-saanenland-gstaad-rougemont\/","og_site_name":"Swissraft","article_modified_time":"2025-12-27T16:20:18+00:00","og_image":[{"width":776,"height":776,"url":"https:\/\/www.swissraft.ch\/wp-content\/uploads\/2023\/03\/Easy-rafting-en-Suisse-Romande-776x776-1.jpg","type":"image\/jpeg"}],"twitter_card":"summary_large_image","twitter_misc":{"Gesch\u00e4tzte Lesezeit":"1\u00a0Minute"},"schema":{"@context":"https:\/\/schema.org","@graph":[{"@type":"WebPage","@id":"https:\/\/www.swissraft.ch\/de\/produkt\/schulreise-easy-rafting-saane-saanenland-gstaad-rougemont\/","url":"https:\/\/www.swissraft.ch\/de\/produkt\/schulreise-easy-rafting-saane-saanenland-gstaad-rougemont\/","name":"Schulausflug Easy Rafting Sarine","isPartOf":{"@id":"https:\/\/www.swissraft.ch\/de\/#website"},"primaryImageOfPage":{"@id":"https:\/\/www.swissraft.ch\/de\/produkt\/schulreise-easy-rafting-saane-saanenland-gstaad-rougemont\/#primaryimage"},"image":{"@id":"https:\/\/www.swissraft.ch\/de\/produkt\/schulreise-easy-rafting-saane-saanenland-gstaad-rougemont\/#primaryimage"},"thumbnailUrl":"https:\/\/www.swissraft.ch\/wp-content\/uploads\/2023\/03\/Easy-rafting-en-Suisse-Romande-776x776-1.jpg","datePublished":"2023-03-19T16:20:36+00:00","dateModified":"2025-12-27T16:20:18+00:00","description":"Schulreise Easy Rafting Sarine. Die Strecke zwischen Gstaad im Berner Oberland und Rougemont im Pays d'Enhaut ist f\u00fcr j\u00fcngere Sch\u00fcler geeignet.","breadcrumb":{"@id":"https:\/\/www.swissraft.ch\/de\/produkt\/schulreise-easy-rafting-saane-saanenland-gstaad-rougemont\/#breadcrumb"},"inLanguage":"de","potentialAction":[{"@type":"ReadAction","target":["https:\/\/www.swissraft.ch\/de\/produkt\/schulreise-easy-rafting-saane-saanenland-gstaad-rougemont\/"]}]},{"@type":"ImageObject","inLanguage":"de","@id":"https:\/\/www.swissraft.ch\/de\/produkt\/schulreise-easy-rafting-saane-saanenland-gstaad-rougemont\/#primaryimage","url":"https:\/\/www.swissraft.ch\/wp-content\/uploads\/2023\/03\/Easy-rafting-en-Suisse-Romande-776x776-1.jpg","contentUrl":"https:\/\/www.swissraft.ch\/wp-content\/uploads\/2023\/03\/Easy-rafting-en-Suisse-Romande-776x776-1.jpg","width":776,"height":776,"caption":"Esay Rafting auf der Saane - Schulausflug"},{"@type":"BreadcrumbList","@id":"https:\/\/www.swissraft.ch\/de\/produkt\/schulreise-easy-rafting-saane-saanenland-gstaad-rougemont\/#breadcrumb","itemListElement":[{"@type":"ListItem","position":1,"name":"Accueil","item":"https:\/\/www.swissraft.ch\/de\/"},{"@type":"ListItem","position":2,"name":"Shop","item":"https:\/\/www.swissraft.ch\/de\/shop\/"},{"@type":"ListItem","position":3,"name":"Schulreise &#8211; SAANENLAND &#8211; EASY RAFTING &#8211; SAANE &#8211; GSTAAD-ROUGEMONT &#8211; CHF 60.00"}]},{"@type":"WebSite","@id":"https:\/\/www.swissraft.ch\/de\/#website","url":"https:\/\/www.swissraft.ch\/de\/","name":"Swissraft","description":"To enjoy nature as it is","publisher":{"@id":"https:\/\/www.swissraft.ch\/de\/#organization"},"potentialAction":[{"@type":"SearchAction","target":{"@type":"EntryPoint","urlTemplate":"https:\/\/www.swissraft.ch\/de\/?s={search_term_string}"},"query-input":{"@type":"PropertyValueSpecification","valueRequired":true,"valueName":"search_term_string"}}],"inLanguage":"de"},{"@type":"Organization","@id":"https:\/\/www.swissraft.ch\/de\/#organization","name":"Swissraft","url":"https:\/\/www.swissraft.ch\/de\/","logo":{"@type":"ImageObject","inLanguage":"de","@id":"https:\/\/www.swissraft.ch\/de\/#\/schema\/logo\/image\/","url":"https:\/\/www.swissraft.ch\/wp-content\/uploads\/2025\/09\/Capture.jpg","contentUrl":"https:\/\/www.swissraft.ch\/wp-content\/uploads\/2025\/09\/Capture.jpg","width":293,"height":108,"caption":"Swissraft"},"image":{"@id":"https:\/\/www.swissraft.ch\/de\/#\/schema\/logo\/image\/"}}]}},"_links":{"self":[{"href":"https:\/\/www.swissraft.ch\/de\/wp-json\/wp\/v2\/product\/91397","targetHints":{"allow":["GET"]}}],"collection":[{"href":"https:\/\/www.swissraft.ch\/de\/wp-json\/wp\/v2\/product"}],"about":[{"href":"https:\/\/www.swissraft.ch\/de\/wp-json\/wp\/v2\/types\/product"}],"replies":[{"embeddable":true,"href":"https:\/\/www.swissraft.ch\/de\/wp-json\/wp\/v2\/comments?post=91397"}],"version-history":[{"count":35,"href":"https:\/\/www.swissraft.ch\/de\/wp-json\/wp\/v2\/product\/91397\/revisions"}],"predecessor-version":[{"id":125352,"href":"https:\/\/www.swissraft.ch\/de\/wp-json\/wp\/v2\/product\/91397\/revisions\/125352"}],"wp:featuredmedia":[{"embeddable":true,"href":"https:\/\/www.swissraft.ch\/de\/wp-json\/wp\/v2\/media\/90913"}],"wp:attachment":[{"href":"https:\/\/www.swissraft.ch\/de\/wp-json\/wp\/v2\/media?parent=91397"}],"wp:term":[{"taxonomy":"product_cat","embeddable":true,"href":"https:\/\/www.swissraft.ch\/de\/wp-json\/wp\/v2\/product_cat?post=91397"},{"taxonomy":"product_tag","embeddable":true,"href":"https:\/\/www.swissraft.ch\/de\/wp-json\/wp\/v2\/product_tag?post=91397"}],"curies":[{"name":"wp","href":"https:\/\/api.w.org\/{rel}","templated":true}]}}