{"id":91394,"date":"2023-07-27T18:49:26","date_gmt":"2023-07-27T16:49:26","guid":{"rendered":"https:\/\/swissraft.xyanzkdne.eu\/product\/canyoning-im-tessin-die-froda-ab-chf-195-50\/"},"modified":"2026-04-09T23:38:33","modified_gmt":"2026-04-09T21:38:33","slug":"canyoning-tessin-froda","status":"publish","type":"product","link":"https:\/\/www.swissraft.ch\/de\/produkt\/canyoning-tessin-froda\/","title":{"rendered":"Canyoning im Tessin &#8211; Die Froda &#8211; Ab CHF 195.50"},"content":{"rendered":"\t\t<div data-elementor-type=\"wp-post\" data-elementor-id=\"91394\" class=\"elementor elementor-91394 elementor-38432\">\n\t\t\t\t\t\t\t\t\t<section class=\"elementor-section elementor-top-section elementor-element elementor-element-3303a7e3 elementor-section-boxed elementor-section-height-default elementor-section-height-default\" data-id=\"3303a7e3\" data-element_type=\"section\">\n\t\t\t\t\t\t<div class=\"elementor-container elementor-column-gap-default\">\n\t\t\t\t\t<div class=\"elementor-column elementor-col-100 elementor-top-column elementor-element elementor-element-16d72dbf\" data-id=\"16d72dbf\" data-element_type=\"column\">\n\t\t\t<div class=\"elementor-widget-wrap elementor-element-populated\">\n\t\t\t\t\t\t\t\t<div class=\"elementor-element elementor-element-d743c03 elementor-widget elementor-widget-text-editor\" data-id=\"d743c03\" data-element_type=\"widget\" data-widget_type=\"text-editor.default\">\n\t\t\t\t<div class=\"elementor-widget-container\">\n\t\t\t\t\t\t\t<h2>W\u00c4HLEN SIE UNTEN IHRE AKTIVIT\u00c4T AUS, UM GESCHENKGUTSCHEINE \/ TICKETS ZU VERSCHENKEN ODER ZU BUCHEN<\/h2><table border=\"0\" width=\"580\" cellspacing=\"10\" cellpadding=\"10\"><tbody><tr><td width=\"50%\"><strong>1) CANYONING FRODA + Aperitif<\/strong><\/td><td><strong>CHF 230.00 pro Person<span class=\"productPrice\"><br \/><\/span><\/strong><\/td><\/tr><tr><td>Zus\u00e4tzliche Informationen<\/td><td><span class=\"plbl\">&#8211; Ab 11 Pers. 10% : <strong>CHF 207.00<\/strong>\/Pers.<br \/>&#8211; Ab 21 Pers. 15% : <strong>CHF 195.50<\/strong>\/Pers.<br \/>&#8211; Mindestalter : 16 j\u00e4hrig<br \/>&#8211; <\/span><span class=\"patt\">Sehr sonniger Canyon<\/span><\/td><\/tr><tr><td>Startzeit<\/td><td>09:00 Uhr<\/td><\/tr><tr><td>Canyoning<\/td><td>ca. 2,5 Std.<\/td><\/tr><tr><td>Gesamtdauer<\/td><td>ca. 6,5 Std.<\/td><\/tr><tr><td>Treffpunkt<\/td><td><a href=\"https:\/\/www.google.com\/maps\/place\/46%C2%B017'57.9%22N+8%C2%B059'38.9%22E\/@46.2996539,8.9896757,780m\/data=!3m1!1e3!4m4!3m3!8m2!3d46.2994167!4d8.9941389?entry=ttu\" target=\"_blank\" rel=\"noopener\">Cresciano Stazione<\/a><\/td><\/tr><tr><td>Schwierigkeitsgrad<\/td><td>3-4<\/td><\/tr><tr><td><a href=\"https:\/\/swissraft.outdoorbooking.ch\/fo\/products\/1987?base_id=71&amp;category_id=2&amp;order_type=gift_voucher&amp;lang=de\" target=\"_blank\" rel=\"noopener\"><button class=\"elementor-button\" type=\"button\">GUTSCHEIN \/ TICKET KAUFEN<\/button><\/a><\/td><td><a href=\"https:\/\/swissraft.outdoorbooking.ch\/fo\/products\/1987?base_id=71&amp;category_id=2&amp;order_type=event&amp;lang=de\" target=\"_blank\" rel=\"noopener\">RESERVIEREN SIE EIN DATUM<\/a><\/td><\/tr><\/tbody><\/table><table border=\"0\" width=\"580\" cellspacing=\"10\" cellpadding=\"10\"><tbody><tr><td width=\"50%\"><strong>2) CANYONING &#8211; FRODA PLUS &#8211; Tagestour + Aperitif<\/strong><\/td><td><strong>CHF 299.00 pro Person<span class=\"productPrice\"><br \/><\/span><\/strong><\/td><\/tr><tr><td>Zus\u00e4tzliche Informationen<\/td><td><span class=\"plbl\">&#8211; Ab 11 Pers. 10% : <strong>CHF 269.10<\/strong>\/Pers.<br \/>&#8211; Ab 21 Pers. 15% : <strong>CHF 254.15<\/strong>\/Pers.<br \/>&#8211; Mindestalter : 16 j\u00e4hrig<br \/>&#8211; <\/span><span class=\"patt\">Sehr sonniger Canyon<\/span><\/td><\/tr><tr><td>Startzeit<\/td><td>09h00 Uhr<\/td><\/tr><tr><td>Canyoning<\/td><td>ca. 4,5 Std.<\/td><\/tr><tr><td>Gesamtdauer<\/td><td>ca. 7,5 Std.<\/td><\/tr><tr><td>Treffpunkt<\/td><td><a href=\"https:\/\/www.google.com\/maps\/place\/46%C2%B017'57.9%22N+8%C2%B059'38.9%22E\/@46.2996539,8.9896757,780m\/data=!3m1!1e3!4m4!3m3!8m2!3d46.2994167!4d8.9941389?entry=ttu\" target=\"_blank\" rel=\"noopener\">Cresciano Stazione<\/a><\/td><\/tr><tr><td>Schwierigkeitsgrad<\/td><td>3-4<\/td><\/tr><tr><td><a href=\"https:\/\/swissraft.outdoorbooking.ch\/fo\/products\/1988?base_id=71&amp;category_id=2&amp;order_type=gift_voucher&amp;lang=de\" target=\"_blank\" rel=\"noopener\"><button class=\"elementor-button\" type=\"button\">GUTSCHEIN \/ TICKET KAUFEN<\/button><\/a><\/td><td><a href=\"https:\/\/swissraft.outdoorbooking.ch\/fo\/products\/1988?base_id=71&amp;category_id=2&amp;order_type=event&amp;lang=de\" target=\"_blank\" rel=\"noopener\">RESERVIEREN SIE EIN DATUM<\/a><\/td><\/tr><\/tbody><\/table>\t\t\t\t\t\t<\/div>\n\t\t\t\t<\/div>\n\t\t\t\t\t<\/div>\n\t\t<\/div>\n\t\t\t\t\t\t\t<\/div>\n\t\t<\/section>\n\t\t\t\t\t\t\t<\/div>\n\t\t","protected":false},"excerpt":{"rendered":"<div align=\"justify\">\n<h2 align=\"justify\">Canyoning im Froda oberhalb von Biasca, eine Herausforderung<\/h2>\n<h3>Froda-Schlucht im Tessin mit einer Abseilstelle von 150 m H\u00f6he<\/h3>\n<\/div>\n<div align=\"justify\">\n<p>Froda <strong>Canyon<\/strong> oberhalb von Biasca, eine wundersch\u00f6ne, sonnige Schlucht mit dem gr\u00f6\u00dften freifallenden Wasserfall im Tessin. Dar\u00fcber hinaus befindet sich der h\u00f6chste Abseilpunkt in 150 m H\u00f6he. Diejenigen, die das Abseilen den Spr\u00fcngen vorziehen, werden auf ihr Kosten kommen. Einerseits gibt es nur Abseilen, eine h\u00f6her als die andere. Oder Sie gehen kurze Strecken zu Fu\u00df von einem <strong>Wasserfall<\/strong> zum anderen, bevor Sie sich abseilen. Die H\u00f6hepunkte ist nat\u00fcrlich das Abseilen \u00fcber den 150 Meter hohen <strong>Wasserfall<\/strong>. Dieser beeindruckende und wundersch\u00f6ne Wasserfall liegt oberhalb von Biasca auf der rechten Seite des Tals und ist von der Autobahn aus zu sehen. Au\u00dferdem erfordert dieser <strong>Canyon<\/strong> eine ausgezeichnete k\u00f6rperliche Verfassung, um die Herausforderungen zu meistern, die Sie erwarten.<\/p>\n<h3>Das Tessin, das Canyoning-Paradies der Schweiz, bietet uns mehr als 10 Canyoning-Strecken.<\/h3>\n<p id=\"textarea\" style=\"display: none;\">\nIm Tessin k\u00f6nnen Sie den Corippo <strong>Canyon<\/strong>, das Val Grande oder den Malvaglia in der Region Bl\u00e9nio entdecken. Aber auch La Tine de Montbovon im Kanton Freiburg. Der <strong>Canyon<\/strong> von La Torneresse im Pays d&#8217;Enhaut f\u00fcr Canyoning-Anf\u00e4nger. Im Wallis bietet Swissraft herrliche Canyons wie Massa, Gondo oder Feschelbach. Im Berner Oberland bieten wir 3 <strong>Canyons<\/strong> an: Saxetenbach, Grimsel und Chli Schiere. \u00dcber dem Walensee haben Sie au\u00dferdem die Amden-Schlucht, die mit einer 40 m langen Abseilstrecke \u00fcber den Staudamm kombiniert ist. Auch in Thusis mit dem Viamala Gorge <strong>Canyon<\/strong> und seinen \u00fcber 150 Meter hohen W\u00e4nden.\n<\/p>\n<p><a id=\"seeMore\" onclick=\"toggleSeeMore()\" href=\"javascript:void(0);\">Lesen Sie mehr<\/a><\/p>\n","protected":false},"featured_media":85279,"comment_status":"open","ping_status":"closed","template":"","meta":{"inline_featured_image":false,"_mi_skip_tracking":false},"product_cat":[321,320],"product_tag":[],"class_list":["post-91394","product","type-product","status-publish","has-post-thumbnail","hentry","product_cat-canyoning-tessin","product_cat-canyoning-in-der-schweiz-und-umgebung"],"yoast_head":"<!-- This site is optimized with the Yoast SEO plugin v23.6 - https:\/\/yoast.com\/wordpress\/plugins\/seo\/ -->\n<title>Froda-Canyon oberhalb von Biasca im Tessin, 150 m Abseilen<\/title>\n<meta name=\"description\" content=\"Froda Canyon oberhalb von Biasca. Besteht haupts\u00e4chlich aus Abseilen bis zu einer H\u00f6he von 150 m. Ein Canyon f\u00fcr diejenigen, die Herausforderungen lieben.\" \/>\n<meta name=\"robots\" content=\"index, follow, max-snippet:-1, max-image-preview:large, max-video-preview:-1\" \/>\n<link rel=\"canonical\" href=\"https:\/\/www.swissraft.ch\/de\/produkt\/canyoning-tessin-froda\/\" \/>\n<meta property=\"og:locale\" content=\"de_DE\" \/>\n<meta property=\"og:type\" content=\"article\" \/>\n<meta property=\"og:title\" content=\"Froda-Canyon oberhalb von Biasca im Tessin, 150 m Abseilen\" \/>\n<meta property=\"og:description\" content=\"Froda Canyon oberhalb von Biasca. Besteht haupts\u00e4chlich aus Abseilen bis zu einer H\u00f6he von 150 m. Ein Canyon f\u00fcr diejenigen, die Herausforderungen lieben.\" \/>\n<meta property=\"og:url\" content=\"https:\/\/www.swissraft.ch\/de\/produkt\/canyoning-tessin-froda\/\" \/>\n<meta property=\"og:site_name\" content=\"Swissraft\" \/>\n<meta property=\"article:modified_time\" content=\"2026-04-09T21:38:33+00:00\" \/>\n<meta property=\"og:image\" content=\"https:\/\/www.swissraft.ch\/wp-content\/uploads\/2023\/07\/1-1-Froda-776x776-1.jpg\" \/>\n\t<meta property=\"og:image:width\" content=\"776\" \/>\n\t<meta property=\"og:image:height\" content=\"776\" \/>\n\t<meta property=\"og:image:type\" content=\"image\/jpeg\" \/>\n<meta name=\"twitter:card\" content=\"summary_large_image\" \/>\n<meta name=\"twitter:label1\" content=\"Gesch\u00e4tzte Lesezeit\" \/>\n\t<meta name=\"twitter:data1\" content=\"1\u00a0Minute\" \/>\n<script type=\"application\/ld+json\" class=\"yoast-schema-graph\">{\"@context\":\"https:\/\/schema.org\",\"@graph\":[{\"@type\":\"WebPage\",\"@id\":\"https:\/\/www.swissraft.ch\/de\/produkt\/canyoning-tessin-froda\/\",\"url\":\"https:\/\/www.swissraft.ch\/de\/produkt\/canyoning-tessin-froda\/\",\"name\":\"Froda-Canyon oberhalb von Biasca im Tessin, 150 m Abseilen\",\"isPartOf\":{\"@id\":\"https:\/\/www.swissraft.ch\/de\/#website\"},\"primaryImageOfPage\":{\"@id\":\"https:\/\/www.swissraft.ch\/de\/produkt\/canyoning-tessin-froda\/#primaryimage\"},\"image\":{\"@id\":\"https:\/\/www.swissraft.ch\/de\/produkt\/canyoning-tessin-froda\/#primaryimage\"},\"thumbnailUrl\":\"https:\/\/www.swissraft.ch\/wp-content\/uploads\/2023\/07\/1-1-Froda-776x776-1.jpg\",\"datePublished\":\"2023-07-27T16:49:26+00:00\",\"dateModified\":\"2026-04-09T21:38:33+00:00\",\"description\":\"Froda Canyon oberhalb von Biasca. Besteht haupts\u00e4chlich aus Abseilen bis zu einer H\u00f6he von 150 m. Ein Canyon f\u00fcr diejenigen, die Herausforderungen lieben.\",\"breadcrumb\":{\"@id\":\"https:\/\/www.swissraft.ch\/de\/produkt\/canyoning-tessin-froda\/#breadcrumb\"},\"inLanguage\":\"de\",\"potentialAction\":[{\"@type\":\"ReadAction\",\"target\":[\"https:\/\/www.swissraft.ch\/de\/produkt\/canyoning-tessin-froda\/\"]}]},{\"@type\":\"ImageObject\",\"inLanguage\":\"de\",\"@id\":\"https:\/\/www.swissraft.ch\/de\/produkt\/canyoning-tessin-froda\/#primaryimage\",\"url\":\"https:\/\/www.swissraft.ch\/wp-content\/uploads\/2023\/07\/1-1-Froda-776x776-1.jpg\",\"contentUrl\":\"https:\/\/www.swissraft.ch\/wp-content\/uploads\/2023\/07\/1-1-Froda-776x776-1.jpg\",\"width\":776,\"height\":776,\"caption\":\"Froda-Canyon im Tessin\"},{\"@type\":\"BreadcrumbList\",\"@id\":\"https:\/\/www.swissraft.ch\/de\/produkt\/canyoning-tessin-froda\/#breadcrumb\",\"itemListElement\":[{\"@type\":\"ListItem\",\"position\":1,\"name\":\"Accueil\",\"item\":\"https:\/\/www.swissraft.ch\/de\/\"},{\"@type\":\"ListItem\",\"position\":2,\"name\":\"Shop\",\"item\":\"https:\/\/www.swissraft.ch\/de\/shop\/\"},{\"@type\":\"ListItem\",\"position\":3,\"name\":\"Canyoning im Tessin &#8211; Die Froda &#8211; Ab CHF 195.50\"}]},{\"@type\":\"WebSite\",\"@id\":\"https:\/\/www.swissraft.ch\/de\/#website\",\"url\":\"https:\/\/www.swissraft.ch\/de\/\",\"name\":\"Swissraft\",\"description\":\"To enjoy nature as it is\",\"publisher\":{\"@id\":\"https:\/\/www.swissraft.ch\/de\/#organization\"},\"potentialAction\":[{\"@type\":\"SearchAction\",\"target\":{\"@type\":\"EntryPoint\",\"urlTemplate\":\"https:\/\/www.swissraft.ch\/de\/?s={search_term_string}\"},\"query-input\":{\"@type\":\"PropertyValueSpecification\",\"valueRequired\":true,\"valueName\":\"search_term_string\"}}],\"inLanguage\":\"de\"},{\"@type\":\"Organization\",\"@id\":\"https:\/\/www.swissraft.ch\/de\/#organization\",\"name\":\"Swissraft\",\"url\":\"https:\/\/www.swissraft.ch\/de\/\",\"logo\":{\"@type\":\"ImageObject\",\"inLanguage\":\"de\",\"@id\":\"https:\/\/www.swissraft.ch\/de\/#\/schema\/logo\/image\/\",\"url\":\"https:\/\/www.swissraft.ch\/wp-content\/uploads\/2025\/09\/Capture.jpg\",\"contentUrl\":\"https:\/\/www.swissraft.ch\/wp-content\/uploads\/2025\/09\/Capture.jpg\",\"width\":293,\"height\":108,\"caption\":\"Swissraft\"},\"image\":{\"@id\":\"https:\/\/www.swissraft.ch\/de\/#\/schema\/logo\/image\/\"}}]}<\/script>\n<!-- \/ Yoast SEO plugin. -->","yoast_head_json":{"title":"Froda-Canyon oberhalb von Biasca im Tessin, 150 m Abseilen","description":"Froda Canyon oberhalb von Biasca. Besteht haupts\u00e4chlich aus Abseilen bis zu einer H\u00f6he von 150 m. Ein Canyon f\u00fcr diejenigen, die Herausforderungen lieben.","robots":{"index":"index","follow":"follow","max-snippet":"max-snippet:-1","max-image-preview":"max-image-preview:large","max-video-preview":"max-video-preview:-1"},"canonical":"https:\/\/www.swissraft.ch\/de\/produkt\/canyoning-tessin-froda\/","og_locale":"de_DE","og_type":"article","og_title":"Froda-Canyon oberhalb von Biasca im Tessin, 150 m Abseilen","og_description":"Froda Canyon oberhalb von Biasca. Besteht haupts\u00e4chlich aus Abseilen bis zu einer H\u00f6he von 150 m. Ein Canyon f\u00fcr diejenigen, die Herausforderungen lieben.","og_url":"https:\/\/www.swissraft.ch\/de\/produkt\/canyoning-tessin-froda\/","og_site_name":"Swissraft","article_modified_time":"2026-04-09T21:38:33+00:00","og_image":[{"width":776,"height":776,"url":"https:\/\/www.swissraft.ch\/wp-content\/uploads\/2023\/07\/1-1-Froda-776x776-1.jpg","type":"image\/jpeg"}],"twitter_card":"summary_large_image","twitter_misc":{"Gesch\u00e4tzte Lesezeit":"1\u00a0Minute"},"schema":{"@context":"https:\/\/schema.org","@graph":[{"@type":"WebPage","@id":"https:\/\/www.swissraft.ch\/de\/produkt\/canyoning-tessin-froda\/","url":"https:\/\/www.swissraft.ch\/de\/produkt\/canyoning-tessin-froda\/","name":"Froda-Canyon oberhalb von Biasca im Tessin, 150 m Abseilen","isPartOf":{"@id":"https:\/\/www.swissraft.ch\/de\/#website"},"primaryImageOfPage":{"@id":"https:\/\/www.swissraft.ch\/de\/produkt\/canyoning-tessin-froda\/#primaryimage"},"image":{"@id":"https:\/\/www.swissraft.ch\/de\/produkt\/canyoning-tessin-froda\/#primaryimage"},"thumbnailUrl":"https:\/\/www.swissraft.ch\/wp-content\/uploads\/2023\/07\/1-1-Froda-776x776-1.jpg","datePublished":"2023-07-27T16:49:26+00:00","dateModified":"2026-04-09T21:38:33+00:00","description":"Froda Canyon oberhalb von Biasca. Besteht haupts\u00e4chlich aus Abseilen bis zu einer H\u00f6he von 150 m. Ein Canyon f\u00fcr diejenigen, die Herausforderungen lieben.","breadcrumb":{"@id":"https:\/\/www.swissraft.ch\/de\/produkt\/canyoning-tessin-froda\/#breadcrumb"},"inLanguage":"de","potentialAction":[{"@type":"ReadAction","target":["https:\/\/www.swissraft.ch\/de\/produkt\/canyoning-tessin-froda\/"]}]},{"@type":"ImageObject","inLanguage":"de","@id":"https:\/\/www.swissraft.ch\/de\/produkt\/canyoning-tessin-froda\/#primaryimage","url":"https:\/\/www.swissraft.ch\/wp-content\/uploads\/2023\/07\/1-1-Froda-776x776-1.jpg","contentUrl":"https:\/\/www.swissraft.ch\/wp-content\/uploads\/2023\/07\/1-1-Froda-776x776-1.jpg","width":776,"height":776,"caption":"Froda-Canyon im Tessin"},{"@type":"BreadcrumbList","@id":"https:\/\/www.swissraft.ch\/de\/produkt\/canyoning-tessin-froda\/#breadcrumb","itemListElement":[{"@type":"ListItem","position":1,"name":"Accueil","item":"https:\/\/www.swissraft.ch\/de\/"},{"@type":"ListItem","position":2,"name":"Shop","item":"https:\/\/www.swissraft.ch\/de\/shop\/"},{"@type":"ListItem","position":3,"name":"Canyoning im Tessin &#8211; Die Froda &#8211; Ab CHF 195.50"}]},{"@type":"WebSite","@id":"https:\/\/www.swissraft.ch\/de\/#website","url":"https:\/\/www.swissraft.ch\/de\/","name":"Swissraft","description":"To enjoy nature as it is","publisher":{"@id":"https:\/\/www.swissraft.ch\/de\/#organization"},"potentialAction":[{"@type":"SearchAction","target":{"@type":"EntryPoint","urlTemplate":"https:\/\/www.swissraft.ch\/de\/?s={search_term_string}"},"query-input":{"@type":"PropertyValueSpecification","valueRequired":true,"valueName":"search_term_string"}}],"inLanguage":"de"},{"@type":"Organization","@id":"https:\/\/www.swissraft.ch\/de\/#organization","name":"Swissraft","url":"https:\/\/www.swissraft.ch\/de\/","logo":{"@type":"ImageObject","inLanguage":"de","@id":"https:\/\/www.swissraft.ch\/de\/#\/schema\/logo\/image\/","url":"https:\/\/www.swissraft.ch\/wp-content\/uploads\/2025\/09\/Capture.jpg","contentUrl":"https:\/\/www.swissraft.ch\/wp-content\/uploads\/2025\/09\/Capture.jpg","width":293,"height":108,"caption":"Swissraft"},"image":{"@id":"https:\/\/www.swissraft.ch\/de\/#\/schema\/logo\/image\/"}}]}},"_links":{"self":[{"href":"https:\/\/www.swissraft.ch\/de\/wp-json\/wp\/v2\/product\/91394","targetHints":{"allow":["GET"]}}],"collection":[{"href":"https:\/\/www.swissraft.ch\/de\/wp-json\/wp\/v2\/product"}],"about":[{"href":"https:\/\/www.swissraft.ch\/de\/wp-json\/wp\/v2\/types\/product"}],"replies":[{"embeddable":true,"href":"https:\/\/www.swissraft.ch\/de\/wp-json\/wp\/v2\/comments?post=91394"}],"version-history":[{"count":36,"href":"https:\/\/www.swissraft.ch\/de\/wp-json\/wp\/v2\/product\/91394\/revisions"}],"predecessor-version":[{"id":138712,"href":"https:\/\/www.swissraft.ch\/de\/wp-json\/wp\/v2\/product\/91394\/revisions\/138712"}],"wp:featuredmedia":[{"embeddable":true,"href":"https:\/\/www.swissraft.ch\/de\/wp-json\/wp\/v2\/media\/85279"}],"wp:attachment":[{"href":"https:\/\/www.swissraft.ch\/de\/wp-json\/wp\/v2\/media?parent=91394"}],"wp:term":[{"taxonomy":"product_cat","embeddable":true,"href":"https:\/\/www.swissraft.ch\/de\/wp-json\/wp\/v2\/product_cat?post=91394"},{"taxonomy":"product_tag","embeddable":true,"href":"https:\/\/www.swissraft.ch\/de\/wp-json\/wp\/v2\/product_tag?post=91394"}],"curies":[{"name":"wp","href":"https:\/\/api.w.org\/{rel}","templated":true}]}}