{"id":91393,"date":"2023-10-20T15:39:01","date_gmt":"2023-10-20T13:39:01","guid":{"rendered":"https:\/\/swissraft.xyanzkdne.eu\/product\/hubschrauberflug-ab-sitterdorf-rhein-see-walenstadt-saentis-45-min-ab-chf-350-00\/"},"modified":"2024-12-11T00:11:24","modified_gmt":"2024-12-10T23:11:24","slug":"helikopterflug-sitterdorf-rhein-walensee-saentis","status":"publish","type":"product","link":"https:\/\/www.swissraft.ch\/de\/produkt\/helikopterflug-sitterdorf-rhein-walensee-saentis\/","title":{"rendered":"Helikopterflug ab SITTERDORF &#8211; RHEIN-WALENSEE-S\u00c4NTIS &#8211; 45 Min. &#8211; Ab CHF 390.00"},"content":{"rendered":"\t\t<div data-elementor-type=\"wp-post\" data-elementor-id=\"91393\" class=\"elementor elementor-91393 elementor-47294\">\n\t\t\t\t\t\t\t\t\t<section class=\"elementor-section elementor-top-section elementor-element elementor-element-3303a7e3 elementor-section-boxed elementor-section-height-default elementor-section-height-default\" data-id=\"3303a7e3\" data-element_type=\"section\">\n\t\t\t\t\t\t<div class=\"elementor-container elementor-column-gap-default\">\n\t\t\t\t\t<div class=\"elementor-column elementor-col-100 elementor-top-column elementor-element elementor-element-16d72dbf\" data-id=\"16d72dbf\" data-element_type=\"column\">\n\t\t\t<div class=\"elementor-widget-wrap elementor-element-populated\">\n\t\t\t\t\t\t\t\t<div class=\"elementor-element elementor-element-d743c03 elementor-widget elementor-widget-text-editor\" data-id=\"d743c03\" data-element_type=\"widget\" data-widget_type=\"text-editor.default\">\n\t\t\t\t<div class=\"elementor-widget-container\">\n\t\t\t\t\t\t\t<h2>W\u00c4HLEN SIE UNTEN IHRE AKTIVIT\u00c4T AUS, UM GESCHENKGUTSCHEINE \/ TICKETS ZU VERSCHENKEN ODER ZU BUCHEN.<\/h2><table border=\"0\" width=\"580\" cellspacing=\"10\" cellpadding=\"10\"><tbody><tr><td width=\"50%\"><strong><strong>RHEIN &#8211; WALENSEE &#8211; S\u00c4NTIS (1-4 Pers.) -. <\/strong><\/strong><strong>45 Min.<\/strong><\/td><td><strong>CHF 390.00 pro Person<span class=\"productPrice\"><br \/><\/span><\/strong><\/td><\/tr><tr><td>Weitere Informationen<\/td><td>&#8211; Sie werden mit anderen Passagieren zusammen sein<br \/>&#8211; Maximum 4 pers.<\/td><\/tr><tr><td>Flugplatz<\/td><td><a href=\"https:\/\/www.google.com\/maps\/place\/47%C2%B030'37.4%22N+9%C2%B015'44.9%22E\/@47.5107092,9.2532447,1525m\/data=!3m1!1e3!4m4!3m3!8m2!3d47.5103889!4d9.2624722?entry=ttu\" target=\"_blank\" rel=\"noopener\">Sitterdorf<\/a><\/td><\/tr><tr><td>Flugzeit<\/td><td>45 Min.<\/td><\/tr><tr><td>Gesamtdauer<\/td><td>ca. 1:15 Std.<\/td><\/tr><tr><td>Terminvereinbarung<\/td><td>Per Telefon<\/td><\/tr><tr><td><a href=\"https:\/\/swissraft.outdoorbooking.ch\/fo\/products\/881?base_id=171&amp;category_id=6&amp;order_type=gift_voucher&amp;lang=de\" target=\"_blank\" rel=\"noopener\"><button class=\"elementor-button\" type=\"button\">GUTSCHEIN KAUFEN<\/button><\/a><\/td><td><strong>CHF 390.00\/Pers<\/strong>.<\/td><\/tr><tr><td><button class=\"elementor-button\" type=\"button\"><a href=\"https:\/\/swissraft.outdoorbooking.ch\/fo\/products\/882?base_id=178&amp;category_id=6&amp;order_type=gift_voucher&amp;lang=de\" target=\"_blank\" rel=\"noopener\">GUTSCHEIN KAUFEN<\/a><\/button><\/td><td><strong>CHF 970.00 &#8211; Privatflug (1-3 Pers.)<\/strong><\/td><\/tr><tr><td><button class=\"elementor-button\" type=\"button\"><a href=\"https:\/\/swissraft.outdoorbooking.ch\/fo\/products\/880?base_id=179&amp;category_id=6&amp;order_type=gift_voucher&amp;lang=de\" target=\"_blank\" rel=\"noopener\">GUTSCHEIN KAUFEN<\/a><\/button><\/td><td><strong>CHF 1&#8217;190.00 &#8211; Privatflug (4 Pers.)<\/strong><\/td><\/tr><tr><td>\u00a0<\/td><td>Um zu buchen : <span class=\"patt\" style=\"font-family: inherit; font-size: inherit;\"><span class=\"plbl\"><span class=\"patt\"><a href=\"https:\/\/www.swissraft.ch\/de\/kontakt\/\">Kontaktieren Sie uns<\/a><\/span><\/span><\/span><\/td><\/tr><\/tbody><\/table>\t\t\t\t\t\t<\/div>\n\t\t\t\t<\/div>\n\t\t\t\t\t<\/div>\n\t\t<\/div>\n\t\t\t\t\t\t\t<\/div>\n\t\t<\/section>\n\t\t\t\t\t\t\t<\/div>\n\t\t","protected":false},"excerpt":{"rendered":"<div align=\"justify\">\n<h2 align=\"justify\">Dieser 45-min\u00fctige Helikopterflug bringt Sie ins Appenzellerland und \u00fcber das Rheintal.<\/h2>\n<h3>Vom Flugplatz Sitterdorf aus fliegen Sie \u00fcber das Appenzellerland mit einer gro\u00dfartigen Aussicht auf den S\u00e4ntis.<\/h3>\n<\/div>\n<p>Sie fliegen von Sitterdorf in Richtung St. Gallen und Appenzell. Sie fliegen am Hohen Kasten und der Ebenalp vorbei, bevor Sie das Rheintal \u00fcberfliegen. Dann fliegen Sie \u00fcber den Voralpsee und den Walensee bis zu den Churfistern. \u00dcber dem Toggenburg und der Schw\u00e4galp haben Sie eine grandiose Aussicht auf den S\u00e4ntis. Der Flug geht weiter ins Appenzellerland \u00fcber die St\u00e4dte Urn\u00e4sch und Herisau, bevor er zum Flugplatz Sitterdorf zur\u00fcckkehrt.<\/p>\n<h3>W\u00e4hlen Sie aus \u00fcber 150 Vorschl\u00e4gen einen Helikopterrundflug, der Ihnen zusagt.<\/h3>\n<p id=\"textarea\" style=\"display: none;\">\nWir bieten auch Fl\u00fcge von Liechtenstein ab dem Heliport Balzers an. Au\u00dferdem starten wir von Samedan im Engadin, wo wir das ganze Jahr \u00fcber fliegen. Aber auch vom Heliport in St. Moritz im Winter. Wir starten auch in Graub\u00fcnden von den Heliports Tavanasa, Flims und Untervaz. Sowie von den Flugpl\u00e4tzen Locarno und Lodrino im Tessin. Parallel dazu haben wir Fl\u00fcge ins Wallis vom Flughafen Sion und den Heliports Collombey und Gampel aus. Wir starten auch vom Flugplatz \u00c9pagny im Kanton Freiburg. Dar\u00fcber hinaus bieten wir Fl\u00fcge von Pfaffnau im Kanton Luzern und vom Heliport Erstfeld im Kanton Uri an. Au\u00dferdem starten wir vom Heliport Gstaad-Grund und vom Flugplatz Saanen. Im Berner Oberland starten wir von den Hubschrauberlandepl\u00e4tzen Lauterbrunnen, Schattenhalb-Meiringen, Lenk-Simmental und Interlaken-Gsteigwiler. Au\u00dferdem bieten wir Rundreisen ab den internationalen Flugh\u00e4fen Z\u00fcrich-Kloten und Bern-Belp an. sowie Rundfl\u00fcge im Kanton Aargau ab dem Flugplatz Buttwil. Ebenso haben wir Routen ab K\u00fcssnacht und in den Kanton Solothurn ab Grenchen.\n<\/p>\n<p><a id=\"seeMore\" onclick=\"toggleSeeMore()\" href=\"javascript:void(0);\">Lesen Sie mehr<\/a><\/p>\n","protected":false},"featured_media":87016,"comment_status":"open","ping_status":"closed","template":"","meta":{"inline_featured_image":false,"_mi_skip_tracking":false},"product_cat":[263,319],"product_tag":[],"class_list":["post-91393","product","type-product","status-publish","has-post-thumbnail","hentry","product_cat-helikopterflug-in-der-schweiz","product_cat-helikopterrundflug-sitterdorf"],"yoast_head":"<!-- This site is optimized with the Yoast SEO plugin v23.6 - https:\/\/yoast.com\/wordpress\/plugins\/seo\/ -->\n<title>Rhein-Walensee-S\u00e4ntis mit dem Helikopter ab Sitterdorf<\/title>\n<meta name=\"description\" content=\"Rhein-Walensee-S\u00e4ntis von Sitterdorf aus f\u00fcr einen 45-min\u00fctigen Helikopterflug \u00fcber das Appenzellerland und das Rheintal.\" \/>\n<meta name=\"robots\" content=\"index, follow, max-snippet:-1, max-image-preview:large, max-video-preview:-1\" \/>\n<link rel=\"canonical\" href=\"https:\/\/www.swissraft.ch\/de\/produkt\/helikopterflug-sitterdorf-rhein-walensee-saentis\/\" \/>\n<meta property=\"og:locale\" content=\"de_DE\" \/>\n<meta property=\"og:type\" content=\"article\" \/>\n<meta property=\"og:title\" content=\"Rhein-Walensee-S\u00e4ntis mit dem Helikopter ab Sitterdorf\" \/>\n<meta property=\"og:description\" content=\"Rhein-Walensee-S\u00e4ntis von Sitterdorf aus f\u00fcr einen 45-min\u00fctigen Helikopterflug \u00fcber das Appenzellerland und das Rheintal.\" \/>\n<meta property=\"og:url\" content=\"https:\/\/www.swissraft.ch\/de\/produkt\/helikopterflug-sitterdorf-rhein-walensee-saentis\/\" \/>\n<meta property=\"og:site_name\" content=\"Swissraft\" \/>\n<meta property=\"article:modified_time\" content=\"2024-12-10T23:11:24+00:00\" \/>\n<meta property=\"og:image\" content=\"https:\/\/www.swissraft.ch\/wp-content\/uploads\/2023\/10\/2-SITTERDORF-Rheintal-Walensee-Santis-776x776-1.jpg\" \/>\n\t<meta property=\"og:image:width\" content=\"776\" \/>\n\t<meta property=\"og:image:height\" content=\"776\" \/>\n\t<meta property=\"og:image:type\" content=\"image\/jpeg\" \/>\n<meta name=\"twitter:card\" content=\"summary_large_image\" \/>\n<meta name=\"twitter:label1\" content=\"Gesch\u00e4tzte Lesezeit\" \/>\n\t<meta name=\"twitter:data1\" content=\"1\u00a0Minute\" \/>\n<script type=\"application\/ld+json\" class=\"yoast-schema-graph\">{\"@context\":\"https:\/\/schema.org\",\"@graph\":[{\"@type\":\"WebPage\",\"@id\":\"https:\/\/www.swissraft.ch\/de\/produkt\/helikopterflug-sitterdorf-rhein-walensee-saentis\/\",\"url\":\"https:\/\/www.swissraft.ch\/de\/produkt\/helikopterflug-sitterdorf-rhein-walensee-saentis\/\",\"name\":\"Rhein-Walensee-S\u00e4ntis mit dem Helikopter ab Sitterdorf\",\"isPartOf\":{\"@id\":\"https:\/\/www.swissraft.ch\/de\/#website\"},\"primaryImageOfPage\":{\"@id\":\"https:\/\/www.swissraft.ch\/de\/produkt\/helikopterflug-sitterdorf-rhein-walensee-saentis\/#primaryimage\"},\"image\":{\"@id\":\"https:\/\/www.swissraft.ch\/de\/produkt\/helikopterflug-sitterdorf-rhein-walensee-saentis\/#primaryimage\"},\"thumbnailUrl\":\"https:\/\/www.swissraft.ch\/wp-content\/uploads\/2023\/10\/2-SITTERDORF-Rheintal-Walensee-Santis-776x776-1.jpg\",\"datePublished\":\"2023-10-20T13:39:01+00:00\",\"dateModified\":\"2024-12-10T23:11:24+00:00\",\"description\":\"Rhein-Walensee-S\u00e4ntis von Sitterdorf aus f\u00fcr einen 45-min\u00fctigen Helikopterflug \u00fcber das Appenzellerland und das Rheintal.\",\"breadcrumb\":{\"@id\":\"https:\/\/www.swissraft.ch\/de\/produkt\/helikopterflug-sitterdorf-rhein-walensee-saentis\/#breadcrumb\"},\"inLanguage\":\"de\",\"potentialAction\":[{\"@type\":\"ReadAction\",\"target\":[\"https:\/\/www.swissraft.ch\/de\/produkt\/helikopterflug-sitterdorf-rhein-walensee-saentis\/\"]}]},{\"@type\":\"ImageObject\",\"inLanguage\":\"de\",\"@id\":\"https:\/\/www.swissraft.ch\/de\/produkt\/helikopterflug-sitterdorf-rhein-walensee-saentis\/#primaryimage\",\"url\":\"https:\/\/www.swissraft.ch\/wp-content\/uploads\/2023\/10\/2-SITTERDORF-Rheintal-Walensee-Santis-776x776-1.jpg\",\"contentUrl\":\"https:\/\/www.swissraft.ch\/wp-content\/uploads\/2023\/10\/2-SITTERDORF-Rheintal-Walensee-Santis-776x776-1.jpg\",\"width\":776,\"height\":776,\"caption\":\"Abfahrt von Sitterdorf f\u00fcr einen Flug nach Sitterdorf - Rhein - Walensee - S\u00e4nstis - 45 Min.\"},{\"@type\":\"BreadcrumbList\",\"@id\":\"https:\/\/www.swissraft.ch\/de\/produkt\/helikopterflug-sitterdorf-rhein-walensee-saentis\/#breadcrumb\",\"itemListElement\":[{\"@type\":\"ListItem\",\"position\":1,\"name\":\"Accueil\",\"item\":\"https:\/\/www.swissraft.ch\/de\/\"},{\"@type\":\"ListItem\",\"position\":2,\"name\":\"Shop\",\"item\":\"https:\/\/www.swissraft.ch\/de\/shop\/\"},{\"@type\":\"ListItem\",\"position\":3,\"name\":\"Helikopterflug ab SITTERDORF &#8211; RHEIN-WALENSEE-S\u00c4NTIS &#8211; 45 Min. &#8211; Ab CHF 390.00\"}]},{\"@type\":\"WebSite\",\"@id\":\"https:\/\/www.swissraft.ch\/de\/#website\",\"url\":\"https:\/\/www.swissraft.ch\/de\/\",\"name\":\"Swissraft\",\"description\":\"To enjoy nature as it is\",\"publisher\":{\"@id\":\"https:\/\/www.swissraft.ch\/de\/#organization\"},\"potentialAction\":[{\"@type\":\"SearchAction\",\"target\":{\"@type\":\"EntryPoint\",\"urlTemplate\":\"https:\/\/www.swissraft.ch\/de\/?s={search_term_string}\"},\"query-input\":{\"@type\":\"PropertyValueSpecification\",\"valueRequired\":true,\"valueName\":\"search_term_string\"}}],\"inLanguage\":\"de\"},{\"@type\":\"Organization\",\"@id\":\"https:\/\/www.swissraft.ch\/de\/#organization\",\"name\":\"Swissraft\",\"url\":\"https:\/\/www.swissraft.ch\/de\/\",\"logo\":{\"@type\":\"ImageObject\",\"inLanguage\":\"de\",\"@id\":\"https:\/\/www.swissraft.ch\/de\/#\/schema\/logo\/image\/\",\"url\":\"https:\/\/www.swissraft.ch\/wp-content\/uploads\/2025\/09\/Capture.jpg\",\"contentUrl\":\"https:\/\/www.swissraft.ch\/wp-content\/uploads\/2025\/09\/Capture.jpg\",\"width\":293,\"height\":108,\"caption\":\"Swissraft\"},\"image\":{\"@id\":\"https:\/\/www.swissraft.ch\/de\/#\/schema\/logo\/image\/\"}}]}<\/script>\n<!-- \/ Yoast SEO plugin. -->","yoast_head_json":{"title":"Rhein-Walensee-S\u00e4ntis mit dem Helikopter ab Sitterdorf","description":"Rhein-Walensee-S\u00e4ntis von Sitterdorf aus f\u00fcr einen 45-min\u00fctigen Helikopterflug \u00fcber das Appenzellerland und das Rheintal.","robots":{"index":"index","follow":"follow","max-snippet":"max-snippet:-1","max-image-preview":"max-image-preview:large","max-video-preview":"max-video-preview:-1"},"canonical":"https:\/\/www.swissraft.ch\/de\/produkt\/helikopterflug-sitterdorf-rhein-walensee-saentis\/","og_locale":"de_DE","og_type":"article","og_title":"Rhein-Walensee-S\u00e4ntis mit dem Helikopter ab Sitterdorf","og_description":"Rhein-Walensee-S\u00e4ntis von Sitterdorf aus f\u00fcr einen 45-min\u00fctigen Helikopterflug \u00fcber das Appenzellerland und das Rheintal.","og_url":"https:\/\/www.swissraft.ch\/de\/produkt\/helikopterflug-sitterdorf-rhein-walensee-saentis\/","og_site_name":"Swissraft","article_modified_time":"2024-12-10T23:11:24+00:00","og_image":[{"width":776,"height":776,"url":"https:\/\/www.swissraft.ch\/wp-content\/uploads\/2023\/10\/2-SITTERDORF-Rheintal-Walensee-Santis-776x776-1.jpg","type":"image\/jpeg"}],"twitter_card":"summary_large_image","twitter_misc":{"Gesch\u00e4tzte Lesezeit":"1\u00a0Minute"},"schema":{"@context":"https:\/\/schema.org","@graph":[{"@type":"WebPage","@id":"https:\/\/www.swissraft.ch\/de\/produkt\/helikopterflug-sitterdorf-rhein-walensee-saentis\/","url":"https:\/\/www.swissraft.ch\/de\/produkt\/helikopterflug-sitterdorf-rhein-walensee-saentis\/","name":"Rhein-Walensee-S\u00e4ntis mit dem Helikopter ab Sitterdorf","isPartOf":{"@id":"https:\/\/www.swissraft.ch\/de\/#website"},"primaryImageOfPage":{"@id":"https:\/\/www.swissraft.ch\/de\/produkt\/helikopterflug-sitterdorf-rhein-walensee-saentis\/#primaryimage"},"image":{"@id":"https:\/\/www.swissraft.ch\/de\/produkt\/helikopterflug-sitterdorf-rhein-walensee-saentis\/#primaryimage"},"thumbnailUrl":"https:\/\/www.swissraft.ch\/wp-content\/uploads\/2023\/10\/2-SITTERDORF-Rheintal-Walensee-Santis-776x776-1.jpg","datePublished":"2023-10-20T13:39:01+00:00","dateModified":"2024-12-10T23:11:24+00:00","description":"Rhein-Walensee-S\u00e4ntis von Sitterdorf aus f\u00fcr einen 45-min\u00fctigen Helikopterflug \u00fcber das Appenzellerland und das Rheintal.","breadcrumb":{"@id":"https:\/\/www.swissraft.ch\/de\/produkt\/helikopterflug-sitterdorf-rhein-walensee-saentis\/#breadcrumb"},"inLanguage":"de","potentialAction":[{"@type":"ReadAction","target":["https:\/\/www.swissraft.ch\/de\/produkt\/helikopterflug-sitterdorf-rhein-walensee-saentis\/"]}]},{"@type":"ImageObject","inLanguage":"de","@id":"https:\/\/www.swissraft.ch\/de\/produkt\/helikopterflug-sitterdorf-rhein-walensee-saentis\/#primaryimage","url":"https:\/\/www.swissraft.ch\/wp-content\/uploads\/2023\/10\/2-SITTERDORF-Rheintal-Walensee-Santis-776x776-1.jpg","contentUrl":"https:\/\/www.swissraft.ch\/wp-content\/uploads\/2023\/10\/2-SITTERDORF-Rheintal-Walensee-Santis-776x776-1.jpg","width":776,"height":776,"caption":"Abfahrt von Sitterdorf f\u00fcr einen Flug nach Sitterdorf - Rhein - Walensee - S\u00e4nstis - 45 Min."},{"@type":"BreadcrumbList","@id":"https:\/\/www.swissraft.ch\/de\/produkt\/helikopterflug-sitterdorf-rhein-walensee-saentis\/#breadcrumb","itemListElement":[{"@type":"ListItem","position":1,"name":"Accueil","item":"https:\/\/www.swissraft.ch\/de\/"},{"@type":"ListItem","position":2,"name":"Shop","item":"https:\/\/www.swissraft.ch\/de\/shop\/"},{"@type":"ListItem","position":3,"name":"Helikopterflug ab SITTERDORF &#8211; RHEIN-WALENSEE-S\u00c4NTIS &#8211; 45 Min. &#8211; Ab CHF 390.00"}]},{"@type":"WebSite","@id":"https:\/\/www.swissraft.ch\/de\/#website","url":"https:\/\/www.swissraft.ch\/de\/","name":"Swissraft","description":"To enjoy nature as it is","publisher":{"@id":"https:\/\/www.swissraft.ch\/de\/#organization"},"potentialAction":[{"@type":"SearchAction","target":{"@type":"EntryPoint","urlTemplate":"https:\/\/www.swissraft.ch\/de\/?s={search_term_string}"},"query-input":{"@type":"PropertyValueSpecification","valueRequired":true,"valueName":"search_term_string"}}],"inLanguage":"de"},{"@type":"Organization","@id":"https:\/\/www.swissraft.ch\/de\/#organization","name":"Swissraft","url":"https:\/\/www.swissraft.ch\/de\/","logo":{"@type":"ImageObject","inLanguage":"de","@id":"https:\/\/www.swissraft.ch\/de\/#\/schema\/logo\/image\/","url":"https:\/\/www.swissraft.ch\/wp-content\/uploads\/2025\/09\/Capture.jpg","contentUrl":"https:\/\/www.swissraft.ch\/wp-content\/uploads\/2025\/09\/Capture.jpg","width":293,"height":108,"caption":"Swissraft"},"image":{"@id":"https:\/\/www.swissraft.ch\/de\/#\/schema\/logo\/image\/"}}]}},"_links":{"self":[{"href":"https:\/\/www.swissraft.ch\/de\/wp-json\/wp\/v2\/product\/91393","targetHints":{"allow":["GET"]}}],"collection":[{"href":"https:\/\/www.swissraft.ch\/de\/wp-json\/wp\/v2\/product"}],"about":[{"href":"https:\/\/www.swissraft.ch\/de\/wp-json\/wp\/v2\/types\/product"}],"replies":[{"embeddable":true,"href":"https:\/\/www.swissraft.ch\/de\/wp-json\/wp\/v2\/comments?post=91393"}],"version-history":[{"count":0,"href":"https:\/\/www.swissraft.ch\/de\/wp-json\/wp\/v2\/product\/91393\/revisions"}],"wp:featuredmedia":[{"embeddable":true,"href":"https:\/\/www.swissraft.ch\/de\/wp-json\/wp\/v2\/media\/87016"}],"wp:attachment":[{"href":"https:\/\/www.swissraft.ch\/de\/wp-json\/wp\/v2\/media?parent=91393"}],"wp:term":[{"taxonomy":"product_cat","embeddable":true,"href":"https:\/\/www.swissraft.ch\/de\/wp-json\/wp\/v2\/product_cat?post=91393"},{"taxonomy":"product_tag","embeddable":true,"href":"https:\/\/www.swissraft.ch\/de\/wp-json\/wp\/v2\/product_tag?post=91393"}],"curies":[{"name":"wp","href":"https:\/\/api.w.org\/{rel}","templated":true}]}}