{"id":91390,"date":"2023-06-16T00:48:03","date_gmt":"2023-06-15T22:48:03","guid":{"rendered":"https:\/\/swissraft.xyanzkdne.eu\/product\/easy-rafting-auf-la-reuss-gisikon-rottenschwil-ab-chf-109-00\/"},"modified":"2026-02-28T21:36:31","modified_gmt":"2026-02-28T20:36:31","slug":"easy-rafting-reuss-gisikon-rottenschwil","status":"publish","type":"product","link":"https:\/\/www.swissraft.ch\/de\/produkt\/easy-rafting-reuss-gisikon-rottenschwil\/","title":{"rendered":"Easy Rafting auf DER REUSS &#8211; GISIKON-ROTTENSCHWIL &#8211; Ab CHF 109.00"},"content":{"rendered":"\t\t<div data-elementor-type=\"wp-post\" data-elementor-id=\"91390\" class=\"elementor elementor-91390 elementor-34296\">\n\t\t\t\t\t\t\t\t\t<section class=\"elementor-section elementor-top-section elementor-element elementor-element-85c98af elementor-section-boxed elementor-section-height-default elementor-section-height-default\" data-id=\"85c98af\" data-element_type=\"section\">\n\t\t\t\t\t\t<div class=\"elementor-container elementor-column-gap-default\">\n\t\t\t\t\t<div class=\"elementor-column elementor-col-100 elementor-top-column elementor-element elementor-element-a524d1e\" data-id=\"a524d1e\" data-element_type=\"column\">\n\t\t\t<div class=\"elementor-widget-wrap elementor-element-populated\">\n\t\t\t\t\t\t\t\t<div class=\"elementor-element elementor-element-348e599 elementor-widget elementor-widget-text-editor\" data-id=\"348e599\" data-element_type=\"widget\" data-widget_type=\"text-editor.default\">\n\t\t\t\t<div class=\"elementor-widget-container\">\n\t\t\t\t\t\t\t<h2>W\u00c4HLEN SIE UNTEN IHRE AKTIVIT\u00c4T AUS, UM GESCHENKGUTSCHEINE \/ TICKETS ZU VERSCHENKEN ODER ZU BUCHEN.<\/h2><table border=\"0\" width=\"580\" cellspacing=\"10\" cellpadding=\"10\"><tbody><tr><td width=\"50%\"><strong>EASY RAFTING &#8211; GISIKON-ROTTENSCHWIL Tag + Aperitif (1-12 Pers.)<\/strong><\/td><td><strong>CHF 1&#8217;849.00 Pauschalpreis<span class=\"productPrice\"><br \/><\/span><\/strong><\/td><\/tr><tr><td>Weitere Informationen<\/td><td><span class=\"patt\">&#8211; <span class=\"plbl\">Jugendpreis <\/span>: <strong>CHF 109.00<\/strong>\/Pers. bis 17 Jahrig<br \/>&#8211; Mindestalter : 5 j\u00e4hrig<br \/>&#8211; Auf Anfrage Lunchpaket : <strong>CHF 40.00<\/strong>\/Pers.<br \/>&#8211; Schulpreis : <span class=\"patt\" style=\"font-family: inherit; font-size: inherit;\"><span class=\"plbl\"><a href=\"https:\/\/www.swissraft.ch\/de\/kontakt\/\">kontaktieren Sie uns<\/a><\/span><\/span><\/span><\/td><\/tr><tr><td>Strecke<\/td><td><strong>Gisikon-Rottenschwil<\/strong><\/td><\/tr><tr><td>Startzeit<\/td><td>10h00<\/td><\/tr><tr><td>Easy Rafting oder Fun Rafting<\/td><td>ca. 4,5 Std.<\/td><\/tr><tr><td>Gesamtdauer<\/td><td>ca. 6,5 Std.<\/td><\/tr><tr><td>Treffpunkt<\/td><td><span style=\"color: #ff6600;\"><a href=\"https:\/\/www.google.com\/maps\/place\/47%C2%B007'30.1%22N+8%C2%B023'49.5%22E\/@47.12513,8.3925557,768m\/data=!3m1!1e3!4m4!3m3!8m2!3d47.1250278!4d8.3970833?entry=ttu\" target=\"_blank\" rel=\"noopener\">Gisikon<\/a><\/span><\/td><\/tr><tr><td>Schwierigkeitsgrad<\/td><td>Stufe 1<\/td><\/tr><tr><td><button class=\"elementor-button\" type=\"button\"><a href=\"https:\/\/swissraft.outdoorbooking.ch\/fo\/products\/1279?base_id=91&amp;category_id=10&amp;order_type=gift_voucher&amp;lang=de\" target=\"_blank\" rel=\"noopener\">GUTSCHEIN \/ TICKET KAUFEN<\/a><\/button><\/td><td><span style=\"color: #ff6600;\"><a href=\"https:\/\/swissraft.outdoorbooking.ch\/fo\/products\/1279?base_id=91&amp;category_id=10&amp;order_type=event&amp;lang=de\" target=\"_blank\" rel=\"noopener\">RESERVIEREN SIE EIN DATUM<\/a><\/span>\u00a0\u00a0<strong>CHF 1&#8217;849.00 (1-12 Pers.)<\/strong><\/td><\/tr><tr><td><button class=\"elementor-button\" type=\"button\"><a href=\"https:\/\/swissraft.outdoorbooking.ch\/fo\/products\/1949?base_id=91&amp;category_id=10&amp;order_type=gift_voucher&amp;lang=de\" target=\"_blank\" rel=\"noopener\">GUTSCHEIN \/ TICKET KAUFEN<\/a><\/button><\/td><td><span style=\"color: #ff6600;\"><a href=\"https:\/\/swissraft.outdoorbooking.ch\/fo\/products\/1949?base_id=91&amp;category_id=10&amp;order_type=event&amp;lang=de\" target=\"_blank\" rel=\"noopener\">RESERVIEREN SIE EIN DATUM<\/a> \u00a0<\/span><strong><span class=\"productPrice\">CHF 154.00<\/span><\/strong><span class=\"productPrice\">\/Erw. <strong>109.00<\/strong>\/Kind<\/span><strong><span class=\"productPrice\">\u00a0(13-20 Pers.) &#8211; Minimum 1&#8217;849.00 Pauschalpreis<\/span><\/strong><\/td><\/tr><tr><td><button class=\"elementor-button\" type=\"button\"><a href=\"https:\/\/swissraft.outdoorbooking.ch\/fo\/products\/1950?base_id=91&amp;category_id=10&amp;order_type=gift_voucher&amp;lang=de\" target=\"_blank\" rel=\"noopener\">GUTSCHEIN \/ TICKET KAUFEN<\/a><\/button><\/td><td><p><span style=\"color: #ff6600;\"><a href=\"https:\/\/swissraft.outdoorbooking.ch\/fo\/products\/1950?base_id=91&amp;category_id=10&amp;order_type=event&amp;lang=de\" target=\"_blank\" rel=\"noopener\">RESERVIEREN SIE EIN DATUM<\/a><br \/><\/span><strong style=\"font-family: inherit; font-size: inherit;\">\u00a0CHF 144.00<\/strong>\/Erw. <strong style=\"font-family: inherit; font-size: inherit;\">109.00<\/strong>\/Kind<strong style=\"font-family: inherit; font-size: inherit;\"> (21-30 Pers.)<\/strong><\/p><\/td><\/tr><tr><td><button class=\"elementor-button\" type=\"button\"><a href=\"https:\/\/swissraft.outdoorbooking.ch\/fo\/products\/1951?base_id=91&amp;category_id=10&amp;order_type=gift_voucher&amp;lang=de\" target=\"_blank\" rel=\"noopener\">GUTSCHEIN \/ TICKET KAUFEN<\/a><\/button><\/td><td><span style=\"color: #ff6600;\"><a href=\"https:\/\/swissraft.outdoorbooking.ch\/fo\/products\/1951?base_id=91&amp;category_id=10&amp;order_type=event&amp;lang=de\" target=\"_blank\" rel=\"noopener\">RESERVIEREN SIE EIN DATUM<\/a> \u00a0<\/span><strong>CHF 134.00<\/strong>\/Erw. <strong>109.00<\/strong>\/Kind<strong> (31 Pers. und mehr)<\/strong><\/td><\/tr><\/tbody><\/table>\t\t\t\t\t\t<\/div>\n\t\t\t\t<\/div>\n\t\t\t\t\t<\/div>\n\t\t<\/div>\n\t\t\t\t\t\t\t<\/div>\n\t\t<\/section>\n\t\t\t\t\t\t\t<\/div>\n\t\t","protected":false},"excerpt":{"rendered":"<div align=\"justify\">\n<h2 align=\"justify\">Easy Rafting Gisikon-Rottenschwil auf der Reuss, in den Kantonen Luzern und Aargau<\/h2>\n<h3>Easy Rafting und Entspannung auf der Reuss, einem Fluss, der gef\u00e4llt<\/h3>\n<\/div>\n<div align=\"justify\">\n<p><strong>Easy Rafting<\/strong> von Gisikon nach Rottenschwil auf der Reuss! Angenehmer Weg f\u00fcr Jung und Alt. Fun Rafting ist eine Aktivit\u00e4t f\u00fcr alle, die einen entspannten Nachmittag verbringen m\u00f6chten. Sie fahren auf der Reuss von Gisikon im Kanton Luzern bis nach Rottenschwil im Kanton Aargau. Hier machen Sie eine wohlverdiente Picknickpause, bevor Sie den Abstieg nach Rottenschwil fortsetzen.<\/p>\n<h3>Auf der Reuss sind 5 weitere Fun Rafting Strecken m\u00f6glich, sowie auf anderen Fl\u00fcssen.<\/h3>\n<p id=\"textarea\" style=\"display: none;\">\nSwissraft bietet auch vier weitere <strong>Easy Rafting<\/strong> Strecken auf der Reuss an: Bremgarten &#8211; Mellingen und Mellingen &#8211; Gebenstorf. Sowie easy rafting von Gisikon nach Ottenbach in den Kantonen Luzern und Z\u00fcrich. Aber auch Fun Rafting auf der Saane und <strong>Easy Rafting<\/strong> auf der Rhone. Au\u00dferdem machen wir <strong>Fun Rafting<\/strong> auf der L\u00fctschine in Interlaken und Easy Rafting zwischen Thun und Bern. <strong>Easy Rafting<\/strong> auf dem Ticino im Tessin und auf dem Inn im Unterengadin zwischen Scuol und Pradella.<br \/>\nPlanen Sie einen anderen Ausflug als Easy Rafting auf der Reuss? Swissraft bietet Ihnen Rafting oder Riverrafting auf den sch\u00f6nsten Fl\u00fcssen der Schweiz und unseres Nachbarlandes Frankreich.\n<\/p>\n<p><a id=\"seeMore\" onclick=\"toggleSeeMore()\" href=\"javascript:void(0);\">Lesen Sie mehr<\/a><\/p>\n","protected":false},"featured_media":84922,"comment_status":"open","ping_status":"closed","template":"","meta":{"inline_featured_image":false,"_mi_skip_tracking":false},"product_cat":[318,314],"product_tag":[],"class_list":["post-91390","product","type-product","status-publish","has-post-thumbnail","hentry","product_cat-easy-rafting-reuss","product_cat-easy-rafting-in-der-schweiz"],"yoast_head":"<!-- This site is optimized with the Yoast SEO plugin v23.6 - https:\/\/yoast.com\/wordpress\/plugins\/seo\/ -->\n<title>Easy Rafting Gisikon-Rottenschwil auf der Reuss; Luzern und Aargau<\/title>\n<meta name=\"description\" content=\"Easy Rafting Gisikon-Rottenschwil. Sie fahren auf der Reuss von Gisikon im Kanton Luzern bis nach Rottenschwil im Aargau; eine angenehme Strecke.\" \/>\n<meta name=\"robots\" content=\"index, follow, max-snippet:-1, max-image-preview:large, max-video-preview:-1\" \/>\n<link rel=\"canonical\" href=\"https:\/\/www.swissraft.ch\/de\/produkt\/easy-rafting-reuss-gisikon-rottenschwil\/\" \/>\n<meta property=\"og:locale\" content=\"de_DE\" \/>\n<meta property=\"og:type\" content=\"article\" \/>\n<meta property=\"og:title\" content=\"Easy Rafting Gisikon-Rottenschwil auf der Reuss; Luzern und Aargau\" \/>\n<meta property=\"og:description\" content=\"Easy Rafting Gisikon-Rottenschwil. Sie fahren auf der Reuss von Gisikon im Kanton Luzern bis nach Rottenschwil im Aargau; eine angenehme Strecke.\" \/>\n<meta property=\"og:url\" content=\"https:\/\/www.swissraft.ch\/de\/produkt\/easy-rafting-reuss-gisikon-rottenschwil\/\" \/>\n<meta property=\"og:site_name\" content=\"Swissraft\" \/>\n<meta property=\"article:modified_time\" content=\"2026-02-28T20:36:31+00:00\" \/>\n<meta property=\"og:image\" content=\"https:\/\/www.swissraft.ch\/wp-content\/uploads\/2023\/06\/1-6-Easy-rafting-Gisikon-Rottenschwil-776x776-4.jpg\" \/>\n\t<meta property=\"og:image:width\" content=\"776\" \/>\n\t<meta property=\"og:image:height\" content=\"776\" \/>\n\t<meta property=\"og:image:type\" content=\"image\/jpeg\" \/>\n<meta name=\"twitter:card\" content=\"summary_large_image\" \/>\n<meta name=\"twitter:label1\" content=\"Gesch\u00e4tzte Lesezeit\" \/>\n\t<meta name=\"twitter:data1\" content=\"1\u00a0Minute\" \/>\n<script type=\"application\/ld+json\" class=\"yoast-schema-graph\">{\"@context\":\"https:\/\/schema.org\",\"@graph\":[{\"@type\":\"WebPage\",\"@id\":\"https:\/\/www.swissraft.ch\/de\/produkt\/easy-rafting-reuss-gisikon-rottenschwil\/\",\"url\":\"https:\/\/www.swissraft.ch\/de\/produkt\/easy-rafting-reuss-gisikon-rottenschwil\/\",\"name\":\"Easy Rafting Gisikon-Rottenschwil auf der Reuss; Luzern und Aargau\",\"isPartOf\":{\"@id\":\"https:\/\/www.swissraft.ch\/de\/#website\"},\"primaryImageOfPage\":{\"@id\":\"https:\/\/www.swissraft.ch\/de\/produkt\/easy-rafting-reuss-gisikon-rottenschwil\/#primaryimage\"},\"image\":{\"@id\":\"https:\/\/www.swissraft.ch\/de\/produkt\/easy-rafting-reuss-gisikon-rottenschwil\/#primaryimage\"},\"thumbnailUrl\":\"https:\/\/www.swissraft.ch\/wp-content\/uploads\/2023\/06\/1-6-Easy-rafting-Gisikon-Rottenschwil-776x776-4.jpg\",\"datePublished\":\"2023-06-15T22:48:03+00:00\",\"dateModified\":\"2026-02-28T20:36:31+00:00\",\"description\":\"Easy Rafting Gisikon-Rottenschwil. Sie fahren auf der Reuss von Gisikon im Kanton Luzern bis nach Rottenschwil im Aargau; eine angenehme Strecke.\",\"breadcrumb\":{\"@id\":\"https:\/\/www.swissraft.ch\/de\/produkt\/easy-rafting-reuss-gisikon-rottenschwil\/#breadcrumb\"},\"inLanguage\":\"de\",\"potentialAction\":[{\"@type\":\"ReadAction\",\"target\":[\"https:\/\/www.swissraft.ch\/de\/produkt\/easy-rafting-reuss-gisikon-rottenschwil\/\"]}]},{\"@type\":\"ImageObject\",\"inLanguage\":\"de\",\"@id\":\"https:\/\/www.swissraft.ch\/de\/produkt\/easy-rafting-reuss-gisikon-rottenschwil\/#primaryimage\",\"url\":\"https:\/\/www.swissraft.ch\/wp-content\/uploads\/2023\/06\/1-6-Easy-rafting-Gisikon-Rottenschwil-776x776-4.jpg\",\"contentUrl\":\"https:\/\/www.swissraft.ch\/wp-content\/uploads\/2023\/06\/1-6-Easy-rafting-Gisikon-Rottenschwil-776x776-4.jpg\",\"width\":776,\"height\":776,\"caption\":\"Easy Rafting auf der Reuss zwischen Gisikon und Rottenschwil\"},{\"@type\":\"BreadcrumbList\",\"@id\":\"https:\/\/www.swissraft.ch\/de\/produkt\/easy-rafting-reuss-gisikon-rottenschwil\/#breadcrumb\",\"itemListElement\":[{\"@type\":\"ListItem\",\"position\":1,\"name\":\"Accueil\",\"item\":\"https:\/\/www.swissraft.ch\/de\/\"},{\"@type\":\"ListItem\",\"position\":2,\"name\":\"Shop\",\"item\":\"https:\/\/www.swissraft.ch\/de\/shop\/\"},{\"@type\":\"ListItem\",\"position\":3,\"name\":\"Easy Rafting auf DER REUSS &#8211; GISIKON-ROTTENSCHWIL &#8211; Ab CHF 109.00\"}]},{\"@type\":\"WebSite\",\"@id\":\"https:\/\/www.swissraft.ch\/de\/#website\",\"url\":\"https:\/\/www.swissraft.ch\/de\/\",\"name\":\"Swissraft\",\"description\":\"To enjoy nature as it is\",\"publisher\":{\"@id\":\"https:\/\/www.swissraft.ch\/de\/#organization\"},\"potentialAction\":[{\"@type\":\"SearchAction\",\"target\":{\"@type\":\"EntryPoint\",\"urlTemplate\":\"https:\/\/www.swissraft.ch\/de\/?s={search_term_string}\"},\"query-input\":{\"@type\":\"PropertyValueSpecification\",\"valueRequired\":true,\"valueName\":\"search_term_string\"}}],\"inLanguage\":\"de\"},{\"@type\":\"Organization\",\"@id\":\"https:\/\/www.swissraft.ch\/de\/#organization\",\"name\":\"Swissraft\",\"url\":\"https:\/\/www.swissraft.ch\/de\/\",\"logo\":{\"@type\":\"ImageObject\",\"inLanguage\":\"de\",\"@id\":\"https:\/\/www.swissraft.ch\/de\/#\/schema\/logo\/image\/\",\"url\":\"https:\/\/www.swissraft.ch\/wp-content\/uploads\/2025\/09\/Capture.jpg\",\"contentUrl\":\"https:\/\/www.swissraft.ch\/wp-content\/uploads\/2025\/09\/Capture.jpg\",\"width\":293,\"height\":108,\"caption\":\"Swissraft\"},\"image\":{\"@id\":\"https:\/\/www.swissraft.ch\/de\/#\/schema\/logo\/image\/\"}}]}<\/script>\n<!-- \/ Yoast SEO plugin. -->","yoast_head_json":{"title":"Easy Rafting Gisikon-Rottenschwil auf der Reuss; Luzern und Aargau","description":"Easy Rafting Gisikon-Rottenschwil. Sie fahren auf der Reuss von Gisikon im Kanton Luzern bis nach Rottenschwil im Aargau; eine angenehme Strecke.","robots":{"index":"index","follow":"follow","max-snippet":"max-snippet:-1","max-image-preview":"max-image-preview:large","max-video-preview":"max-video-preview:-1"},"canonical":"https:\/\/www.swissraft.ch\/de\/produkt\/easy-rafting-reuss-gisikon-rottenschwil\/","og_locale":"de_DE","og_type":"article","og_title":"Easy Rafting Gisikon-Rottenschwil auf der Reuss; Luzern und Aargau","og_description":"Easy Rafting Gisikon-Rottenschwil. Sie fahren auf der Reuss von Gisikon im Kanton Luzern bis nach Rottenschwil im Aargau; eine angenehme Strecke.","og_url":"https:\/\/www.swissraft.ch\/de\/produkt\/easy-rafting-reuss-gisikon-rottenschwil\/","og_site_name":"Swissraft","article_modified_time":"2026-02-28T20:36:31+00:00","og_image":[{"width":776,"height":776,"url":"https:\/\/www.swissraft.ch\/wp-content\/uploads\/2023\/06\/1-6-Easy-rafting-Gisikon-Rottenschwil-776x776-4.jpg","type":"image\/jpeg"}],"twitter_card":"summary_large_image","twitter_misc":{"Gesch\u00e4tzte Lesezeit":"1\u00a0Minute"},"schema":{"@context":"https:\/\/schema.org","@graph":[{"@type":"WebPage","@id":"https:\/\/www.swissraft.ch\/de\/produkt\/easy-rafting-reuss-gisikon-rottenschwil\/","url":"https:\/\/www.swissraft.ch\/de\/produkt\/easy-rafting-reuss-gisikon-rottenschwil\/","name":"Easy Rafting Gisikon-Rottenschwil auf der Reuss; Luzern und Aargau","isPartOf":{"@id":"https:\/\/www.swissraft.ch\/de\/#website"},"primaryImageOfPage":{"@id":"https:\/\/www.swissraft.ch\/de\/produkt\/easy-rafting-reuss-gisikon-rottenschwil\/#primaryimage"},"image":{"@id":"https:\/\/www.swissraft.ch\/de\/produkt\/easy-rafting-reuss-gisikon-rottenschwil\/#primaryimage"},"thumbnailUrl":"https:\/\/www.swissraft.ch\/wp-content\/uploads\/2023\/06\/1-6-Easy-rafting-Gisikon-Rottenschwil-776x776-4.jpg","datePublished":"2023-06-15T22:48:03+00:00","dateModified":"2026-02-28T20:36:31+00:00","description":"Easy Rafting Gisikon-Rottenschwil. Sie fahren auf der Reuss von Gisikon im Kanton Luzern bis nach Rottenschwil im Aargau; eine angenehme Strecke.","breadcrumb":{"@id":"https:\/\/www.swissraft.ch\/de\/produkt\/easy-rafting-reuss-gisikon-rottenschwil\/#breadcrumb"},"inLanguage":"de","potentialAction":[{"@type":"ReadAction","target":["https:\/\/www.swissraft.ch\/de\/produkt\/easy-rafting-reuss-gisikon-rottenschwil\/"]}]},{"@type":"ImageObject","inLanguage":"de","@id":"https:\/\/www.swissraft.ch\/de\/produkt\/easy-rafting-reuss-gisikon-rottenschwil\/#primaryimage","url":"https:\/\/www.swissraft.ch\/wp-content\/uploads\/2023\/06\/1-6-Easy-rafting-Gisikon-Rottenschwil-776x776-4.jpg","contentUrl":"https:\/\/www.swissraft.ch\/wp-content\/uploads\/2023\/06\/1-6-Easy-rafting-Gisikon-Rottenschwil-776x776-4.jpg","width":776,"height":776,"caption":"Easy Rafting auf der Reuss zwischen Gisikon und Rottenschwil"},{"@type":"BreadcrumbList","@id":"https:\/\/www.swissraft.ch\/de\/produkt\/easy-rafting-reuss-gisikon-rottenschwil\/#breadcrumb","itemListElement":[{"@type":"ListItem","position":1,"name":"Accueil","item":"https:\/\/www.swissraft.ch\/de\/"},{"@type":"ListItem","position":2,"name":"Shop","item":"https:\/\/www.swissraft.ch\/de\/shop\/"},{"@type":"ListItem","position":3,"name":"Easy Rafting auf DER REUSS &#8211; GISIKON-ROTTENSCHWIL &#8211; Ab CHF 109.00"}]},{"@type":"WebSite","@id":"https:\/\/www.swissraft.ch\/de\/#website","url":"https:\/\/www.swissraft.ch\/de\/","name":"Swissraft","description":"To enjoy nature as it is","publisher":{"@id":"https:\/\/www.swissraft.ch\/de\/#organization"},"potentialAction":[{"@type":"SearchAction","target":{"@type":"EntryPoint","urlTemplate":"https:\/\/www.swissraft.ch\/de\/?s={search_term_string}"},"query-input":{"@type":"PropertyValueSpecification","valueRequired":true,"valueName":"search_term_string"}}],"inLanguage":"de"},{"@type":"Organization","@id":"https:\/\/www.swissraft.ch\/de\/#organization","name":"Swissraft","url":"https:\/\/www.swissraft.ch\/de\/","logo":{"@type":"ImageObject","inLanguage":"de","@id":"https:\/\/www.swissraft.ch\/de\/#\/schema\/logo\/image\/","url":"https:\/\/www.swissraft.ch\/wp-content\/uploads\/2025\/09\/Capture.jpg","contentUrl":"https:\/\/www.swissraft.ch\/wp-content\/uploads\/2025\/09\/Capture.jpg","width":293,"height":108,"caption":"Swissraft"},"image":{"@id":"https:\/\/www.swissraft.ch\/de\/#\/schema\/logo\/image\/"}}]}},"_links":{"self":[{"href":"https:\/\/www.swissraft.ch\/de\/wp-json\/wp\/v2\/product\/91390","targetHints":{"allow":["GET"]}}],"collection":[{"href":"https:\/\/www.swissraft.ch\/de\/wp-json\/wp\/v2\/product"}],"about":[{"href":"https:\/\/www.swissraft.ch\/de\/wp-json\/wp\/v2\/types\/product"}],"replies":[{"embeddable":true,"href":"https:\/\/www.swissraft.ch\/de\/wp-json\/wp\/v2\/comments?post=91390"}],"version-history":[{"count":35,"href":"https:\/\/www.swissraft.ch\/de\/wp-json\/wp\/v2\/product\/91390\/revisions"}],"predecessor-version":[{"id":131148,"href":"https:\/\/www.swissraft.ch\/de\/wp-json\/wp\/v2\/product\/91390\/revisions\/131148"}],"wp:featuredmedia":[{"embeddable":true,"href":"https:\/\/www.swissraft.ch\/de\/wp-json\/wp\/v2\/media\/84922"}],"wp:attachment":[{"href":"https:\/\/www.swissraft.ch\/de\/wp-json\/wp\/v2\/media?parent=91390"}],"wp:term":[{"taxonomy":"product_cat","embeddable":true,"href":"https:\/\/www.swissraft.ch\/de\/wp-json\/wp\/v2\/product_cat?post=91390"},{"taxonomy":"product_tag","embeddable":true,"href":"https:\/\/www.swissraft.ch\/de\/wp-json\/wp\/v2\/product_tag?post=91390"}],"curies":[{"name":"wp","href":"https:\/\/api.w.org\/{rel}","templated":true}]}}