{"id":91381,"date":"2023-10-15T01:10:37","date_gmt":"2023-10-14T23:10:37","guid":{"rendered":"https:\/\/swissraft.xyanzkdne.eu\/product\/hubschrauberflug-von-balzers-alpstein-saentis-churfirsten-25-min-chf-1150-00\/"},"modified":"2026-04-18T00:11:19","modified_gmt":"2026-04-17T22:11:19","slug":"helikopterflug-balzers-rundflug-alpstein-saentis-churfirsten","status":"publish","type":"product","link":"https:\/\/www.swissraft.ch\/de\/produkt\/helikopterflug-balzers-rundflug-alpstein-saentis-churfirsten\/","title":{"rendered":"Helikopterflug &#8211; Balzers &#8211; Alpstein-S\u00e4ntis-Churfirsten &#8211; 25 min. &#8211; CHF 1&#8217;150.00"},"content":{"rendered":"\t\t<div data-elementor-type=\"wp-post\" data-elementor-id=\"91381\" class=\"elementor elementor-91381 elementor-46266\">\n\t\t\t\t\t\t\t\t\t<section class=\"elementor-section elementor-top-section elementor-element elementor-element-3303a7e3 elementor-section-boxed elementor-section-height-default elementor-section-height-default\" data-id=\"3303a7e3\" data-element_type=\"section\">\n\t\t\t\t\t\t<div class=\"elementor-container elementor-column-gap-default\">\n\t\t\t\t\t<div class=\"elementor-column elementor-col-100 elementor-top-column elementor-element elementor-element-16d72dbf\" data-id=\"16d72dbf\" data-element_type=\"column\">\n\t\t\t<div class=\"elementor-widget-wrap elementor-element-populated\">\n\t\t\t\t\t\t\t\t<div class=\"elementor-element elementor-element-d743c03 elementor-widget elementor-widget-text-editor\" data-id=\"d743c03\" data-element_type=\"widget\" data-widget_type=\"text-editor.default\">\n\t\t\t\t<div class=\"elementor-widget-container\">\n\t\t\t\t\t\t\t<h2>W\u00c4HLEN SIE UNTEN IHRE AKTIVIT\u00c4T AUS, UM GESCHENKGUTSCHEINE \/ TICKETS ZU VERSCHENKEN ODER ZU BUCHEN.<\/h2><table border=\"0\" width=\"580\" cellspacing=\"10\" cellpadding=\"10\"><tbody><tr><td width=\"50%\"><h3><strong>RUNDFLUG &#8211; ALPSTEIN-S\u00c4NTIS-CHURFIRSTEN &#8211; <\/strong><strong style=\"font-family: inherit; font-size: inherit;\">PRIVATFLUG &#8211; (1-5 Pers.) &#8211; 25 Min.<\/strong><\/h3><\/td><td><strong>CHF 1&#8217;150.00 pro Privatflug<span class=\"productPrice\"><br \/><\/span><\/strong><\/td><\/tr><tr><td>Zus\u00e4tzliche Informationen<\/td><td>&#8211; Sie haben den Helikopter ausschlie\u00dflich f\u00fcr sich<br \/>&#8211; Sie bestimmen das Datum und die Uhrzeit des Abflugs<br \/>&#8211; Maximum 5 Pers.<\/td><\/tr><tr><td>Heliport<\/td><td><a href=\"https:\/\/www.google.com\/maps\/place\/47%C2%B004'05.0%22N+9%C2%B028'55.2%22E\/@47.0680806,9.480855,192m\/data=!3m1!1e3!4m13!1m8!3m7!1s0x479b33499588e047:0xe58ca1e7c040f200!2s9496+M%C3%A4ls,+Liechtenstein!3b1!8m2!3d47.0608202!4d9.4906745!16s%2Fm%2F03wd5pd!3m3!8m2!3d47.068055!4d9.482003?entry=ttu\" target=\"_blank\" rel=\"noopener\">Balzers<\/a><\/td><\/tr><tr><td>Flugzeit<\/td><td>25 Min.<\/td><\/tr><tr><td>Gesamtdauer<\/td><td>ca. 1 Std.<\/td><\/tr><tr><td>Termin<\/td><td>Per Telefon<\/td><\/tr><tr><td><button class=\"elementor-button\" type=\"button\"><a href=\"https:\/\/swissraft.outdoorbooking.ch\/fo\/products\/1663?base_id=164&amp;category_id=6&amp;order_type=gift_voucher&amp;lang=de\" target=\"_blank\" rel=\"noopener\">GUTSCHEIN \/ TICKET KAUFEN<\/a><\/button><\/td><td><strong><em>WICHTIG !<\/em><\/strong><br \/><em>Um zu reservieren, rufen Sie die Nummer an, die sich oben links auf dem Gutschein \/ Ticket befindet.<\/em><\/td><\/tr><\/tbody><\/table>\t\t\t\t\t\t<\/div>\n\t\t\t\t<\/div>\n\t\t\t\t\t<\/div>\n\t\t<\/div>\n\t\t\t\t\t\t\t<\/div>\n\t\t<\/section>\n\t\t\t\t<section class=\"elementor-section elementor-top-section elementor-element elementor-element-a19f32d elementor-section-boxed elementor-section-height-default elementor-section-height-default\" data-id=\"a19f32d\" data-element_type=\"section\">\n\t\t\t\t\t\t<div class=\"elementor-container elementor-column-gap-default\">\n\t\t\t\t\t<div class=\"elementor-column elementor-col-100 elementor-top-column elementor-element elementor-element-abbffbc\" data-id=\"abbffbc\" data-element_type=\"column\">\n\t\t\t<div class=\"elementor-widget-wrap elementor-element-populated\">\n\t\t\t\t\t\t\t\t<div class=\"elementor-element elementor-element-00fe06b elementor-widget elementor-widget-text-editor\" data-id=\"00fe06b\" data-element_type=\"widget\" data-widget_type=\"text-editor.default\">\n\t\t\t\t<div class=\"elementor-widget-container\">\n\t\t\t\t\t\t\t<h2>W\u00c4HLEN SIE UNTEN IHRE AKTIVIT\u00c4T AUS, UM GESCHENKGUTSCHEINE \/ TICKETS ZU VERSCHENKEN ODER ZU BUCHEN.<\/h2>\n\t\t\t\t\t\t<\/div>\n\t\t\t\t<\/div>\n\t\t\t\t\t<\/div>\n\t\t<\/div>\n\t\t\t\t\t\t\t<\/div>\n\t\t<\/section>\n\t\t\t\t\t\t\t<\/div>\n\t\t","protected":false},"excerpt":{"rendered":"<div align=\"justify\">\n<h2 align=\"justify\">Ein 25-min\u00fctiger Helikopterflug \u00fcber die Appenzeller Alpen<\/h2>\n<h3>Sie fliegen \u00fcber Seen und die typischen Landschaften von Appenzell.<\/h3>\n<\/div>\n<div align=\"justify\">\n<p>Fliegen Sie mit unserem erfahrenen Piloten \u00fcber die Seen und Waldlandschaften. Flug \u00fcber die Bergh\u00fctten inmitten der Appenzeller Alpen. Von Balzers aus fliegen Sie nach: Saxer L\u00fccke, F\u00e4lensee, Alp Sigel, Hoher Kasten, Appenzell. Danach folgen Seealpsee, Meglisalp, S\u00e4ntis, Wildhaus, Ch\u00e4serrugg, Gamser Rugg, bevor Sie sich in Balzers ausruhen.<\/p>\n<h3>Bitte rufen Sie uns an, wenn Sie Fragen haben oder beraten werden m\u00f6chten. Wir beantworten gerne alle Ihre Fragen<\/h3>\n<p id=\"textarea\" style=\"display: none;\">\nWir bieten Fl\u00fcge vom Heliport in St. Moritz im Winter und vom Flugplatz Samedan das ganze Jahr \u00fcber. Ebenso bieten wir Fl\u00fcge von den Heliports Tavanasa, Flims und Untervaz an. Aber auch in Thurgau vom Flugplatz Sitterdorf aus. Wir fliegen von den internationalen Flugh\u00e4fen Z\u00fcrich-Kloten und Bern-Belp. Einerseits starten wir vom Hubschrauberlandeplatz Gstaad-Grund und vom Flugplatz Saanen in Gstaad-Saanenland. Andererseits von den Heliports Lenk-Simmental, Schattenhalb-Meiringen, Interlaken-Gsteigwiler und Lauterbrunnen. Au\u00dferdem fliegen wir von Pfaffnau in den Kanton Luzern und von Erstfeld in den Kanton Uri. Wir bieten auch Fl\u00fcge von Buttwil im Kanton Aargau an. Aber auch Fl\u00fcge von K\u00fcssnacht im Kanton Schwyz und von Grenchen im Kanton Solothurn. Au\u00dferdem bieten wir Rundreisen ab \u00c9pagny im Greyerzerland an. Sowie im Wallis von den Heliports Gampel und Collombey und vom Flughafen der Stadt Sion aus. Au\u00dferdem starten wir im Kanton Tessin von den Flugpl\u00e4tzen Locarno und Lodrino.\n<\/p>\n<p><a id=\"seeMore\" onclick=\"toggleSeeMore()\" href=\"javascript:void(0);\">Lesen Sie mehr<\/a><\/p>\n","protected":false},"featured_media":86632,"comment_status":"open","ping_status":"closed","template":"","meta":{"inline_featured_image":false,"_mi_skip_tracking":false},"product_cat":[263,284],"product_tag":[],"class_list":["post-91381","product","type-product","status-publish","has-post-thumbnail","hentry","product_cat-helikopterflug-in-der-schweiz","product_cat-helikopterflug-rundflug-balzers"],"yoast_head":"<!-- This site is optimized with the Yoast SEO plugin v23.6 - https:\/\/yoast.com\/wordpress\/plugins\/seo\/ -->\n<title>Rundflug Alpstein-S\u00e4ntis-Churfirsten mit dem Helikopter<\/title>\n<meta name=\"description\" content=\"Rundflug Alpstein-S\u00e4ntis-Churfirsten mit dem Helikopter von Balzers aus f\u00fcr einen 25-min\u00fctigen Flug mit H\u00fctten\u00fcberflug inmitten der Appenzeller Alpen\" \/>\n<meta name=\"robots\" content=\"index, follow, max-snippet:-1, max-image-preview:large, max-video-preview:-1\" \/>\n<link rel=\"canonical\" href=\"https:\/\/www.swissraft.ch\/de\/produkt\/helikopterflug-balzers-rundflug-alpstein-saentis-churfirsten\/\" \/>\n<meta property=\"og:locale\" content=\"de_DE\" \/>\n<meta property=\"og:type\" content=\"article\" \/>\n<meta property=\"og:title\" content=\"Rundflug Alpstein-S\u00e4ntis-Churfirsten mit dem Helikopter\" \/>\n<meta property=\"og:description\" content=\"Rundflug Alpstein-S\u00e4ntis-Churfirsten mit dem Helikopter von Balzers aus f\u00fcr einen 25-min\u00fctigen Flug mit H\u00fctten\u00fcberflug inmitten der Appenzeller Alpen\" \/>\n<meta property=\"og:url\" content=\"https:\/\/www.swissraft.ch\/de\/produkt\/helikopterflug-balzers-rundflug-alpstein-saentis-churfirsten\/\" \/>\n<meta property=\"og:site_name\" content=\"Swissraft\" \/>\n<meta property=\"article:modified_time\" content=\"2026-04-17T22:11:19+00:00\" \/>\n<meta property=\"og:image\" content=\"https:\/\/www.swissraft.ch\/wp-content\/uploads\/2022\/12\/03-SARGANS-BALZERS-Alpstein-Santis-Churfirsten-776x776-2.jpg\" \/>\n\t<meta property=\"og:image:width\" content=\"776\" \/>\n\t<meta property=\"og:image:height\" content=\"776\" \/>\n\t<meta property=\"og:image:type\" content=\"image\/jpeg\" \/>\n<meta name=\"twitter:card\" content=\"summary_large_image\" \/>\n<meta name=\"twitter:label1\" content=\"Gesch\u00e4tzte Lesezeit\" \/>\n\t<meta name=\"twitter:data1\" content=\"1\u00a0Minute\" \/>\n<script type=\"application\/ld+json\" class=\"yoast-schema-graph\">{\"@context\":\"https:\/\/schema.org\",\"@graph\":[{\"@type\":\"WebPage\",\"@id\":\"https:\/\/www.swissraft.ch\/de\/produkt\/helikopterflug-balzers-rundflug-alpstein-saentis-churfirsten\/\",\"url\":\"https:\/\/www.swissraft.ch\/de\/produkt\/helikopterflug-balzers-rundflug-alpstein-saentis-churfirsten\/\",\"name\":\"Rundflug Alpstein-S\u00e4ntis-Churfirsten mit dem Helikopter\",\"isPartOf\":{\"@id\":\"https:\/\/www.swissraft.ch\/de\/#website\"},\"primaryImageOfPage\":{\"@id\":\"https:\/\/www.swissraft.ch\/de\/produkt\/helikopterflug-balzers-rundflug-alpstein-saentis-churfirsten\/#primaryimage\"},\"image\":{\"@id\":\"https:\/\/www.swissraft.ch\/de\/produkt\/helikopterflug-balzers-rundflug-alpstein-saentis-churfirsten\/#primaryimage\"},\"thumbnailUrl\":\"https:\/\/www.swissraft.ch\/wp-content\/uploads\/2022\/12\/03-SARGANS-BALZERS-Alpstein-Santis-Churfirsten-776x776-2.jpg\",\"datePublished\":\"2023-10-14T23:10:37+00:00\",\"dateModified\":\"2026-04-17T22:11:19+00:00\",\"description\":\"Rundflug Alpstein-S\u00e4ntis-Churfirsten mit dem Helikopter von Balzers aus f\u00fcr einen 25-min\u00fctigen Flug mit H\u00fctten\u00fcberflug inmitten der Appenzeller Alpen\",\"breadcrumb\":{\"@id\":\"https:\/\/www.swissraft.ch\/de\/produkt\/helikopterflug-balzers-rundflug-alpstein-saentis-churfirsten\/#breadcrumb\"},\"inLanguage\":\"de\",\"potentialAction\":[{\"@type\":\"ReadAction\",\"target\":[\"https:\/\/www.swissraft.ch\/de\/produkt\/helikopterflug-balzers-rundflug-alpstein-saentis-churfirsten\/\"]}]},{\"@type\":\"ImageObject\",\"inLanguage\":\"de\",\"@id\":\"https:\/\/www.swissraft.ch\/de\/produkt\/helikopterflug-balzers-rundflug-alpstein-saentis-churfirsten\/#primaryimage\",\"url\":\"https:\/\/www.swissraft.ch\/wp-content\/uploads\/2022\/12\/03-SARGANS-BALZERS-Alpstein-Santis-Churfirsten-776x776-2.jpg\",\"contentUrl\":\"https:\/\/www.swissraft.ch\/wp-content\/uploads\/2022\/12\/03-SARGANS-BALZERS-Alpstein-Santis-Churfirsten-776x776-2.jpg\",\"width\":776,\"height\":776,\"caption\":\"Alpstein-S\u00e4ntis-Churfirsten mit dem Helikopter von Balzers aus\"},{\"@type\":\"BreadcrumbList\",\"@id\":\"https:\/\/www.swissraft.ch\/de\/produkt\/helikopterflug-balzers-rundflug-alpstein-saentis-churfirsten\/#breadcrumb\",\"itemListElement\":[{\"@type\":\"ListItem\",\"position\":1,\"name\":\"Accueil\",\"item\":\"https:\/\/www.swissraft.ch\/de\/\"},{\"@type\":\"ListItem\",\"position\":2,\"name\":\"Shop\",\"item\":\"https:\/\/www.swissraft.ch\/de\/shop\/\"},{\"@type\":\"ListItem\",\"position\":3,\"name\":\"Helikopterflug &#8211; Balzers &#8211; Alpstein-S\u00e4ntis-Churfirsten &#8211; 25 min. &#8211; CHF 1&rsquo;150.00\"}]},{\"@type\":\"WebSite\",\"@id\":\"https:\/\/www.swissraft.ch\/de\/#website\",\"url\":\"https:\/\/www.swissraft.ch\/de\/\",\"name\":\"Swissraft\",\"description\":\"To enjoy nature as it is\",\"publisher\":{\"@id\":\"https:\/\/www.swissraft.ch\/de\/#organization\"},\"potentialAction\":[{\"@type\":\"SearchAction\",\"target\":{\"@type\":\"EntryPoint\",\"urlTemplate\":\"https:\/\/www.swissraft.ch\/de\/?s={search_term_string}\"},\"query-input\":{\"@type\":\"PropertyValueSpecification\",\"valueRequired\":true,\"valueName\":\"search_term_string\"}}],\"inLanguage\":\"de\"},{\"@type\":\"Organization\",\"@id\":\"https:\/\/www.swissraft.ch\/de\/#organization\",\"name\":\"Swissraft\",\"url\":\"https:\/\/www.swissraft.ch\/de\/\",\"logo\":{\"@type\":\"ImageObject\",\"inLanguage\":\"de\",\"@id\":\"https:\/\/www.swissraft.ch\/de\/#\/schema\/logo\/image\/\",\"url\":\"https:\/\/www.swissraft.ch\/wp-content\/uploads\/2025\/09\/Capture.jpg\",\"contentUrl\":\"https:\/\/www.swissraft.ch\/wp-content\/uploads\/2025\/09\/Capture.jpg\",\"width\":293,\"height\":108,\"caption\":\"Swissraft\"},\"image\":{\"@id\":\"https:\/\/www.swissraft.ch\/de\/#\/schema\/logo\/image\/\"}}]}<\/script>\n<!-- \/ Yoast SEO plugin. -->","yoast_head_json":{"title":"Rundflug Alpstein-S\u00e4ntis-Churfirsten mit dem Helikopter","description":"Rundflug Alpstein-S\u00e4ntis-Churfirsten mit dem Helikopter von Balzers aus f\u00fcr einen 25-min\u00fctigen Flug mit H\u00fctten\u00fcberflug inmitten der Appenzeller Alpen","robots":{"index":"index","follow":"follow","max-snippet":"max-snippet:-1","max-image-preview":"max-image-preview:large","max-video-preview":"max-video-preview:-1"},"canonical":"https:\/\/www.swissraft.ch\/de\/produkt\/helikopterflug-balzers-rundflug-alpstein-saentis-churfirsten\/","og_locale":"de_DE","og_type":"article","og_title":"Rundflug Alpstein-S\u00e4ntis-Churfirsten mit dem Helikopter","og_description":"Rundflug Alpstein-S\u00e4ntis-Churfirsten mit dem Helikopter von Balzers aus f\u00fcr einen 25-min\u00fctigen Flug mit H\u00fctten\u00fcberflug inmitten der Appenzeller Alpen","og_url":"https:\/\/www.swissraft.ch\/de\/produkt\/helikopterflug-balzers-rundflug-alpstein-saentis-churfirsten\/","og_site_name":"Swissraft","article_modified_time":"2026-04-17T22:11:19+00:00","og_image":[{"width":776,"height":776,"url":"https:\/\/www.swissraft.ch\/wp-content\/uploads\/2022\/12\/03-SARGANS-BALZERS-Alpstein-Santis-Churfirsten-776x776-2.jpg","type":"image\/jpeg"}],"twitter_card":"summary_large_image","twitter_misc":{"Gesch\u00e4tzte Lesezeit":"1\u00a0Minute"},"schema":{"@context":"https:\/\/schema.org","@graph":[{"@type":"WebPage","@id":"https:\/\/www.swissraft.ch\/de\/produkt\/helikopterflug-balzers-rundflug-alpstein-saentis-churfirsten\/","url":"https:\/\/www.swissraft.ch\/de\/produkt\/helikopterflug-balzers-rundflug-alpstein-saentis-churfirsten\/","name":"Rundflug Alpstein-S\u00e4ntis-Churfirsten mit dem Helikopter","isPartOf":{"@id":"https:\/\/www.swissraft.ch\/de\/#website"},"primaryImageOfPage":{"@id":"https:\/\/www.swissraft.ch\/de\/produkt\/helikopterflug-balzers-rundflug-alpstein-saentis-churfirsten\/#primaryimage"},"image":{"@id":"https:\/\/www.swissraft.ch\/de\/produkt\/helikopterflug-balzers-rundflug-alpstein-saentis-churfirsten\/#primaryimage"},"thumbnailUrl":"https:\/\/www.swissraft.ch\/wp-content\/uploads\/2022\/12\/03-SARGANS-BALZERS-Alpstein-Santis-Churfirsten-776x776-2.jpg","datePublished":"2023-10-14T23:10:37+00:00","dateModified":"2026-04-17T22:11:19+00:00","description":"Rundflug Alpstein-S\u00e4ntis-Churfirsten mit dem Helikopter von Balzers aus f\u00fcr einen 25-min\u00fctigen Flug mit H\u00fctten\u00fcberflug inmitten der Appenzeller Alpen","breadcrumb":{"@id":"https:\/\/www.swissraft.ch\/de\/produkt\/helikopterflug-balzers-rundflug-alpstein-saentis-churfirsten\/#breadcrumb"},"inLanguage":"de","potentialAction":[{"@type":"ReadAction","target":["https:\/\/www.swissraft.ch\/de\/produkt\/helikopterflug-balzers-rundflug-alpstein-saentis-churfirsten\/"]}]},{"@type":"ImageObject","inLanguage":"de","@id":"https:\/\/www.swissraft.ch\/de\/produkt\/helikopterflug-balzers-rundflug-alpstein-saentis-churfirsten\/#primaryimage","url":"https:\/\/www.swissraft.ch\/wp-content\/uploads\/2022\/12\/03-SARGANS-BALZERS-Alpstein-Santis-Churfirsten-776x776-2.jpg","contentUrl":"https:\/\/www.swissraft.ch\/wp-content\/uploads\/2022\/12\/03-SARGANS-BALZERS-Alpstein-Santis-Churfirsten-776x776-2.jpg","width":776,"height":776,"caption":"Alpstein-S\u00e4ntis-Churfirsten mit dem Helikopter von Balzers aus"},{"@type":"BreadcrumbList","@id":"https:\/\/www.swissraft.ch\/de\/produkt\/helikopterflug-balzers-rundflug-alpstein-saentis-churfirsten\/#breadcrumb","itemListElement":[{"@type":"ListItem","position":1,"name":"Accueil","item":"https:\/\/www.swissraft.ch\/de\/"},{"@type":"ListItem","position":2,"name":"Shop","item":"https:\/\/www.swissraft.ch\/de\/shop\/"},{"@type":"ListItem","position":3,"name":"Helikopterflug &#8211; Balzers &#8211; Alpstein-S\u00e4ntis-Churfirsten &#8211; 25 min. &#8211; CHF 1&rsquo;150.00"}]},{"@type":"WebSite","@id":"https:\/\/www.swissraft.ch\/de\/#website","url":"https:\/\/www.swissraft.ch\/de\/","name":"Swissraft","description":"To enjoy nature as it is","publisher":{"@id":"https:\/\/www.swissraft.ch\/de\/#organization"},"potentialAction":[{"@type":"SearchAction","target":{"@type":"EntryPoint","urlTemplate":"https:\/\/www.swissraft.ch\/de\/?s={search_term_string}"},"query-input":{"@type":"PropertyValueSpecification","valueRequired":true,"valueName":"search_term_string"}}],"inLanguage":"de"},{"@type":"Organization","@id":"https:\/\/www.swissraft.ch\/de\/#organization","name":"Swissraft","url":"https:\/\/www.swissraft.ch\/de\/","logo":{"@type":"ImageObject","inLanguage":"de","@id":"https:\/\/www.swissraft.ch\/de\/#\/schema\/logo\/image\/","url":"https:\/\/www.swissraft.ch\/wp-content\/uploads\/2025\/09\/Capture.jpg","contentUrl":"https:\/\/www.swissraft.ch\/wp-content\/uploads\/2025\/09\/Capture.jpg","width":293,"height":108,"caption":"Swissraft"},"image":{"@id":"https:\/\/www.swissraft.ch\/de\/#\/schema\/logo\/image\/"}}]}},"_links":{"self":[{"href":"https:\/\/www.swissraft.ch\/de\/wp-json\/wp\/v2\/product\/91381","targetHints":{"allow":["GET"]}}],"collection":[{"href":"https:\/\/www.swissraft.ch\/de\/wp-json\/wp\/v2\/product"}],"about":[{"href":"https:\/\/www.swissraft.ch\/de\/wp-json\/wp\/v2\/types\/product"}],"replies":[{"embeddable":true,"href":"https:\/\/www.swissraft.ch\/de\/wp-json\/wp\/v2\/comments?post=91381"}],"version-history":[{"count":19,"href":"https:\/\/www.swissraft.ch\/de\/wp-json\/wp\/v2\/product\/91381\/revisions"}],"predecessor-version":[{"id":140615,"href":"https:\/\/www.swissraft.ch\/de\/wp-json\/wp\/v2\/product\/91381\/revisions\/140615"}],"wp:featuredmedia":[{"embeddable":true,"href":"https:\/\/www.swissraft.ch\/de\/wp-json\/wp\/v2\/media\/86632"}],"wp:attachment":[{"href":"https:\/\/www.swissraft.ch\/de\/wp-json\/wp\/v2\/media?parent=91381"}],"wp:term":[{"taxonomy":"product_cat","embeddable":true,"href":"https:\/\/www.swissraft.ch\/de\/wp-json\/wp\/v2\/product_cat?post=91381"},{"taxonomy":"product_tag","embeddable":true,"href":"https:\/\/www.swissraft.ch\/de\/wp-json\/wp\/v2\/product_tag?post=91381"}],"curies":[{"name":"wp","href":"https:\/\/api.w.org\/{rel}","templated":true}]}}