{"id":91377,"date":"2023-08-05T09:37:08","date_gmt":"2023-08-05T07:37:08","guid":{"rendered":"https:\/\/swissraft.xyanzkdne.eu\/product\/rafting-fuer-familien-auf-dem-inn-in-grisons-engadina-ab-chf-63-00\/"},"modified":"2026-04-08T23:25:12","modified_gmt":"2026-04-08T21:25:12","slug":"rafting-river-rafting-familien-inn-graubuenden-engadin","status":"publish","type":"product","link":"https:\/\/www.swissraft.ch\/de\/produkt\/rafting-river-rafting-familien-inn-graubuenden-engadin\/","title":{"rendered":"Familien &#8211; Easy Rafting in Graub\u00fcnden &#8211; Der Inn &#8211; Engadin &#8211; Scuol-Pradella &#8211; Ab CHF 64.78"},"content":{"rendered":"\t\t<div data-elementor-type=\"wp-post\" data-elementor-id=\"91377\" class=\"elementor elementor-91377 elementor-39110\">\n\t\t\t\t\t\t\t\t\t<section class=\"elementor-section elementor-top-section elementor-element elementor-element-3303a7e3 elementor-section-boxed elementor-section-height-default elementor-section-height-default\" data-id=\"3303a7e3\" data-element_type=\"section\">\n\t\t\t\t\t\t<div class=\"elementor-container elementor-column-gap-default\">\n\t\t\t\t\t<div class=\"elementor-column elementor-col-100 elementor-top-column elementor-element elementor-element-16d72dbf\" data-id=\"16d72dbf\" data-element_type=\"column\">\n\t\t\t<div class=\"elementor-widget-wrap elementor-element-populated\">\n\t\t\t\t\t\t\t\t<div class=\"elementor-element elementor-element-d743c03 elementor-widget elementor-widget-text-editor\" data-id=\"d743c03\" data-element_type=\"widget\" data-widget_type=\"text-editor.default\">\n\t\t\t\t<div class=\"elementor-widget-container\">\n\t\t\t\t\t\t\t<h2>W\u00c4HLEN SIE UNTEN IHRE AKTIVIT\u00c4T AUS, UM GESCHENKGUTSCHEINE \/ TICKETS ZU VERSCHENKEN ODER ZU BUCHEN<\/h2><table border=\"0\" width=\"580\" cellspacing=\"10\" cellpadding=\"10\"><tbody><tr><td width=\"50%\"><strong>FAMILIEN-RAFTING &#8211; INN + Getr\u00e4nk<\/strong><\/td><td><strong><span class=\"productPrice\">CHF 82.00 pro Person<\/span><\/strong><\/td><\/tr><tr><td><p>Zus\u00e4tzliche Informationen<\/p><\/td><td>&#8211; Ab 10 Pers. : <strong>CHF 74.62<\/strong>\/Pers.\u00a0<br \/>&#8211; Ab 20 Pers. : <strong>CHF 69.70<\/strong>\/Pers.<br \/>&#8211; Ab 30 Pers. : <strong>CHF 64.78<\/strong>\/Pers.<br \/>&#8211; Privates Rafting (3-7 Pers.) : <strong>CHF 550.00<\/strong>\/raft<\/td><\/tr><tr><td>Strecke<\/td><td><strong>Scuol-Pradella<\/strong><\/td><\/tr><tr><td>Startzeit<\/td><td>10h20<\/td><\/tr><tr><td>Rafting<\/td><td>ca. 1:40 Std.<\/td><\/tr><tr><td>Gesamtdauer<\/td><td>ca. 2,5 Std.<\/td><\/tr><tr><td>Treffpunkt<\/td><td><a href=\"https:\/\/www.google.com\/maps\/place\/46%C2%B047'42.3%22N+10%C2%B017'19.5%22E\/@46.7951788,10.2860892,491m\/data=!3m1!1e3!4m4!3m3!8m2!3d46.7950833!4d10.28875?entry=ttu\" target=\"_blank\" rel=\"noopener\">Scuol<\/a><\/td><\/tr><tr><td>Schwierigkeitsgrad<\/td><td>1-2+<\/td><\/tr><tr><td><button class=\"elementor-button\" type=\"button\"><a href=\"https:\/\/swissraft.outdoorbooking.ch\/fo\/products\/1251?base_id=7&amp;category_id=5&amp;order_type=gift_voucher&amp;lang=de\" target=\"_blank\" rel=\"noopener\">GUTSCHEIN \/ TICKET KAUFEN<\/a><\/button><\/td><td><span class=\"productPrice\"><a href=\"https:\/\/swissraft.outdoorbooking.ch\/fo\/products\/1251?base_id=7&amp;category_id=5&amp;order_type=event&amp;lang=de\" target=\"_blank\" rel=\"noopener\">RESERVIEREN SIE EIN DATUM<\/a>\u00a0 <strong>CHF 82.00<\/strong>\/Pers.<\/span><\/td><\/tr><tr><td><button class=\"elementor-button\" type=\"button\"><a href=\"https:\/\/swissraft.outdoorbooking.ch\/fo\/products\/2152?base_id=7&amp;category_id=5&amp;order_type=gift_voucher&amp;lang=de\" target=\"_blank\" rel=\"noopener\">GUTSCHEIN \/ TICKET KAUFEN<\/a><\/button><\/td><td><span class=\"productPrice\"><a href=\"https:\/\/swissraft.outdoorbooking.ch\/fo\/products\/2152?base_id=7&amp;category_id=5&amp;order_type=event&amp;lang=de\" target=\"_blank\" rel=\"noopener\">RESERVIEREN SIE EIN DATUM<\/a>\u00a0 <strong>CHF 550.00<\/strong>\/raft (3-7 Pers.)<\/span><\/td><\/tr><\/tbody><\/table>\t\t\t\t\t\t<\/div>\n\t\t\t\t<\/div>\n\t\t\t\t\t<\/div>\n\t\t<\/div>\n\t\t\t\t\t\t\t<\/div>\n\t\t<\/section>\n\t\t\t\t\t\t\t<\/div>\n\t\t","protected":false},"excerpt":{"rendered":"<div align=\"justify\">\n<h2 align=\"justify\">River Rafting auf dem Inn in Graub\u00fcnden, Familien-Riverrafting auf der K\u00f6nigin der Fl\u00fcsse<\/h2>\n<h3>Easy Rafting auf dem Fluss Inn, geeignet f\u00fcr Jugendliche ab 8 Jahren.<\/h3>\n<\/div>\n<div align=\"justify\">\n<p><strong>Familien-Rafting<\/strong> auf dem Inn im Engadin. Einerseits bietet dieser Fluss im Engadin zwischen Susch und Pradella eine Raftingstrecke f\u00fcr Kinder ab 8 Jahren. Andererseits k\u00f6nnen die Kinder auf dieser Strecke das gro\u00dfe Abenteuer erleben. Auch die Eltern werden viel Spa\u00df haben, wenn sie ihre Kinder auf diesem Abenteuer begleiten.<\/p>\n<h3>Swissraft bietet in der Schweiz zahlreiche Alternativen zum Easy Rafting auf dem Inn an.<\/h3>\n<p id=\"textarea\" style=\"display: none;\">\nWir bieten sechs <strong>Fun Rafting<\/strong> Strecken auf der Reuss an: Bremgarten &#8211; Gnadental, Bremgarten &#8211; Mellingen, Mellingen &#8211; Gebenstorf. Ebenso das Easy Rafting von Bremgarten &#8211; Gebenstorf und Gisikon &#8211; Ottenbach sowie Gisikon &#8211; Rottenschwil. Aber auch <strong>Easy Rafting<\/strong> auf der Reuss zwischen Bremgarten und Gnadental. <strong>Easy Rafting<\/strong> auf der Rhone zwischen Chippis und St. L\u00e9onard. Aber auch Fun Rafting auf der Aare zwischen Thun und Bern. Au\u00dferdem Fun Rafting auf dem Ticino im Tessin zwischen Cresciano und Bellinzona. Aber auch 2 <strong>Fun Rafting<\/strong> Strecken auf dem majest\u00e4tischen Rhein zwischen Schaffhausen und Rheinau sowie Schaffhausen und R\u00fcdlingen.\n<\/p>\n<p><a id=\"seeMore\" onclick=\"toggleSeeMore()\" href=\"javascript:void(0);\">Lesen Sie mehr<\/a><\/p>\n","protected":false},"featured_media":109534,"comment_status":"open","ping_status":"closed","template":"","meta":{"inline_featured_image":false,"_mi_skip_tracking":false},"product_cat":[343],"product_tag":[],"class_list":["post-91377","product","type-product","status-publish","has-post-thumbnail","hentry","product_cat-rafting-river-rafting-graubuenden-vorderrhein-rhein-inn"],"yoast_head":"<!-- This site is optimized with the Yoast SEO plugin v23.6 - https:\/\/yoast.com\/wordpress\/plugins\/seo\/ -->\n<title>Inn Rafting Familie im Engadin. Abfahrt von Scuol<\/title>\n<meta name=\"description\" content=\"Inn Rafting Familie im Engadin. Soft Riverrafting im Engadin zwischen Susch und Pradella in Graub\u00fcnden auf dem inn die K\u00f6nigin der Alpenfl\u00fcsse\" \/>\n<meta name=\"robots\" content=\"index, follow, max-snippet:-1, max-image-preview:large, max-video-preview:-1\" \/>\n<link rel=\"canonical\" href=\"https:\/\/www.swissraft.ch\/de\/produkt\/rafting-river-rafting-familien-inn-graubuenden-engadin\/\" \/>\n<meta property=\"og:locale\" content=\"de_DE\" \/>\n<meta property=\"og:type\" content=\"article\" \/>\n<meta property=\"og:title\" content=\"Inn Rafting Familie im Engadin. Abfahrt von Scuol\" \/>\n<meta property=\"og:description\" content=\"Inn Rafting Familie im Engadin. Soft Riverrafting im Engadin zwischen Susch und Pradella in Graub\u00fcnden auf dem inn die K\u00f6nigin der Alpenfl\u00fcsse\" \/>\n<meta property=\"og:url\" content=\"https:\/\/www.swissraft.ch\/de\/produkt\/rafting-river-rafting-familien-inn-graubuenden-engadin\/\" \/>\n<meta property=\"og:site_name\" content=\"Swissraft\" \/>\n<meta property=\"article:modified_time\" content=\"2026-04-08T21:25:12+00:00\" \/>\n<meta property=\"og:image\" content=\"https:\/\/www.swissraft.ch\/wp-content\/uploads\/2023\/08\/Inn_rafting-Famille.jpg\" \/>\n\t<meta property=\"og:image:width\" content=\"776\" \/>\n\t<meta property=\"og:image:height\" content=\"776\" \/>\n\t<meta property=\"og:image:type\" content=\"image\/jpeg\" \/>\n<meta name=\"twitter:card\" content=\"summary_large_image\" \/>\n<meta name=\"twitter:label1\" content=\"Gesch\u00e4tzte Lesezeit\" \/>\n\t<meta name=\"twitter:data1\" content=\"1\u00a0Minute\" \/>\n<script type=\"application\/ld+json\" class=\"yoast-schema-graph\">{\"@context\":\"https:\/\/schema.org\",\"@graph\":[{\"@type\":\"WebPage\",\"@id\":\"https:\/\/www.swissraft.ch\/de\/produkt\/rafting-river-rafting-familien-inn-graubuenden-engadin\/\",\"url\":\"https:\/\/www.swissraft.ch\/de\/produkt\/rafting-river-rafting-familien-inn-graubuenden-engadin\/\",\"name\":\"Inn Rafting Familie im Engadin. Abfahrt von Scuol\",\"isPartOf\":{\"@id\":\"https:\/\/www.swissraft.ch\/de\/#website\"},\"primaryImageOfPage\":{\"@id\":\"https:\/\/www.swissraft.ch\/de\/produkt\/rafting-river-rafting-familien-inn-graubuenden-engadin\/#primaryimage\"},\"image\":{\"@id\":\"https:\/\/www.swissraft.ch\/de\/produkt\/rafting-river-rafting-familien-inn-graubuenden-engadin\/#primaryimage\"},\"thumbnailUrl\":\"https:\/\/www.swissraft.ch\/wp-content\/uploads\/2023\/08\/Inn_rafting-Famille.jpg\",\"datePublished\":\"2023-08-05T07:37:08+00:00\",\"dateModified\":\"2026-04-08T21:25:12+00:00\",\"description\":\"Inn Rafting Familie im Engadin. Soft Riverrafting im Engadin zwischen Susch und Pradella in Graub\u00fcnden auf dem inn die K\u00f6nigin der Alpenfl\u00fcsse\",\"breadcrumb\":{\"@id\":\"https:\/\/www.swissraft.ch\/de\/produkt\/rafting-river-rafting-familien-inn-graubuenden-engadin\/#breadcrumb\"},\"inLanguage\":\"de\",\"potentialAction\":[{\"@type\":\"ReadAction\",\"target\":[\"https:\/\/www.swissraft.ch\/de\/produkt\/rafting-river-rafting-familien-inn-graubuenden-engadin\/\"]}]},{\"@type\":\"ImageObject\",\"inLanguage\":\"de\",\"@id\":\"https:\/\/www.swissraft.ch\/de\/produkt\/rafting-river-rafting-familien-inn-graubuenden-engadin\/#primaryimage\",\"url\":\"https:\/\/www.swissraft.ch\/wp-content\/uploads\/2023\/08\/Inn_rafting-Famille.jpg\",\"contentUrl\":\"https:\/\/www.swissraft.ch\/wp-content\/uploads\/2023\/08\/Inn_rafting-Famille.jpg\",\"width\":776,\"height\":776,\"caption\":\"Familien-Rafting auf dem Inn im Engadin\"},{\"@type\":\"BreadcrumbList\",\"@id\":\"https:\/\/www.swissraft.ch\/de\/produkt\/rafting-river-rafting-familien-inn-graubuenden-engadin\/#breadcrumb\",\"itemListElement\":[{\"@type\":\"ListItem\",\"position\":1,\"name\":\"Accueil\",\"item\":\"https:\/\/www.swissraft.ch\/de\/\"},{\"@type\":\"ListItem\",\"position\":2,\"name\":\"Shop\",\"item\":\"https:\/\/www.swissraft.ch\/de\/shop\/\"},{\"@type\":\"ListItem\",\"position\":3,\"name\":\"Familien &#8211; Easy Rafting in Graub\u00fcnden &#8211; Der Inn &#8211; Engadin &#8211; Scuol-Pradella &#8211; Ab CHF 64.78\"}]},{\"@type\":\"WebSite\",\"@id\":\"https:\/\/www.swissraft.ch\/de\/#website\",\"url\":\"https:\/\/www.swissraft.ch\/de\/\",\"name\":\"Swissraft\",\"description\":\"To enjoy nature as it is\",\"publisher\":{\"@id\":\"https:\/\/www.swissraft.ch\/de\/#organization\"},\"potentialAction\":[{\"@type\":\"SearchAction\",\"target\":{\"@type\":\"EntryPoint\",\"urlTemplate\":\"https:\/\/www.swissraft.ch\/de\/?s={search_term_string}\"},\"query-input\":{\"@type\":\"PropertyValueSpecification\",\"valueRequired\":true,\"valueName\":\"search_term_string\"}}],\"inLanguage\":\"de\"},{\"@type\":\"Organization\",\"@id\":\"https:\/\/www.swissraft.ch\/de\/#organization\",\"name\":\"Swissraft\",\"url\":\"https:\/\/www.swissraft.ch\/de\/\",\"logo\":{\"@type\":\"ImageObject\",\"inLanguage\":\"de\",\"@id\":\"https:\/\/www.swissraft.ch\/de\/#\/schema\/logo\/image\/\",\"url\":\"https:\/\/www.swissraft.ch\/wp-content\/uploads\/2025\/09\/Capture.jpg\",\"contentUrl\":\"https:\/\/www.swissraft.ch\/wp-content\/uploads\/2025\/09\/Capture.jpg\",\"width\":293,\"height\":108,\"caption\":\"Swissraft\"},\"image\":{\"@id\":\"https:\/\/www.swissraft.ch\/de\/#\/schema\/logo\/image\/\"}}]}<\/script>\n<!-- \/ Yoast SEO plugin. -->","yoast_head_json":{"title":"Inn Rafting Familie im Engadin. Abfahrt von Scuol","description":"Inn Rafting Familie im Engadin. Soft Riverrafting im Engadin zwischen Susch und Pradella in Graub\u00fcnden auf dem inn die K\u00f6nigin der Alpenfl\u00fcsse","robots":{"index":"index","follow":"follow","max-snippet":"max-snippet:-1","max-image-preview":"max-image-preview:large","max-video-preview":"max-video-preview:-1"},"canonical":"https:\/\/www.swissraft.ch\/de\/produkt\/rafting-river-rafting-familien-inn-graubuenden-engadin\/","og_locale":"de_DE","og_type":"article","og_title":"Inn Rafting Familie im Engadin. Abfahrt von Scuol","og_description":"Inn Rafting Familie im Engadin. Soft Riverrafting im Engadin zwischen Susch und Pradella in Graub\u00fcnden auf dem inn die K\u00f6nigin der Alpenfl\u00fcsse","og_url":"https:\/\/www.swissraft.ch\/de\/produkt\/rafting-river-rafting-familien-inn-graubuenden-engadin\/","og_site_name":"Swissraft","article_modified_time":"2026-04-08T21:25:12+00:00","og_image":[{"width":776,"height":776,"url":"https:\/\/www.swissraft.ch\/wp-content\/uploads\/2023\/08\/Inn_rafting-Famille.jpg","type":"image\/jpeg"}],"twitter_card":"summary_large_image","twitter_misc":{"Gesch\u00e4tzte Lesezeit":"1\u00a0Minute"},"schema":{"@context":"https:\/\/schema.org","@graph":[{"@type":"WebPage","@id":"https:\/\/www.swissraft.ch\/de\/produkt\/rafting-river-rafting-familien-inn-graubuenden-engadin\/","url":"https:\/\/www.swissraft.ch\/de\/produkt\/rafting-river-rafting-familien-inn-graubuenden-engadin\/","name":"Inn Rafting Familie im Engadin. Abfahrt von Scuol","isPartOf":{"@id":"https:\/\/www.swissraft.ch\/de\/#website"},"primaryImageOfPage":{"@id":"https:\/\/www.swissraft.ch\/de\/produkt\/rafting-river-rafting-familien-inn-graubuenden-engadin\/#primaryimage"},"image":{"@id":"https:\/\/www.swissraft.ch\/de\/produkt\/rafting-river-rafting-familien-inn-graubuenden-engadin\/#primaryimage"},"thumbnailUrl":"https:\/\/www.swissraft.ch\/wp-content\/uploads\/2023\/08\/Inn_rafting-Famille.jpg","datePublished":"2023-08-05T07:37:08+00:00","dateModified":"2026-04-08T21:25:12+00:00","description":"Inn Rafting Familie im Engadin. Soft Riverrafting im Engadin zwischen Susch und Pradella in Graub\u00fcnden auf dem inn die K\u00f6nigin der Alpenfl\u00fcsse","breadcrumb":{"@id":"https:\/\/www.swissraft.ch\/de\/produkt\/rafting-river-rafting-familien-inn-graubuenden-engadin\/#breadcrumb"},"inLanguage":"de","potentialAction":[{"@type":"ReadAction","target":["https:\/\/www.swissraft.ch\/de\/produkt\/rafting-river-rafting-familien-inn-graubuenden-engadin\/"]}]},{"@type":"ImageObject","inLanguage":"de","@id":"https:\/\/www.swissraft.ch\/de\/produkt\/rafting-river-rafting-familien-inn-graubuenden-engadin\/#primaryimage","url":"https:\/\/www.swissraft.ch\/wp-content\/uploads\/2023\/08\/Inn_rafting-Famille.jpg","contentUrl":"https:\/\/www.swissraft.ch\/wp-content\/uploads\/2023\/08\/Inn_rafting-Famille.jpg","width":776,"height":776,"caption":"Familien-Rafting auf dem Inn im Engadin"},{"@type":"BreadcrumbList","@id":"https:\/\/www.swissraft.ch\/de\/produkt\/rafting-river-rafting-familien-inn-graubuenden-engadin\/#breadcrumb","itemListElement":[{"@type":"ListItem","position":1,"name":"Accueil","item":"https:\/\/www.swissraft.ch\/de\/"},{"@type":"ListItem","position":2,"name":"Shop","item":"https:\/\/www.swissraft.ch\/de\/shop\/"},{"@type":"ListItem","position":3,"name":"Familien &#8211; Easy Rafting in Graub\u00fcnden &#8211; Der Inn &#8211; Engadin &#8211; Scuol-Pradella &#8211; Ab CHF 64.78"}]},{"@type":"WebSite","@id":"https:\/\/www.swissraft.ch\/de\/#website","url":"https:\/\/www.swissraft.ch\/de\/","name":"Swissraft","description":"To enjoy nature as it is","publisher":{"@id":"https:\/\/www.swissraft.ch\/de\/#organization"},"potentialAction":[{"@type":"SearchAction","target":{"@type":"EntryPoint","urlTemplate":"https:\/\/www.swissraft.ch\/de\/?s={search_term_string}"},"query-input":{"@type":"PropertyValueSpecification","valueRequired":true,"valueName":"search_term_string"}}],"inLanguage":"de"},{"@type":"Organization","@id":"https:\/\/www.swissraft.ch\/de\/#organization","name":"Swissraft","url":"https:\/\/www.swissraft.ch\/de\/","logo":{"@type":"ImageObject","inLanguage":"de","@id":"https:\/\/www.swissraft.ch\/de\/#\/schema\/logo\/image\/","url":"https:\/\/www.swissraft.ch\/wp-content\/uploads\/2025\/09\/Capture.jpg","contentUrl":"https:\/\/www.swissraft.ch\/wp-content\/uploads\/2025\/09\/Capture.jpg","width":293,"height":108,"caption":"Swissraft"},"image":{"@id":"https:\/\/www.swissraft.ch\/de\/#\/schema\/logo\/image\/"}}]}},"_links":{"self":[{"href":"https:\/\/www.swissraft.ch\/de\/wp-json\/wp\/v2\/product\/91377","targetHints":{"allow":["GET"]}}],"collection":[{"href":"https:\/\/www.swissraft.ch\/de\/wp-json\/wp\/v2\/product"}],"about":[{"href":"https:\/\/www.swissraft.ch\/de\/wp-json\/wp\/v2\/types\/product"}],"replies":[{"embeddable":true,"href":"https:\/\/www.swissraft.ch\/de\/wp-json\/wp\/v2\/comments?post=91377"}],"version-history":[{"count":105,"href":"https:\/\/www.swissraft.ch\/de\/wp-json\/wp\/v2\/product\/91377\/revisions"}],"predecessor-version":[{"id":138243,"href":"https:\/\/www.swissraft.ch\/de\/wp-json\/wp\/v2\/product\/91377\/revisions\/138243"}],"wp:featuredmedia":[{"embeddable":true,"href":"https:\/\/www.swissraft.ch\/de\/wp-json\/wp\/v2\/media\/109534"}],"wp:attachment":[{"href":"https:\/\/www.swissraft.ch\/de\/wp-json\/wp\/v2\/media?parent=91377"}],"wp:term":[{"taxonomy":"product_cat","embeddable":true,"href":"https:\/\/www.swissraft.ch\/de\/wp-json\/wp\/v2\/product_cat?post=91377"},{"taxonomy":"product_tag","embeddable":true,"href":"https:\/\/www.swissraft.ch\/de\/wp-json\/wp\/v2\/product_tag?post=91377"}],"curies":[{"name":"wp","href":"https:\/\/api.w.org\/{rel}","templated":true}]}}