{"id":91374,"date":"2023-04-02T00:35:27","date_gmt":"2023-04-01T22:35:27","guid":{"rendered":"https:\/\/swissraft.xyanzkdne.eu\/product\/elastischer-sprung-aus-einer-hubarbeitsbuehne-nur-auf-anfrage\/"},"modified":"2025-09-23T21:14:56","modified_gmt":"2025-09-23T19:14:56","slug":"bungee-aus-eine-hebebuehne","status":"publish","type":"product","link":"https:\/\/www.swissraft.ch\/de\/produkt\/bungee-aus-eine-hebebuehne\/","title":{"rendered":"BUNGEE aus einer Hebebuehne &#8211; NUR AUF ANFRAGE"},"content":{"rendered":"\t\t<div data-elementor-type=\"wp-post\" data-elementor-id=\"91374\" class=\"elementor elementor-91374 elementor-32146\">\n\t\t\t\t\t\t\t\t\t<section class=\"elementor-section elementor-top-section elementor-element elementor-element-3303a7e3 elementor-section-boxed elementor-section-height-default elementor-section-height-default\" data-id=\"3303a7e3\" data-element_type=\"section\">\n\t\t\t\t\t\t<div class=\"elementor-container elementor-column-gap-default\">\n\t\t\t\t\t<div class=\"elementor-column elementor-col-100 elementor-top-column elementor-element elementor-element-16d72dbf\" data-id=\"16d72dbf\" data-element_type=\"column\">\n\t\t\t<div class=\"elementor-widget-wrap elementor-element-populated\">\n\t\t\t\t\t\t\t\t<div class=\"elementor-element elementor-element-d743c03 elementor-widget elementor-widget-text-editor\" data-id=\"d743c03\" data-element_type=\"widget\" data-widget_type=\"text-editor.default\">\n\t\t\t\t<div class=\"elementor-widget-container\">\n\t\t\t\t\t\t\t<h2>W\u00c4HLEN SIE UNTEN IHRE AKTIVIT\u00c4T AUS, UM GESCHENKGUTSCHEINE \/ TICKETS ZU VERSCHENKEN ODER ZU BUCHEN.<\/h2><table border=\"0\" width=\"580\" cellspacing=\"10\" cellpadding=\"10\"><tbody><tr><td width=\"50%\"><strong>BUNGEE AUS EINER HEBEBUEHNE<\/strong><\/td><td><strong><span class=\"productPrice\"><span style=\"color: #ff6600;\"><a href=\"https:\/\/www.swissraft.ch\/de\/kontakt\/\">Kontaktieren Sie uns<\/a><\/span> f\u00fcr ein Angebot<\/span><\/strong><\/td><\/tr><tr><td>Weitere Informationen<\/td><td><span class=\"plbl\">&#8211; Unsere Infrastruktur reist auf Anfrage in ganz Europa<br \/>&#8211; Eine Genehmigung muss von den lokalen Beh\u00f6rden erteilt werden<br \/>&#8211; Die Kosten variieren je nach Entfernung und Dauer der Aktivit\u00e4t.<\/span><\/td><\/tr><tr><td>Dauer des Sturzes<\/td><td>ca. 2 Sekunden<\/td><\/tr><tr><td>Gesamtdauer<\/td><td>ca. 10 Min.<\/td><\/tr><tr><td>Termin<\/td><td>vor Ort bei der Veranstaltung<\/td><\/tr><tr><td>\u00a0<\/td><td><strong><span style=\"color: #ff6600;\"><a href=\"https:\/\/www.swissraft.ch\/de\/kontakt\/\">Kontaktieren Sie uns<\/a> <\/span><\/strong><span style=\"color: #000000;\">f\u00fcr die Organisation Ihrer Veranstaltung<\/span><\/td><\/tr><\/tbody><\/table>\t\t\t\t\t\t<\/div>\n\t\t\t\t<\/div>\n\t\t\t\t\t<\/div>\n\t\t<\/div>\n\t\t\t\t\t\t\t<\/div>\n\t\t<\/section>\n\t\t\t\t\t\t\t<\/div>\n\t\t","protected":false},"excerpt":{"rendered":"<div align=\"justify\">\n<h2 align=\"justify\">Sie m\u00f6chten eine wichtige Jubil\u00e4umsveranstaltung organisieren? Die Attraktion des Bungee-Springens aus einer Hebeb\u00fchne garantiert den Erfolg.<\/h2>\n<h3>Unsere Infrastruktur und unsere technischen Berater sind in ganz Frankreich, Belgien, Deutschland und der Schweiz unterwegs.<\/h3>\n<\/div>\n<p>Auf dem Gel\u00e4nde der Veranstaltung, die den Liebhabern von Nervenkitzel gewidmet ist, entfaltet sich majest\u00e4tisch eine mobile Infrastruktur. Ein imposanter Kran, das zentrale Element, ist bereit f\u00fcr die Aktion. In der N\u00e4he des Bodens wartet die Hebeb\u00fchne geduldig auf ihre entscheidende Rolle. Die Aufregung unter den Teilnehmern steigt, w\u00e4hrend das professionelle Team die Vorbereitungen abschlie\u00dft. Die Zeit ist gekommen. Mit beeindruckender Pr\u00e4zision hebt der Kran ab. Die Freiwilligen steigen in die Gondel und sind bereit, die Schwerkraft zu \u00fcberwinden. Die Gondel erreicht ihre Spitze am Ende des Kranauslegers. Der Sprung l\u00f6st einen Adrenalinsto\u00df aus. Eine Erinnerung, die f\u00fcr immer im Ged\u00e4chtnis eines jeden mutigen Abenteurers verankert ist.<\/p>\n<h3>Swissraft organisiert diese Aktivit\u00e4t auf Anfrage f\u00fcr Sie. Sie m\u00fcssen die erforderlichen Genehmigungen einholen, wir k\u00fcmmern uns um den Rest. F\u00fcr weitere Informationen rufen Sie uns bitte an.<\/h3>\n<p id=\"textarea\" style=\"display: none;\">\nWir haben auch eine feste Infrastruktur. Der bekannteste ist der Contra-Staudamm im Verzascatal im Tessin. 007 Goldeneye, Sprung aus 220 m H\u00f6he. Au\u00dferdem machen wir im Berner Oberland einen Bungee-Sprung von der Stockhorn-Seilbahnkabine in Erlenbach. Es erwartet Sie eine herrliche Naturkulisse mit Blick auf die Berner Alpen. F\u00fcr eine Variante des Bungee-Springens haben wir eine Plattform \u00fcber einem Canyon in Grindelwald. Entdecken Sie den Nervenkitzel des Pendel- oder Swingsprungs, der eine Variante des Bungy-Sprungs ist. Beeindruckender Sprung \u00fcber die schwarze L\u00fctschine. Im Pays d&#8217;Enhaut in der Pissot-Schlucht, ein fantastischer, haarstr\u00e4ubender Swing aus 110m H\u00f6he. Wir bieten auch Spr\u00fcnge im Wallis im Trient-Tal an.\n<\/p>\n<p><a id=\"seeMore\" onclick=\"toggleSeeMore()\" href=\"javascript:void(0);\">Lesen Sie mehr<\/a><\/p>\n","protected":false},"featured_media":89554,"comment_status":"open","ping_status":"closed","template":"","meta":{"inline_featured_image":false,"_mi_skip_tracking":false},"product_cat":[291,271],"product_tag":[],"class_list":["post-91374","product","type-product","status-publish","has-post-thumbnail","hentry","product_cat-bungee-jumping","product_cat-outdoor"],"yoast_head":"<!-- This site is optimized with the Yoast SEO plugin v23.6 - https:\/\/yoast.com\/wordpress\/plugins\/seo\/ -->\n<title>Bungee aus einer Hebebuehne<\/title>\n<meta name=\"description\" content=\"Bungee aus einer Hebebuehne, die an einem Hebekran h\u00e4ngt. Auf Anfrage in ganz Europa. Fragen Sie uns nach einem Angebot. Ca 50 m hoch\" \/>\n<meta name=\"robots\" content=\"index, follow, max-snippet:-1, max-image-preview:large, max-video-preview:-1\" \/>\n<link rel=\"canonical\" href=\"https:\/\/www.swissraft.ch\/de\/produkt\/bungee-aus-eine-hebebuehne\/\" \/>\n<meta property=\"og:locale\" content=\"de_DE\" \/>\n<meta property=\"og:type\" content=\"article\" \/>\n<meta property=\"og:title\" content=\"Bungee aus einer Hebebuehne\" \/>\n<meta property=\"og:description\" content=\"Bungee aus einer Hebebuehne, die an einem Hebekran h\u00e4ngt. Auf Anfrage in ganz Europa. Fragen Sie uns nach einem Angebot. Ca 50 m hoch\" \/>\n<meta property=\"og:url\" content=\"https:\/\/www.swissraft.ch\/de\/produkt\/bungee-aus-eine-hebebuehne\/\" \/>\n<meta property=\"og:site_name\" content=\"Swissraft\" \/>\n<meta property=\"article:modified_time\" content=\"2025-09-23T19:14:56+00:00\" \/>\n<meta property=\"og:image\" content=\"https:\/\/www.swissraft.ch\/wp-content\/uploads\/2023\/04\/nacelle-776x776-1.jpg\" \/>\n\t<meta property=\"og:image:width\" content=\"776\" \/>\n\t<meta property=\"og:image:height\" content=\"776\" \/>\n\t<meta property=\"og:image:type\" content=\"image\/jpeg\" \/>\n<meta name=\"twitter:card\" content=\"summary_large_image\" \/>\n<meta name=\"twitter:label1\" content=\"Gesch\u00e4tzte Lesezeit\" \/>\n\t<meta name=\"twitter:data1\" content=\"1\u00a0Minute\" \/>\n<script type=\"application\/ld+json\" class=\"yoast-schema-graph\">{\"@context\":\"https:\/\/schema.org\",\"@graph\":[{\"@type\":\"WebPage\",\"@id\":\"https:\/\/www.swissraft.ch\/de\/produkt\/bungee-aus-eine-hebebuehne\/\",\"url\":\"https:\/\/www.swissraft.ch\/de\/produkt\/bungee-aus-eine-hebebuehne\/\",\"name\":\"Bungee aus einer Hebebuehne\",\"isPartOf\":{\"@id\":\"https:\/\/www.swissraft.ch\/de\/#website\"},\"primaryImageOfPage\":{\"@id\":\"https:\/\/www.swissraft.ch\/de\/produkt\/bungee-aus-eine-hebebuehne\/#primaryimage\"},\"image\":{\"@id\":\"https:\/\/www.swissraft.ch\/de\/produkt\/bungee-aus-eine-hebebuehne\/#primaryimage\"},\"thumbnailUrl\":\"https:\/\/www.swissraft.ch\/wp-content\/uploads\/2023\/04\/nacelle-776x776-1.jpg\",\"datePublished\":\"2023-04-01T22:35:27+00:00\",\"dateModified\":\"2025-09-23T19:14:56+00:00\",\"description\":\"Bungee aus einer Hebebuehne, die an einem Hebekran h\u00e4ngt. Auf Anfrage in ganz Europa. Fragen Sie uns nach einem Angebot. Ca 50 m hoch\",\"breadcrumb\":{\"@id\":\"https:\/\/www.swissraft.ch\/de\/produkt\/bungee-aus-eine-hebebuehne\/#breadcrumb\"},\"inLanguage\":\"de\",\"potentialAction\":[{\"@type\":\"ReadAction\",\"target\":[\"https:\/\/www.swissraft.ch\/de\/produkt\/bungee-aus-eine-hebebuehne\/\"]}]},{\"@type\":\"ImageObject\",\"inLanguage\":\"de\",\"@id\":\"https:\/\/www.swissraft.ch\/de\/produkt\/bungee-aus-eine-hebebuehne\/#primaryimage\",\"url\":\"https:\/\/www.swissraft.ch\/wp-content\/uploads\/2023\/04\/nacelle-776x776-1.jpg\",\"contentUrl\":\"https:\/\/www.swissraft.ch\/wp-content\/uploads\/2023\/04\/nacelle-776x776-1.jpg\",\"width\":776,\"height\":776,\"caption\":\"Schrittsprung aus einer Hebeb\u00fchne\"},{\"@type\":\"BreadcrumbList\",\"@id\":\"https:\/\/www.swissraft.ch\/de\/produkt\/bungee-aus-eine-hebebuehne\/#breadcrumb\",\"itemListElement\":[{\"@type\":\"ListItem\",\"position\":1,\"name\":\"Accueil\",\"item\":\"https:\/\/www.swissraft.ch\/de\/\"},{\"@type\":\"ListItem\",\"position\":2,\"name\":\"Shop\",\"item\":\"https:\/\/www.swissraft.ch\/de\/shop\/\"},{\"@type\":\"ListItem\",\"position\":3,\"name\":\"BUNGEE aus einer Hebebuehne &#8211; NUR AUF ANFRAGE\"}]},{\"@type\":\"WebSite\",\"@id\":\"https:\/\/www.swissraft.ch\/de\/#website\",\"url\":\"https:\/\/www.swissraft.ch\/de\/\",\"name\":\"Swissraft\",\"description\":\"To enjoy nature as it is\",\"publisher\":{\"@id\":\"https:\/\/www.swissraft.ch\/de\/#organization\"},\"potentialAction\":[{\"@type\":\"SearchAction\",\"target\":{\"@type\":\"EntryPoint\",\"urlTemplate\":\"https:\/\/www.swissraft.ch\/de\/?s={search_term_string}\"},\"query-input\":{\"@type\":\"PropertyValueSpecification\",\"valueRequired\":true,\"valueName\":\"search_term_string\"}}],\"inLanguage\":\"de\"},{\"@type\":\"Organization\",\"@id\":\"https:\/\/www.swissraft.ch\/de\/#organization\",\"name\":\"Swissraft\",\"url\":\"https:\/\/www.swissraft.ch\/de\/\",\"logo\":{\"@type\":\"ImageObject\",\"inLanguage\":\"de\",\"@id\":\"https:\/\/www.swissraft.ch\/de\/#\/schema\/logo\/image\/\",\"url\":\"https:\/\/www.swissraft.ch\/wp-content\/uploads\/2025\/09\/Capture.jpg\",\"contentUrl\":\"https:\/\/www.swissraft.ch\/wp-content\/uploads\/2025\/09\/Capture.jpg\",\"width\":293,\"height\":108,\"caption\":\"Swissraft\"},\"image\":{\"@id\":\"https:\/\/www.swissraft.ch\/de\/#\/schema\/logo\/image\/\"}}]}<\/script>\n<!-- \/ Yoast SEO plugin. -->","yoast_head_json":{"title":"Bungee aus einer Hebebuehne","description":"Bungee aus einer Hebebuehne, die an einem Hebekran h\u00e4ngt. Auf Anfrage in ganz Europa. Fragen Sie uns nach einem Angebot. Ca 50 m hoch","robots":{"index":"index","follow":"follow","max-snippet":"max-snippet:-1","max-image-preview":"max-image-preview:large","max-video-preview":"max-video-preview:-1"},"canonical":"https:\/\/www.swissraft.ch\/de\/produkt\/bungee-aus-eine-hebebuehne\/","og_locale":"de_DE","og_type":"article","og_title":"Bungee aus einer Hebebuehne","og_description":"Bungee aus einer Hebebuehne, die an einem Hebekran h\u00e4ngt. Auf Anfrage in ganz Europa. Fragen Sie uns nach einem Angebot. Ca 50 m hoch","og_url":"https:\/\/www.swissraft.ch\/de\/produkt\/bungee-aus-eine-hebebuehne\/","og_site_name":"Swissraft","article_modified_time":"2025-09-23T19:14:56+00:00","og_image":[{"width":776,"height":776,"url":"https:\/\/www.swissraft.ch\/wp-content\/uploads\/2023\/04\/nacelle-776x776-1.jpg","type":"image\/jpeg"}],"twitter_card":"summary_large_image","twitter_misc":{"Gesch\u00e4tzte Lesezeit":"1\u00a0Minute"},"schema":{"@context":"https:\/\/schema.org","@graph":[{"@type":"WebPage","@id":"https:\/\/www.swissraft.ch\/de\/produkt\/bungee-aus-eine-hebebuehne\/","url":"https:\/\/www.swissraft.ch\/de\/produkt\/bungee-aus-eine-hebebuehne\/","name":"Bungee aus einer Hebebuehne","isPartOf":{"@id":"https:\/\/www.swissraft.ch\/de\/#website"},"primaryImageOfPage":{"@id":"https:\/\/www.swissraft.ch\/de\/produkt\/bungee-aus-eine-hebebuehne\/#primaryimage"},"image":{"@id":"https:\/\/www.swissraft.ch\/de\/produkt\/bungee-aus-eine-hebebuehne\/#primaryimage"},"thumbnailUrl":"https:\/\/www.swissraft.ch\/wp-content\/uploads\/2023\/04\/nacelle-776x776-1.jpg","datePublished":"2023-04-01T22:35:27+00:00","dateModified":"2025-09-23T19:14:56+00:00","description":"Bungee aus einer Hebebuehne, die an einem Hebekran h\u00e4ngt. Auf Anfrage in ganz Europa. Fragen Sie uns nach einem Angebot. Ca 50 m hoch","breadcrumb":{"@id":"https:\/\/www.swissraft.ch\/de\/produkt\/bungee-aus-eine-hebebuehne\/#breadcrumb"},"inLanguage":"de","potentialAction":[{"@type":"ReadAction","target":["https:\/\/www.swissraft.ch\/de\/produkt\/bungee-aus-eine-hebebuehne\/"]}]},{"@type":"ImageObject","inLanguage":"de","@id":"https:\/\/www.swissraft.ch\/de\/produkt\/bungee-aus-eine-hebebuehne\/#primaryimage","url":"https:\/\/www.swissraft.ch\/wp-content\/uploads\/2023\/04\/nacelle-776x776-1.jpg","contentUrl":"https:\/\/www.swissraft.ch\/wp-content\/uploads\/2023\/04\/nacelle-776x776-1.jpg","width":776,"height":776,"caption":"Schrittsprung aus einer Hebeb\u00fchne"},{"@type":"BreadcrumbList","@id":"https:\/\/www.swissraft.ch\/de\/produkt\/bungee-aus-eine-hebebuehne\/#breadcrumb","itemListElement":[{"@type":"ListItem","position":1,"name":"Accueil","item":"https:\/\/www.swissraft.ch\/de\/"},{"@type":"ListItem","position":2,"name":"Shop","item":"https:\/\/www.swissraft.ch\/de\/shop\/"},{"@type":"ListItem","position":3,"name":"BUNGEE aus einer Hebebuehne &#8211; NUR AUF ANFRAGE"}]},{"@type":"WebSite","@id":"https:\/\/www.swissraft.ch\/de\/#website","url":"https:\/\/www.swissraft.ch\/de\/","name":"Swissraft","description":"To enjoy nature as it is","publisher":{"@id":"https:\/\/www.swissraft.ch\/de\/#organization"},"potentialAction":[{"@type":"SearchAction","target":{"@type":"EntryPoint","urlTemplate":"https:\/\/www.swissraft.ch\/de\/?s={search_term_string}"},"query-input":{"@type":"PropertyValueSpecification","valueRequired":true,"valueName":"search_term_string"}}],"inLanguage":"de"},{"@type":"Organization","@id":"https:\/\/www.swissraft.ch\/de\/#organization","name":"Swissraft","url":"https:\/\/www.swissraft.ch\/de\/","logo":{"@type":"ImageObject","inLanguage":"de","@id":"https:\/\/www.swissraft.ch\/de\/#\/schema\/logo\/image\/","url":"https:\/\/www.swissraft.ch\/wp-content\/uploads\/2025\/09\/Capture.jpg","contentUrl":"https:\/\/www.swissraft.ch\/wp-content\/uploads\/2025\/09\/Capture.jpg","width":293,"height":108,"caption":"Swissraft"},"image":{"@id":"https:\/\/www.swissraft.ch\/de\/#\/schema\/logo\/image\/"}}]}},"_links":{"self":[{"href":"https:\/\/www.swissraft.ch\/de\/wp-json\/wp\/v2\/product\/91374","targetHints":{"allow":["GET"]}}],"collection":[{"href":"https:\/\/www.swissraft.ch\/de\/wp-json\/wp\/v2\/product"}],"about":[{"href":"https:\/\/www.swissraft.ch\/de\/wp-json\/wp\/v2\/types\/product"}],"replies":[{"embeddable":true,"href":"https:\/\/www.swissraft.ch\/de\/wp-json\/wp\/v2\/comments?post=91374"}],"version-history":[{"count":0,"href":"https:\/\/www.swissraft.ch\/de\/wp-json\/wp\/v2\/product\/91374\/revisions"}],"wp:featuredmedia":[{"embeddable":true,"href":"https:\/\/www.swissraft.ch\/de\/wp-json\/wp\/v2\/media\/89554"}],"wp:attachment":[{"href":"https:\/\/www.swissraft.ch\/de\/wp-json\/wp\/v2\/media?parent=91374"}],"wp:term":[{"taxonomy":"product_cat","embeddable":true,"href":"https:\/\/www.swissraft.ch\/de\/wp-json\/wp\/v2\/product_cat?post=91374"},{"taxonomy":"product_tag","embeddable":true,"href":"https:\/\/www.swissraft.ch\/de\/wp-json\/wp\/v2\/product_tag?post=91374"}],"curies":[{"name":"wp","href":"https:\/\/api.w.org\/{rel}","templated":true}]}}