{"id":91373,"date":"2023-04-02T11:30:28","date_gmt":"2023-04-02T09:30:28","guid":{"rendered":"https:\/\/swissraft.xyanzkdne.eu\/product\/der-hoelloch-im-muotathal-schwyz-ab-chf-78-00\/"},"modified":"2025-12-20T21:31:12","modified_gmt":"2025-12-20T20:31:12","slug":"hoelloch-muotathal-schwyz","status":"publish","type":"product","link":"https:\/\/www.swissraft.ch\/de\/produkt\/hoelloch-muotathal-schwyz\/","title":{"rendered":"Der H\u00d6LLOCH im MUOTATHAL &#8211; SCHWYZ &#8211; Ab CHF 58.00"},"content":{"rendered":"\t\t<div data-elementor-type=\"wp-post\" data-elementor-id=\"91373\" class=\"elementor elementor-91373 elementor-32175\">\n\t\t\t\t\t\t\t\t\t<section class=\"elementor-section elementor-top-section elementor-element elementor-element-3303a7e3 elementor-section-boxed elementor-section-height-default elementor-section-height-default\" data-id=\"3303a7e3\" data-element_type=\"section\">\n\t\t\t\t\t\t<div class=\"elementor-container elementor-column-gap-default\">\n\t\t\t\t\t<div class=\"elementor-column elementor-col-100 elementor-top-column elementor-element elementor-element-16d72dbf\" data-id=\"16d72dbf\" data-element_type=\"column\">\n\t\t\t<div class=\"elementor-widget-wrap elementor-element-populated\">\n\t\t\t\t\t\t\t\t<div class=\"elementor-element elementor-element-d743c03 elementor-widget elementor-widget-text-editor\" data-id=\"d743c03\" data-element_type=\"widget\" data-widget_type=\"text-editor.default\">\n\t\t\t\t<div class=\"elementor-widget-container\">\n\t\t\t\t\t\t\t<h2>W\u00c4HLEN SIE UNTEN IHRE AKTIVIT\u00c4T AUS, UM GESCHENKGUTSCHEINE \/ TICKETS ZU VERSCHENKEN ODER ZU BUCHEN.<\/h2><table border=\"0\" width=\"580\" cellspacing=\"10\" cellpadding=\"10\"><tbody><tr><td width=\"50%\"><strong>1) H\u00d6LLOCH &#8211; MUOTATHAL &#8211; 1 Pers.<\/strong><\/td><td><strong>CHF 135.00<\/strong>\/Pers.<\/td><\/tr><tr><td>Weitere Informationen<\/td><td>&#8211; <span class=\"plbl\">Jungendpreis <\/span>: <span class=\"patt\"><strong>CHF 78.00<\/strong>\/Pers. 16 bis 19 j\u00e4hrig<br \/><\/span><span class=\"patt\">&#8211; Preis f\u00fcr Schule und Kind : <strong>CHF 58.00<\/strong>\/Pers. 9 bis 15 j\u00e4hrig<br \/>&#8211; Mindestalter : 9 j\u00e4hrig<br \/><\/span><\/td><\/tr><tr><td>Treffpunkt<\/td><td><a href=\"https:\/\/www.google.com\/maps\/place\/46%C2%B058'37.8%22N+8%C2%B047'03.3%22E\/@46.9772546,8.7821068,385m\/data=!3m1!1e3!4m12!1m7!3m6!1s0x47854860ff83d321:0x454aa347db945e86!2sH%C3%B6lloch+Center+Muotathal+-+Trekking+Team!8m2!3d46.9769626!4d8.7842152!16s%2Fg%2F1tx8s1r1!3m3!8m2!3d46.977167!4d8.784255?entry=ttu\" target=\"_blank\" rel=\"noopener\">H\u00f6hlenforschungszentrum<\/a><\/td><\/tr><tr><td>Startzeiten<\/td><td>09.30 \/ 13.00 Uhr<\/td><\/tr><tr><td>Trekking<\/td><td>ca. 3 Std.<\/td><\/tr><tr><td>Gesamtdauer<\/td><td>ca. 3,5 Std.<\/td><\/tr><tr><td>Schwierigkeit<\/td><td>1 \u00e0 2<\/td><\/tr><tr><td><a href=\"https:\/\/swissraft.outdoorbooking.ch\/fo\/products\/1438?base_id=181&amp;category_id=35&amp;order_type=gift_voucher&amp;lang=fr\" target=\"_blank\" rel=\"noopener\"><button class=\"elementor-button\" type=\"button\">GUTSCHEIN \/ TICKET KAUFEN<\/button><\/a><\/td><td><strong>CHF 135.00<\/strong>\/Pers.<\/td><\/tr><tr><td><a href=\"https:\/\/swissraft.outdoorbooking.ch\/fo\/products\/903?base_id=181&amp;category_id=35&amp;order_type=gift_voucher&amp;lang=fr\" target=\"_blank\" rel=\"noopener\"><button class=\"elementor-button\" type=\"button\">GUTSCHEIN \/ TICKET KAUFEN<\/button><\/a><\/td><td><strong>CHF 810.00<\/strong><strong> &#8211; (min. 6 Pers.)<\/strong><\/td><\/tr><tr><td><a href=\"https:\/\/swissraft.outdoorbooking.ch\/fo\/products\/903?base_id=181&amp;category_id=35&amp;order_type=gift_voucher&amp;lang=fr\" target=\"_blank\" rel=\"noopener\"><button class=\"elementor-button\" type=\"button\">GUTSCHEIN \/ TICKET KAUFEN<\/button><\/a><\/td><td><strong>CHF 900.00<\/strong><strong> &#8211; (min. 6 Pers.) mit Aperitif<\/strong><\/td><\/tr><tr><td><a href=\"https:\/\/swissraft.outdoorbooking.ch\/fo\/products\/904?base_id=181&amp;category_id=35&amp;order_type=gift_voucher&amp;lang=fr\" target=\"_blank\" rel=\"noopener\"><button class=\"elementor-button\" type=\"button\">GUTSCHEIN \/ TICKET KAUFEN<\/button><\/a><\/td><td><strong>CHF 960.00 &#8211; (min. 6 Pers.) mit Ap\u00e9ritif Speziell<\/strong><\/td><\/tr><tr><td><a href=\"https:\/\/swissraft.outdoorbooking.ch\/fo\/products\/896?base_id=181&amp;category_id=35&amp;order_type=gift_voucher&amp;lang=fr\" target=\"_blank\" rel=\"noopener\"><button class=\"elementor-button\" type=\"button\">GUTSCHEIN \/ TICKET KAUFEN<\/button><\/a><\/td><td><strong>CHF 1&#8217;020.00<\/strong><strong> &#8211; (min. 6 Pers.) mit Aperitif Riche<\/strong><\/td><\/tr><tr><td>\u00a0<\/td><td><span class=\"patt\"><strong><em>WICHTIG !<\/em><\/strong><br \/><em>Um zu reservieren, rufen Sie die Nummer an, die sich oben links auf dem Gutschein \/ Ticket befindet.<\/em><br \/><\/span><\/td><\/tr><\/tbody><\/table><table border=\"0\" width=\"580\" cellspacing=\"10\" cellpadding=\"10\"><tbody><tr><td width=\"50%\"><strong>2) H\u00d6LLOCH &#8211; MUOTATHAL + H\u00d6HLEN-RACLETTE<\/strong><\/td><td><strong>CHF 580.00 <\/strong>Pauschale (1-10 Pers.)<\/td><\/tr><tr><td>Weitere Informationen<\/td><td><span class=\"patt\">&#8211; <strong>CHF 58.00<\/strong>\/Pers. suppl.<\/span><br \/>&#8211; Nur in Kombination mit einem Tour (siehe oben)<span class=\"patt\"><br \/><\/span><\/td><\/tr><tr><td>Treffpunkt<\/td><td><a href=\"https:\/\/www.google.com\/maps\/place\/46%C2%B058'37.8%22N+8%C2%B047'03.3%22E\/@46.9772546,8.7821068,385m\/data=!3m1!1e3!4m12!1m7!3m6!1s0x47854860ff83d321:0x454aa347db945e86!2sH%C3%B6lloch+Center+Muotathal+-+Trekking+Team!8m2!3d46.9769626!4d8.7842152!16s%2Fg%2F1tx8s1r1!3m3!8m2!3d46.977167!4d8.784255?entry=ttu\" target=\"_blank\" rel=\"noopener\">H\u00f6hlenforschungszentrum<\/a><\/td><\/tr><tr><td>Trekking + Raclette<\/td><td>ca. 4,5 Std.<\/td><\/tr><tr><td>Gesamtdauer<\/td><td>ca. 5 Std.<\/td><\/tr><tr><td><a href=\"https:\/\/swissraft.outdoorbooking.ch\/fo\/products\/905?base_id=181&amp;category_id=35&amp;order_type=gift_voucher&amp;lang=de\" target=\"_blank\" rel=\"noopener\"><button class=\"elementor-button\" type=\"button\">GUTSCHEIN \/ TICKET KAUFEN<\/button><\/a><\/td><td><strong>CHF 580.00 <\/strong>Pauschalpreis (1-10 Pers.)<\/td><\/tr><tr><td>\u00a0<\/td><td><span class=\"patt\"><strong><em>WICHTIG !<\/em><\/strong><br \/><em>Um zu reservieren, rufen Sie die Nummer an, die sich oben links auf dem Gutschein \/ Ticket befindet.<\/em><\/span><\/td><\/tr><\/tbody><\/table>\t\t\t\t\t\t<\/div>\n\t\t\t\t<\/div>\n\t\t\t\t\t<\/div>\n\t\t<\/div>\n\t\t\t\t\t\t\t<\/div>\n\t\t<\/section>\n\t\t\t\t\t\t\t<\/div>\n\t\t","protected":false},"excerpt":{"rendered":"<div align=\"justify\">\n<h2 align=\"justify\">Die Entdeckung der H\u00f6llochh\u00f6hle in Muotathal ist eine perfekte Aktivit\u00e4t f\u00fcr einen Schulausflug oder um ein besonderes Ereignis zu feiern.<\/h2>\n<h3>Ein aktiver und kultureller Ausflug zur Erkundung des H\u00f6llochs<\/h3>\n<\/div>\n<div align=\"justify\">\n<p>Die H\u00f6llochh\u00f6hle im Muotathal ist ein unterirdisches Wunder. Sie wurde 1875 entdeckt und zog sofort die Aufmerksamkeit auf sich. Mit \u00fcber 200 km erforschten G\u00e4ngen ist sie eine der gr\u00f6\u00dften H\u00f6hlen in Europa. Zun\u00e4chst wagen sich Amateur-H\u00f6hlenforscher in die H\u00f6hle. Danach \u00fcbernehmen die Fachleute. Die Erkundungen dauern bis heute an, wobei immer wieder neue Passagen entdeckt werden. Dar\u00fcber hinaus bietet das H\u00f6lloch eine beeindruckende geologische Vielfalt. Hier finden Sie wundersch\u00f6ne Stalaktiten und Stalagmiten. Die Kalksteinformationen begeistern die Besucher. Dar\u00fcber hinaus verf\u00fcgt die H\u00f6hle \u00fcber unterirdische Fl\u00fcsse und geheimnisvolle Seen. Diese Elemente tragen zum Reiz der Erkundung bei. Dar\u00fcber hinaus garantiert Swissraft mit seinen diplomierten Reiseleitern maximale Sicherheit. Schlie\u00dflich ist das H\u00f6lloch ein Muss f\u00fcr H\u00f6hlenforscher. Die Erkundung dieses Gebietes ist ein unvergessliches Erlebnis.<\/p>\n<h3>Wir bieten mehrere ber\u00fchmte H\u00f6hlen auf unserer Website an.<\/h3>\n<p id=\"textarea\" style=\"display: none;\">Unter anderem die Nidlenloch-H\u00f6hle im Kanton Solothurn und die Windloch-H\u00f6hle im Kanton Glarus.\n<\/p>\n<p><a id=\"seeMore\" onclick=\"toggleSeeMore()\" href=\"javascript:void(0);\">Lesen Sie mehr<\/a><\/p>\n","protected":false},"featured_media":90502,"comment_status":"open","ping_status":"closed","template":"","meta":{"inline_featured_image":false,"_mi_skip_tracking":false},"product_cat":[313,271],"product_tag":[],"class_list":["post-91373","product","type-product","status-publish","has-post-thumbnail","hentry","product_cat-hohlenforschung-in-der-schweiz","product_cat-outdoor"],"yoast_head":"<!-- This site is optimized with the Yoast SEO plugin v23.6 - https:\/\/yoast.com\/wordpress\/plugins\/seo\/ -->\n<title>H\u00f6lloch - Muotathal im Kanton Schwyz<\/title>\n<meta name=\"description\" content=\"H\u00f6lloch - Muotathal im Kanton Schwyz, die gr\u00f6\u00dfte H\u00f6hle Europas mit einer Tiefe von 1033m. Eine sch\u00f6ne Erkundung\" \/>\n<meta name=\"robots\" content=\"index, follow, max-snippet:-1, max-image-preview:large, max-video-preview:-1\" \/>\n<link rel=\"canonical\" href=\"https:\/\/www.swissraft.ch\/de\/produkt\/hoelloch-muotathal-schwyz\/\" \/>\n<meta property=\"og:locale\" content=\"de_DE\" \/>\n<meta property=\"og:type\" content=\"article\" \/>\n<meta property=\"og:title\" content=\"H\u00f6lloch - Muotathal im Kanton Schwyz\" \/>\n<meta property=\"og:description\" content=\"H\u00f6lloch - Muotathal im Kanton Schwyz, die gr\u00f6\u00dfte H\u00f6hle Europas mit einer Tiefe von 1033m. Eine sch\u00f6ne Erkundung\" \/>\n<meta property=\"og:url\" content=\"https:\/\/www.swissraft.ch\/de\/produkt\/hoelloch-muotathal-schwyz\/\" \/>\n<meta property=\"og:site_name\" content=\"Swissraft\" \/>\n<meta property=\"article:modified_time\" content=\"2025-12-20T20:31:12+00:00\" \/>\n<meta property=\"og:image\" content=\"https:\/\/www.swissraft.ch\/wp-content\/uploads\/2023\/04\/1-1-Muotathal_Holloch_776x776.jpg\" \/>\n\t<meta property=\"og:image:width\" content=\"776\" \/>\n\t<meta property=\"og:image:height\" content=\"776\" \/>\n\t<meta property=\"og:image:type\" content=\"image\/jpeg\" \/>\n<meta name=\"twitter:card\" content=\"summary_large_image\" \/>\n<meta name=\"twitter:label1\" content=\"Gesch\u00e4tzte Lesezeit\" \/>\n\t<meta name=\"twitter:data1\" content=\"2\u00a0Minuten\" \/>\n<script type=\"application\/ld+json\" class=\"yoast-schema-graph\">{\"@context\":\"https:\/\/schema.org\",\"@graph\":[{\"@type\":\"WebPage\",\"@id\":\"https:\/\/www.swissraft.ch\/de\/produkt\/hoelloch-muotathal-schwyz\/\",\"url\":\"https:\/\/www.swissraft.ch\/de\/produkt\/hoelloch-muotathal-schwyz\/\",\"name\":\"H\u00f6lloch - Muotathal im Kanton Schwyz\",\"isPartOf\":{\"@id\":\"https:\/\/www.swissraft.ch\/de\/#website\"},\"primaryImageOfPage\":{\"@id\":\"https:\/\/www.swissraft.ch\/de\/produkt\/hoelloch-muotathal-schwyz\/#primaryimage\"},\"image\":{\"@id\":\"https:\/\/www.swissraft.ch\/de\/produkt\/hoelloch-muotathal-schwyz\/#primaryimage\"},\"thumbnailUrl\":\"https:\/\/www.swissraft.ch\/wp-content\/uploads\/2023\/04\/1-1-Muotathal_Holloch_776x776.jpg\",\"datePublished\":\"2023-04-02T09:30:28+00:00\",\"dateModified\":\"2025-12-20T20:31:12+00:00\",\"description\":\"H\u00f6lloch - Muotathal im Kanton Schwyz, die gr\u00f6\u00dfte H\u00f6hle Europas mit einer Tiefe von 1033m. Eine sch\u00f6ne Erkundung\",\"breadcrumb\":{\"@id\":\"https:\/\/www.swissraft.ch\/de\/produkt\/hoelloch-muotathal-schwyz\/#breadcrumb\"},\"inLanguage\":\"de\",\"potentialAction\":[{\"@type\":\"ReadAction\",\"target\":[\"https:\/\/www.swissraft.ch\/de\/produkt\/hoelloch-muotathal-schwyz\/\"]}]},{\"@type\":\"ImageObject\",\"inLanguage\":\"de\",\"@id\":\"https:\/\/www.swissraft.ch\/de\/produkt\/hoelloch-muotathal-schwyz\/#primaryimage\",\"url\":\"https:\/\/www.swissraft.ch\/wp-content\/uploads\/2023\/04\/1-1-Muotathal_Holloch_776x776.jpg\",\"contentUrl\":\"https:\/\/www.swissraft.ch\/wp-content\/uploads\/2023\/04\/1-1-Muotathal_Holloch_776x776.jpg\",\"width\":776,\"height\":776,\"caption\":\"Das H\u00f6lloch in der Schweiz\"},{\"@type\":\"BreadcrumbList\",\"@id\":\"https:\/\/www.swissraft.ch\/de\/produkt\/hoelloch-muotathal-schwyz\/#breadcrumb\",\"itemListElement\":[{\"@type\":\"ListItem\",\"position\":1,\"name\":\"Accueil\",\"item\":\"https:\/\/www.swissraft.ch\/de\/\"},{\"@type\":\"ListItem\",\"position\":2,\"name\":\"Shop\",\"item\":\"https:\/\/www.swissraft.ch\/de\/shop\/\"},{\"@type\":\"ListItem\",\"position\":3,\"name\":\"Der H\u00d6LLOCH im MUOTATHAL &#8211; SCHWYZ &#8211; Ab CHF 58.00\"}]},{\"@type\":\"WebSite\",\"@id\":\"https:\/\/www.swissraft.ch\/de\/#website\",\"url\":\"https:\/\/www.swissraft.ch\/de\/\",\"name\":\"Swissraft\",\"description\":\"To enjoy nature as it is\",\"publisher\":{\"@id\":\"https:\/\/www.swissraft.ch\/de\/#organization\"},\"potentialAction\":[{\"@type\":\"SearchAction\",\"target\":{\"@type\":\"EntryPoint\",\"urlTemplate\":\"https:\/\/www.swissraft.ch\/de\/?s={search_term_string}\"},\"query-input\":{\"@type\":\"PropertyValueSpecification\",\"valueRequired\":true,\"valueName\":\"search_term_string\"}}],\"inLanguage\":\"de\"},{\"@type\":\"Organization\",\"@id\":\"https:\/\/www.swissraft.ch\/de\/#organization\",\"name\":\"Swissraft\",\"url\":\"https:\/\/www.swissraft.ch\/de\/\",\"logo\":{\"@type\":\"ImageObject\",\"inLanguage\":\"de\",\"@id\":\"https:\/\/www.swissraft.ch\/de\/#\/schema\/logo\/image\/\",\"url\":\"https:\/\/www.swissraft.ch\/wp-content\/uploads\/2025\/09\/Capture.jpg\",\"contentUrl\":\"https:\/\/www.swissraft.ch\/wp-content\/uploads\/2025\/09\/Capture.jpg\",\"width\":293,\"height\":108,\"caption\":\"Swissraft\"},\"image\":{\"@id\":\"https:\/\/www.swissraft.ch\/de\/#\/schema\/logo\/image\/\"}}]}<\/script>\n<!-- \/ Yoast SEO plugin. -->","yoast_head_json":{"title":"H\u00f6lloch - Muotathal im Kanton Schwyz","description":"H\u00f6lloch - Muotathal im Kanton Schwyz, die gr\u00f6\u00dfte H\u00f6hle Europas mit einer Tiefe von 1033m. Eine sch\u00f6ne Erkundung","robots":{"index":"index","follow":"follow","max-snippet":"max-snippet:-1","max-image-preview":"max-image-preview:large","max-video-preview":"max-video-preview:-1"},"canonical":"https:\/\/www.swissraft.ch\/de\/produkt\/hoelloch-muotathal-schwyz\/","og_locale":"de_DE","og_type":"article","og_title":"H\u00f6lloch - Muotathal im Kanton Schwyz","og_description":"H\u00f6lloch - Muotathal im Kanton Schwyz, die gr\u00f6\u00dfte H\u00f6hle Europas mit einer Tiefe von 1033m. Eine sch\u00f6ne Erkundung","og_url":"https:\/\/www.swissraft.ch\/de\/produkt\/hoelloch-muotathal-schwyz\/","og_site_name":"Swissraft","article_modified_time":"2025-12-20T20:31:12+00:00","og_image":[{"width":776,"height":776,"url":"https:\/\/www.swissraft.ch\/wp-content\/uploads\/2023\/04\/1-1-Muotathal_Holloch_776x776.jpg","type":"image\/jpeg"}],"twitter_card":"summary_large_image","twitter_misc":{"Gesch\u00e4tzte Lesezeit":"2\u00a0Minuten"},"schema":{"@context":"https:\/\/schema.org","@graph":[{"@type":"WebPage","@id":"https:\/\/www.swissraft.ch\/de\/produkt\/hoelloch-muotathal-schwyz\/","url":"https:\/\/www.swissraft.ch\/de\/produkt\/hoelloch-muotathal-schwyz\/","name":"H\u00f6lloch - Muotathal im Kanton Schwyz","isPartOf":{"@id":"https:\/\/www.swissraft.ch\/de\/#website"},"primaryImageOfPage":{"@id":"https:\/\/www.swissraft.ch\/de\/produkt\/hoelloch-muotathal-schwyz\/#primaryimage"},"image":{"@id":"https:\/\/www.swissraft.ch\/de\/produkt\/hoelloch-muotathal-schwyz\/#primaryimage"},"thumbnailUrl":"https:\/\/www.swissraft.ch\/wp-content\/uploads\/2023\/04\/1-1-Muotathal_Holloch_776x776.jpg","datePublished":"2023-04-02T09:30:28+00:00","dateModified":"2025-12-20T20:31:12+00:00","description":"H\u00f6lloch - Muotathal im Kanton Schwyz, die gr\u00f6\u00dfte H\u00f6hle Europas mit einer Tiefe von 1033m. Eine sch\u00f6ne Erkundung","breadcrumb":{"@id":"https:\/\/www.swissraft.ch\/de\/produkt\/hoelloch-muotathal-schwyz\/#breadcrumb"},"inLanguage":"de","potentialAction":[{"@type":"ReadAction","target":["https:\/\/www.swissraft.ch\/de\/produkt\/hoelloch-muotathal-schwyz\/"]}]},{"@type":"ImageObject","inLanguage":"de","@id":"https:\/\/www.swissraft.ch\/de\/produkt\/hoelloch-muotathal-schwyz\/#primaryimage","url":"https:\/\/www.swissraft.ch\/wp-content\/uploads\/2023\/04\/1-1-Muotathal_Holloch_776x776.jpg","contentUrl":"https:\/\/www.swissraft.ch\/wp-content\/uploads\/2023\/04\/1-1-Muotathal_Holloch_776x776.jpg","width":776,"height":776,"caption":"Das H\u00f6lloch in der Schweiz"},{"@type":"BreadcrumbList","@id":"https:\/\/www.swissraft.ch\/de\/produkt\/hoelloch-muotathal-schwyz\/#breadcrumb","itemListElement":[{"@type":"ListItem","position":1,"name":"Accueil","item":"https:\/\/www.swissraft.ch\/de\/"},{"@type":"ListItem","position":2,"name":"Shop","item":"https:\/\/www.swissraft.ch\/de\/shop\/"},{"@type":"ListItem","position":3,"name":"Der H\u00d6LLOCH im MUOTATHAL &#8211; SCHWYZ &#8211; Ab CHF 58.00"}]},{"@type":"WebSite","@id":"https:\/\/www.swissraft.ch\/de\/#website","url":"https:\/\/www.swissraft.ch\/de\/","name":"Swissraft","description":"To enjoy nature as it is","publisher":{"@id":"https:\/\/www.swissraft.ch\/de\/#organization"},"potentialAction":[{"@type":"SearchAction","target":{"@type":"EntryPoint","urlTemplate":"https:\/\/www.swissraft.ch\/de\/?s={search_term_string}"},"query-input":{"@type":"PropertyValueSpecification","valueRequired":true,"valueName":"search_term_string"}}],"inLanguage":"de"},{"@type":"Organization","@id":"https:\/\/www.swissraft.ch\/de\/#organization","name":"Swissraft","url":"https:\/\/www.swissraft.ch\/de\/","logo":{"@type":"ImageObject","inLanguage":"de","@id":"https:\/\/www.swissraft.ch\/de\/#\/schema\/logo\/image\/","url":"https:\/\/www.swissraft.ch\/wp-content\/uploads\/2025\/09\/Capture.jpg","contentUrl":"https:\/\/www.swissraft.ch\/wp-content\/uploads\/2025\/09\/Capture.jpg","width":293,"height":108,"caption":"Swissraft"},"image":{"@id":"https:\/\/www.swissraft.ch\/de\/#\/schema\/logo\/image\/"}}]}},"_links":{"self":[{"href":"https:\/\/www.swissraft.ch\/de\/wp-json\/wp\/v2\/product\/91373","targetHints":{"allow":["GET"]}}],"collection":[{"href":"https:\/\/www.swissraft.ch\/de\/wp-json\/wp\/v2\/product"}],"about":[{"href":"https:\/\/www.swissraft.ch\/de\/wp-json\/wp\/v2\/types\/product"}],"replies":[{"embeddable":true,"href":"https:\/\/www.swissraft.ch\/de\/wp-json\/wp\/v2\/comments?post=91373"}],"version-history":[{"count":57,"href":"https:\/\/www.swissraft.ch\/de\/wp-json\/wp\/v2\/product\/91373\/revisions"}],"predecessor-version":[{"id":124817,"href":"https:\/\/www.swissraft.ch\/de\/wp-json\/wp\/v2\/product\/91373\/revisions\/124817"}],"wp:featuredmedia":[{"embeddable":true,"href":"https:\/\/www.swissraft.ch\/de\/wp-json\/wp\/v2\/media\/90502"}],"wp:attachment":[{"href":"https:\/\/www.swissraft.ch\/de\/wp-json\/wp\/v2\/media?parent=91373"}],"wp:term":[{"taxonomy":"product_cat","embeddable":true,"href":"https:\/\/www.swissraft.ch\/de\/wp-json\/wp\/v2\/product_cat?post=91373"},{"taxonomy":"product_tag","embeddable":true,"href":"https:\/\/www.swissraft.ch\/de\/wp-json\/wp\/v2\/product_tag?post=91373"}],"curies":[{"name":"wp","href":"https:\/\/api.w.org\/{rel}","templated":true}]}}