{"id":91370,"date":"2023-04-01T23:56:34","date_gmt":"2023-04-01T21:56:34","guid":{"rendered":"https:\/\/swissraft.xyanzkdne.eu\/product\/bungee-jumping-im-oberland-bern-stockhorn-134m-ab-chf-209-00\/"},"modified":"2026-03-13T00:13:03","modified_gmt":"2026-03-12T23:13:03","slug":"bungee-jumping-berner-oberland-stockhorn","status":"publish","type":"product","link":"https:\/\/www.swissraft.ch\/de\/produkt\/bungee-jumping-berner-oberland-stockhorn\/","title":{"rendered":"Bungee Jumping oder Bungy Jump im BERNER OBERLAND &#8211; STOCKHORN &#8211; 134m &#8211; CHF 229.00"},"content":{"rendered":"\t\t<div data-elementor-type=\"wp-post\" data-elementor-id=\"91370\" class=\"elementor elementor-91370 elementor-32127\">\n\t\t\t\t\t\t\t\t\t<section class=\"elementor-section elementor-top-section elementor-element elementor-element-3303a7e3 elementor-section-boxed elementor-section-height-default elementor-section-height-default\" data-id=\"3303a7e3\" data-element_type=\"section\">\n\t\t\t\t\t\t<div class=\"elementor-container elementor-column-gap-default\">\n\t\t\t\t\t<div class=\"elementor-column elementor-col-100 elementor-top-column elementor-element elementor-element-16d72dbf\" data-id=\"16d72dbf\" data-element_type=\"column\">\n\t\t\t<div class=\"elementor-widget-wrap elementor-element-populated\">\n\t\t\t\t\t\t\t\t<div class=\"elementor-element elementor-element-d743c03 elementor-widget elementor-widget-text-editor\" data-id=\"d743c03\" data-element_type=\"widget\" data-widget_type=\"text-editor.default\">\n\t\t\t\t<div class=\"elementor-widget-container\">\n\t\t\t\t\t\t\t<h2>W\u00c4HLEN SIE UNTEN IHRE AKTIVIT\u00c4T AUS, UM GESCHENKGUTSCHEINE \/ TICKETS ZU VERSCHENKEN ODER ZU BUCHEN<\/h2><table border=\"0\" width=\"580\" cellspacing=\"10\" cellpadding=\"10\"><tbody><tr><td width=\"50%\"><strong>1) BUNGEE JUMPING &#8211; BUNGY JUMP &#8211; STOCKHORN &#8211; 134m &#8211; DEPUIS WILDERSWIL<\/strong><\/td><td><strong>CHF 229.00 pro Person<span class=\"productPrice\"><br \/><\/span><\/strong><\/td><\/tr><tr><td>Weitere Informationen<\/td><td>&#8211; Ab 10 Pers. <strong>CHF 209.00<\/strong>\/Pers.<br \/>&#8211; Termine f\u00fcr Gruppen auch au\u00dferhalb der Saison m\u00f6glich<br \/>&#8211; Minderj\u00e4hrige ben\u00f6tigen die schriftliche Zustimmung der Eltern<br \/>&#8211; Ab 65 j\u00e4hrig \u00e4rztliches Attest erforderlich<br \/>&#8211; Video <strong>CHF 59.00<\/strong> vor Ort zu bezahlen<br \/>&#8211; Fotos <strong>CHF 49.00<\/strong> vor Ort zu bezahlen<br \/>&#8211; Fotos und Video <strong>CHF 99.00<\/strong> vor Ort zu bezahlen<\/td><\/tr><tr><td>Startzeit<\/td><td>16:15 Uhr<\/td><\/tr><tr><td>Dauer des Sturzes<\/td><td>ca. 3 Sek.<\/td><\/tr><tr><td>Gesamtdauer<\/td><td>ca. 4 Std.<\/td><\/tr><tr><td>Treffpunkt<\/td><td><a href=\"https:\/\/www.google.com\/maps\/place\/46%C2%B040'15.8%22N+7%C2%B052'42.2%22E\/@46.6710056,7.8697297,1722m\/data=!3m1!1e3!4m12!1m7!3m6!1s0x478fa39d4c79741d:0xe1388a661824dff1!2sIndustriestrasse+17,+3812+Wilderswil,+Suisse!3b1!8m2!3d46.6699882!4d7.8740105!3m3!8m2!3d46.671066!4d7.878399?entry=ttu&amp;g_ep=EgoyMDI2MDMwOS4wIKXMDSoASAFQAw%3D%3D\" target=\"_blank\" rel=\"noopener\">Wilderswil<\/a><\/td><\/tr><tr><td><a href=\"https:\/\/swissraft.outdoorbooking.ch\/fo\/products\/127?base_id=3&amp;category_id=15&amp;order_type=gift_voucher&amp;lang=de\" target=\"_blank\" rel=\"noopener\"><button class=\"elementor-button\" type=\"button\">GUTSCHEIN \/ TICKET KAUFEN<\/button><\/a><\/td><td><a href=\"https:\/\/swissraft.outdoorbooking.ch\/fo\/products\/127?base_id=3&amp;category_id=15&amp;order_type=event&amp;lang=de\" target=\"_blank\" rel=\"noopener\">RESERVIEREN SIE EIN DATUM<\/a><\/td><\/tr><\/tbody><\/table><table border=\"0\" width=\"580\" cellspacing=\"10\" cellpadding=\"10\"><tbody><tr><td width=\"50%\"><strong>2) BUNGY JUMPING &#8211; BUNGY JUMP &#8211; STOCKHORN &#8211; 134m &#8211; AB ERLENBACH<\/strong><\/td><td><strong><span class=\"productPrice\">CHF 229.00 pro Person<\/span><\/strong><\/td><\/tr><tr><td>Weitere Informationen<\/td><td>&#8211; Ab 10 Pers. <strong>CHF 209.00<\/strong>\/Pers.<br \/>&#8211; Termine f\u00fcr Gruppen auch au\u00dferhalb der Saison m\u00f6glich<br \/>&#8211; Minderj\u00e4hrige ben\u00f6tigen die schriftliche Zustimmung der Eltern<br \/>&#8211; Ab 65 j\u00e4hrig \u00e4rztliches Attest erforderlich<br \/>&#8211; Video <strong>CHF 59.00<\/strong> vor Ort zu bezahlen<br \/>&#8211; Fotos <strong>CHF 49.00<\/strong> vor Ort zu bezahlen<br \/>&#8211; Fotos und Video <strong>CHF 99.00<\/strong> vor Ort zu bezahlen<\/td><\/tr><tr><td>Startzeit<\/td><td>17:00 Uhr<\/td><\/tr><tr><td>Dauer des Sturzes<\/td><td>ca. 3 Sek.<\/td><\/tr><tr><td>Gesamtdauer<\/td><td>ca. 2,5 Std.<\/td><\/tr><tr><td>Treffpunkt<\/td><td><a href=\"https:\/\/www.google.com\/maps\/place\/46%C2%B039'36.6%22N+7%C2%B032'44.2%22E\/@46.6602624,7.5432937,387m\/data=!3m1!1e3!4m4!3m3!8m2!3d46.6601667!4d7.5456111?entry=ttu\" target=\"_blank\" rel=\"noopener\">Stockhornbahn in\u00a0Erlenbach<\/a><\/td><\/tr><tr><td><a href=\"https:\/\/swissraft.outdoorbooking.ch\/fo\/products\/267?base_id=3&amp;category_id=15&amp;order_type=gift_voucher&amp;lang=de\" target=\"_blank\" rel=\"noopener\"><button class=\"elementor-button\" type=\"button\">GUTSCHEIN \/ TICKET KAUFEN<\/button><\/a><\/td><td><a href=\"https:\/\/swissraft.outdoorbooking.ch\/fo\/products\/267?base_id=3&amp;category_id=15&amp;order_type=event&amp;lang=de\" target=\"_blank\" rel=\"noopener\">RESERVIEREN SIE EIN DATUM<\/a><\/td><\/tr><\/tbody><\/table>\t\t\t\t\t\t<\/div>\n\t\t\t\t<\/div>\n\t\t\t\t\t<\/div>\n\t\t<\/div>\n\t\t\t\t\t\t\t<\/div>\n\t\t<\/section>\n\t\t\t\t\t\t\t<\/div>\n\t\t","protected":false},"excerpt":{"rendered":"<div align=\"justify\">\n<h2 align=\"justify\">Vom Stockhorn aus Bungee-Jumping im Berner Oberland. Ein atemberaubendes Erlebnis<\/h2>\n<h3>Au\u00dferdem springen Sie aus einer Seilbahnkabine aus 134 m H\u00f6he in eine Umgebung, die aufgrund ihrer Sch\u00f6nheit au\u00dfergew\u00f6hnlich ist.<\/h3>\n<\/div>\n<div align=\"justify\">\n<p>Einerseits ist dieser Sprung aufgrund seiner Umgebung einer der sch\u00f6nsten. Zum anderen springen Sie aus der Kabine der Stockhorn-Seilbahn, was in der Schweiz einzigartig ist. Sie springen aus einer H\u00f6he von 134m und haben einen herrlichen Blick auf die Berner Alpen. Ein Erlebnis, das Sie sich auf keinen Fall entgehen lassen sollten. Diese emotionale Reise ist komplett. Von Anfang bis Ende bietet sie Ihnen ein einzigartiges Erlebnis, das Sie nicht vergessen werden. Erleben Sie dieses au\u00dfergew\u00f6hnliche Abenteuer. Jeder Schritt ist sorgf\u00e4ltig geplant, um Ihnen einen unvergesslichen und sicheren Bungee-Sprung zu bieten.       <\/p>\n<h3>Swissraft bietet Ihnen die M\u00f6glichkeit, andere Sprungpl\u00e4tze in der Schweiz und im Ausland zu entdecken. Rufen Sie uns an, um weitere Informationen zu erhalten. <\/h3>\n<p id=\"textarea\" style=\"display: none;\">Wir springen auch von der Contra-Staumauer im Verzascatal im Tessin. Aber auch von einer Plattform \u00fcber dem Canyon in Grindelwald. Erleben Sie den Nervenkitzel des Pendel- oder Swing-Sprungs, einer Variante des Bungee-Sprungs, indem Sie \u00fcber die schwarze L\u00fctschine springen. Wir bieten auch Spr\u00fcnge im Wallis und in der ganzen Schweiz aus einer Hebeb\u00fchne an (diese Aktivit\u00e4t ist genehmigungspflichtig).\n<\/p>\n<p><a id=\"seeMore\" onclick=\"toggleSeeMore()\" href=\"javascript:void(0);\">Lesen Sie mehr<\/a><\/p>\n","protected":false},"featured_media":89542,"comment_status":"open","ping_status":"closed","template":"","meta":{"inline_featured_image":false,"_mi_skip_tracking":false},"product_cat":[291,271],"product_tag":[],"class_list":["post-91370","product","type-product","status-publish","has-post-thumbnail","hentry","product_cat-bungee-jumping","product_cat-outdoor"],"yoast_head":"<!-- This site is optimized with the Yoast SEO plugin v23.6 - https:\/\/yoast.com\/wordpress\/plugins\/seo\/ -->\n<title>Bungee-Jumping vom Stockhorn aus einer Seilbahnkabine<\/title>\n<meta name=\"description\" content=\"Bungee-Sprung vom Stockhorn aus einer Seilbahnkabine. Spektakul\u00e4rer Sprung mit einer herrlichen Aussicht auf die Berner Alpen hinter der Kulisse.\" \/>\n<meta name=\"robots\" content=\"index, follow, max-snippet:-1, max-image-preview:large, max-video-preview:-1\" \/>\n<link rel=\"canonical\" href=\"https:\/\/www.swissraft.ch\/de\/produkt\/bungee-jumping-berner-oberland-stockhorn\/\" \/>\n<meta property=\"og:locale\" content=\"de_DE\" \/>\n<meta property=\"og:type\" content=\"article\" \/>\n<meta property=\"og:title\" content=\"Bungee-Jumping vom Stockhorn aus einer Seilbahnkabine\" \/>\n<meta property=\"og:description\" content=\"Bungee-Sprung vom Stockhorn aus einer Seilbahnkabine. Spektakul\u00e4rer Sprung mit einer herrlichen Aussicht auf die Berner Alpen hinter der Kulisse.\" \/>\n<meta property=\"og:url\" content=\"https:\/\/www.swissraft.ch\/de\/produkt\/bungee-jumping-berner-oberland-stockhorn\/\" \/>\n<meta property=\"og:site_name\" content=\"Swissraft\" \/>\n<meta property=\"article:modified_time\" content=\"2026-03-12T23:13:03+00:00\" \/>\n<meta property=\"og:image\" content=\"https:\/\/www.swissraft.ch\/wp-content\/uploads\/2023\/04\/1-1-Bungy-Stockhorn-776x776-1.jpg\" \/>\n\t<meta property=\"og:image:width\" content=\"776\" \/>\n\t<meta property=\"og:image:height\" content=\"776\" \/>\n\t<meta property=\"og:image:type\" content=\"image\/jpeg\" \/>\n<meta name=\"twitter:card\" content=\"summary_large_image\" \/>\n<meta name=\"twitter:label1\" content=\"Gesch\u00e4tzte Lesezeit\" \/>\n\t<meta name=\"twitter:data1\" content=\"2\u00a0Minuten\" \/>\n<script type=\"application\/ld+json\" class=\"yoast-schema-graph\">{\"@context\":\"https:\/\/schema.org\",\"@graph\":[{\"@type\":\"WebPage\",\"@id\":\"https:\/\/www.swissraft.ch\/de\/produkt\/bungee-jumping-berner-oberland-stockhorn\/\",\"url\":\"https:\/\/www.swissraft.ch\/de\/produkt\/bungee-jumping-berner-oberland-stockhorn\/\",\"name\":\"Bungee-Jumping vom Stockhorn aus einer Seilbahnkabine\",\"isPartOf\":{\"@id\":\"https:\/\/www.swissraft.ch\/de\/#website\"},\"primaryImageOfPage\":{\"@id\":\"https:\/\/www.swissraft.ch\/de\/produkt\/bungee-jumping-berner-oberland-stockhorn\/#primaryimage\"},\"image\":{\"@id\":\"https:\/\/www.swissraft.ch\/de\/produkt\/bungee-jumping-berner-oberland-stockhorn\/#primaryimage\"},\"thumbnailUrl\":\"https:\/\/www.swissraft.ch\/wp-content\/uploads\/2023\/04\/1-1-Bungy-Stockhorn-776x776-1.jpg\",\"datePublished\":\"2023-04-01T21:56:34+00:00\",\"dateModified\":\"2026-03-12T23:13:03+00:00\",\"description\":\"Bungee-Sprung vom Stockhorn aus einer Seilbahnkabine. Spektakul\u00e4rer Sprung mit einer herrlichen Aussicht auf die Berner Alpen hinter der Kulisse.\",\"breadcrumb\":{\"@id\":\"https:\/\/www.swissraft.ch\/de\/produkt\/bungee-jumping-berner-oberland-stockhorn\/#breadcrumb\"},\"inLanguage\":\"de\",\"potentialAction\":[{\"@type\":\"ReadAction\",\"target\":[\"https:\/\/www.swissraft.ch\/de\/produkt\/bungee-jumping-berner-oberland-stockhorn\/\"]}]},{\"@type\":\"ImageObject\",\"inLanguage\":\"de\",\"@id\":\"https:\/\/www.swissraft.ch\/de\/produkt\/bungee-jumping-berner-oberland-stockhorn\/#primaryimage\",\"url\":\"https:\/\/www.swissraft.ch\/wp-content\/uploads\/2023\/04\/1-1-Bungy-Stockhorn-776x776-1.jpg\",\"contentUrl\":\"https:\/\/www.swissraft.ch\/wp-content\/uploads\/2023\/04\/1-1-Bungy-Stockhorn-776x776-1.jpg\",\"width\":776,\"height\":776,\"caption\":\"Von der Stockhorn-Seilbahn aus Bungee-Jumping\"},{\"@type\":\"BreadcrumbList\",\"@id\":\"https:\/\/www.swissraft.ch\/de\/produkt\/bungee-jumping-berner-oberland-stockhorn\/#breadcrumb\",\"itemListElement\":[{\"@type\":\"ListItem\",\"position\":1,\"name\":\"Accueil\",\"item\":\"https:\/\/www.swissraft.ch\/de\/\"},{\"@type\":\"ListItem\",\"position\":2,\"name\":\"Shop\",\"item\":\"https:\/\/www.swissraft.ch\/de\/shop\/\"},{\"@type\":\"ListItem\",\"position\":3,\"name\":\"Bungee Jumping oder Bungy Jump im BERNER OBERLAND &#8211; STOCKHORN &#8211; 134m &#8211; CHF 229.00\"}]},{\"@type\":\"WebSite\",\"@id\":\"https:\/\/www.swissraft.ch\/de\/#website\",\"url\":\"https:\/\/www.swissraft.ch\/de\/\",\"name\":\"Swissraft\",\"description\":\"To enjoy nature as it is\",\"publisher\":{\"@id\":\"https:\/\/www.swissraft.ch\/de\/#organization\"},\"potentialAction\":[{\"@type\":\"SearchAction\",\"target\":{\"@type\":\"EntryPoint\",\"urlTemplate\":\"https:\/\/www.swissraft.ch\/de\/?s={search_term_string}\"},\"query-input\":{\"@type\":\"PropertyValueSpecification\",\"valueRequired\":true,\"valueName\":\"search_term_string\"}}],\"inLanguage\":\"de\"},{\"@type\":\"Organization\",\"@id\":\"https:\/\/www.swissraft.ch\/de\/#organization\",\"name\":\"Swissraft\",\"url\":\"https:\/\/www.swissraft.ch\/de\/\",\"logo\":{\"@type\":\"ImageObject\",\"inLanguage\":\"de\",\"@id\":\"https:\/\/www.swissraft.ch\/de\/#\/schema\/logo\/image\/\",\"url\":\"https:\/\/www.swissraft.ch\/wp-content\/uploads\/2025\/09\/Capture.jpg\",\"contentUrl\":\"https:\/\/www.swissraft.ch\/wp-content\/uploads\/2025\/09\/Capture.jpg\",\"width\":293,\"height\":108,\"caption\":\"Swissraft\"},\"image\":{\"@id\":\"https:\/\/www.swissraft.ch\/de\/#\/schema\/logo\/image\/\"}}]}<\/script>\n<!-- \/ Yoast SEO plugin. -->","yoast_head_json":{"title":"Bungee-Jumping vom Stockhorn aus einer Seilbahnkabine","description":"Bungee-Sprung vom Stockhorn aus einer Seilbahnkabine. Spektakul\u00e4rer Sprung mit einer herrlichen Aussicht auf die Berner Alpen hinter der Kulisse.","robots":{"index":"index","follow":"follow","max-snippet":"max-snippet:-1","max-image-preview":"max-image-preview:large","max-video-preview":"max-video-preview:-1"},"canonical":"https:\/\/www.swissraft.ch\/de\/produkt\/bungee-jumping-berner-oberland-stockhorn\/","og_locale":"de_DE","og_type":"article","og_title":"Bungee-Jumping vom Stockhorn aus einer Seilbahnkabine","og_description":"Bungee-Sprung vom Stockhorn aus einer Seilbahnkabine. Spektakul\u00e4rer Sprung mit einer herrlichen Aussicht auf die Berner Alpen hinter der Kulisse.","og_url":"https:\/\/www.swissraft.ch\/de\/produkt\/bungee-jumping-berner-oberland-stockhorn\/","og_site_name":"Swissraft","article_modified_time":"2026-03-12T23:13:03+00:00","og_image":[{"width":776,"height":776,"url":"https:\/\/www.swissraft.ch\/wp-content\/uploads\/2023\/04\/1-1-Bungy-Stockhorn-776x776-1.jpg","type":"image\/jpeg"}],"twitter_card":"summary_large_image","twitter_misc":{"Gesch\u00e4tzte Lesezeit":"2\u00a0Minuten"},"schema":{"@context":"https:\/\/schema.org","@graph":[{"@type":"WebPage","@id":"https:\/\/www.swissraft.ch\/de\/produkt\/bungee-jumping-berner-oberland-stockhorn\/","url":"https:\/\/www.swissraft.ch\/de\/produkt\/bungee-jumping-berner-oberland-stockhorn\/","name":"Bungee-Jumping vom Stockhorn aus einer Seilbahnkabine","isPartOf":{"@id":"https:\/\/www.swissraft.ch\/de\/#website"},"primaryImageOfPage":{"@id":"https:\/\/www.swissraft.ch\/de\/produkt\/bungee-jumping-berner-oberland-stockhorn\/#primaryimage"},"image":{"@id":"https:\/\/www.swissraft.ch\/de\/produkt\/bungee-jumping-berner-oberland-stockhorn\/#primaryimage"},"thumbnailUrl":"https:\/\/www.swissraft.ch\/wp-content\/uploads\/2023\/04\/1-1-Bungy-Stockhorn-776x776-1.jpg","datePublished":"2023-04-01T21:56:34+00:00","dateModified":"2026-03-12T23:13:03+00:00","description":"Bungee-Sprung vom Stockhorn aus einer Seilbahnkabine. Spektakul\u00e4rer Sprung mit einer herrlichen Aussicht auf die Berner Alpen hinter der Kulisse.","breadcrumb":{"@id":"https:\/\/www.swissraft.ch\/de\/produkt\/bungee-jumping-berner-oberland-stockhorn\/#breadcrumb"},"inLanguage":"de","potentialAction":[{"@type":"ReadAction","target":["https:\/\/www.swissraft.ch\/de\/produkt\/bungee-jumping-berner-oberland-stockhorn\/"]}]},{"@type":"ImageObject","inLanguage":"de","@id":"https:\/\/www.swissraft.ch\/de\/produkt\/bungee-jumping-berner-oberland-stockhorn\/#primaryimage","url":"https:\/\/www.swissraft.ch\/wp-content\/uploads\/2023\/04\/1-1-Bungy-Stockhorn-776x776-1.jpg","contentUrl":"https:\/\/www.swissraft.ch\/wp-content\/uploads\/2023\/04\/1-1-Bungy-Stockhorn-776x776-1.jpg","width":776,"height":776,"caption":"Von der Stockhorn-Seilbahn aus Bungee-Jumping"},{"@type":"BreadcrumbList","@id":"https:\/\/www.swissraft.ch\/de\/produkt\/bungee-jumping-berner-oberland-stockhorn\/#breadcrumb","itemListElement":[{"@type":"ListItem","position":1,"name":"Accueil","item":"https:\/\/www.swissraft.ch\/de\/"},{"@type":"ListItem","position":2,"name":"Shop","item":"https:\/\/www.swissraft.ch\/de\/shop\/"},{"@type":"ListItem","position":3,"name":"Bungee Jumping oder Bungy Jump im BERNER OBERLAND &#8211; STOCKHORN &#8211; 134m &#8211; CHF 229.00"}]},{"@type":"WebSite","@id":"https:\/\/www.swissraft.ch\/de\/#website","url":"https:\/\/www.swissraft.ch\/de\/","name":"Swissraft","description":"To enjoy nature as it is","publisher":{"@id":"https:\/\/www.swissraft.ch\/de\/#organization"},"potentialAction":[{"@type":"SearchAction","target":{"@type":"EntryPoint","urlTemplate":"https:\/\/www.swissraft.ch\/de\/?s={search_term_string}"},"query-input":{"@type":"PropertyValueSpecification","valueRequired":true,"valueName":"search_term_string"}}],"inLanguage":"de"},{"@type":"Organization","@id":"https:\/\/www.swissraft.ch\/de\/#organization","name":"Swissraft","url":"https:\/\/www.swissraft.ch\/de\/","logo":{"@type":"ImageObject","inLanguage":"de","@id":"https:\/\/www.swissraft.ch\/de\/#\/schema\/logo\/image\/","url":"https:\/\/www.swissraft.ch\/wp-content\/uploads\/2025\/09\/Capture.jpg","contentUrl":"https:\/\/www.swissraft.ch\/wp-content\/uploads\/2025\/09\/Capture.jpg","width":293,"height":108,"caption":"Swissraft"},"image":{"@id":"https:\/\/www.swissraft.ch\/de\/#\/schema\/logo\/image\/"}}]}},"_links":{"self":[{"href":"https:\/\/www.swissraft.ch\/de\/wp-json\/wp\/v2\/product\/91370","targetHints":{"allow":["GET"]}}],"collection":[{"href":"https:\/\/www.swissraft.ch\/de\/wp-json\/wp\/v2\/product"}],"about":[{"href":"https:\/\/www.swissraft.ch\/de\/wp-json\/wp\/v2\/types\/product"}],"replies":[{"embeddable":true,"href":"https:\/\/www.swissraft.ch\/de\/wp-json\/wp\/v2\/comments?post=91370"}],"version-history":[{"count":92,"href":"https:\/\/www.swissraft.ch\/de\/wp-json\/wp\/v2\/product\/91370\/revisions"}],"predecessor-version":[{"id":132691,"href":"https:\/\/www.swissraft.ch\/de\/wp-json\/wp\/v2\/product\/91370\/revisions\/132691"}],"wp:featuredmedia":[{"embeddable":true,"href":"https:\/\/www.swissraft.ch\/de\/wp-json\/wp\/v2\/media\/89542"}],"wp:attachment":[{"href":"https:\/\/www.swissraft.ch\/de\/wp-json\/wp\/v2\/media?parent=91370"}],"wp:term":[{"taxonomy":"product_cat","embeddable":true,"href":"https:\/\/www.swissraft.ch\/de\/wp-json\/wp\/v2\/product_cat?post=91370"},{"taxonomy":"product_tag","embeddable":true,"href":"https:\/\/www.swissraft.ch\/de\/wp-json\/wp\/v2\/product_tag?post=91370"}],"curies":[{"name":"wp","href":"https:\/\/api.w.org\/{rel}","templated":true}]}}