{"id":91369,"date":"2023-04-02T11:19:27","date_gmt":"2023-04-02T09:19:27","guid":{"rendered":"https:\/\/swissraft.xyanzkdne.eu\/product\/vom-nidlenloch-zum-weissenstein-pass-soleure-chf-149-00\/"},"modified":"2025-12-21T22:18:48","modified_gmt":"2025-12-21T21:18:48","slug":"nidlenloch-weissensteinpass-solothurn","status":"publish","type":"product","link":"https:\/\/www.swissraft.ch\/de\/produkt\/nidlenloch-weissensteinpass-solothurn\/","title":{"rendered":"Das NIDLENLOCH beim WEISSENSTEIN-PASS &#8211; SOLOTHURN &#8211; CHF 149.00"},"content":{"rendered":"\t\t<div data-elementor-type=\"wp-post\" data-elementor-id=\"91369\" class=\"elementor elementor-91369 elementor-32167\">\n\t\t\t\t\t\t\t\t\t<section class=\"elementor-section elementor-top-section elementor-element elementor-element-3303a7e3 elementor-section-boxed elementor-section-height-default elementor-section-height-default\" data-id=\"3303a7e3\" data-element_type=\"section\">\n\t\t\t\t\t\t<div class=\"elementor-container elementor-column-gap-default\">\n\t\t\t\t\t<div class=\"elementor-column elementor-col-100 elementor-top-column elementor-element elementor-element-16d72dbf\" data-id=\"16d72dbf\" data-element_type=\"column\">\n\t\t\t<div class=\"elementor-widget-wrap elementor-element-populated\">\n\t\t\t\t\t\t\t\t<div class=\"elementor-element elementor-element-d743c03 elementor-widget elementor-widget-text-editor\" data-id=\"d743c03\" data-element_type=\"widget\" data-widget_type=\"text-editor.default\">\n\t\t\t\t<div class=\"elementor-widget-container\">\n\t\t\t\t\t\t\t<h2>W\u00c4HLEN SIE UNTEN IHRE AKTIVIT\u00c4T AUS, UM GESCHENKGUTSCHEINE \/ TICKETS ZU VERSCHENKEN ODER ZU BUCHEN.<\/h2><table border=\"0\" width=\"580\" cellspacing=\"10\" cellpadding=\"10\"><tbody><tr><td width=\"50%\"><strong>NIDLENLOCH &#8211; WEISSENSTEINPASS &#8211; 1 Person<\/strong><\/td><td><strong>CHF 149.00 pro Person<span class=\"productPrice\"><br \/><\/span><\/strong><\/td><\/tr><tr><td>Weitere Informationen<\/td><td><p><span class=\"patt\">&#8211; Mindestalter : 10 Jahre<br \/>&#8211; Ab 4 Pers.<\/span><\/p><p><strong>Inklusive<\/strong><br \/>&#8211; Haftpflichtversicherung<br data-start=\"83\" data-end=\"86\" \/>&#8211; Professionelle Ausr\u00fcstung f\u00fcr H\u00f6hlenforscher; Helm mit Beleuchtung<br data-start=\"151\" data-end=\"154\" \/>&#8211; Diplomierte H\u00f6hlenf\u00fchrer SSH<br data-start=\"188\" data-end=\"191\" \/>&#8211; Nutzung des Umkleideraums (Duschen verf\u00fcgbar: Geb\u00fchr CHF 1.-)<br data-start=\"255\" data-end=\"258\" \/>&#8211; Erinnerungsfotos\/-videos zum Herunterladen<br data-start=\"297\" data-end=\"300\" \/>&#8211; Sicherheitszertifizierung ISO-21101 (3.1)<\/p><p><strong>Mitzunehmen (pers\u00f6nliche Ausr\u00fcstung)<br \/><\/strong>&#8211; Gebrauchte Kleidung (Jeans, Pullover oder Mechanikeranzug)<br \/>&#8211; Wander-\/Trekkingschuhe (wasserfeste Gummistiefel sind ideal)<br \/>&#8211; Gartenhandschuhe<br \/>&#8211; Ersatzkleidung (zum Umziehen nach dem Ausflug)<br \/>&#8211; Batterien (AA 1,5 Volt LR6 &#8211; Typ Walkman &#8211; 4 pro Person)<br \/>&#8211; Rucksack (ca. 30 Liter)<br \/>&#8211; Energiereiche Snacks f\u00fcr die Fahrt (1 Liter Getr\u00e4nk und Sandwich oder Energieriegel&#8230;)<\/p><\/td><\/tr><tr><td>Treffpunkt<\/td><td><a href=\"https:\/\/www.google.com\/maps\/place\/47%C2%B015'03.5%22N+7%C2%B029'05.0%22E\/@47.2512057,7.4818243,456m\/data=!3m1!1e3!4m4!3m3!8m2!3d47.2509722!4d7.4847222?entry=ttu\" target=\"_blank\" rel=\"noopener\">Restaurant Hinter Weissenstein<\/a><\/td><\/tr><tr><td>Startzeit<\/td><td>10h00<\/td><\/tr><tr><td>Trekking<\/td><td>ca. 3 Std.<\/td><\/tr><tr><td>Gesamtdauer<\/td><td>ca. 3,5 Std.<\/td><\/tr><tr><td>Schwierigkeit<\/td><td>1 \u00e0 2<\/td><\/tr><tr><td><a href=\"https:\/\/swissraft.outdoorbooking.ch\/fo\/products\/893?base_id=86&amp;category_id=35&amp;order_type=gift_voucher&amp;lang=de\" target=\"_blank\" rel=\"noopener\"><button class=\"elementor-button\" type=\"button\">GUTSCHEIN \/ TICKET KAUFEN<\/button><\/a><\/td><td><table border=\"0\" width=\"580\" cellspacing=\"10\" cellpadding=\"10\"><tbody><tr><td><strong><em>WICHTIG !<\/em><\/strong><br \/><em>Um zu reservieren, rufen Sie die Nummer an, die sich oben links auf dem Gutschein \/ Ticket befindet.<\/em><\/td><\/tr><\/tbody><\/table><\/td><\/tr><\/tbody><\/table>\t\t\t\t\t\t<\/div>\n\t\t\t\t<\/div>\n\t\t\t\t\t<\/div>\n\t\t<\/div>\n\t\t\t\t\t\t\t<\/div>\n\t\t<\/section>\n\t\t\t\t\t\t\t<\/div>\n\t\t","protected":false},"excerpt":{"rendered":"<div align=\"justify\">\n<h2 align=\"justify\">Das leicht zug\u00e4ngliche Nidlenloch erm\u00f6glicht es neugierigen H\u00f6hlenforschern, die unterirdische Welt zu entdecken, die sich ihnen bietet.<\/h2>\n<h3>Das Nidlenloch ist ber\u00fchmt f\u00fcr die Bildung von Konkretionen, Stalagmiten und Stalaktiten, die die Besucher immer wieder in Erstaunen versetzen.<\/h3>\n<\/div>\n<div align=\"justify\">\n<p>Die Nidlenlochh\u00f6hle befindet sich im Kanton Solothurn auf dem Weissensteinpass. Zun\u00e4chst einmal zieht sie begeisterte Entdecker an. Dann offenbart er spektakul\u00e4re Felsformationen und faszinierende Galerien. In der Tat findet jeder Besucher beeindruckende Stalaktiten und Stalagmiten. Au\u00dferdem ist der Zugang zur H\u00f6hle f\u00fcr Liebhaber recht einfach. Enge Passagen erfordern jedoch Vorsicht. Dar\u00fcber hinaus beherbergt die H\u00f6hle eine diskrete, aber interessante Fauna. So wurde er zu einem beliebten Ziel f\u00fcr H\u00f6hlenforscher und neugierige Entdecker. Au\u00dferdem bietet der nahe gelegene Weissensteinpass einen herrlichen Panoramablick nach drau\u00dfen. Schlie\u00dflich bietet das Nidlenloch eine bereichernde und einzigartige Erfahrung f\u00fcr alle Abenteurer.<\/p>\n<h3>Swissraft bietet Ihnen auch die ber\u00fchmte H\u00f6lloch-H\u00f6hle im Kanton Schwyz.<\/h3>\n<p id=\"textarea\" style=\"display: none;\">Au\u00dferdem die Windlochh\u00f6hle im Kanton Glarus f\u00fcr erfahrene H\u00f6hlenforscher, die bereits die Nidlenlochh\u00f6hle im Kanton Solothurn begangen haben.\n<\/p>\n<p><a id=\"seeMore\" onclick=\"toggleSeeMore()\" href=\"javascript:void(0);\">Lesen Sie mehr<\/a><\/p>\n","protected":false},"featured_media":90505,"comment_status":"open","ping_status":"closed","template":"","meta":{"inline_featured_image":false,"_mi_skip_tracking":false},"product_cat":[313,271],"product_tag":[],"class_list":["post-91369","product","type-product","status-publish","has-post-thumbnail","hentry","product_cat-hohlenforschung-in-der-schweiz","product_cat-outdoor"],"yoast_head":"<!-- This site is optimized with the Yoast SEO plugin v23.6 - https:\/\/yoast.com\/wordpress\/plugins\/seo\/ -->\n<title>Der Nidlenlochpass Weissenstein mit Stalaktiten und Stalagmiten<\/title>\n<meta name=\"description\" content=\"Nidlenloch Weissensteinpass im Kanton Solothurn ist eine H\u00f6hle, die f\u00fcr ihre Stalaktiten und Stalagmiten ber\u00fchmt ist.\" \/>\n<meta name=\"robots\" content=\"index, follow, max-snippet:-1, max-image-preview:large, max-video-preview:-1\" \/>\n<link rel=\"canonical\" href=\"https:\/\/www.swissraft.ch\/de\/produkt\/nidlenloch-weissensteinpass-solothurn\/\" \/>\n<meta property=\"og:locale\" content=\"de_DE\" \/>\n<meta property=\"og:type\" content=\"article\" \/>\n<meta property=\"og:title\" content=\"Der Nidlenlochpass Weissenstein mit Stalaktiten und Stalagmiten\" \/>\n<meta property=\"og:description\" content=\"Nidlenloch Weissensteinpass im Kanton Solothurn ist eine H\u00f6hle, die f\u00fcr ihre Stalaktiten und Stalagmiten ber\u00fchmt ist.\" \/>\n<meta property=\"og:url\" content=\"https:\/\/www.swissraft.ch\/de\/produkt\/nidlenloch-weissensteinpass-solothurn\/\" \/>\n<meta property=\"og:site_name\" content=\"Swissraft\" \/>\n<meta property=\"article:modified_time\" content=\"2025-12-21T21:18:48+00:00\" \/>\n<meta property=\"og:image\" content=\"https:\/\/www.swissraft.ch\/wp-content\/uploads\/2023\/04\/1-1-Nidlenloch_776x776.jpg\" \/>\n\t<meta property=\"og:image:width\" content=\"776\" \/>\n\t<meta property=\"og:image:height\" content=\"776\" \/>\n\t<meta property=\"og:image:type\" content=\"image\/jpeg\" \/>\n<meta name=\"twitter:card\" content=\"summary_large_image\" \/>\n<meta name=\"twitter:label1\" content=\"Gesch\u00e4tzte Lesezeit\" \/>\n\t<meta name=\"twitter:data1\" content=\"1\u00a0Minute\" \/>\n<script type=\"application\/ld+json\" class=\"yoast-schema-graph\">{\"@context\":\"https:\/\/schema.org\",\"@graph\":[{\"@type\":\"WebPage\",\"@id\":\"https:\/\/www.swissraft.ch\/de\/produkt\/nidlenloch-weissensteinpass-solothurn\/\",\"url\":\"https:\/\/www.swissraft.ch\/de\/produkt\/nidlenloch-weissensteinpass-solothurn\/\",\"name\":\"Der Nidlenlochpass Weissenstein mit Stalaktiten und Stalagmiten\",\"isPartOf\":{\"@id\":\"https:\/\/www.swissraft.ch\/de\/#website\"},\"primaryImageOfPage\":{\"@id\":\"https:\/\/www.swissraft.ch\/de\/produkt\/nidlenloch-weissensteinpass-solothurn\/#primaryimage\"},\"image\":{\"@id\":\"https:\/\/www.swissraft.ch\/de\/produkt\/nidlenloch-weissensteinpass-solothurn\/#primaryimage\"},\"thumbnailUrl\":\"https:\/\/www.swissraft.ch\/wp-content\/uploads\/2023\/04\/1-1-Nidlenloch_776x776.jpg\",\"datePublished\":\"2023-04-02T09:19:27+00:00\",\"dateModified\":\"2025-12-21T21:18:48+00:00\",\"description\":\"Nidlenloch Weissensteinpass im Kanton Solothurn ist eine H\u00f6hle, die f\u00fcr ihre Stalaktiten und Stalagmiten ber\u00fchmt ist.\",\"breadcrumb\":{\"@id\":\"https:\/\/www.swissraft.ch\/de\/produkt\/nidlenloch-weissensteinpass-solothurn\/#breadcrumb\"},\"inLanguage\":\"de\",\"potentialAction\":[{\"@type\":\"ReadAction\",\"target\":[\"https:\/\/www.swissraft.ch\/de\/produkt\/nidlenloch-weissensteinpass-solothurn\/\"]}]},{\"@type\":\"ImageObject\",\"inLanguage\":\"de\",\"@id\":\"https:\/\/www.swissraft.ch\/de\/produkt\/nidlenloch-weissensteinpass-solothurn\/#primaryimage\",\"url\":\"https:\/\/www.swissraft.ch\/wp-content\/uploads\/2023\/04\/1-1-Nidlenloch_776x776.jpg\",\"contentUrl\":\"https:\/\/www.swissraft.ch\/wp-content\/uploads\/2023\/04\/1-1-Nidlenloch_776x776.jpg\",\"width\":776,\"height\":776,\"caption\":\"Nidlenloch col Weissentein in der Schweiz im Kanton Solothurn\"},{\"@type\":\"BreadcrumbList\",\"@id\":\"https:\/\/www.swissraft.ch\/de\/produkt\/nidlenloch-weissensteinpass-solothurn\/#breadcrumb\",\"itemListElement\":[{\"@type\":\"ListItem\",\"position\":1,\"name\":\"Accueil\",\"item\":\"https:\/\/www.swissraft.ch\/de\/\"},{\"@type\":\"ListItem\",\"position\":2,\"name\":\"Shop\",\"item\":\"https:\/\/www.swissraft.ch\/de\/shop\/\"},{\"@type\":\"ListItem\",\"position\":3,\"name\":\"Das NIDLENLOCH beim WEISSENSTEIN-PASS &#8211; SOLOTHURN &#8211; CHF 149.00\"}]},{\"@type\":\"WebSite\",\"@id\":\"https:\/\/www.swissraft.ch\/de\/#website\",\"url\":\"https:\/\/www.swissraft.ch\/de\/\",\"name\":\"Swissraft\",\"description\":\"To enjoy nature as it is\",\"publisher\":{\"@id\":\"https:\/\/www.swissraft.ch\/de\/#organization\"},\"potentialAction\":[{\"@type\":\"SearchAction\",\"target\":{\"@type\":\"EntryPoint\",\"urlTemplate\":\"https:\/\/www.swissraft.ch\/de\/?s={search_term_string}\"},\"query-input\":{\"@type\":\"PropertyValueSpecification\",\"valueRequired\":true,\"valueName\":\"search_term_string\"}}],\"inLanguage\":\"de\"},{\"@type\":\"Organization\",\"@id\":\"https:\/\/www.swissraft.ch\/de\/#organization\",\"name\":\"Swissraft\",\"url\":\"https:\/\/www.swissraft.ch\/de\/\",\"logo\":{\"@type\":\"ImageObject\",\"inLanguage\":\"de\",\"@id\":\"https:\/\/www.swissraft.ch\/de\/#\/schema\/logo\/image\/\",\"url\":\"https:\/\/www.swissraft.ch\/wp-content\/uploads\/2025\/09\/Capture.jpg\",\"contentUrl\":\"https:\/\/www.swissraft.ch\/wp-content\/uploads\/2025\/09\/Capture.jpg\",\"width\":293,\"height\":108,\"caption\":\"Swissraft\"},\"image\":{\"@id\":\"https:\/\/www.swissraft.ch\/de\/#\/schema\/logo\/image\/\"}}]}<\/script>\n<!-- \/ Yoast SEO plugin. -->","yoast_head_json":{"title":"Der Nidlenlochpass Weissenstein mit Stalaktiten und Stalagmiten","description":"Nidlenloch Weissensteinpass im Kanton Solothurn ist eine H\u00f6hle, die f\u00fcr ihre Stalaktiten und Stalagmiten ber\u00fchmt ist.","robots":{"index":"index","follow":"follow","max-snippet":"max-snippet:-1","max-image-preview":"max-image-preview:large","max-video-preview":"max-video-preview:-1"},"canonical":"https:\/\/www.swissraft.ch\/de\/produkt\/nidlenloch-weissensteinpass-solothurn\/","og_locale":"de_DE","og_type":"article","og_title":"Der Nidlenlochpass Weissenstein mit Stalaktiten und Stalagmiten","og_description":"Nidlenloch Weissensteinpass im Kanton Solothurn ist eine H\u00f6hle, die f\u00fcr ihre Stalaktiten und Stalagmiten ber\u00fchmt ist.","og_url":"https:\/\/www.swissraft.ch\/de\/produkt\/nidlenloch-weissensteinpass-solothurn\/","og_site_name":"Swissraft","article_modified_time":"2025-12-21T21:18:48+00:00","og_image":[{"width":776,"height":776,"url":"https:\/\/www.swissraft.ch\/wp-content\/uploads\/2023\/04\/1-1-Nidlenloch_776x776.jpg","type":"image\/jpeg"}],"twitter_card":"summary_large_image","twitter_misc":{"Gesch\u00e4tzte Lesezeit":"1\u00a0Minute"},"schema":{"@context":"https:\/\/schema.org","@graph":[{"@type":"WebPage","@id":"https:\/\/www.swissraft.ch\/de\/produkt\/nidlenloch-weissensteinpass-solothurn\/","url":"https:\/\/www.swissraft.ch\/de\/produkt\/nidlenloch-weissensteinpass-solothurn\/","name":"Der Nidlenlochpass Weissenstein mit Stalaktiten und Stalagmiten","isPartOf":{"@id":"https:\/\/www.swissraft.ch\/de\/#website"},"primaryImageOfPage":{"@id":"https:\/\/www.swissraft.ch\/de\/produkt\/nidlenloch-weissensteinpass-solothurn\/#primaryimage"},"image":{"@id":"https:\/\/www.swissraft.ch\/de\/produkt\/nidlenloch-weissensteinpass-solothurn\/#primaryimage"},"thumbnailUrl":"https:\/\/www.swissraft.ch\/wp-content\/uploads\/2023\/04\/1-1-Nidlenloch_776x776.jpg","datePublished":"2023-04-02T09:19:27+00:00","dateModified":"2025-12-21T21:18:48+00:00","description":"Nidlenloch Weissensteinpass im Kanton Solothurn ist eine H\u00f6hle, die f\u00fcr ihre Stalaktiten und Stalagmiten ber\u00fchmt ist.","breadcrumb":{"@id":"https:\/\/www.swissraft.ch\/de\/produkt\/nidlenloch-weissensteinpass-solothurn\/#breadcrumb"},"inLanguage":"de","potentialAction":[{"@type":"ReadAction","target":["https:\/\/www.swissraft.ch\/de\/produkt\/nidlenloch-weissensteinpass-solothurn\/"]}]},{"@type":"ImageObject","inLanguage":"de","@id":"https:\/\/www.swissraft.ch\/de\/produkt\/nidlenloch-weissensteinpass-solothurn\/#primaryimage","url":"https:\/\/www.swissraft.ch\/wp-content\/uploads\/2023\/04\/1-1-Nidlenloch_776x776.jpg","contentUrl":"https:\/\/www.swissraft.ch\/wp-content\/uploads\/2023\/04\/1-1-Nidlenloch_776x776.jpg","width":776,"height":776,"caption":"Nidlenloch col Weissentein in der Schweiz im Kanton Solothurn"},{"@type":"BreadcrumbList","@id":"https:\/\/www.swissraft.ch\/de\/produkt\/nidlenloch-weissensteinpass-solothurn\/#breadcrumb","itemListElement":[{"@type":"ListItem","position":1,"name":"Accueil","item":"https:\/\/www.swissraft.ch\/de\/"},{"@type":"ListItem","position":2,"name":"Shop","item":"https:\/\/www.swissraft.ch\/de\/shop\/"},{"@type":"ListItem","position":3,"name":"Das NIDLENLOCH beim WEISSENSTEIN-PASS &#8211; SOLOTHURN &#8211; CHF 149.00"}]},{"@type":"WebSite","@id":"https:\/\/www.swissraft.ch\/de\/#website","url":"https:\/\/www.swissraft.ch\/de\/","name":"Swissraft","description":"To enjoy nature as it is","publisher":{"@id":"https:\/\/www.swissraft.ch\/de\/#organization"},"potentialAction":[{"@type":"SearchAction","target":{"@type":"EntryPoint","urlTemplate":"https:\/\/www.swissraft.ch\/de\/?s={search_term_string}"},"query-input":{"@type":"PropertyValueSpecification","valueRequired":true,"valueName":"search_term_string"}}],"inLanguage":"de"},{"@type":"Organization","@id":"https:\/\/www.swissraft.ch\/de\/#organization","name":"Swissraft","url":"https:\/\/www.swissraft.ch\/de\/","logo":{"@type":"ImageObject","inLanguage":"de","@id":"https:\/\/www.swissraft.ch\/de\/#\/schema\/logo\/image\/","url":"https:\/\/www.swissraft.ch\/wp-content\/uploads\/2025\/09\/Capture.jpg","contentUrl":"https:\/\/www.swissraft.ch\/wp-content\/uploads\/2025\/09\/Capture.jpg","width":293,"height":108,"caption":"Swissraft"},"image":{"@id":"https:\/\/www.swissraft.ch\/de\/#\/schema\/logo\/image\/"}}]}},"_links":{"self":[{"href":"https:\/\/www.swissraft.ch\/de\/wp-json\/wp\/v2\/product\/91369","targetHints":{"allow":["GET"]}}],"collection":[{"href":"https:\/\/www.swissraft.ch\/de\/wp-json\/wp\/v2\/product"}],"about":[{"href":"https:\/\/www.swissraft.ch\/de\/wp-json\/wp\/v2\/types\/product"}],"replies":[{"embeddable":true,"href":"https:\/\/www.swissraft.ch\/de\/wp-json\/wp\/v2\/comments?post=91369"}],"version-history":[{"count":18,"href":"https:\/\/www.swissraft.ch\/de\/wp-json\/wp\/v2\/product\/91369\/revisions"}],"predecessor-version":[{"id":124887,"href":"https:\/\/www.swissraft.ch\/de\/wp-json\/wp\/v2\/product\/91369\/revisions\/124887"}],"wp:featuredmedia":[{"embeddable":true,"href":"https:\/\/www.swissraft.ch\/de\/wp-json\/wp\/v2\/media\/90505"}],"wp:attachment":[{"href":"https:\/\/www.swissraft.ch\/de\/wp-json\/wp\/v2\/media?parent=91369"}],"wp:term":[{"taxonomy":"product_cat","embeddable":true,"href":"https:\/\/www.swissraft.ch\/de\/wp-json\/wp\/v2\/product_cat?post=91369"},{"taxonomy":"product_tag","embeddable":true,"href":"https:\/\/www.swissraft.ch\/de\/wp-json\/wp\/v2\/product_tag?post=91369"}],"curies":[{"name":"wp","href":"https:\/\/api.w.org\/{rel}","templated":true}]}}