{"id":91365,"date":"2023-04-02T11:14:32","date_gmt":"2023-04-02T09:14:32","guid":{"rendered":"https:\/\/swissraft.xyanzkdne.eu\/product\/pendler-swing-in-valais-von-einer-bruecke-90m-chf-150-00\/"},"modified":"2024-12-25T23:08:22","modified_gmt":"2024-12-25T22:08:22","slug":"swing-in-valais-von-einer-bruecke-90m-chf-150-00","status":"publish","type":"product","link":"https:\/\/www.swissraft.ch\/de\/produkt\/swing-in-valais-von-einer-bruecke-90m-chf-150-00\/","title":{"rendered":"Pendelsprung &#8211; Swing im WALLIS von einer Br\u00fccke &#8211; 90m &#8211; CHF 150.00"},"content":{"rendered":"\t\t<div data-elementor-type=\"wp-post\" data-elementor-id=\"91365\" class=\"elementor elementor-91365 elementor-32162\">\n\t\t\t\t\t\t\t\t\t<section class=\"elementor-section elementor-top-section elementor-element elementor-element-3303a7e3 elementor-section-boxed elementor-section-height-default elementor-section-height-default\" data-id=\"3303a7e3\" data-element_type=\"section\">\n\t\t\t\t\t\t<div class=\"elementor-container elementor-column-gap-default\">\n\t\t\t\t\t<div class=\"elementor-column elementor-col-100 elementor-top-column elementor-element elementor-element-16d72dbf\" data-id=\"16d72dbf\" data-element_type=\"column\">\n\t\t\t<div class=\"elementor-widget-wrap elementor-element-populated\">\n\t\t\t\t\t\t\t\t<div class=\"elementor-element elementor-element-d743c03 elementor-widget elementor-widget-text-editor\" data-id=\"d743c03\" data-element_type=\"widget\" data-widget_type=\"text-editor.default\">\n\t\t\t\t<div class=\"elementor-widget-container\">\n\t\t\t\t\t\t\t<h2>W\u00c4HLEN SIE UNTEN IHRE AKTIVIT\u00c4T AUS, UM GESCHENKGUTSCHEINE \/ TICKETS ZU VERSCHENKEN ODER ZU BUCHEN.<\/h2><table border=\"0\" width=\"580\" cellspacing=\"10\" cellpadding=\"10\"><tbody><tr><td width=\"50%\"><strong>SWING IN CH\u00c2TELARD &#8211; PENDELSPRUNG 90m<\/strong><\/td><td><strong>CHF 150.00 pro Person<span class=\"productPrice\"><br \/><\/span><\/strong><\/td><\/tr><tr><td>Weitere Informationen<\/td><td><span class=\"patt\">&#8211; Ab 6 Personen<br \/>&#8211; Minderj\u00e4hrige ben\u00f6tigen die schriftliche Zustimmung der Eltern<br \/>&#8211; Ab 65 Jahren \u00e4rztliches Attest erforderlich<\/span><\/td><\/tr><tr><td>Treffpunkt<\/td><td><a href=\"https:\/\/www.google.com\/maps\/place\/46%C2%B004'01.2%22N+6%C2%B057'58.4%22E\/@46.06719,6.9617564,783m\/data=!3m1!1e3!4m4!3m3!8m2!3d46.067!4d6.9662222?entry=ttu\" target=\"_blank\" rel=\"noopener\">Troulero-Br\u00fccke in Ch\u00e2telard<\/a><\/td><\/tr><tr><td>Gesamtdauer<\/td><td>ca. 1 Std.<\/td><\/tr><tr><td><a href=\"https:\/\/swissraft.outdoorbooking.ch\/fo\/products\/2067?base_id=203&amp;category_id=15&amp;order_type=gift_voucher&amp;lang=de\" target=\"_blank\" rel=\"noopener\"><button class=\"elementor-button\" type=\"button\">GUTSCHEIN KAUFEN<\/button><\/a><\/td><td>Um zu buchen : <a href=\"https:\/\/www.swissraft.ch\/de\/kontakt\/\">Kontaktieren Sie uns<\/a><\/td><\/tr><\/tbody><\/table>\t\t\t\t\t\t<\/div>\n\t\t\t\t<\/div>\n\t\t\t\t\t<\/div>\n\t\t<\/div>\n\t\t\t\t\t\t\t<\/div>\n\t\t<\/section>\n\t\t\t\t\t\t\t<\/div>\n\t\t","protected":false},"excerpt":{"rendered":"<div align=\"justify\">\n<h2 align=\"justify\">Der Pendelsprung von der Ch\u00e2telard-Br\u00fccke ist ein Erlebnis.<\/h2>\n<h3>Im Trient-Tal k\u00f6nnen Sie sich in ein Abenteuer st\u00fcrzen, indem Sie diese Aktivit\u00e4t, die auch Swing genannt wird, aus\u00fcben.<\/h3>\n<\/div>\n<div align=\"justify\">\n<p>Die Br\u00fccke von Ch\u00e2telard h\u00e4ngt \u00fcber dem Abgrund und bietet eine sch\u00f6ne Aussicht. Ein Ausbilder stattet Sie mit einem Klettergurt und einem Helm aus und gibt Ihnen die letzten Anweisungen. In einem Augenblick st\u00fcrzen Sie sich in die Tiefe, w\u00e4hrend Sie ein Adrenalinschub durchstr\u00f6mt. Der Wind br\u00fcllt in Ihren Ohren. Pl\u00f6tzlich strafft sich das Seil und Sie sp\u00fcren eine rasante Beschleunigung, die Sie in eine riesige Schaukel wirft. Euphorie erfasst Sie, w\u00e4hrend Sie in den Himmel schwingen. Langsam beruhigt sich die Bewegung und l\u00e4sst Sie in der Stille h\u00e4ngen. Applaus und Jubelrufe ert\u00f6nen, als Sie wieder festen Boden unter den F\u00fc\u00dfen haben. Der Pendelsprung von der Troulero-Finhaut-Br\u00fccke in Ch\u00e2telard ist ein aufregendes Erlebnis, das sich f\u00fcr immer in Ihr Ged\u00e4chtnis einpr\u00e4gen wird.<\/p>\n<h3>Swissraft bietet mehrere Standorte, an denen Sie diese Disziplin aus\u00fcben k\u00f6nnen: den Pendelsprung oder Swing.<\/h3>\n<p id=\"textarea\" style=\"display: none;\">\nIm Pays d&#8217;Enhaut in Richtung Col des Mosses von einer Plattform in den Gorges du Pissot, aber auch im Berner Oberland in Grindelwald. F\u00fcr den Bungee, von dem der Pendelsprung abgeleitet ist, schlagen wir Ihnen den ber\u00fchmtesten Ort Europas vor: den Contra-Staudamm im Verzascatal im Tessin. Der ber\u00fchmte 007 Goldeneye, ein Sprung aus 220 m H\u00f6he. Aber auch im Berner Oberland machen wir Bungee-Jumping von der Seilbahnkabine des Stockhorns in Erlenbach. Dank unserer mobilen Infrastruktur k\u00f6nnen wir Bungee-Spr\u00fcnge in ganz Europa durchf\u00fchren.\n<\/p>\n<p><a id=\"seeMore\" onclick=\"toggleSeeMore()\" href=\"javascript:void(0);\">Lesen Sie mehr<\/a><\/p>\n","protected":false},"featured_media":90049,"comment_status":"open","ping_status":"closed","template":"","meta":{"inline_featured_image":false,"_mi_skip_tracking":false},"product_cat":[271,312],"product_tag":[],"class_list":["post-91365","product","type-product","status-publish","has-post-thumbnail","hentry","product_cat-outdoor","product_cat-pendelsprung-swing"],"yoast_head":"<!-- This site is optimized with the Yoast SEO plugin v23.6 - https:\/\/yoast.com\/wordpress\/plugins\/seo\/ -->\n<title>Swing in Ch\u00e2telard von der Troulero-Finhaut-Br\u00fccke aus<\/title>\n<meta name=\"description\" content=\"Swing in Ch\u00e2telard von der Br\u00fccke von Troulero-Finhaut im Wallis im Trient-Tal. Diese Disziplin, die auch Swing genannt wird, wird Sie begeistern\" \/>\n<meta name=\"robots\" content=\"index, follow, max-snippet:-1, max-image-preview:large, max-video-preview:-1\" \/>\n<link rel=\"canonical\" href=\"https:\/\/www.swissraft.ch\/de\/produkt\/swing-in-valais-von-einer-bruecke-90m-chf-150-00\/\" \/>\n<meta property=\"og:locale\" content=\"de_DE\" \/>\n<meta property=\"og:type\" content=\"article\" \/>\n<meta property=\"og:title\" content=\"Swing in Ch\u00e2telard von der Troulero-Finhaut-Br\u00fccke aus\" \/>\n<meta property=\"og:description\" content=\"Swing in Ch\u00e2telard von der Br\u00fccke von Troulero-Finhaut im Wallis im Trient-Tal. Diese Disziplin, die auch Swing genannt wird, wird Sie begeistern\" \/>\n<meta property=\"og:url\" content=\"https:\/\/www.swissraft.ch\/de\/produkt\/swing-in-valais-von-einer-bruecke-90m-chf-150-00\/\" \/>\n<meta property=\"og:site_name\" content=\"Swissraft\" \/>\n<meta property=\"article:modified_time\" content=\"2024-12-25T22:08:22+00:00\" \/>\n<meta property=\"og:image\" content=\"https:\/\/www.swissraft.ch\/wp-content\/uploads\/2023\/04\/pendule-pont-chatelard-776x776-1.jpg\" \/>\n\t<meta property=\"og:image:width\" content=\"776\" \/>\n\t<meta property=\"og:image:height\" content=\"776\" \/>\n\t<meta property=\"og:image:type\" content=\"image\/jpeg\" \/>\n<meta name=\"twitter:card\" content=\"summary_large_image\" \/>\n<meta name=\"twitter:label1\" content=\"Gesch\u00e4tzte Lesezeit\" \/>\n\t<meta name=\"twitter:data1\" content=\"1\u00a0Minute\" \/>\n<script type=\"application\/ld+json\" class=\"yoast-schema-graph\">{\"@context\":\"https:\/\/schema.org\",\"@graph\":[{\"@type\":\"WebPage\",\"@id\":\"https:\/\/www.swissraft.ch\/de\/produkt\/swing-in-valais-von-einer-bruecke-90m-chf-150-00\/\",\"url\":\"https:\/\/www.swissraft.ch\/de\/produkt\/swing-in-valais-von-einer-bruecke-90m-chf-150-00\/\",\"name\":\"Swing in Ch\u00e2telard von der Troulero-Finhaut-Br\u00fccke aus\",\"isPartOf\":{\"@id\":\"https:\/\/www.swissraft.ch\/de\/#website\"},\"primaryImageOfPage\":{\"@id\":\"https:\/\/www.swissraft.ch\/de\/produkt\/swing-in-valais-von-einer-bruecke-90m-chf-150-00\/#primaryimage\"},\"image\":{\"@id\":\"https:\/\/www.swissraft.ch\/de\/produkt\/swing-in-valais-von-einer-bruecke-90m-chf-150-00\/#primaryimage\"},\"thumbnailUrl\":\"https:\/\/www.swissraft.ch\/wp-content\/uploads\/2023\/04\/pendule-pont-chatelard-776x776-1.jpg\",\"datePublished\":\"2023-04-02T09:14:32+00:00\",\"dateModified\":\"2024-12-25T22:08:22+00:00\",\"description\":\"Swing in Ch\u00e2telard von der Br\u00fccke von Troulero-Finhaut im Wallis im Trient-Tal. Diese Disziplin, die auch Swing genannt wird, wird Sie begeistern\",\"breadcrumb\":{\"@id\":\"https:\/\/www.swissraft.ch\/de\/produkt\/swing-in-valais-von-einer-bruecke-90m-chf-150-00\/#breadcrumb\"},\"inLanguage\":\"de\",\"potentialAction\":[{\"@type\":\"ReadAction\",\"target\":[\"https:\/\/www.swissraft.ch\/de\/produkt\/swing-in-valais-von-einer-bruecke-90m-chf-150-00\/\"]}]},{\"@type\":\"ImageObject\",\"inLanguage\":\"de\",\"@id\":\"https:\/\/www.swissraft.ch\/de\/produkt\/swing-in-valais-von-einer-bruecke-90m-chf-150-00\/#primaryimage\",\"url\":\"https:\/\/www.swissraft.ch\/wp-content\/uploads\/2023\/04\/pendule-pont-chatelard-776x776-1.jpg\",\"contentUrl\":\"https:\/\/www.swissraft.ch\/wp-content\/uploads\/2023\/04\/pendule-pont-chatelard-776x776-1.jpg\",\"width\":776,\"height\":776,\"caption\":\"Pendelsprung von einer Br\u00fccke in Ch\u00e2telard\"},{\"@type\":\"BreadcrumbList\",\"@id\":\"https:\/\/www.swissraft.ch\/de\/produkt\/swing-in-valais-von-einer-bruecke-90m-chf-150-00\/#breadcrumb\",\"itemListElement\":[{\"@type\":\"ListItem\",\"position\":1,\"name\":\"Accueil\",\"item\":\"https:\/\/www.swissraft.ch\/de\/\"},{\"@type\":\"ListItem\",\"position\":2,\"name\":\"Shop\",\"item\":\"https:\/\/www.swissraft.ch\/de\/shop\/\"},{\"@type\":\"ListItem\",\"position\":3,\"name\":\"Pendelsprung &#8211; Swing im WALLIS von einer Br\u00fccke &#8211; 90m &#8211; CHF 150.00\"}]},{\"@type\":\"WebSite\",\"@id\":\"https:\/\/www.swissraft.ch\/de\/#website\",\"url\":\"https:\/\/www.swissraft.ch\/de\/\",\"name\":\"Swissraft\",\"description\":\"To enjoy nature as it is\",\"publisher\":{\"@id\":\"https:\/\/www.swissraft.ch\/de\/#organization\"},\"potentialAction\":[{\"@type\":\"SearchAction\",\"target\":{\"@type\":\"EntryPoint\",\"urlTemplate\":\"https:\/\/www.swissraft.ch\/de\/?s={search_term_string}\"},\"query-input\":{\"@type\":\"PropertyValueSpecification\",\"valueRequired\":true,\"valueName\":\"search_term_string\"}}],\"inLanguage\":\"de\"},{\"@type\":\"Organization\",\"@id\":\"https:\/\/www.swissraft.ch\/de\/#organization\",\"name\":\"Swissraft\",\"url\":\"https:\/\/www.swissraft.ch\/de\/\",\"logo\":{\"@type\":\"ImageObject\",\"inLanguage\":\"de\",\"@id\":\"https:\/\/www.swissraft.ch\/de\/#\/schema\/logo\/image\/\",\"url\":\"https:\/\/www.swissraft.ch\/wp-content\/uploads\/2025\/09\/Capture.jpg\",\"contentUrl\":\"https:\/\/www.swissraft.ch\/wp-content\/uploads\/2025\/09\/Capture.jpg\",\"width\":293,\"height\":108,\"caption\":\"Swissraft\"},\"image\":{\"@id\":\"https:\/\/www.swissraft.ch\/de\/#\/schema\/logo\/image\/\"}}]}<\/script>\n<!-- \/ Yoast SEO plugin. -->","yoast_head_json":{"title":"Swing in Ch\u00e2telard von der Troulero-Finhaut-Br\u00fccke aus","description":"Swing in Ch\u00e2telard von der Br\u00fccke von Troulero-Finhaut im Wallis im Trient-Tal. Diese Disziplin, die auch Swing genannt wird, wird Sie begeistern","robots":{"index":"index","follow":"follow","max-snippet":"max-snippet:-1","max-image-preview":"max-image-preview:large","max-video-preview":"max-video-preview:-1"},"canonical":"https:\/\/www.swissraft.ch\/de\/produkt\/swing-in-valais-von-einer-bruecke-90m-chf-150-00\/","og_locale":"de_DE","og_type":"article","og_title":"Swing in Ch\u00e2telard von der Troulero-Finhaut-Br\u00fccke aus","og_description":"Swing in Ch\u00e2telard von der Br\u00fccke von Troulero-Finhaut im Wallis im Trient-Tal. Diese Disziplin, die auch Swing genannt wird, wird Sie begeistern","og_url":"https:\/\/www.swissraft.ch\/de\/produkt\/swing-in-valais-von-einer-bruecke-90m-chf-150-00\/","og_site_name":"Swissraft","article_modified_time":"2024-12-25T22:08:22+00:00","og_image":[{"width":776,"height":776,"url":"https:\/\/www.swissraft.ch\/wp-content\/uploads\/2023\/04\/pendule-pont-chatelard-776x776-1.jpg","type":"image\/jpeg"}],"twitter_card":"summary_large_image","twitter_misc":{"Gesch\u00e4tzte Lesezeit":"1\u00a0Minute"},"schema":{"@context":"https:\/\/schema.org","@graph":[{"@type":"WebPage","@id":"https:\/\/www.swissraft.ch\/de\/produkt\/swing-in-valais-von-einer-bruecke-90m-chf-150-00\/","url":"https:\/\/www.swissraft.ch\/de\/produkt\/swing-in-valais-von-einer-bruecke-90m-chf-150-00\/","name":"Swing in Ch\u00e2telard von der Troulero-Finhaut-Br\u00fccke aus","isPartOf":{"@id":"https:\/\/www.swissraft.ch\/de\/#website"},"primaryImageOfPage":{"@id":"https:\/\/www.swissraft.ch\/de\/produkt\/swing-in-valais-von-einer-bruecke-90m-chf-150-00\/#primaryimage"},"image":{"@id":"https:\/\/www.swissraft.ch\/de\/produkt\/swing-in-valais-von-einer-bruecke-90m-chf-150-00\/#primaryimage"},"thumbnailUrl":"https:\/\/www.swissraft.ch\/wp-content\/uploads\/2023\/04\/pendule-pont-chatelard-776x776-1.jpg","datePublished":"2023-04-02T09:14:32+00:00","dateModified":"2024-12-25T22:08:22+00:00","description":"Swing in Ch\u00e2telard von der Br\u00fccke von Troulero-Finhaut im Wallis im Trient-Tal. Diese Disziplin, die auch Swing genannt wird, wird Sie begeistern","breadcrumb":{"@id":"https:\/\/www.swissraft.ch\/de\/produkt\/swing-in-valais-von-einer-bruecke-90m-chf-150-00\/#breadcrumb"},"inLanguage":"de","potentialAction":[{"@type":"ReadAction","target":["https:\/\/www.swissraft.ch\/de\/produkt\/swing-in-valais-von-einer-bruecke-90m-chf-150-00\/"]}]},{"@type":"ImageObject","inLanguage":"de","@id":"https:\/\/www.swissraft.ch\/de\/produkt\/swing-in-valais-von-einer-bruecke-90m-chf-150-00\/#primaryimage","url":"https:\/\/www.swissraft.ch\/wp-content\/uploads\/2023\/04\/pendule-pont-chatelard-776x776-1.jpg","contentUrl":"https:\/\/www.swissraft.ch\/wp-content\/uploads\/2023\/04\/pendule-pont-chatelard-776x776-1.jpg","width":776,"height":776,"caption":"Pendelsprung von einer Br\u00fccke in Ch\u00e2telard"},{"@type":"BreadcrumbList","@id":"https:\/\/www.swissraft.ch\/de\/produkt\/swing-in-valais-von-einer-bruecke-90m-chf-150-00\/#breadcrumb","itemListElement":[{"@type":"ListItem","position":1,"name":"Accueil","item":"https:\/\/www.swissraft.ch\/de\/"},{"@type":"ListItem","position":2,"name":"Shop","item":"https:\/\/www.swissraft.ch\/de\/shop\/"},{"@type":"ListItem","position":3,"name":"Pendelsprung &#8211; Swing im WALLIS von einer Br\u00fccke &#8211; 90m &#8211; CHF 150.00"}]},{"@type":"WebSite","@id":"https:\/\/www.swissraft.ch\/de\/#website","url":"https:\/\/www.swissraft.ch\/de\/","name":"Swissraft","description":"To enjoy nature as it is","publisher":{"@id":"https:\/\/www.swissraft.ch\/de\/#organization"},"potentialAction":[{"@type":"SearchAction","target":{"@type":"EntryPoint","urlTemplate":"https:\/\/www.swissraft.ch\/de\/?s={search_term_string}"},"query-input":{"@type":"PropertyValueSpecification","valueRequired":true,"valueName":"search_term_string"}}],"inLanguage":"de"},{"@type":"Organization","@id":"https:\/\/www.swissraft.ch\/de\/#organization","name":"Swissraft","url":"https:\/\/www.swissraft.ch\/de\/","logo":{"@type":"ImageObject","inLanguage":"de","@id":"https:\/\/www.swissraft.ch\/de\/#\/schema\/logo\/image\/","url":"https:\/\/www.swissraft.ch\/wp-content\/uploads\/2025\/09\/Capture.jpg","contentUrl":"https:\/\/www.swissraft.ch\/wp-content\/uploads\/2025\/09\/Capture.jpg","width":293,"height":108,"caption":"Swissraft"},"image":{"@id":"https:\/\/www.swissraft.ch\/de\/#\/schema\/logo\/image\/"}}]}},"_links":{"self":[{"href":"https:\/\/www.swissraft.ch\/de\/wp-json\/wp\/v2\/product\/91365","targetHints":{"allow":["GET"]}}],"collection":[{"href":"https:\/\/www.swissraft.ch\/de\/wp-json\/wp\/v2\/product"}],"about":[{"href":"https:\/\/www.swissraft.ch\/de\/wp-json\/wp\/v2\/types\/product"}],"replies":[{"embeddable":true,"href":"https:\/\/www.swissraft.ch\/de\/wp-json\/wp\/v2\/comments?post=91365"}],"version-history":[{"count":0,"href":"https:\/\/www.swissraft.ch\/de\/wp-json\/wp\/v2\/product\/91365\/revisions"}],"wp:featuredmedia":[{"embeddable":true,"href":"https:\/\/www.swissraft.ch\/de\/wp-json\/wp\/v2\/media\/90049"}],"wp:attachment":[{"href":"https:\/\/www.swissraft.ch\/de\/wp-json\/wp\/v2\/media?parent=91365"}],"wp:term":[{"taxonomy":"product_cat","embeddable":true,"href":"https:\/\/www.swissraft.ch\/de\/wp-json\/wp\/v2\/product_cat?post=91365"},{"taxonomy":"product_tag","embeddable":true,"href":"https:\/\/www.swissraft.ch\/de\/wp-json\/wp\/v2\/product_tag?post=91365"}],"curies":[{"name":"wp","href":"https:\/\/api.w.org\/{rel}","templated":true}]}}