{"id":91362,"date":"2023-04-02T00:54:12","date_gmt":"2023-04-01T22:54:12","guid":{"rendered":"https:\/\/swissraft.xyanzkdne.eu\/product\/pendelsprung-swing-in-letivaz-dans-les-gorges-du-pissot-von-einer-plattform-chf-105-00\/"},"modified":"2024-12-25T22:48:26","modified_gmt":"2024-12-25T21:48:26","slug":"swing-in-l-etivaz-pissot-schlucht","status":"publish","type":"product","link":"https:\/\/www.swissraft.ch\/de\/produkt\/swing-in-l-etivaz-pissot-schlucht\/","title":{"rendered":"Pendelsprung &#8211; Swing in L&#8217;\u00c9TIVAZ IN DER PISSOT-SCHLUCHT von einer Plattform &#8211; CHF 105.00"},"content":{"rendered":"\t\t<div data-elementor-type=\"wp-post\" data-elementor-id=\"91362\" class=\"elementor elementor-91362 elementor-32157\">\n\t\t\t\t\t\t\t\t\t<section class=\"elementor-section elementor-top-section elementor-element elementor-element-3303a7e3 elementor-section-boxed elementor-section-height-default elementor-section-height-default\" data-id=\"3303a7e3\" data-element_type=\"section\">\n\t\t\t\t\t\t<div class=\"elementor-container elementor-column-gap-default\">\n\t\t\t\t\t<div class=\"elementor-column elementor-col-100 elementor-top-column elementor-element elementor-element-16d72dbf\" data-id=\"16d72dbf\" data-element_type=\"column\">\n\t\t\t<div class=\"elementor-widget-wrap elementor-element-populated\">\n\t\t\t\t\t\t\t\t<div class=\"elementor-element elementor-element-d743c03 elementor-widget elementor-widget-text-editor\" data-id=\"d743c03\" data-element_type=\"widget\" data-widget_type=\"text-editor.default\">\n\t\t\t\t<div class=\"elementor-widget-container\">\n\t\t\t\t\t\t\t<h2>W\u00c4HLEN SIE UNTEN IHRE AKTIVIT\u00c4T AUS, UM GESCHENKGUTSCHEINE \/ TICKETS ZU VERSCHENKEN ODER ZU BUCHEN.<\/h2><table border=\"0\" width=\"580\" cellspacing=\"10\" cellpadding=\"10\"><tbody><tr><td width=\"50%\"><strong>SWING IN L&#8217;\u00c9TIVAZ &#8211; DIE PISSOT-SCHLUCHT &#8211; 110m<\/strong><\/td><td><strong>CHF 105.00 pro Person<span class=\"productPrice\"><br \/><\/span><\/strong><\/td><\/tr><tr><td>Weitere Informationen<\/td><td><span class=\"plbl\">&#8211; Samstag und Sonntag<br \/>&#8211; <\/span><span class=\"patt\">Ab 4 Personen<br \/>&#8211; <\/span><span class=\"patt\">Gruppen unter der Woche auf Anfrage m\u00f6glich<br \/>&#8211; Minderj\u00e4hrige ben\u00f6tigen die schriftliche Zustimmung der Eltern<br \/>&#8211; Ab 65 Jahren \u00e4rztliches Attest erforderlich<\/span><\/td><\/tr><tr><td>Treffpunkt<\/td><td><a href=\"https:\/\/www.google.com\/maps\/place\/46%C2%B026'49.8%22N+7%C2%B007'08.9%22E\/@46.4475971,7.1101048,1555m\/data=!3m1!1e3!4m4!3m3!8m2!3d46.4471667!4d7.1191389?entry=ttu\" target=\"_blank\" rel=\"noopener\">\u00d6ffentlicher Parkplatz, Rte du col des Mosses<\/a><\/td><\/tr><tr><td>Gesamtdauer<\/td><td>ca. 10 Min.<\/td><\/tr><tr><td><a href=\"https:\/\/swissraft.outdoorbooking.ch\/fo\/products\/gift_vouchers?base_id=260&amp;category_id=15&amp;id=1891&amp;lang=de\" target=\"_blank\" rel=\"noopener\"><button class=\"elementor-button\" type=\"button\">GUTSCHEIN KAUFEN<\/button><\/a><\/td><td><a href=\"https:\/\/swissraft.outdoorbooking.ch\/fo\/products\/1891?base_id=260&amp;category_id=15&amp;order_type=event&amp;lang=fr\" target=\"_blank\" rel=\"noopener\">EIN DATUM AM WOCHENENDE BUCHEN<\/a><\/td><\/tr><tr><td>\u00a0<\/td><td><a href=\"https:\/\/swissraft.outdoorbooking.ch\/fo\/products\/2102?base_id=260&amp;category_id=15&amp;order_type=event&amp;lang=fr\" target=\"_blank\" rel=\"noopener\">EIN DATUM UNTER DER WOCHE BUCHEN<\/a><\/td><\/tr><\/tbody><\/table>\t\t\t\t\t\t<\/div>\n\t\t\t\t<\/div>\n\t\t\t\t\t<\/div>\n\t\t<\/div>\n\t\t\t\t\t\t\t<\/div>\n\t\t<\/section>\n\t\t\t\t\t\t\t<\/div>\n\t\t","protected":false},"excerpt":{"rendered":"<div align=\"justify\">\n<h2 align=\"justify\">Sie springen von unserer Plattform, die die beeindruckende Schlucht von Pissot auf der Stra\u00dfe zum Col des Mosses \u00fcberblickt.<\/h2>\n<h3>Der Pendelsprung oder Swing steht dem Bungee-Jumping in nichts nach.<\/h3>\n<\/div>\n<div align=\"justify\">\n<p>Der Pendelsprung, auch bekannt als Swing, ist eine fesselnde Variante des Bungee-Jumpings. In den Pissot-Schlucht, auf dem Weg zum Col des Mosses, befindet sich unsere Sprungplattform, die in einer wundersch\u00f6nen und beeindruckenden Umgebung liegt. Diese originelle Aktivit\u00e4t bietet eine Vielzahl von Nervenkitzel, vergleichbar mit einer Riesenschaukel \u00fcber einem Canyon, in einer schwindelerregenden H\u00f6he von \u00fcber 100 Metern. Die Beschleunigung ist rasant und den Teilnehmern werden aufregende Momente garantiert. Der Ort selbst, eingebettet in die spektakul\u00e4re Natur des Pays d&#8217;Enhaut, verleiht diesem unvergesslichen Pendelsprung-Erlebnis eine au\u00dfergew\u00f6hnliche Dimension.<\/p>\n<h3>Wir bieten Ihnen mehrere feste Pendelstationen in der Schweiz an. Wenn Sie Fragen haben, rufen Sie uns an und wir werden sie gerne beantworten.<\/h3>\n<p id=\"textarea\" style=\"display: none;\">\nWir bieten auch Pendelspr\u00fcnge im Wallis im Trient-Tal an. Aber auch von einer Plattform \u00fcber einem Canyon in Grindelwald. Entdecken Sie den Nervenkitzel des Pendelsprungs oder Swing, der eine Variante des Bungy-Sprungs ist. Beeindruckende Riesenschaukel \u00fcber der schwarzen L\u00fctschine. Als Bungee-Sprungplatz empfehlen wir Ihnen den ber\u00fchmtesten unter ihnen. Er befindet sich auf dem Verzasca-Staudamm im Verzascatal im Tessin. Der 007 Goldeneye, ein Sprung aus 220 m H\u00f6he. Aber auch im Berner Oberland machen wir Bungee-Jumping von der Seilbahnkabine des Stockhorns in Erlenbach. Dank unserer mobilen Infrastruktur k\u00f6nnen wir auch Bungee-Spr\u00fcnge in Frankreich, Deutschland und der Schweiz durchf\u00fchren.\n<\/p>\n<p><a id=\"seeMore\" onclick=\"toggleSeeMore()\" href=\"javascript:void(0);\">Lesen Sie mehr<\/a><\/p>\n","protected":false},"featured_media":89563,"comment_status":"open","ping_status":"closed","template":"","meta":{"inline_featured_image":false,"_mi_skip_tracking":false},"product_cat":[271,312],"product_tag":[],"class_list":["post-91362","product","type-product","status-publish","has-post-thumbnail","hentry","product_cat-outdoor","product_cat-pendelsprung-swing"],"yoast_head":"<!-- This site is optimized with the Yoast SEO plugin v23.6 - https:\/\/yoast.com\/wordpress\/plugins\/seo\/ -->\n<title>Swing in L&#039;\u00c9tivaz oder Pendelsprung in der Pissot-Schlucht<\/title>\n<meta name=\"description\" content=\"Swing in L&#039;\u00c9tivaz oder Pendelsprung in der Pissot-Schluch auf dem Weg zum Col des Mosses. Eine Variante des Bungee-Springens. Rasante Beschleunigung\" \/>\n<meta name=\"robots\" content=\"index, follow, max-snippet:-1, max-image-preview:large, max-video-preview:-1\" \/>\n<link rel=\"canonical\" href=\"https:\/\/www.swissraft.ch\/de\/produkt\/swing-in-l-etivaz-pissot-schlucht\/\" \/>\n<meta property=\"og:locale\" content=\"de_DE\" \/>\n<meta property=\"og:type\" content=\"article\" \/>\n<meta property=\"og:title\" content=\"Swing in L&#039;\u00c9tivaz oder Pendelsprung in der Pissot-Schlucht\" \/>\n<meta property=\"og:description\" content=\"Swing in L&#039;\u00c9tivaz oder Pendelsprung in der Pissot-Schluch auf dem Weg zum Col des Mosses. Eine Variante des Bungee-Springens. Rasante Beschleunigung\" \/>\n<meta property=\"og:url\" content=\"https:\/\/www.swissraft.ch\/de\/produkt\/swing-in-l-etivaz-pissot-schlucht\/\" \/>\n<meta property=\"og:site_name\" content=\"Swissraft\" \/>\n<meta property=\"article:modified_time\" content=\"2024-12-25T21:48:26+00:00\" \/>\n<meta property=\"og:image\" content=\"https:\/\/www.swissraft.ch\/wp-content\/uploads\/2023\/04\/1-Letivaz-776x776-1.jpg\" \/>\n\t<meta property=\"og:image:width\" content=\"776\" \/>\n\t<meta property=\"og:image:height\" content=\"776\" \/>\n\t<meta property=\"og:image:type\" content=\"image\/jpeg\" \/>\n<meta name=\"twitter:card\" content=\"summary_large_image\" \/>\n<meta name=\"twitter:label1\" content=\"Gesch\u00e4tzte Lesezeit\" \/>\n\t<meta name=\"twitter:data1\" content=\"1\u00a0Minute\" \/>\n<script type=\"application\/ld+json\" class=\"yoast-schema-graph\">{\"@context\":\"https:\/\/schema.org\",\"@graph\":[{\"@type\":\"WebPage\",\"@id\":\"https:\/\/www.swissraft.ch\/de\/produkt\/swing-in-l-etivaz-pissot-schlucht\/\",\"url\":\"https:\/\/www.swissraft.ch\/de\/produkt\/swing-in-l-etivaz-pissot-schlucht\/\",\"name\":\"Swing in L'\u00c9tivaz oder Pendelsprung in der Pissot-Schlucht\",\"isPartOf\":{\"@id\":\"https:\/\/www.swissraft.ch\/de\/#website\"},\"primaryImageOfPage\":{\"@id\":\"https:\/\/www.swissraft.ch\/de\/produkt\/swing-in-l-etivaz-pissot-schlucht\/#primaryimage\"},\"image\":{\"@id\":\"https:\/\/www.swissraft.ch\/de\/produkt\/swing-in-l-etivaz-pissot-schlucht\/#primaryimage\"},\"thumbnailUrl\":\"https:\/\/www.swissraft.ch\/wp-content\/uploads\/2023\/04\/1-Letivaz-776x776-1.jpg\",\"datePublished\":\"2023-04-01T22:54:12+00:00\",\"dateModified\":\"2024-12-25T21:48:26+00:00\",\"description\":\"Swing in L'\u00c9tivaz oder Pendelsprung in der Pissot-Schluch auf dem Weg zum Col des Mosses. Eine Variante des Bungee-Springens. Rasante Beschleunigung\",\"breadcrumb\":{\"@id\":\"https:\/\/www.swissraft.ch\/de\/produkt\/swing-in-l-etivaz-pissot-schlucht\/#breadcrumb\"},\"inLanguage\":\"de\",\"potentialAction\":[{\"@type\":\"ReadAction\",\"target\":[\"https:\/\/www.swissraft.ch\/de\/produkt\/swing-in-l-etivaz-pissot-schlucht\/\"]}]},{\"@type\":\"ImageObject\",\"inLanguage\":\"de\",\"@id\":\"https:\/\/www.swissraft.ch\/de\/produkt\/swing-in-l-etivaz-pissot-schlucht\/#primaryimage\",\"url\":\"https:\/\/www.swissraft.ch\/wp-content\/uploads\/2023\/04\/1-Letivaz-776x776-1.jpg\",\"contentUrl\":\"https:\/\/www.swissraft.ch\/wp-content\/uploads\/2023\/04\/1-Letivaz-776x776-1.jpg\",\"width\":776,\"height\":776,\"caption\":\"Pendelsprung oder Swing in der Pissot-Schlucht in L'\u00c9tivaz\"},{\"@type\":\"BreadcrumbList\",\"@id\":\"https:\/\/www.swissraft.ch\/de\/produkt\/swing-in-l-etivaz-pissot-schlucht\/#breadcrumb\",\"itemListElement\":[{\"@type\":\"ListItem\",\"position\":1,\"name\":\"Accueil\",\"item\":\"https:\/\/www.swissraft.ch\/de\/\"},{\"@type\":\"ListItem\",\"position\":2,\"name\":\"Shop\",\"item\":\"https:\/\/www.swissraft.ch\/de\/shop\/\"},{\"@type\":\"ListItem\",\"position\":3,\"name\":\"Pendelsprung &#8211; Swing in L&#8217;\u00c9TIVAZ IN DER PISSOT-SCHLUCHT von einer Plattform &#8211; CHF 105.00\"}]},{\"@type\":\"WebSite\",\"@id\":\"https:\/\/www.swissraft.ch\/de\/#website\",\"url\":\"https:\/\/www.swissraft.ch\/de\/\",\"name\":\"Swissraft\",\"description\":\"To enjoy nature as it is\",\"publisher\":{\"@id\":\"https:\/\/www.swissraft.ch\/de\/#organization\"},\"potentialAction\":[{\"@type\":\"SearchAction\",\"target\":{\"@type\":\"EntryPoint\",\"urlTemplate\":\"https:\/\/www.swissraft.ch\/de\/?s={search_term_string}\"},\"query-input\":{\"@type\":\"PropertyValueSpecification\",\"valueRequired\":true,\"valueName\":\"search_term_string\"}}],\"inLanguage\":\"de\"},{\"@type\":\"Organization\",\"@id\":\"https:\/\/www.swissraft.ch\/de\/#organization\",\"name\":\"Swissraft\",\"url\":\"https:\/\/www.swissraft.ch\/de\/\",\"logo\":{\"@type\":\"ImageObject\",\"inLanguage\":\"de\",\"@id\":\"https:\/\/www.swissraft.ch\/de\/#\/schema\/logo\/image\/\",\"url\":\"https:\/\/www.swissraft.ch\/wp-content\/uploads\/2025\/09\/Capture.jpg\",\"contentUrl\":\"https:\/\/www.swissraft.ch\/wp-content\/uploads\/2025\/09\/Capture.jpg\",\"width\":293,\"height\":108,\"caption\":\"Swissraft\"},\"image\":{\"@id\":\"https:\/\/www.swissraft.ch\/de\/#\/schema\/logo\/image\/\"}}]}<\/script>\n<!-- \/ Yoast SEO plugin. -->","yoast_head_json":{"title":"Swing in L'\u00c9tivaz oder Pendelsprung in der Pissot-Schlucht","description":"Swing in L'\u00c9tivaz oder Pendelsprung in der Pissot-Schluch auf dem Weg zum Col des Mosses. Eine Variante des Bungee-Springens. Rasante Beschleunigung","robots":{"index":"index","follow":"follow","max-snippet":"max-snippet:-1","max-image-preview":"max-image-preview:large","max-video-preview":"max-video-preview:-1"},"canonical":"https:\/\/www.swissraft.ch\/de\/produkt\/swing-in-l-etivaz-pissot-schlucht\/","og_locale":"de_DE","og_type":"article","og_title":"Swing in L'\u00c9tivaz oder Pendelsprung in der Pissot-Schlucht","og_description":"Swing in L'\u00c9tivaz oder Pendelsprung in der Pissot-Schluch auf dem Weg zum Col des Mosses. Eine Variante des Bungee-Springens. Rasante Beschleunigung","og_url":"https:\/\/www.swissraft.ch\/de\/produkt\/swing-in-l-etivaz-pissot-schlucht\/","og_site_name":"Swissraft","article_modified_time":"2024-12-25T21:48:26+00:00","og_image":[{"width":776,"height":776,"url":"https:\/\/www.swissraft.ch\/wp-content\/uploads\/2023\/04\/1-Letivaz-776x776-1.jpg","type":"image\/jpeg"}],"twitter_card":"summary_large_image","twitter_misc":{"Gesch\u00e4tzte Lesezeit":"1\u00a0Minute"},"schema":{"@context":"https:\/\/schema.org","@graph":[{"@type":"WebPage","@id":"https:\/\/www.swissraft.ch\/de\/produkt\/swing-in-l-etivaz-pissot-schlucht\/","url":"https:\/\/www.swissraft.ch\/de\/produkt\/swing-in-l-etivaz-pissot-schlucht\/","name":"Swing in L'\u00c9tivaz oder Pendelsprung in der Pissot-Schlucht","isPartOf":{"@id":"https:\/\/www.swissraft.ch\/de\/#website"},"primaryImageOfPage":{"@id":"https:\/\/www.swissraft.ch\/de\/produkt\/swing-in-l-etivaz-pissot-schlucht\/#primaryimage"},"image":{"@id":"https:\/\/www.swissraft.ch\/de\/produkt\/swing-in-l-etivaz-pissot-schlucht\/#primaryimage"},"thumbnailUrl":"https:\/\/www.swissraft.ch\/wp-content\/uploads\/2023\/04\/1-Letivaz-776x776-1.jpg","datePublished":"2023-04-01T22:54:12+00:00","dateModified":"2024-12-25T21:48:26+00:00","description":"Swing in L'\u00c9tivaz oder Pendelsprung in der Pissot-Schluch auf dem Weg zum Col des Mosses. Eine Variante des Bungee-Springens. Rasante Beschleunigung","breadcrumb":{"@id":"https:\/\/www.swissraft.ch\/de\/produkt\/swing-in-l-etivaz-pissot-schlucht\/#breadcrumb"},"inLanguage":"de","potentialAction":[{"@type":"ReadAction","target":["https:\/\/www.swissraft.ch\/de\/produkt\/swing-in-l-etivaz-pissot-schlucht\/"]}]},{"@type":"ImageObject","inLanguage":"de","@id":"https:\/\/www.swissraft.ch\/de\/produkt\/swing-in-l-etivaz-pissot-schlucht\/#primaryimage","url":"https:\/\/www.swissraft.ch\/wp-content\/uploads\/2023\/04\/1-Letivaz-776x776-1.jpg","contentUrl":"https:\/\/www.swissraft.ch\/wp-content\/uploads\/2023\/04\/1-Letivaz-776x776-1.jpg","width":776,"height":776,"caption":"Pendelsprung oder Swing in der Pissot-Schlucht in L'\u00c9tivaz"},{"@type":"BreadcrumbList","@id":"https:\/\/www.swissraft.ch\/de\/produkt\/swing-in-l-etivaz-pissot-schlucht\/#breadcrumb","itemListElement":[{"@type":"ListItem","position":1,"name":"Accueil","item":"https:\/\/www.swissraft.ch\/de\/"},{"@type":"ListItem","position":2,"name":"Shop","item":"https:\/\/www.swissraft.ch\/de\/shop\/"},{"@type":"ListItem","position":3,"name":"Pendelsprung &#8211; Swing in L&#8217;\u00c9TIVAZ IN DER PISSOT-SCHLUCHT von einer Plattform &#8211; CHF 105.00"}]},{"@type":"WebSite","@id":"https:\/\/www.swissraft.ch\/de\/#website","url":"https:\/\/www.swissraft.ch\/de\/","name":"Swissraft","description":"To enjoy nature as it is","publisher":{"@id":"https:\/\/www.swissraft.ch\/de\/#organization"},"potentialAction":[{"@type":"SearchAction","target":{"@type":"EntryPoint","urlTemplate":"https:\/\/www.swissraft.ch\/de\/?s={search_term_string}"},"query-input":{"@type":"PropertyValueSpecification","valueRequired":true,"valueName":"search_term_string"}}],"inLanguage":"de"},{"@type":"Organization","@id":"https:\/\/www.swissraft.ch\/de\/#organization","name":"Swissraft","url":"https:\/\/www.swissraft.ch\/de\/","logo":{"@type":"ImageObject","inLanguage":"de","@id":"https:\/\/www.swissraft.ch\/de\/#\/schema\/logo\/image\/","url":"https:\/\/www.swissraft.ch\/wp-content\/uploads\/2025\/09\/Capture.jpg","contentUrl":"https:\/\/www.swissraft.ch\/wp-content\/uploads\/2025\/09\/Capture.jpg","width":293,"height":108,"caption":"Swissraft"},"image":{"@id":"https:\/\/www.swissraft.ch\/de\/#\/schema\/logo\/image\/"}}]}},"_links":{"self":[{"href":"https:\/\/www.swissraft.ch\/de\/wp-json\/wp\/v2\/product\/91362","targetHints":{"allow":["GET"]}}],"collection":[{"href":"https:\/\/www.swissraft.ch\/de\/wp-json\/wp\/v2\/product"}],"about":[{"href":"https:\/\/www.swissraft.ch\/de\/wp-json\/wp\/v2\/types\/product"}],"replies":[{"embeddable":true,"href":"https:\/\/www.swissraft.ch\/de\/wp-json\/wp\/v2\/comments?post=91362"}],"version-history":[{"count":0,"href":"https:\/\/www.swissraft.ch\/de\/wp-json\/wp\/v2\/product\/91362\/revisions"}],"wp:featuredmedia":[{"embeddable":true,"href":"https:\/\/www.swissraft.ch\/de\/wp-json\/wp\/v2\/media\/89563"}],"wp:attachment":[{"href":"https:\/\/www.swissraft.ch\/de\/wp-json\/wp\/v2\/media?parent=91362"}],"wp:term":[{"taxonomy":"product_cat","embeddable":true,"href":"https:\/\/www.swissraft.ch\/de\/wp-json\/wp\/v2\/product_cat?post=91362"},{"taxonomy":"product_tag","embeddable":true,"href":"https:\/\/www.swissraft.ch\/de\/wp-json\/wp\/v2\/product_tag?post=91362"}],"curies":[{"name":"wp","href":"https:\/\/api.w.org\/{rel}","templated":true}]}}