{"id":91361,"date":"2023-03-22T11:14:47","date_gmt":"2023-03-22T10:14:47","guid":{"rendered":"https:\/\/swissraft.xyanzkdne.eu\/product\/schulreise-in-valais-rafting-rhone-souste-sierre-chf-92-00\/"},"modified":"2025-08-01T14:45:13","modified_gmt":"2025-08-01T12:45:13","slug":"schulreise-wallis-rafting-rhone-sousten-siders","status":"publish","type":"product","link":"https:\/\/www.swissraft.ch\/de\/produkt\/schulreise-wallis-rafting-rhone-sousten-siders\/","title":{"rendered":"Schulreise im WALLIS &#8211; RAFTING &#8211; DIE RHONE &#8211; SUSTEN-SIDERS &#8211; CHF 92.00"},"content":{"rendered":"\t\t<div data-elementor-type=\"wp-post\" data-elementor-id=\"91361\" class=\"elementor elementor-91361 elementor-31813\">\n\t\t\t\t\t\t\t\t\t<section class=\"elementor-section elementor-top-section elementor-element elementor-element-3303a7e3 elementor-section-boxed elementor-section-height-default elementor-section-height-default\" data-id=\"3303a7e3\" data-element_type=\"section\">\n\t\t\t\t\t\t<div class=\"elementor-container elementor-column-gap-default\">\n\t\t\t\t\t<div class=\"elementor-column elementor-col-100 elementor-top-column elementor-element elementor-element-16d72dbf\" data-id=\"16d72dbf\" data-element_type=\"column\">\n\t\t\t<div class=\"elementor-widget-wrap elementor-element-populated\">\n\t\t\t\t\t\t\t\t<div class=\"elementor-element elementor-element-d743c03 elementor-widget elementor-widget-text-editor\" data-id=\"d743c03\" data-element_type=\"widget\" data-widget_type=\"text-editor.default\">\n\t\t\t\t<div class=\"elementor-widget-container\">\n\t\t\t\t\t\t\t<h2>W\u00c4HLEN SIE UNTEN IHRE AKTIVIT\u00c4T AUS, UM GESCHENKGUTSCHEINE \/ TICKETS ZU VERSCHENKEN ODER ZU BUCHEN.<\/h2><table border=\"0\" width=\"580\" cellspacing=\"10\" cellpadding=\"10\"><tbody><tr><td width=\"50%\"><strong>SCHULREISE &#8211; RAFTING &#8211; RHONE + Imbiss<\/strong><\/td><td><strong>CHF 92.00 pro Sch\u00fcler<span class=\"productPrice\"><br \/><\/span><\/strong><\/td><\/tr><tr><td>Zus\u00e4tzliche Informationen<\/td><td>&#8211;<span class=\"patt\"> Mindestalter 12 Jahre<br \/><\/span>&#8211; Erwachsene Begleitperson erforderlich<\/td><\/tr><tr><td>Strecke<\/td><td><strong>Susten-Siders<\/strong><\/td><\/tr><tr><td>Startzeiten<\/td><td>10:00 Uhr \/ 14:00 Uhr<\/td><\/tr><tr><td>Rafting<\/td><td>ca. 1 Std.<\/td><\/tr><tr><td>Gesamtdauer<\/td><td>ca. 3 Std.<\/td><\/tr><tr><td>Treffpunkt<\/td><td><a href=\"https:\/\/www.google.com\/maps\/place\/46%C2%B017'36.8%22N+7%C2%B033'29.6%22E\/@46.2936185,7.5540487,780m\/data=!3m1!1e3!4m4!3m3!8m2!3d46.2935556!4d7.5582222?entry=ttu\" target=\"_blank\" rel=\"noopener\">Siders<\/a><\/td><\/tr><tr><td>Schwierigkeitsgrad<\/td><td>3-3+<\/td><\/tr><tr><td>\u00a0<\/td><td>Um zu buchen :<strong> <span style=\"color: #ff6600;\"><a href=\"\/de\/kontakt\/\">Kontaktieren Sie uns<\/a><\/span><\/strong><\/td><\/tr><\/tbody><\/table>\t\t\t\t\t\t<\/div>\n\t\t\t\t<\/div>\n\t\t\t\t\t<\/div>\n\t\t<\/div>\n\t\t\t\t\t\t\t<\/div>\n\t\t<\/section>\n\t\t\t\t\t\t\t<\/div>\n\t\t","protected":false},"excerpt":{"rendered":"<div align=\"justify\">\n<h2 align=\"justify\">Rafting auf der Rhone im Wallis ist ein einzigartiges Erlebnis f\u00fcr eine Klassenfahrt.<\/h2>\n<h3>Die Rhone zwischen Susten und Siders wird Sch\u00fcler und Lehrer begeistern<\/h3>\n<\/div>\n<div align=\"justify\">\n<p>Die Sch\u00fcler bereiten sich aufgeregt auf die Rafting-Tour auf der <a href=\"https:\/\/fr.wikipedia.org\/wiki\/Rh%C3%B4ne\" target=\"_blank\" rel=\"noopener\">Rhone<\/a> vor. Zuerst ziehen sie ihre Anz\u00fcge und Westen an. Anschlie\u00dfend erl\u00e4utern die Betreuer die Sicherheitsvorschriften. Die Teams bilden sich schnell und gehen an Bord der Rafts. Alle paddeln im Takt, um den Hindernissen auszuweichen. Pl\u00f6tzlich taucht ein Schneller auf. Die Betreuer lenken die Boote mit Geschick. Jubelschreie liegen in der Luft. Auf halber Strecke werden die Sch\u00fcler von einer h\u00f6heren Welle \u00fcberrascht. Trotzdem behalten sie die Kontrolle. Die Kilometer vergehen, das Ziel r\u00fcckt n\u00e4her. M\u00fcde, aber gl\u00fccklich kommen die Jugendlichen in Siders an. Das Rennen endete in guter Stimmung. Schlie\u00dflich versammeln sich alle, um dieses unvergessliche Abenteuer zu feiern. Die Aufregung l\u00e4sst langsam nach und macht Platz f\u00fcr die Zufriedenheit, die Herausforderung gemeistert zu haben.<\/p>\n<h3>Neben dem Rafting auf der Rhone im Wallis bieten wir auch andere Strecken an<\/h3>\n<p id=\"textarea\" style=\"display: none;\">Ebenfalls im Wallis k\u00f6nnen Sie auf der <a href=\"\/product\/course-ecole-rafting-viege-valais-stalden-viege\/\" target=\"_blank\" rel=\"noopener\">Vispa<\/a> und der Dranse de Bagnes im Wallis Rafting machen. Aber auch Rafting auf der Saane im Pays d&#8217;Enhaut im Kanton Waadt. Au\u00dferdem bieten wir Ihnen Riverrafting auf der L\u00fctschine im Berner Oberland und auf der Simme im Simmental an. Dasselbe gilt f\u00fcr Riverrafting auf dem Rhein in Graub\u00fcnden zwischen Ilanz und Reichenau.<br \/>\nWenn Sie f\u00fcr Ihre Sch\u00fcler eine ruhigere Fahrt bevorzugen, w\u00e4hlen Sie das Easy Rafting, auch Fun Rafting genannt, aus den 12 Strecken, die wir auf 5 Fl\u00fcssen in der Schweiz anbieten.<\/p>\n<p><a id=\"seeMore\"><\/a>Lesen Sie mehr<\/p>\n<\/div>\n","protected":false},"featured_media":90736,"comment_status":"open","ping_status":"closed","template":"","meta":{"inline_featured_image":false,"_mi_skip_tracking":false},"product_cat":[275,637,276],"product_tag":[],"class_list":["post-91361","product","type-product","status-publish","has-post-thumbnail","hentry","product_cat-gruppen","product_cat-schulausflug-rafting-in-der-schweiz","product_cat-schulreise-klassenausflug"],"yoast_head":"<!-- This site is optimized with the Yoast SEO plugin v23.6 - https:\/\/yoast.com\/wordpress\/plugins\/seo\/ -->\n<title>Schulreise Rafting Rhone<\/title>\n<meta name=\"description\" content=\"Schulreise Rafting Rhone. Strecke zwischen Susten und Siders. Eine Fahrt, die Sch\u00fclern ab 12 Jahren in Begleitung von Lehrern Spa\u00df macht.\" \/>\n<meta name=\"robots\" content=\"index, follow, max-snippet:-1, max-image-preview:large, max-video-preview:-1\" \/>\n<link rel=\"canonical\" href=\"https:\/\/www.swissraft.ch\/de\/produkt\/schulreise-wallis-rafting-rhone-sousten-siders\/\" \/>\n<meta property=\"og:locale\" content=\"de_DE\" \/>\n<meta property=\"og:type\" content=\"article\" \/>\n<meta property=\"og:title\" content=\"Schulreise Rafting Rhone\" \/>\n<meta property=\"og:description\" content=\"Schulreise Rafting Rhone. Strecke zwischen Susten und Siders. Eine Fahrt, die Sch\u00fclern ab 12 Jahren in Begleitung von Lehrern Spa\u00df macht.\" \/>\n<meta property=\"og:url\" content=\"https:\/\/www.swissraft.ch\/de\/produkt\/schulreise-wallis-rafting-rhone-sousten-siders\/\" \/>\n<meta property=\"og:site_name\" content=\"Swissraft\" \/>\n<meta property=\"article:modified_time\" content=\"2025-08-01T12:45:13+00:00\" \/>\n<meta property=\"og:image\" content=\"https:\/\/www.swissraft.ch\/wp-content\/uploads\/2023\/03\/1-3-Rhone-776x776-1.jpg\" \/>\n\t<meta property=\"og:image:width\" content=\"776\" \/>\n\t<meta property=\"og:image:height\" content=\"776\" \/>\n\t<meta property=\"og:image:type\" content=\"image\/jpeg\" \/>\n<meta name=\"twitter:card\" content=\"summary_large_image\" \/>\n<meta name=\"twitter:label1\" content=\"Gesch\u00e4tzte Lesezeit\" \/>\n\t<meta name=\"twitter:data1\" content=\"1\u00a0Minute\" \/>\n<script type=\"application\/ld+json\" class=\"yoast-schema-graph\">{\"@context\":\"https:\/\/schema.org\",\"@graph\":[{\"@type\":\"WebPage\",\"@id\":\"https:\/\/www.swissraft.ch\/de\/produkt\/schulreise-wallis-rafting-rhone-sousten-siders\/\",\"url\":\"https:\/\/www.swissraft.ch\/de\/produkt\/schulreise-wallis-rafting-rhone-sousten-siders\/\",\"name\":\"Schulreise Rafting Rhone\",\"isPartOf\":{\"@id\":\"https:\/\/www.swissraft.ch\/de\/#website\"},\"primaryImageOfPage\":{\"@id\":\"https:\/\/www.swissraft.ch\/de\/produkt\/schulreise-wallis-rafting-rhone-sousten-siders\/#primaryimage\"},\"image\":{\"@id\":\"https:\/\/www.swissraft.ch\/de\/produkt\/schulreise-wallis-rafting-rhone-sousten-siders\/#primaryimage\"},\"thumbnailUrl\":\"https:\/\/www.swissraft.ch\/wp-content\/uploads\/2023\/03\/1-3-Rhone-776x776-1.jpg\",\"datePublished\":\"2023-03-22T10:14:47+00:00\",\"dateModified\":\"2025-08-01T12:45:13+00:00\",\"description\":\"Schulreise Rafting Rhone. Strecke zwischen Susten und Siders. Eine Fahrt, die Sch\u00fclern ab 12 Jahren in Begleitung von Lehrern Spa\u00df macht.\",\"breadcrumb\":{\"@id\":\"https:\/\/www.swissraft.ch\/de\/produkt\/schulreise-wallis-rafting-rhone-sousten-siders\/#breadcrumb\"},\"inLanguage\":\"de\",\"potentialAction\":[{\"@type\":\"ReadAction\",\"target\":[\"https:\/\/www.swissraft.ch\/de\/produkt\/schulreise-wallis-rafting-rhone-sousten-siders\/\"]}]},{\"@type\":\"ImageObject\",\"inLanguage\":\"de\",\"@id\":\"https:\/\/www.swissraft.ch\/de\/produkt\/schulreise-wallis-rafting-rhone-sousten-siders\/#primaryimage\",\"url\":\"https:\/\/www.swissraft.ch\/wp-content\/uploads\/2023\/03\/1-3-Rhone-776x776-1.jpg\",\"contentUrl\":\"https:\/\/www.swissraft.ch\/wp-content\/uploads\/2023\/03\/1-3-Rhone-776x776-1.jpg\",\"width\":776,\"height\":776,\"caption\":\"Rafting-Schulwettbewerb auf der Rhone\"},{\"@type\":\"BreadcrumbList\",\"@id\":\"https:\/\/www.swissraft.ch\/de\/produkt\/schulreise-wallis-rafting-rhone-sousten-siders\/#breadcrumb\",\"itemListElement\":[{\"@type\":\"ListItem\",\"position\":1,\"name\":\"Accueil\",\"item\":\"https:\/\/www.swissraft.ch\/de\/\"},{\"@type\":\"ListItem\",\"position\":2,\"name\":\"Shop\",\"item\":\"https:\/\/www.swissraft.ch\/de\/shop\/\"},{\"@type\":\"ListItem\",\"position\":3,\"name\":\"Schulreise im WALLIS &#8211; RAFTING &#8211; DIE RHONE &#8211; SUSTEN-SIDERS &#8211; CHF 92.00\"}]},{\"@type\":\"WebSite\",\"@id\":\"https:\/\/www.swissraft.ch\/de\/#website\",\"url\":\"https:\/\/www.swissraft.ch\/de\/\",\"name\":\"Swissraft\",\"description\":\"To enjoy nature as it is\",\"publisher\":{\"@id\":\"https:\/\/www.swissraft.ch\/de\/#organization\"},\"potentialAction\":[{\"@type\":\"SearchAction\",\"target\":{\"@type\":\"EntryPoint\",\"urlTemplate\":\"https:\/\/www.swissraft.ch\/de\/?s={search_term_string}\"},\"query-input\":{\"@type\":\"PropertyValueSpecification\",\"valueRequired\":true,\"valueName\":\"search_term_string\"}}],\"inLanguage\":\"de\"},{\"@type\":\"Organization\",\"@id\":\"https:\/\/www.swissraft.ch\/de\/#organization\",\"name\":\"Swissraft\",\"url\":\"https:\/\/www.swissraft.ch\/de\/\",\"logo\":{\"@type\":\"ImageObject\",\"inLanguage\":\"de\",\"@id\":\"https:\/\/www.swissraft.ch\/de\/#\/schema\/logo\/image\/\",\"url\":\"https:\/\/www.swissraft.ch\/wp-content\/uploads\/2025\/09\/Capture.jpg\",\"contentUrl\":\"https:\/\/www.swissraft.ch\/wp-content\/uploads\/2025\/09\/Capture.jpg\",\"width\":293,\"height\":108,\"caption\":\"Swissraft\"},\"image\":{\"@id\":\"https:\/\/www.swissraft.ch\/de\/#\/schema\/logo\/image\/\"}}]}<\/script>\n<!-- \/ Yoast SEO plugin. -->","yoast_head_json":{"title":"Schulreise Rafting Rhone","description":"Schulreise Rafting Rhone. Strecke zwischen Susten und Siders. Eine Fahrt, die Sch\u00fclern ab 12 Jahren in Begleitung von Lehrern Spa\u00df macht.","robots":{"index":"index","follow":"follow","max-snippet":"max-snippet:-1","max-image-preview":"max-image-preview:large","max-video-preview":"max-video-preview:-1"},"canonical":"https:\/\/www.swissraft.ch\/de\/produkt\/schulreise-wallis-rafting-rhone-sousten-siders\/","og_locale":"de_DE","og_type":"article","og_title":"Schulreise Rafting Rhone","og_description":"Schulreise Rafting Rhone. Strecke zwischen Susten und Siders. Eine Fahrt, die Sch\u00fclern ab 12 Jahren in Begleitung von Lehrern Spa\u00df macht.","og_url":"https:\/\/www.swissraft.ch\/de\/produkt\/schulreise-wallis-rafting-rhone-sousten-siders\/","og_site_name":"Swissraft","article_modified_time":"2025-08-01T12:45:13+00:00","og_image":[{"width":776,"height":776,"url":"https:\/\/www.swissraft.ch\/wp-content\/uploads\/2023\/03\/1-3-Rhone-776x776-1.jpg","type":"image\/jpeg"}],"twitter_card":"summary_large_image","twitter_misc":{"Gesch\u00e4tzte Lesezeit":"1\u00a0Minute"},"schema":{"@context":"https:\/\/schema.org","@graph":[{"@type":"WebPage","@id":"https:\/\/www.swissraft.ch\/de\/produkt\/schulreise-wallis-rafting-rhone-sousten-siders\/","url":"https:\/\/www.swissraft.ch\/de\/produkt\/schulreise-wallis-rafting-rhone-sousten-siders\/","name":"Schulreise Rafting Rhone","isPartOf":{"@id":"https:\/\/www.swissraft.ch\/de\/#website"},"primaryImageOfPage":{"@id":"https:\/\/www.swissraft.ch\/de\/produkt\/schulreise-wallis-rafting-rhone-sousten-siders\/#primaryimage"},"image":{"@id":"https:\/\/www.swissraft.ch\/de\/produkt\/schulreise-wallis-rafting-rhone-sousten-siders\/#primaryimage"},"thumbnailUrl":"https:\/\/www.swissraft.ch\/wp-content\/uploads\/2023\/03\/1-3-Rhone-776x776-1.jpg","datePublished":"2023-03-22T10:14:47+00:00","dateModified":"2025-08-01T12:45:13+00:00","description":"Schulreise Rafting Rhone. Strecke zwischen Susten und Siders. Eine Fahrt, die Sch\u00fclern ab 12 Jahren in Begleitung von Lehrern Spa\u00df macht.","breadcrumb":{"@id":"https:\/\/www.swissraft.ch\/de\/produkt\/schulreise-wallis-rafting-rhone-sousten-siders\/#breadcrumb"},"inLanguage":"de","potentialAction":[{"@type":"ReadAction","target":["https:\/\/www.swissraft.ch\/de\/produkt\/schulreise-wallis-rafting-rhone-sousten-siders\/"]}]},{"@type":"ImageObject","inLanguage":"de","@id":"https:\/\/www.swissraft.ch\/de\/produkt\/schulreise-wallis-rafting-rhone-sousten-siders\/#primaryimage","url":"https:\/\/www.swissraft.ch\/wp-content\/uploads\/2023\/03\/1-3-Rhone-776x776-1.jpg","contentUrl":"https:\/\/www.swissraft.ch\/wp-content\/uploads\/2023\/03\/1-3-Rhone-776x776-1.jpg","width":776,"height":776,"caption":"Rafting-Schulwettbewerb auf der Rhone"},{"@type":"BreadcrumbList","@id":"https:\/\/www.swissraft.ch\/de\/produkt\/schulreise-wallis-rafting-rhone-sousten-siders\/#breadcrumb","itemListElement":[{"@type":"ListItem","position":1,"name":"Accueil","item":"https:\/\/www.swissraft.ch\/de\/"},{"@type":"ListItem","position":2,"name":"Shop","item":"https:\/\/www.swissraft.ch\/de\/shop\/"},{"@type":"ListItem","position":3,"name":"Schulreise im WALLIS &#8211; RAFTING &#8211; DIE RHONE &#8211; SUSTEN-SIDERS &#8211; CHF 92.00"}]},{"@type":"WebSite","@id":"https:\/\/www.swissraft.ch\/de\/#website","url":"https:\/\/www.swissraft.ch\/de\/","name":"Swissraft","description":"To enjoy nature as it is","publisher":{"@id":"https:\/\/www.swissraft.ch\/de\/#organization"},"potentialAction":[{"@type":"SearchAction","target":{"@type":"EntryPoint","urlTemplate":"https:\/\/www.swissraft.ch\/de\/?s={search_term_string}"},"query-input":{"@type":"PropertyValueSpecification","valueRequired":true,"valueName":"search_term_string"}}],"inLanguage":"de"},{"@type":"Organization","@id":"https:\/\/www.swissraft.ch\/de\/#organization","name":"Swissraft","url":"https:\/\/www.swissraft.ch\/de\/","logo":{"@type":"ImageObject","inLanguage":"de","@id":"https:\/\/www.swissraft.ch\/de\/#\/schema\/logo\/image\/","url":"https:\/\/www.swissraft.ch\/wp-content\/uploads\/2025\/09\/Capture.jpg","contentUrl":"https:\/\/www.swissraft.ch\/wp-content\/uploads\/2025\/09\/Capture.jpg","width":293,"height":108,"caption":"Swissraft"},"image":{"@id":"https:\/\/www.swissraft.ch\/de\/#\/schema\/logo\/image\/"}}]}},"_links":{"self":[{"href":"https:\/\/www.swissraft.ch\/de\/wp-json\/wp\/v2\/product\/91361","targetHints":{"allow":["GET"]}}],"collection":[{"href":"https:\/\/www.swissraft.ch\/de\/wp-json\/wp\/v2\/product"}],"about":[{"href":"https:\/\/www.swissraft.ch\/de\/wp-json\/wp\/v2\/types\/product"}],"replies":[{"embeddable":true,"href":"https:\/\/www.swissraft.ch\/de\/wp-json\/wp\/v2\/comments?post=91361"}],"version-history":[{"count":13,"href":"https:\/\/www.swissraft.ch\/de\/wp-json\/wp\/v2\/product\/91361\/revisions"}],"predecessor-version":[{"id":120242,"href":"https:\/\/www.swissraft.ch\/de\/wp-json\/wp\/v2\/product\/91361\/revisions\/120242"}],"wp:featuredmedia":[{"embeddable":true,"href":"https:\/\/www.swissraft.ch\/de\/wp-json\/wp\/v2\/media\/90736"}],"wp:attachment":[{"href":"https:\/\/www.swissraft.ch\/de\/wp-json\/wp\/v2\/media?parent=91361"}],"wp:term":[{"taxonomy":"product_cat","embeddable":true,"href":"https:\/\/www.swissraft.ch\/de\/wp-json\/wp\/v2\/product_cat?post=91361"},{"taxonomy":"product_tag","embeddable":true,"href":"https:\/\/www.swissraft.ch\/de\/wp-json\/wp\/v2\/product_tag?post=91361"}],"curies":[{"name":"wp","href":"https:\/\/api.w.org\/{rel}","templated":true}]}}