{"id":91358,"date":"2023-04-02T00:47:23","date_gmt":"2023-04-01T22:47:23","guid":{"rendered":"https:\/\/swissraft.xyanzkdne.eu\/product\/pendelsprung-swing-in-grindelwald-plattform-85m-ab-chf-129-00\/"},"modified":"2026-03-13T04:10:07","modified_gmt":"2026-03-13T03:10:07","slug":"swing-grindelwald","status":"publish","type":"product","link":"https:\/\/www.swissraft.ch\/de\/produkt\/swing-grindelwald\/","title":{"rendered":"Pendelsprung &#8211; Swing \u00e0 GRINDELWALD &#8211; Plattform &#8211; 85m &#8211; Ab CHF 113.00"},"content":{"rendered":"\t\t<div data-elementor-type=\"wp-post\" data-elementor-id=\"91358\" class=\"elementor elementor-91358 elementor-32152\">\n\t\t\t\t\t\t\t\t\t<section class=\"elementor-section elementor-top-section elementor-element elementor-element-3303a7e3 elementor-section-boxed elementor-section-height-default elementor-section-height-default\" data-id=\"3303a7e3\" data-element_type=\"section\">\n\t\t\t\t\t\t<div class=\"elementor-container elementor-column-gap-default\">\n\t\t\t\t\t<div class=\"elementor-column elementor-col-100 elementor-top-column elementor-element elementor-element-16d72dbf\" data-id=\"16d72dbf\" data-element_type=\"column\">\n\t\t\t<div class=\"elementor-widget-wrap elementor-element-populated\">\n\t\t\t\t\t\t\t\t<div class=\"elementor-element elementor-element-d743c03 elementor-widget elementor-widget-text-editor\" data-id=\"d743c03\" data-element_type=\"widget\" data-widget_type=\"text-editor.default\">\n\t\t\t\t<div class=\"elementor-widget-container\">\n\t\t\t\t\t\t\t<h2>W\u00c4HLEN SIE UNTEN IHRE AKTIVIT\u00c4T AUS, UM GESCHENKGUTSCHEINE \/ TICKETS ZU VERSCHENKEN ODER ZU BUCHEN<\/h2><table border=\"0\" width=\"580\" cellspacing=\"10\" cellpadding=\"10\"><tbody><tr><td width=\"50%\"><strong>PENDELSPRUNG &#8211; SWING &#8211; GRINDELWALD &#8211; 85m &#8211; AB GLETSCHERSCHLUCHT<\/strong><\/td><td><strong>CHF 129.00 pro Person<span class=\"productPrice\"><br \/><\/span><\/strong><\/td><\/tr><tr><td>Zus\u00e4tzliche Informationen<\/td><td><span class=\"patt\">&#8211;<span class=\"plbl\"> Ab<\/span> 10 Pers. <strong>CHF 113.00<\/strong>\/Pers.<br \/><\/span><span class=\"patt\">&#8211; Termine f\u00fcr Gruppen auch au\u00dferhalb der Saison m\u00f6glich<br \/>&#8211; Minderj\u00e4hrige ben\u00f6tigen die schriftliche Zustimmung der Eltern<br \/>&#8211; Ab 65 j\u00e4hrig \u00e4rztliches Attest erforderlich<\/span><\/td><\/tr><tr><td>Treffpunkt<\/td><td><a href=\"https:\/\/www.google.com\/maps\/place\/OUTDOOR+-+Glacier+Canyon+Grindelwald\/@46.6138456,8.0378489,1550m\/data=!3m1!1e3!4m14!1m7!3m6!1s0x478f9c0f125fd42d:0x40559d2b018d3cff!2sOUTDOOR+-+Glacier+Canyon+Grindelwald!8m2!3d46.61338!4d8.0464872!16s%2Fg%2F12llr09j9!3m5!1s0x478f9c0f125fd42d:0x40559d2b018d3cff!8m2!3d46.61338!4d8.0464872!16s%2Fg%2F12llr09j9?entry=ttu\" target=\"_blank\" rel=\"noopener\">Gletschschlucht<\/a><\/td><\/tr><tr><td>Dauer des Sturzes<\/td><td>ca. 3 Sek.<\/td><\/tr><tr><td>Gesamtdauer<\/td><td>ca. 20 Min.<\/td><\/tr><tr><td><a href=\"https:\/\/swissraft.outdoorbooking.ch\/fo\/products\/2055?base_id=3&amp;category_id=15&amp;order_type=gift_voucher&amp;lang=de\" target=\"_blank\" rel=\"noopener\"><button class=\"elementor-button\" type=\"button\">GUTSCHEIN \/ TICKET KAUFEN<\/button><\/a><\/td><td><a href=\"https:\/\/swissraft.outdoorbooking.ch\/fo\/products\/2055?base_id=3&amp;category_id=15&amp;order_type=event&amp;lang=de\" target=\"_blank\" rel=\"noopener\">RESERVIEREN SIE EIN DATUM<\/a><\/td><\/tr><\/tbody><\/table><table border=\"0\" width=\"580\" cellspacing=\"10\" cellpadding=\"10\"><tbody><tr><td width=\"50%\"><strong>PENDELSPRUNG &#8211; SWING &#8211; GRINDELWALD &#8211; 85m &#8211; AB WILDERSWIL<\/strong><\/td><td><strong>CHF 149.00 pro Person<span class=\"productPrice\"><br \/><\/span><\/strong><\/td><\/tr><tr><td>Zus\u00e4tzliche Informationen<\/td><td><span class=\"patt\">&#8211;<span class=\"plbl\"> Ab<\/span> 10 Pers. <strong>CHF 129.00<\/strong>\/Pers.<br \/><\/span><span class=\"patt\">&#8211; Termine f\u00fcr Gruppen auch au\u00dferhalb der Saison m\u00f6glich<br \/>&#8211; Minderj\u00e4hrige ben\u00f6tigen die schriftliche Zustimmung der Eltern<br \/>&#8211; Ab 65 j\u00e4hrig \u00e4rztliches Attest erforderlich<\/span><\/td><\/tr><tr><td>Treffpunkt<\/td><td><a href=\"https:\/\/www.google.com\/maps\/place\/46%C2%B040'15.8%22N+7%C2%B052'42.2%22E\/@46.6710056,7.8697297,1722m\/data=!3m1!1e3!4m12!1m7!3m6!1s0x478fa39d4c79741d:0xe1388a661824dff1!2sIndustriestrasse+17,+3812+Wilderswil,+Suisse!3b1!8m2!3d46.6699882!4d7.8740105!3m3!8m2!3d46.671066!4d7.878399?entry=ttu&amp;g_ep=EgoyMDI2MDMwOS4wIKXMDSoASAFQAw%3D%3D\" target=\"_blank\" rel=\"noopener\">Wilderswil<\/a><\/td><\/tr><tr><td>Dauer des Sturzes<\/td><td>ca. 3 Sek.<\/td><\/tr><tr><td>Gesamtdauer<\/td><td>ca. 2 Std.<\/td><\/tr><tr><td><a href=\"https:\/\/swissraft.outdoorbooking.ch\/fo\/products\/636?base_id=3&amp;category_id=15&amp;order_type=gift_voucher&amp;lang=de\" target=\"_blank\" rel=\"noopener\"><button class=\"elementor-button\" type=\"button\">GUTSCHEIN \/ TICKET KAUFEN<\/button><\/a><\/td><td><a href=\"https:\/\/swissraft.outdoorbooking.ch\/fo\/products\/636?base_id=3&amp;category_id=15&amp;order_type=event&amp;lang=de\" target=\"_blank\" rel=\"noopener\">RESERVIEREN SIE EIN DATUM<\/a><\/td><\/tr><\/tbody><\/table>\t\t\t\t\t\t<\/div>\n\t\t\t\t<\/div>\n\t\t\t\t\t<\/div>\n\t\t<\/div>\n\t\t\t\t\t\t\t<\/div>\n\t\t<\/section>\n\t\t\t\t\t\t\t<\/div>\n\t\t","protected":false},"excerpt":{"rendered":"<div align=\"justify\">\n<h2 align=\"justify\">In Grindelwald springen Sie mit dem Pendel von einer Plattform in eine Schlucht \u00fcber der schwarzen L\u00fctschine.<\/h2>\n<h3>120 km\/h Geschwindigkeit sind ein echter Knaller. Der Pendel- oder Swing-Sprung garantiert Ihnen einen rekordverd\u00e4chtigen Adrenalinschub. <\/h3>\n<\/div>\n<div align=\"justify\">\n<p>Einerseits ist der Pendelsprung, auch Swing genannt, eine fesselnde Variante des Bungee-Jumping. Andererseits befindet sich in der Schlucht \u00fcber der Schwarzen L\u00fctschine unsere Sprungplattform, die eine wundersch\u00f6ne und beeindruckende Kulisse bietet. Bei dieser originellen Aktivit\u00e4t erleben die Teilnehmer eine Vielzahl von Nervenkitzel, vergleichbar mit einer Riesenschaukel \u00fcber einem Canyon, und das aus einer schwindelerregenden H\u00f6he von \u00fcber 80 Metern. Dar\u00fcber hinaus ist die Beschleunigung rasant und garantiert allen Teilnehmern aufregende Momente. Der Ort selbst, eingebettet in die spektakul\u00e4re Natur des Berner Oberlandes, verleiht diesem unvergesslichen Pendelsprung-Erlebnis eine au\u00dfergew\u00f6hnliche Dimension.    <\/p>\n<h3>Wir bieten Ihnen mehrere feste Pendelsprungstationen in der Schweiz. Wenn Sie Fragen haben oder weitere Informationen w\u00fcnschen, rufen Sie uns bitte an. <\/h3>\n<p id=\"textarea\" style=\"display: none;\">\nWir bieten auch Pendelspr\u00fcnge im Wallis im Trient-Tal an. Aber auch von einer Plattform \u00fcber der Pissot-Schlucht in L&#8217;\u00c9tivaz. Erleben Sie den Nervenkitzel eines Pendel- oder Schwungsprungs aus \u00fcber 100 m H\u00f6he.<br \/>\nUnser ber\u00fchmtester Bungee-Sprungplatz befindet sich auf dem Verzasca-Staudamm im Verzasca-Tal im Tessin. Der 007 Goldeneye mit einem Sprung aus 220 Metern H\u00f6he verspricht einen unvergesslichen Nervenkitzel. Im Berner Oberland bietet unser Bungee-Jumping von der Stockhorn-Seilbahnkabine in Erlenbach eine einzigartige und aufregende Perspektive. Und schlie\u00dflich organisieren wir dank unserer mobilen Infrastruktur Bungee-Jumping in Frankreich, Deutschland und der Schweiz, so dass Sie diese k\u00fchne Erfahrung von \u00fcberall aus erleben k\u00f6nnen.\n<\/p>\n<p><a id=\"seeMore\" onclick=\"toggleSeeMore()\" href=\"javascript:void(0);\">Lesen Sie mehr<\/a><\/p>\n","protected":false},"featured_media":89575,"comment_status":"open","ping_status":"closed","template":"","meta":{"inline_featured_image":false,"_mi_skip_tracking":false},"product_cat":[271,312],"product_tag":[],"class_list":["post-91358","product","type-product","status-publish","has-post-thumbnail","hentry","product_cat-outdoor","product_cat-pendelsprung-swing"],"yoast_head":"<!-- This site is optimized with the Yoast SEO plugin v23.6 - https:\/\/yoast.com\/wordpress\/plugins\/seo\/ -->\n<title>Pendelsprung oder Swing in Grindelwald im Berner Oberland<\/title>\n<meta name=\"description\" content=\"Pendelsprung oder Swing in Grindelwald im Berner Oberland. Sie springen von einer Plattform in einen Canyon \u00fcber der schwarzen L\u00fctschine.\" \/>\n<meta name=\"robots\" content=\"index, follow, max-snippet:-1, max-image-preview:large, max-video-preview:-1\" \/>\n<link rel=\"canonical\" href=\"https:\/\/www.swissraft.ch\/de\/produkt\/swing-grindelwald\/\" \/>\n<meta property=\"og:locale\" content=\"de_DE\" \/>\n<meta property=\"og:type\" content=\"article\" \/>\n<meta property=\"og:title\" content=\"Pendelsprung oder Swing in Grindelwald im Berner Oberland\" \/>\n<meta property=\"og:description\" content=\"Pendelsprung oder Swing in Grindelwald im Berner Oberland. Sie springen von einer Plattform in einen Canyon \u00fcber der schwarzen L\u00fctschine.\" \/>\n<meta property=\"og:url\" content=\"https:\/\/www.swissraft.ch\/de\/produkt\/swing-grindelwald\/\" \/>\n<meta property=\"og:site_name\" content=\"Swissraft\" \/>\n<meta property=\"article:modified_time\" content=\"2026-03-13T03:10:07+00:00\" \/>\n<meta property=\"og:image\" content=\"https:\/\/www.swissraft.ch\/wp-content\/uploads\/2023\/04\/1-Grindelwald-776x776-1.jpg\" \/>\n\t<meta property=\"og:image:width\" content=\"776\" \/>\n\t<meta property=\"og:image:height\" content=\"776\" \/>\n\t<meta property=\"og:image:type\" content=\"image\/jpeg\" \/>\n<meta name=\"twitter:card\" content=\"summary_large_image\" \/>\n<meta name=\"twitter:label1\" content=\"Gesch\u00e4tzte Lesezeit\" \/>\n\t<meta name=\"twitter:data1\" content=\"1\u00a0Minute\" \/>\n<script type=\"application\/ld+json\" class=\"yoast-schema-graph\">{\"@context\":\"https:\/\/schema.org\",\"@graph\":[{\"@type\":\"WebPage\",\"@id\":\"https:\/\/www.swissraft.ch\/de\/produkt\/swing-grindelwald\/\",\"url\":\"https:\/\/www.swissraft.ch\/de\/produkt\/swing-grindelwald\/\",\"name\":\"Pendelsprung oder Swing in Grindelwald im Berner Oberland\",\"isPartOf\":{\"@id\":\"https:\/\/www.swissraft.ch\/de\/#website\"},\"primaryImageOfPage\":{\"@id\":\"https:\/\/www.swissraft.ch\/de\/produkt\/swing-grindelwald\/#primaryimage\"},\"image\":{\"@id\":\"https:\/\/www.swissraft.ch\/de\/produkt\/swing-grindelwald\/#primaryimage\"},\"thumbnailUrl\":\"https:\/\/www.swissraft.ch\/wp-content\/uploads\/2023\/04\/1-Grindelwald-776x776-1.jpg\",\"datePublished\":\"2023-04-01T22:47:23+00:00\",\"dateModified\":\"2026-03-13T03:10:07+00:00\",\"description\":\"Pendelsprung oder Swing in Grindelwald im Berner Oberland. Sie springen von einer Plattform in einen Canyon \u00fcber der schwarzen L\u00fctschine.\",\"breadcrumb\":{\"@id\":\"https:\/\/www.swissraft.ch\/de\/produkt\/swing-grindelwald\/#breadcrumb\"},\"inLanguage\":\"de\",\"potentialAction\":[{\"@type\":\"ReadAction\",\"target\":[\"https:\/\/www.swissraft.ch\/de\/produkt\/swing-grindelwald\/\"]}]},{\"@type\":\"ImageObject\",\"inLanguage\":\"de\",\"@id\":\"https:\/\/www.swissraft.ch\/de\/produkt\/swing-grindelwald\/#primaryimage\",\"url\":\"https:\/\/www.swissraft.ch\/wp-content\/uploads\/2023\/04\/1-Grindelwald-776x776-1.jpg\",\"contentUrl\":\"https:\/\/www.swissraft.ch\/wp-content\/uploads\/2023\/04\/1-Grindelwald-776x776-1.jpg\",\"width\":776,\"height\":776,\"caption\":\"Pendelsprung oder Swing in einer Schlucht in Grindelwald\"},{\"@type\":\"BreadcrumbList\",\"@id\":\"https:\/\/www.swissraft.ch\/de\/produkt\/swing-grindelwald\/#breadcrumb\",\"itemListElement\":[{\"@type\":\"ListItem\",\"position\":1,\"name\":\"Accueil\",\"item\":\"https:\/\/www.swissraft.ch\/de\/\"},{\"@type\":\"ListItem\",\"position\":2,\"name\":\"Shop\",\"item\":\"https:\/\/www.swissraft.ch\/de\/shop\/\"},{\"@type\":\"ListItem\",\"position\":3,\"name\":\"Pendelsprung &#8211; Swing \u00e0 GRINDELWALD &#8211; Plattform &#8211; 85m &#8211; Ab CHF 113.00\"}]},{\"@type\":\"WebSite\",\"@id\":\"https:\/\/www.swissraft.ch\/de\/#website\",\"url\":\"https:\/\/www.swissraft.ch\/de\/\",\"name\":\"Swissraft\",\"description\":\"To enjoy nature as it is\",\"publisher\":{\"@id\":\"https:\/\/www.swissraft.ch\/de\/#organization\"},\"potentialAction\":[{\"@type\":\"SearchAction\",\"target\":{\"@type\":\"EntryPoint\",\"urlTemplate\":\"https:\/\/www.swissraft.ch\/de\/?s={search_term_string}\"},\"query-input\":{\"@type\":\"PropertyValueSpecification\",\"valueRequired\":true,\"valueName\":\"search_term_string\"}}],\"inLanguage\":\"de\"},{\"@type\":\"Organization\",\"@id\":\"https:\/\/www.swissraft.ch\/de\/#organization\",\"name\":\"Swissraft\",\"url\":\"https:\/\/www.swissraft.ch\/de\/\",\"logo\":{\"@type\":\"ImageObject\",\"inLanguage\":\"de\",\"@id\":\"https:\/\/www.swissraft.ch\/de\/#\/schema\/logo\/image\/\",\"url\":\"https:\/\/www.swissraft.ch\/wp-content\/uploads\/2025\/09\/Capture.jpg\",\"contentUrl\":\"https:\/\/www.swissraft.ch\/wp-content\/uploads\/2025\/09\/Capture.jpg\",\"width\":293,\"height\":108,\"caption\":\"Swissraft\"},\"image\":{\"@id\":\"https:\/\/www.swissraft.ch\/de\/#\/schema\/logo\/image\/\"}}]}<\/script>\n<!-- \/ Yoast SEO plugin. -->","yoast_head_json":{"title":"Pendelsprung oder Swing in Grindelwald im Berner Oberland","description":"Pendelsprung oder Swing in Grindelwald im Berner Oberland. Sie springen von einer Plattform in einen Canyon \u00fcber der schwarzen L\u00fctschine.","robots":{"index":"index","follow":"follow","max-snippet":"max-snippet:-1","max-image-preview":"max-image-preview:large","max-video-preview":"max-video-preview:-1"},"canonical":"https:\/\/www.swissraft.ch\/de\/produkt\/swing-grindelwald\/","og_locale":"de_DE","og_type":"article","og_title":"Pendelsprung oder Swing in Grindelwald im Berner Oberland","og_description":"Pendelsprung oder Swing in Grindelwald im Berner Oberland. Sie springen von einer Plattform in einen Canyon \u00fcber der schwarzen L\u00fctschine.","og_url":"https:\/\/www.swissraft.ch\/de\/produkt\/swing-grindelwald\/","og_site_name":"Swissraft","article_modified_time":"2026-03-13T03:10:07+00:00","og_image":[{"width":776,"height":776,"url":"https:\/\/www.swissraft.ch\/wp-content\/uploads\/2023\/04\/1-Grindelwald-776x776-1.jpg","type":"image\/jpeg"}],"twitter_card":"summary_large_image","twitter_misc":{"Gesch\u00e4tzte Lesezeit":"1\u00a0Minute"},"schema":{"@context":"https:\/\/schema.org","@graph":[{"@type":"WebPage","@id":"https:\/\/www.swissraft.ch\/de\/produkt\/swing-grindelwald\/","url":"https:\/\/www.swissraft.ch\/de\/produkt\/swing-grindelwald\/","name":"Pendelsprung oder Swing in Grindelwald im Berner Oberland","isPartOf":{"@id":"https:\/\/www.swissraft.ch\/de\/#website"},"primaryImageOfPage":{"@id":"https:\/\/www.swissraft.ch\/de\/produkt\/swing-grindelwald\/#primaryimage"},"image":{"@id":"https:\/\/www.swissraft.ch\/de\/produkt\/swing-grindelwald\/#primaryimage"},"thumbnailUrl":"https:\/\/www.swissraft.ch\/wp-content\/uploads\/2023\/04\/1-Grindelwald-776x776-1.jpg","datePublished":"2023-04-01T22:47:23+00:00","dateModified":"2026-03-13T03:10:07+00:00","description":"Pendelsprung oder Swing in Grindelwald im Berner Oberland. Sie springen von einer Plattform in einen Canyon \u00fcber der schwarzen L\u00fctschine.","breadcrumb":{"@id":"https:\/\/www.swissraft.ch\/de\/produkt\/swing-grindelwald\/#breadcrumb"},"inLanguage":"de","potentialAction":[{"@type":"ReadAction","target":["https:\/\/www.swissraft.ch\/de\/produkt\/swing-grindelwald\/"]}]},{"@type":"ImageObject","inLanguage":"de","@id":"https:\/\/www.swissraft.ch\/de\/produkt\/swing-grindelwald\/#primaryimage","url":"https:\/\/www.swissraft.ch\/wp-content\/uploads\/2023\/04\/1-Grindelwald-776x776-1.jpg","contentUrl":"https:\/\/www.swissraft.ch\/wp-content\/uploads\/2023\/04\/1-Grindelwald-776x776-1.jpg","width":776,"height":776,"caption":"Pendelsprung oder Swing in einer Schlucht in Grindelwald"},{"@type":"BreadcrumbList","@id":"https:\/\/www.swissraft.ch\/de\/produkt\/swing-grindelwald\/#breadcrumb","itemListElement":[{"@type":"ListItem","position":1,"name":"Accueil","item":"https:\/\/www.swissraft.ch\/de\/"},{"@type":"ListItem","position":2,"name":"Shop","item":"https:\/\/www.swissraft.ch\/de\/shop\/"},{"@type":"ListItem","position":3,"name":"Pendelsprung &#8211; Swing \u00e0 GRINDELWALD &#8211; Plattform &#8211; 85m &#8211; Ab CHF 113.00"}]},{"@type":"WebSite","@id":"https:\/\/www.swissraft.ch\/de\/#website","url":"https:\/\/www.swissraft.ch\/de\/","name":"Swissraft","description":"To enjoy nature as it is","publisher":{"@id":"https:\/\/www.swissraft.ch\/de\/#organization"},"potentialAction":[{"@type":"SearchAction","target":{"@type":"EntryPoint","urlTemplate":"https:\/\/www.swissraft.ch\/de\/?s={search_term_string}"},"query-input":{"@type":"PropertyValueSpecification","valueRequired":true,"valueName":"search_term_string"}}],"inLanguage":"de"},{"@type":"Organization","@id":"https:\/\/www.swissraft.ch\/de\/#organization","name":"Swissraft","url":"https:\/\/www.swissraft.ch\/de\/","logo":{"@type":"ImageObject","inLanguage":"de","@id":"https:\/\/www.swissraft.ch\/de\/#\/schema\/logo\/image\/","url":"https:\/\/www.swissraft.ch\/wp-content\/uploads\/2025\/09\/Capture.jpg","contentUrl":"https:\/\/www.swissraft.ch\/wp-content\/uploads\/2025\/09\/Capture.jpg","width":293,"height":108,"caption":"Swissraft"},"image":{"@id":"https:\/\/www.swissraft.ch\/de\/#\/schema\/logo\/image\/"}}]}},"_links":{"self":[{"href":"https:\/\/www.swissraft.ch\/de\/wp-json\/wp\/v2\/product\/91358","targetHints":{"allow":["GET"]}}],"collection":[{"href":"https:\/\/www.swissraft.ch\/de\/wp-json\/wp\/v2\/product"}],"about":[{"href":"https:\/\/www.swissraft.ch\/de\/wp-json\/wp\/v2\/types\/product"}],"replies":[{"embeddable":true,"href":"https:\/\/www.swissraft.ch\/de\/wp-json\/wp\/v2\/comments?post=91358"}],"version-history":[{"count":26,"href":"https:\/\/www.swissraft.ch\/de\/wp-json\/wp\/v2\/product\/91358\/revisions"}],"predecessor-version":[{"id":132756,"href":"https:\/\/www.swissraft.ch\/de\/wp-json\/wp\/v2\/product\/91358\/revisions\/132756"}],"wp:featuredmedia":[{"embeddable":true,"href":"https:\/\/www.swissraft.ch\/de\/wp-json\/wp\/v2\/media\/89575"}],"wp:attachment":[{"href":"https:\/\/www.swissraft.ch\/de\/wp-json\/wp\/v2\/media?parent=91358"}],"wp:term":[{"taxonomy":"product_cat","embeddable":true,"href":"https:\/\/www.swissraft.ch\/de\/wp-json\/wp\/v2\/product_cat?post=91358"},{"taxonomy":"product_tag","embeddable":true,"href":"https:\/\/www.swissraft.ch\/de\/wp-json\/wp\/v2\/product_tag?post=91358"}],"curies":[{"name":"wp","href":"https:\/\/api.w.org\/{rel}","templated":true}]}}