{"id":91357,"date":"2023-03-19T17:30:19","date_gmt":"2023-03-19T16:30:19","guid":{"rendered":"https:\/\/swissraft.xyanzkdne.eu\/product\/schulreise-nach-pays-denhaut-rafting-sarine-saanen-chateau-doex-chf-80-00\/"},"modified":"2025-06-27T23:13:25","modified_gmt":"2025-06-27T21:13:25","slug":"schulreise-pays-enhaut-rafting-saane-saanen-chateau-d-oex","status":"publish","type":"product","link":"https:\/\/www.swissraft.ch\/de\/produkt\/schulreise-pays-enhaut-rafting-saane-saanen-chateau-d-oex\/","title":{"rendered":"Schulreise nach PAYS D&#8217;ENHAUT &#8211; RAFTING &#8211; DIE SAANE &#8211; SAANEN-CH\u00c2TEAU D&#8217;OEX &#8211; CHF 100.00"},"content":{"rendered":"\t\t<div data-elementor-type=\"wp-post\" data-elementor-id=\"91357\" class=\"elementor elementor-91357 elementor-31807\">\n\t\t\t\t\t\t\t\t\t<section class=\"elementor-section elementor-top-section elementor-element elementor-element-3303a7e3 elementor-section-boxed elementor-section-height-default elementor-section-height-default\" data-id=\"3303a7e3\" data-element_type=\"section\">\n\t\t\t\t\t\t<div class=\"elementor-container elementor-column-gap-default\">\n\t\t\t\t\t<div class=\"elementor-column elementor-col-100 elementor-top-column elementor-element elementor-element-16d72dbf\" data-id=\"16d72dbf\" data-element_type=\"column\">\n\t\t\t<div class=\"elementor-widget-wrap elementor-element-populated\">\n\t\t\t\t\t\t\t\t<div class=\"elementor-element elementor-element-d743c03 elementor-widget elementor-widget-text-editor\" data-id=\"d743c03\" data-element_type=\"widget\" data-widget_type=\"text-editor.default\">\n\t\t\t\t<div class=\"elementor-widget-container\">\n\t\t\t\t\t\t\t<h2>W\u00c4HLEN SIE UNTEN IHRE AKTIVIT\u00c4T AUS, UM GESCHENKGUTSCHEINE \/ TICKETS ZU VERSCHENKEN ODER ZU BUCHEN.<\/h2>\n<table border=\"0\" width=\"580\" cellspacing=\"10\" cellpadding=\"10\">\n<tbody>\n<tr>\n<td width=\"50%\"><strong>SCHULREISE &#8211; RAFTING &#8211; SAANE + Imbiss<\/strong><\/td>\n<td><strong>CHF 100.00 pro Sch\u00fcler<span class=\"productPrice\"><br \/><\/span><\/strong><\/td>\n<\/tr>\n<tr>\n<td>Zus\u00e4tzliche Informationen<\/td>\n<td>&#8211;<span class=\"patt\"> Mindestalter 10 Jahre<br \/><\/span>&#8211; Erwachsene Begleitperson erforderlich<\/td>\n<\/tr>\n<tr>\n<td>Strecke<\/td>\n<td><strong>Saanen-Ch\u00e2teau d&#8217;Oex<\/strong><\/td>\n<\/tr>\n<tr>\n<td>Startzeiten<\/td>\n<td>10:00 Uhr \/ 14:00 Uhr<\/td>\n<\/tr>\n<tr>\n<td>Rafting<\/td>\n<td>ca. 1,5 Std.<\/td>\n<\/tr>\n<tr>\n<td>Gesamtdauer<\/td>\n<td>ca. 3 Std.<\/td>\n<\/tr>\n<tr>\n<td>Treffpunkt<\/td>\n<td><span style=\"color: #ff6600;\"><a href=\"https:\/\/www.google.com\/maps\/place\/46%C2%B028'03.8%22N+7%C2%B007'32.8%22E\/@46.4677963,7.1234029,472m\/data=!3m1!1e3!4m4!3m3!8m2!3d46.467715!4d7.125784?entry=ttu&amp;g_ep=EgoyMDI1MDIwNS4wIKXMDSoASAFQAw%3D%3D\" target=\"_blank\" rel=\"noopener\">Campingplatz du berceau<\/a><\/span><\/td>\n<\/tr>\n<tr>\n<td>Schwierigkeitsgrad<\/td>\n<td>2-3+<\/td>\n<\/tr>\n<tr>\n<td> <\/td>\n<td>Um zu buchen : <span style=\"color: #ff6600;\"><a href=\"https:\/\/www.swissraft.ch\/de\/kontakt\/\">Kontaktieren Sie uns<\/a><\/span><\/td>\n<\/tr>\n<\/tbody>\n<\/table>\n\t\t\t\t\t\t<\/div>\n\t\t\t\t<\/div>\n\t\t\t\t\t<\/div>\n\t\t<\/div>\n\t\t\t\t\t\t\t<\/div>\n\t\t<\/section>\n\t\t\t\t\t\t\t<\/div>\n\t\t","protected":false},"excerpt":{"rendered":"<div align=\"justify\">\n<h2 align=\"justify\">F\u00fcr einen Schulausflug ist das Rafting auf der Saane eine perfekte Aktivit\u00e4t.<\/h2>\n<h3>Sie fahren mit dem Raft von Saanen nach Les Moulins. Eine bemerkenswerte Strecke, die Sie durch die G\u00e9rignoz- und Vanel-Schlucht f\u00fchrt.<\/h3>\n<\/div>\n<div align=\"justify\">\n<p>Die Schulreise beginnt in Saanen. Die Sch\u00fcler steigen in die Rafts, sind aufgeregt und bereit zu paddeln. Schon bald wurden sie von der Sarine weggesp\u00fclt. Sie gehen mit Begeisterung zu den M\u00fchlen hinunter. Das flie\u00dfende Wasser dr\u00e4ngt sie immer wieder zur\u00fcck.<br \/>\nDann taucht die ber\u00fchmte Gerignoz Schlucht auf. Diese Passage ist eng und spektakul\u00e4r. Die W\u00e4nde werden enger. Das Wasser beschleunigt sich, die Wellen werden tiefer. Die Fl\u00f6\u00dfe schwanken. Die Sch\u00fcler lachen und schreien vor Adrenalin.<br \/>\nSie m\u00fcssen jedoch konzentriert bleiben. Ein Hindernis folgt dem anderen. Die Reiseleiter f\u00fchren die Besatzungen mit Pr\u00e4zision. Jeder Ruderschlag z\u00e4hlt. Die Felsen ziehen rechts und links an den Rafts vorbei. Schlie\u00dflich, nach intensiven Momenten, beruhigt sich der Fluss.<br \/>\nDie Klasse erreicht Les Moulins, ein wenig m\u00fcde, aber gl\u00fccklich. Diese Abfahrt wird in Erinnerung bleiben. Die Sch\u00f6nheit der G\u00e9rignoz-Schlucht und das Abenteuer auf der Saane begeisterten alle Sch\u00fcler.<\/p>\n<h3>Neben dem Rafting auf der Saane im Pays d&#8217;Enhaut bieten wir auch andere Strecken f\u00fcr Klassenausfl\u00fcge an.<\/h3>\n<p id=\"textarea\" style=\"display: none;\">\nIm Wallis k\u00f6nnen Sie auf der Rh\u00f4ne, der Vispa und der Dranse de Bagnes Rafting machen. Auch auf der L\u00fctschine im Berner Oberland und auch auf der Simme im Simmental. Dasselbe gilt f\u00fcr den Rhein in Graub\u00fcnden zwischen Ilanz und Reichenau.<br \/>\nWenn Sie eine ruhigere Fahrt bevorzugen, sollten Sie sich f\u00fcr das Easy Rafting entscheiden, das auch als Fun Rafting bekannt ist. Wir bieten 12 verschiedene Easy Rafting Strecken auf 5 Fl\u00fcssen im Berner Oberland, in der Ostschweiz, in Graub\u00fcnden und im Tessin f\u00fcr einen Schulausflug an.\n<\/p>\n<p><a id=\"seeMore\" onclick=\"toggleSeeMore()\" href=\"javascript:void(0);\">Lesen Sie mehr<\/a><\/p>\n","protected":false},"featured_media":90883,"comment_status":"open","ping_status":"closed","template":"","meta":{"inline_featured_image":false,"_mi_skip_tracking":false},"product_cat":[275,637,276],"product_tag":[],"class_list":["post-91357","product","type-product","status-publish","has-post-thumbnail","hentry","product_cat-gruppen","product_cat-schulausflug-rafting-in-der-schweiz","product_cat-schulreise-klassenausflug"],"yoast_head":"<!-- This site is optimized with the Yoast SEO plugin v23.6 - https:\/\/yoast.com\/wordpress\/plugins\/seo\/ -->\n<title>Schulreise Rafting Saane<\/title>\n<meta name=\"description\" content=\"Schulreise Rafting Saane. Diese Strecke zwischen Saanen und Ch\u00e2teau d&#039;Oex ist eine attraktive Abfahrt. Ab dem Alter von 10 Jahren f\u00fcr Sch\u00fcler in Begleitung.\" \/>\n<meta name=\"robots\" content=\"index, follow, max-snippet:-1, max-image-preview:large, max-video-preview:-1\" \/>\n<link rel=\"canonical\" href=\"https:\/\/www.swissraft.ch\/de\/produkt\/schulreise-pays-enhaut-rafting-saane-saanen-chateau-d-oex\/\" \/>\n<meta property=\"og:locale\" content=\"de_DE\" \/>\n<meta property=\"og:type\" content=\"article\" \/>\n<meta property=\"og:title\" content=\"Schulreise Rafting Saane\" \/>\n<meta property=\"og:description\" content=\"Schulreise Rafting Saane. Diese Strecke zwischen Saanen und Ch\u00e2teau d&#039;Oex ist eine attraktive Abfahrt. Ab dem Alter von 10 Jahren f\u00fcr Sch\u00fcler in Begleitung.\" \/>\n<meta property=\"og:url\" content=\"https:\/\/www.swissraft.ch\/de\/produkt\/schulreise-pays-enhaut-rafting-saane-saanen-chateau-d-oex\/\" \/>\n<meta property=\"og:site_name\" content=\"Swissraft\" \/>\n<meta property=\"article:modified_time\" content=\"2025-06-27T21:13:25+00:00\" \/>\n<meta property=\"og:image\" content=\"https:\/\/www.swissraft.ch\/wp-content\/uploads\/2023\/03\/1-2-Saane-776x776-1.jpg\" \/>\n\t<meta property=\"og:image:width\" content=\"776\" \/>\n\t<meta property=\"og:image:height\" content=\"776\" \/>\n\t<meta property=\"og:image:type\" content=\"image\/jpeg\" \/>\n<meta name=\"twitter:card\" content=\"summary_large_image\" \/>\n<meta name=\"twitter:label1\" content=\"Gesch\u00e4tzte Lesezeit\" \/>\n\t<meta name=\"twitter:data1\" content=\"1\u00a0Minute\" \/>\n<script type=\"application\/ld+json\" class=\"yoast-schema-graph\">{\"@context\":\"https:\/\/schema.org\",\"@graph\":[{\"@type\":\"WebPage\",\"@id\":\"https:\/\/www.swissraft.ch\/de\/produkt\/schulreise-pays-enhaut-rafting-saane-saanen-chateau-d-oex\/\",\"url\":\"https:\/\/www.swissraft.ch\/de\/produkt\/schulreise-pays-enhaut-rafting-saane-saanen-chateau-d-oex\/\",\"name\":\"Schulreise Rafting Saane\",\"isPartOf\":{\"@id\":\"https:\/\/www.swissraft.ch\/de\/#website\"},\"primaryImageOfPage\":{\"@id\":\"https:\/\/www.swissraft.ch\/de\/produkt\/schulreise-pays-enhaut-rafting-saane-saanen-chateau-d-oex\/#primaryimage\"},\"image\":{\"@id\":\"https:\/\/www.swissraft.ch\/de\/produkt\/schulreise-pays-enhaut-rafting-saane-saanen-chateau-d-oex\/#primaryimage\"},\"thumbnailUrl\":\"https:\/\/www.swissraft.ch\/wp-content\/uploads\/2023\/03\/1-2-Saane-776x776-1.jpg\",\"datePublished\":\"2023-03-19T16:30:19+00:00\",\"dateModified\":\"2025-06-27T21:13:25+00:00\",\"description\":\"Schulreise Rafting Saane. Diese Strecke zwischen Saanen und Ch\u00e2teau d'Oex ist eine attraktive Abfahrt. Ab dem Alter von 10 Jahren f\u00fcr Sch\u00fcler in Begleitung.\",\"breadcrumb\":{\"@id\":\"https:\/\/www.swissraft.ch\/de\/produkt\/schulreise-pays-enhaut-rafting-saane-saanen-chateau-d-oex\/#breadcrumb\"},\"inLanguage\":\"de\",\"potentialAction\":[{\"@type\":\"ReadAction\",\"target\":[\"https:\/\/www.swissraft.ch\/de\/produkt\/schulreise-pays-enhaut-rafting-saane-saanen-chateau-d-oex\/\"]}]},{\"@type\":\"ImageObject\",\"inLanguage\":\"de\",\"@id\":\"https:\/\/www.swissraft.ch\/de\/produkt\/schulreise-pays-enhaut-rafting-saane-saanen-chateau-d-oex\/#primaryimage\",\"url\":\"https:\/\/www.swissraft.ch\/wp-content\/uploads\/2023\/03\/1-2-Saane-776x776-1.jpg\",\"contentUrl\":\"https:\/\/www.swissraft.ch\/wp-content\/uploads\/2023\/03\/1-2-Saane-776x776-1.jpg\",\"width\":776,\"height\":776,\"caption\":\"Rafting-Schulreise auf der Saane im Pays d'Enhaut\"},{\"@type\":\"BreadcrumbList\",\"@id\":\"https:\/\/www.swissraft.ch\/de\/produkt\/schulreise-pays-enhaut-rafting-saane-saanen-chateau-d-oex\/#breadcrumb\",\"itemListElement\":[{\"@type\":\"ListItem\",\"position\":1,\"name\":\"Accueil\",\"item\":\"https:\/\/www.swissraft.ch\/de\/\"},{\"@type\":\"ListItem\",\"position\":2,\"name\":\"Shop\",\"item\":\"https:\/\/www.swissraft.ch\/de\/shop\/\"},{\"@type\":\"ListItem\",\"position\":3,\"name\":\"Schulreise nach PAYS D&#8217;ENHAUT &#8211; RAFTING &#8211; DIE SAANE &#8211; SAANEN-CH\u00c2TEAU D&#8217;OEX &#8211; CHF 100.00\"}]},{\"@type\":\"WebSite\",\"@id\":\"https:\/\/www.swissraft.ch\/de\/#website\",\"url\":\"https:\/\/www.swissraft.ch\/de\/\",\"name\":\"Swissraft\",\"description\":\"To enjoy nature as it is\",\"publisher\":{\"@id\":\"https:\/\/www.swissraft.ch\/de\/#organization\"},\"potentialAction\":[{\"@type\":\"SearchAction\",\"target\":{\"@type\":\"EntryPoint\",\"urlTemplate\":\"https:\/\/www.swissraft.ch\/de\/?s={search_term_string}\"},\"query-input\":{\"@type\":\"PropertyValueSpecification\",\"valueRequired\":true,\"valueName\":\"search_term_string\"}}],\"inLanguage\":\"de\"},{\"@type\":\"Organization\",\"@id\":\"https:\/\/www.swissraft.ch\/de\/#organization\",\"name\":\"Swissraft\",\"url\":\"https:\/\/www.swissraft.ch\/de\/\",\"logo\":{\"@type\":\"ImageObject\",\"inLanguage\":\"de\",\"@id\":\"https:\/\/www.swissraft.ch\/de\/#\/schema\/logo\/image\/\",\"url\":\"https:\/\/www.swissraft.ch\/wp-content\/uploads\/2025\/09\/Capture.jpg\",\"contentUrl\":\"https:\/\/www.swissraft.ch\/wp-content\/uploads\/2025\/09\/Capture.jpg\",\"width\":293,\"height\":108,\"caption\":\"Swissraft\"},\"image\":{\"@id\":\"https:\/\/www.swissraft.ch\/de\/#\/schema\/logo\/image\/\"}}]}<\/script>\n<!-- \/ Yoast SEO plugin. -->","yoast_head_json":{"title":"Schulreise Rafting Saane","description":"Schulreise Rafting Saane. Diese Strecke zwischen Saanen und Ch\u00e2teau d'Oex ist eine attraktive Abfahrt. Ab dem Alter von 10 Jahren f\u00fcr Sch\u00fcler in Begleitung.","robots":{"index":"index","follow":"follow","max-snippet":"max-snippet:-1","max-image-preview":"max-image-preview:large","max-video-preview":"max-video-preview:-1"},"canonical":"https:\/\/www.swissraft.ch\/de\/produkt\/schulreise-pays-enhaut-rafting-saane-saanen-chateau-d-oex\/","og_locale":"de_DE","og_type":"article","og_title":"Schulreise Rafting Saane","og_description":"Schulreise Rafting Saane. Diese Strecke zwischen Saanen und Ch\u00e2teau d'Oex ist eine attraktive Abfahrt. Ab dem Alter von 10 Jahren f\u00fcr Sch\u00fcler in Begleitung.","og_url":"https:\/\/www.swissraft.ch\/de\/produkt\/schulreise-pays-enhaut-rafting-saane-saanen-chateau-d-oex\/","og_site_name":"Swissraft","article_modified_time":"2025-06-27T21:13:25+00:00","og_image":[{"width":776,"height":776,"url":"https:\/\/www.swissraft.ch\/wp-content\/uploads\/2023\/03\/1-2-Saane-776x776-1.jpg","type":"image\/jpeg"}],"twitter_card":"summary_large_image","twitter_misc":{"Gesch\u00e4tzte Lesezeit":"1\u00a0Minute"},"schema":{"@context":"https:\/\/schema.org","@graph":[{"@type":"WebPage","@id":"https:\/\/www.swissraft.ch\/de\/produkt\/schulreise-pays-enhaut-rafting-saane-saanen-chateau-d-oex\/","url":"https:\/\/www.swissraft.ch\/de\/produkt\/schulreise-pays-enhaut-rafting-saane-saanen-chateau-d-oex\/","name":"Schulreise Rafting Saane","isPartOf":{"@id":"https:\/\/www.swissraft.ch\/de\/#website"},"primaryImageOfPage":{"@id":"https:\/\/www.swissraft.ch\/de\/produkt\/schulreise-pays-enhaut-rafting-saane-saanen-chateau-d-oex\/#primaryimage"},"image":{"@id":"https:\/\/www.swissraft.ch\/de\/produkt\/schulreise-pays-enhaut-rafting-saane-saanen-chateau-d-oex\/#primaryimage"},"thumbnailUrl":"https:\/\/www.swissraft.ch\/wp-content\/uploads\/2023\/03\/1-2-Saane-776x776-1.jpg","datePublished":"2023-03-19T16:30:19+00:00","dateModified":"2025-06-27T21:13:25+00:00","description":"Schulreise Rafting Saane. Diese Strecke zwischen Saanen und Ch\u00e2teau d'Oex ist eine attraktive Abfahrt. Ab dem Alter von 10 Jahren f\u00fcr Sch\u00fcler in Begleitung.","breadcrumb":{"@id":"https:\/\/www.swissraft.ch\/de\/produkt\/schulreise-pays-enhaut-rafting-saane-saanen-chateau-d-oex\/#breadcrumb"},"inLanguage":"de","potentialAction":[{"@type":"ReadAction","target":["https:\/\/www.swissraft.ch\/de\/produkt\/schulreise-pays-enhaut-rafting-saane-saanen-chateau-d-oex\/"]}]},{"@type":"ImageObject","inLanguage":"de","@id":"https:\/\/www.swissraft.ch\/de\/produkt\/schulreise-pays-enhaut-rafting-saane-saanen-chateau-d-oex\/#primaryimage","url":"https:\/\/www.swissraft.ch\/wp-content\/uploads\/2023\/03\/1-2-Saane-776x776-1.jpg","contentUrl":"https:\/\/www.swissraft.ch\/wp-content\/uploads\/2023\/03\/1-2-Saane-776x776-1.jpg","width":776,"height":776,"caption":"Rafting-Schulreise auf der Saane im Pays d'Enhaut"},{"@type":"BreadcrumbList","@id":"https:\/\/www.swissraft.ch\/de\/produkt\/schulreise-pays-enhaut-rafting-saane-saanen-chateau-d-oex\/#breadcrumb","itemListElement":[{"@type":"ListItem","position":1,"name":"Accueil","item":"https:\/\/www.swissraft.ch\/de\/"},{"@type":"ListItem","position":2,"name":"Shop","item":"https:\/\/www.swissraft.ch\/de\/shop\/"},{"@type":"ListItem","position":3,"name":"Schulreise nach PAYS D&#8217;ENHAUT &#8211; RAFTING &#8211; DIE SAANE &#8211; SAANEN-CH\u00c2TEAU D&#8217;OEX &#8211; CHF 100.00"}]},{"@type":"WebSite","@id":"https:\/\/www.swissraft.ch\/de\/#website","url":"https:\/\/www.swissraft.ch\/de\/","name":"Swissraft","description":"To enjoy nature as it is","publisher":{"@id":"https:\/\/www.swissraft.ch\/de\/#organization"},"potentialAction":[{"@type":"SearchAction","target":{"@type":"EntryPoint","urlTemplate":"https:\/\/www.swissraft.ch\/de\/?s={search_term_string}"},"query-input":{"@type":"PropertyValueSpecification","valueRequired":true,"valueName":"search_term_string"}}],"inLanguage":"de"},{"@type":"Organization","@id":"https:\/\/www.swissraft.ch\/de\/#organization","name":"Swissraft","url":"https:\/\/www.swissraft.ch\/de\/","logo":{"@type":"ImageObject","inLanguage":"de","@id":"https:\/\/www.swissraft.ch\/de\/#\/schema\/logo\/image\/","url":"https:\/\/www.swissraft.ch\/wp-content\/uploads\/2025\/09\/Capture.jpg","contentUrl":"https:\/\/www.swissraft.ch\/wp-content\/uploads\/2025\/09\/Capture.jpg","width":293,"height":108,"caption":"Swissraft"},"image":{"@id":"https:\/\/www.swissraft.ch\/de\/#\/schema\/logo\/image\/"}}]}},"_links":{"self":[{"href":"https:\/\/www.swissraft.ch\/de\/wp-json\/wp\/v2\/product\/91357","targetHints":{"allow":["GET"]}}],"collection":[{"href":"https:\/\/www.swissraft.ch\/de\/wp-json\/wp\/v2\/product"}],"about":[{"href":"https:\/\/www.swissraft.ch\/de\/wp-json\/wp\/v2\/types\/product"}],"replies":[{"embeddable":true,"href":"https:\/\/www.swissraft.ch\/de\/wp-json\/wp\/v2\/comments?post=91357"}],"version-history":[{"count":14,"href":"https:\/\/www.swissraft.ch\/de\/wp-json\/wp\/v2\/product\/91357\/revisions"}],"predecessor-version":[{"id":118901,"href":"https:\/\/www.swissraft.ch\/de\/wp-json\/wp\/v2\/product\/91357\/revisions\/118901"}],"wp:featuredmedia":[{"embeddable":true,"href":"https:\/\/www.swissraft.ch\/de\/wp-json\/wp\/v2\/media\/90883"}],"wp:attachment":[{"href":"https:\/\/www.swissraft.ch\/de\/wp-json\/wp\/v2\/media?parent=91357"}],"wp:term":[{"taxonomy":"product_cat","embeddable":true,"href":"https:\/\/www.swissraft.ch\/de\/wp-json\/wp\/v2\/product_cat?post=91357"},{"taxonomy":"product_tag","embeddable":true,"href":"https:\/\/www.swissraft.ch\/de\/wp-json\/wp\/v2\/product_tag?post=91357"}],"curies":[{"name":"wp","href":"https:\/\/api.w.org\/{rel}","templated":true}]}}