{"id":91355,"date":"2023-10-30T23:29:35","date_gmt":"2023-10-30T22:29:35","guid":{"rendered":"https:\/\/swissraft.xyanzkdne.eu\/product\/heliskiing-im-valais-la-rosablanche-3299-m-ab-chf-195-00\/"},"modified":"2026-02-19T19:31:12","modified_gmt":"2026-02-19T18:31:12","slug":"heliskiing-wallis-rosablanche","status":"publish","type":"product","link":"https:\/\/www.swissraft.ch\/de\/produkt\/heliskiing-wallis-rosablanche\/","title":{"rendered":"Heliskiing im WALLIS &#8211; ROSABLANCHE 3299 m &#8211; Ab CHF 210.00"},"content":{"rendered":"\t\t<div data-elementor-type=\"wp-post\" data-elementor-id=\"91355\" class=\"elementor elementor-91355 elementor-50058\">\n\t\t\t\t\t\t\t\t\t<section class=\"elementor-section elementor-top-section elementor-element elementor-element-3303a7e3 elementor-section-boxed elementor-section-height-default elementor-section-height-default\" data-id=\"3303a7e3\" data-element_type=\"section\">\n\t\t\t\t\t\t<div class=\"elementor-container elementor-column-gap-default\">\n\t\t\t\t\t<div class=\"elementor-column elementor-col-100 elementor-top-column elementor-element elementor-element-16d72dbf\" data-id=\"16d72dbf\" data-element_type=\"column\">\n\t\t\t<div class=\"elementor-widget-wrap elementor-element-populated\">\n\t\t\t\t\t\t\t\t<div class=\"elementor-element elementor-element-d743c03 elementor-widget elementor-widget-text-editor\" data-id=\"d743c03\" data-element_type=\"widget\" data-widget_type=\"text-editor.default\">\n\t\t\t\t<div class=\"elementor-widget-container\">\n\t\t\t\t\t\t\t<h2>W\u00c4HLEN SIE UNTEN IHRE AKTIVIT\u00c4T AUS, UM GESCHENKGUTSCHEINE \/ TICKETS ZU VERSCHENKEN ODER ZU BUCHEN.<\/h2><table border=\"0\" width=\"580\" cellspacing=\"10\" cellpadding=\"10\"><tbody><tr><td width=\"50%\"><strong>1) ROSABLANCHE MIT HELSKIING 3299 m &#8211; (4 Pers. + 1 Bergf\u00fchrer) &#8211; AB LE BEC DE NENDAZ<\/strong><\/td><td><strong>CHF 210.00 pro Person<span class=\"productPrice\"><br \/><\/span><\/strong><\/td><\/tr><tr><td>Weitere Informationen<\/td><td><span class=\"patt\">&#8211; Basic Sicherheitsrucksack (Barryvox, Schaufel, Sonde, Gurt) ca. <strong>CHF 30.00<\/strong>\/Pers.<br \/>&#8211; Kompletter Sicherheitsrucksack mit ABS (Absacker, Barryvox, Schaufel, Sonde, Gurt) ca. <strong>CHF 60.00<\/strong>\/Pers.<br \/>&#8211; Das Honorar f\u00fcr den Bergf\u00fchrer ist nicht inbegriffen<br \/>&#8211; Minimum 3 Pers. + 1 Bergf\u00fchrer<br \/><\/span><\/td><\/tr><tr><td>Heliport<\/td><td>Le Bec de Nendaz<\/td><\/tr><tr><td>Hinweis<\/td><td>Bergf\u00fchrer erforderlich<\/td><\/tr><tr><td>Termin<\/td><td>Per Telefon<\/td><\/tr><tr><td><button class=\"elementor-button\" type=\"button\"><a href=\"https:\/\/swissraft.outdoorbooking.ch\/fo\/products\/gift_vouchers?base_id=137&amp;category_id=36&amp;id=579&amp;lang=de\" target=\"_blank\" rel=\"noopener\">GUTSCHEIN \/ TICKET KAUFEN<\/a><\/button><\/td><td><strong>CHF 840.00<\/strong> (1-3 pers. + 1 Bergf\u00fchrer)<\/td><\/tr><tr><td><button class=\"elementor-button\" type=\"button\"><a href=\"https:\/\/swissraft.outdoorbooking.ch\/fo\/products\/gift_vouchers?base_id=137&amp;category_id=36&amp;id=579&amp;lang=de\" target=\"_blank\" rel=\"noopener\">GUTSCHEIN \/ TICKET KAUFEN<\/a><\/button><\/td><td><strong>CHF 1&#8217;050<\/strong>\u00a0(4 pers. + 1 Bergf\u00fchrer)<\/td><\/tr><tr><td>\u00a0<\/td><td><strong><em>WICHTIG !<\/em><\/strong><br \/><em>Um zu reservieren, rufen Sie die Nummer an, die sich oben links auf dem Gutschein \/ Ticket befindet.<\/em><\/td><\/tr><\/tbody><\/table><table border=\"0\" width=\"580\" cellspacing=\"10\" cellpadding=\"10\"><tbody><tr><td width=\"50%\"><strong>2) ROSABLANCHE 3299 m &#8211; (4 Pers. + 1 F\u00fchrer) &#8211; AB SITTEN<\/strong><\/td><td><strong>CHF 240.00 pro Person<span class=\"productPrice\"><br \/><\/span><\/strong><\/td><\/tr><tr><td>Weitere Informationen<\/td><td><span class=\"patt\">&#8211; Basic Sicherheitsrucksack (Barryvox, Schaufel, Sonde, Gurt) ca. <strong>CHF 30.00<\/strong>\/Pers.<br \/>&#8211; Kompletter Sicherheitsrucksack mit ABS (Absacker, Barryvox, Schaufel, Sonde, Gurt) ca. <strong>CHF 60.00<\/strong>\/Pers.<br \/>&#8211; Das Honorar f\u00fcr den Bergf\u00fchrer ist nicht inbegriffen<br \/>&#8211; Minimum 3 Pers. + 1 Bergf\u00fchrer<br \/><\/span><\/td><\/tr><tr><td>Flughafen<\/td><td>Sitten<\/td><\/tr><tr><td>Hinweis<\/td><td>Bergf\u00fchrer erforderlich<\/td><\/tr><tr><td>Termin<\/td><td>Per Telefon<\/td><\/tr><tr><td><button class=\"elementor-button\" type=\"button\"><a href=\"https:\/\/swissraft.outdoorbooking.ch\/fo\/products\/gift_vouchers?base_id=137&amp;category_id=36&amp;id=2124&amp;lang=de\" target=\"_blank\" rel=\"noopener\">GUTSCHEIN \/ TICKET KAUFEN<\/a><\/button><\/td><td>\u00a0<\/td><\/tr><tr><td><button class=\"elementor-button\" type=\"button\"><a href=\"https:\/\/swissraft.outdoorbooking.ch\/fo\/products\/gift_vouchers?base_id=137&amp;category_id=36&amp;id=2124&amp;lang=de\" target=\"_blank\" rel=\"noopener\">GUTSCHEIN \/ TICKET KAUFEN<\/a><\/button><\/td><td>\u00a0<\/td><\/tr><tr><td>\u00a0<\/td><td><strong><em>WICHTIG !<\/em><\/strong><br \/><em>Um zu reservieren, rufen Sie die Nummer an, die sich oben links auf dem Gutschein \/ Ticket befindet.<\/em><\/td><\/tr><\/tbody><\/table><table border=\"0\" width=\"580\" cellspacing=\"10\" cellpadding=\"10\"><tbody><tr><td width=\"50%\"><strong>3) ROSABLANCHE 3299 m &#8211; (4 Pers. + 1 Bergf\u00fchrer) &#8211; AB AROLLA<\/strong><\/td><td><strong>CHF 240.00 pro Person<span class=\"productPrice\"><br \/><\/span><\/strong><\/td><\/tr><tr><td>Weitere Informationen<\/td><td><span class=\"patt\">&#8211; Basic Sicherheitsrucksack (Barryvox, Schaufel, Sonde, Gurt) ca. <strong>CHF 30.00<\/strong>\/Pers.<br \/>&#8211; Kompletter Sicherheitsrucksack mit ABS (Absacker, Barryvox, Schaufel, Sonde, Gurt) ca. <strong>CHF 60.00<\/strong>\/Pers.<br \/>&#8211; Das Honorar f\u00fcr den Bergf\u00fchrer ist nicht inbegriffen<br \/>&#8211; Minimum 3 Pers. + 1 Bergf\u00fchrer<br \/><\/span><\/td><\/tr><tr><td>Heliport<\/td><td>Arolla<\/td><\/tr><tr><td>Hinweis<\/td><td>Bergf\u00fchrer erforderlich<\/td><\/tr><tr><td>Termin<\/td><td>Per Telefon<\/td><\/tr><tr><td><button class=\"elementor-button\" type=\"button\"><a href=\"https:\/\/swissraft.outdoorbooking.ch\/fo\/products\/gift_vouchers?base_id=137&amp;category_id=36&amp;id=2058&amp;lang=de\" target=\"_blank\" rel=\"noopener\">GUTSCHEIN \/ TICKET KAUFEN<\/a><\/button><\/td><td>\u00a0<\/td><\/tr><tr><td><button class=\"elementor-button\" type=\"button\"><a href=\"https:\/\/swissraft.outdoorbooking.ch\/fo\/products\/gift_vouchers?base_id=137&amp;category_id=36&amp;id=2058&amp;lang=de\" target=\"_blank\" rel=\"noopener\">GUTSCHEIN \/ TICKET KAUFEN<\/a><\/button><\/td><td>\u00a0<\/td><\/tr><tr><td>\u00a0<\/td><td><strong><em>WICHTIG !<\/em><\/strong><br \/><em>Um zu reservieren, rufen Sie die Nummer an, die sich oben links auf dem Gutschein \/ Ticket befindet.<\/em><\/td><\/tr><\/tbody><\/table><table border=\"0\" width=\"580\" cellspacing=\"10\" cellpadding=\"10\"><tbody><tr><td width=\"50%\"><strong>4) ROSABLANCHE 3299 m &#8211; (4 Pers. + 1 Bergf\u00fchrer) &#8211; AB LA CROIX DE COEUR<\/strong><\/td><td><strong>CHF 240.00 pro Person<span class=\"productPrice\"><br \/><\/span><\/strong><\/td><\/tr><tr><td>Weitere Informationen<\/td><td><span class=\"patt\">&#8211; Basic Sicherheitsrucksack (Barryvox, Schaufel, Sonde, Gurt) ca. <strong>CHF 30.00<\/strong>\/Pers.<br \/>&#8211; Kompletter Sicherheitsrucksack mit ABS (Absacker, Barryvox, Schaufel, Sonde, Gurt) ca. <strong>CHF 60.00<\/strong>\/Pers.<br \/>&#8211; Das Honorar f\u00fcr den Bergf\u00fchrer ist nicht inbegriffen<br \/>&#8211; Minimum 3 Pers. + 1 Bergf\u00fchrer<br \/><\/span><\/td><\/tr><tr><td>Heliport<\/td><td>La Croix de Coeur<\/td><\/tr><tr><td>Hinweis<\/td><td>Bergf\u00fchrer erforderlich<\/td><\/tr><tr><td>Termin<\/td><td>Per Telefon<\/td><\/tr><tr><td><button class=\"elementor-button\" type=\"button\"><a href=\"https:\/\/swissraft.outdoorbooking.ch\/fo\/products\/gift_vouchers?base_id=137&amp;category_id=36&amp;id=2125&amp;lang=de\" target=\"_blank\" rel=\"noopener\">GUTSCHEIN \/ TICKET KAUFEN<\/a><\/button><\/td><td>\u00a0<\/td><\/tr><tr><td><button class=\"elementor-button\" type=\"button\"><a href=\"https:\/\/swissraft.outdoorbooking.ch\/fo\/products\/gift_vouchers?base_id=137&amp;category_id=36&amp;id=2125&amp;lang=de\" target=\"_blank\" rel=\"noopener\">GUTSCHEIN \/ TICKET KAUFEN<\/a><\/button><\/td><td>\u00a0<\/td><\/tr><tr><td>\u00a0<\/td><td><strong><em>WICHTIG !<\/em><\/strong><br \/><em>Um zu reservieren, rufen Sie die Nummer an, die sich oben links auf dem Gutschein \/ Ticket befindet.<\/em><\/td><\/tr><\/tbody><\/table><table border=\"0\" width=\"580\" cellspacing=\"10\" cellpadding=\"10\"><tbody><tr><td width=\"50%\"><strong>5) ROSABLANCHE 3299 m &#8211; (4 Pers. + 1 F\u00fchrer) &#8211; AB LE CH\u00c2BLE<\/strong><\/td><td><strong>CHF 240.00 pro Person<span class=\"productPrice\"><br \/><\/span><\/strong><\/td><\/tr><tr><td>Weitere Informationen<\/td><td><span class=\"patt\">&#8211; Basic Sicherheitsrucksack (Barryvox, Schaufel, Sonde, Gurt) ca. <strong>CHF 30.00<\/strong>\/Pers.<br \/>&#8211; Kompletter Sicherheitsrucksack mit ABS (Absacker, Barryvox, Schaufel, Sonde, Gurt) ca. <strong>CHF 60.00<\/strong>\/Pers.<br \/>&#8211; Das Honorar f\u00fcr den Bergf\u00fchrer ist nicht inbegriffen<br \/>&#8211; Minimum 3 Pers. + 1 Bergf\u00fchrer<br \/><\/span><\/td><\/tr><tr><td>Heliport<\/td><td>Le Ch\u00e2ble<\/td><\/tr><tr><td>Hinweis<\/td><td>Bergf\u00fchrer erforderlich<\/td><\/tr><tr><td>Terminv<\/td><td>Per Telefon<\/td><\/tr><tr><td><button class=\"elementor-button\" type=\"button\"><a href=\"https:\/\/swissraft.outdoorbooking.ch\/fo\/products\/gift_vouchers?base_id=137&amp;category_id=36&amp;id=2126&amp;lang=de\" target=\"_blank\" rel=\"noopener\">GUTSCHEIN \/ TICKET KAUFEN<\/a><\/button><\/td><td>\u00a0<\/td><\/tr><tr><td><button class=\"elementor-button\" type=\"button\"><a href=\"https:\/\/swissraft.outdoorbooking.ch\/fo\/products\/gift_vouchers?base_id=137&amp;category_id=36&amp;id=2126&amp;lang=de\" target=\"_blank\" rel=\"noopener\">GUTSCHEIN \/ TICKET KAUFEN<\/a><\/button><\/td><td>\u00a0<\/td><\/tr><tr><td>\u00a0<\/td><td><strong><em>WICHTIG !<\/em><\/strong><br \/><em>Um zu reservieren, rufen Sie die Nummer an, die sich oben links auf dem Gutschein \/ Ticket befindet.<\/em><\/td><\/tr><\/tbody><\/table><table border=\"0\" width=\"580\" cellspacing=\"10\" cellpadding=\"10\"><tbody><tr><td width=\"50%\"><strong>6) ROSABLANCHE 3299 m &#8211; (4 Pers. + 1 F\u00fchrer) &#8211; AB GRIMENTZ<\/strong><\/td><td><strong>CHF 265.00 pro Person<span class=\"productPrice\"><br \/><\/span><\/strong><\/td><\/tr><tr><td>Weitere Informationen<\/td><td><span class=\"patt\">&#8211; Basic Safety Bag (Barryvox, Schaufel, Sonde, Klettergurt) ca. <strong>CHF 30.00<\/strong>\/Pers.<br \/>&#8211; Full Safety Bag mit ABS (Absacker, Barryvox, Schaufel, Sonde, Klettergurt) ca. <strong>CHF 60.00<\/strong>\/Pers.<br \/>&#8211; Das Honorar des Bergf\u00fchrers ist nicht inbegriffen<br \/>&#8211; Minimum 3 Pers. + 1 Bergf\u00fchrer<br \/><\/span><\/td><\/tr><tr><td>Heliport<\/td><td>Grimentz<\/td><\/tr><tr><td>Hinweis<\/td><td>Bergf\u00fchrer erforderlich<\/td><\/tr><tr><td>Termin<\/td><td>Per Telefon<\/td><\/tr><tr><td><button class=\"elementor-button\" type=\"button\"><a href=\"https:\/\/swissraft.outdoorbooking.ch\/fo\/products\/gift_vouchers?base_id=137&amp;category_id=36&amp;id=2127&amp;lang=de\" target=\"_blank\" rel=\"noopener\">GUTSCHEIN \/ TICKET KAUFEN<\/a><\/button><\/td><td>\u00a0<\/td><\/tr><tr><td><button class=\"elementor-button\" type=\"button\"><a href=\"https:\/\/swissraft.outdoorbooking.ch\/fo\/products\/gift_vouchers?base_id=137&amp;category_id=36&amp;id=2127&amp;lang=de\" target=\"_blank\" rel=\"noopener\">GUTSCHEIN \/ TICKET KAUFEN<\/a><\/button><\/td><td>\u00a0<\/td><\/tr><tr><td>\u00a0<\/td><td><strong><em>WICHTIG !<\/em><\/strong><br \/><em>Um zu reservieren, rufen Sie die Nummer an, die sich oben links auf dem Gutschein \/ Ticket befindet.<\/em><\/td><\/tr><\/tbody><\/table><p>\u00a0<\/p><table border=\"0\" width=\"580\" cellspacing=\"10\" cellpadding=\"10\"><tbody><tr><td width=\"50%\"><strong>7) ROSABLANCHE 3299 m &#8211; (4 Pers. + 1 Bergf\u00fchrer) &#8211; AB CHERMIGNON<\/strong><\/td><td><strong>CHF 320.00 pro Person<span class=\"productPrice\"><br \/><\/span><\/strong><\/td><\/tr><tr><td>Weitere Informationen<\/td><td><span class=\"patt\">&#8211; Basic Sicherheitsrucksack (Barryvox, Schaufel, Sonde, Gurt) ca. <strong>CHF 30.00<\/strong>\/Pers.<br \/>&#8211; Kompletter Sicherheitsrucksack mit ABS (Absacker, Barryvox, Schaufel, Sonde, Gurt) ca. <strong>CHF 60.00<\/strong>\/Pers.<br \/>&#8211; Das Honorar f\u00fcr den Bergf\u00fchrer ist nicht inbegriffen<br \/>&#8211; Minimum 3 Pers. + 1 Bergf\u00fchrer<br \/><\/span><\/td><\/tr><tr><td>Heliport<\/td><td>Chermignon<\/td><\/tr><tr><td>Hinweis<\/td><td>Bergf\u00fchrer erforderlich<\/td><\/tr><tr><td>Termin<\/td><td>Per Telefon<\/td><\/tr><tr><td><button class=\"elementor-button\" type=\"button\"><a href=\"https:\/\/swissraft.outdoorbooking.ch\/fo\/products\/gift_vouchers?base_id=137&amp;category_id=36&amp;id=2128&amp;lang=de\" target=\"_blank\" rel=\"noopener\">GUTSCHEIN \/ TICKET KAUFEN<\/a><\/button><\/td><td>\u00a0<\/td><\/tr><tr><td><button class=\"elementor-button\" type=\"button\"><a href=\"https:\/\/swissraft.outdoorbooking.ch\/fo\/products\/gift_vouchers?base_id=137&amp;category_id=36&amp;id=2128&amp;lang=de\" target=\"_blank\" rel=\"noopener\">GUTSCHEIN \/ TICKET KAUFEN<\/a><\/button><\/td><td>\u00a0<\/td><\/tr><tr><td>\u00a0<\/td><td><strong><em>WICHTIG !<\/em><\/strong><br \/><em>Um zu reservieren, rufen Sie die Nummer an, die sich oben links auf dem Gutschein \/ Ticket befindet.<\/em><\/td><\/tr><\/tbody><\/table>\t\t\t\t\t\t<\/div>\n\t\t\t\t<\/div>\n\t\t\t\t\t<\/div>\n\t\t<\/div>\n\t\t\t\t\t\t\t<\/div>\n\t\t<\/section>\n\t\t\t\t\t\t\t<\/div>\n\t\t","protected":false},"excerpt":{"rendered":"<div align=\"justify\">\n<h2 align=\"justify\">Wir bieten 6 m\u00f6gliche Startpl\u00e4tze im Wallis f\u00fcr Heliskiing nach La Rosablanche an<\/h2>\n<h3>Die Rosablanche geh\u00f6rt zu den mythischen Walliser Gipfeln, da die Gletscherpatrouille diese Passage markiert.<\/h3>\n<\/div>\n<p>Vom Gipfel des Rosablanche haben Sie mehrere M\u00f6glichkeiten f\u00fcr den Abstieg. Sie fahren bis nach Siviez oder Verbier. Sie vereinbaren die Strecke, die Sie gehen m\u00f6chten, mit Ihrem Bergf\u00fchrer, der Sie je nach Schneeverh\u00e4ltnissen beraten kann.<\/p>\n<h3>Besuchen Sie unsere Swissraft-Website, dort finden Sie eine Vielzahl von Heliskiing-Zielen.<\/h3>\n<p id=\"textarea\" style=\"display: none;\">\nDar\u00fcber hinaus bieten wir Heliskiing im Berner Oberland ab dem Heliport Gstaad-Grund an. Sowie in Liechtenstein von Balzers aus, wo wir mehrere Ziele f\u00fcr die Gipfel der B\u00fcndner Alpen haben.\n<\/p>\n<p><a id=\"seeMore\" onclick=\"toggleSeeMore()\" href=\"javascript:void(0);\">Lesen Sie mehr<\/a><\/p>\n","protected":false},"featured_media":87745,"comment_status":"open","ping_status":"closed","template":"","meta":{"inline_featured_image":false,"_mi_skip_tracking":false},"product_cat":[289,308],"product_tag":[],"class_list":["post-91355","product","type-product","status-publish","has-post-thumbnail","hentry","product_cat-heliskiing-in-der-schweiz","product_cat-heliski-wallis"],"yoast_head":"<!-- This site is optimized with the Yoast SEO plugin v23.6 - https:\/\/yoast.com\/wordpress\/plugins\/seo\/ -->\n<title>Rosablanche mit Heliskiing von einem Heliport Ihrer Wahl aus<\/title>\n<meta name=\"description\" content=\"Rosablanche mit Heliskiing von einem Heliport Ihrer Wahl aus. Sie k\u00f6nnen aus unseren 6 Startpl\u00e4tzen w\u00e4hlen, um La Rosablanche zu erreichen.\" \/>\n<meta name=\"robots\" content=\"index, follow, max-snippet:-1, max-image-preview:large, max-video-preview:-1\" \/>\n<link rel=\"canonical\" href=\"https:\/\/www.swissraft.ch\/de\/produkt\/heliskiing-wallis-rosablanche\/\" \/>\n<meta property=\"og:locale\" content=\"de_DE\" \/>\n<meta property=\"og:type\" content=\"article\" \/>\n<meta property=\"og:title\" content=\"Rosablanche mit Heliskiing von einem Heliport Ihrer Wahl aus\" \/>\n<meta property=\"og:description\" content=\"Rosablanche mit Heliskiing von einem Heliport Ihrer Wahl aus. Sie k\u00f6nnen aus unseren 6 Startpl\u00e4tzen w\u00e4hlen, um La Rosablanche zu erreichen.\" \/>\n<meta property=\"og:url\" content=\"https:\/\/www.swissraft.ch\/de\/produkt\/heliskiing-wallis-rosablanche\/\" \/>\n<meta property=\"og:site_name\" content=\"Swissraft\" \/>\n<meta property=\"article:modified_time\" content=\"2026-02-19T18:31:12+00:00\" \/>\n<meta property=\"og:image\" content=\"https:\/\/www.swissraft.ch\/wp-content\/uploads\/2023\/10\/2-Rose-blanche-776x776-1.jpg\" \/>\n\t<meta property=\"og:image:width\" content=\"776\" \/>\n\t<meta property=\"og:image:height\" content=\"776\" \/>\n\t<meta property=\"og:image:type\" content=\"image\/jpeg\" \/>\n<meta name=\"twitter:card\" content=\"summary_large_image\" \/>\n<meta name=\"twitter:label1\" content=\"Gesch\u00e4tzte Lesezeit\" \/>\n\t<meta name=\"twitter:data1\" content=\"4\u00a0Minuten\" \/>\n<script type=\"application\/ld+json\" class=\"yoast-schema-graph\">{\"@context\":\"https:\/\/schema.org\",\"@graph\":[{\"@type\":\"WebPage\",\"@id\":\"https:\/\/www.swissraft.ch\/de\/produkt\/heliskiing-wallis-rosablanche\/\",\"url\":\"https:\/\/www.swissraft.ch\/de\/produkt\/heliskiing-wallis-rosablanche\/\",\"name\":\"Rosablanche mit Heliskiing von einem Heliport Ihrer Wahl aus\",\"isPartOf\":{\"@id\":\"https:\/\/www.swissraft.ch\/de\/#website\"},\"primaryImageOfPage\":{\"@id\":\"https:\/\/www.swissraft.ch\/de\/produkt\/heliskiing-wallis-rosablanche\/#primaryimage\"},\"image\":{\"@id\":\"https:\/\/www.swissraft.ch\/de\/produkt\/heliskiing-wallis-rosablanche\/#primaryimage\"},\"thumbnailUrl\":\"https:\/\/www.swissraft.ch\/wp-content\/uploads\/2023\/10\/2-Rose-blanche-776x776-1.jpg\",\"datePublished\":\"2023-10-30T22:29:35+00:00\",\"dateModified\":\"2026-02-19T18:31:12+00:00\",\"description\":\"Rosablanche mit Heliskiing von einem Heliport Ihrer Wahl aus. Sie k\u00f6nnen aus unseren 6 Startpl\u00e4tzen w\u00e4hlen, um La Rosablanche zu erreichen.\",\"breadcrumb\":{\"@id\":\"https:\/\/www.swissraft.ch\/de\/produkt\/heliskiing-wallis-rosablanche\/#breadcrumb\"},\"inLanguage\":\"de\",\"potentialAction\":[{\"@type\":\"ReadAction\",\"target\":[\"https:\/\/www.swissraft.ch\/de\/produkt\/heliskiing-wallis-rosablanche\/\"]}]},{\"@type\":\"ImageObject\",\"inLanguage\":\"de\",\"@id\":\"https:\/\/www.swissraft.ch\/de\/produkt\/heliskiing-wallis-rosablanche\/#primaryimage\",\"url\":\"https:\/\/www.swissraft.ch\/wp-content\/uploads\/2023\/10\/2-Rose-blanche-776x776-1.jpg\",\"contentUrl\":\"https:\/\/www.swissraft.ch\/wp-content\/uploads\/2023\/10\/2-Rose-blanche-776x776-1.jpg\",\"width\":776,\"height\":776,\"caption\":\"Heliskiing im Wallis zur Rosablanche\"},{\"@type\":\"BreadcrumbList\",\"@id\":\"https:\/\/www.swissraft.ch\/de\/produkt\/heliskiing-wallis-rosablanche\/#breadcrumb\",\"itemListElement\":[{\"@type\":\"ListItem\",\"position\":1,\"name\":\"Accueil\",\"item\":\"https:\/\/www.swissraft.ch\/de\/\"},{\"@type\":\"ListItem\",\"position\":2,\"name\":\"Shop\",\"item\":\"https:\/\/www.swissraft.ch\/de\/shop\/\"},{\"@type\":\"ListItem\",\"position\":3,\"name\":\"Heliskiing im WALLIS &#8211; ROSABLANCHE 3299 m &#8211; Ab CHF 210.00\"}]},{\"@type\":\"WebSite\",\"@id\":\"https:\/\/www.swissraft.ch\/de\/#website\",\"url\":\"https:\/\/www.swissraft.ch\/de\/\",\"name\":\"Swissraft\",\"description\":\"To enjoy nature as it is\",\"publisher\":{\"@id\":\"https:\/\/www.swissraft.ch\/de\/#organization\"},\"potentialAction\":[{\"@type\":\"SearchAction\",\"target\":{\"@type\":\"EntryPoint\",\"urlTemplate\":\"https:\/\/www.swissraft.ch\/de\/?s={search_term_string}\"},\"query-input\":{\"@type\":\"PropertyValueSpecification\",\"valueRequired\":true,\"valueName\":\"search_term_string\"}}],\"inLanguage\":\"de\"},{\"@type\":\"Organization\",\"@id\":\"https:\/\/www.swissraft.ch\/de\/#organization\",\"name\":\"Swissraft\",\"url\":\"https:\/\/www.swissraft.ch\/de\/\",\"logo\":{\"@type\":\"ImageObject\",\"inLanguage\":\"de\",\"@id\":\"https:\/\/www.swissraft.ch\/de\/#\/schema\/logo\/image\/\",\"url\":\"https:\/\/www.swissraft.ch\/wp-content\/uploads\/2025\/09\/Capture.jpg\",\"contentUrl\":\"https:\/\/www.swissraft.ch\/wp-content\/uploads\/2025\/09\/Capture.jpg\",\"width\":293,\"height\":108,\"caption\":\"Swissraft\"},\"image\":{\"@id\":\"https:\/\/www.swissraft.ch\/de\/#\/schema\/logo\/image\/\"}}]}<\/script>\n<!-- \/ Yoast SEO plugin. -->","yoast_head_json":{"title":"Rosablanche mit Heliskiing von einem Heliport Ihrer Wahl aus","description":"Rosablanche mit Heliskiing von einem Heliport Ihrer Wahl aus. Sie k\u00f6nnen aus unseren 6 Startpl\u00e4tzen w\u00e4hlen, um La Rosablanche zu erreichen.","robots":{"index":"index","follow":"follow","max-snippet":"max-snippet:-1","max-image-preview":"max-image-preview:large","max-video-preview":"max-video-preview:-1"},"canonical":"https:\/\/www.swissraft.ch\/de\/produkt\/heliskiing-wallis-rosablanche\/","og_locale":"de_DE","og_type":"article","og_title":"Rosablanche mit Heliskiing von einem Heliport Ihrer Wahl aus","og_description":"Rosablanche mit Heliskiing von einem Heliport Ihrer Wahl aus. Sie k\u00f6nnen aus unseren 6 Startpl\u00e4tzen w\u00e4hlen, um La Rosablanche zu erreichen.","og_url":"https:\/\/www.swissraft.ch\/de\/produkt\/heliskiing-wallis-rosablanche\/","og_site_name":"Swissraft","article_modified_time":"2026-02-19T18:31:12+00:00","og_image":[{"width":776,"height":776,"url":"https:\/\/www.swissraft.ch\/wp-content\/uploads\/2023\/10\/2-Rose-blanche-776x776-1.jpg","type":"image\/jpeg"}],"twitter_card":"summary_large_image","twitter_misc":{"Gesch\u00e4tzte Lesezeit":"4\u00a0Minuten"},"schema":{"@context":"https:\/\/schema.org","@graph":[{"@type":"WebPage","@id":"https:\/\/www.swissraft.ch\/de\/produkt\/heliskiing-wallis-rosablanche\/","url":"https:\/\/www.swissraft.ch\/de\/produkt\/heliskiing-wallis-rosablanche\/","name":"Rosablanche mit Heliskiing von einem Heliport Ihrer Wahl aus","isPartOf":{"@id":"https:\/\/www.swissraft.ch\/de\/#website"},"primaryImageOfPage":{"@id":"https:\/\/www.swissraft.ch\/de\/produkt\/heliskiing-wallis-rosablanche\/#primaryimage"},"image":{"@id":"https:\/\/www.swissraft.ch\/de\/produkt\/heliskiing-wallis-rosablanche\/#primaryimage"},"thumbnailUrl":"https:\/\/www.swissraft.ch\/wp-content\/uploads\/2023\/10\/2-Rose-blanche-776x776-1.jpg","datePublished":"2023-10-30T22:29:35+00:00","dateModified":"2026-02-19T18:31:12+00:00","description":"Rosablanche mit Heliskiing von einem Heliport Ihrer Wahl aus. Sie k\u00f6nnen aus unseren 6 Startpl\u00e4tzen w\u00e4hlen, um La Rosablanche zu erreichen.","breadcrumb":{"@id":"https:\/\/www.swissraft.ch\/de\/produkt\/heliskiing-wallis-rosablanche\/#breadcrumb"},"inLanguage":"de","potentialAction":[{"@type":"ReadAction","target":["https:\/\/www.swissraft.ch\/de\/produkt\/heliskiing-wallis-rosablanche\/"]}]},{"@type":"ImageObject","inLanguage":"de","@id":"https:\/\/www.swissraft.ch\/de\/produkt\/heliskiing-wallis-rosablanche\/#primaryimage","url":"https:\/\/www.swissraft.ch\/wp-content\/uploads\/2023\/10\/2-Rose-blanche-776x776-1.jpg","contentUrl":"https:\/\/www.swissraft.ch\/wp-content\/uploads\/2023\/10\/2-Rose-blanche-776x776-1.jpg","width":776,"height":776,"caption":"Heliskiing im Wallis zur Rosablanche"},{"@type":"BreadcrumbList","@id":"https:\/\/www.swissraft.ch\/de\/produkt\/heliskiing-wallis-rosablanche\/#breadcrumb","itemListElement":[{"@type":"ListItem","position":1,"name":"Accueil","item":"https:\/\/www.swissraft.ch\/de\/"},{"@type":"ListItem","position":2,"name":"Shop","item":"https:\/\/www.swissraft.ch\/de\/shop\/"},{"@type":"ListItem","position":3,"name":"Heliskiing im WALLIS &#8211; ROSABLANCHE 3299 m &#8211; Ab CHF 210.00"}]},{"@type":"WebSite","@id":"https:\/\/www.swissraft.ch\/de\/#website","url":"https:\/\/www.swissraft.ch\/de\/","name":"Swissraft","description":"To enjoy nature as it is","publisher":{"@id":"https:\/\/www.swissraft.ch\/de\/#organization"},"potentialAction":[{"@type":"SearchAction","target":{"@type":"EntryPoint","urlTemplate":"https:\/\/www.swissraft.ch\/de\/?s={search_term_string}"},"query-input":{"@type":"PropertyValueSpecification","valueRequired":true,"valueName":"search_term_string"}}],"inLanguage":"de"},{"@type":"Organization","@id":"https:\/\/www.swissraft.ch\/de\/#organization","name":"Swissraft","url":"https:\/\/www.swissraft.ch\/de\/","logo":{"@type":"ImageObject","inLanguage":"de","@id":"https:\/\/www.swissraft.ch\/de\/#\/schema\/logo\/image\/","url":"https:\/\/www.swissraft.ch\/wp-content\/uploads\/2025\/09\/Capture.jpg","contentUrl":"https:\/\/www.swissraft.ch\/wp-content\/uploads\/2025\/09\/Capture.jpg","width":293,"height":108,"caption":"Swissraft"},"image":{"@id":"https:\/\/www.swissraft.ch\/de\/#\/schema\/logo\/image\/"}}]}},"_links":{"self":[{"href":"https:\/\/www.swissraft.ch\/de\/wp-json\/wp\/v2\/product\/91355","targetHints":{"allow":["GET"]}}],"collection":[{"href":"https:\/\/www.swissraft.ch\/de\/wp-json\/wp\/v2\/product"}],"about":[{"href":"https:\/\/www.swissraft.ch\/de\/wp-json\/wp\/v2\/types\/product"}],"replies":[{"embeddable":true,"href":"https:\/\/www.swissraft.ch\/de\/wp-json\/wp\/v2\/comments?post=91355"}],"version-history":[{"count":15,"href":"https:\/\/www.swissraft.ch\/de\/wp-json\/wp\/v2\/product\/91355\/revisions"}],"predecessor-version":[{"id":130095,"href":"https:\/\/www.swissraft.ch\/de\/wp-json\/wp\/v2\/product\/91355\/revisions\/130095"}],"wp:featuredmedia":[{"embeddable":true,"href":"https:\/\/www.swissraft.ch\/de\/wp-json\/wp\/v2\/media\/87745"}],"wp:attachment":[{"href":"https:\/\/www.swissraft.ch\/de\/wp-json\/wp\/v2\/media?parent=91355"}],"wp:term":[{"taxonomy":"product_cat","embeddable":true,"href":"https:\/\/www.swissraft.ch\/de\/wp-json\/wp\/v2\/product_cat?post=91355"},{"taxonomy":"product_tag","embeddable":true,"href":"https:\/\/www.swissraft.ch\/de\/wp-json\/wp\/v2\/product_tag?post=91355"}],"curies":[{"name":"wp","href":"https:\/\/api.w.org\/{rel}","templated":true}]}}