{"id":91353,"date":"2023-11-24T22:55:00","date_gmt":"2023-11-24T21:55:00","guid":{"rendered":"https:\/\/swissraft.xyanzkdne.eu\/product\/flug-mit-dem-flugzeug-von-schaenis-le-cervin-120-min-chf-640-00\/"},"modified":"2024-12-13T21:20:47","modified_gmt":"2024-12-13T20:20:47","slug":"flug-flugzeug-schaenis-das-matterhorn-umrundung","status":"publish","type":"product","link":"https:\/\/www.swissraft.ch\/de\/produkt\/flug-flugzeug-schaenis-das-matterhorn-umrundung\/","title":{"rendered":"Flug mit dem Flugzeug ab SCH\u00c4NIS &#8211; DAS MATTERHORN &#8211; 120 Min. &#8211; CHF 640.00"},"content":{"rendered":"\t\t<div data-elementor-type=\"wp-post\" data-elementor-id=\"91353\" class=\"elementor elementor-91353 elementor-53001\">\n\t\t\t\t\t\t\t\t\t<section class=\"elementor-section elementor-top-section elementor-element elementor-element-3303a7e3 elementor-section-boxed elementor-section-height-default elementor-section-height-default\" data-id=\"3303a7e3\" data-element_type=\"section\">\n\t\t\t\t\t\t<div class=\"elementor-container elementor-column-gap-default\">\n\t\t\t\t\t<div class=\"elementor-column elementor-col-100 elementor-top-column elementor-element elementor-element-16d72dbf\" data-id=\"16d72dbf\" data-element_type=\"column\">\n\t\t\t<div class=\"elementor-widget-wrap elementor-element-populated\">\n\t\t\t\t\t\t\t\t<div class=\"elementor-element elementor-element-d743c03 elementor-widget elementor-widget-text-editor\" data-id=\"d743c03\" data-element_type=\"widget\" data-widget_type=\"text-editor.default\">\n\t\t\t\t<div class=\"elementor-widget-container\">\n\t\t\t\t\t\t\t<h2>W\u00c4HLEN SIE UNTEN IHRE AKTIVIT\u00c4T AUS, UM GESCHENKGUTSCHEINE \/ TICKETS ZU VERSCHENKEN ODER ZU BUCHEN.<\/h2><table border=\"0\" width=\"580\" cellspacing=\"10\" cellpadding=\"10\"><tbody><tr><td width=\"50%\"><strong>DIE MATTERHORN UMRUNDUNG &#8211; PRIVATFLUG (1 Pers.) &#8211; 120 Min.<\/strong><\/td><td><strong>CHF 640.00 pro Privatflug <span class=\"productPrice\"><br \/><\/span><\/strong><\/td><\/tr><tr><td>Weitere Informationen<\/td><td><span class=\"patt\">&#8211; Sie haben das Flugzeug ausschlie\u00dflich f\u00fcr sich<br \/>&#8211; Sie bestimmen das Datum und die Uhrzeit des Abflugs.<br \/><\/span><span class=\"patt\">&#8211; Maximal 1 Pers.<\/span><\/td><\/tr><tr><td>Flugplatz<\/td><td><a href=\"https:\/\/www.google.com\/maps\/place\/47%C2%B010'17.6%22N+9%C2%B002'28.0%22E\/@47.172222,9.0233044,3069m\/data=!3m1!1e3!4m4!3m3!8m2!3d47.1715556!4d9.0411111?entry=ttu\" target=\"_blank\" rel=\"noopener\">Sch\u00e4nis<\/a><\/td><\/tr><tr><td>Flugzeit<\/td><td>120 Min.<\/td><\/tr><tr><td>Gesamtdauer<\/td><td>ca. 2,5 Std.<\/td><\/tr><tr><td>Terminvereinbarung<\/td><td>Per Telefon<\/td><\/tr><tr><td><button class=\"elementor-button\" type=\"button\"><a href=\"https:\/\/swissraft.outdoorbooking.ch\/fo\/products\/1898?base_id=28&amp;category_id=4&amp;order_type=gift_voucher&amp;lang=de\" target=\"_blank\" rel=\"noopener\">GUTSCHEIN KAUFEN<\/a><\/button><\/td><td>Um zu buchen : <span class=\"patt\" style=\"font-family: inherit; font-size: inherit;\"><span class=\"plbl\"><span class=\"patt\"><a href=\"https:\/\/www.swissraft.ch\/de\/kontakt\/\">Kontaktieren Sie uns<\/a><\/span><\/span><\/span><\/td><\/tr><\/tbody><\/table>\t\t\t\t\t\t<\/div>\n\t\t\t\t<\/div>\n\t\t\t\t\t<\/div>\n\t\t<\/div>\n\t\t\t\t\t\t\t<\/div>\n\t\t<\/section>\n\t\t\t\t\t\t\t<\/div>\n\t\t","protected":false},"excerpt":{"rendered":"<div align=\"justify\">\n<h2 align=\"justify\">Von Sch\u00e4nis aus fliegen Sie genau nach S\u00fcden zum Matterhorn im Wallis, dem ber\u00fchmtesten Berg der Schweiz.<\/h2>\n<h3>Das Matterhorn im Wallis ist Ihr Ziel in einem Flugzeug. Um dorthin zu gelangen, fliegen Sie \u00fcber die Kantone Schwyz, Uri und Wallis.<\/h3>\n<\/div>\n<div align=\"justify\">\n<p>Sie k\u00f6nnen diesen exklusiven Flug bequem an Bord eines unserer Flugzeuge genie\u00dfen. Sie starten vom Flugplatz Sch\u00e4nis und fliegen in s\u00fcdlicher Richtung nach Ibergeregg. Es ist ein Skiort, der auf dem Gebiet der Gemeinde Oberiberg im Kanton Schwyz liegt. Dann sind Sie schon \u00fcber Andermatt, einem gro\u00dfen Wintersportort im Kanton Uri. Der Flug f\u00fchrt Sie dann \u00fcber den Furka-Pass oder Col de la Fourche, der eine H\u00f6he von 2429 m erreicht. Ihre Rundflug f\u00fchrt Sie weiter \u00fcber den Simplonpass im Wallis, der 2006 m hoch ist. Sie erreichen schlie\u00dflich das Matterhorn, den legend\u00e4ren Berg der Schweiz, der 4478 m hoch ist. Sie haben das Privileg, dieses majest\u00e4tische Massiv zu betrachten, das aufgrund seiner Pyramidenform einzigartig in der Welt ist. Nach einer 180-Grad-Kurve fliegen Sie \u00fcber die Berner Alpen zur\u00fcck, bevor Sie in Sch\u00e4nis eine Pause einlegen.<\/p>\n<h3>Swissraft schl\u00e4gt Ihnen auf seiner Website etwa 40 Fl\u00fcge mit einem Flugzeug \u00fcber das Gebiet der Schweiz vor.<\/h3>\n<p id=\"textarea\" style=\"display: none;\">\nEinerseits bieten wir Rundfl\u00fcge ab dem internationalen Flughafen Bern-Belp an. Au\u00dferdem bieten wir Fl\u00fcge mit Flugzeug ab dem Flugplatz Biel an. Au\u00dferdem bieten wir Rundfl\u00fcge vom Flugplatz Grrenchen an. Aber auch Rundfl\u00fcge vom Flugplatz Buttwil in Aargau. Schlie\u00dflich bieten wir auch Rundfl\u00fcge im Greyerzerland, die vom Flugplatz in Epagny aus starten.\n<\/p>\n<p><a id=\"seeMore\" onclick=\"toggleSeeMore()\" href=\"javascript:void(0);\">Lesen Sie mehr<\/a><\/p>\n","protected":false},"featured_media":88621,"comment_status":"open","ping_status":"closed","template":"","meta":{"inline_featured_image":false,"_mi_skip_tracking":false},"product_cat":[293,310],"product_tag":[],"class_list":["post-91353","product","type-product","status-publish","has-post-thumbnail","hentry","product_cat-flug-in-der-schweiz","product_cat-flugzeug-ab-schanis"],"yoast_head":"<!-- This site is optimized with the Yoast SEO plugin v23.6 - https:\/\/yoast.com\/wordpress\/plugins\/seo\/ -->\n<title>Die Matterhorn Umrundung ab Sch\u00e4nis f\u00fcr 120 Minuten<\/title>\n<meta name=\"description\" content=\"Die Matterhorn Umrundung. Ab Sch\u00e4nis auf einem 120-min\u00fctigen Flug, bei dem Sie die Kantone Schwyz, Uri, Wallis und die Berner Alpen \u00fcberfliegen\" \/>\n<meta name=\"robots\" content=\"index, follow, max-snippet:-1, max-image-preview:large, max-video-preview:-1\" \/>\n<link rel=\"canonical\" href=\"https:\/\/www.swissraft.ch\/de\/produkt\/flug-flugzeug-schaenis-das-matterhorn-umrundung\/\" \/>\n<meta property=\"og:locale\" content=\"de_DE\" \/>\n<meta property=\"og:type\" content=\"article\" \/>\n<meta property=\"og:title\" content=\"Die Matterhorn Umrundung ab Sch\u00e4nis f\u00fcr 120 Minuten\" \/>\n<meta property=\"og:description\" content=\"Die Matterhorn Umrundung. Ab Sch\u00e4nis auf einem 120-min\u00fctigen Flug, bei dem Sie die Kantone Schwyz, Uri, Wallis und die Berner Alpen \u00fcberfliegen\" \/>\n<meta property=\"og:url\" content=\"https:\/\/www.swissraft.ch\/de\/produkt\/flug-flugzeug-schaenis-das-matterhorn-umrundung\/\" \/>\n<meta property=\"og:site_name\" content=\"Swissraft\" \/>\n<meta property=\"article:modified_time\" content=\"2024-12-13T20:20:47+00:00\" \/>\n<meta property=\"og:image\" content=\"https:\/\/www.swissraft.ch\/wp-content\/uploads\/2023\/11\/8-Cervin-776x776-.jpg\" \/>\n\t<meta property=\"og:image:width\" content=\"776\" \/>\n\t<meta property=\"og:image:height\" content=\"776\" \/>\n\t<meta property=\"og:image:type\" content=\"image\/jpeg\" \/>\n<meta name=\"twitter:card\" content=\"summary_large_image\" \/>\n<meta name=\"twitter:label1\" content=\"Gesch\u00e4tzte Lesezeit\" \/>\n\t<meta name=\"twitter:data1\" content=\"1\u00a0Minute\" \/>\n<script type=\"application\/ld+json\" class=\"yoast-schema-graph\">{\"@context\":\"https:\/\/schema.org\",\"@graph\":[{\"@type\":\"WebPage\",\"@id\":\"https:\/\/www.swissraft.ch\/de\/produkt\/flug-flugzeug-schaenis-das-matterhorn-umrundung\/\",\"url\":\"https:\/\/www.swissraft.ch\/de\/produkt\/flug-flugzeug-schaenis-das-matterhorn-umrundung\/\",\"name\":\"Die Matterhorn Umrundung ab Sch\u00e4nis f\u00fcr 120 Minuten\",\"isPartOf\":{\"@id\":\"https:\/\/www.swissraft.ch\/de\/#website\"},\"primaryImageOfPage\":{\"@id\":\"https:\/\/www.swissraft.ch\/de\/produkt\/flug-flugzeug-schaenis-das-matterhorn-umrundung\/#primaryimage\"},\"image\":{\"@id\":\"https:\/\/www.swissraft.ch\/de\/produkt\/flug-flugzeug-schaenis-das-matterhorn-umrundung\/#primaryimage\"},\"thumbnailUrl\":\"https:\/\/www.swissraft.ch\/wp-content\/uploads\/2023\/11\/8-Cervin-776x776-.jpg\",\"datePublished\":\"2023-11-24T21:55:00+00:00\",\"dateModified\":\"2024-12-13T20:20:47+00:00\",\"description\":\"Die Matterhorn Umrundung. Ab Sch\u00e4nis auf einem 120-min\u00fctigen Flug, bei dem Sie die Kantone Schwyz, Uri, Wallis und die Berner Alpen \u00fcberfliegen\",\"breadcrumb\":{\"@id\":\"https:\/\/www.swissraft.ch\/de\/produkt\/flug-flugzeug-schaenis-das-matterhorn-umrundung\/#breadcrumb\"},\"inLanguage\":\"de\",\"potentialAction\":[{\"@type\":\"ReadAction\",\"target\":[\"https:\/\/www.swissraft.ch\/de\/produkt\/flug-flugzeug-schaenis-das-matterhorn-umrundung\/\"]}]},{\"@type\":\"ImageObject\",\"inLanguage\":\"de\",\"@id\":\"https:\/\/www.swissraft.ch\/de\/produkt\/flug-flugzeug-schaenis-das-matterhorn-umrundung\/#primaryimage\",\"url\":\"https:\/\/www.swissraft.ch\/wp-content\/uploads\/2023\/11\/8-Cervin-776x776-.jpg\",\"contentUrl\":\"https:\/\/www.swissraft.ch\/wp-content\/uploads\/2023\/11\/8-Cervin-776x776-.jpg\",\"width\":776,\"height\":776,\"caption\":\"Die Matterhorn Umrundung mit dem Flugzeug von Sch\u00e4nis aus\"},{\"@type\":\"BreadcrumbList\",\"@id\":\"https:\/\/www.swissraft.ch\/de\/produkt\/flug-flugzeug-schaenis-das-matterhorn-umrundung\/#breadcrumb\",\"itemListElement\":[{\"@type\":\"ListItem\",\"position\":1,\"name\":\"Accueil\",\"item\":\"https:\/\/www.swissraft.ch\/de\/\"},{\"@type\":\"ListItem\",\"position\":2,\"name\":\"Shop\",\"item\":\"https:\/\/www.swissraft.ch\/de\/shop\/\"},{\"@type\":\"ListItem\",\"position\":3,\"name\":\"Flug mit dem Flugzeug ab SCH\u00c4NIS &#8211; DAS MATTERHORN &#8211; 120 Min. &#8211; CHF 640.00\"}]},{\"@type\":\"WebSite\",\"@id\":\"https:\/\/www.swissraft.ch\/de\/#website\",\"url\":\"https:\/\/www.swissraft.ch\/de\/\",\"name\":\"Swissraft\",\"description\":\"To enjoy nature as it is\",\"publisher\":{\"@id\":\"https:\/\/www.swissraft.ch\/de\/#organization\"},\"potentialAction\":[{\"@type\":\"SearchAction\",\"target\":{\"@type\":\"EntryPoint\",\"urlTemplate\":\"https:\/\/www.swissraft.ch\/de\/?s={search_term_string}\"},\"query-input\":{\"@type\":\"PropertyValueSpecification\",\"valueRequired\":true,\"valueName\":\"search_term_string\"}}],\"inLanguage\":\"de\"},{\"@type\":\"Organization\",\"@id\":\"https:\/\/www.swissraft.ch\/de\/#organization\",\"name\":\"Swissraft\",\"url\":\"https:\/\/www.swissraft.ch\/de\/\",\"logo\":{\"@type\":\"ImageObject\",\"inLanguage\":\"de\",\"@id\":\"https:\/\/www.swissraft.ch\/de\/#\/schema\/logo\/image\/\",\"url\":\"https:\/\/www.swissraft.ch\/wp-content\/uploads\/2025\/09\/Capture.jpg\",\"contentUrl\":\"https:\/\/www.swissraft.ch\/wp-content\/uploads\/2025\/09\/Capture.jpg\",\"width\":293,\"height\":108,\"caption\":\"Swissraft\"},\"image\":{\"@id\":\"https:\/\/www.swissraft.ch\/de\/#\/schema\/logo\/image\/\"}}]}<\/script>\n<!-- \/ Yoast SEO plugin. -->","yoast_head_json":{"title":"Die Matterhorn Umrundung ab Sch\u00e4nis f\u00fcr 120 Minuten","description":"Die Matterhorn Umrundung. Ab Sch\u00e4nis auf einem 120-min\u00fctigen Flug, bei dem Sie die Kantone Schwyz, Uri, Wallis und die Berner Alpen \u00fcberfliegen","robots":{"index":"index","follow":"follow","max-snippet":"max-snippet:-1","max-image-preview":"max-image-preview:large","max-video-preview":"max-video-preview:-1"},"canonical":"https:\/\/www.swissraft.ch\/de\/produkt\/flug-flugzeug-schaenis-das-matterhorn-umrundung\/","og_locale":"de_DE","og_type":"article","og_title":"Die Matterhorn Umrundung ab Sch\u00e4nis f\u00fcr 120 Minuten","og_description":"Die Matterhorn Umrundung. Ab Sch\u00e4nis auf einem 120-min\u00fctigen Flug, bei dem Sie die Kantone Schwyz, Uri, Wallis und die Berner Alpen \u00fcberfliegen","og_url":"https:\/\/www.swissraft.ch\/de\/produkt\/flug-flugzeug-schaenis-das-matterhorn-umrundung\/","og_site_name":"Swissraft","article_modified_time":"2024-12-13T20:20:47+00:00","og_image":[{"width":776,"height":776,"url":"https:\/\/www.swissraft.ch\/wp-content\/uploads\/2023\/11\/8-Cervin-776x776-.jpg","type":"image\/jpeg"}],"twitter_card":"summary_large_image","twitter_misc":{"Gesch\u00e4tzte Lesezeit":"1\u00a0Minute"},"schema":{"@context":"https:\/\/schema.org","@graph":[{"@type":"WebPage","@id":"https:\/\/www.swissraft.ch\/de\/produkt\/flug-flugzeug-schaenis-das-matterhorn-umrundung\/","url":"https:\/\/www.swissraft.ch\/de\/produkt\/flug-flugzeug-schaenis-das-matterhorn-umrundung\/","name":"Die Matterhorn Umrundung ab Sch\u00e4nis f\u00fcr 120 Minuten","isPartOf":{"@id":"https:\/\/www.swissraft.ch\/de\/#website"},"primaryImageOfPage":{"@id":"https:\/\/www.swissraft.ch\/de\/produkt\/flug-flugzeug-schaenis-das-matterhorn-umrundung\/#primaryimage"},"image":{"@id":"https:\/\/www.swissraft.ch\/de\/produkt\/flug-flugzeug-schaenis-das-matterhorn-umrundung\/#primaryimage"},"thumbnailUrl":"https:\/\/www.swissraft.ch\/wp-content\/uploads\/2023\/11\/8-Cervin-776x776-.jpg","datePublished":"2023-11-24T21:55:00+00:00","dateModified":"2024-12-13T20:20:47+00:00","description":"Die Matterhorn Umrundung. Ab Sch\u00e4nis auf einem 120-min\u00fctigen Flug, bei dem Sie die Kantone Schwyz, Uri, Wallis und die Berner Alpen \u00fcberfliegen","breadcrumb":{"@id":"https:\/\/www.swissraft.ch\/de\/produkt\/flug-flugzeug-schaenis-das-matterhorn-umrundung\/#breadcrumb"},"inLanguage":"de","potentialAction":[{"@type":"ReadAction","target":["https:\/\/www.swissraft.ch\/de\/produkt\/flug-flugzeug-schaenis-das-matterhorn-umrundung\/"]}]},{"@type":"ImageObject","inLanguage":"de","@id":"https:\/\/www.swissraft.ch\/de\/produkt\/flug-flugzeug-schaenis-das-matterhorn-umrundung\/#primaryimage","url":"https:\/\/www.swissraft.ch\/wp-content\/uploads\/2023\/11\/8-Cervin-776x776-.jpg","contentUrl":"https:\/\/www.swissraft.ch\/wp-content\/uploads\/2023\/11\/8-Cervin-776x776-.jpg","width":776,"height":776,"caption":"Die Matterhorn Umrundung mit dem Flugzeug von Sch\u00e4nis aus"},{"@type":"BreadcrumbList","@id":"https:\/\/www.swissraft.ch\/de\/produkt\/flug-flugzeug-schaenis-das-matterhorn-umrundung\/#breadcrumb","itemListElement":[{"@type":"ListItem","position":1,"name":"Accueil","item":"https:\/\/www.swissraft.ch\/de\/"},{"@type":"ListItem","position":2,"name":"Shop","item":"https:\/\/www.swissraft.ch\/de\/shop\/"},{"@type":"ListItem","position":3,"name":"Flug mit dem Flugzeug ab SCH\u00c4NIS &#8211; DAS MATTERHORN &#8211; 120 Min. &#8211; CHF 640.00"}]},{"@type":"WebSite","@id":"https:\/\/www.swissraft.ch\/de\/#website","url":"https:\/\/www.swissraft.ch\/de\/","name":"Swissraft","description":"To enjoy nature as it is","publisher":{"@id":"https:\/\/www.swissraft.ch\/de\/#organization"},"potentialAction":[{"@type":"SearchAction","target":{"@type":"EntryPoint","urlTemplate":"https:\/\/www.swissraft.ch\/de\/?s={search_term_string}"},"query-input":{"@type":"PropertyValueSpecification","valueRequired":true,"valueName":"search_term_string"}}],"inLanguage":"de"},{"@type":"Organization","@id":"https:\/\/www.swissraft.ch\/de\/#organization","name":"Swissraft","url":"https:\/\/www.swissraft.ch\/de\/","logo":{"@type":"ImageObject","inLanguage":"de","@id":"https:\/\/www.swissraft.ch\/de\/#\/schema\/logo\/image\/","url":"https:\/\/www.swissraft.ch\/wp-content\/uploads\/2025\/09\/Capture.jpg","contentUrl":"https:\/\/www.swissraft.ch\/wp-content\/uploads\/2025\/09\/Capture.jpg","width":293,"height":108,"caption":"Swissraft"},"image":{"@id":"https:\/\/www.swissraft.ch\/de\/#\/schema\/logo\/image\/"}}]}},"_links":{"self":[{"href":"https:\/\/www.swissraft.ch\/de\/wp-json\/wp\/v2\/product\/91353","targetHints":{"allow":["GET"]}}],"collection":[{"href":"https:\/\/www.swissraft.ch\/de\/wp-json\/wp\/v2\/product"}],"about":[{"href":"https:\/\/www.swissraft.ch\/de\/wp-json\/wp\/v2\/types\/product"}],"replies":[{"embeddable":true,"href":"https:\/\/www.swissraft.ch\/de\/wp-json\/wp\/v2\/comments?post=91353"}],"version-history":[{"count":0,"href":"https:\/\/www.swissraft.ch\/de\/wp-json\/wp\/v2\/product\/91353\/revisions"}],"wp:featuredmedia":[{"embeddable":true,"href":"https:\/\/www.swissraft.ch\/de\/wp-json\/wp\/v2\/media\/88621"}],"wp:attachment":[{"href":"https:\/\/www.swissraft.ch\/de\/wp-json\/wp\/v2\/media?parent=91353"}],"wp:term":[{"taxonomy":"product_cat","embeddable":true,"href":"https:\/\/www.swissraft.ch\/de\/wp-json\/wp\/v2\/product_cat?post=91353"},{"taxonomy":"product_tag","embeddable":true,"href":"https:\/\/www.swissraft.ch\/de\/wp-json\/wp\/v2\/product_tag?post=91353"}],"curies":[{"name":"wp","href":"https:\/\/api.w.org\/{rel}","templated":true}]}}