{"id":91350,"date":"2023-11-24T01:02:57","date_gmt":"2023-11-24T00:02:57","guid":{"rendered":"https:\/\/swissraft.xyanzkdne.eu\/product\/flug-mit-dem-flugzeug-von-schaenis-la-bernina-120-min-chf-640-00\/"},"modified":"2026-04-28T05:48:39","modified_gmt":"2026-04-28T03:48:39","slug":"flug-flugzeug-schaenis-rundflug-bernina","status":"publish","type":"product","link":"https:\/\/www.swissraft.ch\/de\/produkt\/flug-flugzeug-schaenis-rundflug-bernina\/","title":{"rendered":"Flug mit dem Flugzeug &#8211; Sch\u00e4nis &#8211; Die Bernina &#8211; 120 Min. &#8211; CHF 640.00"},"content":{"rendered":"\t\t<div data-elementor-type=\"wp-post\" data-elementor-id=\"91350\" class=\"elementor elementor-91350 elementor-52973\">\n\t\t\t\t\t\t\t\t\t<section class=\"elementor-section elementor-top-section elementor-element elementor-element-3303a7e3 elementor-section-boxed elementor-section-height-default elementor-section-height-default\" data-id=\"3303a7e3\" data-element_type=\"section\">\n\t\t\t\t\t\t<div class=\"elementor-container elementor-column-gap-default\">\n\t\t\t\t\t<div class=\"elementor-column elementor-col-100 elementor-top-column elementor-element elementor-element-16d72dbf\" data-id=\"16d72dbf\" data-element_type=\"column\">\n\t\t\t<div class=\"elementor-widget-wrap elementor-element-populated\">\n\t\t\t\t\t\t\t\t<div class=\"elementor-element elementor-element-d743c03 elementor-widget elementor-widget-text-editor\" data-id=\"d743c03\" data-element_type=\"widget\" data-widget_type=\"text-editor.default\">\n\t\t\t\t<div class=\"elementor-widget-container\">\n\t\t\t\t\t\t\t<h2>W\u00c4HLEN SIE UNTEN IHRE AKTIVIT\u00c4T AUS, UM GESCHENKGUTSCHEINE \/ TICKETS ZU VERSCHENKEN ODER ZU BUCHEN<\/h2><table border=\"0\" width=\"580\" cellspacing=\"10\" cellpadding=\"10\"><tbody><tr><td width=\"50%\"><strong>RUNDFLUG &#8211; DIE BERNINA &#8211; PRIVATFLUG (1 Pers.) &#8211; 120 Min.<\/strong><\/td><td><strong>CHF 640.00 pro Privatflug <span class=\"productPrice\"><br \/><\/span><\/strong><\/td><\/tr><tr><td>Zus\u00e4tzliche Informationen<\/td><td><span class=\"patt\">&#8211; Sie haben das Flugzeug ausschlie\u00dflich f\u00fcr sich<br \/>&#8211; Sie bestimmen das Datum und die Uhrzeit des Abflugs<br \/><\/span><span class=\"patt\">&#8211; Maximum 1 Pers.<\/span><\/td><\/tr><tr><td>Flugplatz<\/td><td><a href=\"https:\/\/www.google.com\/maps\/place\/47%C2%B010'17.6%22N+9%C2%B002'28.0%22E\/@47.172222,9.0233044,3069m\/data=!3m1!1e3!4m4!3m3!8m2!3d47.1715556!4d9.0411111?entry=ttu\" target=\"_blank\" rel=\"noopener\">Sch\u00e4nis<\/a><\/td><\/tr><tr><td>Flugzeit<\/td><td>120 Min.<\/td><\/tr><tr><td>Gesamtdauer<\/td><td>ca. 2,5 Std.<\/td><\/tr><tr><td>Termin<\/td><td>Per Telefon<\/td><\/tr><tr><td><button class=\"elementor-button\" type=\"button\"><a href=\"https:\/\/swissraft.outdoorbooking.ch\/fo\/products\/2011?base_id=28&amp;category_id=4&amp;order_type=gift_voucher&amp;lang=de\" target=\"_blank\" rel=\"noopener\">GUTSCHEIN \/ TICKET KAUFEN<\/a><\/button><\/td><td><strong><em>WICHTIG !<\/em><\/strong><br \/><em>Um zu reservieren, rufen Sie die Nummer an, die sich oben links auf dem Gutschein \/ Ticket befindet.<\/em><\/td><\/tr><\/tbody><\/table>\t\t\t\t\t\t<\/div>\n\t\t\t\t<\/div>\n\t\t\t\t\t<\/div>\n\t\t<\/div>\n\t\t\t\t\t\t\t<\/div>\n\t\t<\/section>\n\t\t\t\t\t\t\t<\/div>\n\t\t","protected":false},"excerpt":{"rendered":"<div align=\"justify\">\n<h2 align=\"justify\">Fliegen Sie vom Flugplatz Sch\u00e4nis aus \u00fcber die Bernina im Oberengadin in Graub\u00fcnden.<\/h2>\n<h3>Dieser zweist\u00fcndige Flug f\u00fchrt Sie \u00fcber P\u00e4sse und Gipfel in den B\u00fcndner Alpen.<\/h3>\n<\/div>\n<div align=\"justify\">\n<p>Sie starten vom Flugplatz Sch\u00e4nis zu einem langen, zweist\u00fcndigen Flug nach Graub\u00fcnden und ins Engadin. Der Septimer-Pass mit einer H\u00f6he von 2310 m liegt unter Ihren F\u00fc\u00dfen. Dann der Bernina-Pass auf 2328 m H\u00f6he. Dieser Pass verbindet das Engadin mit dem Veltlin in Italien. Er ist \u00fcbrigens der einzige und h\u00f6chste Pass in den Schweizer Alpen, der auch im Winter ge\u00f6ffnet ist. Anschlie\u00dfend setzen Sie Ihren Flug zum Maloja-Pass fort, der eine H\u00f6he von 1815 m erreicht. Dieser Stra\u00dfenpass befindet sich in der Gemeinde Bregaglia. Ihr Flug geht weiter zum Piz Corvatsch, der 3451 m hoch ist. Er ist Teil der Bernina-Kette im Oberengadin. Danach geht Ihre Reise weiter zum Piz Bernina, der 4048 m hoch ist. Er ist der h\u00f6chste Gipfel der Bernina-Kette und der gesamten Ostalpen. Au\u00dferdem ist er der einzige Gipfel \u00fcber 4000 m H\u00f6he in dieser Region. Nach diesem herrlichen zweist\u00fcndigen Flug mit dem Sportflugzeug ruhen Sie sich auf dem Flugplatz von Sch\u00e4nis aus.<\/p>\n<h3>Swissraft schl\u00e4gt Ihnen auf seiner Website etwa 40 Fl\u00fcge mit einem Sportflugzeug \u00fcber das Gebiet der Schweiz vor.<\/h3>\n<p id=\"textarea\" style=\"display: none;\">\nEbenso bieten wir Rundfl\u00fcge vom internationalen Flughafen Bern-Belp an. sowie Fl\u00fcge vom Flugplatz Biel in der 3-Seen-Region. Au\u00dferdem bieten wir Rundfl\u00fcge von Grenchen im Kanton Solothurn aus an. Aber auch Flugzeugfl\u00fcge von Buttwil im Kanton Aargau. Au\u00dferdem bieten wir Sportfl\u00fcge im Kanton Freiburg an, die von \u00c9pagny en Gruy\u00e8re aus starten.\n<\/p>\n<p><a id=\"seeMore\" onclick=\"toggleSeeMore()\" href=\"javascript:void(0);\">Lesen Sie mehr<\/a><\/p>\n","protected":false},"featured_media":88603,"comment_status":"open","ping_status":"closed","template":"","meta":{"inline_featured_image":false,"_mi_skip_tracking":false},"product_cat":[293,310],"product_tag":[],"class_list":["post-91350","product","type-product","status-publish","has-post-thumbnail","hentry","product_cat-flug-in-der-schweiz","product_cat-flug-flugzeug-rundflug-schaenis"],"yoast_head":"<!-- This site is optimized with the Yoast SEO plugin v23.6 - https:\/\/yoast.com\/wordpress\/plugins\/seo\/ -->\n<title>Rundflug die Bernina ab Sch\u00e4nis f\u00fcr einen 120-min\u00fctigen Flug<\/title>\n<meta name=\"description\" content=\"Rundflug die Bernina von Sch\u00e4nis f\u00fcr einen 120-min\u00fctigen Flug \u00fcber die B\u00fcndner Alpen und ihre sch\u00f6nsten Gipfel. Ein Traumhafter Rundflug\" \/>\n<meta name=\"robots\" content=\"index, follow, max-snippet:-1, max-image-preview:large, max-video-preview:-1\" \/>\n<link rel=\"canonical\" href=\"https:\/\/www.swissraft.ch\/de\/produkt\/flug-flugzeug-schaenis-rundflug-bernina\/\" \/>\n<meta property=\"og:locale\" content=\"de_DE\" \/>\n<meta property=\"og:type\" content=\"article\" \/>\n<meta property=\"og:title\" content=\"Rundflug die Bernina ab Sch\u00e4nis f\u00fcr einen 120-min\u00fctigen Flug\" \/>\n<meta property=\"og:description\" content=\"Rundflug die Bernina von Sch\u00e4nis f\u00fcr einen 120-min\u00fctigen Flug \u00fcber die B\u00fcndner Alpen und ihre sch\u00f6nsten Gipfel. Ein Traumhafter Rundflug\" \/>\n<meta property=\"og:url\" content=\"https:\/\/www.swissraft.ch\/de\/produkt\/flug-flugzeug-schaenis-rundflug-bernina\/\" \/>\n<meta property=\"og:site_name\" content=\"Swissraft\" \/>\n<meta property=\"article:modified_time\" content=\"2026-04-28T03:48:39+00:00\" \/>\n<meta property=\"og:image\" content=\"https:\/\/www.swissraft.ch\/wp-content\/uploads\/2023\/11\/7-Bernina-7776x776-1.jpg\" \/>\n\t<meta property=\"og:image:width\" content=\"776\" \/>\n\t<meta property=\"og:image:height\" content=\"776\" \/>\n\t<meta property=\"og:image:type\" content=\"image\/jpeg\" \/>\n<meta name=\"twitter:card\" content=\"summary_large_image\" \/>\n<meta name=\"twitter:label1\" content=\"Gesch\u00e4tzte Lesezeit\" \/>\n\t<meta name=\"twitter:data1\" content=\"1\u00a0Minute\" \/>\n<script type=\"application\/ld+json\" class=\"yoast-schema-graph\">{\"@context\":\"https:\/\/schema.org\",\"@graph\":[{\"@type\":\"WebPage\",\"@id\":\"https:\/\/www.swissraft.ch\/de\/produkt\/flug-flugzeug-schaenis-rundflug-bernina\/\",\"url\":\"https:\/\/www.swissraft.ch\/de\/produkt\/flug-flugzeug-schaenis-rundflug-bernina\/\",\"name\":\"Rundflug die Bernina ab Sch\u00e4nis f\u00fcr einen 120-min\u00fctigen Flug\",\"isPartOf\":{\"@id\":\"https:\/\/www.swissraft.ch\/de\/#website\"},\"primaryImageOfPage\":{\"@id\":\"https:\/\/www.swissraft.ch\/de\/produkt\/flug-flugzeug-schaenis-rundflug-bernina\/#primaryimage\"},\"image\":{\"@id\":\"https:\/\/www.swissraft.ch\/de\/produkt\/flug-flugzeug-schaenis-rundflug-bernina\/#primaryimage\"},\"thumbnailUrl\":\"https:\/\/www.swissraft.ch\/wp-content\/uploads\/2023\/11\/7-Bernina-7776x776-1.jpg\",\"datePublished\":\"2023-11-24T00:02:57+00:00\",\"dateModified\":\"2026-04-28T03:48:39+00:00\",\"description\":\"Rundflug die Bernina von Sch\u00e4nis f\u00fcr einen 120-min\u00fctigen Flug \u00fcber die B\u00fcndner Alpen und ihre sch\u00f6nsten Gipfel. Ein Traumhafter Rundflug\",\"breadcrumb\":{\"@id\":\"https:\/\/www.swissraft.ch\/de\/produkt\/flug-flugzeug-schaenis-rundflug-bernina\/#breadcrumb\"},\"inLanguage\":\"de\",\"potentialAction\":[{\"@type\":\"ReadAction\",\"target\":[\"https:\/\/www.swissraft.ch\/de\/produkt\/flug-flugzeug-schaenis-rundflug-bernina\/\"]}]},{\"@type\":\"ImageObject\",\"inLanguage\":\"de\",\"@id\":\"https:\/\/www.swissraft.ch\/de\/produkt\/flug-flugzeug-schaenis-rundflug-bernina\/#primaryimage\",\"url\":\"https:\/\/www.swissraft.ch\/wp-content\/uploads\/2023\/11\/7-Bernina-7776x776-1.jpg\",\"contentUrl\":\"https:\/\/www.swissraft.ch\/wp-content\/uploads\/2023\/11\/7-Bernina-7776x776-1.jpg\",\"width\":776,\"height\":776,\"caption\":\"Die Bernina mit dem Flugzeug von Sch\u00e4nis aus\"},{\"@type\":\"BreadcrumbList\",\"@id\":\"https:\/\/www.swissraft.ch\/de\/produkt\/flug-flugzeug-schaenis-rundflug-bernina\/#breadcrumb\",\"itemListElement\":[{\"@type\":\"ListItem\",\"position\":1,\"name\":\"Accueil\",\"item\":\"https:\/\/www.swissraft.ch\/de\/\"},{\"@type\":\"ListItem\",\"position\":2,\"name\":\"Shop\",\"item\":\"https:\/\/www.swissraft.ch\/de\/shop\/\"},{\"@type\":\"ListItem\",\"position\":3,\"name\":\"Flug mit dem Flugzeug &#8211; Sch\u00e4nis &#8211; Die Bernina &#8211; 120 Min. &#8211; CHF 640.00\"}]},{\"@type\":\"WebSite\",\"@id\":\"https:\/\/www.swissraft.ch\/de\/#website\",\"url\":\"https:\/\/www.swissraft.ch\/de\/\",\"name\":\"Swissraft\",\"description\":\"To enjoy nature as it is\",\"publisher\":{\"@id\":\"https:\/\/www.swissraft.ch\/de\/#organization\"},\"potentialAction\":[{\"@type\":\"SearchAction\",\"target\":{\"@type\":\"EntryPoint\",\"urlTemplate\":\"https:\/\/www.swissraft.ch\/de\/?s={search_term_string}\"},\"query-input\":{\"@type\":\"PropertyValueSpecification\",\"valueRequired\":true,\"valueName\":\"search_term_string\"}}],\"inLanguage\":\"de\"},{\"@type\":\"Organization\",\"@id\":\"https:\/\/www.swissraft.ch\/de\/#organization\",\"name\":\"Swissraft\",\"url\":\"https:\/\/www.swissraft.ch\/de\/\",\"logo\":{\"@type\":\"ImageObject\",\"inLanguage\":\"de\",\"@id\":\"https:\/\/www.swissraft.ch\/de\/#\/schema\/logo\/image\/\",\"url\":\"https:\/\/www.swissraft.ch\/wp-content\/uploads\/2025\/09\/Capture.jpg\",\"contentUrl\":\"https:\/\/www.swissraft.ch\/wp-content\/uploads\/2025\/09\/Capture.jpg\",\"width\":293,\"height\":108,\"caption\":\"Swissraft\"},\"image\":{\"@id\":\"https:\/\/www.swissraft.ch\/de\/#\/schema\/logo\/image\/\"}}]}<\/script>\n<!-- \/ Yoast SEO plugin. -->","yoast_head_json":{"title":"Rundflug die Bernina ab Sch\u00e4nis f\u00fcr einen 120-min\u00fctigen Flug","description":"Rundflug die Bernina von Sch\u00e4nis f\u00fcr einen 120-min\u00fctigen Flug \u00fcber die B\u00fcndner Alpen und ihre sch\u00f6nsten Gipfel. Ein Traumhafter Rundflug","robots":{"index":"index","follow":"follow","max-snippet":"max-snippet:-1","max-image-preview":"max-image-preview:large","max-video-preview":"max-video-preview:-1"},"canonical":"https:\/\/www.swissraft.ch\/de\/produkt\/flug-flugzeug-schaenis-rundflug-bernina\/","og_locale":"de_DE","og_type":"article","og_title":"Rundflug die Bernina ab Sch\u00e4nis f\u00fcr einen 120-min\u00fctigen Flug","og_description":"Rundflug die Bernina von Sch\u00e4nis f\u00fcr einen 120-min\u00fctigen Flug \u00fcber die B\u00fcndner Alpen und ihre sch\u00f6nsten Gipfel. Ein Traumhafter Rundflug","og_url":"https:\/\/www.swissraft.ch\/de\/produkt\/flug-flugzeug-schaenis-rundflug-bernina\/","og_site_name":"Swissraft","article_modified_time":"2026-04-28T03:48:39+00:00","og_image":[{"width":776,"height":776,"url":"https:\/\/www.swissraft.ch\/wp-content\/uploads\/2023\/11\/7-Bernina-7776x776-1.jpg","type":"image\/jpeg"}],"twitter_card":"summary_large_image","twitter_misc":{"Gesch\u00e4tzte Lesezeit":"1\u00a0Minute"},"schema":{"@context":"https:\/\/schema.org","@graph":[{"@type":"WebPage","@id":"https:\/\/www.swissraft.ch\/de\/produkt\/flug-flugzeug-schaenis-rundflug-bernina\/","url":"https:\/\/www.swissraft.ch\/de\/produkt\/flug-flugzeug-schaenis-rundflug-bernina\/","name":"Rundflug die Bernina ab Sch\u00e4nis f\u00fcr einen 120-min\u00fctigen Flug","isPartOf":{"@id":"https:\/\/www.swissraft.ch\/de\/#website"},"primaryImageOfPage":{"@id":"https:\/\/www.swissraft.ch\/de\/produkt\/flug-flugzeug-schaenis-rundflug-bernina\/#primaryimage"},"image":{"@id":"https:\/\/www.swissraft.ch\/de\/produkt\/flug-flugzeug-schaenis-rundflug-bernina\/#primaryimage"},"thumbnailUrl":"https:\/\/www.swissraft.ch\/wp-content\/uploads\/2023\/11\/7-Bernina-7776x776-1.jpg","datePublished":"2023-11-24T00:02:57+00:00","dateModified":"2026-04-28T03:48:39+00:00","description":"Rundflug die Bernina von Sch\u00e4nis f\u00fcr einen 120-min\u00fctigen Flug \u00fcber die B\u00fcndner Alpen und ihre sch\u00f6nsten Gipfel. Ein Traumhafter Rundflug","breadcrumb":{"@id":"https:\/\/www.swissraft.ch\/de\/produkt\/flug-flugzeug-schaenis-rundflug-bernina\/#breadcrumb"},"inLanguage":"de","potentialAction":[{"@type":"ReadAction","target":["https:\/\/www.swissraft.ch\/de\/produkt\/flug-flugzeug-schaenis-rundflug-bernina\/"]}]},{"@type":"ImageObject","inLanguage":"de","@id":"https:\/\/www.swissraft.ch\/de\/produkt\/flug-flugzeug-schaenis-rundflug-bernina\/#primaryimage","url":"https:\/\/www.swissraft.ch\/wp-content\/uploads\/2023\/11\/7-Bernina-7776x776-1.jpg","contentUrl":"https:\/\/www.swissraft.ch\/wp-content\/uploads\/2023\/11\/7-Bernina-7776x776-1.jpg","width":776,"height":776,"caption":"Die Bernina mit dem Flugzeug von Sch\u00e4nis aus"},{"@type":"BreadcrumbList","@id":"https:\/\/www.swissraft.ch\/de\/produkt\/flug-flugzeug-schaenis-rundflug-bernina\/#breadcrumb","itemListElement":[{"@type":"ListItem","position":1,"name":"Accueil","item":"https:\/\/www.swissraft.ch\/de\/"},{"@type":"ListItem","position":2,"name":"Shop","item":"https:\/\/www.swissraft.ch\/de\/shop\/"},{"@type":"ListItem","position":3,"name":"Flug mit dem Flugzeug &#8211; Sch\u00e4nis &#8211; Die Bernina &#8211; 120 Min. &#8211; CHF 640.00"}]},{"@type":"WebSite","@id":"https:\/\/www.swissraft.ch\/de\/#website","url":"https:\/\/www.swissraft.ch\/de\/","name":"Swissraft","description":"To enjoy nature as it is","publisher":{"@id":"https:\/\/www.swissraft.ch\/de\/#organization"},"potentialAction":[{"@type":"SearchAction","target":{"@type":"EntryPoint","urlTemplate":"https:\/\/www.swissraft.ch\/de\/?s={search_term_string}"},"query-input":{"@type":"PropertyValueSpecification","valueRequired":true,"valueName":"search_term_string"}}],"inLanguage":"de"},{"@type":"Organization","@id":"https:\/\/www.swissraft.ch\/de\/#organization","name":"Swissraft","url":"https:\/\/www.swissraft.ch\/de\/","logo":{"@type":"ImageObject","inLanguage":"de","@id":"https:\/\/www.swissraft.ch\/de\/#\/schema\/logo\/image\/","url":"https:\/\/www.swissraft.ch\/wp-content\/uploads\/2025\/09\/Capture.jpg","contentUrl":"https:\/\/www.swissraft.ch\/wp-content\/uploads\/2025\/09\/Capture.jpg","width":293,"height":108,"caption":"Swissraft"},"image":{"@id":"https:\/\/www.swissraft.ch\/de\/#\/schema\/logo\/image\/"}}]}},"_links":{"self":[{"href":"https:\/\/www.swissraft.ch\/de\/wp-json\/wp\/v2\/product\/91350","targetHints":{"allow":["GET"]}}],"collection":[{"href":"https:\/\/www.swissraft.ch\/de\/wp-json\/wp\/v2\/product"}],"about":[{"href":"https:\/\/www.swissraft.ch\/de\/wp-json\/wp\/v2\/types\/product"}],"replies":[{"embeddable":true,"href":"https:\/\/www.swissraft.ch\/de\/wp-json\/wp\/v2\/comments?post=91350"}],"version-history":[{"count":7,"href":"https:\/\/www.swissraft.ch\/de\/wp-json\/wp\/v2\/product\/91350\/revisions"}],"predecessor-version":[{"id":142828,"href":"https:\/\/www.swissraft.ch\/de\/wp-json\/wp\/v2\/product\/91350\/revisions\/142828"}],"wp:featuredmedia":[{"embeddable":true,"href":"https:\/\/www.swissraft.ch\/de\/wp-json\/wp\/v2\/media\/88603"}],"wp:attachment":[{"href":"https:\/\/www.swissraft.ch\/de\/wp-json\/wp\/v2\/media?parent=91350"}],"wp:term":[{"taxonomy":"product_cat","embeddable":true,"href":"https:\/\/www.swissraft.ch\/de\/wp-json\/wp\/v2\/product_cat?post=91350"},{"taxonomy":"product_tag","embeddable":true,"href":"https:\/\/www.swissraft.ch\/de\/wp-json\/wp\/v2\/product_tag?post=91350"}],"curies":[{"name":"wp","href":"https:\/\/api.w.org\/{rel}","templated":true}]}}