{"id":91345,"date":"2023-12-02T18:20:16","date_gmt":"2023-12-02T17:20:16","guid":{"rendered":"https:\/\/swissraft.xyanzkdne.eu\/product\/einfuehrung-in-das-flugzeug-ab-epagny-tecnam-p2002-chf-199-00\/"},"modified":"2024-12-17T04:10:23","modified_gmt":"2024-12-17T03:10:23","slug":"schnupperflug-flugzeug-epagny-tecnam-p2002","status":"publish","type":"product","link":"https:\/\/www.swissraft.ch\/de\/produkt\/schnupperflug-flugzeug-epagny-tecnam-p2002\/","title":{"rendered":"Schnupperflug mit einem Flugzeug ab \u00c9PAGNY &#8211; TECNAM P2002 &#8211; CHF 199.00"},"content":{"rendered":"\t\t<div data-elementor-type=\"wp-post\" data-elementor-id=\"91345\" class=\"elementor elementor-91345 elementor-53737\">\n\t\t\t\t\t\t\t\t\t<section class=\"elementor-section elementor-top-section elementor-element elementor-element-3303a7e3 elementor-section-boxed elementor-section-height-default elementor-section-height-default\" data-id=\"3303a7e3\" data-element_type=\"section\">\n\t\t\t\t\t\t<div class=\"elementor-container elementor-column-gap-default\">\n\t\t\t\t\t<div class=\"elementor-column elementor-col-100 elementor-top-column elementor-element elementor-element-16d72dbf\" data-id=\"16d72dbf\" data-element_type=\"column\">\n\t\t\t<div class=\"elementor-widget-wrap elementor-element-populated\">\n\t\t\t\t\t\t\t\t<div class=\"elementor-element elementor-element-d743c03 elementor-widget elementor-widget-text-editor\" data-id=\"d743c03\" data-element_type=\"widget\" data-widget_type=\"text-editor.default\">\n\t\t\t\t<div class=\"elementor-widget-container\">\n\t\t\t\t\t\t\t<h2>W\u00c4HLEN SIE UNTEN IHRE AKTIVIT\u00c4T AUS, UM GESCHENKGUTSCHEINE \/ TICKETS ZU VERSCHENKEN ODER ZU BUCHEN.<\/h2><table border=\"0\" width=\"580\" cellspacing=\"10\" cellpadding=\"10\"><tbody><tr><td width=\"50%\"><strong>SCHNUPPERFLUG MIT DER TECNAM P2002 &#8211; 1 SCH\u00dcLER &#8211; 40 Min.<\/strong><\/td><td><strong>CHF 199.00 pro Flug<span class=\"productPrice\"><br \/><\/span><\/strong><\/td><\/tr><tr><td>Weitere Informationen<\/td><td><span class=\"patt\">&#8211; Das Flugzeug steht Ihnen ausschlie\u00dflich zur Verf\u00fcgung<br \/>&#8211; Sie bestimmen das Datum und die Uhrzeit des Abflugs<br \/>&#8211; H\u00f6chstgewicht : 100 kg<br \/>&#8211; Maximal 1 Pers.<br \/><\/span><\/td><\/tr><tr><td>Flugplatz<\/td><td><a href=\"https:\/\/www.google.com\/maps\/place\/46%C2%B035'44.0%22N+7%C2%B005'36.3%22E\/@46.5958455,7.0846888,1551m\/data=!3m1!1e3!4m4!3m3!8m2!3d46.5955556!4d7.0934167?entry=ttu\" target=\"_blank\" rel=\"noopener\">\u00c9pagny<\/a><\/td><\/tr><tr><td>Flugzeit<\/td><td>40 Min.<\/td><\/tr><tr><td>Gesamtdauer<\/td><td>ca. 1:15 Std.<\/td><\/tr><tr><td>Terminvereinbarung<\/td><td>Per Telefon<\/td><\/tr><tr><td><button class=\"elementor-button\" type=\"button\"><a href=\"https:\/\/swissraft.outdoorbooking.ch\/fo\/products\/1696?base_id=252&amp;category_id=4&amp;order_type=gift_voucher&amp;lang=de\" target=\"_blank\" rel=\"noopener\">GUTSCHEIN KAUFEN<\/a><\/button><\/td><td>Um zu buchen : <span class=\"patt\" style=\"font-family: inherit; font-size: inherit;\"><span class=\"plbl\"><span class=\"patt\"><a href=\"https:\/\/www.swissraft.ch\/de\/kontakt\/\">Kontaktieren Sie uns<\/a><\/span><\/span><\/span><\/td><\/tr><\/tbody><\/table>\t\t\t\t\t\t<\/div>\n\t\t\t\t<\/div>\n\t\t\t\t\t<\/div>\n\t\t<\/div>\n\t\t\t\t\t\t\t<\/div>\n\t\t<\/section>\n\t\t\t\t\t\t\t<\/div>\n\t\t","protected":false},"excerpt":{"rendered":"<div align=\"justify\">\n<h2 align=\"justify\">Auf dem Flugplatz von \u00c9pagny im Greyerzerland \u00fcbernehmen Sie das Steuer f\u00fcr einen Schnupperflug mit der TECNAM P2002, ein sehr leistungsf\u00e4higes Flugzeug.<\/h2>\n<h3>Das Flugzeug TECNAM P2002 der Kategorie UL oder Ultraleicht ist ein bemerkenswertes Flugzeug mit einer Reichweite von 5 Stunden und einer Reisegeschwindigkeit von 185 km\/h. Sie werden dieses Flugzeug lieben<\/h3>\n<\/div>\n<div align=\"justify\">\n<p>Auf dem Flugplatz von \u00c9pagny im Greyerzerland erhalten Sie eine Einf\u00fchrung in die Fliegerei. Nach einer kurzen Theorie fliegen Sie Ihr Flugzeug selbst unter den wachsamen Augen unseres Fluglehrers. Sie m\u00fcssen nur auf die Erlaubnis des Kontrollturms warten und schon sind Sie in der Luft und steuern Ihr Flugzeug. Vielleicht ist dies die Entdeckung einer Berufung f\u00fcr Sie: PILOT SEIN! Ab dem Alter von 14 Jahren ist eine Einf\u00fchrung in das Fliegen eines Flugzeugs m\u00f6glich.<\/p>\n<h3>Swissraft bietet Ihnen auch andere Flugpl\u00e4tze f\u00fcr eine Einf\u00fchrung in das Fliegen eines Flugzeugs an.<\/h3>\n<p id=\"textarea\" style=\"display: none;\">\nWir bieten auch Schnupperfl\u00fcge vom Flughafen Bern Belp an. Aber auch Piloteneinf\u00fchrungen mit einem Flugzeug im Aargau auf dem Flugplatz Buttwil. Sowie im Kanton St. Gallen in Sch\u00e4nis bieten wir Einf\u00fchrungsfl\u00fcge im Segelfliegen an.\n<\/p>\n<p><a id=\"seeMore\" onclick=\"toggleSeeMore()\" href=\"javascript:void(0);\">Lesen Sie mehr<\/a><\/p>\n","protected":false},"featured_media":88900,"comment_status":"open","ping_status":"closed","template":"","meta":{"inline_featured_image":false,"_mi_skip_tracking":false},"product_cat":[264,267,266],"product_tag":[],"class_list":["post-91345","product","type-product","status-publish","has-post-thumbnail","hentry","product_cat-schnupperflug-flugzeug","product_cat-flugzeug-epagny","product_cat-schnupperflug-in-der-schweiz-selbst-fliegen"],"yoast_head":"<!-- This site is optimized with the Yoast SEO plugin v23.6 - https:\/\/yoast.com\/wordpress\/plugins\/seo\/ -->\n<title>Schnupperflug mit Tecnam P2002 ab \u00c9pagny, ein super Flugzeug<\/title>\n<meta name=\"description\" content=\"Schnupperflug mit Tecnam P2002 ab \u00c9pagny, ein UltraleichtFlugzeug mit bemerkenswerten Leistungen. Es wird Ihnen viel Spa\u00df machen\" \/>\n<meta name=\"robots\" content=\"index, follow, max-snippet:-1, max-image-preview:large, max-video-preview:-1\" \/>\n<link rel=\"canonical\" href=\"https:\/\/www.swissraft.ch\/de\/produkt\/schnupperflug-flugzeug-epagny-tecnam-p2002\/\" \/>\n<meta property=\"og:locale\" content=\"de_DE\" \/>\n<meta property=\"og:type\" content=\"article\" \/>\n<meta property=\"og:title\" content=\"Schnupperflug mit Tecnam P2002 ab \u00c9pagny, ein super Flugzeug\" \/>\n<meta property=\"og:description\" content=\"Schnupperflug mit Tecnam P2002 ab \u00c9pagny, ein UltraleichtFlugzeug mit bemerkenswerten Leistungen. Es wird Ihnen viel Spa\u00df machen\" \/>\n<meta property=\"og:url\" content=\"https:\/\/www.swissraft.ch\/de\/produkt\/schnupperflug-flugzeug-epagny-tecnam-p2002\/\" \/>\n<meta property=\"og:site_name\" content=\"Swissraft\" \/>\n<meta property=\"article:modified_time\" content=\"2024-12-17T03:10:23+00:00\" \/>\n<meta property=\"og:image\" content=\"https:\/\/www.swissraft.ch\/wp-content\/uploads\/2023\/12\/3-TECNAM-P2002-776x776-1.jpg\" \/>\n\t<meta property=\"og:image:width\" content=\"776\" \/>\n\t<meta property=\"og:image:height\" content=\"776\" \/>\n\t<meta property=\"og:image:type\" content=\"image\/jpeg\" \/>\n<meta name=\"twitter:card\" content=\"summary_large_image\" \/>\n<meta name=\"twitter:label1\" content=\"Gesch\u00e4tzte Lesezeit\" \/>\n\t<meta name=\"twitter:data1\" content=\"1\u00a0Minute\" \/>\n<script type=\"application\/ld+json\" class=\"yoast-schema-graph\">{\"@context\":\"https:\/\/schema.org\",\"@graph\":[{\"@type\":\"WebPage\",\"@id\":\"https:\/\/www.swissraft.ch\/de\/produkt\/schnupperflug-flugzeug-epagny-tecnam-p2002\/\",\"url\":\"https:\/\/www.swissraft.ch\/de\/produkt\/schnupperflug-flugzeug-epagny-tecnam-p2002\/\",\"name\":\"Schnupperflug mit Tecnam P2002 ab \u00c9pagny, ein super Flugzeug\",\"isPartOf\":{\"@id\":\"https:\/\/www.swissraft.ch\/de\/#website\"},\"primaryImageOfPage\":{\"@id\":\"https:\/\/www.swissraft.ch\/de\/produkt\/schnupperflug-flugzeug-epagny-tecnam-p2002\/#primaryimage\"},\"image\":{\"@id\":\"https:\/\/www.swissraft.ch\/de\/produkt\/schnupperflug-flugzeug-epagny-tecnam-p2002\/#primaryimage\"},\"thumbnailUrl\":\"https:\/\/www.swissraft.ch\/wp-content\/uploads\/2023\/12\/3-TECNAM-P2002-776x776-1.jpg\",\"datePublished\":\"2023-12-02T17:20:16+00:00\",\"dateModified\":\"2024-12-17T03:10:23+00:00\",\"description\":\"Schnupperflug mit Tecnam P2002 ab \u00c9pagny, ein UltraleichtFlugzeug mit bemerkenswerten Leistungen. Es wird Ihnen viel Spa\u00df machen\",\"breadcrumb\":{\"@id\":\"https:\/\/www.swissraft.ch\/de\/produkt\/schnupperflug-flugzeug-epagny-tecnam-p2002\/#breadcrumb\"},\"inLanguage\":\"de\",\"potentialAction\":[{\"@type\":\"ReadAction\",\"target\":[\"https:\/\/www.swissraft.ch\/de\/produkt\/schnupperflug-flugzeug-epagny-tecnam-p2002\/\"]}]},{\"@type\":\"ImageObject\",\"inLanguage\":\"de\",\"@id\":\"https:\/\/www.swissraft.ch\/de\/produkt\/schnupperflug-flugzeug-epagny-tecnam-p2002\/#primaryimage\",\"url\":\"https:\/\/www.swissraft.ch\/wp-content\/uploads\/2023\/12\/3-TECNAM-P2002-776x776-1.jpg\",\"contentUrl\":\"https:\/\/www.swissraft.ch\/wp-content\/uploads\/2023\/12\/3-TECNAM-P2002-776x776-1.jpg\",\"width\":776,\"height\":776,\"caption\":\"Tecnam P2002 f\u00fcr eine Einf\u00fchrung in das Fliegen eines Flugzeugs von \u00c9pagny aus\"},{\"@type\":\"BreadcrumbList\",\"@id\":\"https:\/\/www.swissraft.ch\/de\/produkt\/schnupperflug-flugzeug-epagny-tecnam-p2002\/#breadcrumb\",\"itemListElement\":[{\"@type\":\"ListItem\",\"position\":1,\"name\":\"Accueil\",\"item\":\"https:\/\/www.swissraft.ch\/de\/\"},{\"@type\":\"ListItem\",\"position\":2,\"name\":\"Shop\",\"item\":\"https:\/\/www.swissraft.ch\/de\/shop\/\"},{\"@type\":\"ListItem\",\"position\":3,\"name\":\"Schnupperflug mit einem Flugzeug ab \u00c9PAGNY &#8211; TECNAM P2002 &#8211; CHF 199.00\"}]},{\"@type\":\"WebSite\",\"@id\":\"https:\/\/www.swissraft.ch\/de\/#website\",\"url\":\"https:\/\/www.swissraft.ch\/de\/\",\"name\":\"Swissraft\",\"description\":\"To enjoy nature as it is\",\"publisher\":{\"@id\":\"https:\/\/www.swissraft.ch\/de\/#organization\"},\"potentialAction\":[{\"@type\":\"SearchAction\",\"target\":{\"@type\":\"EntryPoint\",\"urlTemplate\":\"https:\/\/www.swissraft.ch\/de\/?s={search_term_string}\"},\"query-input\":{\"@type\":\"PropertyValueSpecification\",\"valueRequired\":true,\"valueName\":\"search_term_string\"}}],\"inLanguage\":\"de\"},{\"@type\":\"Organization\",\"@id\":\"https:\/\/www.swissraft.ch\/de\/#organization\",\"name\":\"Swissraft\",\"url\":\"https:\/\/www.swissraft.ch\/de\/\",\"logo\":{\"@type\":\"ImageObject\",\"inLanguage\":\"de\",\"@id\":\"https:\/\/www.swissraft.ch\/de\/#\/schema\/logo\/image\/\",\"url\":\"https:\/\/www.swissraft.ch\/wp-content\/uploads\/2025\/09\/Capture.jpg\",\"contentUrl\":\"https:\/\/www.swissraft.ch\/wp-content\/uploads\/2025\/09\/Capture.jpg\",\"width\":293,\"height\":108,\"caption\":\"Swissraft\"},\"image\":{\"@id\":\"https:\/\/www.swissraft.ch\/de\/#\/schema\/logo\/image\/\"}}]}<\/script>\n<!-- \/ Yoast SEO plugin. -->","yoast_head_json":{"title":"Schnupperflug mit Tecnam P2002 ab \u00c9pagny, ein super Flugzeug","description":"Schnupperflug mit Tecnam P2002 ab \u00c9pagny, ein UltraleichtFlugzeug mit bemerkenswerten Leistungen. Es wird Ihnen viel Spa\u00df machen","robots":{"index":"index","follow":"follow","max-snippet":"max-snippet:-1","max-image-preview":"max-image-preview:large","max-video-preview":"max-video-preview:-1"},"canonical":"https:\/\/www.swissraft.ch\/de\/produkt\/schnupperflug-flugzeug-epagny-tecnam-p2002\/","og_locale":"de_DE","og_type":"article","og_title":"Schnupperflug mit Tecnam P2002 ab \u00c9pagny, ein super Flugzeug","og_description":"Schnupperflug mit Tecnam P2002 ab \u00c9pagny, ein UltraleichtFlugzeug mit bemerkenswerten Leistungen. Es wird Ihnen viel Spa\u00df machen","og_url":"https:\/\/www.swissraft.ch\/de\/produkt\/schnupperflug-flugzeug-epagny-tecnam-p2002\/","og_site_name":"Swissraft","article_modified_time":"2024-12-17T03:10:23+00:00","og_image":[{"width":776,"height":776,"url":"https:\/\/www.swissraft.ch\/wp-content\/uploads\/2023\/12\/3-TECNAM-P2002-776x776-1.jpg","type":"image\/jpeg"}],"twitter_card":"summary_large_image","twitter_misc":{"Gesch\u00e4tzte Lesezeit":"1\u00a0Minute"},"schema":{"@context":"https:\/\/schema.org","@graph":[{"@type":"WebPage","@id":"https:\/\/www.swissraft.ch\/de\/produkt\/schnupperflug-flugzeug-epagny-tecnam-p2002\/","url":"https:\/\/www.swissraft.ch\/de\/produkt\/schnupperflug-flugzeug-epagny-tecnam-p2002\/","name":"Schnupperflug mit Tecnam P2002 ab \u00c9pagny, ein super Flugzeug","isPartOf":{"@id":"https:\/\/www.swissraft.ch\/de\/#website"},"primaryImageOfPage":{"@id":"https:\/\/www.swissraft.ch\/de\/produkt\/schnupperflug-flugzeug-epagny-tecnam-p2002\/#primaryimage"},"image":{"@id":"https:\/\/www.swissraft.ch\/de\/produkt\/schnupperflug-flugzeug-epagny-tecnam-p2002\/#primaryimage"},"thumbnailUrl":"https:\/\/www.swissraft.ch\/wp-content\/uploads\/2023\/12\/3-TECNAM-P2002-776x776-1.jpg","datePublished":"2023-12-02T17:20:16+00:00","dateModified":"2024-12-17T03:10:23+00:00","description":"Schnupperflug mit Tecnam P2002 ab \u00c9pagny, ein UltraleichtFlugzeug mit bemerkenswerten Leistungen. Es wird Ihnen viel Spa\u00df machen","breadcrumb":{"@id":"https:\/\/www.swissraft.ch\/de\/produkt\/schnupperflug-flugzeug-epagny-tecnam-p2002\/#breadcrumb"},"inLanguage":"de","potentialAction":[{"@type":"ReadAction","target":["https:\/\/www.swissraft.ch\/de\/produkt\/schnupperflug-flugzeug-epagny-tecnam-p2002\/"]}]},{"@type":"ImageObject","inLanguage":"de","@id":"https:\/\/www.swissraft.ch\/de\/produkt\/schnupperflug-flugzeug-epagny-tecnam-p2002\/#primaryimage","url":"https:\/\/www.swissraft.ch\/wp-content\/uploads\/2023\/12\/3-TECNAM-P2002-776x776-1.jpg","contentUrl":"https:\/\/www.swissraft.ch\/wp-content\/uploads\/2023\/12\/3-TECNAM-P2002-776x776-1.jpg","width":776,"height":776,"caption":"Tecnam P2002 f\u00fcr eine Einf\u00fchrung in das Fliegen eines Flugzeugs von \u00c9pagny aus"},{"@type":"BreadcrumbList","@id":"https:\/\/www.swissraft.ch\/de\/produkt\/schnupperflug-flugzeug-epagny-tecnam-p2002\/#breadcrumb","itemListElement":[{"@type":"ListItem","position":1,"name":"Accueil","item":"https:\/\/www.swissraft.ch\/de\/"},{"@type":"ListItem","position":2,"name":"Shop","item":"https:\/\/www.swissraft.ch\/de\/shop\/"},{"@type":"ListItem","position":3,"name":"Schnupperflug mit einem Flugzeug ab \u00c9PAGNY &#8211; TECNAM P2002 &#8211; CHF 199.00"}]},{"@type":"WebSite","@id":"https:\/\/www.swissraft.ch\/de\/#website","url":"https:\/\/www.swissraft.ch\/de\/","name":"Swissraft","description":"To enjoy nature as it is","publisher":{"@id":"https:\/\/www.swissraft.ch\/de\/#organization"},"potentialAction":[{"@type":"SearchAction","target":{"@type":"EntryPoint","urlTemplate":"https:\/\/www.swissraft.ch\/de\/?s={search_term_string}"},"query-input":{"@type":"PropertyValueSpecification","valueRequired":true,"valueName":"search_term_string"}}],"inLanguage":"de"},{"@type":"Organization","@id":"https:\/\/www.swissraft.ch\/de\/#organization","name":"Swissraft","url":"https:\/\/www.swissraft.ch\/de\/","logo":{"@type":"ImageObject","inLanguage":"de","@id":"https:\/\/www.swissraft.ch\/de\/#\/schema\/logo\/image\/","url":"https:\/\/www.swissraft.ch\/wp-content\/uploads\/2025\/09\/Capture.jpg","contentUrl":"https:\/\/www.swissraft.ch\/wp-content\/uploads\/2025\/09\/Capture.jpg","width":293,"height":108,"caption":"Swissraft"},"image":{"@id":"https:\/\/www.swissraft.ch\/de\/#\/schema\/logo\/image\/"}}]}},"_links":{"self":[{"href":"https:\/\/www.swissraft.ch\/de\/wp-json\/wp\/v2\/product\/91345","targetHints":{"allow":["GET"]}}],"collection":[{"href":"https:\/\/www.swissraft.ch\/de\/wp-json\/wp\/v2\/product"}],"about":[{"href":"https:\/\/www.swissraft.ch\/de\/wp-json\/wp\/v2\/types\/product"}],"replies":[{"embeddable":true,"href":"https:\/\/www.swissraft.ch\/de\/wp-json\/wp\/v2\/comments?post=91345"}],"version-history":[{"count":0,"href":"https:\/\/www.swissraft.ch\/de\/wp-json\/wp\/v2\/product\/91345\/revisions"}],"wp:featuredmedia":[{"embeddable":true,"href":"https:\/\/www.swissraft.ch\/de\/wp-json\/wp\/v2\/media\/88900"}],"wp:attachment":[{"href":"https:\/\/www.swissraft.ch\/de\/wp-json\/wp\/v2\/media?parent=91345"}],"wp:term":[{"taxonomy":"product_cat","embeddable":true,"href":"https:\/\/www.swissraft.ch\/de\/wp-json\/wp\/v2\/product_cat?post=91345"},{"taxonomy":"product_tag","embeddable":true,"href":"https:\/\/www.swissraft.ch\/de\/wp-json\/wp\/v2\/product_tag?post=91345"}],"curies":[{"name":"wp","href":"https:\/\/api.w.org\/{rel}","templated":true}]}}