{"id":91341,"date":"2023-12-02T18:18:26","date_gmt":"2023-12-02T17:18:26","guid":{"rendered":"https:\/\/swissraft.xyanzkdne.eu\/product\/einfuehrung-in-das-flugzeug-ab-epagny-piper-pa18-cub-chf-199-00\/"},"modified":"2026-05-02T22:21:57","modified_gmt":"2026-05-02T20:21:57","slug":"schnupperflug-flugzeug-piper-epagny","status":"publish","type":"product","link":"https:\/\/www.swissraft.ch\/de\/produkt\/schnupperflug-flugzeug-piper-epagny\/","title":{"rendered":"Schnupperflug &#8211; Flugzeug &#8211; \u00c9pagny &#8211; Piper PA18-Cub &#8211; CHF 199.00"},"content":{"rendered":"\t\t<div data-elementor-type=\"wp-post\" data-elementor-id=\"91341\" class=\"elementor elementor-91341 elementor-53735\">\n\t\t\t\t\t\t\t\t\t<section class=\"elementor-section elementor-top-section elementor-element elementor-element-3303a7e3 elementor-section-boxed elementor-section-height-default elementor-section-height-default\" data-id=\"3303a7e3\" data-element_type=\"section\">\n\t\t\t\t\t\t<div class=\"elementor-container elementor-column-gap-default\">\n\t\t\t\t\t<div class=\"elementor-column elementor-col-100 elementor-top-column elementor-element elementor-element-16d72dbf\" data-id=\"16d72dbf\" data-element_type=\"column\">\n\t\t\t<div class=\"elementor-widget-wrap elementor-element-populated\">\n\t\t\t\t\t\t\t\t<div class=\"elementor-element elementor-element-d743c03 elementor-widget elementor-widget-text-editor\" data-id=\"d743c03\" data-element_type=\"widget\" data-widget_type=\"text-editor.default\">\n\t\t\t\t<div class=\"elementor-widget-container\">\n\t\t\t\t\t\t\t<h2>W\u00c4HLEN SIE UNTEN IHRE AKTIVIT\u00c4T AUS, UM GESCHENKGUTSCHEINE \/ TICKETS ZU VERSCHENKEN ODER ZU BUCHEN<\/h2><table border=\"0\" width=\"580\" cellspacing=\"10\" cellpadding=\"10\"><tbody><tr><td width=\"50%\"><strong>SCHNUPPERFLUG &#8211; PIPER &#8211; 1 SCH\u00dcLER &#8211; 40 Min.<\/strong><\/td><td><strong>CHF 199.00 pro Flug<span class=\"productPrice\"><br \/><\/span><\/strong><\/td><\/tr><tr><td>Zus\u00e4tzliche Informationen<\/td><td>&#8211; Das Flugzeug steht Ihnen exklusiv zur Verf\u00fcgung<br \/>&#8211;<span class=\"patt\"> Sie bestimmen das Datum und die Uhrzeit des Abflugs<br \/>&#8211; Maximum 1 Pers.<\/span><\/td><\/tr><tr><td>Flugplatz<\/td><td><a href=\"https:\/\/www.google.com\/maps\/place\/46%C2%B035'44.0%22N+7%C2%B005'36.3%22E\/@46.5958455,7.0846888,1551m\/data=!3m1!1e3!4m4!3m3!8m2!3d46.5955556!4d7.0934167?entry=ttu\" target=\"_blank\" rel=\"noopener\">\u00c9pagny<\/a><\/td><\/tr><tr><td>Flugzeit<\/td><td>40 Min.<\/td><\/tr><tr><td>Gesamtdauer<\/td><td>ca. 1:15 Std.<\/td><\/tr><tr><td>Termin<\/td><td>Per Telefon<\/td><\/tr><tr><td><button class=\"elementor-button\" type=\"button\"><a href=\"https:\/\/swissraft.outdoorbooking.ch\/fo\/products\/1695?base_id=252&amp;category_id=4&amp;order_type=gift_voucher&amp;lang=de\" target=\"_blank\" rel=\"noopener\">GUTSCHEIN \/ TICKET KAUFEN<\/a><\/button><\/td><td><strong><em>WICHTIG !<\/em><\/strong><br \/><em>Um zu reservieren, rufen Sie die Nummer an, die sich oben links auf dem Gutschein \/ Ticket befindet.<\/em><\/td><\/tr><\/tbody><\/table>\t\t\t\t\t\t<\/div>\n\t\t\t\t<\/div>\n\t\t\t\t\t<\/div>\n\t\t<\/div>\n\t\t\t\t\t\t\t<\/div>\n\t\t<\/section>\n\t\t\t\t\t\t\t<\/div>\n\t\t","protected":false},"excerpt":{"rendered":"<div align=\"justify\">\n<h2 align=\"justify\">Ab Flugplatz \u00c9pagny im Greyerzerland k\u00f6nnen Sie ohne weitere Formalit\u00e4ten eine Schnupperflug mit der PIPER PA18 CUB erhalten.<\/h2>\n<h3>Die PIPER PA18 CUB hat das Privileg, zu den Oldtimer der 50er Jahre zu geh\u00f6ren. Trotz seines hohen Alters bleibt es ein sehr sicheres und einfach zu fliegendes Flugzeug.<\/h3>\n<\/div>\n<div align=\"justify\">\n<p>Werden Sie Teil der Gemeinschaft und der gro\u00dfen Familie der Piloten. F\u00fcr diese Einf\u00fchrung in das Fliegen eines Flugzeugs ben\u00f6tigen Sie keine Vorkenntnisse. Unter den wachsamen Augen Ihres Fluglehrers \u00fcbernehmen Sie sofort die Kontrolle im vorderen Teil des Flugzeugs. Erf\u00fcllen Sie sich den Traum vieler Menschen, einmal Pilot eines Flugzeugs zu sein.<\/p>\n<h3>Swissraft mit seinen Piloten, die Flugzeuge, Segelflugzeuge und Helikopter ausbilden, bietet Ihnen eine gro\u00dfe Anzahl von Flugzeugen f\u00fcr eine Einf\u00fchrung an.<\/h3>\n<p id=\"textarea\" style=\"display: none;\">\nWir bieten Schnupperfl\u00fcge mit dem Flugzeug vom Flughafen Bern-Belp an. Au\u00dferdem werden Einf\u00fchrungsfl\u00fcge vom Flugplatz Buttwil im Kanton Aargau aus angeboten. Swissraft bietet auch Schnupperfl\u00fcge mit Segelflugzeugen auf dem Flugplatz Sch\u00e4nis im Kanton St. Gallen an.\n<\/p>\n<p><a id=\"seeMore\" onclick=\"toggleSeeMore()\" href=\"javascript:void(0);\">Lesen Sie mehr<\/a><\/p>\n","protected":false},"featured_media":88639,"comment_status":"open","ping_status":"closed","template":"","meta":{"inline_featured_image":false,"_mi_skip_tracking":false},"product_cat":[264,267,266],"product_tag":[],"class_list":["post-91341","product","type-product","status-publish","has-post-thumbnail","hentry","product_cat-schnupperflug-flugzeug","product_cat-flugzeug-epagny","product_cat-schnupperflug-in-der-schweiz-selbst-fliegen"],"yoast_head":"<!-- This site is optimized with the Yoast SEO plugin v23.6 - https:\/\/yoast.com\/wordpress\/plugins\/seo\/ -->\n<title>Schnupperflug mit der Piper von \u00c9pagny aus ein Oldtimer-Flugzeug<\/title>\n<meta name=\"description\" content=\"Schnupperflug mit der Piper von \u00c9pagny aus, einem Oldtimer-Flugzeug aus den 50er Jahren. Sie fliegen in Begleitung eines Fluglehrers\" \/>\n<meta name=\"robots\" content=\"index, follow, max-snippet:-1, max-image-preview:large, max-video-preview:-1\" \/>\n<link rel=\"canonical\" href=\"https:\/\/www.swissraft.ch\/de\/produkt\/schnupperflug-flugzeug-piper-epagny\/\" \/>\n<meta property=\"og:locale\" content=\"de_DE\" \/>\n<meta property=\"og:type\" content=\"article\" \/>\n<meta property=\"og:title\" content=\"Schnupperflug mit der Piper von \u00c9pagny aus ein Oldtimer-Flugzeug\" \/>\n<meta property=\"og:description\" content=\"Schnupperflug mit der Piper von \u00c9pagny aus, einem Oldtimer-Flugzeug aus den 50er Jahren. Sie fliegen in Begleitung eines Fluglehrers\" \/>\n<meta property=\"og:url\" content=\"https:\/\/www.swissraft.ch\/de\/produkt\/schnupperflug-flugzeug-piper-epagny\/\" \/>\n<meta property=\"og:site_name\" content=\"Swissraft\" \/>\n<meta property=\"article:modified_time\" content=\"2026-05-02T20:21:57+00:00\" \/>\n<meta property=\"og:image\" content=\"https:\/\/www.swissraft.ch\/wp-content\/uploads\/2023\/01\/2-PIPER-PA18-CUB-776x776-1.jpg\" \/>\n\t<meta property=\"og:image:width\" content=\"776\" \/>\n\t<meta property=\"og:image:height\" content=\"776\" \/>\n\t<meta property=\"og:image:type\" content=\"image\/jpeg\" \/>\n<meta name=\"twitter:card\" content=\"summary_large_image\" \/>\n<meta name=\"twitter:label1\" content=\"Gesch\u00e4tzte Lesezeit\" \/>\n\t<meta name=\"twitter:data1\" content=\"1\u00a0Minute\" \/>\n<script type=\"application\/ld+json\" class=\"yoast-schema-graph\">{\"@context\":\"https:\/\/schema.org\",\"@graph\":[{\"@type\":\"WebPage\",\"@id\":\"https:\/\/www.swissraft.ch\/de\/produkt\/schnupperflug-flugzeug-piper-epagny\/\",\"url\":\"https:\/\/www.swissraft.ch\/de\/produkt\/schnupperflug-flugzeug-piper-epagny\/\",\"name\":\"Schnupperflug mit der Piper von \u00c9pagny aus ein Oldtimer-Flugzeug\",\"isPartOf\":{\"@id\":\"https:\/\/www.swissraft.ch\/de\/#website\"},\"primaryImageOfPage\":{\"@id\":\"https:\/\/www.swissraft.ch\/de\/produkt\/schnupperflug-flugzeug-piper-epagny\/#primaryimage\"},\"image\":{\"@id\":\"https:\/\/www.swissraft.ch\/de\/produkt\/schnupperflug-flugzeug-piper-epagny\/#primaryimage\"},\"thumbnailUrl\":\"https:\/\/www.swissraft.ch\/wp-content\/uploads\/2023\/01\/2-PIPER-PA18-CUB-776x776-1.jpg\",\"datePublished\":\"2023-12-02T17:18:26+00:00\",\"dateModified\":\"2026-05-02T20:21:57+00:00\",\"description\":\"Schnupperflug mit der Piper von \u00c9pagny aus, einem Oldtimer-Flugzeug aus den 50er Jahren. Sie fliegen in Begleitung eines Fluglehrers\",\"breadcrumb\":{\"@id\":\"https:\/\/www.swissraft.ch\/de\/produkt\/schnupperflug-flugzeug-piper-epagny\/#breadcrumb\"},\"inLanguage\":\"de\",\"potentialAction\":[{\"@type\":\"ReadAction\",\"target\":[\"https:\/\/www.swissraft.ch\/de\/produkt\/schnupperflug-flugzeug-piper-epagny\/\"]}]},{\"@type\":\"ImageObject\",\"inLanguage\":\"de\",\"@id\":\"https:\/\/www.swissraft.ch\/de\/produkt\/schnupperflug-flugzeug-piper-epagny\/#primaryimage\",\"url\":\"https:\/\/www.swissraft.ch\/wp-content\/uploads\/2023\/01\/2-PIPER-PA18-CUB-776x776-1.jpg\",\"contentUrl\":\"https:\/\/www.swissraft.ch\/wp-content\/uploads\/2023\/01\/2-PIPER-PA18-CUB-776x776-1.jpg\",\"width\":776,\"height\":776,\"caption\":\"Schnupperflug mit der Piper von \u00c9pagny aus\"},{\"@type\":\"BreadcrumbList\",\"@id\":\"https:\/\/www.swissraft.ch\/de\/produkt\/schnupperflug-flugzeug-piper-epagny\/#breadcrumb\",\"itemListElement\":[{\"@type\":\"ListItem\",\"position\":1,\"name\":\"Accueil\",\"item\":\"https:\/\/www.swissraft.ch\/de\/\"},{\"@type\":\"ListItem\",\"position\":2,\"name\":\"Shop\",\"item\":\"https:\/\/www.swissraft.ch\/de\/shop\/\"},{\"@type\":\"ListItem\",\"position\":3,\"name\":\"Schnupperflug &#8211; Flugzeug &#8211; \u00c9pagny &#8211; Piper PA18-Cub &#8211; CHF 199.00\"}]},{\"@type\":\"WebSite\",\"@id\":\"https:\/\/www.swissraft.ch\/de\/#website\",\"url\":\"https:\/\/www.swissraft.ch\/de\/\",\"name\":\"Swissraft\",\"description\":\"To enjoy nature as it is\",\"publisher\":{\"@id\":\"https:\/\/www.swissraft.ch\/de\/#organization\"},\"potentialAction\":[{\"@type\":\"SearchAction\",\"target\":{\"@type\":\"EntryPoint\",\"urlTemplate\":\"https:\/\/www.swissraft.ch\/de\/?s={search_term_string}\"},\"query-input\":{\"@type\":\"PropertyValueSpecification\",\"valueRequired\":true,\"valueName\":\"search_term_string\"}}],\"inLanguage\":\"de\"},{\"@type\":\"Organization\",\"@id\":\"https:\/\/www.swissraft.ch\/de\/#organization\",\"name\":\"Swissraft\",\"url\":\"https:\/\/www.swissraft.ch\/de\/\",\"logo\":{\"@type\":\"ImageObject\",\"inLanguage\":\"de\",\"@id\":\"https:\/\/www.swissraft.ch\/de\/#\/schema\/logo\/image\/\",\"url\":\"https:\/\/www.swissraft.ch\/wp-content\/uploads\/2025\/09\/Capture.jpg\",\"contentUrl\":\"https:\/\/www.swissraft.ch\/wp-content\/uploads\/2025\/09\/Capture.jpg\",\"width\":293,\"height\":108,\"caption\":\"Swissraft\"},\"image\":{\"@id\":\"https:\/\/www.swissraft.ch\/de\/#\/schema\/logo\/image\/\"}}]}<\/script>\n<!-- \/ Yoast SEO plugin. -->","yoast_head_json":{"title":"Schnupperflug mit der Piper von \u00c9pagny aus ein Oldtimer-Flugzeug","description":"Schnupperflug mit der Piper von \u00c9pagny aus, einem Oldtimer-Flugzeug aus den 50er Jahren. Sie fliegen in Begleitung eines Fluglehrers","robots":{"index":"index","follow":"follow","max-snippet":"max-snippet:-1","max-image-preview":"max-image-preview:large","max-video-preview":"max-video-preview:-1"},"canonical":"https:\/\/www.swissraft.ch\/de\/produkt\/schnupperflug-flugzeug-piper-epagny\/","og_locale":"de_DE","og_type":"article","og_title":"Schnupperflug mit der Piper von \u00c9pagny aus ein Oldtimer-Flugzeug","og_description":"Schnupperflug mit der Piper von \u00c9pagny aus, einem Oldtimer-Flugzeug aus den 50er Jahren. Sie fliegen in Begleitung eines Fluglehrers","og_url":"https:\/\/www.swissraft.ch\/de\/produkt\/schnupperflug-flugzeug-piper-epagny\/","og_site_name":"Swissraft","article_modified_time":"2026-05-02T20:21:57+00:00","og_image":[{"width":776,"height":776,"url":"https:\/\/www.swissraft.ch\/wp-content\/uploads\/2023\/01\/2-PIPER-PA18-CUB-776x776-1.jpg","type":"image\/jpeg"}],"twitter_card":"summary_large_image","twitter_misc":{"Gesch\u00e4tzte Lesezeit":"1\u00a0Minute"},"schema":{"@context":"https:\/\/schema.org","@graph":[{"@type":"WebPage","@id":"https:\/\/www.swissraft.ch\/de\/produkt\/schnupperflug-flugzeug-piper-epagny\/","url":"https:\/\/www.swissraft.ch\/de\/produkt\/schnupperflug-flugzeug-piper-epagny\/","name":"Schnupperflug mit der Piper von \u00c9pagny aus ein Oldtimer-Flugzeug","isPartOf":{"@id":"https:\/\/www.swissraft.ch\/de\/#website"},"primaryImageOfPage":{"@id":"https:\/\/www.swissraft.ch\/de\/produkt\/schnupperflug-flugzeug-piper-epagny\/#primaryimage"},"image":{"@id":"https:\/\/www.swissraft.ch\/de\/produkt\/schnupperflug-flugzeug-piper-epagny\/#primaryimage"},"thumbnailUrl":"https:\/\/www.swissraft.ch\/wp-content\/uploads\/2023\/01\/2-PIPER-PA18-CUB-776x776-1.jpg","datePublished":"2023-12-02T17:18:26+00:00","dateModified":"2026-05-02T20:21:57+00:00","description":"Schnupperflug mit der Piper von \u00c9pagny aus, einem Oldtimer-Flugzeug aus den 50er Jahren. Sie fliegen in Begleitung eines Fluglehrers","breadcrumb":{"@id":"https:\/\/www.swissraft.ch\/de\/produkt\/schnupperflug-flugzeug-piper-epagny\/#breadcrumb"},"inLanguage":"de","potentialAction":[{"@type":"ReadAction","target":["https:\/\/www.swissraft.ch\/de\/produkt\/schnupperflug-flugzeug-piper-epagny\/"]}]},{"@type":"ImageObject","inLanguage":"de","@id":"https:\/\/www.swissraft.ch\/de\/produkt\/schnupperflug-flugzeug-piper-epagny\/#primaryimage","url":"https:\/\/www.swissraft.ch\/wp-content\/uploads\/2023\/01\/2-PIPER-PA18-CUB-776x776-1.jpg","contentUrl":"https:\/\/www.swissraft.ch\/wp-content\/uploads\/2023\/01\/2-PIPER-PA18-CUB-776x776-1.jpg","width":776,"height":776,"caption":"Schnupperflug mit der Piper von \u00c9pagny aus"},{"@type":"BreadcrumbList","@id":"https:\/\/www.swissraft.ch\/de\/produkt\/schnupperflug-flugzeug-piper-epagny\/#breadcrumb","itemListElement":[{"@type":"ListItem","position":1,"name":"Accueil","item":"https:\/\/www.swissraft.ch\/de\/"},{"@type":"ListItem","position":2,"name":"Shop","item":"https:\/\/www.swissraft.ch\/de\/shop\/"},{"@type":"ListItem","position":3,"name":"Schnupperflug &#8211; Flugzeug &#8211; \u00c9pagny &#8211; Piper PA18-Cub &#8211; CHF 199.00"}]},{"@type":"WebSite","@id":"https:\/\/www.swissraft.ch\/de\/#website","url":"https:\/\/www.swissraft.ch\/de\/","name":"Swissraft","description":"To enjoy nature as it is","publisher":{"@id":"https:\/\/www.swissraft.ch\/de\/#organization"},"potentialAction":[{"@type":"SearchAction","target":{"@type":"EntryPoint","urlTemplate":"https:\/\/www.swissraft.ch\/de\/?s={search_term_string}"},"query-input":{"@type":"PropertyValueSpecification","valueRequired":true,"valueName":"search_term_string"}}],"inLanguage":"de"},{"@type":"Organization","@id":"https:\/\/www.swissraft.ch\/de\/#organization","name":"Swissraft","url":"https:\/\/www.swissraft.ch\/de\/","logo":{"@type":"ImageObject","inLanguage":"de","@id":"https:\/\/www.swissraft.ch\/de\/#\/schema\/logo\/image\/","url":"https:\/\/www.swissraft.ch\/wp-content\/uploads\/2025\/09\/Capture.jpg","contentUrl":"https:\/\/www.swissraft.ch\/wp-content\/uploads\/2025\/09\/Capture.jpg","width":293,"height":108,"caption":"Swissraft"},"image":{"@id":"https:\/\/www.swissraft.ch\/de\/#\/schema\/logo\/image\/"}}]}},"_links":{"self":[{"href":"https:\/\/www.swissraft.ch\/de\/wp-json\/wp\/v2\/product\/91341","targetHints":{"allow":["GET"]}}],"collection":[{"href":"https:\/\/www.swissraft.ch\/de\/wp-json\/wp\/v2\/product"}],"about":[{"href":"https:\/\/www.swissraft.ch\/de\/wp-json\/wp\/v2\/types\/product"}],"replies":[{"embeddable":true,"href":"https:\/\/www.swissraft.ch\/de\/wp-json\/wp\/v2\/comments?post=91341"}],"version-history":[{"count":20,"href":"https:\/\/www.swissraft.ch\/de\/wp-json\/wp\/v2\/product\/91341\/revisions"}],"predecessor-version":[{"id":143160,"href":"https:\/\/www.swissraft.ch\/de\/wp-json\/wp\/v2\/product\/91341\/revisions\/143160"}],"wp:featuredmedia":[{"embeddable":true,"href":"https:\/\/www.swissraft.ch\/de\/wp-json\/wp\/v2\/media\/88639"}],"wp:attachment":[{"href":"https:\/\/www.swissraft.ch\/de\/wp-json\/wp\/v2\/media?parent=91341"}],"wp:term":[{"taxonomy":"product_cat","embeddable":true,"href":"https:\/\/www.swissraft.ch\/de\/wp-json\/wp\/v2\/product_cat?post=91341"},{"taxonomy":"product_tag","embeddable":true,"href":"https:\/\/www.swissraft.ch\/de\/wp-json\/wp\/v2\/product_tag?post=91341"}],"curies":[{"name":"wp","href":"https:\/\/api.w.org\/{rel}","templated":true}]}}