{"id":91338,"date":"2023-11-22T18:20:06","date_gmt":"2023-11-22T17:20:06","guid":{"rendered":"https:\/\/swissraft.xyanzkdne.eu\/product\/flug-mit-dem-flugzeug-von-schaenis-le-saentis-30-min-chf-170-00\/"},"modified":"2026-04-28T05:58:07","modified_gmt":"2026-04-28T03:58:07","slug":"flug-flugzeug-schaenis-rundflug-saentis","status":"publish","type":"product","link":"https:\/\/www.swissraft.ch\/de\/produkt\/flug-flugzeug-schaenis-rundflug-saentis\/","title":{"rendered":"Flug mit dem Flugzeug &#8211; Sch\u00e4nis &#8211; Der S\u00e4ntis &#8211; 30 Min. &#8211; CHF 170.00"},"content":{"rendered":"\t\t<div data-elementor-type=\"wp-post\" data-elementor-id=\"91338\" class=\"elementor elementor-91338 elementor-52872\">\n\t\t\t\t\t\t\t\t\t<section class=\"elementor-section elementor-top-section elementor-element elementor-element-3303a7e3 elementor-section-boxed elementor-section-height-default elementor-section-height-default\" data-id=\"3303a7e3\" data-element_type=\"section\">\n\t\t\t\t\t\t<div class=\"elementor-container elementor-column-gap-default\">\n\t\t\t\t\t<div class=\"elementor-column elementor-col-100 elementor-top-column elementor-element elementor-element-16d72dbf\" data-id=\"16d72dbf\" data-element_type=\"column\">\n\t\t\t<div class=\"elementor-widget-wrap elementor-element-populated\">\n\t\t\t\t\t\t\t\t<div class=\"elementor-element elementor-element-d743c03 elementor-widget elementor-widget-text-editor\" data-id=\"d743c03\" data-element_type=\"widget\" data-widget_type=\"text-editor.default\">\n\t\t\t\t<div class=\"elementor-widget-container\">\n\t\t\t\t\t\t\t<h2>W\u00c4HLEN SIE UNTEN IHRE AKTIVIT\u00c4T AUS, UM GESCHENKGUTSCHEINE \/ TICKETS ZU VERSCHENKEN ODER ZU BUCHEN.<\/h2><table border=\"0\" width=\"580\" cellspacing=\"10\" cellpadding=\"10\"><tbody><tr><td width=\"50%\"><strong>RUNDFLUG &#8211; DER S\u00c4NTIS &#8211; PRIVATFLUG (1 Pers.) &#8211; 30 Min.<\/strong><\/td><td><strong>CHF 170.00 pro Privatflug <span class=\"productPrice\"><br \/><\/span><\/strong><\/td><\/tr><tr><td>Zus\u00e4tzliche Informationen<\/td><td><span class=\"patt\">&#8211; Sie haben das Flugzeug ausschlie\u00dflich f\u00fcr sich<br \/>&#8211; Sie bestimmen das Datum und die Uhrzeit des Abflugs<br \/><\/span><span class=\"patt\">&#8211; Maximum 1 Pers.<\/span><\/td><\/tr><tr><td>Flugplatz<\/td><td><a href=\"https:\/\/www.google.com\/maps\/place\/47%C2%B010'17.6%22N+9%C2%B002'28.0%22E\/@47.172222,9.0233044,3069m\/data=!3m1!1e3!4m4!3m3!8m2!3d47.1715556!4d9.0411111?entry=ttu\" target=\"_blank\" rel=\"noopener\">Sch\u00e4nis<\/a><\/td><\/tr><tr><td>Flugzeit<\/td><td>30 Min.<\/td><\/tr><tr><td>Gesamtdauer<\/td><td>ca. 1 Std.<\/td><\/tr><tr><td>Termin<\/td><td>Per Telefon<\/td><\/tr><tr><td><button class=\"elementor-button\" type=\"button\"><a href=\"https:\/\/swissraft.outdoorbooking.ch\/fo\/products\/2007?base_id=28&amp;category_id=4&amp;order_type=gift_voucher&amp;lang=de\" target=\"_blank\" rel=\"noopener\">GUTSCHEIN \/ TICKET KAUFEN<\/a><\/button><\/td><td><strong><em>WICHTIG !<\/em><\/strong><br \/><em>Um zu reservieren, rufen Sie die Nummer an, die sich oben links auf dem Gutschein \/ Ticket befindet.<\/em><\/td><\/tr><\/tbody><\/table>\t\t\t\t\t\t<\/div>\n\t\t\t\t<\/div>\n\t\t\t\t\t<\/div>\n\t\t<\/div>\n\t\t\t\t\t\t\t<\/div>\n\t\t<\/section>\n\t\t\t\t\t\t\t<\/div>\n\t\t","protected":false},"excerpt":{"rendered":"<div align=\"justify\">\n<h2 align=\"justify\">Sie starten von Sch\u00e4nis zu einem 30-min\u00fctigen Flug zum S\u00e4ntis.<\/h2>\n<h3>Sie fliegen \u00fcber das Alpsteinmassiv mit dem S\u00e4ntis als h\u00f6chstem Gipfel.<\/h3>\n<\/div>\n<div align=\"justify\">\n<p>Vom Flugplatz Sch\u00e4nis aus starten Sie in Richtung Osten. Der S\u00e4ntis ist Teil des Alpsteins, der zu den Appenzeller Voralpen geh\u00f6rt und von drei Kantonen geteilt wird. Sie umrunden ihn und in dieser H\u00f6he haben Sie einen fantastischen Blick nach Norden \u00fcber den Bodensee. Aber auch \u00fcber Vorarlberg, Liechtenstein und die \u00f6sterreichischen Alpen. Auch weiter s\u00fcdlich haben Sie einen Blick \u00fcber die B\u00fcndner Alpen bis hin zum Bernina und Italien. In westlicher Richtung haben Sie an klaren Tagen einen Blick \u00fcber das Mittelland bis zum Jura. Im Nordwesten haben Sie einen Blick auf den Schwarzwald und die Vogesen mit ihren ber\u00fchmten Tannenw\u00e4ldern. Dieser 30-min\u00fctige Flug ist wegen der Vielfalt der Panoramen, die w\u00e4hrend des Fluges vorbeiziehen, sehr beliebt. Danach fahren Sie wieder Richtung Sch\u00e4nis, wo Sie sich auf dem Flugplatz ausruhen k\u00f6nnen.<\/p>\n<h3>Nehmen Sie sich einen Moment Zeit, um unsere Website zu besuchen, auf der wir mehr als 35 Rundfl\u00fcge \u00fcber die Schweiz anbieten.<\/h3>\n<p id=\"textarea\" style=\"display: none;\">\nWir bieten auch Rundfl\u00fcge vom internationalen Flughafen Bern-Belp an. Au\u00dferdem starten wir vom Flugplatz Biel aus zu Fl\u00fcgen in die 3-Seen-Region. Dar\u00fcber hinaus bieten wir Fl\u00fcge mit dem Flugzeug von Grenchen im Kanton Solothurn an. Aber auch Fl\u00fcge vom Flugplatz Buttwil in Aargau. Au\u00dferdem starten wir auch vom Flugplatz \u00c9pagny im Greyerzerland.\n<\/p>\n<p><a id=\"seeMore\" onclick=\"toggleSeeMore()\" href=\"javascript:void(0);\">Lesen Sie mehr<\/a><\/p>\n","protected":false},"featured_media":88546,"comment_status":"open","ping_status":"closed","template":"","meta":{"inline_featured_image":false,"_mi_skip_tracking":false},"product_cat":[293,310],"product_tag":[],"class_list":["post-91338","product","type-product","status-publish","has-post-thumbnail","hentry","product_cat-flug-in-der-schweiz","product_cat-flug-flugzeug-rundflug-schaenis"],"yoast_head":"<!-- This site is optimized with the Yoast SEO plugin v23.6 - https:\/\/yoast.com\/wordpress\/plugins\/seo\/ -->\n<title>Rundflug der Saentis von Schaenis aus f\u00fcr einen 60-min\u00fctigen Flug<\/title>\n<meta name=\"description\" content=\"Rundflug der Saentis ab Sch\u00e4nis f\u00fcr einen 60-min\u00fctigen Flug mit einer fantastischen Aussicht vom Bodensee bis zu den Vogesen in Frankreich\" \/>\n<meta name=\"robots\" content=\"index, follow, max-snippet:-1, max-image-preview:large, max-video-preview:-1\" \/>\n<link rel=\"canonical\" href=\"https:\/\/www.swissraft.ch\/de\/produkt\/flug-flugzeug-schaenis-rundflug-saentis\/\" \/>\n<meta property=\"og:locale\" content=\"de_DE\" \/>\n<meta property=\"og:type\" content=\"article\" \/>\n<meta property=\"og:title\" content=\"Rundflug der Saentis von Schaenis aus f\u00fcr einen 60-min\u00fctigen Flug\" \/>\n<meta property=\"og:description\" content=\"Rundflug der Saentis ab Sch\u00e4nis f\u00fcr einen 60-min\u00fctigen Flug mit einer fantastischen Aussicht vom Bodensee bis zu den Vogesen in Frankreich\" \/>\n<meta property=\"og:url\" content=\"https:\/\/www.swissraft.ch\/de\/produkt\/flug-flugzeug-schaenis-rundflug-saentis\/\" \/>\n<meta property=\"og:site_name\" content=\"Swissraft\" \/>\n<meta property=\"article:modified_time\" content=\"2026-04-28T03:58:07+00:00\" \/>\n<meta property=\"og:image\" content=\"https:\/\/www.swissraft.ch\/wp-content\/uploads\/2023\/11\/4-Santis-776x776-1.jpg\" \/>\n\t<meta property=\"og:image:width\" content=\"776\" \/>\n\t<meta property=\"og:image:height\" content=\"776\" \/>\n\t<meta property=\"og:image:type\" content=\"image\/jpeg\" \/>\n<meta name=\"twitter:card\" content=\"summary_large_image\" \/>\n<meta name=\"twitter:label1\" content=\"Gesch\u00e4tzte Lesezeit\" \/>\n\t<meta name=\"twitter:data1\" content=\"1\u00a0Minute\" \/>\n<script type=\"application\/ld+json\" class=\"yoast-schema-graph\">{\"@context\":\"https:\/\/schema.org\",\"@graph\":[{\"@type\":\"WebPage\",\"@id\":\"https:\/\/www.swissraft.ch\/de\/produkt\/flug-flugzeug-schaenis-rundflug-saentis\/\",\"url\":\"https:\/\/www.swissraft.ch\/de\/produkt\/flug-flugzeug-schaenis-rundflug-saentis\/\",\"name\":\"Rundflug der Saentis von Schaenis aus f\u00fcr einen 60-min\u00fctigen Flug\",\"isPartOf\":{\"@id\":\"https:\/\/www.swissraft.ch\/de\/#website\"},\"primaryImageOfPage\":{\"@id\":\"https:\/\/www.swissraft.ch\/de\/produkt\/flug-flugzeug-schaenis-rundflug-saentis\/#primaryimage\"},\"image\":{\"@id\":\"https:\/\/www.swissraft.ch\/de\/produkt\/flug-flugzeug-schaenis-rundflug-saentis\/#primaryimage\"},\"thumbnailUrl\":\"https:\/\/www.swissraft.ch\/wp-content\/uploads\/2023\/11\/4-Santis-776x776-1.jpg\",\"datePublished\":\"2023-11-22T17:20:06+00:00\",\"dateModified\":\"2026-04-28T03:58:07+00:00\",\"description\":\"Rundflug der Saentis ab Sch\u00e4nis f\u00fcr einen 60-min\u00fctigen Flug mit einer fantastischen Aussicht vom Bodensee bis zu den Vogesen in Frankreich\",\"breadcrumb\":{\"@id\":\"https:\/\/www.swissraft.ch\/de\/produkt\/flug-flugzeug-schaenis-rundflug-saentis\/#breadcrumb\"},\"inLanguage\":\"de\",\"potentialAction\":[{\"@type\":\"ReadAction\",\"target\":[\"https:\/\/www.swissraft.ch\/de\/produkt\/flug-flugzeug-schaenis-rundflug-saentis\/\"]}]},{\"@type\":\"ImageObject\",\"inLanguage\":\"de\",\"@id\":\"https:\/\/www.swissraft.ch\/de\/produkt\/flug-flugzeug-schaenis-rundflug-saentis\/#primaryimage\",\"url\":\"https:\/\/www.swissraft.ch\/wp-content\/uploads\/2023\/11\/4-Santis-776x776-1.jpg\",\"contentUrl\":\"https:\/\/www.swissraft.ch\/wp-content\/uploads\/2023\/11\/4-Santis-776x776-1.jpg\",\"width\":776,\"height\":776,\"caption\":\"Rundflug der Saentis von Sch\u00e4nis aus.\"},{\"@type\":\"BreadcrumbList\",\"@id\":\"https:\/\/www.swissraft.ch\/de\/produkt\/flug-flugzeug-schaenis-rundflug-saentis\/#breadcrumb\",\"itemListElement\":[{\"@type\":\"ListItem\",\"position\":1,\"name\":\"Accueil\",\"item\":\"https:\/\/www.swissraft.ch\/de\/\"},{\"@type\":\"ListItem\",\"position\":2,\"name\":\"Shop\",\"item\":\"https:\/\/www.swissraft.ch\/de\/shop\/\"},{\"@type\":\"ListItem\",\"position\":3,\"name\":\"Flug mit dem Flugzeug &#8211; Sch\u00e4nis &#8211; Der S\u00e4ntis &#8211; 30 Min. &#8211; CHF 170.00\"}]},{\"@type\":\"WebSite\",\"@id\":\"https:\/\/www.swissraft.ch\/de\/#website\",\"url\":\"https:\/\/www.swissraft.ch\/de\/\",\"name\":\"Swissraft\",\"description\":\"To enjoy nature as it is\",\"publisher\":{\"@id\":\"https:\/\/www.swissraft.ch\/de\/#organization\"},\"potentialAction\":[{\"@type\":\"SearchAction\",\"target\":{\"@type\":\"EntryPoint\",\"urlTemplate\":\"https:\/\/www.swissraft.ch\/de\/?s={search_term_string}\"},\"query-input\":{\"@type\":\"PropertyValueSpecification\",\"valueRequired\":true,\"valueName\":\"search_term_string\"}}],\"inLanguage\":\"de\"},{\"@type\":\"Organization\",\"@id\":\"https:\/\/www.swissraft.ch\/de\/#organization\",\"name\":\"Swissraft\",\"url\":\"https:\/\/www.swissraft.ch\/de\/\",\"logo\":{\"@type\":\"ImageObject\",\"inLanguage\":\"de\",\"@id\":\"https:\/\/www.swissraft.ch\/de\/#\/schema\/logo\/image\/\",\"url\":\"https:\/\/www.swissraft.ch\/wp-content\/uploads\/2025\/09\/Capture.jpg\",\"contentUrl\":\"https:\/\/www.swissraft.ch\/wp-content\/uploads\/2025\/09\/Capture.jpg\",\"width\":293,\"height\":108,\"caption\":\"Swissraft\"},\"image\":{\"@id\":\"https:\/\/www.swissraft.ch\/de\/#\/schema\/logo\/image\/\"}}]}<\/script>\n<!-- \/ Yoast SEO plugin. -->","yoast_head_json":{"title":"Rundflug der Saentis von Schaenis aus f\u00fcr einen 60-min\u00fctigen Flug","description":"Rundflug der Saentis ab Sch\u00e4nis f\u00fcr einen 60-min\u00fctigen Flug mit einer fantastischen Aussicht vom Bodensee bis zu den Vogesen in Frankreich","robots":{"index":"index","follow":"follow","max-snippet":"max-snippet:-1","max-image-preview":"max-image-preview:large","max-video-preview":"max-video-preview:-1"},"canonical":"https:\/\/www.swissraft.ch\/de\/produkt\/flug-flugzeug-schaenis-rundflug-saentis\/","og_locale":"de_DE","og_type":"article","og_title":"Rundflug der Saentis von Schaenis aus f\u00fcr einen 60-min\u00fctigen Flug","og_description":"Rundflug der Saentis ab Sch\u00e4nis f\u00fcr einen 60-min\u00fctigen Flug mit einer fantastischen Aussicht vom Bodensee bis zu den Vogesen in Frankreich","og_url":"https:\/\/www.swissraft.ch\/de\/produkt\/flug-flugzeug-schaenis-rundflug-saentis\/","og_site_name":"Swissraft","article_modified_time":"2026-04-28T03:58:07+00:00","og_image":[{"width":776,"height":776,"url":"https:\/\/www.swissraft.ch\/wp-content\/uploads\/2023\/11\/4-Santis-776x776-1.jpg","type":"image\/jpeg"}],"twitter_card":"summary_large_image","twitter_misc":{"Gesch\u00e4tzte Lesezeit":"1\u00a0Minute"},"schema":{"@context":"https:\/\/schema.org","@graph":[{"@type":"WebPage","@id":"https:\/\/www.swissraft.ch\/de\/produkt\/flug-flugzeug-schaenis-rundflug-saentis\/","url":"https:\/\/www.swissraft.ch\/de\/produkt\/flug-flugzeug-schaenis-rundflug-saentis\/","name":"Rundflug der Saentis von Schaenis aus f\u00fcr einen 60-min\u00fctigen Flug","isPartOf":{"@id":"https:\/\/www.swissraft.ch\/de\/#website"},"primaryImageOfPage":{"@id":"https:\/\/www.swissraft.ch\/de\/produkt\/flug-flugzeug-schaenis-rundflug-saentis\/#primaryimage"},"image":{"@id":"https:\/\/www.swissraft.ch\/de\/produkt\/flug-flugzeug-schaenis-rundflug-saentis\/#primaryimage"},"thumbnailUrl":"https:\/\/www.swissraft.ch\/wp-content\/uploads\/2023\/11\/4-Santis-776x776-1.jpg","datePublished":"2023-11-22T17:20:06+00:00","dateModified":"2026-04-28T03:58:07+00:00","description":"Rundflug der Saentis ab Sch\u00e4nis f\u00fcr einen 60-min\u00fctigen Flug mit einer fantastischen Aussicht vom Bodensee bis zu den Vogesen in Frankreich","breadcrumb":{"@id":"https:\/\/www.swissraft.ch\/de\/produkt\/flug-flugzeug-schaenis-rundflug-saentis\/#breadcrumb"},"inLanguage":"de","potentialAction":[{"@type":"ReadAction","target":["https:\/\/www.swissraft.ch\/de\/produkt\/flug-flugzeug-schaenis-rundflug-saentis\/"]}]},{"@type":"ImageObject","inLanguage":"de","@id":"https:\/\/www.swissraft.ch\/de\/produkt\/flug-flugzeug-schaenis-rundflug-saentis\/#primaryimage","url":"https:\/\/www.swissraft.ch\/wp-content\/uploads\/2023\/11\/4-Santis-776x776-1.jpg","contentUrl":"https:\/\/www.swissraft.ch\/wp-content\/uploads\/2023\/11\/4-Santis-776x776-1.jpg","width":776,"height":776,"caption":"Rundflug der Saentis von Sch\u00e4nis aus."},{"@type":"BreadcrumbList","@id":"https:\/\/www.swissraft.ch\/de\/produkt\/flug-flugzeug-schaenis-rundflug-saentis\/#breadcrumb","itemListElement":[{"@type":"ListItem","position":1,"name":"Accueil","item":"https:\/\/www.swissraft.ch\/de\/"},{"@type":"ListItem","position":2,"name":"Shop","item":"https:\/\/www.swissraft.ch\/de\/shop\/"},{"@type":"ListItem","position":3,"name":"Flug mit dem Flugzeug &#8211; Sch\u00e4nis &#8211; Der S\u00e4ntis &#8211; 30 Min. &#8211; CHF 170.00"}]},{"@type":"WebSite","@id":"https:\/\/www.swissraft.ch\/de\/#website","url":"https:\/\/www.swissraft.ch\/de\/","name":"Swissraft","description":"To enjoy nature as it is","publisher":{"@id":"https:\/\/www.swissraft.ch\/de\/#organization"},"potentialAction":[{"@type":"SearchAction","target":{"@type":"EntryPoint","urlTemplate":"https:\/\/www.swissraft.ch\/de\/?s={search_term_string}"},"query-input":{"@type":"PropertyValueSpecification","valueRequired":true,"valueName":"search_term_string"}}],"inLanguage":"de"},{"@type":"Organization","@id":"https:\/\/www.swissraft.ch\/de\/#organization","name":"Swissraft","url":"https:\/\/www.swissraft.ch\/de\/","logo":{"@type":"ImageObject","inLanguage":"de","@id":"https:\/\/www.swissraft.ch\/de\/#\/schema\/logo\/image\/","url":"https:\/\/www.swissraft.ch\/wp-content\/uploads\/2025\/09\/Capture.jpg","contentUrl":"https:\/\/www.swissraft.ch\/wp-content\/uploads\/2025\/09\/Capture.jpg","width":293,"height":108,"caption":"Swissraft"},"image":{"@id":"https:\/\/www.swissraft.ch\/de\/#\/schema\/logo\/image\/"}}]}},"_links":{"self":[{"href":"https:\/\/www.swissraft.ch\/de\/wp-json\/wp\/v2\/product\/91338","targetHints":{"allow":["GET"]}}],"collection":[{"href":"https:\/\/www.swissraft.ch\/de\/wp-json\/wp\/v2\/product"}],"about":[{"href":"https:\/\/www.swissraft.ch\/de\/wp-json\/wp\/v2\/types\/product"}],"replies":[{"embeddable":true,"href":"https:\/\/www.swissraft.ch\/de\/wp-json\/wp\/v2\/comments?post=91338"}],"version-history":[{"count":18,"href":"https:\/\/www.swissraft.ch\/de\/wp-json\/wp\/v2\/product\/91338\/revisions"}],"predecessor-version":[{"id":142838,"href":"https:\/\/www.swissraft.ch\/de\/wp-json\/wp\/v2\/product\/91338\/revisions\/142838"}],"wp:featuredmedia":[{"embeddable":true,"href":"https:\/\/www.swissraft.ch\/de\/wp-json\/wp\/v2\/media\/88546"}],"wp:attachment":[{"href":"https:\/\/www.swissraft.ch\/de\/wp-json\/wp\/v2\/media?parent=91338"}],"wp:term":[{"taxonomy":"product_cat","embeddable":true,"href":"https:\/\/www.swissraft.ch\/de\/wp-json\/wp\/v2\/product_cat?post=91338"},{"taxonomy":"product_tag","embeddable":true,"href":"https:\/\/www.swissraft.ch\/de\/wp-json\/wp\/v2\/product_tag?post=91338"}],"curies":[{"name":"wp","href":"https:\/\/api.w.org\/{rel}","templated":true}]}}